{"id":7788,"date":"2013-11-11T09:22:56","date_gmt":"2013-11-11T09:22:56","guid":{"rendered":"http:\/\/www.rozaje.me\/?page_id=7788"},"modified":"2022-08-22T11:07:28","modified_gmt":"2022-08-22T10:07:28","slug":"radio-rozaje","status":"publish","type":"page","link":"https:\/\/www.rozaje.me\/en\/radio-rozaje\/","title":{"rendered":"RTR \u2013 Radio Television Ro\u017eaje"},"content":{"rendered":"<p><span style=\"color: #003366;\"><a class=\"button small default\"><span style=\"color: #003366;\">Director: acting D\u017eenana Ku\u010d<br \/>\nAddress: Mar\u0161ala Tita bb, 84310 Ro\u017eaje<br \/>\nPhone\/FAX: +382 (0)51 273 795, 273 796;<br \/>\nE-mail: radiorozaje@gmail.com<br \/>\nFrequency: 101.40 MHz; 104.40 MHz, 107.40 MHz<\/span><\/a><\/span><\/p>\n<p style=\"text-align: justify;\">The program orientation of this institution is to objectively inform the public about political, cultural, sports and all other events that are of interest to the citizens of Ro\u017eaj.<\/p>\n<p style=\"text-align: justify;\">Radio Ro\u017eaje broadcasts a 24-hour program of its own production.<\/p>\n<p style=\"text-align: justify;\"><strong><span id=\"ctl00_ctl00_content_interactiveData_LabelLegalDocumentName\">The decision to establish a limited liability company Local public broadcaster &quot;Radio Ro\u017eaje&quot; was published in\u00a0<\/span>&quot;Official Gazette of Montenegro - Municipal regulations, number 16\/2013&quot; dated 29.5.2013. year<\/strong><\/p>\n<p>You can see the founding decision: <a href=\"http:\/\/www.rozaje.me\/wp-content\/uploads\/2013\/11\/Odluka_o_osnivanju_dru\u0161tva_sa_ograni\u010denom_odgovorno\u0161\u0107u_Lokalni_javni_emiter_\u201cRadio_Ro\u017eaje\u201d.pdf\">Decision_on_the_establishment_of_a_limited_liability_company_Local_public_broadcaster_&quot;Radio_Ro\u017eaje&quot;<\/a><\/p>\n<p>You can see the decision on the appointment of the Council:\u00a0<a href=\"http:\/\/www.rozaje.me\/wp-content\/uploads\/2013\/11\/Odluka_o_imenovanju_Savjeta_DOO_Lok-alni_javni_emiter_Radio_Ro\u00c5\u00beaje.pdf\">Decision_o_name_of_Savjeta_DOO_Lok alni_javni_emiter_Radio_Ro\u00c5\u00beaje<\/a><\/p>","protected":false},"excerpt":{"rendered":"<p>Direktor:\u00a0 v.d. D\u017eenana Ku\u010d Adresa: Mar\u0161ala Tita bb, 84310 Ro\u017eaje Telefon\/FAX: +382 (0)51 273 795, 273 796; E-mail: radiorozaje@gmail.com Frekvencija: 101,40 MHz; 104,40 MHz, 107,40&#46;&#46;&#46;<\/p>","protected":false},"author":11,"featured_media":0,"parent":0,"menu_order":0,"comment_status":"open","ping_status":"open","template":"","meta":{"_monsterinsights_skip_tracking":false,"_monsterinsights_sitenote_active":false,"_monsterinsights_sitenote_note":"","_monsterinsights_sitenote_category":0,"footnotes":""},"class_list":["post-7788","page","type-page","status-publish","hentry"],"yoast_head":"<!-- This site is optimized with the Yoast SEO plugin v27.2 - https:\/\/yoast.com\/product\/yoast-seo-wordpress\/ -->\n<title>RTR - Radio televizija Ro\u017eaje - Op\u0161tina Ro\u017eaje<\/title>\n<meta name=\"robots\" content=\"index, follow, max-snippet:-1, max-image-preview:large, max-video-preview:-1\" \/>\n<link rel=\"canonical\" href=\"https:\/\/www.rozaje.me\/en\/radio-rozaje\/\" \/>\n<meta property=\"og:locale\" content=\"en_GB\" \/>\n<meta property=\"og:type\" content=\"article\" \/>\n<meta property=\"og:title\" content=\"RTR - Radio televizija Ro\u017eaje - Op\u0161tina Ro\u017eaje\" \/>\n<meta property=\"og:description\" content=\"Direktor:\u00a0 v.d. D\u017eenana Ku\u010d Adresa: Mar\u0161ala Tita bb, 84310 Ro\u017eaje Telefon\/FAX: +382 (0)51 273 795, 273 796; E-mail: radiorozaje@gmail.com Frekvencija: 101,40 MHz; 104,40 MHz, 107,40&#046;&#046;&#046;\" \/>\n<meta property=\"og:url\" content=\"https:\/\/www.rozaje.me\/en\/radio-rozaje\/\" \/>\n<meta property=\"og:site_name\" content=\"Op\u0161tina Ro\u017eaje\" \/>\n<meta property=\"article:publisher\" content=\"https:\/\/www.facebook.com\/OpstinaRozajeOfficial\/\" \/>\n<meta property=\"article:modified_time\" content=\"2022-08-22T10:07:28+00:00\" \/>\n<meta name=\"twitter:card\" content=\"summary_large_image\" \/>\n<meta name=\"twitter:label1\" content=\"Estimated reading time\" \/>\n\t<meta name=\"twitter:data1\" content=\"1 minute\" \/>\n<script type=\"application\/ld+json\" class=\"yoast-schema-graph\">{\"@context\":\"https:\/\/schema.org\",\"@graph\":[{\"@type\":\"WebPage\",\"@id\":\"https:\/\/www.rozaje.me\/radio-rozaje\/\",\"url\":\"https:\/\/www.rozaje.me\/radio-rozaje\/\",\"name\":\"RTR - Radio televizija Ro\u017eaje - Op\u0161tina Ro\u017eaje\",\"isPartOf\":{\"@id\":\"https:\/\/www.rozaje.me\/#website\"},\"datePublished\":\"2013-11-11T09:22:56+00:00\",\"dateModified\":\"2022-08-22T10:07:28+00:00\",\"breadcrumb\":{\"@id\":\"https:\/\/www.rozaje.me\/radio-rozaje\/#breadcrumb\"},\"inLanguage\":\"en-GB\",\"potentialAction\":[{\"@type\":\"ReadAction\",\"target\":[\"https:\/\/www.rozaje.me\/radio-rozaje\/\"]}]},{\"@type\":\"BreadcrumbList\",\"@id\":\"https:\/\/www.rozaje.me\/radio-rozaje\/#breadcrumb\",\"itemListElement\":[{\"@type\":\"ListItem\",\"position\":1,\"name\":\"Home\",\"item\":\"https:\/\/www.rozaje.me\/\"},{\"@type\":\"ListItem\",\"position\":2,\"name\":\"RTR &#8211; Radio televizija Ro\u017eaje\"}]},{\"@type\":\"WebSite\",\"@id\":\"https:\/\/www.rozaje.me\/#website\",\"url\":\"https:\/\/www.rozaje.me\/\",\"name\":\"Op\u0161tina Ro\u017eaje\",\"description\":\"Zvani\u010dna veb stranica Op\u0161tine Ro\u017eaje\",\"publisher\":{\"@id\":\"https:\/\/www.rozaje.me\/#organization\"},\"alternateName\":\"Opstina Rozaje\",\"potentialAction\":[{\"@type\":\"SearchAction\",\"target\":{\"@type\":\"EntryPoint\",\"urlTemplate\":\"https:\/\/www.rozaje.me\/?s={search_term_string}\"},\"query-input\":{\"@type\":\"PropertyValueSpecification\",\"valueRequired\":true,\"valueName\":\"search_term_string\"}}],\"inLanguage\":\"en-GB\"},{\"@type\":\"Organization\",\"@id\":\"https:\/\/www.rozaje.me\/#organization\",\"name\":\"Opstina Rozaje\",\"url\":\"https:\/\/www.rozaje.me\/\",\"logo\":{\"@type\":\"ImageObject\",\"inLanguage\":\"en-GB\",\"@id\":\"https:\/\/www.rozaje.me\/#\/schema\/logo\/image\/\",\"url\":\"https:\/\/www.rozaje.me\/wp-content\/uploads\/2022\/08\/logo-textless.svg\",\"contentUrl\":\"https:\/\/www.rozaje.me\/wp-content\/uploads\/2022\/08\/logo-textless.svg\",\"width\":108.00360000000000582076609134674072265625,\"height\":131.15059999999999718056642450392246246337890625,\"caption\":\"Opstina Rozaje\"},\"image\":{\"@id\":\"https:\/\/www.rozaje.me\/#\/schema\/logo\/image\/\"},\"sameAs\":[\"https:\/\/www.facebook.com\/OpstinaRozajeOfficial\/\",\"https:\/\/www.youtube.com\/channel\/UCepcislHIwc6KRZTLa6FIlg\"]}]}<\/script>\n<!-- \/ Yoast SEO plugin. -->","yoast_head_json":{"title":"RTR - Radio televizija Ro\u017eaje - Op\u0161tina Ro\u017eaje","robots":{"index":"index","follow":"follow","max-snippet":"max-snippet:-1","max-image-preview":"max-image-preview:large","max-video-preview":"max-video-preview:-1"},"canonical":"https:\/\/www.rozaje.me\/en\/radio-rozaje\/","og_locale":"en_GB","og_type":"article","og_title":"RTR - Radio televizija Ro\u017eaje - Op\u0161tina Ro\u017eaje","og_description":"Direktor:\u00a0 v.d. D\u017eenana Ku\u010d Adresa: Mar\u0161ala Tita bb, 84310 Ro\u017eaje Telefon\/FAX: +382 (0)51 273 795, 273 796; E-mail: radiorozaje@gmail.com Frekvencija: 101,40 MHz; 104,40 MHz, 107,40&#46;&#46;&#46;","og_url":"https:\/\/www.rozaje.me\/en\/radio-rozaje\/","og_site_name":"Op\u0161tina Ro\u017eaje","article_publisher":"https:\/\/www.facebook.com\/OpstinaRozajeOfficial\/","article_modified_time":"2022-08-22T10:07:28+00:00","twitter_card":"summary_large_image","twitter_misc":{"Estimated reading time":"1 minute"},"schema":{"@context":"https:\/\/schema.org","@graph":[{"@type":"WebPage","@id":"https:\/\/www.rozaje.me\/radio-rozaje\/","url":"https:\/\/www.rozaje.me\/radio-rozaje\/","name":"RTR - Radio televizija Ro\u017eaje - Op\u0161tina Ro\u017eaje","isPartOf":{"@id":"https:\/\/www.rozaje.me\/#website"},"datePublished":"2013-11-11T09:22:56+00:00","dateModified":"2022-08-22T10:07:28+00:00","breadcrumb":{"@id":"https:\/\/www.rozaje.me\/radio-rozaje\/#breadcrumb"},"inLanguage":"en-GB","potentialAction":[{"@type":"ReadAction","target":["https:\/\/www.rozaje.me\/radio-rozaje\/"]}]},{"@type":"BreadcrumbList","@id":"https:\/\/www.rozaje.me\/radio-rozaje\/#breadcrumb","itemListElement":[{"@type":"ListItem","position":1,"name":"Home","item":"https:\/\/www.rozaje.me\/"},{"@type":"ListItem","position":2,"name":"RTR &#8211; Radio televizija Ro\u017eaje"}]},{"@type":"WebSite","@id":"https:\/\/www.rozaje.me\/#website","url":"https:\/\/www.rozaje.me\/","name":"Municipality of Ro\u017eaje","description":"The official website of the Municipality of Ro\u017eaje","publisher":{"@id":"https:\/\/www.rozaje.me\/#organization"},"alternateName":"Opstina Rozaje","potentialAction":[{"@type":"SearchAction","target":{"@type":"EntryPoint","urlTemplate":"https:\/\/www.rozaje.me\/?s={search_term_string}"},"query-input":{"@type":"PropertyValueSpecification","valueRequired":true,"valueName":"search_term_string"}}],"inLanguage":"en-GB"},{"@type":"Organization","@id":"https:\/\/www.rozaje.me\/#organization","name":"Opstina Rozaje","url":"https:\/\/www.rozaje.me\/","logo":{"@type":"ImageObject","inLanguage":"en-GB","@id":"https:\/\/www.rozaje.me\/#\/schema\/logo\/image\/","url":"https:\/\/www.rozaje.me\/wp-content\/uploads\/2022\/08\/logo-textless.svg","contentUrl":"https:\/\/www.rozaje.me\/wp-content\/uploads\/2022\/08\/logo-textless.svg","width":108.00360000000000582076609134674072265625,"height":131.15059999999999718056642450392246246337890625,"caption":"Opstina Rozaje"},"image":{"@id":"https:\/\/www.rozaje.me\/#\/schema\/logo\/image\/"},"sameAs":["https:\/\/www.facebook.com\/OpstinaRozajeOfficial\/","https:\/\/www.youtube.com\/channel\/UCepcislHIwc6KRZTLa6FIlg"]}]}},"_links":{"self":[{"href":"https:\/\/www.rozaje.me\/en\/wp-json\/wp\/v2\/pages\/7788","targetHints":{"allow":["GET"]}}],"collection":[{"href":"https:\/\/www.rozaje.me\/en\/wp-json\/wp\/v2\/pages"}],"about":[{"href":"https:\/\/www.rozaje.me\/en\/wp-json\/wp\/v2\/types\/page"}],"author":[{"embeddable":true,"href":"https:\/\/www.rozaje.me\/en\/wp-json\/wp\/v2\/users\/11"}],"replies":[{"embeddable":true,"href":"https:\/\/www.rozaje.me\/en\/wp-json\/wp\/v2\/comments?post=7788"}],"version-history":[{"count":0,"href":"https:\/\/www.rozaje.me\/en\/wp-json\/wp\/v2\/pages\/7788\/revisions"}],"wp:attachment":[{"href":"https:\/\/www.rozaje.me\/en\/wp-json\/wp\/v2\/media?parent=7788"}],"curies":[{"name":"wp","href":"https:\/\/api.w.org\/{rel}","templated":true}]}}