{"id":7784,"date":"2013-11-11T09:18:33","date_gmt":"2013-11-11T09:18:33","guid":{"rendered":"http:\/\/www.rozaje.me\/?page_id=7784"},"modified":"2022-02-25T11:27:30","modified_gmt":"2022-02-25T10:27:30","slug":"sluzba-za-unutrasnju-reviziju","status":"publish","type":"page","link":"https:\/\/www.rozaje.me\/en\/sluzba-za-unutrasnju-reviziju\/","title":{"rendered":"Internal Audit Service"},"content":{"rendered":"<p><span style=\"color: #003366;\"><a class=\"button small default\"><strong>Head of Service: <\/strong><br \/>\nAddress: street: &quot;M.Tita&quot; bb, 84 310 Ro\u017eaje;<br \/>\nPhone: 051; Mobile:<br \/>\n<\/a><\/span><\/p>\n<p><strong>The Internal Audit Service performs internal audit tasks related to:<\/strong><\/p>\n<p>- operational planning, organization and performance of internal audit of all business functions within the jurisdiction of the Municipality, in accordance with the International Standards of Internal Audit and the Code of Ethics of Internal Auditors, with the aim of improving operations;<\/p>\n<p>- assessment of the financial risk management system;<\/p>\n<p>- preparing an internal audit report to be submitted to the President of the Municipality;<\/p>\n<p>- conducting a special audit at the request of the President of the municipality and conducting an audit of the use of European Union funds;<\/p>\n<p>- monitoring the implementation of the recommendations given in the reports from previously performed audits;<\/p>\n<p>- providing advice and expert opinions when new systems and procedures are introduced;<\/p>\n<p>- preparation of strategic and operational plans and work programs that are the basis for the implementation of the internal audit function, as well as monitoring their execution;<\/p>\n<p>- preparation of periodic and annual reports on the work of the internal audit;<\/p>\n<p>- cooperation with the Unit for central harmonization of financial management and control and internal audit in the public sector, which includes the obligation to submit an annual report;<\/p>\n<p>- cooperation with the State Audit Institution, international and domestic professional institutions and associations;<\/p>\n<p>- monitoring and proposing the education of internal auditors in accordance with international standards of internal auditing;<\/p>\n<p>- monitoring the implementation of the recommendations of the State Audit Institution, performing other tasks in accordance with the law.<\/p>","protected":false},"excerpt":{"rendered":"<p>Na\u010delnik Slu\u017ebe: Adresa: ul: &#8220;M.Tita&#8221; bb, 84 310 Ro\u017eaje; Tel: 051; Mob: Slu\u017eba za unutra\u0161nju reviziju vr\u0161i poslove unutra\u0161nje revizije koji se odnose na: &#8211;&#46;&#46;&#46;<\/p>","protected":false},"author":11,"featured_media":0,"parent":0,"menu_order":0,"comment_status":"open","ping_status":"open","template":"","meta":{"_monsterinsights_skip_tracking":false,"_monsterinsights_sitenote_active":false,"_monsterinsights_sitenote_note":"","_monsterinsights_sitenote_category":0,"footnotes":""},"class_list":["post-7784","page","type-page","status-publish","hentry"],"yoast_head":"<!-- This site is optimized with the Yoast SEO plugin v27.2 - https:\/\/yoast.com\/product\/yoast-seo-wordpress\/ -->\n<title>Slu\u017eba za unutra\u0161nju reviziju - Op\u0161tina Ro\u017eaje<\/title>\n<meta name=\"robots\" content=\"index, follow, max-snippet:-1, max-image-preview:large, max-video-preview:-1\" \/>\n<link rel=\"canonical\" href=\"https:\/\/www.rozaje.me\/en\/sluzba-za-unutrasnju-reviziju\/\" \/>\n<meta property=\"og:locale\" content=\"en_GB\" \/>\n<meta property=\"og:type\" content=\"article\" \/>\n<meta property=\"og:title\" content=\"Slu\u017eba za unutra\u0161nju reviziju - Op\u0161tina Ro\u017eaje\" \/>\n<meta property=\"og:description\" content=\"Na\u010delnik Slu\u017ebe: Adresa: ul: &#8220;M.Tita&#8221; bb, 84 310 Ro\u017eaje; Tel: 051; Mob: Slu\u017eba za unutra\u0161nju reviziju vr\u0161i poslove unutra\u0161nje revizije koji se odnose na: &#8211;&#046;&#046;&#046;\" \/>\n<meta property=\"og:url\" content=\"https:\/\/www.rozaje.me\/en\/sluzba-za-unutrasnju-reviziju\/\" \/>\n<meta property=\"og:site_name\" content=\"Op\u0161tina Ro\u017eaje\" \/>\n<meta property=\"article:publisher\" content=\"https:\/\/www.facebook.com\/OpstinaRozajeOfficial\/\" \/>\n<meta property=\"article:modified_time\" content=\"2022-02-25T10:27:30+00:00\" \/>\n<meta name=\"twitter:card\" content=\"summary_large_image\" \/>\n<meta name=\"twitter:label1\" content=\"Estimated reading time\" \/>\n\t<meta name=\"twitter:data1\" content=\"2 minutes\" \/>\n<script type=\"application\/ld+json\" class=\"yoast-schema-graph\">{\"@context\":\"https:\/\/schema.org\",\"@graph\":[{\"@type\":\"WebPage\",\"@id\":\"https:\/\/www.rozaje.me\/sluzba-za-unutrasnju-reviziju\/\",\"url\":\"https:\/\/www.rozaje.me\/sluzba-za-unutrasnju-reviziju\/\",\"name\":\"Slu\u017eba za unutra\u0161nju reviziju - Op\u0161tina Ro\u017eaje\",\"isPartOf\":{\"@id\":\"https:\/\/www.rozaje.me\/#website\"},\"datePublished\":\"2013-11-11T09:18:33+00:00\",\"dateModified\":\"2022-02-25T10:27:30+00:00\",\"breadcrumb\":{\"@id\":\"https:\/\/www.rozaje.me\/sluzba-za-unutrasnju-reviziju\/#breadcrumb\"},\"inLanguage\":\"en-GB\",\"potentialAction\":[{\"@type\":\"ReadAction\",\"target\":[\"https:\/\/www.rozaje.me\/sluzba-za-unutrasnju-reviziju\/\"]}]},{\"@type\":\"BreadcrumbList\",\"@id\":\"https:\/\/www.rozaje.me\/sluzba-za-unutrasnju-reviziju\/#breadcrumb\",\"itemListElement\":[{\"@type\":\"ListItem\",\"position\":1,\"name\":\"Home\",\"item\":\"https:\/\/www.rozaje.me\/\"},{\"@type\":\"ListItem\",\"position\":2,\"name\":\"Slu\u017eba za unutra\u0161nju reviziju\"}]},{\"@type\":\"WebSite\",\"@id\":\"https:\/\/www.rozaje.me\/#website\",\"url\":\"https:\/\/www.rozaje.me\/\",\"name\":\"Op\u0161tina Ro\u017eaje\",\"description\":\"Zvani\u010dna veb stranica Op\u0161tine Ro\u017eaje\",\"publisher\":{\"@id\":\"https:\/\/www.rozaje.me\/#organization\"},\"alternateName\":\"Opstina Rozaje\",\"potentialAction\":[{\"@type\":\"SearchAction\",\"target\":{\"@type\":\"EntryPoint\",\"urlTemplate\":\"https:\/\/www.rozaje.me\/?s={search_term_string}\"},\"query-input\":{\"@type\":\"PropertyValueSpecification\",\"valueRequired\":true,\"valueName\":\"search_term_string\"}}],\"inLanguage\":\"en-GB\"},{\"@type\":\"Organization\",\"@id\":\"https:\/\/www.rozaje.me\/#organization\",\"name\":\"Opstina Rozaje\",\"url\":\"https:\/\/www.rozaje.me\/\",\"logo\":{\"@type\":\"ImageObject\",\"inLanguage\":\"en-GB\",\"@id\":\"https:\/\/www.rozaje.me\/#\/schema\/logo\/image\/\",\"url\":\"https:\/\/www.rozaje.me\/wp-content\/uploads\/2022\/08\/logo-textless.svg\",\"contentUrl\":\"https:\/\/www.rozaje.me\/wp-content\/uploads\/2022\/08\/logo-textless.svg\",\"width\":108.00360000000000582076609134674072265625,\"height\":131.15059999999999718056642450392246246337890625,\"caption\":\"Opstina Rozaje\"},\"image\":{\"@id\":\"https:\/\/www.rozaje.me\/#\/schema\/logo\/image\/\"},\"sameAs\":[\"https:\/\/www.facebook.com\/OpstinaRozajeOfficial\/\",\"https:\/\/www.youtube.com\/channel\/UCepcislHIwc6KRZTLa6FIlg\"]}]}<\/script>\n<!-- \/ Yoast SEO plugin. -->","yoast_head_json":{"title":"Slu\u017eba za unutra\u0161nju reviziju - Op\u0161tina Ro\u017eaje","robots":{"index":"index","follow":"follow","max-snippet":"max-snippet:-1","max-image-preview":"max-image-preview:large","max-video-preview":"max-video-preview:-1"},"canonical":"https:\/\/www.rozaje.me\/en\/sluzba-za-unutrasnju-reviziju\/","og_locale":"en_GB","og_type":"article","og_title":"Slu\u017eba za unutra\u0161nju reviziju - Op\u0161tina Ro\u017eaje","og_description":"Na\u010delnik Slu\u017ebe: Adresa: ul: &#8220;M.Tita&#8221; bb, 84 310 Ro\u017eaje; Tel: 051; Mob: Slu\u017eba za unutra\u0161nju reviziju vr\u0161i poslove unutra\u0161nje revizije koji se odnose na: &#8211;&#46;&#46;&#46;","og_url":"https:\/\/www.rozaje.me\/en\/sluzba-za-unutrasnju-reviziju\/","og_site_name":"Op\u0161tina Ro\u017eaje","article_publisher":"https:\/\/www.facebook.com\/OpstinaRozajeOfficial\/","article_modified_time":"2022-02-25T10:27:30+00:00","twitter_card":"summary_large_image","twitter_misc":{"Estimated reading time":"2 minutes"},"schema":{"@context":"https:\/\/schema.org","@graph":[{"@type":"WebPage","@id":"https:\/\/www.rozaje.me\/sluzba-za-unutrasnju-reviziju\/","url":"https:\/\/www.rozaje.me\/sluzba-za-unutrasnju-reviziju\/","name":"Slu\u017eba za unutra\u0161nju reviziju - Op\u0161tina Ro\u017eaje","isPartOf":{"@id":"https:\/\/www.rozaje.me\/#website"},"datePublished":"2013-11-11T09:18:33+00:00","dateModified":"2022-02-25T10:27:30+00:00","breadcrumb":{"@id":"https:\/\/www.rozaje.me\/sluzba-za-unutrasnju-reviziju\/#breadcrumb"},"inLanguage":"en-GB","potentialAction":[{"@type":"ReadAction","target":["https:\/\/www.rozaje.me\/sluzba-za-unutrasnju-reviziju\/"]}]},{"@type":"BreadcrumbList","@id":"https:\/\/www.rozaje.me\/sluzba-za-unutrasnju-reviziju\/#breadcrumb","itemListElement":[{"@type":"ListItem","position":1,"name":"Home","item":"https:\/\/www.rozaje.me\/"},{"@type":"ListItem","position":2,"name":"Slu\u017eba za unutra\u0161nju reviziju"}]},{"@type":"WebSite","@id":"https:\/\/www.rozaje.me\/#website","url":"https:\/\/www.rozaje.me\/","name":"Municipality of Ro\u017eaje","description":"The official website of the Municipality of Ro\u017eaje","publisher":{"@id":"https:\/\/www.rozaje.me\/#organization"},"alternateName":"Opstina Rozaje","potentialAction":[{"@type":"SearchAction","target":{"@type":"EntryPoint","urlTemplate":"https:\/\/www.rozaje.me\/?s={search_term_string}"},"query-input":{"@type":"PropertyValueSpecification","valueRequired":true,"valueName":"search_term_string"}}],"inLanguage":"en-GB"},{"@type":"Organization","@id":"https:\/\/www.rozaje.me\/#organization","name":"Opstina Rozaje","url":"https:\/\/www.rozaje.me\/","logo":{"@type":"ImageObject","inLanguage":"en-GB","@id":"https:\/\/www.rozaje.me\/#\/schema\/logo\/image\/","url":"https:\/\/www.rozaje.me\/wp-content\/uploads\/2022\/08\/logo-textless.svg","contentUrl":"https:\/\/www.rozaje.me\/wp-content\/uploads\/2022\/08\/logo-textless.svg","width":108.00360000000000582076609134674072265625,"height":131.15059999999999718056642450392246246337890625,"caption":"Opstina Rozaje"},"image":{"@id":"https:\/\/www.rozaje.me\/#\/schema\/logo\/image\/"},"sameAs":["https:\/\/www.facebook.com\/OpstinaRozajeOfficial\/","https:\/\/www.youtube.com\/channel\/UCepcislHIwc6KRZTLa6FIlg"]}]}},"_links":{"self":[{"href":"https:\/\/www.rozaje.me\/en\/wp-json\/wp\/v2\/pages\/7784","targetHints":{"allow":["GET"]}}],"collection":[{"href":"https:\/\/www.rozaje.me\/en\/wp-json\/wp\/v2\/pages"}],"about":[{"href":"https:\/\/www.rozaje.me\/en\/wp-json\/wp\/v2\/types\/page"}],"author":[{"embeddable":true,"href":"https:\/\/www.rozaje.me\/en\/wp-json\/wp\/v2\/users\/11"}],"replies":[{"embeddable":true,"href":"https:\/\/www.rozaje.me\/en\/wp-json\/wp\/v2\/comments?post=7784"}],"version-history":[{"count":0,"href":"https:\/\/www.rozaje.me\/en\/wp-json\/wp\/v2\/pages\/7784\/revisions"}],"wp:attachment":[{"href":"https:\/\/www.rozaje.me\/en\/wp-json\/wp\/v2\/media?parent=7784"}],"curies":[{"name":"wp","href":"https:\/\/api.w.org\/{rel}","templated":true}]}}