{"id":647,"date":"2012-04-18T20:03:19","date_gmt":"2012-04-18T20:03:19","guid":{"rendered":"http:\/\/www.rozaje.me\/?page_id=647"},"modified":"2026-03-17T14:08:30","modified_gmt":"2026-03-17T13:08:30","slug":"sekretarijat-za-uredenje-prostora-komunalno-stambene-poslove-i-zastitu-zivotne-sredine","status":"publish","type":"page","link":"https:\/\/www.rozaje.me\/en\/sekretarijat-za-uredenje-prostora-komunalno-stambene-poslove-i-zastitu-zivotne-sredine\/","title":{"rendered":"Sekretarijat za planiranje i ure\u0111enje prostora"},"content":{"rendered":"<p><span style=\"color: #003366;\"><a class=\"button small default\"><strong>Sekretar:\u00a0 Elvira \u0160krijelj<\/strong><br \/>\nAdresa: ul: &#8220;M.Tita&#8221; bb, 84 310 Ro\u017eaje;<br \/>\nTel: 051\/271-201; Mob: 068\/ 889 &#8211; 369;<br \/>\ne-mail: urbanizamrozaje@t-com.me;<br \/>\n<\/a><\/span><\/p>\n<hr \/>\n<h6 style=\"text-align: justify;\"><span style=\"color: #000000;\"><strong>Poslovi iz nadle\u017enosti Sekretarijata za ure\u0111enje prostora i za\u0161titu \u017eivotne sredine<br \/>\n<\/strong><\/span><\/h6>\n<ul style=\"text-align: justify;\">\n<li>Primjenjuje i prati realizaciju svih prostornih i urbanisti\u010dkih planova i predla\u017ee mjere i aktivnosti za unapre\u0111enje stanja i o istom priprema izvje\u0161taj za Skup\u0161tinu;<\/li>\n<li>U\u010destvuje u pipremnim poslovima kod pristupanja izrade i prati izradu planske dokumentacije (Prostorni plan op\u0161tine, Detaljni urbanisti\u010dki planovi, Lokalnih studija lokacija, Urbanisti\u010dki projekti&#8230;);<\/li>\n<li>\u010cuva projektnu dokumentaciju i priprema bazu podataka svih faza i vrsta projektne dokumentacije za komunalne i javne objekte, prati realizaciju pojedinih projekata, procjenjuje mogu\u0107nosti realizacije postoje\u0107ih i potrebu izrade novih;<\/li>\n<li>Formira jedinstvenu bazu podataka vo\u0111enjem elektronskih evidencija, evidencija prostorno planske, urbanisti\u010dko \u2013tehni\u010dke gradili\u0161ne i druge dokumentacije, njihovu predaju Op\u0161tinskom arhivu, vodi analogni i elektronski registar u DWG formatu prostorno planske dokumentacije;<\/li>\n<li>Primjenjuje propise i formira baze, primjenjuju\u0107i Zakon o elektronskoj upravi, utvr\u0111uje lokaciju i izra\u0111uje urbanisti\u010dko tehni\u010dke uslove za izgradnju, rekonstrukciju objekata i izvo\u0111enje drugih radova kojima se izazivaju promjene u prostoru;<\/li>\n<li>obavlja poslove koje se odnose na formiranje informacione osnove, odnosno pra\u0107enje, obradu i analiziranje podataka i elemenata koji su neophodni za realizaciju prostornih i urbanisti\u010dkih planova,<\/li>\n<li>kontroli\u0161e tehni\u010dku dokumentaciju sa aspekta uskla\u0111enosti iste iz odobrenih BSA UT odobrene lokacije; odobrava nadgradnju stambenih zgrada i pretvaranje zajedni\u010dkih djelova zgrada u poslovne prostore,<\/li>\n<li>Priprema nacrte odluka iz oblasti urbanizma i gra\u0111evinarstva. Priprema nacrte Programa i Odluka kojima se omogu\u0107ava kori\u0161\u0107enje, unapre\u0111ivanje, odr\u017eavanje i za\u0161tita gra\u0111evinskog zemlji\u0161ta, njegovo opremanje neophodnim objektima i predla\u017ee mjere za odr\u017eavanje javnih dobara od zna\u010daja za Op\u0161tinu Ro\u017eaje. Vr\u0161i pripremne poslove za dodjelu gradskog gra\u0111evinskog zemlji\u0161ta na kori\u0161\u0107enje;<\/li>\n<li>Predla\u017ee i priprema kriterijume za raspodjelu sredstava za ure\u0111ivanje gra\u0111evinskog zemlji\u0161ta;<\/li>\n<li>Priprema nacrt godi\u0161njeg Programa ure\u0111enja prostora, sa\u010dinjava godi\u0161nji izvje\u0161taj o stanju ure\u0111enosti prostora;<\/li>\n<li>Vr\u0161i i druge poslove koji proisti\u010du iz Zakona i Odluka nadle\u017enih organa;<\/li>\n<li>priprema predloge razvojnih programa kojima se utvr\u0111uju osnovni ciljevi, pravci i prioriteti razvoja komunalnih djelatnosti;<\/li>\n<li>priprema nacrte odluka kojima se propisuju uslovi i na\u010din obavljanja komunalne djelatnosti (snabdijevanje lokalnog stanovni\u0161tva vodom i toplotnom energijom, regulacije upravljanja komunalnim otpadom, odvo\u0111enja atmosferskih i otpadnih voda, postavljanje, odr\u017eavanje i obnavljanje saobra\u0107ajne signalizacije, odr\u017eavanja uli\u010dnih oznaka, odr\u017eavanje \u010disto\u0107e op\u0161tine, ure\u0111ivanja odr\u017eavanja parkova, javnih zelenih i rekreacionih povr\u0161ina, odr\u017eavanja ulica i drugih javnih povr\u0161ina, javna rasvjeta, izgradnja, odr\u017eavanje i kori\u0161\u0107enje mostova i drugih javnih objekata od zna\u010daja za op\u0161tinu, regulacija i odr\u017eavanje rje\u010dnih korita, odr\u017eavanje groblja i sahranjivanje, dimnja\u010darske usluge, odr\u017eavanje pijaca i dr.);<\/li>\n<li>vodi evidenciju komunalnih otpadnih voda korisnika i zaga\u0111iva\u010da vodoprivrednih objekata i postrojenja od interesa za op\u0161tinu;<\/li>\n<li>Dono\u0161enje i provo\u0111enje lokalnog plana upravljanja otpadom;<\/li>\n<li>predla\u017ee mjere i stvara uslove za otklanjanje posljedica i drugih elementarnih nepogoda kao i drugih vanrednih i nepredvidivih okolnosti u op\u0161tini;<\/li>\n<li>rje\u0161ava u upravnim stvarima iz svoje nadle\u017enosti i vr\u0161i nadzor nad radom preduze\u0107a koja obavljaju poslove iz nadle\u017enosti Sekretarijata;<\/li>\n<li>priprema pedloge srednjoro\u010dog i godi\u0161njeg programa izvo\u0111enja radova na odr\u017eavanju, za\u0161titi \u017eivotne sredine, izra\u0111uje i prati implementaciju lokalnog programa\u00a0za\u0161tite \u017eivotne sredine;<\/li>\n<li>sprovodi postupak progla\u0161enja za\u0161ti\u0107enih prirodnih dobara;<\/li>\n<li>utvr\u0111uje podru\u010dja posebne za\u0161tite zemlji\u0161ta, prirodnih vodotokova, za\u0161tita povr\u0161inskih i podzemnih voda, vazduha, biodiverziteta kao i za\u0161tita od joniziraju\u0107eg zra\u010denja;<\/li>\n<li>vr\u0161i akusti\u010dko zoniranje radi odre\u0111ivanja akusti\u010dkih zona u cilju za\u0161tite ljudi od buke i dostavlja podatke o odre\u0111enim akusti\u010dkim zonama;<\/li>\n<li>sprovodi postupak procjene uticaja\u00a0na \u017eivotnu sredinu za projekte za koje saglasnosti, odobrenja i dozvole izdaju drugi organi\u00a0Op\u0161tine i daje saglasnost na izvje\u0161taj o strate\u0161koj procjeni uticaja na\u00a0\u017eivotnu sredinu za planove i programe koje donosi Op\u0161tina;<\/li>\n<li>Vo\u0111enje registra lokalnih zaga\u0111iva\u010da \u017eivotne sredine;<\/li>\n<li>Priprema izvje\u0161taje i informacije o stanju \u017eivotne sredine i sprovedenim aktivnostima, podizanje svijesti o zna\u010daju za\u0161tite \u017eivotne sredine u saradnji sa ekolo\u0161kim udru\u017eenjima,<\/li>\n<li>inicira aktivnosti za za\u0161titu prirode i za\u0161ti\u0107enih prirodnih dobara;<\/li>\n<\/ul>\n<p style=\"text-align: justify;\">\u00a0 \u00a0 &#8211; \u00a0 izra\u0111uje izvje\u0161taj o stanju prirode;<\/p>\n<p style=\"text-align: justify;\">&#8211;\u00a0\u00a0\u00a0 \u00a0\u00a0izra\u0111uje program monitoringa segmenata\u00a0\u017eivotne sredine\u00a0 i njegovog sprovo\u0111enja;<\/p>\n<ul style=\"text-align: justify;\">\n<li>pra\u0107enje realizacije mjera iz lokalnog ekolo\u0161kog akcionog plana;<\/li>\n<li>predlaganje mjera za\u0161tite i izrada procjene pojedinih privrednih i drugih aktivnosti na \u017eivotnu sredinu;<\/li>\n<\/ul>\n<p style=\"text-align: justify;\">&#8211;\u00a0\u00a0\u00a0\u00a0 vr\u0161i nadzor nad\u00a0sprovo\u0111enjem propisa iz oblasti \u017eivotne sredine;<\/p>\n<p style=\"text-align: justify;\">&#8211;\u00a0\u00a0\u00a0 \u00a0vr\u0161i i druge poslove iz ove oblasti u skladu sa\u00a0posebnim propisima;<\/p>\n<p style=\"text-align: justify;\"><img loading=\"lazy\" decoding=\"async\" class=\"aligncenter wp-image-15707 size-large\" src=\"http:\/\/www.rozaje.me\/wp-content\/uploads\/2012\/04\/rahman0001-524x720.jpg\" alt=\"rahman0001\" width=\"524\" height=\"720\" srcset=\"https:\/\/www.rozaje.me\/wp-content\/uploads\/2012\/04\/rahman0001-524x720.jpg 524w, https:\/\/www.rozaje.me\/wp-content\/uploads\/2012\/04\/rahman0001-349x480.jpg 349w, https:\/\/www.rozaje.me\/wp-content\/uploads\/2012\/04\/rahman0001.jpg 1700w\" sizes=\"auto, (max-width: 524px) 100vw, 524px\" \/><\/p>\n<p style=\"text-align: justify;\"><img loading=\"lazy\" decoding=\"async\" class=\"aligncenter wp-image-15708 size-large\" src=\"http:\/\/www.rozaje.me\/wp-content\/uploads\/2012\/04\/rahman0002-524x720.jpg\" alt=\"rahman0002\" width=\"524\" height=\"720\" srcset=\"https:\/\/www.rozaje.me\/wp-content\/uploads\/2012\/04\/rahman0002-524x720.jpg 524w, https:\/\/www.rozaje.me\/wp-content\/uploads\/2012\/04\/rahman0002-349x480.jpg 349w, https:\/\/www.rozaje.me\/wp-content\/uploads\/2012\/04\/rahman0002.jpg 1700w\" sizes=\"auto, (max-width: 524px) 100vw, 524px\" \/><\/p>\n<ul>\n<li style=\"text-align: justify;\">\n<div class=\"line\"><span class=\"top\">[<a href=\"http:\/\/urbanizamrozaje.me\/\">Urbanizam Ro\u017eaje<\/a>]<\/span><\/div>\n<\/li>\n<\/ul>\n","protected":false},"excerpt":{"rendered":"<p>Sekretar:\u00a0 Elvira \u0160krijelj Adresa: ul: &#8220;M.Tita&#8221; bb, 84 310 Ro\u017eaje; Tel: 051\/271-201; Mob: 068\/ 889 &#8211; 369; e-mail: urbanizamrozaje@t-com.me; Poslovi iz nadle\u017enosti Sekretarijata za ure\u0111enje&#46;&#46;&#46;<\/p>","protected":false},"author":11,"featured_media":0,"parent":0,"menu_order":0,"comment_status":"open","ping_status":"open","template":"","meta":{"_monsterinsights_skip_tracking":false,"_monsterinsights_sitenote_active":false,"_monsterinsights_sitenote_note":"","_monsterinsights_sitenote_category":0,"footnotes":""},"class_list":["post-647","page","type-page","status-publish","hentry"],"yoast_head":"<!-- This site is optimized with the Yoast SEO plugin v27.2 - https:\/\/yoast.com\/product\/yoast-seo-wordpress\/ -->\n<title>Sekretarijat za planiranje i ure\u0111enje prostora - Op\u0161tina Ro\u017eaje<\/title>\n<meta name=\"robots\" content=\"index, follow, max-snippet:-1, max-image-preview:large, max-video-preview:-1\" \/>\n<link rel=\"canonical\" href=\"https:\/\/www.rozaje.me\/en\/sekretarijat-za-uredenje-prostora-komunalno-stambene-poslove-i-zastitu-zivotne-sredine\/\" \/>\n<meta property=\"og:locale\" content=\"en_GB\" \/>\n<meta property=\"og:type\" content=\"article\" \/>\n<meta property=\"og:title\" content=\"Sekretarijat za planiranje i ure\u0111enje prostora - Op\u0161tina Ro\u017eaje\" \/>\n<meta property=\"og:description\" content=\"Sekretar:\u00a0 Elvira \u0160krijelj Adresa: ul: &#8220;M.Tita&#8221; bb, 84 310 Ro\u017eaje; Tel: 051\/271-201; Mob: 068\/ 889 &#8211; 369; e-mail: urbanizamrozaje@t-com.me; Poslovi iz nadle\u017enosti Sekretarijata za ure\u0111enje&#046;&#046;&#046;\" \/>\n<meta property=\"og:url\" content=\"https:\/\/www.rozaje.me\/en\/sekretarijat-za-uredenje-prostora-komunalno-stambene-poslove-i-zastitu-zivotne-sredine\/\" \/>\n<meta property=\"og:site_name\" content=\"Op\u0161tina Ro\u017eaje\" \/>\n<meta property=\"article:publisher\" content=\"https:\/\/www.facebook.com\/OpstinaRozajeOfficial\/\" \/>\n<meta property=\"article:modified_time\" content=\"2026-03-17T13:08:30+00:00\" \/>\n<meta property=\"og:image\" content=\"https:\/\/www.rozaje.me\/wp-content\/uploads\/2012\/04\/rahman0001.jpg\" \/>\n\t<meta property=\"og:image:width\" content=\"1700\" \/>\n\t<meta property=\"og:image:height\" content=\"2338\" \/>\n\t<meta property=\"og:image:type\" content=\"image\/jpeg\" \/>\n<meta name=\"twitter:card\" content=\"summary_large_image\" \/>\n<meta name=\"twitter:label1\" content=\"Estimated reading time\" \/>\n\t<meta name=\"twitter:data1\" content=\"5 minutes\" \/>\n<script type=\"application\/ld+json\" class=\"yoast-schema-graph\">{\"@context\":\"https:\/\/schema.org\",\"@graph\":[{\"@type\":\"WebPage\",\"@id\":\"https:\/\/www.rozaje.me\/sekretarijat-za-uredenje-prostora-komunalno-stambene-poslove-i-zastitu-zivotne-sredine\/\",\"url\":\"https:\/\/www.rozaje.me\/sekretarijat-za-uredenje-prostora-komunalno-stambene-poslove-i-zastitu-zivotne-sredine\/\",\"name\":\"Sekretarijat za planiranje i ure\u0111enje prostora - Op\u0161tina Ro\u017eaje\",\"isPartOf\":{\"@id\":\"https:\/\/www.rozaje.me\/#website\"},\"primaryImageOfPage\":{\"@id\":\"https:\/\/www.rozaje.me\/sekretarijat-za-uredenje-prostora-komunalno-stambene-poslove-i-zastitu-zivotne-sredine\/#primaryimage\"},\"image\":{\"@id\":\"https:\/\/www.rozaje.me\/sekretarijat-za-uredenje-prostora-komunalno-stambene-poslove-i-zastitu-zivotne-sredine\/#primaryimage\"},\"thumbnailUrl\":\"http:\/\/www.rozaje.me\/wp-content\/uploads\/2012\/04\/rahman0001-524x720.jpg\",\"datePublished\":\"2012-04-18T20:03:19+00:00\",\"dateModified\":\"2026-03-17T13:08:30+00:00\",\"breadcrumb\":{\"@id\":\"https:\/\/www.rozaje.me\/sekretarijat-za-uredenje-prostora-komunalno-stambene-poslove-i-zastitu-zivotne-sredine\/#breadcrumb\"},\"inLanguage\":\"en-GB\",\"potentialAction\":[{\"@type\":\"ReadAction\",\"target\":[\"https:\/\/www.rozaje.me\/sekretarijat-za-uredenje-prostora-komunalno-stambene-poslove-i-zastitu-zivotne-sredine\/\"]}]},{\"@type\":\"ImageObject\",\"inLanguage\":\"en-GB\",\"@id\":\"https:\/\/www.rozaje.me\/sekretarijat-za-uredenje-prostora-komunalno-stambene-poslove-i-zastitu-zivotne-sredine\/#primaryimage\",\"url\":\"http:\/\/www.rozaje.me\/wp-content\/uploads\/2012\/04\/rahman0001-524x720.jpg\",\"contentUrl\":\"http:\/\/www.rozaje.me\/wp-content\/uploads\/2012\/04\/rahman0001-524x720.jpg\"},{\"@type\":\"BreadcrumbList\",\"@id\":\"https:\/\/www.rozaje.me\/sekretarijat-za-uredenje-prostora-komunalno-stambene-poslove-i-zastitu-zivotne-sredine\/#breadcrumb\",\"itemListElement\":[{\"@type\":\"ListItem\",\"position\":1,\"name\":\"Home\",\"item\":\"https:\/\/www.rozaje.me\/\"},{\"@type\":\"ListItem\",\"position\":2,\"name\":\"Sekretarijat za planiranje i ure\u0111enje prostora\"}]},{\"@type\":\"WebSite\",\"@id\":\"https:\/\/www.rozaje.me\/#website\",\"url\":\"https:\/\/www.rozaje.me\/\",\"name\":\"Op\u0161tina Ro\u017eaje\",\"description\":\"Zvani\u010dna veb stranica Op\u0161tine Ro\u017eaje\",\"publisher\":{\"@id\":\"https:\/\/www.rozaje.me\/#organization\"},\"alternateName\":\"Opstina Rozaje\",\"potentialAction\":[{\"@type\":\"SearchAction\",\"target\":{\"@type\":\"EntryPoint\",\"urlTemplate\":\"https:\/\/www.rozaje.me\/?s={search_term_string}\"},\"query-input\":{\"@type\":\"PropertyValueSpecification\",\"valueRequired\":true,\"valueName\":\"search_term_string\"}}],\"inLanguage\":\"en-GB\"},{\"@type\":\"Organization\",\"@id\":\"https:\/\/www.rozaje.me\/#organization\",\"name\":\"Opstina Rozaje\",\"url\":\"https:\/\/www.rozaje.me\/\",\"logo\":{\"@type\":\"ImageObject\",\"inLanguage\":\"en-GB\",\"@id\":\"https:\/\/www.rozaje.me\/#\/schema\/logo\/image\/\",\"url\":\"https:\/\/www.rozaje.me\/wp-content\/uploads\/2022\/08\/logo-textless.svg\",\"contentUrl\":\"https:\/\/www.rozaje.me\/wp-content\/uploads\/2022\/08\/logo-textless.svg\",\"width\":108.00360000000000582076609134674072265625,\"height\":131.15059999999999718056642450392246246337890625,\"caption\":\"Opstina Rozaje\"},\"image\":{\"@id\":\"https:\/\/www.rozaje.me\/#\/schema\/logo\/image\/\"},\"sameAs\":[\"https:\/\/www.facebook.com\/OpstinaRozajeOfficial\/\",\"https:\/\/www.youtube.com\/channel\/UCepcislHIwc6KRZTLa6FIlg\"]}]}<\/script>\n<!-- \/ Yoast SEO plugin. -->","yoast_head_json":{"title":"Sekretarijat za planiranje i ure\u0111enje prostora - Op\u0161tina Ro\u017eaje","robots":{"index":"index","follow":"follow","max-snippet":"max-snippet:-1","max-image-preview":"max-image-preview:large","max-video-preview":"max-video-preview:-1"},"canonical":"https:\/\/www.rozaje.me\/en\/sekretarijat-za-uredenje-prostora-komunalno-stambene-poslove-i-zastitu-zivotne-sredine\/","og_locale":"en_GB","og_type":"article","og_title":"Sekretarijat za planiranje i ure\u0111enje prostora - Op\u0161tina Ro\u017eaje","og_description":"Sekretar:\u00a0 Elvira \u0160krijelj Adresa: ul: &#8220;M.Tita&#8221; bb, 84 310 Ro\u017eaje; Tel: 051\/271-201; Mob: 068\/ 889 &#8211; 369; e-mail: urbanizamrozaje@t-com.me; Poslovi iz nadle\u017enosti Sekretarijata za ure\u0111enje&#46;&#46;&#46;","og_url":"https:\/\/www.rozaje.me\/en\/sekretarijat-za-uredenje-prostora-komunalno-stambene-poslove-i-zastitu-zivotne-sredine\/","og_site_name":"Op\u0161tina Ro\u017eaje","article_publisher":"https:\/\/www.facebook.com\/OpstinaRozajeOfficial\/","article_modified_time":"2026-03-17T13:08:30+00:00","og_image":[{"width":1700,"height":2338,"url":"https:\/\/www.rozaje.me\/wp-content\/uploads\/2012\/04\/rahman0001.jpg","type":"image\/jpeg"}],"twitter_card":"summary_large_image","twitter_misc":{"Estimated reading time":"5 minutes"},"schema":{"@context":"https:\/\/schema.org","@graph":[{"@type":"WebPage","@id":"https:\/\/www.rozaje.me\/sekretarijat-za-uredenje-prostora-komunalno-stambene-poslove-i-zastitu-zivotne-sredine\/","url":"https:\/\/www.rozaje.me\/sekretarijat-za-uredenje-prostora-komunalno-stambene-poslove-i-zastitu-zivotne-sredine\/","name":"Sekretarijat za planiranje i ure\u0111enje prostora - Op\u0161tina Ro\u017eaje","isPartOf":{"@id":"https:\/\/www.rozaje.me\/#website"},"primaryImageOfPage":{"@id":"https:\/\/www.rozaje.me\/sekretarijat-za-uredenje-prostora-komunalno-stambene-poslove-i-zastitu-zivotne-sredine\/#primaryimage"},"image":{"@id":"https:\/\/www.rozaje.me\/sekretarijat-za-uredenje-prostora-komunalno-stambene-poslove-i-zastitu-zivotne-sredine\/#primaryimage"},"thumbnailUrl":"http:\/\/www.rozaje.me\/wp-content\/uploads\/2012\/04\/rahman0001-524x720.jpg","datePublished":"2012-04-18T20:03:19+00:00","dateModified":"2026-03-17T13:08:30+00:00","breadcrumb":{"@id":"https:\/\/www.rozaje.me\/sekretarijat-za-uredenje-prostora-komunalno-stambene-poslove-i-zastitu-zivotne-sredine\/#breadcrumb"},"inLanguage":"en-GB","potentialAction":[{"@type":"ReadAction","target":["https:\/\/www.rozaje.me\/sekretarijat-za-uredenje-prostora-komunalno-stambene-poslove-i-zastitu-zivotne-sredine\/"]}]},{"@type":"ImageObject","inLanguage":"en-GB","@id":"https:\/\/www.rozaje.me\/sekretarijat-za-uredenje-prostora-komunalno-stambene-poslove-i-zastitu-zivotne-sredine\/#primaryimage","url":"http:\/\/www.rozaje.me\/wp-content\/uploads\/2012\/04\/rahman0001-524x720.jpg","contentUrl":"http:\/\/www.rozaje.me\/wp-content\/uploads\/2012\/04\/rahman0001-524x720.jpg"},{"@type":"BreadcrumbList","@id":"https:\/\/www.rozaje.me\/sekretarijat-za-uredenje-prostora-komunalno-stambene-poslove-i-zastitu-zivotne-sredine\/#breadcrumb","itemListElement":[{"@type":"ListItem","position":1,"name":"Home","item":"https:\/\/www.rozaje.me\/"},{"@type":"ListItem","position":2,"name":"Sekretarijat za planiranje i ure\u0111enje prostora"}]},{"@type":"WebSite","@id":"https:\/\/www.rozaje.me\/#website","url":"https:\/\/www.rozaje.me\/","name":"Municipality of Ro\u017eaje","description":"The official website of the Municipality of Ro\u017eaje","publisher":{"@id":"https:\/\/www.rozaje.me\/#organization"},"alternateName":"Opstina Rozaje","potentialAction":[{"@type":"SearchAction","target":{"@type":"EntryPoint","urlTemplate":"https:\/\/www.rozaje.me\/?s={search_term_string}"},"query-input":{"@type":"PropertyValueSpecification","valueRequired":true,"valueName":"search_term_string"}}],"inLanguage":"en-GB"},{"@type":"Organization","@id":"https:\/\/www.rozaje.me\/#organization","name":"Opstina Rozaje","url":"https:\/\/www.rozaje.me\/","logo":{"@type":"ImageObject","inLanguage":"en-GB","@id":"https:\/\/www.rozaje.me\/#\/schema\/logo\/image\/","url":"https:\/\/www.rozaje.me\/wp-content\/uploads\/2022\/08\/logo-textless.svg","contentUrl":"https:\/\/www.rozaje.me\/wp-content\/uploads\/2022\/08\/logo-textless.svg","width":108.00360000000000582076609134674072265625,"height":131.15059999999999718056642450392246246337890625,"caption":"Opstina Rozaje"},"image":{"@id":"https:\/\/www.rozaje.me\/#\/schema\/logo\/image\/"},"sameAs":["https:\/\/www.facebook.com\/OpstinaRozajeOfficial\/","https:\/\/www.youtube.com\/channel\/UCepcislHIwc6KRZTLa6FIlg"]}]}},"_links":{"self":[{"href":"https:\/\/www.rozaje.me\/en\/wp-json\/wp\/v2\/pages\/647","targetHints":{"allow":["GET"]}}],"collection":[{"href":"https:\/\/www.rozaje.me\/en\/wp-json\/wp\/v2\/pages"}],"about":[{"href":"https:\/\/www.rozaje.me\/en\/wp-json\/wp\/v2\/types\/page"}],"author":[{"embeddable":true,"href":"https:\/\/www.rozaje.me\/en\/wp-json\/wp\/v2\/users\/11"}],"replies":[{"embeddable":true,"href":"https:\/\/www.rozaje.me\/en\/wp-json\/wp\/v2\/comments?post=647"}],"version-history":[{"count":1,"href":"https:\/\/www.rozaje.me\/en\/wp-json\/wp\/v2\/pages\/647\/revisions"}],"predecessor-version":[{"id":33937,"href":"https:\/\/www.rozaje.me\/en\/wp-json\/wp\/v2\/pages\/647\/revisions\/33937"}],"wp:attachment":[{"href":"https:\/\/www.rozaje.me\/en\/wp-json\/wp\/v2\/media?parent=647"}],"curies":[{"name":"wp","href":"https:\/\/api.w.org\/{rel}","templated":true}]}}