{"id":638,"date":"2012-04-18T20:01:58","date_gmt":"2012-04-18T20:01:58","guid":{"rendered":"http:\/\/www.rozaje.me\/?page_id=638"},"modified":"2021-11-09T09:24:01","modified_gmt":"2021-11-09T08:24:01","slug":"sluzba-zastite","status":"publish","type":"page","link":"https:\/\/www.rozaje.me\/en\/sluzba-zastite\/","title":{"rendered":"Protection service"},"content":{"rendered":"<p><span style=\"color: #003366;\"><a class=\"button small default\"><span style=\"color: #003366;\"><strong>Commander:\u00a0 <\/strong>Be\u0107ir Kala\u010d<br \/>\nAddress: ul &quot;M. Tita&quot; bb, 84 310 Ro\u017eaje;<br \/>\nPhone: 051\/270-290; 069\/116-020<br \/>\nemail: <\/span><\/a><\/span><\/p>\n<p style=\"text-align: justify;\"><strong>History of the Service<em>: <\/em><\/strong>Despite the fact that Ro\u017eaje is an urban organized settlement of an older date, only in 1958, under the authority of the Municipality of Ro\u017eaje, the Voluntary Fire Society was formed as an organized form of fire protection and a professional manager of the Society was appointed for the first time.<\/p>\n<p style=\"text-align: justify;\">The then DVD-o had modest equipment, it had 30 members who volunteered from different work organizations on a voluntary basis, except for the manager who was professionally employed. This organization existed until the middle of 1978, when a big fire happened in the wood processing factory. Since then, by the Decision of the Ro\u017eaje District Council, the SIZ of Fire Protection was formed and two fire engines were supplied.<\/p>\n<p style=\"text-align: justify;\">The &quot;Fire Unit-Ro\u017eaje&quot; was formed as part of the SIZ of PP protection with 8 employed firefighters, the former head of the fire department was appointed as Commander.<\/p>\n<p style=\"text-align: justify;\">Pursuant to the &quot;Law on Protection and Rescue&quot; 2008 the Fire Department is abolished, and the Protection Service of the Municipality of Ro\u017eaje is established with expanded powers and responsibilities in relation to the Fire Department.<\/p>\n<p style=\"text-align: justify;\"><strong>Protection service<\/strong> is, due to the specificity of the work, a special service, established by the Decision on the Organization and Mode of Operation of the Local Government Bodies of the Municipality of Ro\u017eaje.<\/p>\n<p style=\"text-align: justify;\">The Protection Service represents an expert and professional organization of a humanitarian nature, which performs public activities of special national and local interest and importance.<\/p>\n<p style=\"text-align: justify;\">Protection and rescue includes preventive-operational measures and actions that are undertaken before and after accidental-incidental situations, and if they occur, to be localized and liquidated with the aim of minimizing the consequences.<\/p>\n<p style=\"text-align: justify;\"><strong>The protection service performs the following tasks:<\/strong><\/p>\n<ul style=\"text-align: justify;\">\n<li>providing assistance to the vulnerable and victimized population;<\/li>\n<li>fire extinguishing and fire rescue;<\/li>\n<li>rescue from rubble, landslides and snow avalanches;<\/li>\n<li>rescue during floods, other weather disasters, ecological and other accidents on rivers and lakes;<\/li>\n<li>mountain rescue;<\/li>\n<li>pit rescue;<\/li>\n<li>rescue during traffic accidents;<\/li>\n<li>rescue during accidents and accidents in civil aviation;<\/li>\n<li>rescue during mining accidents, etc.<\/li>\n<\/ul>\n<p style=\"text-align: justify;\">The service is located in the newly built fire station in Mar\u0161ala Tita Street, in a building with an area of about 500 m<sup>2<\/sup>. The newly built facility has all the necessary facilities for the efficient functioning of the Service, which ensures the implementation of a quality work program carried out by qualified staff with professional members of the Protection Service.<\/p>\n<p style=\"text-align: justify;\">The operative composition of the Protection Service consists of 17 enforcers together with the management staff, duty is performed in four shifts of 3 enforcers.<\/p>\n<p style=\"text-align: justify;\">The vehicle fleet has been modernized with new fire-rescue vehicles, so that today the Service has four globally standardized vehicles:\u00a0<strong>Combined - Rush vehicle<\/strong> (2005 year) Mercedes-Atego, <strong>Tanker (following vehicle)<\/strong>\u00a0\u00a0 Mercedes-Benz Actros 2036AK 4\u00d74 (2009),\u00a0<strong>Tank truck for extinguishing forest fires<\/strong> Mercedes-Benz Unimog U-500 4\u00d74 (2009),<strong>Technical vehicle <\/strong>Mercedes-Benz Unimog U-5000 4\u00d74 (2009).<\/p>\n<p style=\"text-align: justify;\">According to the service&#039;s ten-year statistics, the average annual number of interventions within the Service&#039;s jurisdiction is around 280 cases. Supervision over the legality and effectiveness of the work of the service is carried out by the President of the Municipality.<\/p>","protected":false},"excerpt":{"rendered":"<p>Komandir:\u00a0 Be\u0107ir Kala\u010d Adresa: ul &#8220;M.Tita&#8221; bb, 84 310 Ro\u017eaje; Telefon: 051\/270-290; 069\/116-020 e-mail: Istorijat Slu\u017ebe: I pored toga \u0161to je Ro\u017eaje kao urbano organizovano&#46;&#46;&#46;<\/p>","protected":false},"author":11,"featured_media":0,"parent":0,"menu_order":0,"comment_status":"open","ping_status":"open","template":"","meta":{"_monsterinsights_skip_tracking":false,"_monsterinsights_sitenote_active":false,"_monsterinsights_sitenote_note":"","_monsterinsights_sitenote_category":0,"footnotes":""},"class_list":["post-638","page","type-page","status-publish","hentry"],"yoast_head":"<!-- This site is optimized with the Yoast SEO plugin v27.2 - https:\/\/yoast.com\/product\/yoast-seo-wordpress\/ -->\n<title>Slu\u017eba za\u0161tite - Op\u0161tina Ro\u017eaje<\/title>\n<meta name=\"robots\" content=\"index, follow, max-snippet:-1, max-image-preview:large, max-video-preview:-1\" \/>\n<link rel=\"canonical\" href=\"https:\/\/www.rozaje.me\/en\/sluzba-zastite\/\" \/>\n<meta property=\"og:locale\" content=\"en_GB\" \/>\n<meta property=\"og:type\" content=\"article\" \/>\n<meta property=\"og:title\" content=\"Slu\u017eba za\u0161tite - Op\u0161tina Ro\u017eaje\" \/>\n<meta property=\"og:description\" content=\"Komandir:\u00a0 Be\u0107ir Kala\u010d Adresa: ul &#8220;M.Tita&#8221; bb, 84 310 Ro\u017eaje; Telefon: 051\/270-290; 069\/116-020 e-mail: Istorijat Slu\u017ebe: I pored toga \u0161to je Ro\u017eaje kao urbano organizovano&#046;&#046;&#046;\" \/>\n<meta property=\"og:url\" content=\"https:\/\/www.rozaje.me\/en\/sluzba-zastite\/\" \/>\n<meta property=\"og:site_name\" content=\"Op\u0161tina Ro\u017eaje\" \/>\n<meta property=\"article:publisher\" content=\"https:\/\/www.facebook.com\/OpstinaRozajeOfficial\/\" \/>\n<meta property=\"article:modified_time\" content=\"2021-11-09T08:24:01+00:00\" \/>\n<meta name=\"twitter:card\" content=\"summary_large_image\" \/>\n<meta name=\"twitter:label1\" content=\"Estimated reading time\" \/>\n\t<meta name=\"twitter:data1\" content=\"2 minutes\" \/>\n<script type=\"application\/ld+json\" class=\"yoast-schema-graph\">{\"@context\":\"https:\/\/schema.org\",\"@graph\":[{\"@type\":\"WebPage\",\"@id\":\"https:\/\/www.rozaje.me\/sluzba-zastite\/\",\"url\":\"https:\/\/www.rozaje.me\/sluzba-zastite\/\",\"name\":\"Slu\u017eba za\u0161tite - Op\u0161tina Ro\u017eaje\",\"isPartOf\":{\"@id\":\"https:\/\/www.rozaje.me\/#website\"},\"datePublished\":\"2012-04-18T20:01:58+00:00\",\"dateModified\":\"2021-11-09T08:24:01+00:00\",\"breadcrumb\":{\"@id\":\"https:\/\/www.rozaje.me\/sluzba-zastite\/#breadcrumb\"},\"inLanguage\":\"en-GB\",\"potentialAction\":[{\"@type\":\"ReadAction\",\"target\":[\"https:\/\/www.rozaje.me\/sluzba-zastite\/\"]}]},{\"@type\":\"BreadcrumbList\",\"@id\":\"https:\/\/www.rozaje.me\/sluzba-zastite\/#breadcrumb\",\"itemListElement\":[{\"@type\":\"ListItem\",\"position\":1,\"name\":\"Home\",\"item\":\"https:\/\/www.rozaje.me\/\"},{\"@type\":\"ListItem\",\"position\":2,\"name\":\"Slu\u017eba za\u0161tite\"}]},{\"@type\":\"WebSite\",\"@id\":\"https:\/\/www.rozaje.me\/#website\",\"url\":\"https:\/\/www.rozaje.me\/\",\"name\":\"Op\u0161tina Ro\u017eaje\",\"description\":\"Zvani\u010dna veb stranica Op\u0161tine Ro\u017eaje\",\"publisher\":{\"@id\":\"https:\/\/www.rozaje.me\/#organization\"},\"alternateName\":\"Opstina Rozaje\",\"potentialAction\":[{\"@type\":\"SearchAction\",\"target\":{\"@type\":\"EntryPoint\",\"urlTemplate\":\"https:\/\/www.rozaje.me\/?s={search_term_string}\"},\"query-input\":{\"@type\":\"PropertyValueSpecification\",\"valueRequired\":true,\"valueName\":\"search_term_string\"}}],\"inLanguage\":\"en-GB\"},{\"@type\":\"Organization\",\"@id\":\"https:\/\/www.rozaje.me\/#organization\",\"name\":\"Opstina Rozaje\",\"url\":\"https:\/\/www.rozaje.me\/\",\"logo\":{\"@type\":\"ImageObject\",\"inLanguage\":\"en-GB\",\"@id\":\"https:\/\/www.rozaje.me\/#\/schema\/logo\/image\/\",\"url\":\"https:\/\/www.rozaje.me\/wp-content\/uploads\/2022\/08\/logo-textless.svg\",\"contentUrl\":\"https:\/\/www.rozaje.me\/wp-content\/uploads\/2022\/08\/logo-textless.svg\",\"width\":108.00360000000000582076609134674072265625,\"height\":131.15059999999999718056642450392246246337890625,\"caption\":\"Opstina Rozaje\"},\"image\":{\"@id\":\"https:\/\/www.rozaje.me\/#\/schema\/logo\/image\/\"},\"sameAs\":[\"https:\/\/www.facebook.com\/OpstinaRozajeOfficial\/\",\"https:\/\/www.youtube.com\/channel\/UCepcislHIwc6KRZTLa6FIlg\"]}]}<\/script>\n<!-- \/ Yoast SEO plugin. -->","yoast_head_json":{"title":"Slu\u017eba za\u0161tite - Op\u0161tina Ro\u017eaje","robots":{"index":"index","follow":"follow","max-snippet":"max-snippet:-1","max-image-preview":"max-image-preview:large","max-video-preview":"max-video-preview:-1"},"canonical":"https:\/\/www.rozaje.me\/en\/sluzba-zastite\/","og_locale":"en_GB","og_type":"article","og_title":"Slu\u017eba za\u0161tite - Op\u0161tina Ro\u017eaje","og_description":"Komandir:\u00a0 Be\u0107ir Kala\u010d Adresa: ul &#8220;M.Tita&#8221; bb, 84 310 Ro\u017eaje; Telefon: 051\/270-290; 069\/116-020 e-mail: Istorijat Slu\u017ebe: I pored toga \u0161to je Ro\u017eaje kao urbano organizovano&#46;&#46;&#46;","og_url":"https:\/\/www.rozaje.me\/en\/sluzba-zastite\/","og_site_name":"Op\u0161tina Ro\u017eaje","article_publisher":"https:\/\/www.facebook.com\/OpstinaRozajeOfficial\/","article_modified_time":"2021-11-09T08:24:01+00:00","twitter_card":"summary_large_image","twitter_misc":{"Estimated reading time":"2 minutes"},"schema":{"@context":"https:\/\/schema.org","@graph":[{"@type":"WebPage","@id":"https:\/\/www.rozaje.me\/sluzba-zastite\/","url":"https:\/\/www.rozaje.me\/sluzba-zastite\/","name":"Slu\u017eba za\u0161tite - Op\u0161tina Ro\u017eaje","isPartOf":{"@id":"https:\/\/www.rozaje.me\/#website"},"datePublished":"2012-04-18T20:01:58+00:00","dateModified":"2021-11-09T08:24:01+00:00","breadcrumb":{"@id":"https:\/\/www.rozaje.me\/sluzba-zastite\/#breadcrumb"},"inLanguage":"en-GB","potentialAction":[{"@type":"ReadAction","target":["https:\/\/www.rozaje.me\/sluzba-zastite\/"]}]},{"@type":"BreadcrumbList","@id":"https:\/\/www.rozaje.me\/sluzba-zastite\/#breadcrumb","itemListElement":[{"@type":"ListItem","position":1,"name":"Home","item":"https:\/\/www.rozaje.me\/"},{"@type":"ListItem","position":2,"name":"Slu\u017eba za\u0161tite"}]},{"@type":"WebSite","@id":"https:\/\/www.rozaje.me\/#website","url":"https:\/\/www.rozaje.me\/","name":"Municipality of Ro\u017eaje","description":"The official website of the Municipality of Ro\u017eaje","publisher":{"@id":"https:\/\/www.rozaje.me\/#organization"},"alternateName":"Opstina Rozaje","potentialAction":[{"@type":"SearchAction","target":{"@type":"EntryPoint","urlTemplate":"https:\/\/www.rozaje.me\/?s={search_term_string}"},"query-input":{"@type":"PropertyValueSpecification","valueRequired":true,"valueName":"search_term_string"}}],"inLanguage":"en-GB"},{"@type":"Organization","@id":"https:\/\/www.rozaje.me\/#organization","name":"Opstina Rozaje","url":"https:\/\/www.rozaje.me\/","logo":{"@type":"ImageObject","inLanguage":"en-GB","@id":"https:\/\/www.rozaje.me\/#\/schema\/logo\/image\/","url":"https:\/\/www.rozaje.me\/wp-content\/uploads\/2022\/08\/logo-textless.svg","contentUrl":"https:\/\/www.rozaje.me\/wp-content\/uploads\/2022\/08\/logo-textless.svg","width":108.00360000000000582076609134674072265625,"height":131.15059999999999718056642450392246246337890625,"caption":"Opstina Rozaje"},"image":{"@id":"https:\/\/www.rozaje.me\/#\/schema\/logo\/image\/"},"sameAs":["https:\/\/www.facebook.com\/OpstinaRozajeOfficial\/","https:\/\/www.youtube.com\/channel\/UCepcislHIwc6KRZTLa6FIlg"]}]}},"_links":{"self":[{"href":"https:\/\/www.rozaje.me\/en\/wp-json\/wp\/v2\/pages\/638","targetHints":{"allow":["GET"]}}],"collection":[{"href":"https:\/\/www.rozaje.me\/en\/wp-json\/wp\/v2\/pages"}],"about":[{"href":"https:\/\/www.rozaje.me\/en\/wp-json\/wp\/v2\/types\/page"}],"author":[{"embeddable":true,"href":"https:\/\/www.rozaje.me\/en\/wp-json\/wp\/v2\/users\/11"}],"replies":[{"embeddable":true,"href":"https:\/\/www.rozaje.me\/en\/wp-json\/wp\/v2\/comments?post=638"}],"version-history":[{"count":0,"href":"https:\/\/www.rozaje.me\/en\/wp-json\/wp\/v2\/pages\/638\/revisions"}],"wp:attachment":[{"href":"https:\/\/www.rozaje.me\/en\/wp-json\/wp\/v2\/media?parent=638"}],"curies":[{"name":"wp","href":"https:\/\/api.w.org\/{rel}","templated":true}]}}