{"id":629,"date":"2012-04-18T20:00:16","date_gmt":"2012-04-18T20:00:16","guid":{"rendered":"http:\/\/www.rozaje.me\/?page_id=629"},"modified":"2026-03-06T14:25:13","modified_gmt":"2026-03-06T13:25:13","slug":"uprava-lokalnih-javnih-prihoda","status":"publish","type":"page","link":"https:\/\/www.rozaje.me\/en\/uprava-lokalnih-javnih-prihoda\/","title":{"rendered":"Administration of local public revenues"},"content":{"rendered":"<p class=\"has-text-align-left has-vivid-cyan-blue-color has-white-background-color has-text-color has-background\"><strong>Director:<\/strong><mark style=\"background-color:rgba(0, 0, 0, 0)\" class=\"has-inline-color has-black-color\"> Elvis Zekic<\/mark><br \/><strong>Address<\/strong>:  <mark style=\"background-color:rgba(0, 0, 0, 0)\" class=\"has-inline-color has-black-color\">&quot;M.Tita&quot; bb, 84 310 Ro\u017eaje;<\/mark><br \/><strong>Telephone<\/strong>:<mark style=\"background-color:rgba(0, 0, 0, 0)\" class=\"has-inline-color has-black-color\"> 068\/889 &#8211; 334<\/mark>;<br \/><strong>E-mail<\/strong>: <em><mark style=\"background-color:rgba(0, 0, 0, 0)\" class=\"has-inline-color has-black-color\">uljp.rozaje@gmail.com<\/mark><\/em>                  <\/p>\n\n\n\n<hr class=\"wp-block-separator has-css-opacity\"\/>\n\n\n\n<div class=\"wp-block-buttons is-vertical is-content-justification-center is-nowrap is-layout-flex wp-container-core-buttons-is-layout-f22fa84d wp-block-buttons-is-layout-flex\">\n<div class=\"wp-block-button has-custom-width wp-block-button__width-25 is-style-outline is-style-outline--1\"><a class=\"wp-block-button__link has-white-color has-vivid-cyan-blue-background-color has-text-color has-background wp-element-button\" href=\"https:\/\/www.rozaje.me\/en\/obrazci\/\" style=\"border-radius:7px\"><strong>Forms<\/strong><\/a><\/div>\n<\/div>\n\n\n\n<hr class=\"wp-block-separator has-css-opacity\"\/>\n\n\n\n<div class=\"wp-block-group alignwide\"><div class=\"wp-block-group__inner-container is-layout-flow wp-block-group-is-layout-flow\">\n<div class=\"wp-block-buttons alignwide is-vertical is-content-justification-center is-layout-flex wp-container-core-buttons-is-layout-9a7cdcfd wp-block-buttons-is-layout-flex\">\n<div class=\"wp-block-button has-custom-width wp-block-button__width-75 is-style-fill\"><a class=\"wp-block-button__link has-black-color has-vivid-cyan-blue-background-color has-text-color has-background has-custom-font-size wp-element-button\" href=\"https:\/\/laris.me\/\" style=\"border-radius:8px;font-size:18px\" target=\"_blank\" rel=\"noreferrer noopener\"><mark style=\"background-color:rgba(0, 0, 0, 0)\" class=\"has-inline-color has-white-color\"><strong> Real estate tax - Downloading tax solutions<\/strong><\/mark><\/a><\/div>\n<\/div>\n<\/div><\/div>\n\n\n\n<hr class=\"wp-block-separator has-css-opacity\"\/>\n\n\n\n<p><strong>Competencies of the Administration of Local Public Revenues:<\/strong><\/p>\n\n\n\n<p class=\"rt\">Performs administrative tasks related to the determination, control and collection of local public revenues (taxes, surcharges, fees and fees), namely: real estate tax, company tax, surcharge on the income tax of natural persons, local fees and fees for the use of municipal roads and construction land, membership contribution to TOR, adoption of decisions on determining obligations based on local public revenues in accordance with legal and by-law regulations, analysis of the level and effect of realized revenues in cooperation with the Secretariat for Finance, maintaining the register of taxpayers and regularly reconciling the state of the register with the register of immovable property managed by the republican real estate authority, prescribing the form and content of tax returns, taking measures to collect local public revenues (mortgage, pledge, prohibition, transfer of funds through the debtor&#039;s account, debt collection from the debtor&#039;s property), passing a decision on undertaking measures of inspection supervision in in accordance with the law, performs other tasks within the jurisdiction of the Municipality in this area.<\/p>\n\n\n\n<p><strong>Decisions\/Municipal regulations used by the Administration of Local Public Revenues in the calculation and collection of local revenues<\/strong><\/p>\n\n\n\n<ul class=\"wp-block-list\">\n<li><strong>Membership contribution to Tourist Organizations<\/strong><\/li>\n<\/ul>\n\n\n\n<p class=\"rt\">Decision on the amount, method of calculation and payment of membership contributions to tourist organizations of the municipality of Ro\u017eaje (Official Gazette of the Republic of Montenegro - Municipal Regulations No. 39\/04)<\/p>\n\n\n\n<p>Bank account: <strong>510-6203207-63<\/strong><\/p>\n\n\n\n<ul class=\"wp-block-list\">\n<li><strong>Fee for construction and maintenance of local roads<\/strong><\/li>\n<\/ul>\n\n\n\n<p class=\"rt\">Decision on fees for the use of municipal and uncategorized roads and road land in the territory of the municipality of Ro\u017eaje (Official Gazette of Montenegro - Municipal Regulations No. 21\/12)<\/p>\n\n\n\n<p class=\"rt\">Decision on Amendments to the Decision on Fees for the Use of Municipal and Uncategorized Roads and Road Land in the Territory of the Municipality of Ro\u017eaje (Official Gazette of Montenegro - Municipal Regulations No. 18\/15)<\/p>\n\n\n\n<p>Giro accounts: <strong>510-62062296-93<\/strong><\/p>\n\n\n\n<ul class=\"wp-block-list\">\n<li><strong>Local communal taxes of the Municipality of Ro\u017eaje<\/strong><\/li>\n<\/ul>\n\n\n\n<p class=\"rt\">Decision on local communal fees of the municipality of Ro\u017eaje (Official Gazette of the Republic of Montenegro Municipal Regulations No. 3\/07)<\/p>\n\n\n\n<p>Administrative fee: <strong>510-6206777-23<\/strong><\/p>\n\n\n\n<p>Fee for communal equipment of construction land: <strong>510-62023932-46<\/strong><\/p>\n\n\n\n<p>Com. fee for using space on public areas: <strong>510-62032405-41<\/strong><\/p>\n\n\n\n<p>Municipal tax for holding a brent: <strong>510-62014907-58<\/strong><\/p>\n\n\n\n<ul class=\"wp-block-list\">\n<li><strong>Real estate tax<\/strong><\/li>\n<\/ul>\n\n\n\n<p class=\"rt\">Odluka o porezu na nepokretnosti (,,Sl. list- op\u0161tinski propisi&#8221;, br. 27\/23).<\/p>\n\n\n\n<p>Bank account: <strong>510-6208014-95<\/strong><\/p>\n\n\n\n<ul class=\"wp-block-list\">\n<li><strong>Personal income tax surcharge<\/strong><\/li>\n<\/ul>\n\n\n\n<p class=\"rt\">Decision on the surtax on personal income tax, (Official Gazette of the Republic of Montenegro No. 36\/03 Official Gazette of the Republic of Montenegro No. 11\/07)<\/p>\n\n\n\n<p>Bank account: <strong>510-6208009-13<\/strong><\/p>\n\n\n\n<p><strong>Note:<\/strong> Taxpayers can also make payments at the counter of the Civil Bureau without commission.<\/p>","protected":false},"excerpt":{"rendered":"<p>Direktor: Elvis Zeki\u0107Adresa: &#8220;M.Tita&#8221; bb, 84 310 Ro\u017eaje;Telefon: 068\/889 &#8211; 334;E-mail: uljp.rozaje@gmail.com Nadle\u017enosti Uprave lokalnih javnih prihoda: Vr\u0161i poslove uprave koji se odnose na utvr\u0111ivanje,&#46;&#46;&#46;<\/p>","protected":false},"author":11,"featured_media":0,"parent":0,"menu_order":0,"comment_status":"open","ping_status":"open","template":"","meta":{"_monsterinsights_skip_tracking":false,"_monsterinsights_sitenote_active":false,"_monsterinsights_sitenote_note":"","_monsterinsights_sitenote_category":0,"footnotes":""},"class_list":["post-629","page","type-page","status-publish","hentry"],"yoast_head":"<!-- This site is optimized with the Yoast SEO plugin v27.2 - https:\/\/yoast.com\/product\/yoast-seo-wordpress\/ -->\n<title>Uprava lokalnih javnih prihoda - Op\u0161tina Ro\u017eaje<\/title>\n<meta name=\"robots\" content=\"index, follow, max-snippet:-1, max-image-preview:large, max-video-preview:-1\" \/>\n<link rel=\"canonical\" href=\"https:\/\/www.rozaje.me\/en\/uprava-lokalnih-javnih-prihoda\/\" \/>\n<meta property=\"og:locale\" content=\"en_GB\" \/>\n<meta property=\"og:type\" content=\"article\" \/>\n<meta property=\"og:title\" content=\"Uprava lokalnih javnih prihoda - Op\u0161tina Ro\u017eaje\" \/>\n<meta property=\"og:description\" content=\"Direktor: Elvis Zeki\u0107Adresa: &#8220;M.Tita&#8221; bb, 84 310 Ro\u017eaje;Telefon: 068\/889 &#8211; 334;E-mail: uljp.rozaje@gmail.com Nadle\u017enosti Uprave lokalnih javnih prihoda: Vr\u0161i poslove uprave koji se odnose na utvr\u0111ivanje,&#046;&#046;&#046;\" \/>\n<meta property=\"og:url\" content=\"https:\/\/www.rozaje.me\/en\/uprava-lokalnih-javnih-prihoda\/\" \/>\n<meta property=\"og:site_name\" content=\"Op\u0161tina Ro\u017eaje\" \/>\n<meta property=\"article:publisher\" content=\"https:\/\/www.facebook.com\/OpstinaRozajeOfficial\/\" \/>\n<meta property=\"article:modified_time\" content=\"2026-03-06T13:25:13+00:00\" \/>\n<meta name=\"twitter:card\" content=\"summary_large_image\" \/>\n<meta name=\"twitter:label1\" content=\"Estimated reading time\" \/>\n\t<meta name=\"twitter:data1\" content=\"3 minutes\" \/>\n<script type=\"application\/ld+json\" class=\"yoast-schema-graph\">{\"@context\":\"https:\/\/schema.org\",\"@graph\":[{\"@type\":\"WebPage\",\"@id\":\"https:\/\/www.rozaje.me\/uprava-lokalnih-javnih-prihoda\/\",\"url\":\"https:\/\/www.rozaje.me\/uprava-lokalnih-javnih-prihoda\/\",\"name\":\"Uprava lokalnih javnih prihoda - Op\u0161tina Ro\u017eaje\",\"isPartOf\":{\"@id\":\"https:\/\/www.rozaje.me\/#website\"},\"datePublished\":\"2012-04-18T20:00:16+00:00\",\"dateModified\":\"2026-03-06T13:25:13+00:00\",\"breadcrumb\":{\"@id\":\"https:\/\/www.rozaje.me\/uprava-lokalnih-javnih-prihoda\/#breadcrumb\"},\"inLanguage\":\"en-GB\",\"potentialAction\":[{\"@type\":\"ReadAction\",\"target\":[\"https:\/\/www.rozaje.me\/uprava-lokalnih-javnih-prihoda\/\"]}]},{\"@type\":\"BreadcrumbList\",\"@id\":\"https:\/\/www.rozaje.me\/uprava-lokalnih-javnih-prihoda\/#breadcrumb\",\"itemListElement\":[{\"@type\":\"ListItem\",\"position\":1,\"name\":\"Home\",\"item\":\"https:\/\/www.rozaje.me\/\"},{\"@type\":\"ListItem\",\"position\":2,\"name\":\"Uprava lokalnih javnih prihoda\"}]},{\"@type\":\"WebSite\",\"@id\":\"https:\/\/www.rozaje.me\/#website\",\"url\":\"https:\/\/www.rozaje.me\/\",\"name\":\"Op\u0161tina Ro\u017eaje\",\"description\":\"Zvani\u010dna veb stranica Op\u0161tine Ro\u017eaje\",\"publisher\":{\"@id\":\"https:\/\/www.rozaje.me\/#organization\"},\"alternateName\":\"Opstina Rozaje\",\"potentialAction\":[{\"@type\":\"SearchAction\",\"target\":{\"@type\":\"EntryPoint\",\"urlTemplate\":\"https:\/\/www.rozaje.me\/?s={search_term_string}\"},\"query-input\":{\"@type\":\"PropertyValueSpecification\",\"valueRequired\":true,\"valueName\":\"search_term_string\"}}],\"inLanguage\":\"en-GB\"},{\"@type\":\"Organization\",\"@id\":\"https:\/\/www.rozaje.me\/#organization\",\"name\":\"Opstina Rozaje\",\"url\":\"https:\/\/www.rozaje.me\/\",\"logo\":{\"@type\":\"ImageObject\",\"inLanguage\":\"en-GB\",\"@id\":\"https:\/\/www.rozaje.me\/#\/schema\/logo\/image\/\",\"url\":\"https:\/\/www.rozaje.me\/wp-content\/uploads\/2022\/08\/logo-textless.svg\",\"contentUrl\":\"https:\/\/www.rozaje.me\/wp-content\/uploads\/2022\/08\/logo-textless.svg\",\"width\":108.00360000000000582076609134674072265625,\"height\":131.15059999999999718056642450392246246337890625,\"caption\":\"Opstina Rozaje\"},\"image\":{\"@id\":\"https:\/\/www.rozaje.me\/#\/schema\/logo\/image\/\"},\"sameAs\":[\"https:\/\/www.facebook.com\/OpstinaRozajeOfficial\/\",\"https:\/\/www.youtube.com\/channel\/UCepcislHIwc6KRZTLa6FIlg\"]}]}<\/script>\n<!-- \/ Yoast SEO plugin. -->","yoast_head_json":{"title":"Uprava lokalnih javnih prihoda - Op\u0161tina Ro\u017eaje","robots":{"index":"index","follow":"follow","max-snippet":"max-snippet:-1","max-image-preview":"max-image-preview:large","max-video-preview":"max-video-preview:-1"},"canonical":"https:\/\/www.rozaje.me\/en\/uprava-lokalnih-javnih-prihoda\/","og_locale":"en_GB","og_type":"article","og_title":"Uprava lokalnih javnih prihoda - Op\u0161tina Ro\u017eaje","og_description":"Direktor: Elvis Zeki\u0107Adresa: &#8220;M.Tita&#8221; bb, 84 310 Ro\u017eaje;Telefon: 068\/889 &#8211; 334;E-mail: uljp.rozaje@gmail.com Nadle\u017enosti Uprave lokalnih javnih prihoda: Vr\u0161i poslove uprave koji se odnose na utvr\u0111ivanje,&#46;&#46;&#46;","og_url":"https:\/\/www.rozaje.me\/en\/uprava-lokalnih-javnih-prihoda\/","og_site_name":"Op\u0161tina Ro\u017eaje","article_publisher":"https:\/\/www.facebook.com\/OpstinaRozajeOfficial\/","article_modified_time":"2026-03-06T13:25:13+00:00","twitter_card":"summary_large_image","twitter_misc":{"Estimated reading time":"3 minutes"},"schema":{"@context":"https:\/\/schema.org","@graph":[{"@type":"WebPage","@id":"https:\/\/www.rozaje.me\/uprava-lokalnih-javnih-prihoda\/","url":"https:\/\/www.rozaje.me\/uprava-lokalnih-javnih-prihoda\/","name":"Uprava lokalnih javnih prihoda - Op\u0161tina Ro\u017eaje","isPartOf":{"@id":"https:\/\/www.rozaje.me\/#website"},"datePublished":"2012-04-18T20:00:16+00:00","dateModified":"2026-03-06T13:25:13+00:00","breadcrumb":{"@id":"https:\/\/www.rozaje.me\/uprava-lokalnih-javnih-prihoda\/#breadcrumb"},"inLanguage":"en-GB","potentialAction":[{"@type":"ReadAction","target":["https:\/\/www.rozaje.me\/uprava-lokalnih-javnih-prihoda\/"]}]},{"@type":"BreadcrumbList","@id":"https:\/\/www.rozaje.me\/uprava-lokalnih-javnih-prihoda\/#breadcrumb","itemListElement":[{"@type":"ListItem","position":1,"name":"Home","item":"https:\/\/www.rozaje.me\/"},{"@type":"ListItem","position":2,"name":"Uprava lokalnih javnih prihoda"}]},{"@type":"WebSite","@id":"https:\/\/www.rozaje.me\/#website","url":"https:\/\/www.rozaje.me\/","name":"Municipality of Ro\u017eaje","description":"The official website of the Municipality of Ro\u017eaje","publisher":{"@id":"https:\/\/www.rozaje.me\/#organization"},"alternateName":"Opstina Rozaje","potentialAction":[{"@type":"SearchAction","target":{"@type":"EntryPoint","urlTemplate":"https:\/\/www.rozaje.me\/?s={search_term_string}"},"query-input":{"@type":"PropertyValueSpecification","valueRequired":true,"valueName":"search_term_string"}}],"inLanguage":"en-GB"},{"@type":"Organization","@id":"https:\/\/www.rozaje.me\/#organization","name":"Opstina Rozaje","url":"https:\/\/www.rozaje.me\/","logo":{"@type":"ImageObject","inLanguage":"en-GB","@id":"https:\/\/www.rozaje.me\/#\/schema\/logo\/image\/","url":"https:\/\/www.rozaje.me\/wp-content\/uploads\/2022\/08\/logo-textless.svg","contentUrl":"https:\/\/www.rozaje.me\/wp-content\/uploads\/2022\/08\/logo-textless.svg","width":108.00360000000000582076609134674072265625,"height":131.15059999999999718056642450392246246337890625,"caption":"Opstina Rozaje"},"image":{"@id":"https:\/\/www.rozaje.me\/#\/schema\/logo\/image\/"},"sameAs":["https:\/\/www.facebook.com\/OpstinaRozajeOfficial\/","https:\/\/www.youtube.com\/channel\/UCepcislHIwc6KRZTLa6FIlg"]}]}},"_links":{"self":[{"href":"https:\/\/www.rozaje.me\/en\/wp-json\/wp\/v2\/pages\/629","targetHints":{"allow":["GET"]}}],"collection":[{"href":"https:\/\/www.rozaje.me\/en\/wp-json\/wp\/v2\/pages"}],"about":[{"href":"https:\/\/www.rozaje.me\/en\/wp-json\/wp\/v2\/types\/page"}],"author":[{"embeddable":true,"href":"https:\/\/www.rozaje.me\/en\/wp-json\/wp\/v2\/users\/11"}],"replies":[{"embeddable":true,"href":"https:\/\/www.rozaje.me\/en\/wp-json\/wp\/v2\/comments?post=629"}],"version-history":[{"count":1,"href":"https:\/\/www.rozaje.me\/en\/wp-json\/wp\/v2\/pages\/629\/revisions"}],"predecessor-version":[{"id":33858,"href":"https:\/\/www.rozaje.me\/en\/wp-json\/wp\/v2\/pages\/629\/revisions\/33858"}],"wp:attachment":[{"href":"https:\/\/www.rozaje.me\/en\/wp-json\/wp\/v2\/media?parent=629"}],"curies":[{"name":"wp","href":"https:\/\/api.w.org\/{rel}","templated":true}]}}