{"id":530,"date":"2012-04-17T22:56:18","date_gmt":"2012-04-17T22:56:18","guid":{"rendered":"http:\/\/www.rozaje.me\/?page_id=530"},"modified":"2018-09-21T09:27:24","modified_gmt":"2018-09-21T09:27:24","slug":"o-skupstini-2","status":"publish","type":"page","link":"https:\/\/www.rozaje.me\/en\/o-skupstini-2\/","title":{"rendered":"About the Assembly"},"content":{"rendered":"<p>The Assembly is a representative body of citizens that performs its functions in accordance with the Constitution, the Law and the Statute.<\/p>\n<p>The Assembly has 34 councilors.<\/p>\n<p>The current convocation of the Assembly was constituted at the Assembly session of July 25, 2018, after the elections held on May 27, 2018.<\/p>\n<p>At the constitutive session, the mandates of councilors were verified.<\/p>\n<p>At the constitutive session held on July 25, 2018, Almir Avdi\u0107, graduate manager, was elected as the President of the Assembly.<\/p>\n<p>Amer Daci\u0107, Bachelor of Laws, was appointed Acting Secretary of the Assembly at the session held on August 17, 2018.<\/p>\n<h5 style=\"font-weight: normal; color: #e77927;\"><strong><span style=\"color: #003366;\"><a class=\"button medium default\" style=\"font-weight: inherit; font-style: inherit; color: #646464 !important;\"><span style=\"color: #003366;\">Business of the Assembly<\/span><\/a><\/span><\/strong><\/h5>\n<p>Assembly:<\/p>\n<p>1. Adopts the Statute;<br \/>\n2. Adopts regulations and other general acts;<br \/>\n3. Adopts plans and programs for the development of the Municipality;<br \/>\n4. Adopts local planning documents;<br \/>\n5. Enacts a space planning program;<br \/>\n6. Passes the budget and final budget account;<br \/>\n7. Adopts a capital improvement plan and establishes an investment policy;<br \/>\n8. Determines the amount of municipal taxes, fees and fees;<br \/>\n9. Disposes of municipal property;<br \/>\n10. Determines the conditions for the establishment of local communities and gives consent to decisions on establishment;<br \/>\n11. Calls a referendum for the territory of the Municipality or for part of the territory;<br \/>\n12. Decides on the citizens&#039; initiative;<br \/>\n13. Decides on the announcement of self-contributions for the territory of the Municipality;<br \/>\n14. Establishes public services;<br \/>\n15. Gives consent for the borrowing of public services of which he is the founder;<br \/>\n16. Decides on borrowing and giving guarantees in accordance with the law;<br \/>\n17. Performs mandate verification and decides on the rights of councilors;<br \/>\n18. Elects and dismisses the President of the Assembly, President of the Municipality, appoints and dismisses the secretary and members<br \/>\nworking and advisory bodies;<br \/>\n19. Approves the appointment and dismissal of the Vice President of the Municipality and the Chief Administrator;<br \/>\n20. Submits a proposal for the evaluation of the constitutionality and legality of the acts of the state bodies when he judges that they have been violated<br \/>\nthe right to local self-government;<br \/>\n21. Considers the report of the President of the Municipality;<br \/>\n22. Considers the report on the work of public services founded by the Municipality;<br \/>\n23. Adopts the Rules of Procedure;<br \/>\n24. Adopts ethical codes;<br \/>\n25. Gives an authentic interpretation of the regulations it adopts;<br \/>\n26. Forms permanent and temporary bodies for consideration of issues within its jurisdiction;<br \/>\n27. Regulates and ensures the performance of communal activities and their development, regulates the conditions and method of organization<br \/>\ntasks in the performance of communal activities and decides on entrusting the performance of communal activities;<br \/>\n28. Establishes general conditions for arranging settlements on the territory of the Municipality, use of public and other areas and conditions i<br \/>\nway of using the parking space;<br \/>\n29. Adopts an annual program on acquiring real estate for the needs of the Municipality;<br \/>\n30. Decides on the establishment and awarding of public awards and prizes and the title of honorary citizen;<br \/>\n31. Prescribes the working hours of catering, trade and craft establishments;<br \/>\n32. Forms a service for the affairs of the Assembly;<br \/>\n33. Makes a decision on the establishment of councils for the development and protection of local self-government;<br \/>\n34. Makes a decision on making, using, keeping and destroying seals;<br \/>\n35. Makes a decision on the use of symbols;<br \/>\n36. Determines the manner and procedure of citizens&#039; participation in the performance of public affairs;<br \/>\n37. Enacts a program of erecting memorials;<br \/>\n38. Determines the names of settlements, streets and squares;<br \/>\n39. Makes a decision in the communal police;<br \/>\n40. Makes a decision on the number of councilors;<br \/>\n41. Makes a decision on the issue of securities;<br \/>\n42. Appoints and dismisses management bodies, supervisory boards and management bodies in public services, i.e.<br \/>\ngives consent to the appointment and dismissal of public service management bodies founded by the Municipality;<br \/>\n43. Gives consent to the Statute of public services, to status changes, increase and decrease of principal, to the plan<br \/>\nof development, work program and other program acts of public services;<br \/>\n44. Gives, as a rule, an opinion on laws and other regulations governing issues of local interest<br \/>\nself-government;<br \/>\n45. Adopts a fire protection plan;<br \/>\n46. Prescribes misdemeanors for violations of municipal regulations;<br \/>\n47. Makes a decision on compensation for the work of councilors;<br \/>\n48. Makes a decision on the establishment of the Association of Municipalities for the territory of Montenegro;<br \/>\n49. Decides on cooperation and association with local communities and associations of other countries;<br \/>\n50. Makes a decision on the establishment of an inter-municipal community;<br \/>\n51. Submits initiatives for amendments to laws and other regulations;<br \/>\n52. Performs other duties established by law and this Statute.<\/p>","protected":false},"excerpt":{"rendered":"<p>Skup\u0161tina je predstavni\u010dki organ gradjana koji funkciju vr\u0161i u skladu sa Ustavom, Zakonom i Statutom. Skup\u0161tina ima 34 odbornika. Sada\u0161nji saziv Skup\u0161tine konstituisan je na&#46;&#46;&#46;<\/p>","protected":false},"author":11,"featured_media":0,"parent":0,"menu_order":0,"comment_status":"open","ping_status":"open","template":"","meta":{"_monsterinsights_skip_tracking":false,"_monsterinsights_sitenote_active":false,"_monsterinsights_sitenote_note":"","_monsterinsights_sitenote_category":0,"footnotes":""},"class_list":["post-530","page","type-page","status-publish","hentry"],"yoast_head":"<!-- This site is optimized with the Yoast SEO plugin v27.2 - https:\/\/yoast.com\/product\/yoast-seo-wordpress\/ -->\n<title>O Skup\u0161tini - Op\u0161tina Ro\u017eaje<\/title>\n<meta name=\"robots\" content=\"index, follow, max-snippet:-1, max-image-preview:large, max-video-preview:-1\" \/>\n<link rel=\"canonical\" href=\"https:\/\/www.rozaje.me\/en\/o-skupstini-2\/\" \/>\n<meta property=\"og:locale\" content=\"en_GB\" \/>\n<meta property=\"og:type\" content=\"article\" \/>\n<meta property=\"og:title\" content=\"O Skup\u0161tini - Op\u0161tina Ro\u017eaje\" \/>\n<meta property=\"og:description\" content=\"Skup\u0161tina je predstavni\u010dki organ gradjana koji funkciju vr\u0161i u skladu sa Ustavom, Zakonom i Statutom. Skup\u0161tina ima 34 odbornika. Sada\u0161nji saziv Skup\u0161tine konstituisan je na&#046;&#046;&#046;\" \/>\n<meta property=\"og:url\" content=\"https:\/\/www.rozaje.me\/en\/o-skupstini-2\/\" \/>\n<meta property=\"og:site_name\" content=\"Op\u0161tina Ro\u017eaje\" \/>\n<meta property=\"article:publisher\" content=\"https:\/\/www.facebook.com\/OpstinaRozajeOfficial\/\" \/>\n<meta property=\"article:modified_time\" content=\"2018-09-21T09:27:24+00:00\" \/>\n<meta name=\"twitter:card\" content=\"summary_large_image\" \/>\n<meta name=\"twitter:label1\" content=\"Estimated reading time\" \/>\n\t<meta name=\"twitter:data1\" content=\"3 minutes\" \/>\n<script type=\"application\/ld+json\" class=\"yoast-schema-graph\">{\"@context\":\"https:\/\/schema.org\",\"@graph\":[{\"@type\":\"WebPage\",\"@id\":\"https:\/\/www.rozaje.me\/o-skupstini-2\/\",\"url\":\"https:\/\/www.rozaje.me\/o-skupstini-2\/\",\"name\":\"O Skup\u0161tini - Op\u0161tina Ro\u017eaje\",\"isPartOf\":{\"@id\":\"https:\/\/www.rozaje.me\/#website\"},\"datePublished\":\"2012-04-17T22:56:18+00:00\",\"dateModified\":\"2018-09-21T09:27:24+00:00\",\"breadcrumb\":{\"@id\":\"https:\/\/www.rozaje.me\/o-skupstini-2\/#breadcrumb\"},\"inLanguage\":\"en-GB\",\"potentialAction\":[{\"@type\":\"ReadAction\",\"target\":[\"https:\/\/www.rozaje.me\/o-skupstini-2\/\"]}]},{\"@type\":\"BreadcrumbList\",\"@id\":\"https:\/\/www.rozaje.me\/o-skupstini-2\/#breadcrumb\",\"itemListElement\":[{\"@type\":\"ListItem\",\"position\":1,\"name\":\"Home\",\"item\":\"https:\/\/www.rozaje.me\/\"},{\"@type\":\"ListItem\",\"position\":2,\"name\":\"O Skup\u0161tini\"}]},{\"@type\":\"WebSite\",\"@id\":\"https:\/\/www.rozaje.me\/#website\",\"url\":\"https:\/\/www.rozaje.me\/\",\"name\":\"Op\u0161tina Ro\u017eaje\",\"description\":\"Zvani\u010dna veb stranica Op\u0161tine Ro\u017eaje\",\"publisher\":{\"@id\":\"https:\/\/www.rozaje.me\/#organization\"},\"alternateName\":\"Opstina Rozaje\",\"potentialAction\":[{\"@type\":\"SearchAction\",\"target\":{\"@type\":\"EntryPoint\",\"urlTemplate\":\"https:\/\/www.rozaje.me\/?s={search_term_string}\"},\"query-input\":{\"@type\":\"PropertyValueSpecification\",\"valueRequired\":true,\"valueName\":\"search_term_string\"}}],\"inLanguage\":\"en-GB\"},{\"@type\":\"Organization\",\"@id\":\"https:\/\/www.rozaje.me\/#organization\",\"name\":\"Opstina Rozaje\",\"url\":\"https:\/\/www.rozaje.me\/\",\"logo\":{\"@type\":\"ImageObject\",\"inLanguage\":\"en-GB\",\"@id\":\"https:\/\/www.rozaje.me\/#\/schema\/logo\/image\/\",\"url\":\"https:\/\/www.rozaje.me\/wp-content\/uploads\/2022\/08\/logo-textless.svg\",\"contentUrl\":\"https:\/\/www.rozaje.me\/wp-content\/uploads\/2022\/08\/logo-textless.svg\",\"width\":108.00360000000000582076609134674072265625,\"height\":131.15059999999999718056642450392246246337890625,\"caption\":\"Opstina Rozaje\"},\"image\":{\"@id\":\"https:\/\/www.rozaje.me\/#\/schema\/logo\/image\/\"},\"sameAs\":[\"https:\/\/www.facebook.com\/OpstinaRozajeOfficial\/\",\"https:\/\/www.youtube.com\/channel\/UCepcislHIwc6KRZTLa6FIlg\"]}]}<\/script>\n<!-- \/ Yoast SEO plugin. -->","yoast_head_json":{"title":"O Skup\u0161tini - Op\u0161tina Ro\u017eaje","robots":{"index":"index","follow":"follow","max-snippet":"max-snippet:-1","max-image-preview":"max-image-preview:large","max-video-preview":"max-video-preview:-1"},"canonical":"https:\/\/www.rozaje.me\/en\/o-skupstini-2\/","og_locale":"en_GB","og_type":"article","og_title":"O Skup\u0161tini - Op\u0161tina Ro\u017eaje","og_description":"Skup\u0161tina je predstavni\u010dki organ gradjana koji funkciju vr\u0161i u skladu sa Ustavom, Zakonom i Statutom. Skup\u0161tina ima 34 odbornika. Sada\u0161nji saziv Skup\u0161tine konstituisan je na&#46;&#46;&#46;","og_url":"https:\/\/www.rozaje.me\/en\/o-skupstini-2\/","og_site_name":"Op\u0161tina Ro\u017eaje","article_publisher":"https:\/\/www.facebook.com\/OpstinaRozajeOfficial\/","article_modified_time":"2018-09-21T09:27:24+00:00","twitter_card":"summary_large_image","twitter_misc":{"Estimated reading time":"3 minutes"},"schema":{"@context":"https:\/\/schema.org","@graph":[{"@type":"WebPage","@id":"https:\/\/www.rozaje.me\/o-skupstini-2\/","url":"https:\/\/www.rozaje.me\/o-skupstini-2\/","name":"O Skup\u0161tini - Op\u0161tina Ro\u017eaje","isPartOf":{"@id":"https:\/\/www.rozaje.me\/#website"},"datePublished":"2012-04-17T22:56:18+00:00","dateModified":"2018-09-21T09:27:24+00:00","breadcrumb":{"@id":"https:\/\/www.rozaje.me\/o-skupstini-2\/#breadcrumb"},"inLanguage":"en-GB","potentialAction":[{"@type":"ReadAction","target":["https:\/\/www.rozaje.me\/o-skupstini-2\/"]}]},{"@type":"BreadcrumbList","@id":"https:\/\/www.rozaje.me\/o-skupstini-2\/#breadcrumb","itemListElement":[{"@type":"ListItem","position":1,"name":"Home","item":"https:\/\/www.rozaje.me\/"},{"@type":"ListItem","position":2,"name":"O Skup\u0161tini"}]},{"@type":"WebSite","@id":"https:\/\/www.rozaje.me\/#website","url":"https:\/\/www.rozaje.me\/","name":"Municipality of Ro\u017eaje","description":"The official website of the Municipality of Ro\u017eaje","publisher":{"@id":"https:\/\/www.rozaje.me\/#organization"},"alternateName":"Opstina Rozaje","potentialAction":[{"@type":"SearchAction","target":{"@type":"EntryPoint","urlTemplate":"https:\/\/www.rozaje.me\/?s={search_term_string}"},"query-input":{"@type":"PropertyValueSpecification","valueRequired":true,"valueName":"search_term_string"}}],"inLanguage":"en-GB"},{"@type":"Organization","@id":"https:\/\/www.rozaje.me\/#organization","name":"Opstina Rozaje","url":"https:\/\/www.rozaje.me\/","logo":{"@type":"ImageObject","inLanguage":"en-GB","@id":"https:\/\/www.rozaje.me\/#\/schema\/logo\/image\/","url":"https:\/\/www.rozaje.me\/wp-content\/uploads\/2022\/08\/logo-textless.svg","contentUrl":"https:\/\/www.rozaje.me\/wp-content\/uploads\/2022\/08\/logo-textless.svg","width":108.00360000000000582076609134674072265625,"height":131.15059999999999718056642450392246246337890625,"caption":"Opstina Rozaje"},"image":{"@id":"https:\/\/www.rozaje.me\/#\/schema\/logo\/image\/"},"sameAs":["https:\/\/www.facebook.com\/OpstinaRozajeOfficial\/","https:\/\/www.youtube.com\/channel\/UCepcislHIwc6KRZTLa6FIlg"]}]}},"_links":{"self":[{"href":"https:\/\/www.rozaje.me\/en\/wp-json\/wp\/v2\/pages\/530","targetHints":{"allow":["GET"]}}],"collection":[{"href":"https:\/\/www.rozaje.me\/en\/wp-json\/wp\/v2\/pages"}],"about":[{"href":"https:\/\/www.rozaje.me\/en\/wp-json\/wp\/v2\/types\/page"}],"author":[{"embeddable":true,"href":"https:\/\/www.rozaje.me\/en\/wp-json\/wp\/v2\/users\/11"}],"replies":[{"embeddable":true,"href":"https:\/\/www.rozaje.me\/en\/wp-json\/wp\/v2\/comments?post=530"}],"version-history":[{"count":0,"href":"https:\/\/www.rozaje.me\/en\/wp-json\/wp\/v2\/pages\/530\/revisions"}],"wp:attachment":[{"href":"https:\/\/www.rozaje.me\/en\/wp-json\/wp\/v2\/media?parent=530"}],"curies":[{"name":"wp","href":"https:\/\/api.w.org\/{rel}","templated":true}]}}