{"id":521,"date":"2012-04-17T22:52:50","date_gmt":"2012-04-17T21:52:50","guid":{"rendered":"http:\/\/www.rozaje.me\/?page_id=521"},"modified":"2022-12-19T12:44:18","modified_gmt":"2022-12-19T11:44:18","slug":"skupstina-odbornici-2018-2022","status":"publish","type":"page","link":"https:\/\/www.rozaje.me\/en\/skupstina-odbornici-2018-2022\/","title":{"rendered":"Assembly - Councilors in SOs 2018\/2022"},"content":{"rendered":"<h1>Assembly - Councilors in SOs<\/h1>\n<p>Members of the Assembly are elected by the citizens for a period of 4 years. The mandate of the councilor begins with the verification of the mandate by the Assembly, based on the Report of the Municipal Electoral Commission on the conducted elections. The Ro\u017eaje Municipality Assembly has 34 councilors, whose mandates were verified at the Constitutive Session held on July 2, 2018.<\/p>\n<p><strong><u>&quot;Bosniak Party - Rafet Husovi\u0107, Ro\u017eaje in the first place&quot;<\/u><\/strong><\/p>\n<ol>\n<li><strong>Almir Avdi\u0107 \u2013 President of the SO Ro\u017eaje<\/strong><\/li>\n<li>Hajrija Kala\u010d<\/li>\n<li>Dr. Cena Kajevi\u0107<\/li>\n<li>Dr. Rasim Halilovi\u0107<\/li>\n<li>Mirela H. Muri\u0107<\/li>\n<li>Besim Kurbardovi\u0107<\/li>\n<li>Rafet Nurkovi\u0107<\/li>\n<li>Idrija Durakovic<\/li>\n<li>Senad Kuch<\/li>\n<li>Edib \u0160alji\u0107<\/li>\n<li>Mubera Fetahovi\u0107<\/li>\n<li>Haris Zejnelagic<\/li>\n<li>Irma Daci\u0107<\/li>\n<li>Sabro Ibrahimovi\u0107<\/li>\n<li>Alija Dautovi\u0107<\/li>\n<li>Zineta Muri\u0107<\/li>\n<li>Elvedin Zekic<\/li>\n<li>Sead Ramovic<\/li>\n<li>Haris Dautovi\u0107<\/li>\n<\/ol>\n<p><strong><u>&quot;FOR THE GOOD OF THE CITIZENS OF RO\u017dAJ, THE WINNING DPS-Milo \u0110ukanovi\u0107&quot;<\/u><\/strong><\/p>\n<ol>\n<li>Dr. Ru\u017edija Kala\u010d<\/li>\n<li>Seniha Had\u017ei\u0107-Tahirovi\u0107<\/li>\n<li>Dr. Milo\u0161 Bulatovi\u0107<\/li>\n<li>Salih-D\u017eamonja Luboder<\/li>\n<li>Enisa Muri\u0107<\/li>\n<li>Dr. Jasmin Sutovi\u0107<\/li>\n<li>Adnan Hadzic<\/li>\n<li>Merima Kalac<\/li>\n<li>Safedin-Caro Mujevi\u0107<\/li>\n<li>Rifat Dautovi\u0107<\/li>\n<\/ol>\n<p><strong><u>\u00a0 &quot;Social Democrats-Ivan Brajovi\u0107-Consistently for Ro\u017eaje&quot;\u00a0 <\/u><\/strong><strong>\u00a0<\/strong><\/p>\n<ol>\n<li>Alisa E\u0107o<\/li>\n<li>Alen Kalac<\/li>\n<li>Mersad Colovi\u0107<\/li>\n<li>Esad Plunac<\/li>\n<\/ol>\n<p><strong><u>&quot;SDP - for Changes&quot;<\/u><\/strong><\/p>\n<ol>\n<li>Remzo Bralic<strong><br \/><\/strong><\/li>\n<\/ol>\n\n\n<p><\/p>","protected":false},"excerpt":{"rendered":"<p>Skup\u0161tina \u2013 Odbornici u SO-e Odbornike Skup\u0161tine biraju gra\u0111ani na vrijeme od 4 godine. Mandat odbornika po\u010dinje te\u0107i verifikacijom mandata od strane Skup\u0161tine, a na&#46;&#46;&#46;<\/p>","protected":false},"author":11,"featured_media":0,"parent":0,"menu_order":0,"comment_status":"open","ping_status":"closed","template":"","meta":{"_monsterinsights_skip_tracking":false,"_monsterinsights_sitenote_active":false,"_monsterinsights_sitenote_note":"","_monsterinsights_sitenote_category":0,"footnotes":""},"class_list":["post-521","page","type-page","status-publish","hentry"],"yoast_head":"<!-- This site is optimized with the Yoast SEO plugin v27.2 - https:\/\/yoast.com\/product\/yoast-seo-wordpress\/ -->\n<title>Skup\u0161tina - Odbornici u SO-e 2018\/2022 - Op\u0161tina Ro\u017eaje<\/title>\n<meta name=\"robots\" content=\"index, follow, max-snippet:-1, max-image-preview:large, max-video-preview:-1\" \/>\n<link rel=\"canonical\" href=\"https:\/\/www.rozaje.me\/en\/skupstina-odbornici-2018-2022\/\" \/>\n<meta property=\"og:locale\" content=\"en_GB\" \/>\n<meta property=\"og:type\" content=\"article\" \/>\n<meta property=\"og:title\" content=\"Skup\u0161tina - Odbornici u SO-e 2018\/2022 - Op\u0161tina Ro\u017eaje\" \/>\n<meta property=\"og:description\" content=\"Skup\u0161tina \u2013 Odbornici u SO-e Odbornike Skup\u0161tine biraju gra\u0111ani na vrijeme od 4 godine. Mandat odbornika po\u010dinje te\u0107i verifikacijom mandata od strane Skup\u0161tine, a na&#046;&#046;&#046;\" \/>\n<meta property=\"og:url\" content=\"https:\/\/www.rozaje.me\/en\/skupstina-odbornici-2018-2022\/\" \/>\n<meta property=\"og:site_name\" content=\"Op\u0161tina Ro\u017eaje\" \/>\n<meta property=\"article:publisher\" content=\"https:\/\/www.facebook.com\/OpstinaRozajeOfficial\/\" \/>\n<meta property=\"article:modified_time\" content=\"2022-12-19T11:44:18+00:00\" \/>\n<meta name=\"twitter:card\" content=\"summary_large_image\" \/>\n<meta name=\"twitter:label1\" content=\"Estimated reading time\" \/>\n\t<meta name=\"twitter:data1\" content=\"1 minute\" \/>\n<script type=\"application\/ld+json\" class=\"yoast-schema-graph\">{\"@context\":\"https:\/\/schema.org\",\"@graph\":[{\"@type\":\"WebPage\",\"@id\":\"https:\/\/www.rozaje.me\/skupstina-odbornici-2018-2022\/\",\"url\":\"https:\/\/www.rozaje.me\/skupstina-odbornici-2018-2022\/\",\"name\":\"Skup\u0161tina - Odbornici u SO-e 2018\/2022 - Op\u0161tina Ro\u017eaje\",\"isPartOf\":{\"@id\":\"https:\/\/www.rozaje.me\/#website\"},\"datePublished\":\"2012-04-17T21:52:50+00:00\",\"dateModified\":\"2022-12-19T11:44:18+00:00\",\"breadcrumb\":{\"@id\":\"https:\/\/www.rozaje.me\/skupstina-odbornici-2018-2022\/#breadcrumb\"},\"inLanguage\":\"en-GB\",\"potentialAction\":[{\"@type\":\"ReadAction\",\"target\":[\"https:\/\/www.rozaje.me\/skupstina-odbornici-2018-2022\/\"]}]},{\"@type\":\"BreadcrumbList\",\"@id\":\"https:\/\/www.rozaje.me\/skupstina-odbornici-2018-2022\/#breadcrumb\",\"itemListElement\":[{\"@type\":\"ListItem\",\"position\":1,\"name\":\"Home\",\"item\":\"https:\/\/www.rozaje.me\/\"},{\"@type\":\"ListItem\",\"position\":2,\"name\":\"Skup\u0161tina &#8211; Odbornici u SO-e 2018\/2022\"}]},{\"@type\":\"WebSite\",\"@id\":\"https:\/\/www.rozaje.me\/#website\",\"url\":\"https:\/\/www.rozaje.me\/\",\"name\":\"Op\u0161tina Ro\u017eaje\",\"description\":\"Zvani\u010dna veb stranica Op\u0161tine Ro\u017eaje\",\"publisher\":{\"@id\":\"https:\/\/www.rozaje.me\/#organization\"},\"alternateName\":\"Opstina Rozaje\",\"potentialAction\":[{\"@type\":\"SearchAction\",\"target\":{\"@type\":\"EntryPoint\",\"urlTemplate\":\"https:\/\/www.rozaje.me\/?s={search_term_string}\"},\"query-input\":{\"@type\":\"PropertyValueSpecification\",\"valueRequired\":true,\"valueName\":\"search_term_string\"}}],\"inLanguage\":\"en-GB\"},{\"@type\":\"Organization\",\"@id\":\"https:\/\/www.rozaje.me\/#organization\",\"name\":\"Opstina Rozaje\",\"url\":\"https:\/\/www.rozaje.me\/\",\"logo\":{\"@type\":\"ImageObject\",\"inLanguage\":\"en-GB\",\"@id\":\"https:\/\/www.rozaje.me\/#\/schema\/logo\/image\/\",\"url\":\"https:\/\/www.rozaje.me\/wp-content\/uploads\/2022\/08\/logo-textless.svg\",\"contentUrl\":\"https:\/\/www.rozaje.me\/wp-content\/uploads\/2022\/08\/logo-textless.svg\",\"width\":108.00360000000000582076609134674072265625,\"height\":131.15059999999999718056642450392246246337890625,\"caption\":\"Opstina Rozaje\"},\"image\":{\"@id\":\"https:\/\/www.rozaje.me\/#\/schema\/logo\/image\/\"},\"sameAs\":[\"https:\/\/www.facebook.com\/OpstinaRozajeOfficial\/\",\"https:\/\/www.youtube.com\/channel\/UCepcislHIwc6KRZTLa6FIlg\"]}]}<\/script>\n<!-- \/ Yoast SEO plugin. -->","yoast_head_json":{"title":"Skup\u0161tina - Odbornici u SO-e 2018\/2022 - Op\u0161tina Ro\u017eaje","robots":{"index":"index","follow":"follow","max-snippet":"max-snippet:-1","max-image-preview":"max-image-preview:large","max-video-preview":"max-video-preview:-1"},"canonical":"https:\/\/www.rozaje.me\/en\/skupstina-odbornici-2018-2022\/","og_locale":"en_GB","og_type":"article","og_title":"Skup\u0161tina - Odbornici u SO-e 2018\/2022 - Op\u0161tina Ro\u017eaje","og_description":"Skup\u0161tina \u2013 Odbornici u SO-e Odbornike Skup\u0161tine biraju gra\u0111ani na vrijeme od 4 godine. Mandat odbornika po\u010dinje te\u0107i verifikacijom mandata od strane Skup\u0161tine, a na&#46;&#46;&#46;","og_url":"https:\/\/www.rozaje.me\/en\/skupstina-odbornici-2018-2022\/","og_site_name":"Op\u0161tina Ro\u017eaje","article_publisher":"https:\/\/www.facebook.com\/OpstinaRozajeOfficial\/","article_modified_time":"2022-12-19T11:44:18+00:00","twitter_card":"summary_large_image","twitter_misc":{"Estimated reading time":"1 minute"},"schema":{"@context":"https:\/\/schema.org","@graph":[{"@type":"WebPage","@id":"https:\/\/www.rozaje.me\/skupstina-odbornici-2018-2022\/","url":"https:\/\/www.rozaje.me\/skupstina-odbornici-2018-2022\/","name":"Skup\u0161tina - Odbornici u SO-e 2018\/2022 - Op\u0161tina Ro\u017eaje","isPartOf":{"@id":"https:\/\/www.rozaje.me\/#website"},"datePublished":"2012-04-17T21:52:50+00:00","dateModified":"2022-12-19T11:44:18+00:00","breadcrumb":{"@id":"https:\/\/www.rozaje.me\/skupstina-odbornici-2018-2022\/#breadcrumb"},"inLanguage":"en-GB","potentialAction":[{"@type":"ReadAction","target":["https:\/\/www.rozaje.me\/skupstina-odbornici-2018-2022\/"]}]},{"@type":"BreadcrumbList","@id":"https:\/\/www.rozaje.me\/skupstina-odbornici-2018-2022\/#breadcrumb","itemListElement":[{"@type":"ListItem","position":1,"name":"Home","item":"https:\/\/www.rozaje.me\/"},{"@type":"ListItem","position":2,"name":"Skup\u0161tina &#8211; Odbornici u SO-e 2018\/2022"}]},{"@type":"WebSite","@id":"https:\/\/www.rozaje.me\/#website","url":"https:\/\/www.rozaje.me\/","name":"Municipality of Ro\u017eaje","description":"The official website of the Municipality of Ro\u017eaje","publisher":{"@id":"https:\/\/www.rozaje.me\/#organization"},"alternateName":"Opstina Rozaje","potentialAction":[{"@type":"SearchAction","target":{"@type":"EntryPoint","urlTemplate":"https:\/\/www.rozaje.me\/?s={search_term_string}"},"query-input":{"@type":"PropertyValueSpecification","valueRequired":true,"valueName":"search_term_string"}}],"inLanguage":"en-GB"},{"@type":"Organization","@id":"https:\/\/www.rozaje.me\/#organization","name":"Opstina Rozaje","url":"https:\/\/www.rozaje.me\/","logo":{"@type":"ImageObject","inLanguage":"en-GB","@id":"https:\/\/www.rozaje.me\/#\/schema\/logo\/image\/","url":"https:\/\/www.rozaje.me\/wp-content\/uploads\/2022\/08\/logo-textless.svg","contentUrl":"https:\/\/www.rozaje.me\/wp-content\/uploads\/2022\/08\/logo-textless.svg","width":108.00360000000000582076609134674072265625,"height":131.15059999999999718056642450392246246337890625,"caption":"Opstina Rozaje"},"image":{"@id":"https:\/\/www.rozaje.me\/#\/schema\/logo\/image\/"},"sameAs":["https:\/\/www.facebook.com\/OpstinaRozajeOfficial\/","https:\/\/www.youtube.com\/channel\/UCepcislHIwc6KRZTLa6FIlg"]}]}},"_links":{"self":[{"href":"https:\/\/www.rozaje.me\/en\/wp-json\/wp\/v2\/pages\/521","targetHints":{"allow":["GET"]}}],"collection":[{"href":"https:\/\/www.rozaje.me\/en\/wp-json\/wp\/v2\/pages"}],"about":[{"href":"https:\/\/www.rozaje.me\/en\/wp-json\/wp\/v2\/types\/page"}],"author":[{"embeddable":true,"href":"https:\/\/www.rozaje.me\/en\/wp-json\/wp\/v2\/users\/11"}],"replies":[{"embeddable":true,"href":"https:\/\/www.rozaje.me\/en\/wp-json\/wp\/v2\/comments?post=521"}],"version-history":[{"count":0,"href":"https:\/\/www.rozaje.me\/en\/wp-json\/wp\/v2\/pages\/521\/revisions"}],"wp:attachment":[{"href":"https:\/\/www.rozaje.me\/en\/wp-json\/wp\/v2\/media?parent=521"}],"curies":[{"name":"wp","href":"https:\/\/api.w.org\/{rel}","templated":true}]}}