{"id":519,"date":"2012-04-17T22:52:29","date_gmt":"2012-04-17T22:52:29","guid":{"rendered":"http:\/\/www.rozaje.me\/?page_id=519"},"modified":"2018-08-28T12:26:30","modified_gmt":"2018-08-28T12:26:30","slug":"sluzba-skupstine","status":"publish","type":"page","link":"https:\/\/www.rozaje.me\/en\/sluzba-skupstine\/","title":{"rendered":"Service of the Assembly"},"content":{"rendered":"<p style=\"text-align: justify;\">The Assembly Service performs professional and other tasks for the needs of the Ro\u017eaje Municipality Assembly, the working bodies of the Assembly, councilors in the Assembly, the Ethics Commission for elected representatives and officials in local self-government and certain tasks for councilors&#039; clubs.<\/p>\n<p><span style=\"color: #003366;\"><strong><a class=\"button small default\"><span style=\"color: #003366;\">The service, in cooperation with and through municipal bodies of local administration, performs:<\/span><\/a>\u00a0<\/strong><\/span><\/p>\n<ul>\n<li>tasks of organization, preparation and processing of Assembly sessions,<\/li>\n<li>administrative and technical tasks for working bodies,<\/li>\n<li>administrative and technical tasks for the needs of the club of councilors in connection with the performance of councilor functions,<\/li>\n<li>protocol affairs for the needs of the Assembly,<\/li>\n<li>provides legal and professional assistance for the needs of the work of councilors and working bodies,<\/li>\n<li>drafts the texts of adopted acts (decisions, recommendations, conclusions...) and prepares them for their publication in the &quot;Official List of the Republic of Montenegro&quot; - municipal regulations.<\/li>\n<li>prepares, arranges and stores regulations and other acts passed by the Assembly,<\/li>\n<li>performs other professional and administrative-technical tasks at the request of the Assembly and the President of the Assembly.<\/li>\n<\/ul>","protected":false},"excerpt":{"rendered":"<p>Slu\u017eba Skup\u0161tine vr\u0161i stru\u010dne i druge poslove za potrebe Skup\u0161tine op\u0161tine Ro\u017eaje, radnih tijela Skup\u0161tine, odbornika u Skup\u0161tini, Eti\u010dke komisije za izabrane predstavnike i funkcionere&#46;&#46;&#46;<\/p>","protected":false},"author":11,"featured_media":0,"parent":0,"menu_order":0,"comment_status":"open","ping_status":"open","template":"","meta":{"_monsterinsights_skip_tracking":false,"_monsterinsights_sitenote_active":false,"_monsterinsights_sitenote_note":"","_monsterinsights_sitenote_category":0,"footnotes":""},"class_list":["post-519","page","type-page","status-publish","hentry"],"yoast_head":"<!-- This site is optimized with the Yoast SEO plugin v27.2 - https:\/\/yoast.com\/product\/yoast-seo-wordpress\/ -->\n<title>Slu\u017eba Skup\u0161tine - Op\u0161tina Ro\u017eaje<\/title>\n<meta name=\"robots\" content=\"index, follow, max-snippet:-1, max-image-preview:large, max-video-preview:-1\" \/>\n<link rel=\"canonical\" href=\"https:\/\/www.rozaje.me\/en\/sluzba-skupstine\/\" \/>\n<meta property=\"og:locale\" content=\"en_GB\" \/>\n<meta property=\"og:type\" content=\"article\" \/>\n<meta property=\"og:title\" content=\"Slu\u017eba Skup\u0161tine - Op\u0161tina Ro\u017eaje\" \/>\n<meta property=\"og:description\" content=\"Slu\u017eba Skup\u0161tine vr\u0161i stru\u010dne i druge poslove za potrebe Skup\u0161tine op\u0161tine Ro\u017eaje, radnih tijela Skup\u0161tine, odbornika u Skup\u0161tini, Eti\u010dke komisije za izabrane predstavnike i funkcionere&#046;&#046;&#046;\" \/>\n<meta property=\"og:url\" content=\"https:\/\/www.rozaje.me\/en\/sluzba-skupstine\/\" \/>\n<meta property=\"og:site_name\" content=\"Op\u0161tina Ro\u017eaje\" \/>\n<meta property=\"article:publisher\" content=\"https:\/\/www.facebook.com\/OpstinaRozajeOfficial\/\" \/>\n<meta property=\"article:modified_time\" content=\"2018-08-28T12:26:30+00:00\" \/>\n<meta name=\"twitter:card\" content=\"summary_large_image\" \/>\n<meta name=\"twitter:label1\" content=\"Estimated reading time\" \/>\n\t<meta name=\"twitter:data1\" content=\"1 minute\" \/>\n<script type=\"application\/ld+json\" class=\"yoast-schema-graph\">{\"@context\":\"https:\/\/schema.org\",\"@graph\":[{\"@type\":\"WebPage\",\"@id\":\"https:\/\/www.rozaje.me\/sluzba-skupstine\/\",\"url\":\"https:\/\/www.rozaje.me\/sluzba-skupstine\/\",\"name\":\"Slu\u017eba Skup\u0161tine - Op\u0161tina Ro\u017eaje\",\"isPartOf\":{\"@id\":\"https:\/\/www.rozaje.me\/#website\"},\"datePublished\":\"2012-04-17T22:52:29+00:00\",\"dateModified\":\"2018-08-28T12:26:30+00:00\",\"breadcrumb\":{\"@id\":\"https:\/\/www.rozaje.me\/sluzba-skupstine\/#breadcrumb\"},\"inLanguage\":\"en-GB\",\"potentialAction\":[{\"@type\":\"ReadAction\",\"target\":[\"https:\/\/www.rozaje.me\/sluzba-skupstine\/\"]}]},{\"@type\":\"BreadcrumbList\",\"@id\":\"https:\/\/www.rozaje.me\/sluzba-skupstine\/#breadcrumb\",\"itemListElement\":[{\"@type\":\"ListItem\",\"position\":1,\"name\":\"Home\",\"item\":\"https:\/\/www.rozaje.me\/\"},{\"@type\":\"ListItem\",\"position\":2,\"name\":\"Slu\u017eba Skup\u0161tine\"}]},{\"@type\":\"WebSite\",\"@id\":\"https:\/\/www.rozaje.me\/#website\",\"url\":\"https:\/\/www.rozaje.me\/\",\"name\":\"Op\u0161tina Ro\u017eaje\",\"description\":\"Zvani\u010dna veb stranica Op\u0161tine Ro\u017eaje\",\"publisher\":{\"@id\":\"https:\/\/www.rozaje.me\/#organization\"},\"alternateName\":\"Opstina Rozaje\",\"potentialAction\":[{\"@type\":\"SearchAction\",\"target\":{\"@type\":\"EntryPoint\",\"urlTemplate\":\"https:\/\/www.rozaje.me\/?s={search_term_string}\"},\"query-input\":{\"@type\":\"PropertyValueSpecification\",\"valueRequired\":true,\"valueName\":\"search_term_string\"}}],\"inLanguage\":\"en-GB\"},{\"@type\":\"Organization\",\"@id\":\"https:\/\/www.rozaje.me\/#organization\",\"name\":\"Opstina Rozaje\",\"url\":\"https:\/\/www.rozaje.me\/\",\"logo\":{\"@type\":\"ImageObject\",\"inLanguage\":\"en-GB\",\"@id\":\"https:\/\/www.rozaje.me\/#\/schema\/logo\/image\/\",\"url\":\"https:\/\/www.rozaje.me\/wp-content\/uploads\/2022\/08\/logo-textless.svg\",\"contentUrl\":\"https:\/\/www.rozaje.me\/wp-content\/uploads\/2022\/08\/logo-textless.svg\",\"width\":108.00360000000000582076609134674072265625,\"height\":131.15059999999999718056642450392246246337890625,\"caption\":\"Opstina Rozaje\"},\"image\":{\"@id\":\"https:\/\/www.rozaje.me\/#\/schema\/logo\/image\/\"},\"sameAs\":[\"https:\/\/www.facebook.com\/OpstinaRozajeOfficial\/\",\"https:\/\/www.youtube.com\/channel\/UCepcislHIwc6KRZTLa6FIlg\"]}]}<\/script>\n<!-- \/ Yoast SEO plugin. -->","yoast_head_json":{"title":"Slu\u017eba Skup\u0161tine - Op\u0161tina Ro\u017eaje","robots":{"index":"index","follow":"follow","max-snippet":"max-snippet:-1","max-image-preview":"max-image-preview:large","max-video-preview":"max-video-preview:-1"},"canonical":"https:\/\/www.rozaje.me\/en\/sluzba-skupstine\/","og_locale":"en_GB","og_type":"article","og_title":"Slu\u017eba Skup\u0161tine - Op\u0161tina Ro\u017eaje","og_description":"Slu\u017eba Skup\u0161tine vr\u0161i stru\u010dne i druge poslove za potrebe Skup\u0161tine op\u0161tine Ro\u017eaje, radnih tijela Skup\u0161tine, odbornika u Skup\u0161tini, Eti\u010dke komisije za izabrane predstavnike i funkcionere&#46;&#46;&#46;","og_url":"https:\/\/www.rozaje.me\/en\/sluzba-skupstine\/","og_site_name":"Op\u0161tina Ro\u017eaje","article_publisher":"https:\/\/www.facebook.com\/OpstinaRozajeOfficial\/","article_modified_time":"2018-08-28T12:26:30+00:00","twitter_card":"summary_large_image","twitter_misc":{"Estimated reading time":"1 minute"},"schema":{"@context":"https:\/\/schema.org","@graph":[{"@type":"WebPage","@id":"https:\/\/www.rozaje.me\/sluzba-skupstine\/","url":"https:\/\/www.rozaje.me\/sluzba-skupstine\/","name":"Slu\u017eba Skup\u0161tine - Op\u0161tina Ro\u017eaje","isPartOf":{"@id":"https:\/\/www.rozaje.me\/#website"},"datePublished":"2012-04-17T22:52:29+00:00","dateModified":"2018-08-28T12:26:30+00:00","breadcrumb":{"@id":"https:\/\/www.rozaje.me\/sluzba-skupstine\/#breadcrumb"},"inLanguage":"en-GB","potentialAction":[{"@type":"ReadAction","target":["https:\/\/www.rozaje.me\/sluzba-skupstine\/"]}]},{"@type":"BreadcrumbList","@id":"https:\/\/www.rozaje.me\/sluzba-skupstine\/#breadcrumb","itemListElement":[{"@type":"ListItem","position":1,"name":"Home","item":"https:\/\/www.rozaje.me\/"},{"@type":"ListItem","position":2,"name":"Slu\u017eba Skup\u0161tine"}]},{"@type":"WebSite","@id":"https:\/\/www.rozaje.me\/#website","url":"https:\/\/www.rozaje.me\/","name":"Municipality of Ro\u017eaje","description":"The official website of the Municipality of Ro\u017eaje","publisher":{"@id":"https:\/\/www.rozaje.me\/#organization"},"alternateName":"Opstina Rozaje","potentialAction":[{"@type":"SearchAction","target":{"@type":"EntryPoint","urlTemplate":"https:\/\/www.rozaje.me\/?s={search_term_string}"},"query-input":{"@type":"PropertyValueSpecification","valueRequired":true,"valueName":"search_term_string"}}],"inLanguage":"en-GB"},{"@type":"Organization","@id":"https:\/\/www.rozaje.me\/#organization","name":"Opstina Rozaje","url":"https:\/\/www.rozaje.me\/","logo":{"@type":"ImageObject","inLanguage":"en-GB","@id":"https:\/\/www.rozaje.me\/#\/schema\/logo\/image\/","url":"https:\/\/www.rozaje.me\/wp-content\/uploads\/2022\/08\/logo-textless.svg","contentUrl":"https:\/\/www.rozaje.me\/wp-content\/uploads\/2022\/08\/logo-textless.svg","width":108.00360000000000582076609134674072265625,"height":131.15059999999999718056642450392246246337890625,"caption":"Opstina Rozaje"},"image":{"@id":"https:\/\/www.rozaje.me\/#\/schema\/logo\/image\/"},"sameAs":["https:\/\/www.facebook.com\/OpstinaRozajeOfficial\/","https:\/\/www.youtube.com\/channel\/UCepcislHIwc6KRZTLa6FIlg"]}]}},"_links":{"self":[{"href":"https:\/\/www.rozaje.me\/en\/wp-json\/wp\/v2\/pages\/519","targetHints":{"allow":["GET"]}}],"collection":[{"href":"https:\/\/www.rozaje.me\/en\/wp-json\/wp\/v2\/pages"}],"about":[{"href":"https:\/\/www.rozaje.me\/en\/wp-json\/wp\/v2\/types\/page"}],"author":[{"embeddable":true,"href":"https:\/\/www.rozaje.me\/en\/wp-json\/wp\/v2\/users\/11"}],"replies":[{"embeddable":true,"href":"https:\/\/www.rozaje.me\/en\/wp-json\/wp\/v2\/comments?post=519"}],"version-history":[{"count":0,"href":"https:\/\/www.rozaje.me\/en\/wp-json\/wp\/v2\/pages\/519\/revisions"}],"wp:attachment":[{"href":"https:\/\/www.rozaje.me\/en\/wp-json\/wp\/v2\/media?parent=519"}],"curies":[{"name":"wp","href":"https:\/\/api.w.org\/{rel}","templated":true}]}}