{"id":517,"date":"2012-04-17T22:52:17","date_gmt":"2012-04-17T22:52:17","guid":{"rendered":"http:\/\/www.rozaje.me\/?page_id=517"},"modified":"2025-01-24T21:22:17","modified_gmt":"2025-01-24T20:22:17","slug":"skupstina-sekretar","status":"publish","type":"page","link":"https:\/\/www.rozaje.me\/en\/skupstina-sekretar\/","title":{"rendered":"Assembly - Secretary"},"content":{"rendered":"<p><img loading=\"lazy\" decoding=\"async\" class=\"wp-image-31848 aligncenter\" src=\"https:\/\/www.rozaje.me\/wp-content\/uploads\/2024\/12\/1735217011251449-e1735247867415.jpg\" alt=\"\" width=\"322\" height=\"327\" srcset=\"https:\/\/www.rozaje.me\/wp-content\/uploads\/2024\/12\/1735217011251449-e1735247867415.jpg 660w, https:\/\/www.rozaje.me\/wp-content\/uploads\/2024\/12\/1735217011251449-e1735247867415-12x12.jpg 12w, https:\/\/www.rozaje.me\/wp-content\/uploads\/2024\/12\/1735217011251449-e1735247867415-80x80.jpg 80w\" sizes=\"auto, (max-width: 322px) 100vw, 322px\" \/><\/p>\n<p><strong>Amer Dacic<\/strong>, ro\u0111en 19.02.1986.godine u Ro\u017eajama. Osnovnu i srednju \u0161kolu zavr\u0161io je u Ro\u017eajama. Pravni fakultet u Podgorici zavr\u0161ava 2009.godine i sti\u010de zvanje specijaliste pravnih nauka- smjer pravosudni. Pripravni\u010dki sta\u017e obavio je u op\u0161tini Ro\u017eaje \u2013 Direkciji za imovinu.<\/p>\n<p>Od februara 2015.godine radi u Slu\u017ebi Glavnog administratora do 17.08.2018.godine od kada obavlja\u00a0 funkciju\u00a0 sekretara Skup\u0161tine op\u0161tine Ro\u017eaje.<\/p>\n<p>Od oktobra 2014.godine do decembra 2018.godine bio je sekretar Komisije za \u017ealbe op\u0161tine Ro\u017eaje. Obavljao je i funkciju direktora fudbalskog kluba \u201eIbar\u201c iz Ro\u017eaja.<\/p>\n<p>Predsjednik je Komisije za \u017ealbe fudbalskog Saveza Crne Gore \u2013 sjeverna regija od 2017.godine. Bio je \u010clan\u00a0 Sabora islamske zajednice u Crnoj Gori u jednom mandatu.<\/p>\n<p>Licencirani je medijator Centra za alternativno rjesavanje sporova CG za gra\u0111ansku parnicu. Nalazi se na listi Uprave za ljudske resurse CG kao stru\u010dno lice za provjeru znanja iz oblasti slu\u017ebeni\u010dkih sistema. O\u017eenjen i otac dvoje djece.<\/p>\n<p><span style=\"color: #003366;\"><a class=\"button small default\">Amer Daci\u0107, Bachelor of Laws<br \/>\nAddress: ul &quot;M. Tita&quot; bb<br \/>\nPhone: 068\/ 030 \u2013 626<br \/>\ne-mail: amer.dacic@outlook.com; <\/a><a href=\"mailto:sekretarskupstine@rozaje.me\">skupstinaopstinerozaje@t-com.me<\/a><\/span><\/p>\n<p><strong>Secretary of the Assembly:<\/strong><\/p>\n<p style=\"text-align: justify;\"><span style=\"color: #000000;\">Secretary of the Assembly: organizes and takes care of professional, administrative and other tasks for the Assembly and its working bodies; prepares the session of the Assembly and its working bodies, takes care of the application of the provisions of the law, the Statute, the Rules of Procedure of the Assembly and other acts regulating the way the Assembly and its working bodies work; organizes and manages the service of the Assembly, is responsible for keeping minutes, transcripts, processing acts of the Assembly and for publishing decisions and other general acts of the Assembly, assists the President of the Assembly in his work; perform other tasks in accordance with this Statute and acts of the Assembly.<\/span><\/p>\n<p><span style=\"color: #003366;\"><a class=\"button small default\"><br \/>\n<\/a><br \/>\n<\/span><\/p>","protected":false},"excerpt":{"rendered":"<p>Amer Daci\u0107, ro\u0111en 19.02.1986.godine u Ro\u017eajama. Osnovnu i srednju \u0161kolu zavr\u0161io je u Ro\u017eajama. Pravni fakultet u Podgorici zavr\u0161ava 2009.godine i sti\u010de zvanje specijaliste pravnih&#46;&#46;&#46;<\/p>","protected":false},"author":11,"featured_media":0,"parent":0,"menu_order":0,"comment_status":"open","ping_status":"open","template":"","meta":{"_monsterinsights_skip_tracking":false,"_monsterinsights_sitenote_active":false,"_monsterinsights_sitenote_note":"","_monsterinsights_sitenote_category":0,"footnotes":""},"class_list":["post-517","page","type-page","status-publish","hentry"],"yoast_head":"<!-- This site is optimized with the Yoast SEO plugin v27.2 - https:\/\/yoast.com\/product\/yoast-seo-wordpress\/ -->\n<title>Skup\u0161tina - Sekretar - Op\u0161tina Ro\u017eaje<\/title>\n<meta name=\"robots\" content=\"index, follow, max-snippet:-1, max-image-preview:large, max-video-preview:-1\" \/>\n<link rel=\"canonical\" href=\"https:\/\/www.rozaje.me\/en\/skupstina-sekretar\/\" \/>\n<meta property=\"og:locale\" content=\"en_GB\" \/>\n<meta property=\"og:type\" content=\"article\" \/>\n<meta property=\"og:title\" content=\"Skup\u0161tina - Sekretar - Op\u0161tina Ro\u017eaje\" \/>\n<meta property=\"og:description\" content=\"Amer Daci\u0107, ro\u0111en 19.02.1986.godine u Ro\u017eajama. Osnovnu i srednju \u0161kolu zavr\u0161io je u Ro\u017eajama. Pravni fakultet u Podgorici zavr\u0161ava 2009.godine i sti\u010de zvanje specijaliste pravnih&#046;&#046;&#046;\" \/>\n<meta property=\"og:url\" content=\"https:\/\/www.rozaje.me\/en\/skupstina-sekretar\/\" \/>\n<meta property=\"og:site_name\" content=\"Op\u0161tina Ro\u017eaje\" \/>\n<meta property=\"article:publisher\" content=\"https:\/\/www.facebook.com\/OpstinaRozajeOfficial\/\" \/>\n<meta property=\"article:modified_time\" content=\"2025-01-24T20:22:17+00:00\" \/>\n<meta property=\"og:image\" content=\"https:\/\/www.rozaje.me\/wp-content\/uploads\/2024\/12\/1735217011251449-e1735247867415.jpg\" \/>\n\t<meta property=\"og:image:width\" content=\"660\" \/>\n\t<meta property=\"og:image:height\" content=\"670\" \/>\n\t<meta property=\"og:image:type\" content=\"image\/jpeg\" \/>\n<meta name=\"twitter:card\" content=\"summary_large_image\" \/>\n<meta name=\"twitter:label1\" content=\"Estimated reading time\" \/>\n\t<meta name=\"twitter:data1\" content=\"2 minutes\" \/>\n<script type=\"application\/ld+json\" class=\"yoast-schema-graph\">{\"@context\":\"https:\/\/schema.org\",\"@graph\":[{\"@type\":\"WebPage\",\"@id\":\"https:\/\/www.rozaje.me\/skupstina-sekretar\/\",\"url\":\"https:\/\/www.rozaje.me\/skupstina-sekretar\/\",\"name\":\"Skup\u0161tina - Sekretar - Op\u0161tina Ro\u017eaje\",\"isPartOf\":{\"@id\":\"https:\/\/www.rozaje.me\/#website\"},\"primaryImageOfPage\":{\"@id\":\"https:\/\/www.rozaje.me\/skupstina-sekretar\/#primaryimage\"},\"image\":{\"@id\":\"https:\/\/www.rozaje.me\/skupstina-sekretar\/#primaryimage\"},\"thumbnailUrl\":\"https:\/\/www.rozaje.me\/wp-content\/uploads\/2024\/12\/1735217011251449-e1735247867415.jpg\",\"datePublished\":\"2012-04-17T22:52:17+00:00\",\"dateModified\":\"2025-01-24T20:22:17+00:00\",\"breadcrumb\":{\"@id\":\"https:\/\/www.rozaje.me\/skupstina-sekretar\/#breadcrumb\"},\"inLanguage\":\"en-GB\",\"potentialAction\":[{\"@type\":\"ReadAction\",\"target\":[\"https:\/\/www.rozaje.me\/skupstina-sekretar\/\"]}]},{\"@type\":\"ImageObject\",\"inLanguage\":\"en-GB\",\"@id\":\"https:\/\/www.rozaje.me\/skupstina-sekretar\/#primaryimage\",\"url\":\"https:\/\/www.rozaje.me\/wp-content\/uploads\/2024\/12\/1735217011251449-e1735247867415.jpg\",\"contentUrl\":\"https:\/\/www.rozaje.me\/wp-content\/uploads\/2024\/12\/1735217011251449-e1735247867415.jpg\"},{\"@type\":\"BreadcrumbList\",\"@id\":\"https:\/\/www.rozaje.me\/skupstina-sekretar\/#breadcrumb\",\"itemListElement\":[{\"@type\":\"ListItem\",\"position\":1,\"name\":\"Home\",\"item\":\"https:\/\/www.rozaje.me\/\"},{\"@type\":\"ListItem\",\"position\":2,\"name\":\"Skup\u0161tina &#8211; Sekretar\"}]},{\"@type\":\"WebSite\",\"@id\":\"https:\/\/www.rozaje.me\/#website\",\"url\":\"https:\/\/www.rozaje.me\/\",\"name\":\"Op\u0161tina Ro\u017eaje\",\"description\":\"Zvani\u010dna veb stranica Op\u0161tine Ro\u017eaje\",\"publisher\":{\"@id\":\"https:\/\/www.rozaje.me\/#organization\"},\"alternateName\":\"Opstina Rozaje\",\"potentialAction\":[{\"@type\":\"SearchAction\",\"target\":{\"@type\":\"EntryPoint\",\"urlTemplate\":\"https:\/\/www.rozaje.me\/?s={search_term_string}\"},\"query-input\":{\"@type\":\"PropertyValueSpecification\",\"valueRequired\":true,\"valueName\":\"search_term_string\"}}],\"inLanguage\":\"en-GB\"},{\"@type\":\"Organization\",\"@id\":\"https:\/\/www.rozaje.me\/#organization\",\"name\":\"Opstina Rozaje\",\"url\":\"https:\/\/www.rozaje.me\/\",\"logo\":{\"@type\":\"ImageObject\",\"inLanguage\":\"en-GB\",\"@id\":\"https:\/\/www.rozaje.me\/#\/schema\/logo\/image\/\",\"url\":\"https:\/\/www.rozaje.me\/wp-content\/uploads\/2022\/08\/logo-textless.svg\",\"contentUrl\":\"https:\/\/www.rozaje.me\/wp-content\/uploads\/2022\/08\/logo-textless.svg\",\"width\":108.00360000000000582076609134674072265625,\"height\":131.15059999999999718056642450392246246337890625,\"caption\":\"Opstina Rozaje\"},\"image\":{\"@id\":\"https:\/\/www.rozaje.me\/#\/schema\/logo\/image\/\"},\"sameAs\":[\"https:\/\/www.facebook.com\/OpstinaRozajeOfficial\/\",\"https:\/\/www.youtube.com\/channel\/UCepcislHIwc6KRZTLa6FIlg\"]}]}<\/script>\n<!-- \/ Yoast SEO plugin. -->","yoast_head_json":{"title":"Skup\u0161tina - Sekretar - Op\u0161tina Ro\u017eaje","robots":{"index":"index","follow":"follow","max-snippet":"max-snippet:-1","max-image-preview":"max-image-preview:large","max-video-preview":"max-video-preview:-1"},"canonical":"https:\/\/www.rozaje.me\/en\/skupstina-sekretar\/","og_locale":"en_GB","og_type":"article","og_title":"Skup\u0161tina - Sekretar - Op\u0161tina Ro\u017eaje","og_description":"Amer Daci\u0107, ro\u0111en 19.02.1986.godine u Ro\u017eajama. Osnovnu i srednju \u0161kolu zavr\u0161io je u Ro\u017eajama. Pravni fakultet u Podgorici zavr\u0161ava 2009.godine i sti\u010de zvanje specijaliste pravnih&#46;&#46;&#46;","og_url":"https:\/\/www.rozaje.me\/en\/skupstina-sekretar\/","og_site_name":"Op\u0161tina Ro\u017eaje","article_publisher":"https:\/\/www.facebook.com\/OpstinaRozajeOfficial\/","article_modified_time":"2025-01-24T20:22:17+00:00","og_image":[{"width":660,"height":670,"url":"https:\/\/www.rozaje.me\/wp-content\/uploads\/2024\/12\/1735217011251449-e1735247867415.jpg","type":"image\/jpeg"}],"twitter_card":"summary_large_image","twitter_misc":{"Estimated reading time":"2 minutes"},"schema":{"@context":"https:\/\/schema.org","@graph":[{"@type":"WebPage","@id":"https:\/\/www.rozaje.me\/skupstina-sekretar\/","url":"https:\/\/www.rozaje.me\/skupstina-sekretar\/","name":"Skup\u0161tina - Sekretar - Op\u0161tina Ro\u017eaje","isPartOf":{"@id":"https:\/\/www.rozaje.me\/#website"},"primaryImageOfPage":{"@id":"https:\/\/www.rozaje.me\/skupstina-sekretar\/#primaryimage"},"image":{"@id":"https:\/\/www.rozaje.me\/skupstina-sekretar\/#primaryimage"},"thumbnailUrl":"https:\/\/www.rozaje.me\/wp-content\/uploads\/2024\/12\/1735217011251449-e1735247867415.jpg","datePublished":"2012-04-17T22:52:17+00:00","dateModified":"2025-01-24T20:22:17+00:00","breadcrumb":{"@id":"https:\/\/www.rozaje.me\/skupstina-sekretar\/#breadcrumb"},"inLanguage":"en-GB","potentialAction":[{"@type":"ReadAction","target":["https:\/\/www.rozaje.me\/skupstina-sekretar\/"]}]},{"@type":"ImageObject","inLanguage":"en-GB","@id":"https:\/\/www.rozaje.me\/skupstina-sekretar\/#primaryimage","url":"https:\/\/www.rozaje.me\/wp-content\/uploads\/2024\/12\/1735217011251449-e1735247867415.jpg","contentUrl":"https:\/\/www.rozaje.me\/wp-content\/uploads\/2024\/12\/1735217011251449-e1735247867415.jpg"},{"@type":"BreadcrumbList","@id":"https:\/\/www.rozaje.me\/skupstina-sekretar\/#breadcrumb","itemListElement":[{"@type":"ListItem","position":1,"name":"Home","item":"https:\/\/www.rozaje.me\/"},{"@type":"ListItem","position":2,"name":"Skup\u0161tina &#8211; Sekretar"}]},{"@type":"WebSite","@id":"https:\/\/www.rozaje.me\/#website","url":"https:\/\/www.rozaje.me\/","name":"Municipality of Ro\u017eaje","description":"The official website of the Municipality of Ro\u017eaje","publisher":{"@id":"https:\/\/www.rozaje.me\/#organization"},"alternateName":"Opstina Rozaje","potentialAction":[{"@type":"SearchAction","target":{"@type":"EntryPoint","urlTemplate":"https:\/\/www.rozaje.me\/?s={search_term_string}"},"query-input":{"@type":"PropertyValueSpecification","valueRequired":true,"valueName":"search_term_string"}}],"inLanguage":"en-GB"},{"@type":"Organization","@id":"https:\/\/www.rozaje.me\/#organization","name":"Opstina Rozaje","url":"https:\/\/www.rozaje.me\/","logo":{"@type":"ImageObject","inLanguage":"en-GB","@id":"https:\/\/www.rozaje.me\/#\/schema\/logo\/image\/","url":"https:\/\/www.rozaje.me\/wp-content\/uploads\/2022\/08\/logo-textless.svg","contentUrl":"https:\/\/www.rozaje.me\/wp-content\/uploads\/2022\/08\/logo-textless.svg","width":108.00360000000000582076609134674072265625,"height":131.15059999999999718056642450392246246337890625,"caption":"Opstina Rozaje"},"image":{"@id":"https:\/\/www.rozaje.me\/#\/schema\/logo\/image\/"},"sameAs":["https:\/\/www.facebook.com\/OpstinaRozajeOfficial\/","https:\/\/www.youtube.com\/channel\/UCepcislHIwc6KRZTLa6FIlg"]}]}},"_links":{"self":[{"href":"https:\/\/www.rozaje.me\/en\/wp-json\/wp\/v2\/pages\/517","targetHints":{"allow":["GET"]}}],"collection":[{"href":"https:\/\/www.rozaje.me\/en\/wp-json\/wp\/v2\/pages"}],"about":[{"href":"https:\/\/www.rozaje.me\/en\/wp-json\/wp\/v2\/types\/page"}],"author":[{"embeddable":true,"href":"https:\/\/www.rozaje.me\/en\/wp-json\/wp\/v2\/users\/11"}],"replies":[{"embeddable":true,"href":"https:\/\/www.rozaje.me\/en\/wp-json\/wp\/v2\/comments?post=517"}],"version-history":[{"count":0,"href":"https:\/\/www.rozaje.me\/en\/wp-json\/wp\/v2\/pages\/517\/revisions"}],"wp:attachment":[{"href":"https:\/\/www.rozaje.me\/en\/wp-json\/wp\/v2\/media?parent=517"}],"curies":[{"name":"wp","href":"https:\/\/api.w.org\/{rel}","templated":true}]}}