{"id":510,"date":"2012-04-17T22:50:48","date_gmt":"2012-04-17T22:50:48","guid":{"rendered":"http:\/\/www.rozaje.me\/?page_id=510"},"modified":"2021-11-09T09:05:53","modified_gmt":"2021-11-09T08:05:53","slug":"sportski-centar","status":"publish","type":"page","link":"https:\/\/www.rozaje.me\/en\/sportski-centar\/","title":{"rendered":"Sports center"},"content":{"rendered":"<p><span style=\"color: #003366;\"><a class=\"button small default\"><span style=\"color: #003366;\">Director: Asad Omerovi\u0107<br \/>Address: Carine 2, 84 310 Ro\u017eaje<br \/>Phone: 051\/271-034; Mobile:<br \/>e-mail: sportskicentarrozaje@hotmail.com;<\/span><\/a><\/span><\/p>\n<hr \/>\n<p><strong><a href=\"http:\/\/www.rozaje.me\/wp-content\/uploads\/2012\/04\/asad-e1424708927227.jpg\"><img loading=\"lazy\" decoding=\"async\" class=\"alignleft size-full wp-image-12407\" src=\"http:\/\/www.rozaje.me\/wp-content\/uploads\/2012\/04\/asad-e1424708927227.jpg\" alt=\"asad\" width=\"200\" height=\"347\" \/><\/a><\/strong><strong>Asad Omerovic,<\/strong> born on April 18, 1980. in Ro\u017eaje. He finished his primary and secondary education in Ro\u017eaje, and he finished the Faculty of Physical Education in Pri\u0161tina.<\/p>\n<p>He worked as a physical education teacher at the Junior High School &quot;Donja Lovnica&quot; from 2006 to 2007, and at the Junior High School &quot;Baloti\u0107e&quot; from September 1, 2013. He is a member of the karate club &quot;Ibar&quot; Ro\u017eaje, he was a player of the club &quot;Ibar&quot;, as well as a player of the volleyball club &quot;Ibar&quot; Ro\u017eaje. He was the coach and founder of the &quot;Ro\u017eaje&quot; handball club.<\/p>\n<p>He is married and the father of three children.<\/p>\n<p>\u00a0<\/p>\n<p style=\"text-align: justify;\">\u00a0<\/p>\n\n\n<hr class=\"wp-block-separator\"\/>\n\n\n\n<p>JP Sortski centar was founded by the Decision of the Municipal Assembly No. 1383 of July 10, 2006.<\/p>\n\n\n\n<p>The main activity of the Company is the management and maintenance of sports facilities as well as:<\/p>\n\n\n\n<ul class=\"wp-block-list\"><li>provision of services in the field of sports and sports recreation;<\/li><li>providing services to competitive sports for the organization of sports events and training;<\/li><li>provision of services to citizens and work teams in performing sports and recreational activities;<\/li><li>organizing sports, cultural and public events.<\/li><\/ul>\n\n\n\n<p class=\"rt\">JP &quot;Sportski centar&quot; Ro\u017eaje has a sports hall, a football stadium, an auxiliary football field as well as a field complex for small sports.<\/p>\n\n\n\n<p class=\"rt\">The sports hall meets the standards for the organization of sports events related to basketball, volleyball, handball, futsal, table tennis, judo, karate and other indoor sports.<\/p>\n\n\n\n<p class=\"rt\">The football stadium with accompanying facilities and auxiliary field meet the standards for holding all sports competitions.<\/p>\n\n\n\n<p class=\"rt\">The existing infrastructure as well as the construction of planned infrastructure facilities, the very location as well as the ideal altitude of 1140 meters represent a great potential for the preparation of sports teams.<\/p>","protected":false},"excerpt":{"rendered":"<p>Direktor: Asad Omerovi\u0107Adresa: Carine 2, 84 310 Ro\u017eajeTel: 051\/271-034; Mob:e-mail: sportskicentarrozaje@hotmail.com; Asad Omerovi\u0107, ro\u0111en 18.04.1980. godine u Ro\u017eajama. Osnovno i srednje obrazovanje zavr\u0161io u Ro\u017eajama,&#46;&#46;&#46;<\/p>","protected":false},"author":11,"featured_media":0,"parent":0,"menu_order":0,"comment_status":"open","ping_status":"open","template":"","meta":{"_monsterinsights_skip_tracking":false,"_monsterinsights_sitenote_active":false,"_monsterinsights_sitenote_note":"","_monsterinsights_sitenote_category":0,"footnotes":""},"class_list":["post-510","page","type-page","status-publish","hentry"],"yoast_head":"<!-- This site is optimized with the Yoast SEO plugin v27.2 - https:\/\/yoast.com\/product\/yoast-seo-wordpress\/ -->\n<title>Sportski centar - Op\u0161tina Ro\u017eaje<\/title>\n<meta name=\"robots\" content=\"index, follow, max-snippet:-1, max-image-preview:large, max-video-preview:-1\" \/>\n<link rel=\"canonical\" href=\"https:\/\/www.rozaje.me\/en\/sportski-centar\/\" \/>\n<meta property=\"og:locale\" content=\"en_GB\" \/>\n<meta property=\"og:type\" content=\"article\" \/>\n<meta property=\"og:title\" content=\"Sportski centar - Op\u0161tina Ro\u017eaje\" \/>\n<meta property=\"og:description\" content=\"Direktor: Asad Omerovi\u0107Adresa: Carine 2, 84 310 Ro\u017eajeTel: 051\/271-034; Mob:e-mail: sportskicentarrozaje@hotmail.com; Asad Omerovi\u0107, ro\u0111en 18.04.1980. godine u Ro\u017eajama. Osnovno i srednje obrazovanje zavr\u0161io u Ro\u017eajama,&#046;&#046;&#046;\" \/>\n<meta property=\"og:url\" content=\"https:\/\/www.rozaje.me\/en\/sportski-centar\/\" \/>\n<meta property=\"og:site_name\" content=\"Op\u0161tina Ro\u017eaje\" \/>\n<meta property=\"article:publisher\" content=\"https:\/\/www.facebook.com\/OpstinaRozajeOfficial\/\" \/>\n<meta property=\"article:modified_time\" content=\"2021-11-09T08:05:53+00:00\" \/>\n<meta property=\"og:image\" content=\"http:\/\/www.rozaje.me\/wp-content\/uploads\/2012\/04\/asad-e1424708927227.jpg\" \/>\n<meta name=\"twitter:card\" content=\"summary_large_image\" \/>\n<meta name=\"twitter:label1\" content=\"Estimated reading time\" \/>\n\t<meta name=\"twitter:data1\" content=\"2 minutes\" \/>\n<script type=\"application\/ld+json\" class=\"yoast-schema-graph\">{\"@context\":\"https:\/\/schema.org\",\"@graph\":[{\"@type\":\"WebPage\",\"@id\":\"https:\/\/www.rozaje.me\/sportski-centar\/\",\"url\":\"https:\/\/www.rozaje.me\/sportski-centar\/\",\"name\":\"Sportski centar - Op\u0161tina Ro\u017eaje\",\"isPartOf\":{\"@id\":\"https:\/\/www.rozaje.me\/#website\"},\"primaryImageOfPage\":{\"@id\":\"https:\/\/www.rozaje.me\/sportski-centar\/#primaryimage\"},\"image\":{\"@id\":\"https:\/\/www.rozaje.me\/sportski-centar\/#primaryimage\"},\"thumbnailUrl\":\"http:\/\/www.rozaje.me\/wp-content\/uploads\/2012\/04\/asad-e1424708927227.jpg\",\"datePublished\":\"2012-04-17T22:50:48+00:00\",\"dateModified\":\"2021-11-09T08:05:53+00:00\",\"breadcrumb\":{\"@id\":\"https:\/\/www.rozaje.me\/sportski-centar\/#breadcrumb\"},\"inLanguage\":\"en-GB\",\"potentialAction\":[{\"@type\":\"ReadAction\",\"target\":[\"https:\/\/www.rozaje.me\/sportski-centar\/\"]}]},{\"@type\":\"ImageObject\",\"inLanguage\":\"en-GB\",\"@id\":\"https:\/\/www.rozaje.me\/sportski-centar\/#primaryimage\",\"url\":\"http:\/\/www.rozaje.me\/wp-content\/uploads\/2012\/04\/asad-e1424708927227.jpg\",\"contentUrl\":\"http:\/\/www.rozaje.me\/wp-content\/uploads\/2012\/04\/asad-e1424708927227.jpg\"},{\"@type\":\"BreadcrumbList\",\"@id\":\"https:\/\/www.rozaje.me\/sportski-centar\/#breadcrumb\",\"itemListElement\":[{\"@type\":\"ListItem\",\"position\":1,\"name\":\"Home\",\"item\":\"https:\/\/www.rozaje.me\/\"},{\"@type\":\"ListItem\",\"position\":2,\"name\":\"Sportski centar\"}]},{\"@type\":\"WebSite\",\"@id\":\"https:\/\/www.rozaje.me\/#website\",\"url\":\"https:\/\/www.rozaje.me\/\",\"name\":\"Op\u0161tina Ro\u017eaje\",\"description\":\"Zvani\u010dna veb stranica Op\u0161tine Ro\u017eaje\",\"publisher\":{\"@id\":\"https:\/\/www.rozaje.me\/#organization\"},\"alternateName\":\"Opstina Rozaje\",\"potentialAction\":[{\"@type\":\"SearchAction\",\"target\":{\"@type\":\"EntryPoint\",\"urlTemplate\":\"https:\/\/www.rozaje.me\/?s={search_term_string}\"},\"query-input\":{\"@type\":\"PropertyValueSpecification\",\"valueRequired\":true,\"valueName\":\"search_term_string\"}}],\"inLanguage\":\"en-GB\"},{\"@type\":\"Organization\",\"@id\":\"https:\/\/www.rozaje.me\/#organization\",\"name\":\"Opstina Rozaje\",\"url\":\"https:\/\/www.rozaje.me\/\",\"logo\":{\"@type\":\"ImageObject\",\"inLanguage\":\"en-GB\",\"@id\":\"https:\/\/www.rozaje.me\/#\/schema\/logo\/image\/\",\"url\":\"https:\/\/www.rozaje.me\/wp-content\/uploads\/2022\/08\/logo-textless.svg\",\"contentUrl\":\"https:\/\/www.rozaje.me\/wp-content\/uploads\/2022\/08\/logo-textless.svg\",\"width\":108.00360000000000582076609134674072265625,\"height\":131.15059999999999718056642450392246246337890625,\"caption\":\"Opstina Rozaje\"},\"image\":{\"@id\":\"https:\/\/www.rozaje.me\/#\/schema\/logo\/image\/\"},\"sameAs\":[\"https:\/\/www.facebook.com\/OpstinaRozajeOfficial\/\",\"https:\/\/www.youtube.com\/channel\/UCepcislHIwc6KRZTLa6FIlg\"]}]}<\/script>\n<!-- \/ Yoast SEO plugin. -->","yoast_head_json":{"title":"Sportski centar - Op\u0161tina Ro\u017eaje","robots":{"index":"index","follow":"follow","max-snippet":"max-snippet:-1","max-image-preview":"max-image-preview:large","max-video-preview":"max-video-preview:-1"},"canonical":"https:\/\/www.rozaje.me\/en\/sportski-centar\/","og_locale":"en_GB","og_type":"article","og_title":"Sportski centar - Op\u0161tina Ro\u017eaje","og_description":"Direktor: Asad Omerovi\u0107Adresa: Carine 2, 84 310 Ro\u017eajeTel: 051\/271-034; Mob:e-mail: sportskicentarrozaje@hotmail.com; Asad Omerovi\u0107, ro\u0111en 18.04.1980. godine u Ro\u017eajama. Osnovno i srednje obrazovanje zavr\u0161io u Ro\u017eajama,&#46;&#46;&#46;","og_url":"https:\/\/www.rozaje.me\/en\/sportski-centar\/","og_site_name":"Op\u0161tina Ro\u017eaje","article_publisher":"https:\/\/www.facebook.com\/OpstinaRozajeOfficial\/","article_modified_time":"2021-11-09T08:05:53+00:00","og_image":[{"url":"http:\/\/www.rozaje.me\/wp-content\/uploads\/2012\/04\/asad-e1424708927227.jpg","type":"","width":"","height":""}],"twitter_card":"summary_large_image","twitter_misc":{"Estimated reading time":"2 minutes"},"schema":{"@context":"https:\/\/schema.org","@graph":[{"@type":"WebPage","@id":"https:\/\/www.rozaje.me\/sportski-centar\/","url":"https:\/\/www.rozaje.me\/sportski-centar\/","name":"Sportski centar - Op\u0161tina Ro\u017eaje","isPartOf":{"@id":"https:\/\/www.rozaje.me\/#website"},"primaryImageOfPage":{"@id":"https:\/\/www.rozaje.me\/sportski-centar\/#primaryimage"},"image":{"@id":"https:\/\/www.rozaje.me\/sportski-centar\/#primaryimage"},"thumbnailUrl":"http:\/\/www.rozaje.me\/wp-content\/uploads\/2012\/04\/asad-e1424708927227.jpg","datePublished":"2012-04-17T22:50:48+00:00","dateModified":"2021-11-09T08:05:53+00:00","breadcrumb":{"@id":"https:\/\/www.rozaje.me\/sportski-centar\/#breadcrumb"},"inLanguage":"en-GB","potentialAction":[{"@type":"ReadAction","target":["https:\/\/www.rozaje.me\/sportski-centar\/"]}]},{"@type":"ImageObject","inLanguage":"en-GB","@id":"https:\/\/www.rozaje.me\/sportski-centar\/#primaryimage","url":"http:\/\/www.rozaje.me\/wp-content\/uploads\/2012\/04\/asad-e1424708927227.jpg","contentUrl":"http:\/\/www.rozaje.me\/wp-content\/uploads\/2012\/04\/asad-e1424708927227.jpg"},{"@type":"BreadcrumbList","@id":"https:\/\/www.rozaje.me\/sportski-centar\/#breadcrumb","itemListElement":[{"@type":"ListItem","position":1,"name":"Home","item":"https:\/\/www.rozaje.me\/"},{"@type":"ListItem","position":2,"name":"Sportski centar"}]},{"@type":"WebSite","@id":"https:\/\/www.rozaje.me\/#website","url":"https:\/\/www.rozaje.me\/","name":"Municipality of Ro\u017eaje","description":"The official website of the Municipality of Ro\u017eaje","publisher":{"@id":"https:\/\/www.rozaje.me\/#organization"},"alternateName":"Opstina Rozaje","potentialAction":[{"@type":"SearchAction","target":{"@type":"EntryPoint","urlTemplate":"https:\/\/www.rozaje.me\/?s={search_term_string}"},"query-input":{"@type":"PropertyValueSpecification","valueRequired":true,"valueName":"search_term_string"}}],"inLanguage":"en-GB"},{"@type":"Organization","@id":"https:\/\/www.rozaje.me\/#organization","name":"Opstina Rozaje","url":"https:\/\/www.rozaje.me\/","logo":{"@type":"ImageObject","inLanguage":"en-GB","@id":"https:\/\/www.rozaje.me\/#\/schema\/logo\/image\/","url":"https:\/\/www.rozaje.me\/wp-content\/uploads\/2022\/08\/logo-textless.svg","contentUrl":"https:\/\/www.rozaje.me\/wp-content\/uploads\/2022\/08\/logo-textless.svg","width":108.00360000000000582076609134674072265625,"height":131.15059999999999718056642450392246246337890625,"caption":"Opstina Rozaje"},"image":{"@id":"https:\/\/www.rozaje.me\/#\/schema\/logo\/image\/"},"sameAs":["https:\/\/www.facebook.com\/OpstinaRozajeOfficial\/","https:\/\/www.youtube.com\/channel\/UCepcislHIwc6KRZTLa6FIlg"]}]}},"_links":{"self":[{"href":"https:\/\/www.rozaje.me\/en\/wp-json\/wp\/v2\/pages\/510","targetHints":{"allow":["GET"]}}],"collection":[{"href":"https:\/\/www.rozaje.me\/en\/wp-json\/wp\/v2\/pages"}],"about":[{"href":"https:\/\/www.rozaje.me\/en\/wp-json\/wp\/v2\/types\/page"}],"author":[{"embeddable":true,"href":"https:\/\/www.rozaje.me\/en\/wp-json\/wp\/v2\/users\/11"}],"replies":[{"embeddable":true,"href":"https:\/\/www.rozaje.me\/en\/wp-json\/wp\/v2\/comments?post=510"}],"version-history":[{"count":0,"href":"https:\/\/www.rozaje.me\/en\/wp-json\/wp\/v2\/pages\/510\/revisions"}],"wp:attachment":[{"href":"https:\/\/www.rozaje.me\/en\/wp-json\/wp\/v2\/media?parent=510"}],"curies":[{"name":"wp","href":"https:\/\/api.w.org\/{rel}","templated":true}]}}