{"id":508,"date":"2012-04-17T22:50:33","date_gmt":"2012-04-17T22:50:33","guid":{"rendered":"http:\/\/www.rozaje.me\/?page_id=508"},"modified":"2021-11-01T12:00:44","modified_gmt":"2021-11-01T11:00:44","slug":"vodovod-i-kanalizacija","status":"publish","type":"page","link":"https:\/\/www.rozaje.me\/en\/vodovod-i-kanalizacija\/","title":{"rendered":"Water supply and sewerage"},"content":{"rendered":"<p><span style=\"color: #003366;\"><a class=\"button small default\"><span style=\"color: #003366;\"><strong>Director:\u00a0 <\/strong>Senad Mujevic<br \/>\nAddress: &quot;Jaha Kurtagi\u0107a&quot; bb, 84 310 Ro\u017eaje<br \/>\nPhone: 051\/271-334; Mobile:<br \/>\ne-mail: jpvik.r@hotmail.com;<\/span><\/a><\/span><br \/>\nThe main activity of JP \u00bbWaterworks and sewerage\u00ab Ro\u017eaje:<\/p>\n<ul>\n<li>Capture, treatment and distribution of drinking water to consumers,<\/li>\n<li>Maintenance of primary and secondary water supply network,<\/li>\n<li>Permanent monitoring of the state of hygienic and technical correctness of drinking water,<\/li>\n<li>Maintenance of fecal and storm sewers<\/li>\n<\/ul>","protected":false},"excerpt":{"rendered":"<p>Direktor:\u00a0 Senad Mujevi\u0107 Adresa: &#8220;Jaha Kurtagi\u0107a&#8221; bb, 84 310 Ro\u017eaje Tel: 051\/271-334; Mob: e-mail: jpvik.r@hotmail.com; Osnovna\u00a0 delatnost\u00a0 JP \u00bbVodovod i kanalizacija\u00ab \u00a0Ro\u017eaje: Zahvatanje, tretman i&#46;&#46;&#46;<\/p>","protected":false},"author":11,"featured_media":0,"parent":0,"menu_order":0,"comment_status":"open","ping_status":"open","template":"","meta":{"_monsterinsights_skip_tracking":false,"_monsterinsights_sitenote_active":false,"_monsterinsights_sitenote_note":"","_monsterinsights_sitenote_category":0,"footnotes":""},"class_list":["post-508","page","type-page","status-publish","hentry"],"yoast_head":"<!-- This site is optimized with the Yoast SEO plugin v27.2 - https:\/\/yoast.com\/product\/yoast-seo-wordpress\/ -->\n<title>Vodovod i kanalizacija - Op\u0161tina Ro\u017eaje<\/title>\n<meta name=\"robots\" content=\"index, follow, max-snippet:-1, max-image-preview:large, max-video-preview:-1\" \/>\n<link rel=\"canonical\" href=\"https:\/\/www.rozaje.me\/en\/vodovod-i-kanalizacija\/\" \/>\n<meta property=\"og:locale\" content=\"en_GB\" \/>\n<meta property=\"og:type\" content=\"article\" \/>\n<meta property=\"og:title\" content=\"Vodovod i kanalizacija - Op\u0161tina Ro\u017eaje\" \/>\n<meta property=\"og:description\" content=\"Direktor:\u00a0 Senad Mujevi\u0107 Adresa: &#8220;Jaha Kurtagi\u0107a&#8221; bb, 84 310 Ro\u017eaje Tel: 051\/271-334; Mob: e-mail: jpvik.r@hotmail.com; Osnovna\u00a0 delatnost\u00a0 JP \u00bbVodovod i kanalizacija\u00ab \u00a0Ro\u017eaje: Zahvatanje, tretman i&#046;&#046;&#046;\" \/>\n<meta property=\"og:url\" content=\"https:\/\/www.rozaje.me\/en\/vodovod-i-kanalizacija\/\" \/>\n<meta property=\"og:site_name\" content=\"Op\u0161tina Ro\u017eaje\" \/>\n<meta property=\"article:publisher\" content=\"https:\/\/www.facebook.com\/OpstinaRozajeOfficial\/\" \/>\n<meta property=\"article:modified_time\" content=\"2021-11-01T11:00:44+00:00\" \/>\n<meta name=\"twitter:card\" content=\"summary_large_image\" \/>\n<meta name=\"twitter:label1\" content=\"Estimated reading time\" \/>\n\t<meta name=\"twitter:data1\" content=\"1 minute\" \/>\n<script type=\"application\/ld+json\" class=\"yoast-schema-graph\">{\"@context\":\"https:\/\/schema.org\",\"@graph\":[{\"@type\":\"WebPage\",\"@id\":\"https:\/\/www.rozaje.me\/vodovod-i-kanalizacija\/\",\"url\":\"https:\/\/www.rozaje.me\/vodovod-i-kanalizacija\/\",\"name\":\"Vodovod i kanalizacija - Op\u0161tina Ro\u017eaje\",\"isPartOf\":{\"@id\":\"https:\/\/www.rozaje.me\/#website\"},\"datePublished\":\"2012-04-17T22:50:33+00:00\",\"dateModified\":\"2021-11-01T11:00:44+00:00\",\"breadcrumb\":{\"@id\":\"https:\/\/www.rozaje.me\/vodovod-i-kanalizacija\/#breadcrumb\"},\"inLanguage\":\"en-GB\",\"potentialAction\":[{\"@type\":\"ReadAction\",\"target\":[\"https:\/\/www.rozaje.me\/vodovod-i-kanalizacija\/\"]}]},{\"@type\":\"BreadcrumbList\",\"@id\":\"https:\/\/www.rozaje.me\/vodovod-i-kanalizacija\/#breadcrumb\",\"itemListElement\":[{\"@type\":\"ListItem\",\"position\":1,\"name\":\"Home\",\"item\":\"https:\/\/www.rozaje.me\/\"},{\"@type\":\"ListItem\",\"position\":2,\"name\":\"Vodovod i kanalizacija\"}]},{\"@type\":\"WebSite\",\"@id\":\"https:\/\/www.rozaje.me\/#website\",\"url\":\"https:\/\/www.rozaje.me\/\",\"name\":\"Op\u0161tina Ro\u017eaje\",\"description\":\"Zvani\u010dna veb stranica Op\u0161tine Ro\u017eaje\",\"publisher\":{\"@id\":\"https:\/\/www.rozaje.me\/#organization\"},\"alternateName\":\"Opstina Rozaje\",\"potentialAction\":[{\"@type\":\"SearchAction\",\"target\":{\"@type\":\"EntryPoint\",\"urlTemplate\":\"https:\/\/www.rozaje.me\/?s={search_term_string}\"},\"query-input\":{\"@type\":\"PropertyValueSpecification\",\"valueRequired\":true,\"valueName\":\"search_term_string\"}}],\"inLanguage\":\"en-GB\"},{\"@type\":\"Organization\",\"@id\":\"https:\/\/www.rozaje.me\/#organization\",\"name\":\"Opstina Rozaje\",\"url\":\"https:\/\/www.rozaje.me\/\",\"logo\":{\"@type\":\"ImageObject\",\"inLanguage\":\"en-GB\",\"@id\":\"https:\/\/www.rozaje.me\/#\/schema\/logo\/image\/\",\"url\":\"https:\/\/www.rozaje.me\/wp-content\/uploads\/2022\/08\/logo-textless.svg\",\"contentUrl\":\"https:\/\/www.rozaje.me\/wp-content\/uploads\/2022\/08\/logo-textless.svg\",\"width\":108.00360000000000582076609134674072265625,\"height\":131.15059999999999718056642450392246246337890625,\"caption\":\"Opstina Rozaje\"},\"image\":{\"@id\":\"https:\/\/www.rozaje.me\/#\/schema\/logo\/image\/\"},\"sameAs\":[\"https:\/\/www.facebook.com\/OpstinaRozajeOfficial\/\",\"https:\/\/www.youtube.com\/channel\/UCepcislHIwc6KRZTLa6FIlg\"]}]}<\/script>\n<!-- \/ Yoast SEO plugin. -->","yoast_head_json":{"title":"Vodovod i kanalizacija - Op\u0161tina Ro\u017eaje","robots":{"index":"index","follow":"follow","max-snippet":"max-snippet:-1","max-image-preview":"max-image-preview:large","max-video-preview":"max-video-preview:-1"},"canonical":"https:\/\/www.rozaje.me\/en\/vodovod-i-kanalizacija\/","og_locale":"en_GB","og_type":"article","og_title":"Vodovod i kanalizacija - Op\u0161tina Ro\u017eaje","og_description":"Direktor:\u00a0 Senad Mujevi\u0107 Adresa: &#8220;Jaha Kurtagi\u0107a&#8221; bb, 84 310 Ro\u017eaje Tel: 051\/271-334; Mob: e-mail: jpvik.r@hotmail.com; Osnovna\u00a0 delatnost\u00a0 JP \u00bbVodovod i kanalizacija\u00ab \u00a0Ro\u017eaje: Zahvatanje, tretman i&#46;&#46;&#46;","og_url":"https:\/\/www.rozaje.me\/en\/vodovod-i-kanalizacija\/","og_site_name":"Op\u0161tina Ro\u017eaje","article_publisher":"https:\/\/www.facebook.com\/OpstinaRozajeOfficial\/","article_modified_time":"2021-11-01T11:00:44+00:00","twitter_card":"summary_large_image","twitter_misc":{"Estimated reading time":"1 minute"},"schema":{"@context":"https:\/\/schema.org","@graph":[{"@type":"WebPage","@id":"https:\/\/www.rozaje.me\/vodovod-i-kanalizacija\/","url":"https:\/\/www.rozaje.me\/vodovod-i-kanalizacija\/","name":"Vodovod i kanalizacija - Op\u0161tina Ro\u017eaje","isPartOf":{"@id":"https:\/\/www.rozaje.me\/#website"},"datePublished":"2012-04-17T22:50:33+00:00","dateModified":"2021-11-01T11:00:44+00:00","breadcrumb":{"@id":"https:\/\/www.rozaje.me\/vodovod-i-kanalizacija\/#breadcrumb"},"inLanguage":"en-GB","potentialAction":[{"@type":"ReadAction","target":["https:\/\/www.rozaje.me\/vodovod-i-kanalizacija\/"]}]},{"@type":"BreadcrumbList","@id":"https:\/\/www.rozaje.me\/vodovod-i-kanalizacija\/#breadcrumb","itemListElement":[{"@type":"ListItem","position":1,"name":"Home","item":"https:\/\/www.rozaje.me\/"},{"@type":"ListItem","position":2,"name":"Vodovod i kanalizacija"}]},{"@type":"WebSite","@id":"https:\/\/www.rozaje.me\/#website","url":"https:\/\/www.rozaje.me\/","name":"Municipality of Ro\u017eaje","description":"The official website of the Municipality of Ro\u017eaje","publisher":{"@id":"https:\/\/www.rozaje.me\/#organization"},"alternateName":"Opstina Rozaje","potentialAction":[{"@type":"SearchAction","target":{"@type":"EntryPoint","urlTemplate":"https:\/\/www.rozaje.me\/?s={search_term_string}"},"query-input":{"@type":"PropertyValueSpecification","valueRequired":true,"valueName":"search_term_string"}}],"inLanguage":"en-GB"},{"@type":"Organization","@id":"https:\/\/www.rozaje.me\/#organization","name":"Opstina Rozaje","url":"https:\/\/www.rozaje.me\/","logo":{"@type":"ImageObject","inLanguage":"en-GB","@id":"https:\/\/www.rozaje.me\/#\/schema\/logo\/image\/","url":"https:\/\/www.rozaje.me\/wp-content\/uploads\/2022\/08\/logo-textless.svg","contentUrl":"https:\/\/www.rozaje.me\/wp-content\/uploads\/2022\/08\/logo-textless.svg","width":108.00360000000000582076609134674072265625,"height":131.15059999999999718056642450392246246337890625,"caption":"Opstina Rozaje"},"image":{"@id":"https:\/\/www.rozaje.me\/#\/schema\/logo\/image\/"},"sameAs":["https:\/\/www.facebook.com\/OpstinaRozajeOfficial\/","https:\/\/www.youtube.com\/channel\/UCepcislHIwc6KRZTLa6FIlg"]}]}},"_links":{"self":[{"href":"https:\/\/www.rozaje.me\/en\/wp-json\/wp\/v2\/pages\/508","targetHints":{"allow":["GET"]}}],"collection":[{"href":"https:\/\/www.rozaje.me\/en\/wp-json\/wp\/v2\/pages"}],"about":[{"href":"https:\/\/www.rozaje.me\/en\/wp-json\/wp\/v2\/types\/page"}],"author":[{"embeddable":true,"href":"https:\/\/www.rozaje.me\/en\/wp-json\/wp\/v2\/users\/11"}],"replies":[{"embeddable":true,"href":"https:\/\/www.rozaje.me\/en\/wp-json\/wp\/v2\/comments?post=508"}],"version-history":[{"count":0,"href":"https:\/\/www.rozaje.me\/en\/wp-json\/wp\/v2\/pages\/508\/revisions"}],"wp:attachment":[{"href":"https:\/\/www.rozaje.me\/en\/wp-json\/wp\/v2\/media?parent=508"}],"curies":[{"name":"wp","href":"https:\/\/api.w.org\/{rel}","templated":true}]}}