{"id":506,"date":"2012-04-17T22:50:22","date_gmt":"2012-04-17T22:50:22","guid":{"rendered":"http:\/\/www.rozaje.me\/?page_id=506"},"modified":"2021-11-09T09:01:51","modified_gmt":"2021-11-09T08:01:51","slug":"komunalno","status":"publish","type":"page","link":"https:\/\/www.rozaje.me\/en\/komunalno\/","title":{"rendered":"Communal"},"content":{"rendered":"\n<hr class=\"wp-block-separator\"\/>\n\n\n\n<p><strong>JP &#8220;Komunalno&#8221; Ro\u017eaje<\/strong><\/p>\n\n\n\n<hr class=\"wp-block-separator\"\/>\n\n\n<p><span style=\"color: #003366;\"><a class=\"button small default\"><span style=\"color: #003366;\"><strong>Direktor: Nazim Daci\u0107<\/strong><br \/>Adresa: Jaha Kurtagica bb, 84 310 Ro\u017eaje<br \/>Tel: 051\/271-330; Mob: 068\/035-802<br \/>e-mail: jpk.r@live.com;<br \/>www.komunalnorozaje.me;<br \/><\/span><\/a><\/span><\/p>\n<p style=\"text-align: justify;\"><strong>JP &#8220;Komunalno<\/strong>&#8221; Ro\u017eaje \u00a0spada u kategoriju javnih preduze\u0107a i obavlja delatnost od op\u0161teg interesa za Op\u0161tinu Ro\u017eaje. Od osnivanja 2010 god. Javno preduze\u0107e &#8220;Komunalno&#8221; Ro\u017eaje promijenilo je oblik organizovanja, ime i delokrug rada. Poslije\u00a0 transformacije\u00a0 u 2010 god. kada je iz nekada\u0161njeg JKP Ro\u017eaje izvr\u0161ena podela na JP ,,Komunalno,, i JP ,,Vodovod i kanalizacija,,<\/p>\n<p style=\"text-align: justify;\">Javno preduze\u0107e &#8220;Komunalno&#8221; u Ro\u017eaje je po svom statusu javno preduze\u0107e osnovano radi obavljanja komunalne delatnosti od op\u0161teg interesa za sve gra\u0111ane i privredu. Delokrug rada JP &#8220;Komunalno&#8221; obuhvata niz komunalnih delatnosti:<\/p>\n<ul style=\"text-align: justify;\">\n<li>odr\u017eavanje javne higijene u gradu;<\/li>\n<li>odr\u017eavanje javnih povr\u0161ina i ulica sa svim prate\u0107im objektima na njima;<\/li>\n<li>odr\u017eavanje\u00a0 zelenih povr\u0161ina u gradu;<\/li>\n<li>odr\u017eavanje \u010disto\u0107e kod fizi\u010dkih i pravnih lica;<\/li>\n<li>odr\u017eavanje i kori\u0161\u0107enje privremene glavne gradske deponije;<\/li>\n<li>zimsko odr\u017eavanje ulica i javnih povr\u0161ina u gradu;<\/li>\n<li>pija\u010dne usluge i odr\u017eavanje pijaca;<\/li>\n<\/ul>\n<p style=\"text-align: justify;\">Radi efikasnijeg rada i bolje funkcionalne postavljenosti\u00a0raspolo\u017eivih kapaciteta, Javno komunalno preduze\u0107e je svoj rad postavilo u sektorskoj organizaciji i to:<\/p>\n<ul style=\"text-align: justify;\">\n<li>Radna jedinica\u00a0 gradska \u010disto\u0107a i gradsko zelenilo;<\/li>\n<li>Radna jedinica uredjenje grada i pijaca;<\/li>\n<li>Slu\u017eba \u00a0za zajedni\u010dke poslove;<\/li>\n<\/ul>\n<p style=\"text-align: justify;\">JP &#8220;Komunalno&#8221; Ro\u017eaje\u00a0 je razvrstan u kategoriju srednjih preduze\u0107a. Ukupan broj radnika je 48 .<\/p>\n<div class=\"line\"><span class=\"top\">[<a href=\"http:\/\/www.komunalnorozaje.me\/\">Komunalno<\/a>]<\/span><\/div>","protected":false},"excerpt":{"rendered":"<p>JP &#8220;Komunalno&#8221; Ro\u017eaje Direktor: Nazim Daci\u0107Adresa: Jaha Kurtagica bb, 84 310 Ro\u017eajeTel: 051\/271-330; Mob: 068\/035-802e-mail: jpk.r@live.com;www.komunalnorozaje.me; JP &#8220;Komunalno&#8221; Ro\u017eaje \u00a0spada u kategoriju javnih preduze\u0107a i&#46;&#46;&#46;<\/p>","protected":false},"author":11,"featured_media":0,"parent":0,"menu_order":0,"comment_status":"open","ping_status":"open","template":"","meta":{"_monsterinsights_skip_tracking":false,"_monsterinsights_sitenote_active":false,"_monsterinsights_sitenote_note":"","_monsterinsights_sitenote_category":0,"footnotes":""},"class_list":["post-506","page","type-page","status-publish","hentry"],"yoast_head":"<!-- This site is optimized with the Yoast SEO plugin v27.2 - https:\/\/yoast.com\/product\/yoast-seo-wordpress\/ -->\n<title>Komunalno - Op\u0161tina Ro\u017eaje<\/title>\n<meta name=\"robots\" content=\"index, follow, max-snippet:-1, max-image-preview:large, max-video-preview:-1\" \/>\n<link rel=\"canonical\" href=\"https:\/\/www.rozaje.me\/en\/komunalno\/\" \/>\n<meta property=\"og:locale\" content=\"en_GB\" \/>\n<meta property=\"og:type\" content=\"article\" \/>\n<meta property=\"og:title\" content=\"Komunalno - Op\u0161tina Ro\u017eaje\" \/>\n<meta property=\"og:description\" content=\"JP &#8220;Komunalno&#8221; Ro\u017eaje Direktor: Nazim Daci\u0107Adresa: Jaha Kurtagica bb, 84 310 Ro\u017eajeTel: 051\/271-330; Mob: 068\/035-802e-mail: jpk.r@live.com;www.komunalnorozaje.me; JP &#8220;Komunalno&#8221; Ro\u017eaje \u00a0spada u kategoriju javnih preduze\u0107a i&#046;&#046;&#046;\" \/>\n<meta property=\"og:url\" content=\"https:\/\/www.rozaje.me\/en\/komunalno\/\" \/>\n<meta property=\"og:site_name\" content=\"Op\u0161tina Ro\u017eaje\" \/>\n<meta property=\"article:publisher\" content=\"https:\/\/www.facebook.com\/OpstinaRozajeOfficial\/\" \/>\n<meta property=\"article:modified_time\" content=\"2021-11-09T08:01:51+00:00\" \/>\n<meta name=\"twitter:card\" content=\"summary_large_image\" \/>\n<meta name=\"twitter:label1\" content=\"Estimated reading time\" \/>\n\t<meta name=\"twitter:data1\" content=\"1 minute\" \/>\n<script type=\"application\/ld+json\" class=\"yoast-schema-graph\">{\"@context\":\"https:\/\/schema.org\",\"@graph\":[{\"@type\":\"WebPage\",\"@id\":\"https:\/\/www.rozaje.me\/komunalno\/\",\"url\":\"https:\/\/www.rozaje.me\/komunalno\/\",\"name\":\"Komunalno - Op\u0161tina Ro\u017eaje\",\"isPartOf\":{\"@id\":\"https:\/\/www.rozaje.me\/#website\"},\"datePublished\":\"2012-04-17T22:50:22+00:00\",\"dateModified\":\"2021-11-09T08:01:51+00:00\",\"breadcrumb\":{\"@id\":\"https:\/\/www.rozaje.me\/komunalno\/#breadcrumb\"},\"inLanguage\":\"en-GB\",\"potentialAction\":[{\"@type\":\"ReadAction\",\"target\":[\"https:\/\/www.rozaje.me\/komunalno\/\"]}]},{\"@type\":\"BreadcrumbList\",\"@id\":\"https:\/\/www.rozaje.me\/komunalno\/#breadcrumb\",\"itemListElement\":[{\"@type\":\"ListItem\",\"position\":1,\"name\":\"Home\",\"item\":\"https:\/\/www.rozaje.me\/\"},{\"@type\":\"ListItem\",\"position\":2,\"name\":\"Komunalno\"}]},{\"@type\":\"WebSite\",\"@id\":\"https:\/\/www.rozaje.me\/#website\",\"url\":\"https:\/\/www.rozaje.me\/\",\"name\":\"Op\u0161tina Ro\u017eaje\",\"description\":\"Zvani\u010dna veb stranica Op\u0161tine Ro\u017eaje\",\"publisher\":{\"@id\":\"https:\/\/www.rozaje.me\/#organization\"},\"alternateName\":\"Opstina Rozaje\",\"potentialAction\":[{\"@type\":\"SearchAction\",\"target\":{\"@type\":\"EntryPoint\",\"urlTemplate\":\"https:\/\/www.rozaje.me\/?s={search_term_string}\"},\"query-input\":{\"@type\":\"PropertyValueSpecification\",\"valueRequired\":true,\"valueName\":\"search_term_string\"}}],\"inLanguage\":\"en-GB\"},{\"@type\":\"Organization\",\"@id\":\"https:\/\/www.rozaje.me\/#organization\",\"name\":\"Opstina Rozaje\",\"url\":\"https:\/\/www.rozaje.me\/\",\"logo\":{\"@type\":\"ImageObject\",\"inLanguage\":\"en-GB\",\"@id\":\"https:\/\/www.rozaje.me\/#\/schema\/logo\/image\/\",\"url\":\"https:\/\/www.rozaje.me\/wp-content\/uploads\/2022\/08\/logo-textless.svg\",\"contentUrl\":\"https:\/\/www.rozaje.me\/wp-content\/uploads\/2022\/08\/logo-textless.svg\",\"width\":108.00360000000000582076609134674072265625,\"height\":131.15059999999999718056642450392246246337890625,\"caption\":\"Opstina Rozaje\"},\"image\":{\"@id\":\"https:\/\/www.rozaje.me\/#\/schema\/logo\/image\/\"},\"sameAs\":[\"https:\/\/www.facebook.com\/OpstinaRozajeOfficial\/\",\"https:\/\/www.youtube.com\/channel\/UCepcislHIwc6KRZTLa6FIlg\"]}]}<\/script>\n<!-- \/ Yoast SEO plugin. -->","yoast_head_json":{"title":"Komunalno - Op\u0161tina Ro\u017eaje","robots":{"index":"index","follow":"follow","max-snippet":"max-snippet:-1","max-image-preview":"max-image-preview:large","max-video-preview":"max-video-preview:-1"},"canonical":"https:\/\/www.rozaje.me\/en\/komunalno\/","og_locale":"en_GB","og_type":"article","og_title":"Komunalno - Op\u0161tina Ro\u017eaje","og_description":"JP &#8220;Komunalno&#8221; Ro\u017eaje Direktor: Nazim Daci\u0107Adresa: Jaha Kurtagica bb, 84 310 Ro\u017eajeTel: 051\/271-330; Mob: 068\/035-802e-mail: jpk.r@live.com;www.komunalnorozaje.me; JP &#8220;Komunalno&#8221; Ro\u017eaje \u00a0spada u kategoriju javnih preduze\u0107a i&#46;&#46;&#46;","og_url":"https:\/\/www.rozaje.me\/en\/komunalno\/","og_site_name":"Op\u0161tina Ro\u017eaje","article_publisher":"https:\/\/www.facebook.com\/OpstinaRozajeOfficial\/","article_modified_time":"2021-11-09T08:01:51+00:00","twitter_card":"summary_large_image","twitter_misc":{"Estimated reading time":"1 minute"},"schema":{"@context":"https:\/\/schema.org","@graph":[{"@type":"WebPage","@id":"https:\/\/www.rozaje.me\/komunalno\/","url":"https:\/\/www.rozaje.me\/komunalno\/","name":"Komunalno - Op\u0161tina Ro\u017eaje","isPartOf":{"@id":"https:\/\/www.rozaje.me\/#website"},"datePublished":"2012-04-17T22:50:22+00:00","dateModified":"2021-11-09T08:01:51+00:00","breadcrumb":{"@id":"https:\/\/www.rozaje.me\/komunalno\/#breadcrumb"},"inLanguage":"en-GB","potentialAction":[{"@type":"ReadAction","target":["https:\/\/www.rozaje.me\/komunalno\/"]}]},{"@type":"BreadcrumbList","@id":"https:\/\/www.rozaje.me\/komunalno\/#breadcrumb","itemListElement":[{"@type":"ListItem","position":1,"name":"Home","item":"https:\/\/www.rozaje.me\/"},{"@type":"ListItem","position":2,"name":"Komunalno"}]},{"@type":"WebSite","@id":"https:\/\/www.rozaje.me\/#website","url":"https:\/\/www.rozaje.me\/","name":"Municipality of Ro\u017eaje","description":"The official website of the Municipality of Ro\u017eaje","publisher":{"@id":"https:\/\/www.rozaje.me\/#organization"},"alternateName":"Opstina Rozaje","potentialAction":[{"@type":"SearchAction","target":{"@type":"EntryPoint","urlTemplate":"https:\/\/www.rozaje.me\/?s={search_term_string}"},"query-input":{"@type":"PropertyValueSpecification","valueRequired":true,"valueName":"search_term_string"}}],"inLanguage":"en-GB"},{"@type":"Organization","@id":"https:\/\/www.rozaje.me\/#organization","name":"Opstina Rozaje","url":"https:\/\/www.rozaje.me\/","logo":{"@type":"ImageObject","inLanguage":"en-GB","@id":"https:\/\/www.rozaje.me\/#\/schema\/logo\/image\/","url":"https:\/\/www.rozaje.me\/wp-content\/uploads\/2022\/08\/logo-textless.svg","contentUrl":"https:\/\/www.rozaje.me\/wp-content\/uploads\/2022\/08\/logo-textless.svg","width":108.00360000000000582076609134674072265625,"height":131.15059999999999718056642450392246246337890625,"caption":"Opstina Rozaje"},"image":{"@id":"https:\/\/www.rozaje.me\/#\/schema\/logo\/image\/"},"sameAs":["https:\/\/www.facebook.com\/OpstinaRozajeOfficial\/","https:\/\/www.youtube.com\/channel\/UCepcislHIwc6KRZTLa6FIlg"]}]}},"_links":{"self":[{"href":"https:\/\/www.rozaje.me\/en\/wp-json\/wp\/v2\/pages\/506","targetHints":{"allow":["GET"]}}],"collection":[{"href":"https:\/\/www.rozaje.me\/en\/wp-json\/wp\/v2\/pages"}],"about":[{"href":"https:\/\/www.rozaje.me\/en\/wp-json\/wp\/v2\/types\/page"}],"author":[{"embeddable":true,"href":"https:\/\/www.rozaje.me\/en\/wp-json\/wp\/v2\/users\/11"}],"replies":[{"embeddable":true,"href":"https:\/\/www.rozaje.me\/en\/wp-json\/wp\/v2\/comments?post=506"}],"version-history":[{"count":0,"href":"https:\/\/www.rozaje.me\/en\/wp-json\/wp\/v2\/pages\/506\/revisions"}],"wp:attachment":[{"href":"https:\/\/www.rozaje.me\/en\/wp-json\/wp\/v2\/media?parent=506"}],"curies":[{"name":"wp","href":"https:\/\/api.w.org\/{rel}","templated":true}]}}