{"id":504,"date":"2012-04-17T22:49:56","date_gmt":"2012-04-17T22:49:56","guid":{"rendered":"http:\/\/www.rozaje.me\/?page_id=504"},"modified":"2021-11-09T08:57:45","modified_gmt":"2021-11-09T07:57:45","slug":"zavicajni-muzej","status":"publish","type":"page","link":"https:\/\/www.rozaje.me\/en\/zavicajni-muzej\/","title":{"rendered":"Native museum"},"content":{"rendered":"\n<hr class=\"wp-block-separator\"\/>\n\n\n\n<p><strong>JU Zavi\u010dajni muzej &#8220;Gani\u0107a kula&#8221;<\/strong><\/p>\n\n\n\n<hr class=\"wp-block-separator\"\/>\n\n\n<p><span style=\"color: #003366;\"><span style=\"color: #003366;\"><strong>Direktor: Edin Sutovi\u0107<\/strong><br \/>Adresa: Trg IX Crnogorske brigade bb<br \/>Mob: +382 (0) 51 272 050 <br \/>+382 (0) 67 566 864<br \/>e-mail: <a href=\"mailto:muzejrozaje@gmail.com\">muzejrozaje@gmail.com<\/a><br \/>http:\/\/muzejganicakula.me.me;<\/span><\/span><\/p>\n\n\n<hr class=\"wp-block-separator\"\/>\n\n\n\n<p><strong>JU Zavi\u010dajni muzej\u201cGani\u0107a kula\u201c Ro\u017eaje,<\/strong> osnovana je odlukom SO-e Ro\u017eaje 26.04.1991.godine.<\/p>\n\n\n\n<p class=\"rt\">Muzej je koncipiran kao ustanova kompleksnog tipa sa zadatkom da sakuplja,\u010duva,prezentuje i publikuje originalna svjedo\u010danstva o \u017eivotu i obi\u010dajima naroda na podru\u010dju Ro\u017eaja, u cilju adekvatne valorizacije pro\u0161losti i zadovoljenja komponente turisti\u010dkog razvoja grada.<\/p>\n\n\n\n<p class=\"rt\">Muzej je smje\u0161ten u istorijskom zdanju,obnovljenom i adaptiranom objektu Gani\u0107a kuli sagra\u0111enoj po\u010detkom XVIII vijeka, koja je simbol grada i nalazi se na zvani\u010dnom grbu op\u0161tine Ro\u017eaje.<\/p>\n\n\n\n<p>Djelatnost JU Zavi\u010dajni muzej&#8221;Gani\u0107a kula&#8221; Ro\u017eaje je:<\/p>\n\n\n\n<ul class=\"rt wp-block-list\"><li>Sistematsko istra\u017eivanje, prikupljanje, prou\u010davanje, \u010duvanje, stru\u010dna za\u0161tita, stru\u010dna i nau\u010dna obrada pokretnih dobara zna\u010dajnih za kulturu, umjetnost, nauku i obrazovanje kao i publikovanje rezultata djelatnosti;<\/li><li>Stvaranje povoljnih uslova da pokretna kulturna dobra budu sa\u010duvana i da slu\u017ee zadovoljenju kulturnih , nau\u010dnih i drugih potreba dru\u0161tva;<\/li><li>Prikupljanje, procjena i otkup eksponata sa teritorije koju pokriva ustanova;<\/li><li>Stru\u010dna i nau\u010dna obrada i za\u0161tita eksponata ustanove;<\/li><li>Konzervacija, rekonstrukcija i revitalizacija kulturno-istorijskih spomenika;<\/li><li>Ustanova vr\u0161i redovnu za\u0161titu stvari koje se odnose na istoriju dru\u0161tva, \u017eivot i rad istaknutih li\u010dnosti, arheolo\u0161kih predmeta, zbirki koje imaju istorijsku vrijednost kao cjeline, pojedine primjerke starog novca, medalje, ordenja, pe\u010date, zbirke po\u0161tanskih i taksenih marki.<\/li><li>Pravo upravljanja eksponatima i drugim kulturnim dobrima pripada osniva\u010du&nbsp;odnosno ustanovi koju je osnovala Op\u0161tina. [<a href=\"http:\/\/www.muzejrozaje.me\/\">Zavi\u010dajni muzej<\/a>]<\/li><\/ul>\n","protected":false},"excerpt":{"rendered":"<p>JU Zavi\u010dajni muzej &#8220;Gani\u0107a kula&#8221; Direktor: Edin Sutovi\u0107Adresa: Trg IX Crnogorske brigade bbMob: +382 (0) 51 272 050 +382 (0) 67 566 864e-mail: muzejrozaje@gmail.comhttp:\/\/muzejganicakula.me.me; JU&#46;&#46;&#46;<\/p>","protected":false},"author":11,"featured_media":0,"parent":0,"menu_order":0,"comment_status":"open","ping_status":"open","template":"","meta":{"_monsterinsights_skip_tracking":false,"_monsterinsights_sitenote_active":false,"_monsterinsights_sitenote_note":"","_monsterinsights_sitenote_category":0,"footnotes":""},"class_list":["post-504","page","type-page","status-publish","hentry"],"yoast_head":"<!-- This site is optimized with the Yoast SEO plugin v27.2 - https:\/\/yoast.com\/product\/yoast-seo-wordpress\/ -->\n<title>Zavi\u010dajni muzej - Op\u0161tina Ro\u017eaje<\/title>\n<meta name=\"robots\" content=\"index, follow, max-snippet:-1, max-image-preview:large, max-video-preview:-1\" \/>\n<link rel=\"canonical\" href=\"https:\/\/www.rozaje.me\/en\/zavicajni-muzej\/\" \/>\n<meta property=\"og:locale\" content=\"en_GB\" \/>\n<meta property=\"og:type\" content=\"article\" \/>\n<meta property=\"og:title\" content=\"Zavi\u010dajni muzej - Op\u0161tina Ro\u017eaje\" \/>\n<meta property=\"og:description\" content=\"JU Zavi\u010dajni muzej &#8220;Gani\u0107a kula&#8221; Direktor: Edin Sutovi\u0107Adresa: Trg IX Crnogorske brigade bbMob: +382 (0) 51 272 050 +382 (0) 67 566 864e-mail: muzejrozaje@gmail.comhttp:\/\/muzejganicakula.me.me; JU&#046;&#046;&#046;\" \/>\n<meta property=\"og:url\" content=\"https:\/\/www.rozaje.me\/en\/zavicajni-muzej\/\" \/>\n<meta property=\"og:site_name\" content=\"Op\u0161tina Ro\u017eaje\" \/>\n<meta property=\"article:publisher\" content=\"https:\/\/www.facebook.com\/OpstinaRozajeOfficial\/\" \/>\n<meta property=\"article:modified_time\" content=\"2021-11-09T07:57:45+00:00\" \/>\n<meta name=\"twitter:card\" content=\"summary_large_image\" \/>\n<meta name=\"twitter:label1\" content=\"Estimated reading time\" \/>\n\t<meta name=\"twitter:data1\" content=\"1 minute\" \/>\n<script type=\"application\/ld+json\" class=\"yoast-schema-graph\">{\"@context\":\"https:\/\/schema.org\",\"@graph\":[{\"@type\":\"WebPage\",\"@id\":\"https:\/\/www.rozaje.me\/zavicajni-muzej\/\",\"url\":\"https:\/\/www.rozaje.me\/zavicajni-muzej\/\",\"name\":\"Zavi\u010dajni muzej - Op\u0161tina Ro\u017eaje\",\"isPartOf\":{\"@id\":\"https:\/\/www.rozaje.me\/#website\"},\"datePublished\":\"2012-04-17T22:49:56+00:00\",\"dateModified\":\"2021-11-09T07:57:45+00:00\",\"breadcrumb\":{\"@id\":\"https:\/\/www.rozaje.me\/zavicajni-muzej\/#breadcrumb\"},\"inLanguage\":\"en-GB\",\"potentialAction\":[{\"@type\":\"ReadAction\",\"target\":[\"https:\/\/www.rozaje.me\/zavicajni-muzej\/\"]}]},{\"@type\":\"BreadcrumbList\",\"@id\":\"https:\/\/www.rozaje.me\/zavicajni-muzej\/#breadcrumb\",\"itemListElement\":[{\"@type\":\"ListItem\",\"position\":1,\"name\":\"Home\",\"item\":\"https:\/\/www.rozaje.me\/\"},{\"@type\":\"ListItem\",\"position\":2,\"name\":\"Zavi\u010dajni muzej\"}]},{\"@type\":\"WebSite\",\"@id\":\"https:\/\/www.rozaje.me\/#website\",\"url\":\"https:\/\/www.rozaje.me\/\",\"name\":\"Op\u0161tina Ro\u017eaje\",\"description\":\"Zvani\u010dna veb stranica Op\u0161tine Ro\u017eaje\",\"publisher\":{\"@id\":\"https:\/\/www.rozaje.me\/#organization\"},\"alternateName\":\"Opstina Rozaje\",\"potentialAction\":[{\"@type\":\"SearchAction\",\"target\":{\"@type\":\"EntryPoint\",\"urlTemplate\":\"https:\/\/www.rozaje.me\/?s={search_term_string}\"},\"query-input\":{\"@type\":\"PropertyValueSpecification\",\"valueRequired\":true,\"valueName\":\"search_term_string\"}}],\"inLanguage\":\"en-GB\"},{\"@type\":\"Organization\",\"@id\":\"https:\/\/www.rozaje.me\/#organization\",\"name\":\"Opstina Rozaje\",\"url\":\"https:\/\/www.rozaje.me\/\",\"logo\":{\"@type\":\"ImageObject\",\"inLanguage\":\"en-GB\",\"@id\":\"https:\/\/www.rozaje.me\/#\/schema\/logo\/image\/\",\"url\":\"https:\/\/www.rozaje.me\/wp-content\/uploads\/2022\/08\/logo-textless.svg\",\"contentUrl\":\"https:\/\/www.rozaje.me\/wp-content\/uploads\/2022\/08\/logo-textless.svg\",\"width\":108.00360000000000582076609134674072265625,\"height\":131.15059999999999718056642450392246246337890625,\"caption\":\"Opstina Rozaje\"},\"image\":{\"@id\":\"https:\/\/www.rozaje.me\/#\/schema\/logo\/image\/\"},\"sameAs\":[\"https:\/\/www.facebook.com\/OpstinaRozajeOfficial\/\",\"https:\/\/www.youtube.com\/channel\/UCepcislHIwc6KRZTLa6FIlg\"]}]}<\/script>\n<!-- \/ Yoast SEO plugin. -->","yoast_head_json":{"title":"Zavi\u010dajni muzej - Op\u0161tina Ro\u017eaje","robots":{"index":"index","follow":"follow","max-snippet":"max-snippet:-1","max-image-preview":"max-image-preview:large","max-video-preview":"max-video-preview:-1"},"canonical":"https:\/\/www.rozaje.me\/en\/zavicajni-muzej\/","og_locale":"en_GB","og_type":"article","og_title":"Zavi\u010dajni muzej - Op\u0161tina Ro\u017eaje","og_description":"JU Zavi\u010dajni muzej &#8220;Gani\u0107a kula&#8221; Direktor: Edin Sutovi\u0107Adresa: Trg IX Crnogorske brigade bbMob: +382 (0) 51 272 050 +382 (0) 67 566 864e-mail: muzejrozaje@gmail.comhttp:\/\/muzejganicakula.me.me; JU&#46;&#46;&#46;","og_url":"https:\/\/www.rozaje.me\/en\/zavicajni-muzej\/","og_site_name":"Op\u0161tina Ro\u017eaje","article_publisher":"https:\/\/www.facebook.com\/OpstinaRozajeOfficial\/","article_modified_time":"2021-11-09T07:57:45+00:00","twitter_card":"summary_large_image","twitter_misc":{"Estimated reading time":"1 minute"},"schema":{"@context":"https:\/\/schema.org","@graph":[{"@type":"WebPage","@id":"https:\/\/www.rozaje.me\/zavicajni-muzej\/","url":"https:\/\/www.rozaje.me\/zavicajni-muzej\/","name":"Zavi\u010dajni muzej - Op\u0161tina Ro\u017eaje","isPartOf":{"@id":"https:\/\/www.rozaje.me\/#website"},"datePublished":"2012-04-17T22:49:56+00:00","dateModified":"2021-11-09T07:57:45+00:00","breadcrumb":{"@id":"https:\/\/www.rozaje.me\/zavicajni-muzej\/#breadcrumb"},"inLanguage":"en-GB","potentialAction":[{"@type":"ReadAction","target":["https:\/\/www.rozaje.me\/zavicajni-muzej\/"]}]},{"@type":"BreadcrumbList","@id":"https:\/\/www.rozaje.me\/zavicajni-muzej\/#breadcrumb","itemListElement":[{"@type":"ListItem","position":1,"name":"Home","item":"https:\/\/www.rozaje.me\/"},{"@type":"ListItem","position":2,"name":"Zavi\u010dajni muzej"}]},{"@type":"WebSite","@id":"https:\/\/www.rozaje.me\/#website","url":"https:\/\/www.rozaje.me\/","name":"Municipality of Ro\u017eaje","description":"The official website of the Municipality of Ro\u017eaje","publisher":{"@id":"https:\/\/www.rozaje.me\/#organization"},"alternateName":"Opstina Rozaje","potentialAction":[{"@type":"SearchAction","target":{"@type":"EntryPoint","urlTemplate":"https:\/\/www.rozaje.me\/?s={search_term_string}"},"query-input":{"@type":"PropertyValueSpecification","valueRequired":true,"valueName":"search_term_string"}}],"inLanguage":"en-GB"},{"@type":"Organization","@id":"https:\/\/www.rozaje.me\/#organization","name":"Opstina Rozaje","url":"https:\/\/www.rozaje.me\/","logo":{"@type":"ImageObject","inLanguage":"en-GB","@id":"https:\/\/www.rozaje.me\/#\/schema\/logo\/image\/","url":"https:\/\/www.rozaje.me\/wp-content\/uploads\/2022\/08\/logo-textless.svg","contentUrl":"https:\/\/www.rozaje.me\/wp-content\/uploads\/2022\/08\/logo-textless.svg","width":108.00360000000000582076609134674072265625,"height":131.15059999999999718056642450392246246337890625,"caption":"Opstina Rozaje"},"image":{"@id":"https:\/\/www.rozaje.me\/#\/schema\/logo\/image\/"},"sameAs":["https:\/\/www.facebook.com\/OpstinaRozajeOfficial\/","https:\/\/www.youtube.com\/channel\/UCepcislHIwc6KRZTLa6FIlg"]}]}},"_links":{"self":[{"href":"https:\/\/www.rozaje.me\/en\/wp-json\/wp\/v2\/pages\/504","targetHints":{"allow":["GET"]}}],"collection":[{"href":"https:\/\/www.rozaje.me\/en\/wp-json\/wp\/v2\/pages"}],"about":[{"href":"https:\/\/www.rozaje.me\/en\/wp-json\/wp\/v2\/types\/page"}],"author":[{"embeddable":true,"href":"https:\/\/www.rozaje.me\/en\/wp-json\/wp\/v2\/users\/11"}],"replies":[{"embeddable":true,"href":"https:\/\/www.rozaje.me\/en\/wp-json\/wp\/v2\/comments?post=504"}],"version-history":[{"count":0,"href":"https:\/\/www.rozaje.me\/en\/wp-json\/wp\/v2\/pages\/504\/revisions"}],"wp:attachment":[{"href":"https:\/\/www.rozaje.me\/en\/wp-json\/wp\/v2\/media?parent=504"}],"curies":[{"name":"wp","href":"https:\/\/api.w.org\/{rel}","templated":true}]}}