{"id":501,"date":"2012-04-17T22:49:03","date_gmt":"2012-04-17T22:49:03","guid":{"rendered":"http:\/\/www.rozaje.me\/?page_id=501"},"modified":"2021-11-09T09:02:00","modified_gmt":"2021-11-09T08:02:00","slug":"centar-za-kulturu","status":"publish","type":"page","link":"https:\/\/www.rozaje.me\/en\/centar-za-kulturu\/","title":{"rendered":"Center for culture"},"content":{"rendered":"\n<hr class=\"wp-block-separator\"\/>\n\n\n\n<p><strong>Centar za kulturu Ro\u017eaje<\/strong><\/p>\n\n\n\n<hr class=\"wp-block-separator\"\/>\n\n\n<p align=\"left\">\u00a0<span style=\"color: #003366;\"><a class=\"button small default\"><span style=\"color: #003366;\"><strong>Direktor: Sulejman Kujevi\u0107<br \/><\/strong>Adresa: ul&#8221; M.Tita&#8221; bb 84 310 Ro\u017eaje<br \/>Tel: 051\/274-150; Mob:<br \/>e-mail: czk@t-com.me;<br \/><\/span><\/a><\/span><\/p>\n<p style=\"text-align: justify;\" align=\"left\">Javna ustanova Centar za kulturu Ro\u017eaje formirana je 1991. godine Odlukom Skup\u0161tine Op\u0161tine Ro\u017eaje. Prije toga poslovi kulture organizovali su se u okviru Narodnog univerziteta.<\/p>\n<h5 style=\"text-align: justify;\" align=\"left\"><strong><span style=\"color: #003366;\"><a class=\"button small default\"><span style=\"color: #003366;\">Djelatnosti Centra su od posebnog dru\u0161tvenog interesa i obuhvataju:<\/span><\/a><\/span><\/strong><\/h5>\n<ul style=\"text-align: justify;\">\n<li>Organizovanje i unapre\u0111ivanje kulturno &#8211; umjetni\u010dkih djelatnosti i kulturnog \u017eivota u op\u0161tini<\/li>\n<li>Organizovanje i prire\u0111ivanje kulturno &#8211; umjetni\u010dkih nastupa pozori\u0161nih predstava, muzi\u010dkih nastupa, knji\u017eevnih ve\u010deri i likovnih izlo\u017ebi<\/li>\n<li>Organizovanje festivala i manifestacija op\u0161tinskog, dr\u017eavnog i me\u0111unarodnog zna\u010daja, kulturno obrazovnog karaktera<\/li>\n<li>Organizovanje prigodnih programa povodom obilje\u017eavanja zna\u010dajnih dr\u017eavnih praznika, jubileja i sl.<\/li>\n<li>Organizovanje predavanja, seminara i kurseva vezanih za osnovne djelatnosti Centra<\/li>\n<li>Unapre\u0111ivanje amaterskog kulturno &#8211; umjetni\u010dkog stvarala\u0161tva<\/li>\n<li>Redovno prikazivanje filmova<\/li>\n<li>Saradnja sa drugim institucijama i organizacijama iz oblasti kulture<\/li>\n<li>Druge poslove koje osniva\u010d stavi u nadle\u017enost Centra;<\/li>\n<\/ul>\n<h5 style=\"text-align: justify;\" align=\"left\"><span style=\"color: #003366;\"><strong> <a class=\"button small default\"><span style=\"color: #003366;\">Manifestacije koje organizuje Centar za kulturu:<\/span><\/a>\u00a0<\/strong><\/span><\/h5>\n<ul style=\"text-align: justify;\">\n<li>Me\u0111unarodni festival dje\u010dije pjesme \u201cZlatna pahulja\u201d<\/li>\n<li>Ro\u017eajsko kulturno ljeto<\/li>\n<li>Dani gljiva i ljekovitog bilja<\/li>\n<li>Septembarski dani kulture<\/li>\n<li>Knji\u017eevni susreti &#8220;Miroslav \u0110urovi\u0107&#8221;<\/li>\n<li>Likovni salon Likovnog kluba &#8220;Kula&#8221;<\/li>\n<\/ul>\n<h5 style=\"text-align: justify;\" align=\"left\"><span style=\"color: #003366;\"><strong> <a class=\"button small default\"><span style=\"color: #003366;\">Izdava\u010dka djelatnost:<\/span><\/a>\u00a0<\/strong><\/span><\/h5>\n<ul style=\"text-align: justify;\">\n<li>\u010casopis Ro\u017eajski zbornik<\/li>\n<li>Knjige i publikacije<\/li>\n<\/ul>\n<p style=\"text-align: justify;\" align=\"left\">U sklopu Centra za kulturu djeluje i Folklorni ansambl koji je osnovan 2004. godine. Folklorni ansambl Centra za kulturu poti\u010de sa bogatog folklornog vrela ro\u017eajskog kraja. Folklorni ansambl ba\u0161tini igre, muziku, pjesme i obi\u010daje naroda koji \u017eive u Crnoj Gori i regionu. Imao je veliki broj nastupa u zemlji i inostranstvu gdje je dobio i vrlo zna\u010dajne nagrade i priznanja. Broji preko dvjesta \u010dlanova razli\u010ditih uzrasta podijeljenih u \u010detiri grupe.<\/p>\n<p style=\"text-align: justify;\" align=\"left\">Plesna grupa &#8220;Pahulje&#8221; &#8211; osnivanje plesne grupe vezuje se za po\u010detak odr\u017eavanja Me\u0111unarodnog festivala dje\u010dije pjesme &#8220;Zlatna pahulja&#8221;. U okviru plesne grupe aktivno je sedamdesetak djece. Na repertoaru imaju moderne plesove.<\/p>\n<p style=\"text-align: justify;\" align=\"left\">Muzi\u010dka radionica &#8211; od nedavno je u Centru za kulturu po\u010dela sa radom muzi\u010dka radionica &#8211; \u0161kola klavira koju vodi muzi\u010dki pedagog Izeta Ika Bu\u010dan. Radionicu poha\u0111a tridesetak polaznika.<\/p>\n<div class=\"line\"><span class=\"top\">[<a href=\"https:\/\/www.facebook.com\/czkrozaje\">Centar za kulturu<\/a>]<\/span><\/div>","protected":false},"excerpt":{"rendered":"<p>Centar za kulturu Ro\u017eaje \u00a0Direktor: Sulejman Kujevi\u0107Adresa: ul&#8221; M.Tita&#8221; bb 84 310 Ro\u017eajeTel: 051\/274-150; Mob:e-mail: czk@t-com.me; Javna ustanova Centar za kulturu Ro\u017eaje formirana je 1991.&#46;&#46;&#46;<\/p>","protected":false},"author":11,"featured_media":0,"parent":0,"menu_order":0,"comment_status":"open","ping_status":"open","template":"","meta":{"_monsterinsights_skip_tracking":false,"_monsterinsights_sitenote_active":false,"_monsterinsights_sitenote_note":"","_monsterinsights_sitenote_category":0,"footnotes":""},"class_list":["post-501","page","type-page","status-publish","hentry"],"yoast_head":"<!-- This site is optimized with the Yoast SEO plugin v27.2 - https:\/\/yoast.com\/product\/yoast-seo-wordpress\/ -->\n<title>Centar za kulturu - Op\u0161tina Ro\u017eaje<\/title>\n<meta name=\"robots\" content=\"index, follow, max-snippet:-1, max-image-preview:large, max-video-preview:-1\" \/>\n<link rel=\"canonical\" href=\"https:\/\/www.rozaje.me\/en\/centar-za-kulturu\/\" \/>\n<meta property=\"og:locale\" content=\"en_GB\" \/>\n<meta property=\"og:type\" content=\"article\" \/>\n<meta property=\"og:title\" content=\"Centar za kulturu - Op\u0161tina Ro\u017eaje\" \/>\n<meta property=\"og:description\" content=\"Centar za kulturu Ro\u017eaje \u00a0Direktor: Sulejman Kujevi\u0107Adresa: ul&#8221; M.Tita&#8221; bb 84 310 Ro\u017eajeTel: 051\/274-150; Mob:e-mail: czk@t-com.me; Javna ustanova Centar za kulturu Ro\u017eaje formirana je 1991.&#046;&#046;&#046;\" \/>\n<meta property=\"og:url\" content=\"https:\/\/www.rozaje.me\/en\/centar-za-kulturu\/\" \/>\n<meta property=\"og:site_name\" content=\"Op\u0161tina Ro\u017eaje\" \/>\n<meta property=\"article:publisher\" content=\"https:\/\/www.facebook.com\/OpstinaRozajeOfficial\/\" \/>\n<meta property=\"article:modified_time\" content=\"2021-11-09T08:02:00+00:00\" \/>\n<meta name=\"twitter:card\" content=\"summary_large_image\" \/>\n<meta name=\"twitter:label1\" content=\"Estimated reading time\" \/>\n\t<meta name=\"twitter:data1\" content=\"2 minutes\" \/>\n<script type=\"application\/ld+json\" class=\"yoast-schema-graph\">{\"@context\":\"https:\/\/schema.org\",\"@graph\":[{\"@type\":\"WebPage\",\"@id\":\"https:\/\/www.rozaje.me\/centar-za-kulturu\/\",\"url\":\"https:\/\/www.rozaje.me\/centar-za-kulturu\/\",\"name\":\"Centar za kulturu - Op\u0161tina Ro\u017eaje\",\"isPartOf\":{\"@id\":\"https:\/\/www.rozaje.me\/#website\"},\"datePublished\":\"2012-04-17T22:49:03+00:00\",\"dateModified\":\"2021-11-09T08:02:00+00:00\",\"breadcrumb\":{\"@id\":\"https:\/\/www.rozaje.me\/centar-za-kulturu\/#breadcrumb\"},\"inLanguage\":\"en-GB\",\"potentialAction\":[{\"@type\":\"ReadAction\",\"target\":[\"https:\/\/www.rozaje.me\/centar-za-kulturu\/\"]}]},{\"@type\":\"BreadcrumbList\",\"@id\":\"https:\/\/www.rozaje.me\/centar-za-kulturu\/#breadcrumb\",\"itemListElement\":[{\"@type\":\"ListItem\",\"position\":1,\"name\":\"Home\",\"item\":\"https:\/\/www.rozaje.me\/\"},{\"@type\":\"ListItem\",\"position\":2,\"name\":\"Centar za kulturu\"}]},{\"@type\":\"WebSite\",\"@id\":\"https:\/\/www.rozaje.me\/#website\",\"url\":\"https:\/\/www.rozaje.me\/\",\"name\":\"Op\u0161tina Ro\u017eaje\",\"description\":\"Zvani\u010dna veb stranica Op\u0161tine Ro\u017eaje\",\"publisher\":{\"@id\":\"https:\/\/www.rozaje.me\/#organization\"},\"alternateName\":\"Opstina Rozaje\",\"potentialAction\":[{\"@type\":\"SearchAction\",\"target\":{\"@type\":\"EntryPoint\",\"urlTemplate\":\"https:\/\/www.rozaje.me\/?s={search_term_string}\"},\"query-input\":{\"@type\":\"PropertyValueSpecification\",\"valueRequired\":true,\"valueName\":\"search_term_string\"}}],\"inLanguage\":\"en-GB\"},{\"@type\":\"Organization\",\"@id\":\"https:\/\/www.rozaje.me\/#organization\",\"name\":\"Opstina Rozaje\",\"url\":\"https:\/\/www.rozaje.me\/\",\"logo\":{\"@type\":\"ImageObject\",\"inLanguage\":\"en-GB\",\"@id\":\"https:\/\/www.rozaje.me\/#\/schema\/logo\/image\/\",\"url\":\"https:\/\/www.rozaje.me\/wp-content\/uploads\/2022\/08\/logo-textless.svg\",\"contentUrl\":\"https:\/\/www.rozaje.me\/wp-content\/uploads\/2022\/08\/logo-textless.svg\",\"width\":108.00360000000000582076609134674072265625,\"height\":131.15059999999999718056642450392246246337890625,\"caption\":\"Opstina Rozaje\"},\"image\":{\"@id\":\"https:\/\/www.rozaje.me\/#\/schema\/logo\/image\/\"},\"sameAs\":[\"https:\/\/www.facebook.com\/OpstinaRozajeOfficial\/\",\"https:\/\/www.youtube.com\/channel\/UCepcislHIwc6KRZTLa6FIlg\"]}]}<\/script>\n<!-- \/ Yoast SEO plugin. -->","yoast_head_json":{"title":"Centar za kulturu - Op\u0161tina Ro\u017eaje","robots":{"index":"index","follow":"follow","max-snippet":"max-snippet:-1","max-image-preview":"max-image-preview:large","max-video-preview":"max-video-preview:-1"},"canonical":"https:\/\/www.rozaje.me\/en\/centar-za-kulturu\/","og_locale":"en_GB","og_type":"article","og_title":"Centar za kulturu - Op\u0161tina Ro\u017eaje","og_description":"Centar za kulturu Ro\u017eaje \u00a0Direktor: Sulejman Kujevi\u0107Adresa: ul&#8221; M.Tita&#8221; bb 84 310 Ro\u017eajeTel: 051\/274-150; Mob:e-mail: czk@t-com.me; Javna ustanova Centar za kulturu Ro\u017eaje formirana je 1991.&#46;&#46;&#46;","og_url":"https:\/\/www.rozaje.me\/en\/centar-za-kulturu\/","og_site_name":"Op\u0161tina Ro\u017eaje","article_publisher":"https:\/\/www.facebook.com\/OpstinaRozajeOfficial\/","article_modified_time":"2021-11-09T08:02:00+00:00","twitter_card":"summary_large_image","twitter_misc":{"Estimated reading time":"2 minutes"},"schema":{"@context":"https:\/\/schema.org","@graph":[{"@type":"WebPage","@id":"https:\/\/www.rozaje.me\/centar-za-kulturu\/","url":"https:\/\/www.rozaje.me\/centar-za-kulturu\/","name":"Centar za kulturu - Op\u0161tina Ro\u017eaje","isPartOf":{"@id":"https:\/\/www.rozaje.me\/#website"},"datePublished":"2012-04-17T22:49:03+00:00","dateModified":"2021-11-09T08:02:00+00:00","breadcrumb":{"@id":"https:\/\/www.rozaje.me\/centar-za-kulturu\/#breadcrumb"},"inLanguage":"en-GB","potentialAction":[{"@type":"ReadAction","target":["https:\/\/www.rozaje.me\/centar-za-kulturu\/"]}]},{"@type":"BreadcrumbList","@id":"https:\/\/www.rozaje.me\/centar-za-kulturu\/#breadcrumb","itemListElement":[{"@type":"ListItem","position":1,"name":"Home","item":"https:\/\/www.rozaje.me\/"},{"@type":"ListItem","position":2,"name":"Centar za kulturu"}]},{"@type":"WebSite","@id":"https:\/\/www.rozaje.me\/#website","url":"https:\/\/www.rozaje.me\/","name":"Municipality of Ro\u017eaje","description":"The official website of the Municipality of Ro\u017eaje","publisher":{"@id":"https:\/\/www.rozaje.me\/#organization"},"alternateName":"Opstina Rozaje","potentialAction":[{"@type":"SearchAction","target":{"@type":"EntryPoint","urlTemplate":"https:\/\/www.rozaje.me\/?s={search_term_string}"},"query-input":{"@type":"PropertyValueSpecification","valueRequired":true,"valueName":"search_term_string"}}],"inLanguage":"en-GB"},{"@type":"Organization","@id":"https:\/\/www.rozaje.me\/#organization","name":"Opstina Rozaje","url":"https:\/\/www.rozaje.me\/","logo":{"@type":"ImageObject","inLanguage":"en-GB","@id":"https:\/\/www.rozaje.me\/#\/schema\/logo\/image\/","url":"https:\/\/www.rozaje.me\/wp-content\/uploads\/2022\/08\/logo-textless.svg","contentUrl":"https:\/\/www.rozaje.me\/wp-content\/uploads\/2022\/08\/logo-textless.svg","width":108.00360000000000582076609134674072265625,"height":131.15059999999999718056642450392246246337890625,"caption":"Opstina Rozaje"},"image":{"@id":"https:\/\/www.rozaje.me\/#\/schema\/logo\/image\/"},"sameAs":["https:\/\/www.facebook.com\/OpstinaRozajeOfficial\/","https:\/\/www.youtube.com\/channel\/UCepcislHIwc6KRZTLa6FIlg"]}]}},"_links":{"self":[{"href":"https:\/\/www.rozaje.me\/en\/wp-json\/wp\/v2\/pages\/501","targetHints":{"allow":["GET"]}}],"collection":[{"href":"https:\/\/www.rozaje.me\/en\/wp-json\/wp\/v2\/pages"}],"about":[{"href":"https:\/\/www.rozaje.me\/en\/wp-json\/wp\/v2\/types\/page"}],"author":[{"embeddable":true,"href":"https:\/\/www.rozaje.me\/en\/wp-json\/wp\/v2\/users\/11"}],"replies":[{"embeddable":true,"href":"https:\/\/www.rozaje.me\/en\/wp-json\/wp\/v2\/comments?post=501"}],"version-history":[{"count":0,"href":"https:\/\/www.rozaje.me\/en\/wp-json\/wp\/v2\/pages\/501\/revisions"}],"wp:attachment":[{"href":"https:\/\/www.rozaje.me\/en\/wp-json\/wp\/v2\/media?parent=501"}],"curies":[{"name":"wp","href":"https:\/\/api.w.org\/{rel}","templated":true}]}}