{"id":452,"date":"2012-04-17T20:55:02","date_gmt":"2012-04-17T20:55:02","guid":{"rendered":"http:\/\/www.rozaje.me\/?page_id=452"},"modified":"2014-06-22T16:32:08","modified_gmt":"2014-06-22T16:32:08","slug":"smjestaj","status":"publish","type":"page","link":"https:\/\/www.rozaje.me\/en\/smjestaj\/","title":{"rendered":"Smje\u0161taj"},"content":{"rendered":"<div id=\"attachment_1367\" style=\"width: 310px\" class=\"wp-caption alignleft\"><a href=\"http:\/\/www.rozaje.me\/wp-content\/uploads\/2012\/04\/IMG_21761.jpg\"><img loading=\"lazy\" decoding=\"async\" aria-describedby=\"caption-attachment-1367\" class=\"wp-image-1367 size-medium\" title=\"IMG_2176\" src=\"http:\/\/www.rozaje.me\/wp-content\/uploads\/2012\/04\/IMG_21761-300x200.jpg\" alt=\"\" width=\"300\" height=\"200\" srcset=\"https:\/\/www.rozaje.me\/wp-content\/uploads\/2012\/04\/IMG_21761-300x200.jpg 300w, https:\/\/www.rozaje.me\/wp-content\/uploads\/2012\/04\/IMG_21761-1024x682.jpg 1024w\" sizes=\"auto, (max-width: 300px) 100vw, 300px\" \/><\/a><p id=\"caption-attachment-1367\" class=\"wp-caption-text\">Hotel Ro\u017eaje<\/p><\/div>\n<p><span style=\"color: #003366;\"><a class=\"button small default\"><span style=\"color: #003366;\"><strong>Hotel Ro\u017eaje<\/strong><br \/>\nAdresa:\u00a0ul. Mar\u0161ala Tita bb.<br \/>\nTel: +382 51\u00a0273 526;<br \/>\nwww.hotelrozaje.me;<\/span><\/a><\/span><\/p>\n<p>&nbsp;<\/p>\n<p>&nbsp;<\/p>\n<div class=\"line\"><span class=\"top\">[Hotel Ro\u017eaje]<\/span><\/div>\n<div id=\"attachment_9581\" style=\"width: 310px\" class=\"wp-caption alignleft\"><a href=\"http:\/\/www.rozaje.me\/wp-content\/uploads\/2012\/04\/IMG_7438.jpg\"><img loading=\"lazy\" decoding=\"async\" aria-describedby=\"caption-attachment-9581\" class=\"wp-image-9581\" src=\"http:\/\/www.rozaje.me\/wp-content\/uploads\/2012\/04\/IMG_7438.jpg\" alt=\"IMG_7438\" width=\"300\" height=\"210\" \/><\/a><p id=\"caption-attachment-9581\" class=\"wp-caption-text\">Hotel Aldi<\/p><\/div>\n<p><a class=\"button small default\"><strong><span style=\"color: #003366;\">Hotel Aldi<\/span><\/strong><br \/>\n<span style=\"color: #003366;\">Adresa: Suho polje bb<\/span><br \/>\n<span style=\"color: #003366;\">tel: +382 67\/ 552-908;<\/span><br \/>\n<\/a><\/p>\n<p>&nbsp;<\/p>\n<p>&nbsp;<\/p>\n<p>&nbsp;<\/p>\n<div class=\"line\"><span class=\"top\">[<a href=\"http:\/\/rozajeonline.do.am\/aldi\/\">Hotel Aldi<\/a>]<\/span><\/div>\n<div id=\"attachment_9591\" style=\"width: 310px\" class=\"wp-caption alignleft\"><a href=\"http:\/\/www.rozaje.me\/wp-content\/uploads\/2012\/05\/IMG_7449.jpg\"><img loading=\"lazy\" decoding=\"async\" aria-describedby=\"caption-attachment-9591\" class=\"wp-image-9591 size-medium\" src=\"http:\/\/www.rozaje.me\/wp-content\/uploads\/2012\/05\/IMG_7449-300x200.jpg\" alt=\"IMG_7449\" width=\"300\" height=\"200\" srcset=\"https:\/\/www.rozaje.me\/wp-content\/uploads\/2012\/05\/IMG_7449-300x200.jpg 300w, https:\/\/www.rozaje.me\/wp-content\/uploads\/2012\/05\/IMG_7449.jpg 640w\" sizes=\"auto, (max-width: 300px) 100vw, 300px\" \/><\/a><p id=\"caption-attachment-9591\" class=\"wp-caption-text\">Hotel Wahels<\/p><\/div>\n<p><span style=\"color: #003366;\"><a class=\"button small default\"><span style=\"color: #003366;\"><strong>Hotel Wahels<\/strong><br \/>\nAdresa: 2 km od centra grada<br \/>\ntel: +382 69\/ 033-642;<\/span><\/a> <\/span><\/p>\n<p>&nbsp;<\/p>\n<div class=\"line\"><span class=\"top\">[<a href=\"https:\/\/www.facebook.com\/pages\/DOOWAHELSRO%C5%BDAJE\/134908270051822?fref=ts\">Hotel Wahels<\/a>]<\/span><\/div>\n<div id=\"attachment_1810\" style=\"width: 310px\" class=\"wp-caption alignleft\"><a href=\"http:\/\/www.rozaje.me\/wp-content\/uploads\/2012\/04\/IMG_48261.jpg\"><img loading=\"lazy\" decoding=\"async\" aria-describedby=\"caption-attachment-1810\" class=\"wp-image-1810 size-medium\" title=\"IMG_4826\" src=\"http:\/\/www.rozaje.me\/wp-content\/uploads\/2012\/04\/IMG_48261-300x201.jpg\" alt=\"\" width=\"300\" height=\"201\" srcset=\"https:\/\/www.rozaje.me\/wp-content\/uploads\/2012\/04\/IMG_48261-300x201.jpg 300w, https:\/\/www.rozaje.me\/wp-content\/uploads\/2012\/04\/IMG_48261-1024x686.jpg 1024w\" sizes=\"auto, (max-width: 300px) 100vw, 300px\" \/><\/a><p id=\"caption-attachment-1810\" class=\"wp-caption-text\">Motel Duga<\/p><\/div>\n<p><span style=\"color: #003366;\"><a class=\"button small default\"><span style=\"color: #003366;\"><strong>Motel Duga<\/strong><br \/>\nAdresa:3.5km od centra<br \/>\nTel: +382 51 278 266;<br \/>\n+382 69 672 366;<\/span><\/a><\/span><\/p>\n<p>&nbsp;<\/p>\n<p>&nbsp;<\/p>\n<div class=\"line\"><span class=\"top\">[<a href=\"https:\/\/www.facebook.com\/pages\/Restoran-Duga\/494971547210647?fref=ts\">Motel Duga<\/a>]<\/span><\/div>\n<div id=\"attachment_1812\" style=\"width: 310px\" class=\"wp-caption alignleft\"><a href=\"http:\/\/www.rozaje.me\/wp-content\/uploads\/2012\/04\/IMG_4824.jpg\"><img loading=\"lazy\" decoding=\"async\" aria-describedby=\"caption-attachment-1812\" class=\"wp-image-1812 size-medium\" title=\"IMG_4824\" src=\"http:\/\/www.rozaje.me\/wp-content\/uploads\/2012\/04\/IMG_4824-300x201.jpg\" alt=\"\" width=\"300\" height=\"201\" srcset=\"https:\/\/www.rozaje.me\/wp-content\/uploads\/2012\/04\/IMG_4824-300x201.jpg 300w, https:\/\/www.rozaje.me\/wp-content\/uploads\/2012\/04\/IMG_4824-1024x686.jpg 1024w\" sizes=\"auto, (max-width: 300px) 100vw, 300px\" \/><\/a><p id=\"caption-attachment-1812\" class=\"wp-caption-text\">Motel Grand<\/p><\/div>\n<p><span style=\"color: #003366;\"><a class=\"button small default\"><span style=\"color: #003366;\"><strong>Motel Grand<\/strong><br \/>\nAdresa: 3km od centra<br \/>\nTel: +382\u00a069 465 539;<\/span><\/a><\/span><\/p>\n<p>&nbsp;<\/p>\n<p>&nbsp;<\/p>\n<p>&nbsp;<\/p>\n<div class=\"line\"><span class=\"top\">[<a href=\"https:\/\/www.facebook.com\/rozaje.motelgrand?fref=ts\">Motel Grand<\/a>]<span style=\"color: #000000; font-size: 12px;\">\u00a0<\/span><\/span><\/div>\n<div id=\"attachment_2017\" style=\"width: 310px\" class=\"wp-caption alignleft\"><a href=\"http:\/\/www.rozaje.me\/wp-content\/uploads\/2012\/04\/IMG_6118.jpg\"><img loading=\"lazy\" decoding=\"async\" aria-describedby=\"caption-attachment-2017\" class=\"wp-image-2017 size-medium\" title=\"IMG_6118\" src=\"http:\/\/www.rozaje.me\/wp-content\/uploads\/2012\/04\/IMG_6118-300x200.jpg\" alt=\"\" width=\"300\" height=\"200\" srcset=\"https:\/\/www.rozaje.me\/wp-content\/uploads\/2012\/04\/IMG_6118-300x200.jpg 300w, https:\/\/www.rozaje.me\/wp-content\/uploads\/2012\/04\/IMG_6118-1024x682.jpg 1024w\" sizes=\"auto, (max-width: 300px) 100vw, 300px\" \/><\/a><p id=\"caption-attachment-2017\" class=\"wp-caption-text\">Apartmani Milenium<\/p><\/div>\n<p><span style=\"color: #003366;\"><a class=\"button small default\"><span style=\"color: #003366;\"><strong>Apartmani Milenium<\/strong><br \/>\nAdresa:\u00a0ul. Mar\u0161ala Tita bb.<br \/>\nTel:\u00a0\u00a0 +382\u00a051\u00a0274 431;<br \/>\n+382\u00a067 677 025;<br \/>\n+382 69 373 022;<\/span><\/a><\/span><\/p>\n<p>&nbsp;<\/p>\n<p>&nbsp;<\/p>\n<div class=\"line\"><span class=\"top\">[Milenijum]<\/span><\/div>\n<div id=\"attachment_1596\" style=\"width: 310px\" class=\"wp-caption alignleft\"><a href=\"http:\/\/www.rozaje.me\/wp-content\/uploads\/2012\/04\/IMG_3498.jpg\"><img loading=\"lazy\" decoding=\"async\" aria-describedby=\"caption-attachment-1596\" class=\"wp-image-1596 size-medium\" title=\"IMG_3498\" src=\"http:\/\/www.rozaje.me\/wp-content\/uploads\/2012\/04\/IMG_3498-300x200.jpg\" alt=\"\" width=\"300\" height=\"200\" srcset=\"https:\/\/www.rozaje.me\/wp-content\/uploads\/2012\/04\/IMG_3498-300x200.jpg 300w, https:\/\/www.rozaje.me\/wp-content\/uploads\/2012\/04\/IMG_3498-1024x682.jpg 1024w\" sizes=\"auto, (max-width: 300px) 100vw, 300px\" \/><\/a><p id=\"caption-attachment-1596\" class=\"wp-caption-text\">Vila Zeleni raj<\/p><\/div>\n<p><span style=\"color: #003366;\"><a class=\"button small default\"><span style=\"color: #003366;\"><strong>Vila Zeleni raj<\/strong><br \/>\nAdresa:\u00a03 km od centra<br \/>\nTel:\u00a0\u00a0 +382\u00a051 278 597;<br \/>\n+382 69 051 187;<\/span><\/a><\/span><\/p>\n<p>&nbsp;<\/p>\n<p>&nbsp;<\/p>\n<div class=\"line\"><span class=\"top\">[<a href=\"http:\/\/rozajeonline.do.am\/zeleniraj\/zeleniraj.html\">Zeleni raj<\/a>]<\/span><\/div>\n<div id=\"attachment_1813\" style=\"width: 310px\" class=\"wp-caption alignleft\"><a href=\"http:\/\/www.rozaje.me\/wp-content\/uploads\/2012\/04\/IMG_4822.jpg\"><img loading=\"lazy\" decoding=\"async\" aria-describedby=\"caption-attachment-1813\" class=\"wp-image-1813 size-medium\" title=\"IMG_4822\" src=\"http:\/\/www.rozaje.me\/wp-content\/uploads\/2012\/04\/IMG_4822-300x201.jpg\" alt=\"\" width=\"300\" height=\"201\" srcset=\"https:\/\/www.rozaje.me\/wp-content\/uploads\/2012\/04\/IMG_4822-300x201.jpg 300w, https:\/\/www.rozaje.me\/wp-content\/uploads\/2012\/04\/IMG_4822-1024x686.jpg 1024w\" sizes=\"auto, (max-width: 300px) 100vw, 300px\" \/><\/a><p id=\"caption-attachment-1813\" class=\"wp-caption-text\">Aldi Ro\u017eaje<\/p><\/div>\n<p><span style=\"color: #003366;\"><a class=\"button small default\"><span style=\"color: #003366;\"><strong>Aldi Ro\u017eaje<\/strong><br \/>\nAdresa: Suho Polje bb<br \/>\nTel:\u00a0+382 67\/552 -908;<\/span><\/a><\/span><\/p>\n<p>&nbsp;<\/p>\n<p>&nbsp;<\/p>\n<p>&nbsp;<\/p>\n<div class=\"line\"><span class=\"top\">[<a href=\"http:\/\/rozajeonline.do.am\/aldi\/\">Aldi<\/a>]<\/span><\/div>\n","protected":false},"excerpt":{"rendered":"<p>Hotel Ro\u017eaje Adresa:\u00a0ul. Mar\u0161ala Tita bb. Tel: +382 51\u00a0273 526; www.hotelrozaje.me; &nbsp; &nbsp; [Hotel Ro\u017eaje] Hotel Aldi Adresa: Suho polje bb tel: +382 67\/ 552-908;&#46;&#46;&#46;<\/p>\n","protected":false},"author":11,"featured_media":0,"parent":0,"menu_order":0,"comment_status":"open","ping_status":"open","template":"","meta":{"_monsterinsights_skip_tracking":false,"_monsterinsights_sitenote_active":false,"_monsterinsights_sitenote_note":"","_monsterinsights_sitenote_category":0,"footnotes":""},"class_list":["post-452","page","type-page","status-publish","hentry"],"yoast_head":"<!-- This site is optimized with the Yoast SEO plugin v27.2 - https:\/\/yoast.com\/product\/yoast-seo-wordpress\/ -->\n<title>Smje\u0161taj - Op\u0161tina Ro\u017eaje<\/title>\n<meta name=\"robots\" content=\"index, follow, max-snippet:-1, max-image-preview:large, max-video-preview:-1\" \/>\n<link rel=\"canonical\" href=\"https:\/\/www.rozaje.me\/en\/smjestaj\/\" \/>\n<meta property=\"og:locale\" content=\"en_GB\" \/>\n<meta property=\"og:type\" content=\"article\" \/>\n<meta property=\"og:title\" content=\"Smje\u0161taj - Op\u0161tina Ro\u017eaje\" \/>\n<meta property=\"og:description\" content=\"Hotel Ro\u017eaje Adresa:\u00a0ul. Mar\u0161ala Tita bb. Tel: +382 51\u00a0273 526; www.hotelrozaje.me; &nbsp; &nbsp; [Hotel Ro\u017eaje] Hotel Aldi Adresa: Suho polje bb tel: +382 67\/ 552-908;&#046;&#046;&#046;\" \/>\n<meta property=\"og:url\" content=\"https:\/\/www.rozaje.me\/en\/smjestaj\/\" \/>\n<meta property=\"og:site_name\" content=\"Op\u0161tina Ro\u017eaje\" \/>\n<meta property=\"article:publisher\" content=\"https:\/\/www.facebook.com\/OpstinaRozajeOfficial\/\" \/>\n<meta property=\"article:modified_time\" content=\"2014-06-22T16:32:08+00:00\" \/>\n<meta property=\"og:image\" content=\"http:\/\/www.rozaje.me\/wp-content\/uploads\/2012\/04\/IMG_21761-300x200.jpg\" \/>\n<meta name=\"twitter:card\" content=\"summary_large_image\" \/>\n<meta name=\"twitter:label1\" content=\"Estimated reading time\" \/>\n\t<meta name=\"twitter:data1\" content=\"1 minute\" \/>\n<script type=\"application\/ld+json\" class=\"yoast-schema-graph\">{\"@context\":\"https:\/\/schema.org\",\"@graph\":[{\"@type\":\"WebPage\",\"@id\":\"https:\/\/www.rozaje.me\/smjestaj\/\",\"url\":\"https:\/\/www.rozaje.me\/smjestaj\/\",\"name\":\"Smje\u0161taj - Op\u0161tina Ro\u017eaje\",\"isPartOf\":{\"@id\":\"https:\/\/www.rozaje.me\/#website\"},\"primaryImageOfPage\":{\"@id\":\"https:\/\/www.rozaje.me\/smjestaj\/#primaryimage\"},\"image\":{\"@id\":\"https:\/\/www.rozaje.me\/smjestaj\/#primaryimage\"},\"thumbnailUrl\":\"http:\/\/www.rozaje.me\/wp-content\/uploads\/2012\/04\/IMG_21761-300x200.jpg\",\"datePublished\":\"2012-04-17T20:55:02+00:00\",\"dateModified\":\"2014-06-22T16:32:08+00:00\",\"breadcrumb\":{\"@id\":\"https:\/\/www.rozaje.me\/smjestaj\/#breadcrumb\"},\"inLanguage\":\"en-GB\",\"potentialAction\":[{\"@type\":\"ReadAction\",\"target\":[\"https:\/\/www.rozaje.me\/smjestaj\/\"]}]},{\"@type\":\"ImageObject\",\"inLanguage\":\"en-GB\",\"@id\":\"https:\/\/www.rozaje.me\/smjestaj\/#primaryimage\",\"url\":\"http:\/\/www.rozaje.me\/wp-content\/uploads\/2012\/04\/IMG_21761-300x200.jpg\",\"contentUrl\":\"http:\/\/www.rozaje.me\/wp-content\/uploads\/2012\/04\/IMG_21761-300x200.jpg\"},{\"@type\":\"BreadcrumbList\",\"@id\":\"https:\/\/www.rozaje.me\/smjestaj\/#breadcrumb\",\"itemListElement\":[{\"@type\":\"ListItem\",\"position\":1,\"name\":\"Home\",\"item\":\"https:\/\/www.rozaje.me\/\"},{\"@type\":\"ListItem\",\"position\":2,\"name\":\"Smje\u0161taj\"}]},{\"@type\":\"WebSite\",\"@id\":\"https:\/\/www.rozaje.me\/#website\",\"url\":\"https:\/\/www.rozaje.me\/\",\"name\":\"Op\u0161tina Ro\u017eaje\",\"description\":\"Zvani\u010dna veb stranica Op\u0161tine Ro\u017eaje\",\"publisher\":{\"@id\":\"https:\/\/www.rozaje.me\/#organization\"},\"alternateName\":\"Opstina Rozaje\",\"potentialAction\":[{\"@type\":\"SearchAction\",\"target\":{\"@type\":\"EntryPoint\",\"urlTemplate\":\"https:\/\/www.rozaje.me\/?s={search_term_string}\"},\"query-input\":{\"@type\":\"PropertyValueSpecification\",\"valueRequired\":true,\"valueName\":\"search_term_string\"}}],\"inLanguage\":\"en-GB\"},{\"@type\":\"Organization\",\"@id\":\"https:\/\/www.rozaje.me\/#organization\",\"name\":\"Opstina Rozaje\",\"url\":\"https:\/\/www.rozaje.me\/\",\"logo\":{\"@type\":\"ImageObject\",\"inLanguage\":\"en-GB\",\"@id\":\"https:\/\/www.rozaje.me\/#\/schema\/logo\/image\/\",\"url\":\"https:\/\/www.rozaje.me\/wp-content\/uploads\/2022\/08\/logo-textless.svg\",\"contentUrl\":\"https:\/\/www.rozaje.me\/wp-content\/uploads\/2022\/08\/logo-textless.svg\",\"width\":108.00360000000000582076609134674072265625,\"height\":131.15059999999999718056642450392246246337890625,\"caption\":\"Opstina Rozaje\"},\"image\":{\"@id\":\"https:\/\/www.rozaje.me\/#\/schema\/logo\/image\/\"},\"sameAs\":[\"https:\/\/www.facebook.com\/OpstinaRozajeOfficial\/\",\"https:\/\/www.youtube.com\/channel\/UCepcislHIwc6KRZTLa6FIlg\"]}]}<\/script>\n<!-- \/ Yoast SEO plugin. -->","yoast_head_json":{"title":"Smje\u0161taj - Op\u0161tina Ro\u017eaje","robots":{"index":"index","follow":"follow","max-snippet":"max-snippet:-1","max-image-preview":"max-image-preview:large","max-video-preview":"max-video-preview:-1"},"canonical":"https:\/\/www.rozaje.me\/en\/smjestaj\/","og_locale":"en_GB","og_type":"article","og_title":"Smje\u0161taj - Op\u0161tina Ro\u017eaje","og_description":"Hotel Ro\u017eaje Adresa:\u00a0ul. Mar\u0161ala Tita bb. Tel: +382 51\u00a0273 526; www.hotelrozaje.me; &nbsp; &nbsp; [Hotel Ro\u017eaje] Hotel Aldi Adresa: Suho polje bb tel: +382 67\/ 552-908;&#46;&#46;&#46;","og_url":"https:\/\/www.rozaje.me\/en\/smjestaj\/","og_site_name":"Op\u0161tina Ro\u017eaje","article_publisher":"https:\/\/www.facebook.com\/OpstinaRozajeOfficial\/","article_modified_time":"2014-06-22T16:32:08+00:00","og_image":[{"url":"http:\/\/www.rozaje.me\/wp-content\/uploads\/2012\/04\/IMG_21761-300x200.jpg","type":"","width":"","height":""}],"twitter_card":"summary_large_image","twitter_misc":{"Estimated reading time":"1 minute"},"schema":{"@context":"https:\/\/schema.org","@graph":[{"@type":"WebPage","@id":"https:\/\/www.rozaje.me\/smjestaj\/","url":"https:\/\/www.rozaje.me\/smjestaj\/","name":"Smje\u0161taj - Op\u0161tina Ro\u017eaje","isPartOf":{"@id":"https:\/\/www.rozaje.me\/#website"},"primaryImageOfPage":{"@id":"https:\/\/www.rozaje.me\/smjestaj\/#primaryimage"},"image":{"@id":"https:\/\/www.rozaje.me\/smjestaj\/#primaryimage"},"thumbnailUrl":"http:\/\/www.rozaje.me\/wp-content\/uploads\/2012\/04\/IMG_21761-300x200.jpg","datePublished":"2012-04-17T20:55:02+00:00","dateModified":"2014-06-22T16:32:08+00:00","breadcrumb":{"@id":"https:\/\/www.rozaje.me\/smjestaj\/#breadcrumb"},"inLanguage":"en-GB","potentialAction":[{"@type":"ReadAction","target":["https:\/\/www.rozaje.me\/smjestaj\/"]}]},{"@type":"ImageObject","inLanguage":"en-GB","@id":"https:\/\/www.rozaje.me\/smjestaj\/#primaryimage","url":"http:\/\/www.rozaje.me\/wp-content\/uploads\/2012\/04\/IMG_21761-300x200.jpg","contentUrl":"http:\/\/www.rozaje.me\/wp-content\/uploads\/2012\/04\/IMG_21761-300x200.jpg"},{"@type":"BreadcrumbList","@id":"https:\/\/www.rozaje.me\/smjestaj\/#breadcrumb","itemListElement":[{"@type":"ListItem","position":1,"name":"Home","item":"https:\/\/www.rozaje.me\/"},{"@type":"ListItem","position":2,"name":"Smje\u0161taj"}]},{"@type":"WebSite","@id":"https:\/\/www.rozaje.me\/#website","url":"https:\/\/www.rozaje.me\/","name":"Municipality of Ro\u017eaje","description":"The official website of the Municipality of Ro\u017eaje","publisher":{"@id":"https:\/\/www.rozaje.me\/#organization"},"alternateName":"Opstina Rozaje","potentialAction":[{"@type":"SearchAction","target":{"@type":"EntryPoint","urlTemplate":"https:\/\/www.rozaje.me\/?s={search_term_string}"},"query-input":{"@type":"PropertyValueSpecification","valueRequired":true,"valueName":"search_term_string"}}],"inLanguage":"en-GB"},{"@type":"Organization","@id":"https:\/\/www.rozaje.me\/#organization","name":"Opstina Rozaje","url":"https:\/\/www.rozaje.me\/","logo":{"@type":"ImageObject","inLanguage":"en-GB","@id":"https:\/\/www.rozaje.me\/#\/schema\/logo\/image\/","url":"https:\/\/www.rozaje.me\/wp-content\/uploads\/2022\/08\/logo-textless.svg","contentUrl":"https:\/\/www.rozaje.me\/wp-content\/uploads\/2022\/08\/logo-textless.svg","width":108.00360000000000582076609134674072265625,"height":131.15059999999999718056642450392246246337890625,"caption":"Opstina Rozaje"},"image":{"@id":"https:\/\/www.rozaje.me\/#\/schema\/logo\/image\/"},"sameAs":["https:\/\/www.facebook.com\/OpstinaRozajeOfficial\/","https:\/\/www.youtube.com\/channel\/UCepcislHIwc6KRZTLa6FIlg"]}]}},"_links":{"self":[{"href":"https:\/\/www.rozaje.me\/en\/wp-json\/wp\/v2\/pages\/452","targetHints":{"allow":["GET"]}}],"collection":[{"href":"https:\/\/www.rozaje.me\/en\/wp-json\/wp\/v2\/pages"}],"about":[{"href":"https:\/\/www.rozaje.me\/en\/wp-json\/wp\/v2\/types\/page"}],"author":[{"embeddable":true,"href":"https:\/\/www.rozaje.me\/en\/wp-json\/wp\/v2\/users\/11"}],"replies":[{"embeddable":true,"href":"https:\/\/www.rozaje.me\/en\/wp-json\/wp\/v2\/comments?post=452"}],"version-history":[{"count":0,"href":"https:\/\/www.rozaje.me\/en\/wp-json\/wp\/v2\/pages\/452\/revisions"}],"wp:attachment":[{"href":"https:\/\/www.rozaje.me\/en\/wp-json\/wp\/v2\/media?parent=452"}],"curies":[{"name":"wp","href":"https:\/\/api.w.org\/{rel}","templated":true}]}}