{"id":444,"date":"2012-04-17T20:54:14","date_gmt":"2012-04-17T20:54:14","guid":{"rendered":"http:\/\/www.rozaje.me\/?page_id=444"},"modified":"2014-03-20T20:18:55","modified_gmt":"2014-03-20T20:18:55","slug":"autobuska-stanica","status":"publish","type":"page","link":"https:\/\/www.rozaje.me\/en\/autobuska-stanica\/","title":{"rendered":"Autobuska stanica"},"content":{"rendered":"<h4><span style=\"color: #003366;\">\u00a0 <a class=\"button medium default\"><span style=\"color: #003366;\">Adresa: ul \u201c29. novembra\u201d<br \/>\nTel:\u00a0+382 51\/ 271-115;<\/span><\/a>\u00a0<\/span><strong><br \/>\n<\/strong><\/h4>\n<p>&nbsp;<\/p>\n<p>&nbsp;<\/p>\n<p>&nbsp;<\/p>\n<p>&nbsp;<\/p>\n<p>&nbsp;<\/p>\n<p>&nbsp;<\/p>\n<p>&nbsp;<\/p>\n<p><span style=\"color: #003366;\"><strong> <a class=\"button medium default\"><span style=\"color: #003366;\">RED VO\u017dNJE:<\/span><\/a>\u00a0<\/strong><\/span><\/p>\n<div>\n<p><span style=\"color: #003366;\"><strong> <a class=\"button small default\"><span style=\"color: #003366;\">Ro\u017eaje \u2013 Novi Pazar<\/span><\/a><\/strong><a class=\"button small default\"><span style=\"color: #003366;\"> 7,20h 9,45h, 10,45h, 12,10h, 13,10h, 15,20h, 17,30h, 20,00h, 21,30h, 23,10h, 00,10h;<\/span><\/a><\/span><\/p>\n<p><strong style=\"color: #003366;\"><a class=\"button small default\"><span style=\"color: #003366;\">Ro\u017eaje \u2013 Ra\u0161ka <\/span><\/a><\/strong><a class=\"button small default\"><span style=\"color: #003366;\">9,45h, 12,10h, 13,10h, 15,20h, 21,30h, 23,10h, 00,10h;<\/span><\/a><\/p>\n<p><span style=\"color: #003366;\"><strong> <a class=\"button small default\"><span style=\"color: #003366;\">Ro\u017eaje \u2013 Kraljevo <\/span><\/a><\/strong><a class=\"button small default\"><span style=\"color: #003366;\">9,45h, 12,10h, 13,10h, 15,20h, 21,30h, 23,10h, 00,10h;<\/span><\/a><\/span><\/p>\n<p><span style=\"color: #003366;\"><strong> <a class=\"button small default\"><span style=\"color: #003366;\">Ro\u017eaje \u2013 Kragujevac <\/span><\/a><\/strong><a class=\"button small default\"><span style=\"color: #003366;\">9,45h, 12,10h, 13,10h, 15,20h, 21,30h, 23,10h, 00,10h;<\/span><\/a><\/span><\/p>\n<p><span style=\"color: #003366;\"><strong> <a class=\"button small default\"><span style=\"color: #003366;\">Ro\u017eaje \u2013 Beograd <\/span><\/a><\/strong><a class=\"button small default\"><span style=\"color: #003366;\">9,45h, 12,10h, 13,10h, 15,20h, 21,30h, 23,10h, 00,10h;<\/span><\/a><\/span><\/p>\n<p><span style=\"color: #003366;\"><strong> <a class=\"button small default\"><span style=\"color: #003366;\">Ro\u017eaje \u2013 Novi Sad <\/span><\/a><\/strong><a class=\"button small default\"><span style=\"color: #003366;\">21, 30h;<\/span><\/a><\/span><\/p>\n<p><span style=\"color: #003366;\"><strong> <a class=\"button small default\"><span style=\"color: #003366;\">Ro\u017eaje \u2013 Pe\u0107 <\/span><\/a><\/strong><a class=\"button small default\"><span style=\"color: #003366;\">8,30h, 11,30h;<\/span><\/a><\/span><\/p>\n<p><span style=\"color: #003366;\"><strong> <a class=\"button small default\"><span style=\"color: #003366;\">Ro\u017eaje \u2013 Prizren <\/span><\/a><\/strong><a class=\"button small default\"><span style=\"color: #003366;\">11,30h;<\/span><\/a><\/span><\/p>\n<p><span style=\"color: #003366;\"><strong> <a class=\"button small default\"><span style=\"color: #003366;\">Ro\u017eaje \u2013 Berane<\/span><\/a><\/strong><\/span><a class=\"button small default\"><span style=\"color: #003366;\">5,00h, 8,30h, 10,30h, 11,30h, 12,00h, 12,30h, 13,00h, 14,30h, 15,20h, 16,10h, 16,30h,<\/span><\/a><\/p>\n<p><a class=\"button small default\"><span style=\"color: #003366;\"> 18,45h, 20,00h;<\/span><\/a><\/p>\n<p><span style=\"color: #003366;\"><strong> <a class=\"button small default\"><span style=\"color: #003366;\">Ro\u017eaje \u2013 Podgorica <\/span><\/a><\/strong><a class=\"button small default\"><span style=\"color: #003366;\">5,00h, 10,30h, 11,30h, 12,00h, 14,30h, 15,20h, 16,10h, 18,45h, 20,00h;<\/span><\/a><\/span><\/p>\n<p><span style=\"color: #003366;\"><strong> <a class=\"button small default\"><span style=\"color: #003366;\">Ro\u017eaje \u2013 Ulcinj <\/span><\/a><\/strong><a class=\"button small default\"><span style=\"color: #003366;\">11,30h, 12,00h;<\/span><\/a><\/span><\/p>\n<p><span style=\"color: #003366;\"><strong> <a class=\"button small default\"><span style=\"color: #003366;\">Ro\u017eaje \u2013Bar <\/span><\/a><\/strong><a class=\"button small default\"><span style=\"color: #003366;\">16,10h;<\/span><\/a><\/span><\/p>\n<p><span style=\"color: #003366;\"><strong> <a class=\"button small default\"><span style=\"color: #003366;\">Ro\u017eaje \u2013 Herceg Novi <\/span><\/a><\/strong><a class=\"button small default\"><span style=\"color: #003366;\">15,20h, 20,00h;<\/span><\/a><\/span><\/p>\n<p><span style=\"color: #003366;\"><strong> <a class=\"button small default\"><span style=\"color: #003366;\">Ro\u017eaje \u2013 Igalo <\/span><\/a><\/strong><a class=\"button small default\"><span style=\"color: #003366;\">20,00h;<\/span><\/a><\/span><\/p>\n<p><span style=\"color: #003366;\"><strong><a class=\"button small default\"><span style=\"color: #003366;\">Ro\u017eaje \u2013 Kotor <\/span><\/a><\/strong><a class=\"button small default\"><span style=\"color: #003366;\">18,45h;<\/span><\/a><\/span><\/p>\n<p><span style=\"color: #003366;\"><strong> <a class=\"button small default\"><span style=\"color: #003366;\">Ro\u017eaje \u2013 Ni\u0161 <\/span><\/a><\/strong><a class=\"button small default\"><span style=\"color: #003366;\">13,30h, 23,30h;<\/span><\/a><\/span><\/p>\n<p><span style=\"color: #003366;\"><strong> <a class=\"button small default\"><span style=\"color: #003366;\">Ro\u017eaje \u2013Leskovac \u00a0<\/span><\/a><\/strong><a class=\"button small default\"><span style=\"color: #003366;\">20,45h;<\/span><\/a><\/span><\/p>\n<p><span style=\"color: #003366;\"><strong> <a class=\"button small default\"><span style=\"color: #003366;\">Ro\u017eaje \u2013 Istanbul <\/span><\/a><\/strong><a class=\"button small default\"><span style=\"color: #003366;\">srijeda 9,30h, 10,30h;<\/span><\/a><\/span><\/p>\n<p><span style=\"color: #003366;\"><strong> <a class=\"button small default\"><span style=\"color: #003366;\">Ro\u017eaje \u2013 Istanbul <\/span><\/a><\/strong><a class=\"button small default\"><span style=\"color: #003366;\">nedjelja 8,00h, 11,00h;<\/span><\/a><\/span><\/p>\n<p><span style=\"color: #003366;\"><strong> <a class=\"button small default\"><span style=\"color: #003366;\">Ro\u017eaje \u2013 Luksemburg \u00a0<\/span><\/a><\/strong><a class=\"button small default\"><span style=\"color: #003366;\">04,00h 04,30h, 9,30h;<\/span><\/a><\/span><\/p>\n<p><span style=\"color: #003366;\"><strong> <a class=\"button small default\"><span style=\"color: #003366;\">Ro\u017eaje \u2013 Njema\u010dka <\/span><\/a><\/strong><a class=\"button small default\"><span style=\"color: #003366;\">srijeda 06,00h;<\/span><\/a><\/span><\/p>\n<p><span style=\"color: #003366;\"><strong> <a class=\"button small default\"><span style=\"color: #003366;\">Ro\u017eaje \u2013 Njema\u010dka <\/span><\/a><\/strong><a class=\"button small default\"><span style=\"color: #003366;\">subota 04,00h, 04,30h, 06,00h;<\/span><\/a><\/span><\/p>\n<p><span style=\"color: #003366;\"><strong> <a class=\"button small default\"><span style=\"color: #003366;\">Ro\u017eaje \u2013 Gusinje <\/span><\/a><\/strong><a class=\"button small default\"><span style=\"color: #003366;\">15,45h;<\/span><\/a><\/span><\/p>\n<p><span style=\"color: #003366;\"><strong> <a class=\"button small default\"><span style=\"color: #003366;\">Ro\u017eaje \u2013 Tutin <\/span><\/a><\/strong><a class=\"button small default\"><span style=\"color: #003366;\">15,30h;<\/span><\/a><\/span><\/p>\n<p><span style=\"color: #003366;\"><strong> <a class=\"button small default\"><span style=\"color: #003366;\">Ro\u017eaje \u2013 Skoplje <\/span><\/a><\/strong><a class=\"button small default\"><span style=\"color: #003366;\">10,45h, 23,15h;<\/span><\/a><\/span><\/p>\n<\/div>","protected":false},"excerpt":{"rendered":"<p>\u00a0 Adresa: ul \u201c29. novembra\u201d Tel:\u00a0+382 51\/ 271-115;\u00a0 &nbsp; &nbsp; &nbsp; &nbsp; &nbsp; &nbsp; &nbsp; RED VO\u017dNJE:\u00a0 Ro\u017eaje \u2013 Novi Pazar 7,20h 9,45h, 10,45h, 12,10h,&#46;&#46;&#46;<\/p>","protected":false},"author":11,"featured_media":9340,"parent":0,"menu_order":0,"comment_status":"open","ping_status":"open","template":"","meta":{"_monsterinsights_skip_tracking":false,"_monsterinsights_sitenote_active":false,"_monsterinsights_sitenote_note":"","_monsterinsights_sitenote_category":0,"footnotes":""},"class_list":["post-444","page","type-page","status-publish","has-post-thumbnail","hentry"],"yoast_head":"<!-- This site is optimized with the Yoast SEO plugin v27.2 - https:\/\/yoast.com\/product\/yoast-seo-wordpress\/ -->\n<title>Autobuska stanica - Op\u0161tina Ro\u017eaje<\/title>\n<meta name=\"robots\" content=\"index, follow, max-snippet:-1, max-image-preview:large, max-video-preview:-1\" \/>\n<link rel=\"canonical\" href=\"https:\/\/www.rozaje.me\/en\/autobuska-stanica\/\" \/>\n<meta property=\"og:locale\" content=\"en_GB\" \/>\n<meta property=\"og:type\" content=\"article\" \/>\n<meta property=\"og:title\" content=\"Autobuska stanica - Op\u0161tina Ro\u017eaje\" \/>\n<meta property=\"og:description\" content=\"\u00a0 Adresa: ul \u201c29. novembra\u201d Tel:\u00a0+382 51\/ 271-115;\u00a0 &nbsp; &nbsp; &nbsp; &nbsp; &nbsp; &nbsp; &nbsp; RED VO\u017dNJE:\u00a0 Ro\u017eaje \u2013 Novi Pazar 7,20h 9,45h, 10,45h, 12,10h,&#046;&#046;&#046;\" \/>\n<meta property=\"og:url\" content=\"https:\/\/www.rozaje.me\/en\/autobuska-stanica\/\" \/>\n<meta property=\"og:site_name\" content=\"Op\u0161tina Ro\u017eaje\" \/>\n<meta property=\"article:publisher\" content=\"https:\/\/www.facebook.com\/OpstinaRozajeOfficial\/\" \/>\n<meta property=\"article:modified_time\" content=\"2014-03-20T20:18:55+00:00\" \/>\n<meta property=\"og:image\" content=\"https:\/\/www.rozaje.me\/wp-content\/uploads\/2012\/04\/IMG_57901.jpg\" \/>\n\t<meta property=\"og:image:width\" content=\"5184\" \/>\n\t<meta property=\"og:image:height\" content=\"3456\" \/>\n\t<meta property=\"og:image:type\" content=\"image\/jpeg\" \/>\n<meta name=\"twitter:card\" content=\"summary_large_image\" \/>\n<meta name=\"twitter:label1\" content=\"Estimated reading time\" \/>\n\t<meta name=\"twitter:data1\" content=\"1 minute\" \/>\n<script type=\"application\/ld+json\" class=\"yoast-schema-graph\">{\"@context\":\"https:\/\/schema.org\",\"@graph\":[{\"@type\":\"WebPage\",\"@id\":\"https:\/\/www.rozaje.me\/autobuska-stanica\/\",\"url\":\"https:\/\/www.rozaje.me\/autobuska-stanica\/\",\"name\":\"Autobuska stanica - Op\u0161tina Ro\u017eaje\",\"isPartOf\":{\"@id\":\"https:\/\/www.rozaje.me\/#website\"},\"primaryImageOfPage\":{\"@id\":\"https:\/\/www.rozaje.me\/autobuska-stanica\/#primaryimage\"},\"image\":{\"@id\":\"https:\/\/www.rozaje.me\/autobuska-stanica\/#primaryimage\"},\"thumbnailUrl\":\"https:\/\/www.rozaje.me\/wp-content\/uploads\/2012\/04\/IMG_57901.jpg\",\"datePublished\":\"2012-04-17T20:54:14+00:00\",\"dateModified\":\"2014-03-20T20:18:55+00:00\",\"breadcrumb\":{\"@id\":\"https:\/\/www.rozaje.me\/autobuska-stanica\/#breadcrumb\"},\"inLanguage\":\"en-GB\",\"potentialAction\":[{\"@type\":\"ReadAction\",\"target\":[\"https:\/\/www.rozaje.me\/autobuska-stanica\/\"]}]},{\"@type\":\"ImageObject\",\"inLanguage\":\"en-GB\",\"@id\":\"https:\/\/www.rozaje.me\/autobuska-stanica\/#primaryimage\",\"url\":\"https:\/\/www.rozaje.me\/wp-content\/uploads\/2012\/04\/IMG_57901.jpg\",\"contentUrl\":\"https:\/\/www.rozaje.me\/wp-content\/uploads\/2012\/04\/IMG_57901.jpg\",\"width\":5184,\"height\":3456},{\"@type\":\"BreadcrumbList\",\"@id\":\"https:\/\/www.rozaje.me\/autobuska-stanica\/#breadcrumb\",\"itemListElement\":[{\"@type\":\"ListItem\",\"position\":1,\"name\":\"Home\",\"item\":\"https:\/\/www.rozaje.me\/\"},{\"@type\":\"ListItem\",\"position\":2,\"name\":\"Autobuska stanica\"}]},{\"@type\":\"WebSite\",\"@id\":\"https:\/\/www.rozaje.me\/#website\",\"url\":\"https:\/\/www.rozaje.me\/\",\"name\":\"Op\u0161tina Ro\u017eaje\",\"description\":\"Zvani\u010dna veb stranica Op\u0161tine Ro\u017eaje\",\"publisher\":{\"@id\":\"https:\/\/www.rozaje.me\/#organization\"},\"alternateName\":\"Opstina Rozaje\",\"potentialAction\":[{\"@type\":\"SearchAction\",\"target\":{\"@type\":\"EntryPoint\",\"urlTemplate\":\"https:\/\/www.rozaje.me\/?s={search_term_string}\"},\"query-input\":{\"@type\":\"PropertyValueSpecification\",\"valueRequired\":true,\"valueName\":\"search_term_string\"}}],\"inLanguage\":\"en-GB\"},{\"@type\":\"Organization\",\"@id\":\"https:\/\/www.rozaje.me\/#organization\",\"name\":\"Opstina Rozaje\",\"url\":\"https:\/\/www.rozaje.me\/\",\"logo\":{\"@type\":\"ImageObject\",\"inLanguage\":\"en-GB\",\"@id\":\"https:\/\/www.rozaje.me\/#\/schema\/logo\/image\/\",\"url\":\"https:\/\/www.rozaje.me\/wp-content\/uploads\/2022\/08\/logo-textless.svg\",\"contentUrl\":\"https:\/\/www.rozaje.me\/wp-content\/uploads\/2022\/08\/logo-textless.svg\",\"width\":108.00360000000000582076609134674072265625,\"height\":131.15059999999999718056642450392246246337890625,\"caption\":\"Opstina Rozaje\"},\"image\":{\"@id\":\"https:\/\/www.rozaje.me\/#\/schema\/logo\/image\/\"},\"sameAs\":[\"https:\/\/www.facebook.com\/OpstinaRozajeOfficial\/\",\"https:\/\/www.youtube.com\/channel\/UCepcislHIwc6KRZTLa6FIlg\"]}]}<\/script>\n<!-- \/ Yoast SEO plugin. -->","yoast_head_json":{"title":"Autobuska stanica - Op\u0161tina Ro\u017eaje","robots":{"index":"index","follow":"follow","max-snippet":"max-snippet:-1","max-image-preview":"max-image-preview:large","max-video-preview":"max-video-preview:-1"},"canonical":"https:\/\/www.rozaje.me\/en\/autobuska-stanica\/","og_locale":"en_GB","og_type":"article","og_title":"Autobuska stanica - Op\u0161tina Ro\u017eaje","og_description":"\u00a0 Adresa: ul \u201c29. novembra\u201d Tel:\u00a0+382 51\/ 271-115;\u00a0 &nbsp; &nbsp; &nbsp; &nbsp; &nbsp; &nbsp; &nbsp; RED VO\u017dNJE:\u00a0 Ro\u017eaje \u2013 Novi Pazar 7,20h 9,45h, 10,45h, 12,10h,&#46;&#46;&#46;","og_url":"https:\/\/www.rozaje.me\/en\/autobuska-stanica\/","og_site_name":"Op\u0161tina Ro\u017eaje","article_publisher":"https:\/\/www.facebook.com\/OpstinaRozajeOfficial\/","article_modified_time":"2014-03-20T20:18:55+00:00","og_image":[{"width":5184,"height":3456,"url":"https:\/\/www.rozaje.me\/wp-content\/uploads\/2012\/04\/IMG_57901.jpg","type":"image\/jpeg"}],"twitter_card":"summary_large_image","twitter_misc":{"Estimated reading time":"1 minute"},"schema":{"@context":"https:\/\/schema.org","@graph":[{"@type":"WebPage","@id":"https:\/\/www.rozaje.me\/autobuska-stanica\/","url":"https:\/\/www.rozaje.me\/autobuska-stanica\/","name":"Autobuska stanica - Op\u0161tina Ro\u017eaje","isPartOf":{"@id":"https:\/\/www.rozaje.me\/#website"},"primaryImageOfPage":{"@id":"https:\/\/www.rozaje.me\/autobuska-stanica\/#primaryimage"},"image":{"@id":"https:\/\/www.rozaje.me\/autobuska-stanica\/#primaryimage"},"thumbnailUrl":"https:\/\/www.rozaje.me\/wp-content\/uploads\/2012\/04\/IMG_57901.jpg","datePublished":"2012-04-17T20:54:14+00:00","dateModified":"2014-03-20T20:18:55+00:00","breadcrumb":{"@id":"https:\/\/www.rozaje.me\/autobuska-stanica\/#breadcrumb"},"inLanguage":"en-GB","potentialAction":[{"@type":"ReadAction","target":["https:\/\/www.rozaje.me\/autobuska-stanica\/"]}]},{"@type":"ImageObject","inLanguage":"en-GB","@id":"https:\/\/www.rozaje.me\/autobuska-stanica\/#primaryimage","url":"https:\/\/www.rozaje.me\/wp-content\/uploads\/2012\/04\/IMG_57901.jpg","contentUrl":"https:\/\/www.rozaje.me\/wp-content\/uploads\/2012\/04\/IMG_57901.jpg","width":5184,"height":3456},{"@type":"BreadcrumbList","@id":"https:\/\/www.rozaje.me\/autobuska-stanica\/#breadcrumb","itemListElement":[{"@type":"ListItem","position":1,"name":"Home","item":"https:\/\/www.rozaje.me\/"},{"@type":"ListItem","position":2,"name":"Autobuska stanica"}]},{"@type":"WebSite","@id":"https:\/\/www.rozaje.me\/#website","url":"https:\/\/www.rozaje.me\/","name":"Municipality of Ro\u017eaje","description":"The official website of the Municipality of Ro\u017eaje","publisher":{"@id":"https:\/\/www.rozaje.me\/#organization"},"alternateName":"Opstina Rozaje","potentialAction":[{"@type":"SearchAction","target":{"@type":"EntryPoint","urlTemplate":"https:\/\/www.rozaje.me\/?s={search_term_string}"},"query-input":{"@type":"PropertyValueSpecification","valueRequired":true,"valueName":"search_term_string"}}],"inLanguage":"en-GB"},{"@type":"Organization","@id":"https:\/\/www.rozaje.me\/#organization","name":"Opstina Rozaje","url":"https:\/\/www.rozaje.me\/","logo":{"@type":"ImageObject","inLanguage":"en-GB","@id":"https:\/\/www.rozaje.me\/#\/schema\/logo\/image\/","url":"https:\/\/www.rozaje.me\/wp-content\/uploads\/2022\/08\/logo-textless.svg","contentUrl":"https:\/\/www.rozaje.me\/wp-content\/uploads\/2022\/08\/logo-textless.svg","width":108.00360000000000582076609134674072265625,"height":131.15059999999999718056642450392246246337890625,"caption":"Opstina Rozaje"},"image":{"@id":"https:\/\/www.rozaje.me\/#\/schema\/logo\/image\/"},"sameAs":["https:\/\/www.facebook.com\/OpstinaRozajeOfficial\/","https:\/\/www.youtube.com\/channel\/UCepcislHIwc6KRZTLa6FIlg"]}]}},"_links":{"self":[{"href":"https:\/\/www.rozaje.me\/en\/wp-json\/wp\/v2\/pages\/444","targetHints":{"allow":["GET"]}}],"collection":[{"href":"https:\/\/www.rozaje.me\/en\/wp-json\/wp\/v2\/pages"}],"about":[{"href":"https:\/\/www.rozaje.me\/en\/wp-json\/wp\/v2\/types\/page"}],"author":[{"embeddable":true,"href":"https:\/\/www.rozaje.me\/en\/wp-json\/wp\/v2\/users\/11"}],"replies":[{"embeddable":true,"href":"https:\/\/www.rozaje.me\/en\/wp-json\/wp\/v2\/comments?post=444"}],"version-history":[{"count":0,"href":"https:\/\/www.rozaje.me\/en\/wp-json\/wp\/v2\/pages\/444\/revisions"}],"wp:featuredmedia":[{"embeddable":true,"href":"https:\/\/www.rozaje.me\/en\/wp-json\/wp\/v2\/media\/9340"}],"wp:attachment":[{"href":"https:\/\/www.rozaje.me\/en\/wp-json\/wp\/v2\/media?parent=444"}],"curies":[{"name":"wp","href":"https:\/\/api.w.org\/{rel}","templated":true}]}}