{"id":432,"date":"2012-04-17T20:52:26","date_gmt":"2012-04-17T20:52:26","guid":{"rendered":"http:\/\/www.rozaje.me\/?page_id=432"},"modified":"2025-08-31T13:44:01","modified_gmt":"2025-08-31T12:44:01","slug":"klima","status":"publish","type":"page","link":"https:\/\/www.rozaje.me\/en\/klima\/","title":{"rendered":"Air conditioning"},"content":{"rendered":"<p><\/p>\n\n\n<div class=\"wp-block-image\">\n<figure class=\"aligncenter\"><img loading=\"lazy\" decoding=\"async\" width=\"640\" height=\"394\" src=\"http:\/\/www.rozaje.me\/wp-content\/uploads\/2012\/04\/111.jpg\" alt=\"\" class=\"wp-image-4837\" title=\"11\" srcset=\"https:\/\/www.rozaje.me\/wp-content\/uploads\/2012\/04\/111.jpg 640w, https:\/\/www.rozaje.me\/wp-content\/uploads\/2012\/04\/111-300x184.jpg 300w\" sizes=\"auto, (max-width: 640px) 100vw, 640px\" \/><\/figure>\n<\/div>\n\n\n<p>Due to its geographical location, relief development and altitude, this area belongs to the continental type of climate with distinct mountainous features. Due to the high mountains that surround it, the Ro\u017eaj area has a somewhat specific, modified mountain climate\u2014a small number of days with reduced wind strength, reduced cloud cover and rare fog.<\/p>\n\n\n<div class=\"wp-block-image\">\n<figure class=\"alignleft\"><a href=\"https:\/\/www.rozaje.me\/en\/klima\/10-5\/\" rel=\"attachment wp-att-4841\"><img loading=\"lazy\" decoding=\"async\" width=\"640\" height=\"379\" src=\"http:\/\/www.rozaje.me\/wp-content\/uploads\/2012\/04\/102.jpg\" alt=\"\" class=\"wp-image-4841\" title=\"10\" srcset=\"https:\/\/www.rozaje.me\/wp-content\/uploads\/2012\/04\/102.jpg 640w, https:\/\/www.rozaje.me\/wp-content\/uploads\/2012\/04\/102-300x177.jpg 300w\" sizes=\"auto, (max-width: 640px) 100vw, 640px\" \/><\/a><\/figure>\n<\/div>\n\n\n<p>Srednjomjese\u010dne najni\u017ee temperature su u januaru (-4,50 C), a najvi\u0161e u julu (15,50C), a srednja godi\u0161nja iznosi 6,30C. Ki\u0161a je najobilnija u maju, a potom u oktobru i novembru. Najvi\u0161e je obla\u010dnosti u novembru, decembru i januaru, a najvi\u0161e vedrih dana u avgustu (10), u julu i oktobru (9).Srednji datum prvog snijega je 16.novembar a posljednji 1.maja. Planina Hajla se prva zabjeli.<\/p>\n\n\n\n<p>The snow cover remains for a very long time, from December to March in the city and until the end of May in Hajla and \u0160tedim.<\/p>\n\n\n<div class=\"wp-block-image\">\n<figure class=\"alignleft\"><a href=\"https:\/\/www.rozaje.me\/en\/klima\/img_1083\/\" rel=\"attachment wp-att-4735\"><img loading=\"lazy\" decoding=\"async\" width=\"1024\" height=\"682\" src=\"http:\/\/www.rozaje.me\/wp-content\/uploads\/2012\/04\/IMG_1083-1024x682.jpg\" alt=\"\" class=\"wp-image-4735\" title=\"IMG_1083\" srcset=\"https:\/\/www.rozaje.me\/wp-content\/uploads\/2012\/04\/IMG_1083-1024x682.jpg 1024w, https:\/\/www.rozaje.me\/wp-content\/uploads\/2012\/04\/IMG_1083-300x200.jpg 300w\" sizes=\"auto, (max-width: 1024px) 100vw, 1024px\" \/><\/a><\/figure>\n<\/div>\n\n\n<p><\/p>\n\n\n\n<p><strong><br \/>Precipitation<br \/><\/strong>In Ro\u017eaje, the average annual rainfall is about 900 mm. The month of May has the highest amount of precipitation\u2014111.3 mm, and the lowest amount in August, 49.4 mm. The average annual relative humidity is 77.3 %. The highest is in the month of January \u2013 87.4 %, and the lowest in August \u2013 70.7 %. The mountains of Hajla and \u0160tedim are closer to the neighboring mountain Rusolija than the settlement of Ro\u017eaje in terms of rainfall, and this abounds with large amounts of precipitation, especially in winter - which averages over 2000 mm per year.<\/p>\n\n\n<div class=\"wp-block-image\">\n<figure class=\"alignleft\"><a href=\"https:\/\/www.rozaje.me\/en\/klima\/964436_4988762673032_1837293965_o\/\" rel=\"attachment wp-att-4746\"><img loading=\"lazy\" decoding=\"async\" width=\"1024\" height=\"683\" src=\"http:\/\/www.rozaje.me\/wp-content\/uploads\/2012\/04\/964436_4988762673032_1837293965_o-1024x683.jpg\" alt=\"\" class=\"wp-image-4746\" title=\"964436_4988762673032_1837293965_o\" srcset=\"https:\/\/www.rozaje.me\/wp-content\/uploads\/2012\/04\/964436_4988762673032_1837293965_o-1024x683.jpg 1024w, https:\/\/www.rozaje.me\/wp-content\/uploads\/2012\/04\/964436_4988762673032_1837293965_o-300x200.jpg 300w, https:\/\/www.rozaje.me\/wp-content\/uploads\/2012\/04\/964436_4988762673032_1837293965_o.jpg 2048w\" sizes=\"auto, (max-width: 1024px) 100vw, 1024px\" \/><\/a><\/figure>\n<\/div>\n\n\n<p><strong>Insolation, cloudiness and winds<br \/><\/strong>Summers are of medium length, except in the high mountains, where they are short and cool. They are dry and sunny with reduced precipitation, with high daytime air temperatures and cool and cool nights. Winters are long and cold, especially in the mountains, with quite a large snow cover, which remains for a long time. On average, the area has a large number of sunny days, low cloud cover and rare fogs. Therefore, the general assessment is that the climatic conditions in this area are extremely favorable for the development of tourism.<\/p>\n\n\n\n<p><strong><span style=\"color: #003366;\"><span style=\"color: #003366;\">There is an anecdote that a Turkish asker (soldier), who served in the army in Ro\u017eaje during the Ottoman period, was asked on his return to Istanbul how long summer lasts in those regions where he served, and he replied, &quot;I was in Ro\u017eaje for eleven months, and summer is not comes. I don&#039;t know if summer came there this twelfth month&quot;<\/span><\/span><\/strong><\/p>","protected":false},"excerpt":{"rendered":"<p>Po geografskom polo\u017eaju, razvijenosti reljefa i nadmorskoj visini, ovo podru\u010dje pripada kontinentalnom tipu klime sa izrazitim planinskim odlikama. Zbog visokih planina koje ga okru\u017euju, ro\u017eajsko&#46;&#46;&#46;<\/p>","protected":false},"author":11,"featured_media":0,"parent":0,"menu_order":0,"comment_status":"open","ping_status":"open","template":"","meta":{"_monsterinsights_skip_tracking":false,"_monsterinsights_sitenote_active":false,"_monsterinsights_sitenote_note":"","_monsterinsights_sitenote_category":0,"footnotes":""},"class_list":["post-432","page","type-page","status-publish","hentry"],"yoast_head":"<!-- This site is optimized with the Yoast SEO plugin v27.2 - https:\/\/yoast.com\/product\/yoast-seo-wordpress\/ -->\n<title>Klima - Op\u0161tina Ro\u017eaje<\/title>\n<meta name=\"robots\" content=\"index, follow, max-snippet:-1, max-image-preview:large, max-video-preview:-1\" \/>\n<link rel=\"canonical\" href=\"https:\/\/www.rozaje.me\/en\/klima\/\" \/>\n<meta property=\"og:locale\" content=\"en_GB\" \/>\n<meta property=\"og:type\" content=\"article\" \/>\n<meta property=\"og:title\" content=\"Klima - Op\u0161tina Ro\u017eaje\" \/>\n<meta property=\"og:description\" content=\"Po geografskom polo\u017eaju, razvijenosti reljefa i nadmorskoj visini, ovo podru\u010dje pripada kontinentalnom tipu klime sa izrazitim planinskim odlikama. Zbog visokih planina koje ga okru\u017euju, ro\u017eajsko&#046;&#046;&#046;\" \/>\n<meta property=\"og:url\" content=\"https:\/\/www.rozaje.me\/en\/klima\/\" \/>\n<meta property=\"og:site_name\" content=\"Op\u0161tina Ro\u017eaje\" \/>\n<meta property=\"article:publisher\" content=\"https:\/\/www.facebook.com\/OpstinaRozajeOfficial\/\" \/>\n<meta property=\"article:modified_time\" content=\"2025-08-31T12:44:01+00:00\" \/>\n<meta property=\"og:image\" content=\"https:\/\/www.rozaje.me\/wp-content\/uploads\/2012\/04\/111.jpg\" \/>\n\t<meta property=\"og:image:width\" content=\"640\" \/>\n\t<meta property=\"og:image:height\" content=\"394\" \/>\n\t<meta property=\"og:image:type\" content=\"image\/jpeg\" \/>\n<meta name=\"twitter:card\" content=\"summary_large_image\" \/>\n<meta name=\"twitter:label1\" content=\"Estimated reading time\" \/>\n\t<meta name=\"twitter:data1\" content=\"3 minutes\" \/>\n<script type=\"application\/ld+json\" class=\"yoast-schema-graph\">{\"@context\":\"https:\/\/schema.org\",\"@graph\":[{\"@type\":\"WebPage\",\"@id\":\"https:\/\/www.rozaje.me\/klima\/\",\"url\":\"https:\/\/www.rozaje.me\/klima\/\",\"name\":\"Klima - Op\u0161tina Ro\u017eaje\",\"isPartOf\":{\"@id\":\"https:\/\/www.rozaje.me\/#website\"},\"primaryImageOfPage\":{\"@id\":\"https:\/\/www.rozaje.me\/klima\/#primaryimage\"},\"image\":{\"@id\":\"https:\/\/www.rozaje.me\/klima\/#primaryimage\"},\"thumbnailUrl\":\"http:\/\/www.rozaje.me\/wp-content\/uploads\/2012\/04\/111.jpg\",\"datePublished\":\"2012-04-17T20:52:26+00:00\",\"dateModified\":\"2025-08-31T12:44:01+00:00\",\"breadcrumb\":{\"@id\":\"https:\/\/www.rozaje.me\/klima\/#breadcrumb\"},\"inLanguage\":\"en-GB\",\"potentialAction\":[{\"@type\":\"ReadAction\",\"target\":[\"https:\/\/www.rozaje.me\/klima\/\"]}]},{\"@type\":\"ImageObject\",\"inLanguage\":\"en-GB\",\"@id\":\"https:\/\/www.rozaje.me\/klima\/#primaryimage\",\"url\":\"http:\/\/www.rozaje.me\/wp-content\/uploads\/2012\/04\/111.jpg\",\"contentUrl\":\"http:\/\/www.rozaje.me\/wp-content\/uploads\/2012\/04\/111.jpg\"},{\"@type\":\"BreadcrumbList\",\"@id\":\"https:\/\/www.rozaje.me\/klima\/#breadcrumb\",\"itemListElement\":[{\"@type\":\"ListItem\",\"position\":1,\"name\":\"Home\",\"item\":\"https:\/\/www.rozaje.me\/\"},{\"@type\":\"ListItem\",\"position\":2,\"name\":\"Klima\"}]},{\"@type\":\"WebSite\",\"@id\":\"https:\/\/www.rozaje.me\/#website\",\"url\":\"https:\/\/www.rozaje.me\/\",\"name\":\"Op\u0161tina Ro\u017eaje\",\"description\":\"Zvani\u010dna veb stranica Op\u0161tine Ro\u017eaje\",\"publisher\":{\"@id\":\"https:\/\/www.rozaje.me\/#organization\"},\"alternateName\":\"Opstina Rozaje\",\"potentialAction\":[{\"@type\":\"SearchAction\",\"target\":{\"@type\":\"EntryPoint\",\"urlTemplate\":\"https:\/\/www.rozaje.me\/?s={search_term_string}\"},\"query-input\":{\"@type\":\"PropertyValueSpecification\",\"valueRequired\":true,\"valueName\":\"search_term_string\"}}],\"inLanguage\":\"en-GB\"},{\"@type\":\"Organization\",\"@id\":\"https:\/\/www.rozaje.me\/#organization\",\"name\":\"Opstina Rozaje\",\"url\":\"https:\/\/www.rozaje.me\/\",\"logo\":{\"@type\":\"ImageObject\",\"inLanguage\":\"en-GB\",\"@id\":\"https:\/\/www.rozaje.me\/#\/schema\/logo\/image\/\",\"url\":\"https:\/\/www.rozaje.me\/wp-content\/uploads\/2022\/08\/logo-textless.svg\",\"contentUrl\":\"https:\/\/www.rozaje.me\/wp-content\/uploads\/2022\/08\/logo-textless.svg\",\"width\":108.00360000000000582076609134674072265625,\"height\":131.15059999999999718056642450392246246337890625,\"caption\":\"Opstina Rozaje\"},\"image\":{\"@id\":\"https:\/\/www.rozaje.me\/#\/schema\/logo\/image\/\"},\"sameAs\":[\"https:\/\/www.facebook.com\/OpstinaRozajeOfficial\/\",\"https:\/\/www.youtube.com\/channel\/UCepcislHIwc6KRZTLa6FIlg\"]}]}<\/script>\n<!-- \/ Yoast SEO plugin. -->","yoast_head_json":{"title":"Klima - Op\u0161tina Ro\u017eaje","robots":{"index":"index","follow":"follow","max-snippet":"max-snippet:-1","max-image-preview":"max-image-preview:large","max-video-preview":"max-video-preview:-1"},"canonical":"https:\/\/www.rozaje.me\/en\/klima\/","og_locale":"en_GB","og_type":"article","og_title":"Klima - Op\u0161tina Ro\u017eaje","og_description":"Po geografskom polo\u017eaju, razvijenosti reljefa i nadmorskoj visini, ovo podru\u010dje pripada kontinentalnom tipu klime sa izrazitim planinskim odlikama. Zbog visokih planina koje ga okru\u017euju, ro\u017eajsko&#46;&#46;&#46;","og_url":"https:\/\/www.rozaje.me\/en\/klima\/","og_site_name":"Op\u0161tina Ro\u017eaje","article_publisher":"https:\/\/www.facebook.com\/OpstinaRozajeOfficial\/","article_modified_time":"2025-08-31T12:44:01+00:00","og_image":[{"width":640,"height":394,"url":"https:\/\/www.rozaje.me\/wp-content\/uploads\/2012\/04\/111.jpg","type":"image\/jpeg"}],"twitter_card":"summary_large_image","twitter_misc":{"Estimated reading time":"3 minutes"},"schema":{"@context":"https:\/\/schema.org","@graph":[{"@type":"WebPage","@id":"https:\/\/www.rozaje.me\/klima\/","url":"https:\/\/www.rozaje.me\/klima\/","name":"Klima - Op\u0161tina Ro\u017eaje","isPartOf":{"@id":"https:\/\/www.rozaje.me\/#website"},"primaryImageOfPage":{"@id":"https:\/\/www.rozaje.me\/klima\/#primaryimage"},"image":{"@id":"https:\/\/www.rozaje.me\/klima\/#primaryimage"},"thumbnailUrl":"http:\/\/www.rozaje.me\/wp-content\/uploads\/2012\/04\/111.jpg","datePublished":"2012-04-17T20:52:26+00:00","dateModified":"2025-08-31T12:44:01+00:00","breadcrumb":{"@id":"https:\/\/www.rozaje.me\/klima\/#breadcrumb"},"inLanguage":"en-GB","potentialAction":[{"@type":"ReadAction","target":["https:\/\/www.rozaje.me\/klima\/"]}]},{"@type":"ImageObject","inLanguage":"en-GB","@id":"https:\/\/www.rozaje.me\/klima\/#primaryimage","url":"http:\/\/www.rozaje.me\/wp-content\/uploads\/2012\/04\/111.jpg","contentUrl":"http:\/\/www.rozaje.me\/wp-content\/uploads\/2012\/04\/111.jpg"},{"@type":"BreadcrumbList","@id":"https:\/\/www.rozaje.me\/klima\/#breadcrumb","itemListElement":[{"@type":"ListItem","position":1,"name":"Home","item":"https:\/\/www.rozaje.me\/"},{"@type":"ListItem","position":2,"name":"Klima"}]},{"@type":"WebSite","@id":"https:\/\/www.rozaje.me\/#website","url":"https:\/\/www.rozaje.me\/","name":"Municipality of Ro\u017eaje","description":"The official website of the Municipality of Ro\u017eaje","publisher":{"@id":"https:\/\/www.rozaje.me\/#organization"},"alternateName":"Opstina Rozaje","potentialAction":[{"@type":"SearchAction","target":{"@type":"EntryPoint","urlTemplate":"https:\/\/www.rozaje.me\/?s={search_term_string}"},"query-input":{"@type":"PropertyValueSpecification","valueRequired":true,"valueName":"search_term_string"}}],"inLanguage":"en-GB"},{"@type":"Organization","@id":"https:\/\/www.rozaje.me\/#organization","name":"Opstina Rozaje","url":"https:\/\/www.rozaje.me\/","logo":{"@type":"ImageObject","inLanguage":"en-GB","@id":"https:\/\/www.rozaje.me\/#\/schema\/logo\/image\/","url":"https:\/\/www.rozaje.me\/wp-content\/uploads\/2022\/08\/logo-textless.svg","contentUrl":"https:\/\/www.rozaje.me\/wp-content\/uploads\/2022\/08\/logo-textless.svg","width":108.00360000000000582076609134674072265625,"height":131.15059999999999718056642450392246246337890625,"caption":"Opstina Rozaje"},"image":{"@id":"https:\/\/www.rozaje.me\/#\/schema\/logo\/image\/"},"sameAs":["https:\/\/www.facebook.com\/OpstinaRozajeOfficial\/","https:\/\/www.youtube.com\/channel\/UCepcislHIwc6KRZTLa6FIlg"]}]}},"_links":{"self":[{"href":"https:\/\/www.rozaje.me\/en\/wp-json\/wp\/v2\/pages\/432","targetHints":{"allow":["GET"]}}],"collection":[{"href":"https:\/\/www.rozaje.me\/en\/wp-json\/wp\/v2\/pages"}],"about":[{"href":"https:\/\/www.rozaje.me\/en\/wp-json\/wp\/v2\/types\/page"}],"author":[{"embeddable":true,"href":"https:\/\/www.rozaje.me\/en\/wp-json\/wp\/v2\/users\/11"}],"replies":[{"embeddable":true,"href":"https:\/\/www.rozaje.me\/en\/wp-json\/wp\/v2\/comments?post=432"}],"version-history":[{"count":3,"href":"https:\/\/www.rozaje.me\/en\/wp-json\/wp\/v2\/pages\/432\/revisions"}],"predecessor-version":[{"id":33037,"href":"https:\/\/www.rozaje.me\/en\/wp-json\/wp\/v2\/pages\/432\/revisions\/33037"}],"wp:attachment":[{"href":"https:\/\/www.rozaje.me\/en\/wp-json\/wp\/v2\/media?parent=432"}],"curies":[{"name":"wp","href":"https:\/\/api.w.org\/{rel}","templated":true}]}}