{"id":430,"date":"2012-04-17T20:52:15","date_gmt":"2012-04-17T20:52:15","guid":{"rendered":"http:\/\/www.rozaje.me\/?page_id=430"},"modified":"2013-10-24T21:05:28","modified_gmt":"2013-10-24T21:05:28","slug":"stanovnistvo","status":"publish","type":"page","link":"https:\/\/www.rozaje.me\/en\/stanovnistvo\/","title":{"rendered":"Population"},"content":{"rendered":"<p><a href=\"http:\/\/www.rozaje.me\/en\/?attachment_id=4774\" rel=\"attachment wp-att-4774\"><img loading=\"lazy\" decoding=\"async\" class=\"alignleft size-full wp-image-4774\" title=\"415285_369001823147816_1326966663_o\" src=\"http:\/\/www.rozaje.me\/wp-content\/uploads\/2012\/04\/415285_369001823147816_1326966663_o1.jpg\" alt=\"\" width=\"640\" height=\"246\" srcset=\"https:\/\/www.rozaje.me\/wp-content\/uploads\/2012\/04\/415285_369001823147816_1326966663_o1.jpg 640w, https:\/\/www.rozaje.me\/wp-content\/uploads\/2012\/04\/415285_369001823147816_1326966663_o1-300x115.jpg 300w\" sizes=\"auto, (max-width: 640px) 100vw, 640px\" \/><\/a><\/p>\n<p style=\"text-align: justify;\"><span style=\"text-align: justify;\">The municipality of Ro\u017eaj occupies an area of 432 km2, in which, according to data from 2011, about 23,000 inhabitants live. Ro\u017eaje is the only municipality in Montenegro characterized by a distinct demographic youth. The average age of the population is 31.7 years. In the city, the inhabitants of the Islamic faith predominate, numbering close to 95%. Of that number, 89% are Bosniaks and 5% Albanians, while about 3.5% are Serbs and slightly more than 1.5% are Montenegrins.<\/span><\/p>\n<p style=\"text-align: justify;\">The reason for the too small increase in the population in the twentieth century in the municipality of Ro\u017eaje, in relation to the birth rate and its demographic youth, lies in the continuous emigration of the population, and on several occasions it was of greater intensity: in 1914, 1924 and 1992.<\/p>\n<p style=\"text-align: justify;\">It is estimated that outside the municipality of Ro\u017eaje there are more inhabitants of this area than there are in the municipality itself. From this region, the population most often emigrated to Turkey, Bosnia and Herzegovina, Macedonia, Kosovo and Metohija, and more recently to Western European countries: Germany, Luxembourg, Switzerland, France...<\/p>\n<p style=\"text-align: justify;\">According to the list from\u00a0<a title=\"2011\" href=\"http:\/\/sr.wikipedia.org\/wiki\/2011\">2011<\/a>. the municipality has 22,964 inhabitants.<\/p>\n<div>\n<p style=\"text-align: justify;\"><span style=\"color: #003366;\"><strong><a class=\"button small default\"><span style=\"color: #003366;\">National composition of the municipality&#039;s population<\/span><\/a><\/strong><\/span><\/p>\n<\/div>\n<table width=\"177\" border=\"1\" cellspacing=\"0\" cellpadding=\"0\">\n<tbody>\n<tr>\n<td colspan=\"5\"><\/td>\n<\/tr>\n<tr>\n<td colspan=\"2\"><a title=\"Bosniaks\" href=\"http:\/\/sr.wikipedia.org\/wiki\/%D0%91%D0%BE%D1%88%D1%9A%D0%B0%D1%86%D0%B8\">Bosniaks<\/a><\/td>\n<td width=\"59\"><\/td>\n<td>\n<p align=\"right\">19.269<\/p>\n<\/td>\n<td>\n<p align=\"right\">83,91%<\/p>\n<\/td>\n<\/tr>\n<tr>\n<td colspan=\"2\"><a title=\"Albanians\" href=\"http:\/\/sr.wikipedia.org\/wiki\/%D0%90%D0%BB%D0%B1%D0%B0%D0%BD%D1%86%D0%B8\">Albanians<\/a><\/td>\n<td width=\"59\"><\/td>\n<td>\n<p align=\"right\">1.158<\/p>\n<\/td>\n<td>\n<p align=\"right\">5,04%<\/p>\n<\/td>\n<\/tr>\n<tr>\n<td colspan=\"2\"><a title=\"Muslims\" href=\"http:\/\/sr.wikipedia.org\/wiki\/%D0%9C%D1%83%D1%81%D0%BB%D0%B8%D0%BC%D0%B0%D0%BD%D0%B8\">Muslims<\/a><\/td>\n<td width=\"59\"><\/td>\n<td>\n<p align=\"right\">1.044<\/p>\n<\/td>\n<td>\n<p align=\"right\">4,55%<\/p>\n<\/td>\n<\/tr>\n<tr>\n<td colspan=\"2\"><a title=\"Serbs\" href=\"http:\/\/sr.wikipedia.org\/wiki\/%D0%A1%D1%80%D0%B1%D0%B8\">Serbs<\/a><\/td>\n<td width=\"59\"><\/td>\n<td>\n<p align=\"right\">822<\/p>\n<\/td>\n<td>\n<p align=\"right\">3,58%<\/p>\n<\/td>\n<\/tr>\n<tr>\n<td colspan=\"2\"><a title=\"Montenegrins\" href=\"http:\/\/sr.wikipedia.org\/wiki\/%D0%A6%D1%80%D0%BD%D0%BE%D0%B3%D0%BE%D1%80%D1%86%D0%B8\">Montenegrins<\/a><\/td>\n<td width=\"59\"><\/td>\n<td>\n<p align=\"right\">401<\/p>\n<\/td>\n<td>\n<p align=\"right\">1,75%<\/p>\n<\/td>\n<\/tr>\n<tr>\n<td colspan=\"2\">the rest are also undetermined<\/td>\n<td width=\"59\"><\/td>\n<td>\n<p align=\"right\">270<\/p>\n<\/td>\n<td>\n<p align=\"right\">1,18%<\/p>\n<\/td>\n<\/tr>\n<\/tbody>\n<\/table>\n<div>\n<p>&nbsp;<\/p>\n<p><span style=\"color: #003366;\"><strong> <a class=\"button small default\"><span style=\"color: #003366;\">Religious composition of the population of the municipality<\/span><\/a>\u00a0<\/strong><\/span><\/p>\n<\/div>\n<table width=\"177\" border=\"1\" cellspacing=\"0\" cellpadding=\"0\">\n<tbody>\n<tr>\n<td><\/td>\n<td><\/td>\n<td><\/td>\n<td><\/td>\n<td><\/td>\n<\/tr>\n<tr>\n<td colspan=\"2\"><a title=\"Muslims\" href=\"http:\/\/sr.wikipedia.org\/wiki\/%D0%9C%D1%83%D1%81%D0%BB%D0%B8%D0%BC%D0%B0%D0%BD%D0%B8\">Muslims<\/a><\/td>\n<td width=\"59\"><\/td>\n<td>\n<p align=\"right\">21.805<\/p>\n<\/td>\n<td>\n<p align=\"right\">94,95%<\/p>\n<\/td>\n<\/tr>\n<tr>\n<td colspan=\"2\"><a title=\"Orthodox\" href=\"http:\/\/sr.wikipedia.org\/wiki\/%D0%9F%D1%80%D0%B0%D0%B2%D0%BE%D1%81%D0%BB%D0%B0%D0%B2%D1%86%D0%B8\">Orthodox<\/a><\/td>\n<td width=\"59\"><\/td>\n<td>\n<p align=\"right\">1.055<\/p>\n<\/td>\n<td>\n<p align=\"right\">4,59%<\/p>\n<\/td>\n<\/tr>\n<\/tbody>\n<\/table>\n<div>\n<p><strong>\u00a0<\/strong><\/p>\n<p><span style=\"color: #003366;\"><strong><a class=\"button small default\"><span style=\"color: #003366;\">Linguistic composition of the population of the municipality<\/span><\/a><\/strong><\/span><\/p>\n<\/div>\n<table width=\"177\" border=\"1\" cellspacing=\"0\" cellpadding=\"0\">\n<tbody>\n<tr>\n<td><\/td>\n<td><\/td>\n<td><\/td>\n<td><\/td>\n<td><\/td>\n<\/tr>\n<tr>\n<td colspan=\"2\"><a title=\"Bosnian\" href=\"http:\/\/sr.wikipedia.org\/wiki\/%D0%91%D0%BE%D1%81%D0%B0%D0%BD%D1%81%D0%BA%D0%B8_%D1%98%D0%B5%D0%B7%D0%B8%D0%BA\">Bosnian<\/a><\/td>\n<td width=\"59\"><\/td>\n<td>\n<p align=\"right\">16.121<\/p>\n<\/td>\n<td>\n<p align=\"right\">70,20%<\/p>\n<\/td>\n<\/tr>\n<tr>\n<td colspan=\"2\"><a title=\"Montenegrin language\" href=\"http:\/\/sr.wikipedia.org\/wiki\/%D0%A6%D1%80%D0%BD%D0%BE%D0%B3%D0%BE%D1%80%D1%81%D0%BA%D0%B8_%D1%98%D0%B5%D0%B7%D0%B8%D0%BA\">Montenegrin language<\/a><\/td>\n<td width=\"59\"><\/td>\n<td>\n<p align=\"right\">3.967<\/p>\n<\/td>\n<td>\n<p align=\"right\">17,27%<\/p>\n<\/td>\n<\/tr>\n<tr>\n<td colspan=\"2\"><a title=\"Albanian language\" href=\"http:\/\/sr.wikipedia.org\/wiki\/%D0%90%D0%BB%D0%B1%D0%B0%D0%BD%D1%81%D0%BA%D0%B8_%D1%98%D0%B5%D0%B7%D0%B8%D0%BA\">Albanian language<\/a><\/td>\n<td width=\"59\"><\/td>\n<td>\n<p align=\"right\">1.055<\/p>\n<\/td>\n<td>\n<p align=\"right\">4,59%<\/p>\n<\/td>\n<\/tr>\n<tr>\n<td colspan=\"2\"><a title=\"Serbian language\" href=\"http:\/\/sr.wikipedia.org\/wiki\/%D0%A1%D1%80%D0%BF%D1%81%D0%BA%D0%B8_%D1%98%D0%B5%D0%B7%D0%B8%D0%BA\">Serbian language<\/a><\/td>\n<td width=\"59\"><\/td>\n<td>\n<p align=\"right\">1.026<\/p>\n<\/td>\n<td>\n<p align=\"right\">4,47%<\/p>\n<\/td>\n<\/tr>\n<tr>\n<td colspan=\"2\"><a title=\"Bosnian language\" href=\"http:\/\/sr.wikipedia.org\/wiki\/%D0%91%D0%BE%D1%88%D1%9A%D0%B0%D1%87%D0%BA%D0%B8_%D1%98%D0%B5%D0%B7%D0%B8%D0%BA\">Bosnian language<\/a><\/td>\n<td width=\"59\"><\/td>\n<td>\n<p align=\"right\">510<\/p>\n<\/td>\n<td>\n<p align=\"right\">2,22%<\/p>\n<\/td>\n<\/tr>\n<tr>\n<td colspan=\"2\">the rest are also undetermined<\/td>\n<td width=\"59\"><\/td>\n<td>\n<p align=\"right\">285<\/p>\n<\/td>\n<td>\n<p align=\"right\">1,24%<\/p>\n<\/td>\n<\/tr>\n<\/tbody>\n<\/table>\n<p>&nbsp;<\/p>","protected":false},"excerpt":{"rendered":"<p>Ro\u017eajska op\u0161tina zahvata povr\u0161inu od 432 km2, u kojoj prema podacima iz 2011. godine\u00a0\u017eivi oko 23.000 stanovnika. Ro\u017eaje je jedina op\u0161tina u Crnoj Gori koju&#46;&#46;&#46;<\/p>","protected":false},"author":11,"featured_media":0,"parent":0,"menu_order":0,"comment_status":"open","ping_status":"open","template":"","meta":{"_monsterinsights_skip_tracking":false,"_monsterinsights_sitenote_active":false,"_monsterinsights_sitenote_note":"","_monsterinsights_sitenote_category":0,"footnotes":""},"class_list":["post-430","page","type-page","status-publish","hentry"],"yoast_head":"<!-- This site is optimized with the Yoast SEO plugin v27.2 - https:\/\/yoast.com\/product\/yoast-seo-wordpress\/ -->\n<title>Stanovni\u0161tvo - Op\u0161tina Ro\u017eaje<\/title>\n<meta name=\"robots\" content=\"index, follow, max-snippet:-1, max-image-preview:large, max-video-preview:-1\" \/>\n<link rel=\"canonical\" href=\"https:\/\/www.rozaje.me\/en\/stanovnistvo\/\" \/>\n<meta property=\"og:locale\" content=\"en_GB\" \/>\n<meta property=\"og:type\" content=\"article\" \/>\n<meta property=\"og:title\" content=\"Stanovni\u0161tvo - Op\u0161tina Ro\u017eaje\" \/>\n<meta property=\"og:description\" content=\"Ro\u017eajska op\u0161tina zahvata povr\u0161inu od 432 km2, u kojoj prema podacima iz 2011. godine\u00a0\u017eivi oko 23.000 stanovnika. Ro\u017eaje je jedina op\u0161tina u Crnoj Gori koju&#046;&#046;&#046;\" \/>\n<meta property=\"og:url\" content=\"https:\/\/www.rozaje.me\/en\/stanovnistvo\/\" \/>\n<meta property=\"og:site_name\" content=\"Op\u0161tina Ro\u017eaje\" \/>\n<meta property=\"article:publisher\" content=\"https:\/\/www.facebook.com\/OpstinaRozajeOfficial\/\" \/>\n<meta property=\"article:modified_time\" content=\"2013-10-24T21:05:28+00:00\" \/>\n<meta property=\"og:image\" content=\"http:\/\/www.rozaje.me\/wp-content\/uploads\/2012\/04\/415285_369001823147816_1326966663_o1.jpg\" \/>\n<meta name=\"twitter:card\" content=\"summary_large_image\" \/>\n<meta name=\"twitter:label1\" content=\"Estimated reading time\" \/>\n\t<meta name=\"twitter:data1\" content=\"1 minute\" \/>\n<script type=\"application\/ld+json\" class=\"yoast-schema-graph\">{\"@context\":\"https:\/\/schema.org\",\"@graph\":[{\"@type\":\"WebPage\",\"@id\":\"https:\/\/www.rozaje.me\/stanovnistvo\/\",\"url\":\"https:\/\/www.rozaje.me\/stanovnistvo\/\",\"name\":\"Stanovni\u0161tvo - Op\u0161tina Ro\u017eaje\",\"isPartOf\":{\"@id\":\"https:\/\/www.rozaje.me\/#website\"},\"primaryImageOfPage\":{\"@id\":\"https:\/\/www.rozaje.me\/stanovnistvo\/#primaryimage\"},\"image\":{\"@id\":\"https:\/\/www.rozaje.me\/stanovnistvo\/#primaryimage\"},\"thumbnailUrl\":\"http:\/\/www.rozaje.me\/wp-content\/uploads\/2012\/04\/415285_369001823147816_1326966663_o1.jpg\",\"datePublished\":\"2012-04-17T20:52:15+00:00\",\"dateModified\":\"2013-10-24T21:05:28+00:00\",\"breadcrumb\":{\"@id\":\"https:\/\/www.rozaje.me\/stanovnistvo\/#breadcrumb\"},\"inLanguage\":\"en-GB\",\"potentialAction\":[{\"@type\":\"ReadAction\",\"target\":[\"https:\/\/www.rozaje.me\/stanovnistvo\/\"]}]},{\"@type\":\"ImageObject\",\"inLanguage\":\"en-GB\",\"@id\":\"https:\/\/www.rozaje.me\/stanovnistvo\/#primaryimage\",\"url\":\"http:\/\/www.rozaje.me\/wp-content\/uploads\/2012\/04\/415285_369001823147816_1326966663_o1.jpg\",\"contentUrl\":\"http:\/\/www.rozaje.me\/wp-content\/uploads\/2012\/04\/415285_369001823147816_1326966663_o1.jpg\"},{\"@type\":\"BreadcrumbList\",\"@id\":\"https:\/\/www.rozaje.me\/stanovnistvo\/#breadcrumb\",\"itemListElement\":[{\"@type\":\"ListItem\",\"position\":1,\"name\":\"Home\",\"item\":\"https:\/\/www.rozaje.me\/\"},{\"@type\":\"ListItem\",\"position\":2,\"name\":\"Stanovni\u0161tvo\"}]},{\"@type\":\"WebSite\",\"@id\":\"https:\/\/www.rozaje.me\/#website\",\"url\":\"https:\/\/www.rozaje.me\/\",\"name\":\"Op\u0161tina Ro\u017eaje\",\"description\":\"Zvani\u010dna veb stranica Op\u0161tine Ro\u017eaje\",\"publisher\":{\"@id\":\"https:\/\/www.rozaje.me\/#organization\"},\"alternateName\":\"Opstina Rozaje\",\"potentialAction\":[{\"@type\":\"SearchAction\",\"target\":{\"@type\":\"EntryPoint\",\"urlTemplate\":\"https:\/\/www.rozaje.me\/?s={search_term_string}\"},\"query-input\":{\"@type\":\"PropertyValueSpecification\",\"valueRequired\":true,\"valueName\":\"search_term_string\"}}],\"inLanguage\":\"en-GB\"},{\"@type\":\"Organization\",\"@id\":\"https:\/\/www.rozaje.me\/#organization\",\"name\":\"Opstina Rozaje\",\"url\":\"https:\/\/www.rozaje.me\/\",\"logo\":{\"@type\":\"ImageObject\",\"inLanguage\":\"en-GB\",\"@id\":\"https:\/\/www.rozaje.me\/#\/schema\/logo\/image\/\",\"url\":\"https:\/\/www.rozaje.me\/wp-content\/uploads\/2022\/08\/logo-textless.svg\",\"contentUrl\":\"https:\/\/www.rozaje.me\/wp-content\/uploads\/2022\/08\/logo-textless.svg\",\"width\":108.00360000000000582076609134674072265625,\"height\":131.15059999999999718056642450392246246337890625,\"caption\":\"Opstina Rozaje\"},\"image\":{\"@id\":\"https:\/\/www.rozaje.me\/#\/schema\/logo\/image\/\"},\"sameAs\":[\"https:\/\/www.facebook.com\/OpstinaRozajeOfficial\/\",\"https:\/\/www.youtube.com\/channel\/UCepcislHIwc6KRZTLa6FIlg\"]}]}<\/script>\n<!-- \/ Yoast SEO plugin. -->","yoast_head_json":{"title":"Stanovni\u0161tvo - Op\u0161tina Ro\u017eaje","robots":{"index":"index","follow":"follow","max-snippet":"max-snippet:-1","max-image-preview":"max-image-preview:large","max-video-preview":"max-video-preview:-1"},"canonical":"https:\/\/www.rozaje.me\/en\/stanovnistvo\/","og_locale":"en_GB","og_type":"article","og_title":"Stanovni\u0161tvo - Op\u0161tina Ro\u017eaje","og_description":"Ro\u017eajska op\u0161tina zahvata povr\u0161inu od 432 km2, u kojoj prema podacima iz 2011. godine\u00a0\u017eivi oko 23.000 stanovnika. Ro\u017eaje je jedina op\u0161tina u Crnoj Gori koju&#46;&#46;&#46;","og_url":"https:\/\/www.rozaje.me\/en\/stanovnistvo\/","og_site_name":"Op\u0161tina Ro\u017eaje","article_publisher":"https:\/\/www.facebook.com\/OpstinaRozajeOfficial\/","article_modified_time":"2013-10-24T21:05:28+00:00","og_image":[{"url":"http:\/\/www.rozaje.me\/wp-content\/uploads\/2012\/04\/415285_369001823147816_1326966663_o1.jpg","type":"","width":"","height":""}],"twitter_card":"summary_large_image","twitter_misc":{"Estimated reading time":"1 minute"},"schema":{"@context":"https:\/\/schema.org","@graph":[{"@type":"WebPage","@id":"https:\/\/www.rozaje.me\/stanovnistvo\/","url":"https:\/\/www.rozaje.me\/stanovnistvo\/","name":"Stanovni\u0161tvo - Op\u0161tina Ro\u017eaje","isPartOf":{"@id":"https:\/\/www.rozaje.me\/#website"},"primaryImageOfPage":{"@id":"https:\/\/www.rozaje.me\/stanovnistvo\/#primaryimage"},"image":{"@id":"https:\/\/www.rozaje.me\/stanovnistvo\/#primaryimage"},"thumbnailUrl":"http:\/\/www.rozaje.me\/wp-content\/uploads\/2012\/04\/415285_369001823147816_1326966663_o1.jpg","datePublished":"2012-04-17T20:52:15+00:00","dateModified":"2013-10-24T21:05:28+00:00","breadcrumb":{"@id":"https:\/\/www.rozaje.me\/stanovnistvo\/#breadcrumb"},"inLanguage":"en-GB","potentialAction":[{"@type":"ReadAction","target":["https:\/\/www.rozaje.me\/stanovnistvo\/"]}]},{"@type":"ImageObject","inLanguage":"en-GB","@id":"https:\/\/www.rozaje.me\/stanovnistvo\/#primaryimage","url":"http:\/\/www.rozaje.me\/wp-content\/uploads\/2012\/04\/415285_369001823147816_1326966663_o1.jpg","contentUrl":"http:\/\/www.rozaje.me\/wp-content\/uploads\/2012\/04\/415285_369001823147816_1326966663_o1.jpg"},{"@type":"BreadcrumbList","@id":"https:\/\/www.rozaje.me\/stanovnistvo\/#breadcrumb","itemListElement":[{"@type":"ListItem","position":1,"name":"Home","item":"https:\/\/www.rozaje.me\/"},{"@type":"ListItem","position":2,"name":"Stanovni\u0161tvo"}]},{"@type":"WebSite","@id":"https:\/\/www.rozaje.me\/#website","url":"https:\/\/www.rozaje.me\/","name":"Municipality of Ro\u017eaje","description":"The official website of the Municipality of Ro\u017eaje","publisher":{"@id":"https:\/\/www.rozaje.me\/#organization"},"alternateName":"Opstina Rozaje","potentialAction":[{"@type":"SearchAction","target":{"@type":"EntryPoint","urlTemplate":"https:\/\/www.rozaje.me\/?s={search_term_string}"},"query-input":{"@type":"PropertyValueSpecification","valueRequired":true,"valueName":"search_term_string"}}],"inLanguage":"en-GB"},{"@type":"Organization","@id":"https:\/\/www.rozaje.me\/#organization","name":"Opstina Rozaje","url":"https:\/\/www.rozaje.me\/","logo":{"@type":"ImageObject","inLanguage":"en-GB","@id":"https:\/\/www.rozaje.me\/#\/schema\/logo\/image\/","url":"https:\/\/www.rozaje.me\/wp-content\/uploads\/2022\/08\/logo-textless.svg","contentUrl":"https:\/\/www.rozaje.me\/wp-content\/uploads\/2022\/08\/logo-textless.svg","width":108.00360000000000582076609134674072265625,"height":131.15059999999999718056642450392246246337890625,"caption":"Opstina Rozaje"},"image":{"@id":"https:\/\/www.rozaje.me\/#\/schema\/logo\/image\/"},"sameAs":["https:\/\/www.facebook.com\/OpstinaRozajeOfficial\/","https:\/\/www.youtube.com\/channel\/UCepcislHIwc6KRZTLa6FIlg"]}]}},"_links":{"self":[{"href":"https:\/\/www.rozaje.me\/en\/wp-json\/wp\/v2\/pages\/430","targetHints":{"allow":["GET"]}}],"collection":[{"href":"https:\/\/www.rozaje.me\/en\/wp-json\/wp\/v2\/pages"}],"about":[{"href":"https:\/\/www.rozaje.me\/en\/wp-json\/wp\/v2\/types\/page"}],"author":[{"embeddable":true,"href":"https:\/\/www.rozaje.me\/en\/wp-json\/wp\/v2\/users\/11"}],"replies":[{"embeddable":true,"href":"https:\/\/www.rozaje.me\/en\/wp-json\/wp\/v2\/comments?post=430"}],"version-history":[{"count":0,"href":"https:\/\/www.rozaje.me\/en\/wp-json\/wp\/v2\/pages\/430\/revisions"}],"wp:attachment":[{"href":"https:\/\/www.rozaje.me\/en\/wp-json\/wp\/v2\/media?parent=430"}],"curies":[{"name":"wp","href":"https:\/\/api.w.org\/{rel}","templated":true}]}}