{"id":428,"date":"2012-04-17T20:52:02","date_gmt":"2012-04-17T20:52:02","guid":{"rendered":"http:\/\/www.rozaje.me\/?page_id=428"},"modified":"2019-02-16T23:20:34","modified_gmt":"2019-02-16T23:20:34","slug":"kultura","status":"publish","type":"page","link":"https:\/\/www.rozaje.me\/en\/kultura\/","title":{"rendered":"Culture"},"content":{"rendered":"<p>Ro\u017eaje is a small but modern city, whose cultural life is becoming more and more intense. The main city institution for organizing cultural life is the local Culture Center, which also has its own publishing activity.<\/p>\n\n\n\n<figure class=\"wp-block-image is-resized\"><img loading=\"lazy\" decoding=\"async\" src=\"https:\/\/rozaje.me\/wp-content\/uploads\/2013\/10\/Centar-za-kulturu2.jpg\" alt=\"\" class=\"wp-image-7106\" width=\"658\" height=\"410\" srcset=\"https:\/\/www.rozaje.me\/wp-content\/uploads\/2013\/10\/Centar-za-kulturu2.jpg 448w, https:\/\/www.rozaje.me\/wp-content\/uploads\/2013\/10\/Centar-za-kulturu2-300x186.jpg 300w\" sizes=\"auto, (max-width: 658px) 100vw, 658px\" \/><\/figure>\n\n\n\n<p>The Cultural Center has a gallery, a cinema, a city library and a reading room.<\/p>\n\n\n\n<p>The public institution Ro\u017eaje Culture Center was formed in 1991 by the Decision of the Ro\u017eaje Municipality Assembly. Prior to that, cultural affairs were organized within the National University.<\/p>\n\n\n\n<p><strong> <a>The activities of the Center are of special social interest and include:<\/a>&nbsp;<\/strong><\/p>\n\n\n\n<ul class=\"wp-block-list\"><li>Organizing and improving cultural and artistic activity and cultural life in the municipality<\/li><li>Organizing and arranging cultural and artistic performances of theater performances, musical performances, literary evenings and art exhibitions<\/li><li>Organization of festivals and manifestations of municipal, national and international significance, culturally educational in nature<\/li><li>Organizing appropriate programs on the occasion of significant national holidays, jubilees, etc.<\/li><li>Organizing lectures, seminars and courses related to the Center&#039;s core activities<\/li><li>Promotion of amateur cultural and artistic creativity<\/li><li>Regular showing of films<\/li><li>Cooperation with other institutions and organizations in the field of culture<\/li><li>Other tasks that the founder puts under the authority of the Center<\/li><\/ul>\n\n\n\n<p><strong> <a>Events organized by the Center for Culture:<\/a>&nbsp;<\/strong><\/p>\n\n\n\n<ul class=\"wp-block-list\"><li>International Children&#039;s Song Festival &quot;Golden Snowflake&quot;<\/li><li>Ro\u017eaj cultural summer<\/li><li>Days of mushrooms and herbs<\/li><li>September days of culture<\/li><li>Literary meetings &quot;Miroslav \u0110urovi\u0107&quot;<\/li><li>Art salon of the Art Club &quot;Kula&quot;<\/li><\/ul>\n\n\n\n<p><strong> <a>Publishing activity:<\/a>&nbsp;<\/strong><\/p>\n\n\n\n<ul class=\"wp-block-list\"><li>Rozajski zbornik magazine<\/li><li>Books and publications<\/li><\/ul>\n\n\n\n<p>The Folklore Ensemble, which was founded in 2004, operates as part of the Center for Culture. The folklore ensemble of the Cultural Center comes from the rich folklore source of the Ro\u017eaj region. The folklore ensemble inherits the dances, music, songs and customs of the peoples living in Montenegro and the region. He had a large number of performances in the country and abroad, where he received very significant awards and recognitions. It has over two hundred members of different ages divided into four groups.<\/p>\n\n\n\n<p>Dance group &quot;Snowflake&quot; - the founding of the dance group is related to the start of the International Children&#039;s Song Festival &quot;Golden Snowflake&quot;. About seventy children are active in the dance group. They have modern dances in their repertoire.<\/p>\n\n\n\n<p>Music workshop - a music workshop - piano school led by music pedagogue Izeta Ika Bu\u010dan has recently started working in the Cultural Center. About thirty participants attend the workshop.<\/p>\n\n\n\n<p>The presence of several cultures in different periods of prehistory and history in the Ro\u017eaj area is indicated by many toponyms, folk traditions, and especially many cultural and historical monuments. Near the city, on the Brezovica hill, there are well-preserved but not sufficiently explored and studied remains of an Illyrian settlement. There are also numerous monuments of material culture from the Middle Ages and the Turkish era. The most important among them are:<\/p>\n\n\n\n<ul class=\"wp-block-list\"><li>Kurtagi\u0107a Mosque, which was built by Sultan Murat II in 1697;<\/li><li>Ku\u010dan mosque built in 1830;<\/li><li>Gani\u0107a Tower built in the first years of the 19th century;<\/li><li>Ruzica Church in Suho Dol;<\/li><li>Church of Our Lady&#039;s Peak on the mountain of the same name, endowment of Jelena An\u017eujska, wife of Uro\u0161 I Nemanji\u0107;<\/li><\/ul>","protected":false},"excerpt":{"rendered":"<p>Ro\u017eaje je mali ali moderan grad, \u010diji kulturni \u017eivot postaje sve intenzivniji. Glavna gradska institucija za organizovanje kulturnog \u017eivota je lokalni Centar za kulturu, koji&#46;&#46;&#46;<\/p>","protected":false},"author":11,"featured_media":0,"parent":0,"menu_order":0,"comment_status":"open","ping_status":"open","template":"","meta":{"_monsterinsights_skip_tracking":false,"_monsterinsights_sitenote_active":false,"_monsterinsights_sitenote_note":"","_monsterinsights_sitenote_category":0,"footnotes":""},"class_list":["post-428","page","type-page","status-publish","hentry"],"yoast_head":"<!-- This site is optimized with the Yoast SEO plugin v27.2 - https:\/\/yoast.com\/product\/yoast-seo-wordpress\/ -->\n<title>Kultura - Op\u0161tina Ro\u017eaje<\/title>\n<meta name=\"robots\" content=\"index, follow, max-snippet:-1, max-image-preview:large, max-video-preview:-1\" \/>\n<link rel=\"canonical\" href=\"https:\/\/www.rozaje.me\/en\/kultura\/\" \/>\n<meta property=\"og:locale\" content=\"en_GB\" \/>\n<meta property=\"og:type\" content=\"article\" \/>\n<meta property=\"og:title\" content=\"Kultura - Op\u0161tina Ro\u017eaje\" \/>\n<meta property=\"og:description\" content=\"Ro\u017eaje je mali ali moderan grad, \u010diji kulturni \u017eivot postaje sve intenzivniji. Glavna gradska institucija za organizovanje kulturnog \u017eivota je lokalni Centar za kulturu, koji&#046;&#046;&#046;\" \/>\n<meta property=\"og:url\" content=\"https:\/\/www.rozaje.me\/en\/kultura\/\" \/>\n<meta property=\"og:site_name\" content=\"Op\u0161tina Ro\u017eaje\" \/>\n<meta property=\"article:publisher\" content=\"https:\/\/www.facebook.com\/OpstinaRozajeOfficial\/\" \/>\n<meta property=\"article:modified_time\" content=\"2019-02-16T23:20:34+00:00\" \/>\n<meta property=\"og:image\" content=\"https:\/\/rozaje.me\/wp-content\/uploads\/2013\/10\/Centar-za-kulturu2.jpg\" \/>\n<meta name=\"twitter:card\" content=\"summary_large_image\" \/>\n<meta name=\"twitter:label1\" content=\"Estimated reading time\" \/>\n\t<meta name=\"twitter:data1\" content=\"2 minutes\" \/>\n<script type=\"application\/ld+json\" class=\"yoast-schema-graph\">{\"@context\":\"https:\/\/schema.org\",\"@graph\":[{\"@type\":\"WebPage\",\"@id\":\"https:\/\/www.rozaje.me\/kultura\/\",\"url\":\"https:\/\/www.rozaje.me\/kultura\/\",\"name\":\"Kultura - Op\u0161tina Ro\u017eaje\",\"isPartOf\":{\"@id\":\"https:\/\/www.rozaje.me\/#website\"},\"primaryImageOfPage\":{\"@id\":\"https:\/\/www.rozaje.me\/kultura\/#primaryimage\"},\"image\":{\"@id\":\"https:\/\/www.rozaje.me\/kultura\/#primaryimage\"},\"thumbnailUrl\":\"https:\/\/rozaje.me\/wp-content\/uploads\/2013\/10\/Centar-za-kulturu2.jpg\",\"datePublished\":\"2012-04-17T20:52:02+00:00\",\"dateModified\":\"2019-02-16T23:20:34+00:00\",\"breadcrumb\":{\"@id\":\"https:\/\/www.rozaje.me\/kultura\/#breadcrumb\"},\"inLanguage\":\"en-GB\",\"potentialAction\":[{\"@type\":\"ReadAction\",\"target\":[\"https:\/\/www.rozaje.me\/kultura\/\"]}]},{\"@type\":\"ImageObject\",\"inLanguage\":\"en-GB\",\"@id\":\"https:\/\/www.rozaje.me\/kultura\/#primaryimage\",\"url\":\"https:\/\/rozaje.me\/wp-content\/uploads\/2013\/10\/Centar-za-kulturu2.jpg\",\"contentUrl\":\"https:\/\/rozaje.me\/wp-content\/uploads\/2013\/10\/Centar-za-kulturu2.jpg\"},{\"@type\":\"BreadcrumbList\",\"@id\":\"https:\/\/www.rozaje.me\/kultura\/#breadcrumb\",\"itemListElement\":[{\"@type\":\"ListItem\",\"position\":1,\"name\":\"Home\",\"item\":\"https:\/\/www.rozaje.me\/\"},{\"@type\":\"ListItem\",\"position\":2,\"name\":\"Kultura\"}]},{\"@type\":\"WebSite\",\"@id\":\"https:\/\/www.rozaje.me\/#website\",\"url\":\"https:\/\/www.rozaje.me\/\",\"name\":\"Op\u0161tina Ro\u017eaje\",\"description\":\"Zvani\u010dna veb stranica Op\u0161tine Ro\u017eaje\",\"publisher\":{\"@id\":\"https:\/\/www.rozaje.me\/#organization\"},\"alternateName\":\"Opstina Rozaje\",\"potentialAction\":[{\"@type\":\"SearchAction\",\"target\":{\"@type\":\"EntryPoint\",\"urlTemplate\":\"https:\/\/www.rozaje.me\/?s={search_term_string}\"},\"query-input\":{\"@type\":\"PropertyValueSpecification\",\"valueRequired\":true,\"valueName\":\"search_term_string\"}}],\"inLanguage\":\"en-GB\"},{\"@type\":\"Organization\",\"@id\":\"https:\/\/www.rozaje.me\/#organization\",\"name\":\"Opstina Rozaje\",\"url\":\"https:\/\/www.rozaje.me\/\",\"logo\":{\"@type\":\"ImageObject\",\"inLanguage\":\"en-GB\",\"@id\":\"https:\/\/www.rozaje.me\/#\/schema\/logo\/image\/\",\"url\":\"https:\/\/www.rozaje.me\/wp-content\/uploads\/2022\/08\/logo-textless.svg\",\"contentUrl\":\"https:\/\/www.rozaje.me\/wp-content\/uploads\/2022\/08\/logo-textless.svg\",\"width\":108.00360000000000582076609134674072265625,\"height\":131.15059999999999718056642450392246246337890625,\"caption\":\"Opstina Rozaje\"},\"image\":{\"@id\":\"https:\/\/www.rozaje.me\/#\/schema\/logo\/image\/\"},\"sameAs\":[\"https:\/\/www.facebook.com\/OpstinaRozajeOfficial\/\",\"https:\/\/www.youtube.com\/channel\/UCepcislHIwc6KRZTLa6FIlg\"]}]}<\/script>\n<!-- \/ Yoast SEO plugin. -->","yoast_head_json":{"title":"Kultura - Op\u0161tina Ro\u017eaje","robots":{"index":"index","follow":"follow","max-snippet":"max-snippet:-1","max-image-preview":"max-image-preview:large","max-video-preview":"max-video-preview:-1"},"canonical":"https:\/\/www.rozaje.me\/en\/kultura\/","og_locale":"en_GB","og_type":"article","og_title":"Kultura - Op\u0161tina Ro\u017eaje","og_description":"Ro\u017eaje je mali ali moderan grad, \u010diji kulturni \u017eivot postaje sve intenzivniji. Glavna gradska institucija za organizovanje kulturnog \u017eivota je lokalni Centar za kulturu, koji&#46;&#46;&#46;","og_url":"https:\/\/www.rozaje.me\/en\/kultura\/","og_site_name":"Op\u0161tina Ro\u017eaje","article_publisher":"https:\/\/www.facebook.com\/OpstinaRozajeOfficial\/","article_modified_time":"2019-02-16T23:20:34+00:00","og_image":[{"url":"https:\/\/rozaje.me\/wp-content\/uploads\/2013\/10\/Centar-za-kulturu2.jpg","type":"","width":"","height":""}],"twitter_card":"summary_large_image","twitter_misc":{"Estimated reading time":"2 minutes"},"schema":{"@context":"https:\/\/schema.org","@graph":[{"@type":"WebPage","@id":"https:\/\/www.rozaje.me\/kultura\/","url":"https:\/\/www.rozaje.me\/kultura\/","name":"Kultura - Op\u0161tina Ro\u017eaje","isPartOf":{"@id":"https:\/\/www.rozaje.me\/#website"},"primaryImageOfPage":{"@id":"https:\/\/www.rozaje.me\/kultura\/#primaryimage"},"image":{"@id":"https:\/\/www.rozaje.me\/kultura\/#primaryimage"},"thumbnailUrl":"https:\/\/rozaje.me\/wp-content\/uploads\/2013\/10\/Centar-za-kulturu2.jpg","datePublished":"2012-04-17T20:52:02+00:00","dateModified":"2019-02-16T23:20:34+00:00","breadcrumb":{"@id":"https:\/\/www.rozaje.me\/kultura\/#breadcrumb"},"inLanguage":"en-GB","potentialAction":[{"@type":"ReadAction","target":["https:\/\/www.rozaje.me\/kultura\/"]}]},{"@type":"ImageObject","inLanguage":"en-GB","@id":"https:\/\/www.rozaje.me\/kultura\/#primaryimage","url":"https:\/\/rozaje.me\/wp-content\/uploads\/2013\/10\/Centar-za-kulturu2.jpg","contentUrl":"https:\/\/rozaje.me\/wp-content\/uploads\/2013\/10\/Centar-za-kulturu2.jpg"},{"@type":"BreadcrumbList","@id":"https:\/\/www.rozaje.me\/kultura\/#breadcrumb","itemListElement":[{"@type":"ListItem","position":1,"name":"Home","item":"https:\/\/www.rozaje.me\/"},{"@type":"ListItem","position":2,"name":"Kultura"}]},{"@type":"WebSite","@id":"https:\/\/www.rozaje.me\/#website","url":"https:\/\/www.rozaje.me\/","name":"Municipality of Ro\u017eaje","description":"The official website of the Municipality of Ro\u017eaje","publisher":{"@id":"https:\/\/www.rozaje.me\/#organization"},"alternateName":"Opstina Rozaje","potentialAction":[{"@type":"SearchAction","target":{"@type":"EntryPoint","urlTemplate":"https:\/\/www.rozaje.me\/?s={search_term_string}"},"query-input":{"@type":"PropertyValueSpecification","valueRequired":true,"valueName":"search_term_string"}}],"inLanguage":"en-GB"},{"@type":"Organization","@id":"https:\/\/www.rozaje.me\/#organization","name":"Opstina Rozaje","url":"https:\/\/www.rozaje.me\/","logo":{"@type":"ImageObject","inLanguage":"en-GB","@id":"https:\/\/www.rozaje.me\/#\/schema\/logo\/image\/","url":"https:\/\/www.rozaje.me\/wp-content\/uploads\/2022\/08\/logo-textless.svg","contentUrl":"https:\/\/www.rozaje.me\/wp-content\/uploads\/2022\/08\/logo-textless.svg","width":108.00360000000000582076609134674072265625,"height":131.15059999999999718056642450392246246337890625,"caption":"Opstina Rozaje"},"image":{"@id":"https:\/\/www.rozaje.me\/#\/schema\/logo\/image\/"},"sameAs":["https:\/\/www.facebook.com\/OpstinaRozajeOfficial\/","https:\/\/www.youtube.com\/channel\/UCepcislHIwc6KRZTLa6FIlg"]}]}},"_links":{"self":[{"href":"https:\/\/www.rozaje.me\/en\/wp-json\/wp\/v2\/pages\/428","targetHints":{"allow":["GET"]}}],"collection":[{"href":"https:\/\/www.rozaje.me\/en\/wp-json\/wp\/v2\/pages"}],"about":[{"href":"https:\/\/www.rozaje.me\/en\/wp-json\/wp\/v2\/types\/page"}],"author":[{"embeddable":true,"href":"https:\/\/www.rozaje.me\/en\/wp-json\/wp\/v2\/users\/11"}],"replies":[{"embeddable":true,"href":"https:\/\/www.rozaje.me\/en\/wp-json\/wp\/v2\/comments?post=428"}],"version-history":[{"count":0,"href":"https:\/\/www.rozaje.me\/en\/wp-json\/wp\/v2\/pages\/428\/revisions"}],"wp:attachment":[{"href":"https:\/\/www.rozaje.me\/en\/wp-json\/wp\/v2\/media?parent=428"}],"curies":[{"name":"wp","href":"https:\/\/api.w.org\/{rel}","templated":true}]}}