{"id":426,"date":"2012-04-17T20:51:46","date_gmt":"2012-04-17T20:51:46","guid":{"rendered":"http:\/\/www.rozaje.me\/?page_id=426"},"modified":"2019-02-16T22:59:53","modified_gmt":"2019-02-16T22:59:53","slug":"istorija-rozaja","status":"publish","type":"page","link":"https:\/\/www.rozaje.me\/en\/istorija-rozaja\/","title":{"rendered":"History of Ro\u017eaj"},"content":{"rendered":"<p>Ro\u017eaje is a settlement that arose in the 7th century AD. Illyrians, Romans and Greeks lived here, and a little later the Slavic population also settled. In the immediate vicinity of the city, there are several archaeological sites from the Illyrian, Roman and Nemanic periods that have not been investigated in detail. These are the Illyrian settlement on Brezova\u010dki brdo, Gradina on Krsta\u010di mountain, Ba\u010devac Sastanci in Ba\u0161\u010da, Ota\u0161evo brdo and Mrs. vrh in Bi\u0161evo.<\/p>\n<p style=\"text-align: left;\">The Turks occupied the regions of Bihor and Ro\u017eaj in 1455. Turkish censuses show that the population at that time was Christian. According to the data known so far, Ro\u017eaje has been mentioned under its current name since 1585, and the tradition of this name is linked to two limestone cliques-pillars in the shape of horns, not far from the Gani\u0107 Tower. According to another version, Ro\u017eaje (formerly Trgovi\u0161te according to some historians) got its name because it was known as the center of horned cattle trade.<\/p>\n<p style=\"text-align: justify;\"><img loading=\"lazy\" decoding=\"async\" class=\"wp-image-4786 aligncenter\" src=\"https:\/\/rozaje.me\/wp-content\/uploads\/2012\/04\/12-300x225.jpg\" alt=\"\" width=\"555\" height=\"416\" \/><\/p>\n<p style=\"text-align: justify;\">Varo\u0161ica developed around two cores, the older one, around the fortress that was demolished and no longer exists, and the younger one, around the Gani\u0107 tower, which was rebuilt.<\/p>\n<p style=\"text-align: justify;\">Since the beginning of the 18th century, the Rozaj-Peshter and Bihor areas have been inhabited by the exiled and escaped Catholic and Orthodox population from the surrounding areas, who accepted Islam. In the 18th and 19th centuries, under Turkish rule, Ro\u017eaje was an important administrative and commercial center with developed crafts and livestock fairs. The French travel writer Ami Bue in his travelogue from 1892 says that Ro\u017eaje has about 60 houses, a mosque and inns. During the Turkish rule, in addition to the small town of Ro\u017eaja, part of Bihor, Pe\u0161tera and the Novopazar region belonged to the Ro\u017eaje family. At that time, in 1892, Ro\u017eaje included 81 villages. The wealth acquired by merchants from this region in the second half of the 19th century is shown in the saying from that era &quot;If Constantinople burned, Ro\u017eaje would raise it&quot;.<\/p>\n<h4 style=\"text-align: justify;\"><span style=\"color: #003366;\"><strong>&quot;Ro\u017eajians are the best people in the world&quot; - Nata\u0161a Kandi\u0107, President of the Fund for Humanitarian Law from Belgrade.<\/strong><\/span><\/h4>\n<p style=\"text-align: justify;\">Ro\u017eaje and the people of Ro\u017eaj are known for providing hospitality to people in need during all past wars. And conflicts in the 19th and 20th centuries, as well as by traditional good interfaith coexistence, mutual help and understanding. As a place at the crossroads, Ro\u017eaje was named <strong>&quot;Musafir&#039;s House&quot;<\/strong> in which Bosnian refugees before the Austro-Hungarian occupation in 1878 and refugees from Kola\u0161in after 1878 found refuge and hospitality only in the last 130 years.<\/p>\n<p style=\"text-align: justify;\">In 1913, with the division of Sand\u017eak, Ro\u017eaje became part of the Montenegrin state, and then it lost its former importance as a traffic station and administrative center. A special problem was the lack of roads. The old roads from the time of the Ottoman-Turkish administration have long ceased to serve their purpose, and new ones have not been built.<\/p>\n<p><img loading=\"lazy\" decoding=\"async\" class=\"wp-image-4932 aligncenter\" src=\"https:\/\/rozaje.me\/wp-content\/uploads\/2013\/06\/21-300x207.jpg\" alt=\"\" width=\"554\" height=\"383\" srcset=\"https:\/\/www.rozaje.me\/wp-content\/uploads\/2013\/06\/21-300x207.jpg 300w, https:\/\/www.rozaje.me\/wp-content\/uploads\/2013\/06\/21.jpg 640w\" sizes=\"auto, (max-width: 554px) 100vw, 554px\" \/><\/p>\n<p style=\"text-align: justify;\">In this area, traffic was carried out by caravans, and the people of Ro\u017eaj were trade intermediaries between Kosovo and Polimlje. Unfavorable political changes led to a decrease in livestock and a sudden impoverishment of the population. Numerous houses are neglected, left to the ravages of time. The population emigrated to Turkey.<\/p>\n<p style=\"text-align: justify;\">At the end of 1915, during the retreat of the exhausted Serbian army through Ro\u017eaje on the way to Albania, the people of Ro\u017eaje provided selfless help and hospitality to the soldiers, so as a sign of memory and respect for the people from this region, the surviving fighters after the First World War gave a street in Belgrade the name &quot;Ro\u017eajska&quot;.<\/p>\n<p><img loading=\"lazy\" decoding=\"async\" class=\"wp-image-4800 aligncenter\" src=\"https:\/\/rozaje.me\/wp-content\/uploads\/2012\/04\/41-300x220.jpg\" alt=\"\" width=\"536\" height=\"393\" srcset=\"https:\/\/www.rozaje.me\/wp-content\/uploads\/2012\/04\/41-300x220.jpg 300w, https:\/\/www.rozaje.me\/wp-content\/uploads\/2012\/04\/41.jpg 640w\" sizes=\"auto, (max-width: 536px) 100vw, 536px\" \/><\/p>\n<p style=\"text-align: justify;\">The period of Austro-Hungarian occupation from 1915 to 1918 is considered one of the most difficult periods in the history of this region. The so-called During the &quot;hungry Swabian years&quot;, the population was dying from epidemics of typhus and cholera. In 1917, the Austrian authorities mobilized about 500 people from the Ro\u017eaj region and sent them to war in the Carpathians. A small number of them returned home.<\/p>\n<p style=\"text-align: justify;\">In October 1918, the Serbian army took over the Ro\u017eaj region from the Austro-Hungarians, so that the same year the Kingdom of Serbs, Croats and Slovenes (SHS) was created. Between the two World Wars, there was religious and national inequality, poverty, and illiteracy.<\/p>\n<p style=\"text-align: justify;\">In the 1930s, Ro\u017eaje had an insignificant economic role, the bazaar served only the most necessary local needs. People, preparing to go to Turkey, sold land for nothing.<\/p>\n<p><img loading=\"lazy\" decoding=\"async\" class=\"wp-image-4810 aligncenter\" src=\"https:\/\/rozaje.me\/wp-content\/uploads\/2012\/04\/6-300x199.jpg\" alt=\"\" width=\"556\" height=\"369\" srcset=\"https:\/\/www.rozaje.me\/wp-content\/uploads\/2012\/04\/6-300x199.jpg 300w, https:\/\/www.rozaje.me\/wp-content\/uploads\/2012\/04\/6.jpg 640w\" sizes=\"auto, (max-width: 556px) 100vw, 556px\" \/><\/p>\n<p style=\"text-align: justify;\">In spite of poverty and other difficulties, in 1937, on the initiative of Hivzija \u0106atovi\u0107, in the premises of the Vakuf tavern in Gornja \u010dar\u0161ija, a public library was established with a reading room that gathered members of the Cultural and Art Society as well as members of the football club. The society worked actively until the beginning of the Second World War. In April 1941, the Roza region was occupied by Germans and Italians.<\/p>\n<p style=\"text-align: justify;\">In 1943, the population in the territory of the Rozaj municipality provided shelter to columns of refugees from Bihor and Bosnia, and housed the Rozaj Orthodox population who were attacked by local gangs in their houses. Such neighborly solidarity and mutual rescue in wars is a tradition in this region.<\/p>\n<p><img loading=\"lazy\" decoding=\"async\" class=\"wp-image-4803 aligncenter\" src=\"https:\/\/rozaje.me\/wp-content\/uploads\/2012\/04\/5-300x213.jpg\" alt=\"\" width=\"486\" height=\"345\" srcset=\"https:\/\/www.rozaje.me\/wp-content\/uploads\/2012\/04\/5-300x213.jpg 300w, https:\/\/www.rozaje.me\/wp-content\/uploads\/2012\/04\/5.jpg 640w\" sizes=\"auto, (max-width: 486px) 100vw, 486px\" \/><\/p>\n<p style=\"text-align: justify;\">In August 1943, residents of Ro\u017eaj formed a partisan company and an illegal national liberation committee. In October 1943, the Ro\u017eaj communists went to the forest and founded the Ro\u017eaj partisan detachment. In the Battle of Prijepolje in December 1943, Ro\u017eaj proletarians died: Dedo \u0160ehovi\u0107, Jaho Kurtagi\u0107, Hilmo Zejnelagi\u0107 and Mustafa Pe\u0107anin. Iljaz Had\u017eipe\u0107anin, as an illegal in Peja, was captured and hanged by the Germans, while Hivzija \u0106atovi\u0107 was killed near Beran in 1944. During the People&#039;s Liberation War in Ro\u017eaje and its surroundings, 55 fighters were killed, 65 fighters were seriously wounded, 87 war orphans remained and there were 76 victims of fascist terror.<\/p>\n<p><img loading=\"lazy\" decoding=\"async\" class=\"wp-image-4813 aligncenter\" src=\"https:\/\/rozaje.me\/wp-content\/uploads\/2012\/04\/7-300x196.jpg\" alt=\"\" width=\"568\" height=\"371\" \/><\/p>\n<p style=\"text-align: justify;\">Ro\u017eaje was liberated during the Second World War on September 30, 1944, in battles that lasted a month and a half. Since then, a new period in the development of the city and its surroundings began. Immediately after the liberation, at the end of 1944, the Cultural and Educational Society &quot;Hivzija \u0106atovi\u0107&quot; was founded, within which the original folklore group &quot;Daci\u0107a&quot; was formed in 1947, which, during its activity (with several interruptions) until 1972, conquered numerous awards at folklore festivals.<\/p>\n<p style=\"text-align: justify;\">During the bloody disintegration of Yugoslavia in the last decade of the 20th century, the people of Ro\u017eaj accepted and helped thousands and thousands of refugees from Bosnia and Herzegovina in 1992 and 1993, as well as in 1999, refugees from Kosovo.<\/p>\n<p><img loading=\"lazy\" decoding=\"async\" class=\"wp-image-4819 aligncenter\" src=\"https:\/\/rozaje.me\/wp-content\/uploads\/2012\/04\/81-300x223.jpg\" alt=\"\" width=\"519\" height=\"386\" srcset=\"https:\/\/www.rozaje.me\/wp-content\/uploads\/2012\/04\/81-300x223.jpg 300w, https:\/\/www.rozaje.me\/wp-content\/uploads\/2012\/04\/81.jpg 640w\" sizes=\"auto, (max-width: 519px) 100vw, 519px\" \/><\/p>\n<p style=\"text-align: justify;\">... Empires, kingdoms and states changed, and Ro\u017eaje survived in the green valley of the Ibar surrounded by forested mountains under a starry sky.<\/p>\n<p style=\"text-align: justify;\">\n<p><img loading=\"lazy\" decoding=\"async\" class=\"wp-image-4954 aligncenter\" src=\"https:\/\/rozaje.me\/wp-content\/uploads\/2013\/06\/9-300x185.jpg\" alt=\"\" width=\"570\" height=\"352\" srcset=\"https:\/\/www.rozaje.me\/wp-content\/uploads\/2013\/06\/9-300x185.jpg 300w, https:\/\/www.rozaje.me\/wp-content\/uploads\/2013\/06\/9.jpg 640w\" sizes=\"auto, (max-width: 570px) 100vw, 570px\" \/><\/p>\n<p style=\"text-align: justify;\">Today, Ro\u017eaje is gradually growing into a small modern city with a big heart. Today, the city is adorned with a new square, wide streets, tall residential buildings, business and shopping centers, a sports hall, sports fields...<\/p>\n<div class=\"video-container\"><iframe loading=\"lazy\" title=\"STARO ROZAJE\" width=\"500\" height=\"375\" src=\"https:\/\/www.youtube.com\/embed\/bm9X1ee88go?feature=oembed&#038;wmode=opaque\" frameborder=\"0\" allow=\"accelerometer; autoplay; clipboard-write; encrypted-media; gyroscope; picture-in-picture; web-share\" referrerpolicy=\"strict-origin-when-cross-origin\" allowfullscreen><\/iframe><\/div>","protected":false},"excerpt":{"rendered":"<p>Ro\u017eaje je naselje koje je nastalo u 7. Vijeku na\u0161e ere. Ovdje su \u017eivjeli Iliri, Rimljani i Grci, a ne\u0161to kasnije se naselilo i slovensko&#46;&#46;&#46;<\/p>","protected":false},"author":11,"featured_media":0,"parent":0,"menu_order":0,"comment_status":"open","ping_status":"open","template":"","meta":{"_monsterinsights_skip_tracking":false,"_monsterinsights_sitenote_active":false,"_monsterinsights_sitenote_note":"","_monsterinsights_sitenote_category":0,"footnotes":""},"class_list":["post-426","page","type-page","status-publish","hentry"],"yoast_head":"<!-- This site is optimized with the Yoast SEO plugin v27.2 - https:\/\/yoast.com\/product\/yoast-seo-wordpress\/ -->\n<title>Istorija Ro\u017eaja - Op\u0161tina Ro\u017eaje<\/title>\n<meta name=\"robots\" content=\"index, follow, max-snippet:-1, max-image-preview:large, max-video-preview:-1\" \/>\n<link rel=\"canonical\" href=\"https:\/\/www.rozaje.me\/en\/istorija-rozaja\/\" \/>\n<meta property=\"og:locale\" content=\"en_GB\" \/>\n<meta property=\"og:type\" content=\"article\" \/>\n<meta property=\"og:title\" content=\"Istorija Ro\u017eaja - Op\u0161tina Ro\u017eaje\" \/>\n<meta property=\"og:description\" content=\"Ro\u017eaje je naselje koje je nastalo u 7. Vijeku na\u0161e ere. Ovdje su \u017eivjeli Iliri, Rimljani i Grci, a ne\u0161to kasnije se naselilo i slovensko&#046;&#046;&#046;\" \/>\n<meta property=\"og:url\" content=\"https:\/\/www.rozaje.me\/en\/istorija-rozaja\/\" \/>\n<meta property=\"og:site_name\" content=\"Op\u0161tina Ro\u017eaje\" \/>\n<meta property=\"article:publisher\" content=\"https:\/\/www.facebook.com\/OpstinaRozajeOfficial\/\" \/>\n<meta property=\"article:modified_time\" content=\"2019-02-16T22:59:53+00:00\" \/>\n<meta property=\"og:image\" content=\"https:\/\/rozaje.me\/wp-content\/uploads\/2012\/04\/12-300x225.jpg\" \/>\n<meta name=\"twitter:card\" content=\"summary_large_image\" \/>\n<meta name=\"twitter:label1\" content=\"Estimated reading time\" \/>\n\t<meta name=\"twitter:data1\" content=\"5 minutes\" \/>\n<script type=\"application\/ld+json\" class=\"yoast-schema-graph\">{\"@context\":\"https:\/\/schema.org\",\"@graph\":[{\"@type\":\"WebPage\",\"@id\":\"https:\/\/www.rozaje.me\/istorija-rozaja\/\",\"url\":\"https:\/\/www.rozaje.me\/istorija-rozaja\/\",\"name\":\"Istorija Ro\u017eaja - Op\u0161tina Ro\u017eaje\",\"isPartOf\":{\"@id\":\"https:\/\/www.rozaje.me\/#website\"},\"primaryImageOfPage\":{\"@id\":\"https:\/\/www.rozaje.me\/istorija-rozaja\/#primaryimage\"},\"image\":{\"@id\":\"https:\/\/www.rozaje.me\/istorija-rozaja\/#primaryimage\"},\"thumbnailUrl\":\"https:\/\/rozaje.me\/wp-content\/uploads\/2012\/04\/12-300x225.jpg\",\"datePublished\":\"2012-04-17T20:51:46+00:00\",\"dateModified\":\"2019-02-16T22:59:53+00:00\",\"breadcrumb\":{\"@id\":\"https:\/\/www.rozaje.me\/istorija-rozaja\/#breadcrumb\"},\"inLanguage\":\"en-GB\",\"potentialAction\":[{\"@type\":\"ReadAction\",\"target\":[\"https:\/\/www.rozaje.me\/istorija-rozaja\/\"]}]},{\"@type\":\"ImageObject\",\"inLanguage\":\"en-GB\",\"@id\":\"https:\/\/www.rozaje.me\/istorija-rozaja\/#primaryimage\",\"url\":\"https:\/\/rozaje.me\/wp-content\/uploads\/2012\/04\/12-300x225.jpg\",\"contentUrl\":\"https:\/\/rozaje.me\/wp-content\/uploads\/2012\/04\/12-300x225.jpg\"},{\"@type\":\"BreadcrumbList\",\"@id\":\"https:\/\/www.rozaje.me\/istorija-rozaja\/#breadcrumb\",\"itemListElement\":[{\"@type\":\"ListItem\",\"position\":1,\"name\":\"Home\",\"item\":\"https:\/\/www.rozaje.me\/\"},{\"@type\":\"ListItem\",\"position\":2,\"name\":\"Istorija Ro\u017eaja\"}]},{\"@type\":\"WebSite\",\"@id\":\"https:\/\/www.rozaje.me\/#website\",\"url\":\"https:\/\/www.rozaje.me\/\",\"name\":\"Op\u0161tina Ro\u017eaje\",\"description\":\"Zvani\u010dna veb stranica Op\u0161tine Ro\u017eaje\",\"publisher\":{\"@id\":\"https:\/\/www.rozaje.me\/#organization\"},\"alternateName\":\"Opstina Rozaje\",\"potentialAction\":[{\"@type\":\"SearchAction\",\"target\":{\"@type\":\"EntryPoint\",\"urlTemplate\":\"https:\/\/www.rozaje.me\/?s={search_term_string}\"},\"query-input\":{\"@type\":\"PropertyValueSpecification\",\"valueRequired\":true,\"valueName\":\"search_term_string\"}}],\"inLanguage\":\"en-GB\"},{\"@type\":\"Organization\",\"@id\":\"https:\/\/www.rozaje.me\/#organization\",\"name\":\"Opstina Rozaje\",\"url\":\"https:\/\/www.rozaje.me\/\",\"logo\":{\"@type\":\"ImageObject\",\"inLanguage\":\"en-GB\",\"@id\":\"https:\/\/www.rozaje.me\/#\/schema\/logo\/image\/\",\"url\":\"https:\/\/www.rozaje.me\/wp-content\/uploads\/2022\/08\/logo-textless.svg\",\"contentUrl\":\"https:\/\/www.rozaje.me\/wp-content\/uploads\/2022\/08\/logo-textless.svg\",\"width\":108.00360000000000582076609134674072265625,\"height\":131.15059999999999718056642450392246246337890625,\"caption\":\"Opstina Rozaje\"},\"image\":{\"@id\":\"https:\/\/www.rozaje.me\/#\/schema\/logo\/image\/\"},\"sameAs\":[\"https:\/\/www.facebook.com\/OpstinaRozajeOfficial\/\",\"https:\/\/www.youtube.com\/channel\/UCepcislHIwc6KRZTLa6FIlg\"]}]}<\/script>\n<!-- \/ Yoast SEO plugin. -->","yoast_head_json":{"title":"Istorija Ro\u017eaja - Op\u0161tina Ro\u017eaje","robots":{"index":"index","follow":"follow","max-snippet":"max-snippet:-1","max-image-preview":"max-image-preview:large","max-video-preview":"max-video-preview:-1"},"canonical":"https:\/\/www.rozaje.me\/en\/istorija-rozaja\/","og_locale":"en_GB","og_type":"article","og_title":"Istorija Ro\u017eaja - Op\u0161tina Ro\u017eaje","og_description":"Ro\u017eaje je naselje koje je nastalo u 7. Vijeku na\u0161e ere. Ovdje su \u017eivjeli Iliri, Rimljani i Grci, a ne\u0161to kasnije se naselilo i slovensko&#46;&#46;&#46;","og_url":"https:\/\/www.rozaje.me\/en\/istorija-rozaja\/","og_site_name":"Op\u0161tina Ro\u017eaje","article_publisher":"https:\/\/www.facebook.com\/OpstinaRozajeOfficial\/","article_modified_time":"2019-02-16T22:59:53+00:00","og_image":[{"url":"https:\/\/rozaje.me\/wp-content\/uploads\/2012\/04\/12-300x225.jpg","type":"","width":"","height":""}],"twitter_card":"summary_large_image","twitter_misc":{"Estimated reading time":"5 minutes"},"schema":{"@context":"https:\/\/schema.org","@graph":[{"@type":"WebPage","@id":"https:\/\/www.rozaje.me\/istorija-rozaja\/","url":"https:\/\/www.rozaje.me\/istorija-rozaja\/","name":"Istorija Ro\u017eaja - Op\u0161tina Ro\u017eaje","isPartOf":{"@id":"https:\/\/www.rozaje.me\/#website"},"primaryImageOfPage":{"@id":"https:\/\/www.rozaje.me\/istorija-rozaja\/#primaryimage"},"image":{"@id":"https:\/\/www.rozaje.me\/istorija-rozaja\/#primaryimage"},"thumbnailUrl":"https:\/\/rozaje.me\/wp-content\/uploads\/2012\/04\/12-300x225.jpg","datePublished":"2012-04-17T20:51:46+00:00","dateModified":"2019-02-16T22:59:53+00:00","breadcrumb":{"@id":"https:\/\/www.rozaje.me\/istorija-rozaja\/#breadcrumb"},"inLanguage":"en-GB","potentialAction":[{"@type":"ReadAction","target":["https:\/\/www.rozaje.me\/istorija-rozaja\/"]}]},{"@type":"ImageObject","inLanguage":"en-GB","@id":"https:\/\/www.rozaje.me\/istorija-rozaja\/#primaryimage","url":"https:\/\/rozaje.me\/wp-content\/uploads\/2012\/04\/12-300x225.jpg","contentUrl":"https:\/\/rozaje.me\/wp-content\/uploads\/2012\/04\/12-300x225.jpg"},{"@type":"BreadcrumbList","@id":"https:\/\/www.rozaje.me\/istorija-rozaja\/#breadcrumb","itemListElement":[{"@type":"ListItem","position":1,"name":"Home","item":"https:\/\/www.rozaje.me\/"},{"@type":"ListItem","position":2,"name":"Istorija Ro\u017eaja"}]},{"@type":"WebSite","@id":"https:\/\/www.rozaje.me\/#website","url":"https:\/\/www.rozaje.me\/","name":"Municipality of Ro\u017eaje","description":"The official website of the Municipality of Ro\u017eaje","publisher":{"@id":"https:\/\/www.rozaje.me\/#organization"},"alternateName":"Opstina Rozaje","potentialAction":[{"@type":"SearchAction","target":{"@type":"EntryPoint","urlTemplate":"https:\/\/www.rozaje.me\/?s={search_term_string}"},"query-input":{"@type":"PropertyValueSpecification","valueRequired":true,"valueName":"search_term_string"}}],"inLanguage":"en-GB"},{"@type":"Organization","@id":"https:\/\/www.rozaje.me\/#organization","name":"Opstina Rozaje","url":"https:\/\/www.rozaje.me\/","logo":{"@type":"ImageObject","inLanguage":"en-GB","@id":"https:\/\/www.rozaje.me\/#\/schema\/logo\/image\/","url":"https:\/\/www.rozaje.me\/wp-content\/uploads\/2022\/08\/logo-textless.svg","contentUrl":"https:\/\/www.rozaje.me\/wp-content\/uploads\/2022\/08\/logo-textless.svg","width":108.00360000000000582076609134674072265625,"height":131.15059999999999718056642450392246246337890625,"caption":"Opstina Rozaje"},"image":{"@id":"https:\/\/www.rozaje.me\/#\/schema\/logo\/image\/"},"sameAs":["https:\/\/www.facebook.com\/OpstinaRozajeOfficial\/","https:\/\/www.youtube.com\/channel\/UCepcislHIwc6KRZTLa6FIlg"]}]}},"_links":{"self":[{"href":"https:\/\/www.rozaje.me\/en\/wp-json\/wp\/v2\/pages\/426","targetHints":{"allow":["GET"]}}],"collection":[{"href":"https:\/\/www.rozaje.me\/en\/wp-json\/wp\/v2\/pages"}],"about":[{"href":"https:\/\/www.rozaje.me\/en\/wp-json\/wp\/v2\/types\/page"}],"author":[{"embeddable":true,"href":"https:\/\/www.rozaje.me\/en\/wp-json\/wp\/v2\/users\/11"}],"replies":[{"embeddable":true,"href":"https:\/\/www.rozaje.me\/en\/wp-json\/wp\/v2\/comments?post=426"}],"version-history":[{"count":0,"href":"https:\/\/www.rozaje.me\/en\/wp-json\/wp\/v2\/pages\/426\/revisions"}],"wp:attachment":[{"href":"https:\/\/www.rozaje.me\/en\/wp-json\/wp\/v2\/media?parent=426"}],"curies":[{"name":"wp","href":"https:\/\/api.w.org\/{rel}","templated":true}]}}