{"id":424,"date":"2012-04-17T20:51:27","date_gmt":"2012-04-17T20:51:27","guid":{"rendered":"http:\/\/www.rozaje.me\/?page_id=424"},"modified":"2025-08-29T13:48:46","modified_gmt":"2025-08-29T12:48:46","slug":"geografski-polozaj","status":"publish","type":"page","link":"https:\/\/www.rozaje.me\/en\/geografski-polozaj\/","title":{"rendered":"Geographical location"},"content":{"rendered":"<div class=\"wp-block-image\">\n<figure class=\"aligncenter\"><img loading=\"lazy\" decoding=\"async\" width=\"300\" height=\"101\" src=\"https:\/\/rozaje.me\/wp-content\/uploads\/2012\/04\/994795_4798130471193_126146746_n-300x101.jpg\" alt=\"\" class=\"wp-image-5065\" srcset=\"https:\/\/www.rozaje.me\/wp-content\/uploads\/2012\/04\/994795_4798130471193_126146746_n-300x101.jpg 300w, https:\/\/www.rozaje.me\/wp-content\/uploads\/2012\/04\/994795_4798130471193_126146746_n.jpg 960w\" sizes=\"auto, (max-width: 300px) 100vw, 300px\" \/><\/figure>\n<\/div>\n\n\n<p><\/p>\n\n\n\n<p>The Ro\u017eaj area geographically stretches between 42\u00b0 and 45&#039; and 42\u00b0 and 59&#039; north latitude and 17\u00b0 and 41&#039; and 18\u00b0 and 0&#039; east longitude. It is located in the northern part of Montenegro, that is, on the triple border of Serbia, Montenegro and Kosovo. The municipality of Ro\u017eaje is located in the northeastern part of Montenegro. It is covered by the Montenegrin Prokletije, and in its immediate neighborhood are southwestern Serbia and Kosovo, so this region represents a triple border.<\/p>\n\n\n\n<p>The Ro\u017eaj area has a developed relief and a high average altitude, and as such it can be classified as a high mountain area with certain specificities, covering an area of 432 km2. The city itself is located at 1006 m above sea level. It is surrounded by high mountains on the southeast side, towards Kosovo&nbsp;<strong>I&#039;m saving<\/strong>&nbsp;(2272),&nbsp;<strong>Rusoli&nbsp;<\/strong>(2381), &nbsp;<strong>Groove&nbsp;<\/strong>(2352),&nbsp;<strong>Sijenova&nbsp;<\/strong>(1954), &nbsp;<strong>Mark&nbsp;<\/strong>(2043) i &nbsp;<strong>View&nbsp;<\/strong>(2154). &nbsp;Jugozapadna granica, koja odvaja ro\u017eajsko podru\u010dje od&nbsp;<strong>Rugova<\/strong>, goes with the top&nbsp;<strong>Come on<\/strong>, whose highest peak is 2403 meters high, and&nbsp;<strong>Dermandola&nbsp;<\/strong>(2119).<\/p>\n\n\n\n<p>The border towards the Beran basin is formed by mountains&nbsp;<strong>Smiljevica&nbsp;<\/strong>(1963),&nbsp;<strong>Hidden&nbsp;<\/strong>(1688), i&nbsp;<strong>Katzuber<\/strong>&nbsp;(1573). Sa sjeverozapadne strane, prema Gornjem Bihoru i Pe\u0161teri, Ro\u017eaje&nbsp;gleda na niz relativno ni\u017eih planinskih vrhova:&nbsp;<strong>Turjak&nbsp;<\/strong>(1469),&nbsp;<strong>Vlachs<\/strong>&nbsp;(1543),&nbsp;<strong>Musa&#039;s pit&nbsp;<\/strong>(1655),&nbsp;<strong>Gradina&nbsp;<\/strong>( 1754),&nbsp;<strong>Cruiser<\/strong>(1756).&nbsp;Sjeveroisto\u010dnu granicu \u010dine&nbsp;<strong>Vranja\u010da&nbsp;<\/strong>(1545),&nbsp;<strong>Friday&nbsp;<\/strong>(1432),<strong>&nbsp;Mark&#039;s baptism&nbsp;<\/strong>(1355),&nbsp;<strong>Brezovica&nbsp;<\/strong>(1300),<strong>Reef&nbsp;<\/strong>(1148),&nbsp;<strong>Vu\u010dan forests&nbsp;<\/strong>(1143) i&nbsp;<strong>Fat hill&nbsp;<\/strong>(1086).<\/p>","protected":false},"excerpt":{"rendered":"<p>Ro\u017eajsko podru\u010dje geografski se prostire izme\u0111u 42\u00b0 i 45&#8217; I 42\u00b0 I 59&#8217; sjeverne \u0161irine i 17\u00b0 i 41&#8217; i 18\u00b0 i 0&#8217; isto\u010dne geografske&#46;&#46;&#46;<\/p>","protected":false},"author":11,"featured_media":0,"parent":0,"menu_order":0,"comment_status":"open","ping_status":"closed","template":"","meta":{"_monsterinsights_skip_tracking":false,"_monsterinsights_sitenote_active":false,"_monsterinsights_sitenote_note":"","_monsterinsights_sitenote_category":0,"footnotes":""},"class_list":["post-424","page","type-page","status-publish","hentry"],"yoast_head":"<!-- This site is optimized with the Yoast SEO plugin v27.2 - https:\/\/yoast.com\/product\/yoast-seo-wordpress\/ -->\n<title>Geografski polo\u017eaj - Op\u0161tina Ro\u017eaje<\/title>\n<meta name=\"robots\" content=\"index, follow, max-snippet:-1, max-image-preview:large, max-video-preview:-1\" \/>\n<link rel=\"canonical\" href=\"https:\/\/www.rozaje.me\/en\/geografski-polozaj\/\" \/>\n<meta property=\"og:locale\" content=\"en_GB\" \/>\n<meta property=\"og:type\" content=\"article\" \/>\n<meta property=\"og:title\" content=\"Geografski polo\u017eaj - Op\u0161tina Ro\u017eaje\" \/>\n<meta property=\"og:description\" content=\"Ro\u017eajsko podru\u010dje geografski se prostire izme\u0111u 42\u00b0 i 45&#8217; I 42\u00b0 I 59&#8217; sjeverne \u0161irine i 17\u00b0 i 41&#8217; i 18\u00b0 i 0&#8217; isto\u010dne geografske&#046;&#046;&#046;\" \/>\n<meta property=\"og:url\" content=\"https:\/\/www.rozaje.me\/en\/geografski-polozaj\/\" \/>\n<meta property=\"og:site_name\" content=\"Op\u0161tina Ro\u017eaje\" \/>\n<meta property=\"article:publisher\" content=\"https:\/\/www.facebook.com\/OpstinaRozajeOfficial\/\" \/>\n<meta property=\"article:modified_time\" content=\"2025-08-29T12:48:46+00:00\" \/>\n<meta property=\"og:image\" content=\"https:\/\/www.rozaje.me\/wp-content\/uploads\/2012\/04\/994795_4798130471193_126146746_n.jpg\" \/>\n\t<meta property=\"og:image:width\" content=\"960\" \/>\n\t<meta property=\"og:image:height\" content=\"326\" \/>\n\t<meta property=\"og:image:type\" content=\"image\/jpeg\" \/>\n<meta name=\"twitter:card\" content=\"summary_large_image\" \/>\n<meta name=\"twitter:label1\" content=\"Estimated reading time\" \/>\n\t<meta name=\"twitter:data1\" content=\"2 minutes\" \/>\n<script type=\"application\/ld+json\" class=\"yoast-schema-graph\">{\"@context\":\"https:\/\/schema.org\",\"@graph\":[{\"@type\":\"WebPage\",\"@id\":\"https:\/\/www.rozaje.me\/geografski-polozaj\/\",\"url\":\"https:\/\/www.rozaje.me\/geografski-polozaj\/\",\"name\":\"Geografski polo\u017eaj - Op\u0161tina Ro\u017eaje\",\"isPartOf\":{\"@id\":\"https:\/\/www.rozaje.me\/#website\"},\"primaryImageOfPage\":{\"@id\":\"https:\/\/www.rozaje.me\/geografski-polozaj\/#primaryimage\"},\"image\":{\"@id\":\"https:\/\/www.rozaje.me\/geografski-polozaj\/#primaryimage\"},\"thumbnailUrl\":\"https:\/\/rozaje.me\/wp-content\/uploads\/2012\/04\/994795_4798130471193_126146746_n-300x101.jpg\",\"datePublished\":\"2012-04-17T20:51:27+00:00\",\"dateModified\":\"2025-08-29T12:48:46+00:00\",\"breadcrumb\":{\"@id\":\"https:\/\/www.rozaje.me\/geografski-polozaj\/#breadcrumb\"},\"inLanguage\":\"en-GB\",\"potentialAction\":[{\"@type\":\"ReadAction\",\"target\":[\"https:\/\/www.rozaje.me\/geografski-polozaj\/\"]}]},{\"@type\":\"ImageObject\",\"inLanguage\":\"en-GB\",\"@id\":\"https:\/\/www.rozaje.me\/geografski-polozaj\/#primaryimage\",\"url\":\"https:\/\/rozaje.me\/wp-content\/uploads\/2012\/04\/994795_4798130471193_126146746_n-300x101.jpg\",\"contentUrl\":\"https:\/\/rozaje.me\/wp-content\/uploads\/2012\/04\/994795_4798130471193_126146746_n-300x101.jpg\"},{\"@type\":\"BreadcrumbList\",\"@id\":\"https:\/\/www.rozaje.me\/geografski-polozaj\/#breadcrumb\",\"itemListElement\":[{\"@type\":\"ListItem\",\"position\":1,\"name\":\"Home\",\"item\":\"https:\/\/www.rozaje.me\/\"},{\"@type\":\"ListItem\",\"position\":2,\"name\":\"Geografski polo\u017eaj\"}]},{\"@type\":\"WebSite\",\"@id\":\"https:\/\/www.rozaje.me\/#website\",\"url\":\"https:\/\/www.rozaje.me\/\",\"name\":\"Op\u0161tina Ro\u017eaje\",\"description\":\"Zvani\u010dna veb stranica Op\u0161tine Ro\u017eaje\",\"publisher\":{\"@id\":\"https:\/\/www.rozaje.me\/#organization\"},\"alternateName\":\"Opstina Rozaje\",\"potentialAction\":[{\"@type\":\"SearchAction\",\"target\":{\"@type\":\"EntryPoint\",\"urlTemplate\":\"https:\/\/www.rozaje.me\/?s={search_term_string}\"},\"query-input\":{\"@type\":\"PropertyValueSpecification\",\"valueRequired\":true,\"valueName\":\"search_term_string\"}}],\"inLanguage\":\"en-GB\"},{\"@type\":\"Organization\",\"@id\":\"https:\/\/www.rozaje.me\/#organization\",\"name\":\"Opstina Rozaje\",\"url\":\"https:\/\/www.rozaje.me\/\",\"logo\":{\"@type\":\"ImageObject\",\"inLanguage\":\"en-GB\",\"@id\":\"https:\/\/www.rozaje.me\/#\/schema\/logo\/image\/\",\"url\":\"https:\/\/www.rozaje.me\/wp-content\/uploads\/2022\/08\/logo-textless.svg\",\"contentUrl\":\"https:\/\/www.rozaje.me\/wp-content\/uploads\/2022\/08\/logo-textless.svg\",\"width\":108.00360000000000582076609134674072265625,\"height\":131.15059999999999718056642450392246246337890625,\"caption\":\"Opstina Rozaje\"},\"image\":{\"@id\":\"https:\/\/www.rozaje.me\/#\/schema\/logo\/image\/\"},\"sameAs\":[\"https:\/\/www.facebook.com\/OpstinaRozajeOfficial\/\",\"https:\/\/www.youtube.com\/channel\/UCepcislHIwc6KRZTLa6FIlg\"]}]}<\/script>\n<!-- \/ Yoast SEO plugin. -->","yoast_head_json":{"title":"Geografski polo\u017eaj - Op\u0161tina Ro\u017eaje","robots":{"index":"index","follow":"follow","max-snippet":"max-snippet:-1","max-image-preview":"max-image-preview:large","max-video-preview":"max-video-preview:-1"},"canonical":"https:\/\/www.rozaje.me\/en\/geografski-polozaj\/","og_locale":"en_GB","og_type":"article","og_title":"Geografski polo\u017eaj - Op\u0161tina Ro\u017eaje","og_description":"Ro\u017eajsko podru\u010dje geografski se prostire izme\u0111u 42\u00b0 i 45&#8217; I 42\u00b0 I 59&#8217; sjeverne \u0161irine i 17\u00b0 i 41&#8217; i 18\u00b0 i 0&#8217; isto\u010dne geografske&#46;&#46;&#46;","og_url":"https:\/\/www.rozaje.me\/en\/geografski-polozaj\/","og_site_name":"Op\u0161tina Ro\u017eaje","article_publisher":"https:\/\/www.facebook.com\/OpstinaRozajeOfficial\/","article_modified_time":"2025-08-29T12:48:46+00:00","og_image":[{"width":960,"height":326,"url":"https:\/\/www.rozaje.me\/wp-content\/uploads\/2012\/04\/994795_4798130471193_126146746_n.jpg","type":"image\/jpeg"}],"twitter_card":"summary_large_image","twitter_misc":{"Estimated reading time":"2 minutes"},"schema":{"@context":"https:\/\/schema.org","@graph":[{"@type":"WebPage","@id":"https:\/\/www.rozaje.me\/geografski-polozaj\/","url":"https:\/\/www.rozaje.me\/geografski-polozaj\/","name":"Geografski polo\u017eaj - Op\u0161tina Ro\u017eaje","isPartOf":{"@id":"https:\/\/www.rozaje.me\/#website"},"primaryImageOfPage":{"@id":"https:\/\/www.rozaje.me\/geografski-polozaj\/#primaryimage"},"image":{"@id":"https:\/\/www.rozaje.me\/geografski-polozaj\/#primaryimage"},"thumbnailUrl":"https:\/\/rozaje.me\/wp-content\/uploads\/2012\/04\/994795_4798130471193_126146746_n-300x101.jpg","datePublished":"2012-04-17T20:51:27+00:00","dateModified":"2025-08-29T12:48:46+00:00","breadcrumb":{"@id":"https:\/\/www.rozaje.me\/geografski-polozaj\/#breadcrumb"},"inLanguage":"en-GB","potentialAction":[{"@type":"ReadAction","target":["https:\/\/www.rozaje.me\/geografski-polozaj\/"]}]},{"@type":"ImageObject","inLanguage":"en-GB","@id":"https:\/\/www.rozaje.me\/geografski-polozaj\/#primaryimage","url":"https:\/\/rozaje.me\/wp-content\/uploads\/2012\/04\/994795_4798130471193_126146746_n-300x101.jpg","contentUrl":"https:\/\/rozaje.me\/wp-content\/uploads\/2012\/04\/994795_4798130471193_126146746_n-300x101.jpg"},{"@type":"BreadcrumbList","@id":"https:\/\/www.rozaje.me\/geografski-polozaj\/#breadcrumb","itemListElement":[{"@type":"ListItem","position":1,"name":"Home","item":"https:\/\/www.rozaje.me\/"},{"@type":"ListItem","position":2,"name":"Geografski polo\u017eaj"}]},{"@type":"WebSite","@id":"https:\/\/www.rozaje.me\/#website","url":"https:\/\/www.rozaje.me\/","name":"Municipality of Ro\u017eaje","description":"The official website of the Municipality of Ro\u017eaje","publisher":{"@id":"https:\/\/www.rozaje.me\/#organization"},"alternateName":"Opstina Rozaje","potentialAction":[{"@type":"SearchAction","target":{"@type":"EntryPoint","urlTemplate":"https:\/\/www.rozaje.me\/?s={search_term_string}"},"query-input":{"@type":"PropertyValueSpecification","valueRequired":true,"valueName":"search_term_string"}}],"inLanguage":"en-GB"},{"@type":"Organization","@id":"https:\/\/www.rozaje.me\/#organization","name":"Opstina Rozaje","url":"https:\/\/www.rozaje.me\/","logo":{"@type":"ImageObject","inLanguage":"en-GB","@id":"https:\/\/www.rozaje.me\/#\/schema\/logo\/image\/","url":"https:\/\/www.rozaje.me\/wp-content\/uploads\/2022\/08\/logo-textless.svg","contentUrl":"https:\/\/www.rozaje.me\/wp-content\/uploads\/2022\/08\/logo-textless.svg","width":108.00360000000000582076609134674072265625,"height":131.15059999999999718056642450392246246337890625,"caption":"Opstina Rozaje"},"image":{"@id":"https:\/\/www.rozaje.me\/#\/schema\/logo\/image\/"},"sameAs":["https:\/\/www.facebook.com\/OpstinaRozajeOfficial\/","https:\/\/www.youtube.com\/channel\/UCepcislHIwc6KRZTLa6FIlg"]}]}},"_links":{"self":[{"href":"https:\/\/www.rozaje.me\/en\/wp-json\/wp\/v2\/pages\/424","targetHints":{"allow":["GET"]}}],"collection":[{"href":"https:\/\/www.rozaje.me\/en\/wp-json\/wp\/v2\/pages"}],"about":[{"href":"https:\/\/www.rozaje.me\/en\/wp-json\/wp\/v2\/types\/page"}],"author":[{"embeddable":true,"href":"https:\/\/www.rozaje.me\/en\/wp-json\/wp\/v2\/users\/11"}],"replies":[{"embeddable":true,"href":"https:\/\/www.rozaje.me\/en\/wp-json\/wp\/v2\/comments?post=424"}],"version-history":[{"count":0,"href":"https:\/\/www.rozaje.me\/en\/wp-json\/wp\/v2\/pages\/424\/revisions"}],"wp:attachment":[{"href":"https:\/\/www.rozaje.me\/en\/wp-json\/wp\/v2\/media?parent=424"}],"curies":[{"name":"wp","href":"https:\/\/api.w.org\/{rel}","templated":true}]}}