{"id":34075,"date":"2026-05-05T07:55:56","date_gmt":"2026-05-05T06:55:56","guid":{"rendered":"https:\/\/www.rozaje.me\/?page_id=34075"},"modified":"2026-05-05T13:37:36","modified_gmt":"2026-05-05T12:37:36","slug":"izvjestaji-o-radu-predsjednika","status":"publish","type":"page","link":"https:\/\/www.rozaje.me\/en\/izvjestaji-o-radu-predsjednika\/","title":{"rendered":"Izvje\u0161taji o radu predsjednika"},"content":{"rendered":"<p><a href=\"https:\/\/www.rozaje.me\/wp-content\/uploads\/2024\/06\/Izvjestaj-o-radu-predsjednika-opstine-i-organa-i-sluzbi-lokalne-uprave-za-2023.godine.pdf\">Izvje\u0161taj o radu Predsjednika Op\u0161tine i organa i slu\u017ebi lokalne uprave za 2023.godine<\/a><\/p>\n\n\n\n<p><a href=\"https:\/\/www.rozaje.me\/wp-content\/uploads\/2025\/05\/Final-2024.-Izvjestaj-o-radu-predsjednika-opstine-i-organa-i-sluzbi-lokalne-uprave.pdf\">Izvje\u0161taj o radu Predsjednika Op\u0161tine i organa i slu\u017ebi lokalne uprave za 2024. godine<\/a><\/p>\n\n\n\n<p><a href=\"https:\/\/www.rozaje.me\/en\/2025-final-izvjestaj-o-radu-predsjednika-opstine-i-organa-i-sluzbi-lokalne-uprave\/\">Izvje\u0161taj o radu Predsjednika Op\u0161tine i iorgana i slu\u017ebi lokalne uprave za 2025. godine<\/a><\/p>\n\n\n\n<p><\/p>","protected":false},"excerpt":{"rendered":"<p>Izvje\u0161taj o radu Predsjednika Op\u0161tine i organa i slu\u017ebi lokalne uprave za 2023.godine Izvje\u0161taj o radu Predsjednika Op\u0161tine i organa i slu\u017ebi lokalne uprave za&#46;&#46;&#46;<\/p>","protected":false},"author":15,"featured_media":0,"parent":0,"menu_order":0,"comment_status":"closed","ping_status":"closed","template":"","meta":{"_monsterinsights_skip_tracking":false,"_monsterinsights_sitenote_active":false,"_monsterinsights_sitenote_note":"","_monsterinsights_sitenote_category":0,"footnotes":""},"class_list":["post-34075","page","type-page","status-publish","hentry"],"yoast_head":"<!-- This site is optimized with the Yoast SEO plugin v27.5 - https:\/\/yoast.com\/product\/yoast-seo-wordpress\/ -->\n<title>Izvje\u0161taji o radu predsjednika - Op\u0161tina Ro\u017eaje<\/title>\n<meta name=\"robots\" content=\"index, follow, max-snippet:-1, max-image-preview:large, max-video-preview:-1\" \/>\n<link rel=\"canonical\" href=\"https:\/\/www.rozaje.me\/en\/izvjestaji-o-radu-predsjednika\/\" \/>\n<meta property=\"og:locale\" content=\"en_GB\" \/>\n<meta property=\"og:type\" content=\"article\" \/>\n<meta property=\"og:title\" content=\"Izvje\u0161taji o radu predsjednika - Op\u0161tina Ro\u017eaje\" \/>\n<meta property=\"og:description\" content=\"Izvje\u0161taj o radu Predsjednika Op\u0161tine i organa i slu\u017ebi lokalne uprave za 2023.godine Izvje\u0161taj o radu Predsjednika Op\u0161tine i organa i slu\u017ebi lokalne uprave za&#046;&#046;&#046;\" \/>\n<meta property=\"og:url\" content=\"https:\/\/www.rozaje.me\/en\/izvjestaji-o-radu-predsjednika\/\" \/>\n<meta property=\"og:site_name\" content=\"Op\u0161tina Ro\u017eaje\" \/>\n<meta property=\"article:publisher\" content=\"https:\/\/www.facebook.com\/OpstinaRozajeOfficial\/\" \/>\n<meta property=\"article:modified_time\" content=\"2026-05-05T12:37:36+00:00\" \/>\n<meta name=\"twitter:card\" content=\"summary_large_image\" \/>\n<meta name=\"twitter:label1\" content=\"Estimated reading time\" \/>\n\t<meta name=\"twitter:data1\" content=\"1 minute\" \/>\n<script type=\"application\/ld+json\" class=\"yoast-schema-graph\">{\"@context\":\"https:\\\/\\\/schema.org\",\"@graph\":[{\"@type\":\"WebPage\",\"@id\":\"https:\\\/\\\/www.rozaje.me\\\/izvjestaji-o-radu-predsjednika\\\/\",\"url\":\"https:\\\/\\\/www.rozaje.me\\\/izvjestaji-o-radu-predsjednika\\\/\",\"name\":\"Izvje\u0161taji o radu predsjednika - Op\u0161tina Ro\u017eaje\",\"isPartOf\":{\"@id\":\"https:\\\/\\\/www.rozaje.me\\\/#website\"},\"datePublished\":\"2026-05-05T06:55:56+00:00\",\"dateModified\":\"2026-05-05T12:37:36+00:00\",\"breadcrumb\":{\"@id\":\"https:\\\/\\\/www.rozaje.me\\\/izvjestaji-o-radu-predsjednika\\\/#breadcrumb\"},\"inLanguage\":\"en-GB\",\"potentialAction\":[{\"@type\":\"ReadAction\",\"target\":[\"https:\\\/\\\/www.rozaje.me\\\/izvjestaji-o-radu-predsjednika\\\/\"]}]},{\"@type\":\"BreadcrumbList\",\"@id\":\"https:\\\/\\\/www.rozaje.me\\\/izvjestaji-o-radu-predsjednika\\\/#breadcrumb\",\"itemListElement\":[{\"@type\":\"ListItem\",\"position\":1,\"name\":\"Home\",\"item\":\"https:\\\/\\\/www.rozaje.me\\\/\"},{\"@type\":\"ListItem\",\"position\":2,\"name\":\"Izvje\u0161taji o radu predsjednika\"}]},{\"@type\":\"WebSite\",\"@id\":\"https:\\\/\\\/www.rozaje.me\\\/#website\",\"url\":\"https:\\\/\\\/www.rozaje.me\\\/\",\"name\":\"Op\u0161tina Ro\u017eaje\",\"description\":\"Zvani\u010dna veb stranica Op\u0161tine Ro\u017eaje\",\"publisher\":{\"@id\":\"https:\\\/\\\/www.rozaje.me\\\/#organization\"},\"alternateName\":\"Opstina Rozaje\",\"potentialAction\":[{\"@type\":\"SearchAction\",\"target\":{\"@type\":\"EntryPoint\",\"urlTemplate\":\"https:\\\/\\\/www.rozaje.me\\\/?s={search_term_string}\"},\"query-input\":{\"@type\":\"PropertyValueSpecification\",\"valueRequired\":true,\"valueName\":\"search_term_string\"}}],\"inLanguage\":\"en-GB\"},{\"@type\":\"Organization\",\"@id\":\"https:\\\/\\\/www.rozaje.me\\\/#organization\",\"name\":\"Opstina Rozaje\",\"url\":\"https:\\\/\\\/www.rozaje.me\\\/\",\"logo\":{\"@type\":\"ImageObject\",\"inLanguage\":\"en-GB\",\"@id\":\"https:\\\/\\\/www.rozaje.me\\\/#\\\/schema\\\/logo\\\/image\\\/\",\"url\":\"https:\\\/\\\/www.rozaje.me\\\/wp-content\\\/uploads\\\/2022\\\/08\\\/logo-textless.svg\",\"contentUrl\":\"https:\\\/\\\/www.rozaje.me\\\/wp-content\\\/uploads\\\/2022\\\/08\\\/logo-textless.svg\",\"width\":108.00360000000000582076609134674072265625,\"height\":131.15059999999999718056642450392246246337890625,\"caption\":\"Opstina Rozaje\"},\"image\":{\"@id\":\"https:\\\/\\\/www.rozaje.me\\\/#\\\/schema\\\/logo\\\/image\\\/\"},\"sameAs\":[\"https:\\\/\\\/www.facebook.com\\\/OpstinaRozajeOfficial\\\/\",\"https:\\\/\\\/www.youtube.com\\\/channel\\\/UCepcislHIwc6KRZTLa6FIlg\"]}]}<\/script>\n<!-- \/ Yoast SEO plugin. -->","yoast_head_json":{"title":"Izvje\u0161taji o radu predsjednika - Op\u0161tina Ro\u017eaje","robots":{"index":"index","follow":"follow","max-snippet":"max-snippet:-1","max-image-preview":"max-image-preview:large","max-video-preview":"max-video-preview:-1"},"canonical":"https:\/\/www.rozaje.me\/en\/izvjestaji-o-radu-predsjednika\/","og_locale":"en_GB","og_type":"article","og_title":"Izvje\u0161taji o radu predsjednika - Op\u0161tina Ro\u017eaje","og_description":"Izvje\u0161taj o radu Predsjednika Op\u0161tine i organa i slu\u017ebi lokalne uprave za 2023.godine Izvje\u0161taj o radu Predsjednika Op\u0161tine i organa i slu\u017ebi lokalne uprave za&#46;&#46;&#46;","og_url":"https:\/\/www.rozaje.me\/en\/izvjestaji-o-radu-predsjednika\/","og_site_name":"Op\u0161tina Ro\u017eaje","article_publisher":"https:\/\/www.facebook.com\/OpstinaRozajeOfficial\/","article_modified_time":"2026-05-05T12:37:36+00:00","twitter_card":"summary_large_image","twitter_misc":{"Estimated reading time":"1 minute"},"schema":{"@context":"https:\/\/schema.org","@graph":[{"@type":"WebPage","@id":"https:\/\/www.rozaje.me\/izvjestaji-o-radu-predsjednika\/","url":"https:\/\/www.rozaje.me\/izvjestaji-o-radu-predsjednika\/","name":"Izvje\u0161taji o radu predsjednika - Op\u0161tina Ro\u017eaje","isPartOf":{"@id":"https:\/\/www.rozaje.me\/#website"},"datePublished":"2026-05-05T06:55:56+00:00","dateModified":"2026-05-05T12:37:36+00:00","breadcrumb":{"@id":"https:\/\/www.rozaje.me\/izvjestaji-o-radu-predsjednika\/#breadcrumb"},"inLanguage":"en-GB","potentialAction":[{"@type":"ReadAction","target":["https:\/\/www.rozaje.me\/izvjestaji-o-radu-predsjednika\/"]}]},{"@type":"BreadcrumbList","@id":"https:\/\/www.rozaje.me\/izvjestaji-o-radu-predsjednika\/#breadcrumb","itemListElement":[{"@type":"ListItem","position":1,"name":"Home","item":"https:\/\/www.rozaje.me\/"},{"@type":"ListItem","position":2,"name":"Izvje\u0161taji o radu predsjednika"}]},{"@type":"WebSite","@id":"https:\/\/www.rozaje.me\/#website","url":"https:\/\/www.rozaje.me\/","name":"Municipality of Ro\u017eaje","description":"The official website of the Municipality of Ro\u017eaje","publisher":{"@id":"https:\/\/www.rozaje.me\/#organization"},"alternateName":"Opstina Rozaje","potentialAction":[{"@type":"SearchAction","target":{"@type":"EntryPoint","urlTemplate":"https:\/\/www.rozaje.me\/?s={search_term_string}"},"query-input":{"@type":"PropertyValueSpecification","valueRequired":true,"valueName":"search_term_string"}}],"inLanguage":"en-GB"},{"@type":"Organization","@id":"https:\/\/www.rozaje.me\/#organization","name":"Opstina Rozaje","url":"https:\/\/www.rozaje.me\/","logo":{"@type":"ImageObject","inLanguage":"en-GB","@id":"https:\/\/www.rozaje.me\/#\/schema\/logo\/image\/","url":"https:\/\/www.rozaje.me\/wp-content\/uploads\/2022\/08\/logo-textless.svg","contentUrl":"https:\/\/www.rozaje.me\/wp-content\/uploads\/2022\/08\/logo-textless.svg","width":108.00360000000000582076609134674072265625,"height":131.15059999999999718056642450392246246337890625,"caption":"Opstina Rozaje"},"image":{"@id":"https:\/\/www.rozaje.me\/#\/schema\/logo\/image\/"},"sameAs":["https:\/\/www.facebook.com\/OpstinaRozajeOfficial\/","https:\/\/www.youtube.com\/channel\/UCepcislHIwc6KRZTLa6FIlg"]}]}},"_links":{"self":[{"href":"https:\/\/www.rozaje.me\/en\/wp-json\/wp\/v2\/pages\/34075","targetHints":{"allow":["GET"]}}],"collection":[{"href":"https:\/\/www.rozaje.me\/en\/wp-json\/wp\/v2\/pages"}],"about":[{"href":"https:\/\/www.rozaje.me\/en\/wp-json\/wp\/v2\/types\/page"}],"author":[{"embeddable":true,"href":"https:\/\/www.rozaje.me\/en\/wp-json\/wp\/v2\/users\/15"}],"replies":[{"embeddable":true,"href":"https:\/\/www.rozaje.me\/en\/wp-json\/wp\/v2\/comments?post=34075"}],"version-history":[{"count":6,"href":"https:\/\/www.rozaje.me\/en\/wp-json\/wp\/v2\/pages\/34075\/revisions"}],"predecessor-version":[{"id":34099,"href":"https:\/\/www.rozaje.me\/en\/wp-json\/wp\/v2\/pages\/34075\/revisions\/34099"}],"wp:attachment":[{"href":"https:\/\/www.rozaje.me\/en\/wp-json\/wp\/v2\/media?parent=34075"}],"curies":[{"name":"wp","href":"https:\/\/api.w.org\/{rel}","templated":true}]}}