{"id":33878,"date":"2026-03-11T14:02:29","date_gmt":"2026-03-11T13:02:29","guid":{"rendered":"https:\/\/www.rozaje.me\/?page_id=33878"},"modified":"2026-03-27T08:15:50","modified_gmt":"2026-03-27T07:15:50","slug":"rjesenja-2026","status":"publish","type":"page","link":"https:\/\/www.rozaje.me\/en\/rjesenja-2026\/","title":{"rendered":"Rje\u0161enja 2026"},"content":{"rendered":"<div class=\"wp-block-file\"><a id=\"wp-block-file--media-436487ca-28ea-4dca-ae59-743e60ac65b7\" href=\"https:\/\/www.rozaje.me\/wp-content\/uploads\/2026\/03\/1-26-Redzic-Daut-Halil.pdf\">1-26 Red\u017ei\u0107 Daut Halil<\/a><\/div>\n\n\n\n<div class=\"wp-block-file\"><a id=\"wp-block-file--media-d052d9dc-ccae-43c4-8317-92feeee8608f\" href=\"https:\/\/www.rozaje.me\/wp-content\/uploads\/2026\/03\/2-26-Mehmed-Kurpejovic.pdf\">2-26 Mehmed Kurpejovi\u0107<\/a><\/div>\n\n\n\n<div class=\"wp-block-file\"><a id=\"wp-block-file--media-a2705a8a-ee08-4ccf-bdba-5c3c716d9b60\" href=\"https:\/\/www.rozaje.me\/wp-content\/uploads\/2026\/03\/3-26-Mehmed-Spahic.pdf\">3-26 Mehmed Spahi\u0107<\/a><\/div>\n\n\n\n<div class=\"wp-block-file\"><a id=\"wp-block-file--media-fa1ab0b7-1a5f-4841-9595-689c9670e34d\" href=\"https:\/\/www.rozaje.me\/wp-content\/uploads\/2026\/03\/5-26Fazlic-Denisa.pdf\">5 -26Fazli\u0107 Denisa<\/a><\/div>\n\n\n\n<div class=\"wp-block-file\"><a id=\"wp-block-file--media-28218bde-5442-4dac-bbc6-b4d1dc34a859\" href=\"https:\/\/www.rozaje.me\/wp-content\/uploads\/2026\/03\/7-26-Catovic-Ibrahim.pdf\">7-26 \u0106atovi\u0107 Ibrahim<\/a><\/div>\n\n\n\n<div class=\"wp-block-file\"><a id=\"wp-block-file--media-0e325f0f-a4d9-429b-b6bc-efd89678fa73\" href=\"https:\/\/www.rozaje.me\/wp-content\/uploads\/2026\/03\/9-26-Miralem-DJesevic.pdf\">9-26 Miralem \u0110e\u0161evi\u0107<\/a><\/div>\n\n\n\n<div class=\"wp-block-file\"><a id=\"wp-block-file--media-95a7d873-bc96-4f3d-bd31-bc04821ba42a\" href=\"https:\/\/www.rozaje.me\/wp-content\/uploads\/2026\/03\/14-26-Radoncic-Ismet-Admir.pdf\">14-26 Radon\u010di\u0107 Ismet Admir<\/a><\/div>\n\n\n\n<div class=\"wp-block-file\"><a id=\"wp-block-file--media-90b3cc42-8da9-453b-a216-dddf3f6a6fb2\" href=\"https:\/\/www.rozaje.me\/wp-content\/uploads\/2026\/03\/17-26-Kalac-Rifat.pdf\">17-26 Kala\u010d Rifat<\/a><\/div>\n\n\n\n<div class=\"wp-block-file\"><a id=\"wp-block-file--media-dd33066e-8ce3-4110-a425-1267f33d8868\" href=\"https:\/\/www.rozaje.me\/wp-content\/uploads\/2026\/03\/18-26-Uljaj-Musa.pdf\">18-26 Uljaj Musa<\/a><\/div>\n\n\n\n<div class=\"wp-block-file\"><a id=\"wp-block-file--media-ca406689-3061-4c85-9363-fdda652a14f0\" href=\"https:\/\/www.rozaje.me\/wp-content\/uploads\/2026\/03\/20-26-Balic-Rifat-Sanel.pdf\">20-26 Bali\u0107 Rifat Sanel<\/a><\/div>\n\n\n\n<div class=\"wp-block-file\"><a id=\"wp-block-file--media-25fbbabe-da05-48ba-9f08-6be090fa5168\" href=\"https:\/\/www.rozaje.me\/wp-content\/uploads\/2026\/03\/22-26-Colovic-Iso-Selvin.pdf\">22-26 \u010colovi\u0107 Iso Selvin<\/a><\/div>\n\n\n\n<div class=\"wp-block-file\"><a id=\"wp-block-file--media-c5a8506d-ae4b-4c12-a515-b5da98047b65\" href=\"https:\/\/www.rozaje.me\/wp-content\/uploads\/2026\/03\/23-26-DOO-IROTAS.pdf\">23-26 DOO IROTAS<\/a><\/div>\n\n\n\n<div class=\"wp-block-file\"><a id=\"wp-block-file--media-c3b18d66-191b-4be4-87f0-74f1329c5478\" href=\"https:\/\/www.rozaje.me\/wp-content\/uploads\/2026\/03\/24-26-Kucevic-Nurija.pdf\">24-26 Ku\u010devi\u0107 Nurija<\/a><\/div>\n\n\n\n<div class=\"wp-block-file\"><a id=\"wp-block-file--media-02594aac-7ece-4f08-9733-c7e7f95fd2f3\" href=\"https:\/\/www.rozaje.me\/wp-content\/uploads\/2026\/03\/26-25-Kalac-Hadro-Haris.pdf\">26-25 Kala\u010d Hadro Haris<\/a><\/div>\n\n\n\n<div class=\"wp-block-file\"><a id=\"wp-block-file--media-19fd9bb3-7179-4d42-b616-6b7fdcb35838\" href=\"https:\/\/www.rozaje.me\/wp-content\/uploads\/2026\/03\/19-26-Pejcinovic-Jusuf-Almir-1.pdf\">19-26 Pej\u010dinovi\u0107 Jusuf Almir<\/a><\/div>\n\n\n\n<div class=\"wp-block-file\"><a id=\"wp-block-file--media-076e9c43-af72-4bf4-8b56-937d3ea2ee0f\" href=\"https:\/\/www.rozaje.me\/wp-content\/uploads\/2026\/03\/4-26-Redzic-Beco-Meho.pdf\">4-26 Red\u017ei\u0107 Be\u0107o Meho<\/a><\/div>\n\n\n\n<div class=\"wp-block-file\"><a id=\"wp-block-file--media-b5bbd231-d720-4b8d-95f1-12738def027e\" href=\"https:\/\/www.rozaje.me\/wp-content\/uploads\/2026\/03\/21-26-Cecunjanin-Sabo-Bajazit-1.pdf\">21-26 Cecunjanin \u0160abo Bajazit<\/a><\/div>\n\n\n\n<div class=\"wp-block-file\"><a id=\"wp-block-file--media-8af80468-d569-43a4-b751-0fe7423fe172\" href=\"https:\/\/www.rozaje.me\/wp-content\/uploads\/2026\/03\/30-26-DJesevic-Miralem.pdf\">30-26 \u0110e\u0161evi\u0107 Miralem<\/a><\/div>\n\n\n\n<div class=\"wp-block-file\"><a id=\"wp-block-file--media-aa3c3fbf-cc00-4b38-ac27-03ae6bba5b7c\" href=\"https:\/\/www.rozaje.me\/wp-content\/uploads\/2026\/03\/35-26-Haljim-Pejcinovic.pdf\">35-26 Haljim Pej\u010dinovi\u0107<\/a><\/div>","protected":false},"excerpt":{"rendered":"","protected":false},"author":15,"featured_media":0,"parent":0,"menu_order":0,"comment_status":"closed","ping_status":"closed","template":"","meta":{"_monsterinsights_skip_tracking":false,"_monsterinsights_sitenote_active":false,"_monsterinsights_sitenote_note":"","_monsterinsights_sitenote_category":0,"footnotes":""},"class_list":["post-33878","page","type-page","status-publish","hentry"],"yoast_head":"<!-- This site is optimized with the Yoast SEO plugin v27.2 - https:\/\/yoast.com\/product\/yoast-seo-wordpress\/ -->\n<title>Rje\u0161enja 2026 - Op\u0161tina Ro\u017eaje<\/title>\n<meta name=\"robots\" content=\"index, follow, max-snippet:-1, max-image-preview:large, max-video-preview:-1\" \/>\n<link rel=\"canonical\" href=\"https:\/\/www.rozaje.me\/en\/rjesenja-2026\/\" \/>\n<meta property=\"og:locale\" content=\"en_GB\" \/>\n<meta property=\"og:type\" content=\"article\" \/>\n<meta property=\"og:title\" content=\"Rje\u0161enja 2026 - Op\u0161tina Ro\u017eaje\" \/>\n<meta property=\"og:url\" content=\"https:\/\/www.rozaje.me\/en\/rjesenja-2026\/\" \/>\n<meta property=\"og:site_name\" content=\"Op\u0161tina Ro\u017eaje\" \/>\n<meta property=\"article:publisher\" content=\"https:\/\/www.facebook.com\/OpstinaRozajeOfficial\/\" \/>\n<meta property=\"article:modified_time\" content=\"2026-03-27T07:15:50+00:00\" \/>\n<meta name=\"twitter:card\" content=\"summary_large_image\" \/>\n<meta name=\"twitter:label1\" content=\"Estimated reading time\" \/>\n\t<meta name=\"twitter:data1\" content=\"1 minute\" \/>\n<script type=\"application\/ld+json\" class=\"yoast-schema-graph\">{\"@context\":\"https:\/\/schema.org\",\"@graph\":[{\"@type\":\"WebPage\",\"@id\":\"https:\/\/www.rozaje.me\/rjesenja-2026\/\",\"url\":\"https:\/\/www.rozaje.me\/rjesenja-2026\/\",\"name\":\"Rje\u0161enja 2026 - Op\u0161tina Ro\u017eaje\",\"isPartOf\":{\"@id\":\"https:\/\/www.rozaje.me\/#website\"},\"datePublished\":\"2026-03-11T13:02:29+00:00\",\"dateModified\":\"2026-03-27T07:15:50+00:00\",\"breadcrumb\":{\"@id\":\"https:\/\/www.rozaje.me\/rjesenja-2026\/#breadcrumb\"},\"inLanguage\":\"en-GB\",\"potentialAction\":[{\"@type\":\"ReadAction\",\"target\":[\"https:\/\/www.rozaje.me\/rjesenja-2026\/\"]}]},{\"@type\":\"BreadcrumbList\",\"@id\":\"https:\/\/www.rozaje.me\/rjesenja-2026\/#breadcrumb\",\"itemListElement\":[{\"@type\":\"ListItem\",\"position\":1,\"name\":\"Home\",\"item\":\"https:\/\/www.rozaje.me\/\"},{\"@type\":\"ListItem\",\"position\":2,\"name\":\"Rje\u0161enja 2026\"}]},{\"@type\":\"WebSite\",\"@id\":\"https:\/\/www.rozaje.me\/#website\",\"url\":\"https:\/\/www.rozaje.me\/\",\"name\":\"Op\u0161tina Ro\u017eaje\",\"description\":\"Zvani\u010dna veb stranica Op\u0161tine Ro\u017eaje\",\"publisher\":{\"@id\":\"https:\/\/www.rozaje.me\/#organization\"},\"alternateName\":\"Opstina Rozaje\",\"potentialAction\":[{\"@type\":\"SearchAction\",\"target\":{\"@type\":\"EntryPoint\",\"urlTemplate\":\"https:\/\/www.rozaje.me\/?s={search_term_string}\"},\"query-input\":{\"@type\":\"PropertyValueSpecification\",\"valueRequired\":true,\"valueName\":\"search_term_string\"}}],\"inLanguage\":\"en-GB\"},{\"@type\":\"Organization\",\"@id\":\"https:\/\/www.rozaje.me\/#organization\",\"name\":\"Opstina Rozaje\",\"url\":\"https:\/\/www.rozaje.me\/\",\"logo\":{\"@type\":\"ImageObject\",\"inLanguage\":\"en-GB\",\"@id\":\"https:\/\/www.rozaje.me\/#\/schema\/logo\/image\/\",\"url\":\"https:\/\/www.rozaje.me\/wp-content\/uploads\/2022\/08\/logo-textless.svg\",\"contentUrl\":\"https:\/\/www.rozaje.me\/wp-content\/uploads\/2022\/08\/logo-textless.svg\",\"width\":108.00360000000000582076609134674072265625,\"height\":131.15059999999999718056642450392246246337890625,\"caption\":\"Opstina Rozaje\"},\"image\":{\"@id\":\"https:\/\/www.rozaje.me\/#\/schema\/logo\/image\/\"},\"sameAs\":[\"https:\/\/www.facebook.com\/OpstinaRozajeOfficial\/\",\"https:\/\/www.youtube.com\/channel\/UCepcislHIwc6KRZTLa6FIlg\"]}]}<\/script>\n<!-- \/ Yoast SEO plugin. -->","yoast_head_json":{"title":"Rje\u0161enja 2026 - Op\u0161tina Ro\u017eaje","robots":{"index":"index","follow":"follow","max-snippet":"max-snippet:-1","max-image-preview":"max-image-preview:large","max-video-preview":"max-video-preview:-1"},"canonical":"https:\/\/www.rozaje.me\/en\/rjesenja-2026\/","og_locale":"en_GB","og_type":"article","og_title":"Rje\u0161enja 2026 - Op\u0161tina Ro\u017eaje","og_url":"https:\/\/www.rozaje.me\/en\/rjesenja-2026\/","og_site_name":"Op\u0161tina Ro\u017eaje","article_publisher":"https:\/\/www.facebook.com\/OpstinaRozajeOfficial\/","article_modified_time":"2026-03-27T07:15:50+00:00","twitter_card":"summary_large_image","twitter_misc":{"Estimated reading time":"1 minute"},"schema":{"@context":"https:\/\/schema.org","@graph":[{"@type":"WebPage","@id":"https:\/\/www.rozaje.me\/rjesenja-2026\/","url":"https:\/\/www.rozaje.me\/rjesenja-2026\/","name":"Rje\u0161enja 2026 - Op\u0161tina Ro\u017eaje","isPartOf":{"@id":"https:\/\/www.rozaje.me\/#website"},"datePublished":"2026-03-11T13:02:29+00:00","dateModified":"2026-03-27T07:15:50+00:00","breadcrumb":{"@id":"https:\/\/www.rozaje.me\/rjesenja-2026\/#breadcrumb"},"inLanguage":"en-GB","potentialAction":[{"@type":"ReadAction","target":["https:\/\/www.rozaje.me\/rjesenja-2026\/"]}]},{"@type":"BreadcrumbList","@id":"https:\/\/www.rozaje.me\/rjesenja-2026\/#breadcrumb","itemListElement":[{"@type":"ListItem","position":1,"name":"Home","item":"https:\/\/www.rozaje.me\/"},{"@type":"ListItem","position":2,"name":"Rje\u0161enja 2026"}]},{"@type":"WebSite","@id":"https:\/\/www.rozaje.me\/#website","url":"https:\/\/www.rozaje.me\/","name":"Municipality of Ro\u017eaje","description":"The official website of the Municipality of Ro\u017eaje","publisher":{"@id":"https:\/\/www.rozaje.me\/#organization"},"alternateName":"Opstina Rozaje","potentialAction":[{"@type":"SearchAction","target":{"@type":"EntryPoint","urlTemplate":"https:\/\/www.rozaje.me\/?s={search_term_string}"},"query-input":{"@type":"PropertyValueSpecification","valueRequired":true,"valueName":"search_term_string"}}],"inLanguage":"en-GB"},{"@type":"Organization","@id":"https:\/\/www.rozaje.me\/#organization","name":"Opstina Rozaje","url":"https:\/\/www.rozaje.me\/","logo":{"@type":"ImageObject","inLanguage":"en-GB","@id":"https:\/\/www.rozaje.me\/#\/schema\/logo\/image\/","url":"https:\/\/www.rozaje.me\/wp-content\/uploads\/2022\/08\/logo-textless.svg","contentUrl":"https:\/\/www.rozaje.me\/wp-content\/uploads\/2022\/08\/logo-textless.svg","width":108.00360000000000582076609134674072265625,"height":131.15059999999999718056642450392246246337890625,"caption":"Opstina Rozaje"},"image":{"@id":"https:\/\/www.rozaje.me\/#\/schema\/logo\/image\/"},"sameAs":["https:\/\/www.facebook.com\/OpstinaRozajeOfficial\/","https:\/\/www.youtube.com\/channel\/UCepcislHIwc6KRZTLa6FIlg"]}]}},"_links":{"self":[{"href":"https:\/\/www.rozaje.me\/en\/wp-json\/wp\/v2\/pages\/33878","targetHints":{"allow":["GET"]}}],"collection":[{"href":"https:\/\/www.rozaje.me\/en\/wp-json\/wp\/v2\/pages"}],"about":[{"href":"https:\/\/www.rozaje.me\/en\/wp-json\/wp\/v2\/types\/page"}],"author":[{"embeddable":true,"href":"https:\/\/www.rozaje.me\/en\/wp-json\/wp\/v2\/users\/15"}],"replies":[{"embeddable":true,"href":"https:\/\/www.rozaje.me\/en\/wp-json\/wp\/v2\/comments?post=33878"}],"version-history":[{"count":5,"href":"https:\/\/www.rozaje.me\/en\/wp-json\/wp\/v2\/pages\/33878\/revisions"}],"predecessor-version":[{"id":33976,"href":"https:\/\/www.rozaje.me\/en\/wp-json\/wp\/v2\/pages\/33878\/revisions\/33976"}],"wp:attachment":[{"href":"https:\/\/www.rozaje.me\/en\/wp-json\/wp\/v2\/media?parent=33878"}],"curies":[{"name":"wp","href":"https:\/\/api.w.org\/{rel}","templated":true}]}}