{"id":33875,"date":"2026-03-11T14:01:48","date_gmt":"2026-03-11T13:01:48","guid":{"rendered":"https:\/\/www.rozaje.me\/?page_id=33875"},"modified":"2026-03-25T14:36:13","modified_gmt":"2026-03-25T13:36:13","slug":"zahtjevi-2026","status":"publish","type":"page","link":"https:\/\/www.rozaje.me\/en\/zahtjevi-2026\/","title":{"rendered":"Zahtjevi 2026"},"content":{"rendered":"<div class=\"wp-block-file\"><a id=\"wp-block-file--media-9552811a-53d0-4ea0-b460-9132c24a8311\" href=\"https:\/\/www.rozaje.me\/wp-content\/uploads\/2026\/03\/1-26-Redzic-Halil.pdf\">1-26 Red\u017ei\u0107 Halil<\/a><\/div>\n\n\n\n<div class=\"wp-block-file\"><a id=\"wp-block-file--media-ecfefef8-e102-463f-8f15-cd8a2e432c1e\" href=\"https:\/\/www.rozaje.me\/wp-content\/uploads\/2026\/03\/2-26-Mehmed-Kurpejovic-1.pdf\">2-26 Mehmed Kurpejovi\u0107<\/a><\/div>\n\n\n\n<div class=\"wp-block-file\"><a id=\"wp-block-file--media-db9f8c3d-2ad7-4d3a-8233-65341a1c6715\" href=\"https:\/\/www.rozaje.me\/wp-content\/uploads\/2026\/03\/3-26-Spahic-Enver-Mehmed.pdf\">3-26 Spahi\u0107 Enver Mehmed<\/a><\/div>\n\n\n\n<div class=\"wp-block-file\"><a id=\"wp-block-file--media-d6142c7c-7c56-43c0-b007-1cae55de012f\" href=\"https:\/\/www.rozaje.me\/wp-content\/uploads\/2026\/03\/4-26-Redzic-Meho.pdf\">4-26 Red\u017ei\u0107 Meho<\/a><\/div>\n\n\n\n<div class=\"wp-block-file\"><a id=\"wp-block-file--media-c840a44e-bbe2-4ca0-9e02-f5d11b4b953e\" href=\"https:\/\/www.rozaje.me\/wp-content\/uploads\/2026\/03\/5-26-Denisa-Fazlic.pdf\">5-26 Denisa Fazli\u0107<\/a><\/div>\n\n\n\n<div class=\"wp-block-file\"><a id=\"wp-block-file--media-225027e9-4945-4fe9-b9b6-f02b007bbcb4\" href=\"https:\/\/www.rozaje.me\/wp-content\/uploads\/2026\/03\/7-26-Catovic-Ibrahim-1.pdf\">7-26 \u0106atovi\u0107 Ibrahim<\/a><\/div>\n\n\n\n<div class=\"wp-block-file\"><a id=\"wp-block-file--media-6a313e35-ec97-49a0-82be-5ae44120a76f\" href=\"https:\/\/www.rozaje.me\/wp-content\/uploads\/2026\/03\/9-26-DJesevoc-Miralem.pdf\">9 -26 \u0110esevo\u0107 Miralem<\/a><\/div>\n\n\n\n<div class=\"wp-block-file\"><a id=\"wp-block-file--media-0d3cbaeb-bdeb-4954-a3e5-a0e40dd5b7ad\" href=\"https:\/\/www.rozaje.me\/wp-content\/uploads\/2026\/03\/10-26-Development-organisation-construction-consulting-DOO-Bar.pdf\">10-26 Development organisation construction consulting DOO Bar<\/a><\/div>\n\n\n\n<div class=\"wp-block-file\"><a id=\"wp-block-file--media-46c4dd3a-5285-4ead-a05a-9bc71e95eff0\" href=\"https:\/\/www.rozaje.me\/wp-content\/uploads\/2026\/03\/14-26-Radoncic-Ismet-Admir-1.pdf\">14-26 Radon\u010di\u0107 Ismet Admir<\/a><\/div>\n\n\n\n<div class=\"wp-block-file\"><a id=\"wp-block-file--media-2fad3ac6-ee94-4038-8797-cf7b9d3ee8d5\" href=\"https:\/\/www.rozaje.me\/wp-content\/uploads\/2026\/03\/17-26-Kalac-Rifat-1.pdf\">17-26 Kala\u010d Rifat<\/a><\/div>\n\n\n\n<div class=\"wp-block-file\"><a id=\"wp-block-file--media-413adbe6-36b0-45ee-9257-b63397fd1bb3\" href=\"https:\/\/www.rozaje.me\/wp-content\/uploads\/2026\/03\/18-26-Uljaj-Musa-1.pdf\">18 -26 Uljaj Musa<\/a><\/div>\n\n\n\n<div class=\"wp-block-file\"><a id=\"wp-block-file--media-a5bb9592-7d17-4648-85b1-8d1a1f62563b\" href=\"https:\/\/www.rozaje.me\/wp-content\/uploads\/2026\/03\/19-26-Pejcinovic-Jusuf-Almir.pdf\">19-26 Pej\u010dinovi\u0107 Jusuf Almir<\/a><\/div>\n\n\n\n<div class=\"wp-block-file\"><a id=\"wp-block-file--media-57003345-1b22-4e6a-a877-89fc9f6966e6\" href=\"https:\/\/www.rozaje.me\/wp-content\/uploads\/2026\/03\/20-26-Balic-Rifat-Sanel-1.pdf\">20-26 Bali\u0107 Rifat Sanel<\/a><\/div>\n\n\n\n<div class=\"wp-block-file\"><a id=\"wp-block-file--media-a885a1c8-977f-4606-a096-712152da7934\" href=\"https:\/\/www.rozaje.me\/wp-content\/uploads\/2026\/03\/21-26-Cecunjanin-Sabo-Bajazit.pdf\">21-26 Cecunjanin \u0160abo Bajazit<\/a><\/div>\n\n\n\n<div class=\"wp-block-file\"><a id=\"wp-block-file--media-496a0403-45ec-4365-b64d-e44f5ff63235\" href=\"https:\/\/www.rozaje.me\/wp-content\/uploads\/2026\/03\/22-26-Colovic-Iso-Selvin-1.pdf\">22-26 \u010colovi\u0107 Iso Selvin<\/a><\/div>\n\n\n\n<div class=\"wp-block-file\"><a id=\"wp-block-file--media-c987339e-f737-4af7-88a1-7f5e2707f421\" href=\"https:\/\/www.rozaje.me\/wp-content\/uploads\/2026\/03\/23-26-DOO-Irotas.pdf\">23-26 DOO Irotas<\/a><\/div>\n\n\n\n<div class=\"wp-block-file\"><a id=\"wp-block-file--media-28e58b4a-2a08-4e8c-b911-d297574b017f\" href=\"https:\/\/www.rozaje.me\/wp-content\/uploads\/2026\/03\/25-26-Kalac-Hadro-Haris.pdf\">25-26 Kala\u010d Hadro Haris<\/a><\/div>\n\n\n\n<div class=\"wp-block-file\"><a id=\"wp-block-file--media-f0852ee7-2606-4670-ac47-626dd5170b3e\" href=\"https:\/\/www.rozaje.me\/wp-content\/uploads\/2026\/03\/26-26-Sehovic-Hamo-Edin.pdf\">26-26 \u0160ehovi\u0107 Hamo Edin<\/a><\/div>\n\n\n\n<div class=\"wp-block-file\"><a id=\"wp-block-file--media-83607be5-f1f8-4986-a00b-1251846666f2\" href=\"https:\/\/www.rozaje.me\/wp-content\/uploads\/2026\/03\/27-26-Kurpejovic-Mehmed.pdf\">27-26 Kurpejovi\u0107 Mehmed<\/a><\/div>\n\n\n\n<div class=\"wp-block-file\"><a id=\"wp-block-file--media-e03dbe66-0307-40ca-bded-581f44b4b88e\" href=\"https:\/\/www.rozaje.me\/wp-content\/uploads\/2026\/03\/29-26-Canovic-Abdulah-Sadmir.pdf\">29-26 Canovi\u0107 Abdulah Sadmir<\/a><\/div>\n\n\n\n<div class=\"wp-block-file\"><a id=\"wp-block-file--media-ea31656b-4224-452b-a362-7bd5c928ee39\" href=\"https:\/\/www.rozaje.me\/wp-content\/uploads\/2026\/03\/30-26-DJesevic-Rasim-Miralem.pdf\">30-26 \u0110e\u0161evi\u0107 Rasim Miralem<\/a><\/div>\n\n\n\n<div class=\"wp-block-file\"><a id=\"wp-block-file--media-cf46eaff-e607-4790-8030-f2d022876cff\" href=\"https:\/\/www.rozaje.me\/wp-content\/uploads\/2026\/03\/31-26-Halit-Bektesevic.pdf\">31-26 Halit Bekte\u0161evi\u0107<\/a><\/div>\n\n\n\n<div class=\"wp-block-file\"><a id=\"wp-block-file--media-f769c774-3e33-4c80-97bf-4c68fd66632b\" href=\"https:\/\/www.rozaje.me\/wp-content\/uploads\/2026\/03\/33-26-Nurkovic-Sead.pdf\">33-26 Nurkovi\u0107 Sead<\/a><\/div>\n\n\n\n<div class=\"wp-block-file\"><a id=\"wp-block-file--media-03e6e128-572b-4c4a-b5ce-a110f08036cc\" href=\"https:\/\/www.rozaje.me\/wp-content\/uploads\/2026\/03\/34-26-Balidemaj-Sadik.pdf\">34-26 Balidemaj Sadik<\/a><\/div>\n\n\n\n<div class=\"wp-block-file\"><a id=\"wp-block-file--media-e998431f-bfa7-45cf-8f8f-1f6c513b42f8\" href=\"https:\/\/www.rozaje.me\/wp-content\/uploads\/2026\/03\/35-36-Haljim-Pejcinovic.pdf\">35-36 Haljim Pej\u010dinovi\u0107<\/a><\/div>\n\n\n\n<div class=\"wp-block-file\"><a id=\"wp-block-file--media-51a6bef8-f994-4f31-be32-e64e26879fd1\" href=\"https:\/\/www.rozaje.me\/wp-content\/uploads\/2026\/03\/36-26-Zufer-Dedeic.pdf\">36-26 Zufer Dedei\u0107<\/a><\/div>\n\n\n\n<div class=\"wp-block-file\"><a id=\"wp-block-file--media-0fb6503e-604c-4cf7-8845-59aca2656412\" href=\"https:\/\/www.rozaje.me\/wp-content\/uploads\/2026\/03\/37-26-Huzejr-Nurkovic.pdf\">37-26 Huzejr Nurkovi\u0107<\/a><\/div>\n\n\n\n<p><\/p>","protected":false},"excerpt":{"rendered":"","protected":false},"author":15,"featured_media":0,"parent":0,"menu_order":0,"comment_status":"closed","ping_status":"closed","template":"","meta":{"_monsterinsights_skip_tracking":false,"_monsterinsights_sitenote_active":false,"_monsterinsights_sitenote_note":"","_monsterinsights_sitenote_category":0,"footnotes":""},"class_list":["post-33875","page","type-page","status-publish","hentry"],"yoast_head":"<!-- This site is optimized with the Yoast SEO plugin v27.2 - https:\/\/yoast.com\/product\/yoast-seo-wordpress\/ -->\n<title>Zahtjevi 2026 - Op\u0161tina Ro\u017eaje<\/title>\n<meta name=\"robots\" content=\"index, follow, max-snippet:-1, max-image-preview:large, max-video-preview:-1\" \/>\n<link rel=\"canonical\" href=\"https:\/\/www.rozaje.me\/en\/zahtjevi-2026\/\" \/>\n<meta property=\"og:locale\" content=\"en_GB\" \/>\n<meta property=\"og:type\" content=\"article\" \/>\n<meta property=\"og:title\" content=\"Zahtjevi 2026 - Op\u0161tina Ro\u017eaje\" \/>\n<meta property=\"og:url\" content=\"https:\/\/www.rozaje.me\/en\/zahtjevi-2026\/\" \/>\n<meta property=\"og:site_name\" content=\"Op\u0161tina Ro\u017eaje\" \/>\n<meta property=\"article:publisher\" content=\"https:\/\/www.facebook.com\/OpstinaRozajeOfficial\/\" \/>\n<meta property=\"article:modified_time\" content=\"2026-03-25T13:36:13+00:00\" \/>\n<meta name=\"twitter:card\" content=\"summary_large_image\" \/>\n<meta name=\"twitter:label1\" content=\"Estimated reading time\" \/>\n\t<meta name=\"twitter:data1\" content=\"1 minute\" \/>\n<script type=\"application\/ld+json\" class=\"yoast-schema-graph\">{\"@context\":\"https:\/\/schema.org\",\"@graph\":[{\"@type\":\"WebPage\",\"@id\":\"https:\/\/www.rozaje.me\/zahtjevi-2026\/\",\"url\":\"https:\/\/www.rozaje.me\/zahtjevi-2026\/\",\"name\":\"Zahtjevi 2026 - Op\u0161tina Ro\u017eaje\",\"isPartOf\":{\"@id\":\"https:\/\/www.rozaje.me\/#website\"},\"datePublished\":\"2026-03-11T13:01:48+00:00\",\"dateModified\":\"2026-03-25T13:36:13+00:00\",\"breadcrumb\":{\"@id\":\"https:\/\/www.rozaje.me\/zahtjevi-2026\/#breadcrumb\"},\"inLanguage\":\"en-GB\",\"potentialAction\":[{\"@type\":\"ReadAction\",\"target\":[\"https:\/\/www.rozaje.me\/zahtjevi-2026\/\"]}]},{\"@type\":\"BreadcrumbList\",\"@id\":\"https:\/\/www.rozaje.me\/zahtjevi-2026\/#breadcrumb\",\"itemListElement\":[{\"@type\":\"ListItem\",\"position\":1,\"name\":\"Home\",\"item\":\"https:\/\/www.rozaje.me\/\"},{\"@type\":\"ListItem\",\"position\":2,\"name\":\"Zahtjevi 2026\"}]},{\"@type\":\"WebSite\",\"@id\":\"https:\/\/www.rozaje.me\/#website\",\"url\":\"https:\/\/www.rozaje.me\/\",\"name\":\"Op\u0161tina Ro\u017eaje\",\"description\":\"Zvani\u010dna veb stranica Op\u0161tine Ro\u017eaje\",\"publisher\":{\"@id\":\"https:\/\/www.rozaje.me\/#organization\"},\"alternateName\":\"Opstina Rozaje\",\"potentialAction\":[{\"@type\":\"SearchAction\",\"target\":{\"@type\":\"EntryPoint\",\"urlTemplate\":\"https:\/\/www.rozaje.me\/?s={search_term_string}\"},\"query-input\":{\"@type\":\"PropertyValueSpecification\",\"valueRequired\":true,\"valueName\":\"search_term_string\"}}],\"inLanguage\":\"en-GB\"},{\"@type\":\"Organization\",\"@id\":\"https:\/\/www.rozaje.me\/#organization\",\"name\":\"Opstina Rozaje\",\"url\":\"https:\/\/www.rozaje.me\/\",\"logo\":{\"@type\":\"ImageObject\",\"inLanguage\":\"en-GB\",\"@id\":\"https:\/\/www.rozaje.me\/#\/schema\/logo\/image\/\",\"url\":\"https:\/\/www.rozaje.me\/wp-content\/uploads\/2022\/08\/logo-textless.svg\",\"contentUrl\":\"https:\/\/www.rozaje.me\/wp-content\/uploads\/2022\/08\/logo-textless.svg\",\"width\":108.00360000000000582076609134674072265625,\"height\":131.15059999999999718056642450392246246337890625,\"caption\":\"Opstina Rozaje\"},\"image\":{\"@id\":\"https:\/\/www.rozaje.me\/#\/schema\/logo\/image\/\"},\"sameAs\":[\"https:\/\/www.facebook.com\/OpstinaRozajeOfficial\/\",\"https:\/\/www.youtube.com\/channel\/UCepcislHIwc6KRZTLa6FIlg\"]}]}<\/script>\n<!-- \/ Yoast SEO plugin. -->","yoast_head_json":{"title":"Zahtjevi 2026 - Op\u0161tina Ro\u017eaje","robots":{"index":"index","follow":"follow","max-snippet":"max-snippet:-1","max-image-preview":"max-image-preview:large","max-video-preview":"max-video-preview:-1"},"canonical":"https:\/\/www.rozaje.me\/en\/zahtjevi-2026\/","og_locale":"en_GB","og_type":"article","og_title":"Zahtjevi 2026 - Op\u0161tina Ro\u017eaje","og_url":"https:\/\/www.rozaje.me\/en\/zahtjevi-2026\/","og_site_name":"Op\u0161tina Ro\u017eaje","article_publisher":"https:\/\/www.facebook.com\/OpstinaRozajeOfficial\/","article_modified_time":"2026-03-25T13:36:13+00:00","twitter_card":"summary_large_image","twitter_misc":{"Estimated reading time":"1 minute"},"schema":{"@context":"https:\/\/schema.org","@graph":[{"@type":"WebPage","@id":"https:\/\/www.rozaje.me\/zahtjevi-2026\/","url":"https:\/\/www.rozaje.me\/zahtjevi-2026\/","name":"Zahtjevi 2026 - Op\u0161tina Ro\u017eaje","isPartOf":{"@id":"https:\/\/www.rozaje.me\/#website"},"datePublished":"2026-03-11T13:01:48+00:00","dateModified":"2026-03-25T13:36:13+00:00","breadcrumb":{"@id":"https:\/\/www.rozaje.me\/zahtjevi-2026\/#breadcrumb"},"inLanguage":"en-GB","potentialAction":[{"@type":"ReadAction","target":["https:\/\/www.rozaje.me\/zahtjevi-2026\/"]}]},{"@type":"BreadcrumbList","@id":"https:\/\/www.rozaje.me\/zahtjevi-2026\/#breadcrumb","itemListElement":[{"@type":"ListItem","position":1,"name":"Home","item":"https:\/\/www.rozaje.me\/"},{"@type":"ListItem","position":2,"name":"Zahtjevi 2026"}]},{"@type":"WebSite","@id":"https:\/\/www.rozaje.me\/#website","url":"https:\/\/www.rozaje.me\/","name":"Municipality of Ro\u017eaje","description":"The official website of the Municipality of Ro\u017eaje","publisher":{"@id":"https:\/\/www.rozaje.me\/#organization"},"alternateName":"Opstina Rozaje","potentialAction":[{"@type":"SearchAction","target":{"@type":"EntryPoint","urlTemplate":"https:\/\/www.rozaje.me\/?s={search_term_string}"},"query-input":{"@type":"PropertyValueSpecification","valueRequired":true,"valueName":"search_term_string"}}],"inLanguage":"en-GB"},{"@type":"Organization","@id":"https:\/\/www.rozaje.me\/#organization","name":"Opstina Rozaje","url":"https:\/\/www.rozaje.me\/","logo":{"@type":"ImageObject","inLanguage":"en-GB","@id":"https:\/\/www.rozaje.me\/#\/schema\/logo\/image\/","url":"https:\/\/www.rozaje.me\/wp-content\/uploads\/2022\/08\/logo-textless.svg","contentUrl":"https:\/\/www.rozaje.me\/wp-content\/uploads\/2022\/08\/logo-textless.svg","width":108.00360000000000582076609134674072265625,"height":131.15059999999999718056642450392246246337890625,"caption":"Opstina Rozaje"},"image":{"@id":"https:\/\/www.rozaje.me\/#\/schema\/logo\/image\/"},"sameAs":["https:\/\/www.facebook.com\/OpstinaRozajeOfficial\/","https:\/\/www.youtube.com\/channel\/UCepcislHIwc6KRZTLa6FIlg"]}]}},"_links":{"self":[{"href":"https:\/\/www.rozaje.me\/en\/wp-json\/wp\/v2\/pages\/33875","targetHints":{"allow":["GET"]}}],"collection":[{"href":"https:\/\/www.rozaje.me\/en\/wp-json\/wp\/v2\/pages"}],"about":[{"href":"https:\/\/www.rozaje.me\/en\/wp-json\/wp\/v2\/types\/page"}],"author":[{"embeddable":true,"href":"https:\/\/www.rozaje.me\/en\/wp-json\/wp\/v2\/users\/15"}],"replies":[{"embeddable":true,"href":"https:\/\/www.rozaje.me\/en\/wp-json\/wp\/v2\/comments?post=33875"}],"version-history":[{"count":3,"href":"https:\/\/www.rozaje.me\/en\/wp-json\/wp\/v2\/pages\/33875\/revisions"}],"predecessor-version":[{"id":33968,"href":"https:\/\/www.rozaje.me\/en\/wp-json\/wp\/v2\/pages\/33875\/revisions\/33968"}],"wp:attachment":[{"href":"https:\/\/www.rozaje.me\/en\/wp-json\/wp\/v2\/media?parent=33875"}],"curies":[{"name":"wp","href":"https:\/\/api.w.org\/{rel}","templated":true}]}}