{"id":33803,"date":"2026-02-05T03:18:06","date_gmt":"2026-02-05T02:18:06","guid":{"rendered":"https:\/\/www.rozaje.me\/?page_id=33803"},"modified":"2026-02-05T03:19:05","modified_gmt":"2026-02-05T02:19:05","slug":"finansiranje-medija-2","status":"publish","type":"page","link":"https:\/\/www.rozaje.me\/en\/finansiranje-medija-2\/","title":{"rendered":"Finansiranje medija 2025"},"content":{"rendered":"<div class=\"wp-block-file\"><a id=\"wp-block-file--media-5f4ca269-f97d-432e-82ad-8eca9fd3c172\" href=\"https:\/\/www.rozaje.me\/wp-content\/uploads\/2026\/02\/Obrazac-2-Opstina-Rozaje-2025.godina.pdf\">Obrazac 2 Op\u0161tina Ro\u017eaje 2025.godina<\/a><\/div>\n\n\n\n<div class=\"wp-block-file\"><a id=\"wp-block-file--media-ae4c8db3-e34b-426a-82d1-7c7f667ee536\" href=\"https:\/\/www.rozaje.me\/wp-content\/uploads\/2026\/02\/biblioteka-obrazac-2-2025.pdf\">biblioteka obrazac 2 2025<\/a><\/div>\n\n\n\n<div class=\"wp-block-file\"><a id=\"wp-block-file--media-bf72ca57-a40f-4e88-8841-03bd51a597e1\" href=\"https:\/\/www.rozaje.me\/wp-content\/uploads\/2026\/02\/czk-obrazac-2-2025.pdf\">czk obrazac 2 2025<\/a><\/div>\n\n\n\n<div class=\"wp-block-file\"><a id=\"wp-block-file--media-b60116c1-3498-4aa4-8c2f-6c9a4129dc27\" href=\"https:\/\/www.rozaje.me\/wp-content\/uploads\/2026\/02\/komunalno-obrazac-2-2025.pdf\">komunalno obrazac 2 2025<\/a><\/div>\n\n\n\n<div class=\"wp-block-file\"><a id=\"wp-block-file--media-b44c6aaa-1148-4d0e-95cf-e23e4f4ab108\" href=\"https:\/\/www.rozaje.me\/wp-content\/uploads\/2026\/02\/muzej-obrazac-2-2025.pdf\">muzej obrazac 2 2025<\/a><\/div>\n\n\n\n<div class=\"wp-block-file\"><a id=\"wp-block-file--media-e8e887b8-5610-4706-8a5d-8331e906f191\" href=\"https:\/\/www.rozaje.me\/wp-content\/uploads\/2026\/02\/obrazac-2-dnevni-centar.pdf\">obrazac 2 dnevni centar<\/a><\/div>\n\n\n\n<div class=\"wp-block-file\"><a id=\"wp-block-file--media-0522ca30-07af-47ef-844d-3e93aa301cc8\" href=\"https:\/\/www.rozaje.me\/wp-content\/uploads\/2026\/02\/obrazac-2-turisticka.pdf\">obrazac 2 turisticka<\/a><\/div>\n\n\n\n<div class=\"wp-block-file\"><a id=\"wp-block-file--media-0c9a676c-2187-4e64-8c7a-c68465b3aef8\" href=\"https:\/\/www.rozaje.me\/wp-content\/uploads\/2026\/02\/ski-hajla-obrazac-2-2025.pdf\">ski hajla obrazac 2 2025<\/a><\/div>\n\n\n\n<div class=\"wp-block-file\"><a id=\"wp-block-file--media-384bb613-0f0a-45af-9f00-87ecb8624b74\" href=\"https:\/\/www.rozaje.me\/wp-content\/uploads\/2026\/02\/sportski-centar-obrazac-2-2025.pdf\">sportski centar obrazac 2 2025<\/a><\/div>\n\n\n\n<div class=\"wp-block-file\"><a id=\"wp-block-file--media-a22c66fd-df78-4d52-a73c-3caee7576947\" href=\"https:\/\/www.rozaje.me\/wp-content\/uploads\/2026\/02\/vodovod-obrazac-2-2025.pdf\">vodovod obrazac 2 2025<\/a><\/div>","protected":false},"excerpt":{"rendered":"","protected":false},"author":15,"featured_media":0,"parent":0,"menu_order":0,"comment_status":"closed","ping_status":"closed","template":"","meta":{"_monsterinsights_skip_tracking":false,"_monsterinsights_sitenote_active":false,"_monsterinsights_sitenote_note":"","_monsterinsights_sitenote_category":0,"footnotes":""},"class_list":["post-33803","page","type-page","status-publish","hentry"],"yoast_head":"<!-- This site is optimized with the Yoast SEO plugin v27.2 - https:\/\/yoast.com\/product\/yoast-seo-wordpress\/ -->\n<title>Finansiranje medija 2025 - Op\u0161tina Ro\u017eaje<\/title>\n<meta name=\"robots\" content=\"index, follow, max-snippet:-1, max-image-preview:large, max-video-preview:-1\" \/>\n<link rel=\"canonical\" href=\"https:\/\/www.rozaje.me\/en\/finansiranje-medija-2\/\" \/>\n<meta property=\"og:locale\" content=\"en_GB\" \/>\n<meta property=\"og:type\" content=\"article\" \/>\n<meta property=\"og:title\" content=\"Finansiranje medija 2025 - Op\u0161tina Ro\u017eaje\" \/>\n<meta property=\"og:url\" content=\"https:\/\/www.rozaje.me\/en\/finansiranje-medija-2\/\" \/>\n<meta property=\"og:site_name\" content=\"Op\u0161tina Ro\u017eaje\" \/>\n<meta property=\"article:publisher\" content=\"https:\/\/www.facebook.com\/OpstinaRozajeOfficial\/\" \/>\n<meta property=\"article:modified_time\" content=\"2026-02-05T02:19:05+00:00\" \/>\n<meta name=\"twitter:card\" content=\"summary_large_image\" \/>\n<meta name=\"twitter:label1\" content=\"Estimated reading time\" \/>\n\t<meta name=\"twitter:data1\" content=\"1 minute\" \/>\n<script type=\"application\/ld+json\" class=\"yoast-schema-graph\">{\"@context\":\"https:\/\/schema.org\",\"@graph\":[{\"@type\":\"WebPage\",\"@id\":\"https:\/\/www.rozaje.me\/finansiranje-medija-2\/\",\"url\":\"https:\/\/www.rozaje.me\/finansiranje-medija-2\/\",\"name\":\"Finansiranje medija 2025 - Op\u0161tina Ro\u017eaje\",\"isPartOf\":{\"@id\":\"https:\/\/www.rozaje.me\/#website\"},\"datePublished\":\"2026-02-05T02:18:06+00:00\",\"dateModified\":\"2026-02-05T02:19:05+00:00\",\"breadcrumb\":{\"@id\":\"https:\/\/www.rozaje.me\/finansiranje-medija-2\/#breadcrumb\"},\"inLanguage\":\"en-GB\",\"potentialAction\":[{\"@type\":\"ReadAction\",\"target\":[\"https:\/\/www.rozaje.me\/finansiranje-medija-2\/\"]}]},{\"@type\":\"BreadcrumbList\",\"@id\":\"https:\/\/www.rozaje.me\/finansiranje-medija-2\/#breadcrumb\",\"itemListElement\":[{\"@type\":\"ListItem\",\"position\":1,\"name\":\"Home\",\"item\":\"https:\/\/www.rozaje.me\/\"},{\"@type\":\"ListItem\",\"position\":2,\"name\":\"Finansiranje medija 2025\"}]},{\"@type\":\"WebSite\",\"@id\":\"https:\/\/www.rozaje.me\/#website\",\"url\":\"https:\/\/www.rozaje.me\/\",\"name\":\"Op\u0161tina Ro\u017eaje\",\"description\":\"Zvani\u010dna veb stranica Op\u0161tine Ro\u017eaje\",\"publisher\":{\"@id\":\"https:\/\/www.rozaje.me\/#organization\"},\"alternateName\":\"Opstina Rozaje\",\"potentialAction\":[{\"@type\":\"SearchAction\",\"target\":{\"@type\":\"EntryPoint\",\"urlTemplate\":\"https:\/\/www.rozaje.me\/?s={search_term_string}\"},\"query-input\":{\"@type\":\"PropertyValueSpecification\",\"valueRequired\":true,\"valueName\":\"search_term_string\"}}],\"inLanguage\":\"en-GB\"},{\"@type\":\"Organization\",\"@id\":\"https:\/\/www.rozaje.me\/#organization\",\"name\":\"Opstina Rozaje\",\"url\":\"https:\/\/www.rozaje.me\/\",\"logo\":{\"@type\":\"ImageObject\",\"inLanguage\":\"en-GB\",\"@id\":\"https:\/\/www.rozaje.me\/#\/schema\/logo\/image\/\",\"url\":\"https:\/\/www.rozaje.me\/wp-content\/uploads\/2022\/08\/logo-textless.svg\",\"contentUrl\":\"https:\/\/www.rozaje.me\/wp-content\/uploads\/2022\/08\/logo-textless.svg\",\"width\":108.00360000000000582076609134674072265625,\"height\":131.15059999999999718056642450392246246337890625,\"caption\":\"Opstina Rozaje\"},\"image\":{\"@id\":\"https:\/\/www.rozaje.me\/#\/schema\/logo\/image\/\"},\"sameAs\":[\"https:\/\/www.facebook.com\/OpstinaRozajeOfficial\/\",\"https:\/\/www.youtube.com\/channel\/UCepcislHIwc6KRZTLa6FIlg\"]}]}<\/script>\n<!-- \/ Yoast SEO plugin. -->","yoast_head_json":{"title":"Finansiranje medija 2025 - Op\u0161tina Ro\u017eaje","robots":{"index":"index","follow":"follow","max-snippet":"max-snippet:-1","max-image-preview":"max-image-preview:large","max-video-preview":"max-video-preview:-1"},"canonical":"https:\/\/www.rozaje.me\/en\/finansiranje-medija-2\/","og_locale":"en_GB","og_type":"article","og_title":"Finansiranje medija 2025 - Op\u0161tina Ro\u017eaje","og_url":"https:\/\/www.rozaje.me\/en\/finansiranje-medija-2\/","og_site_name":"Op\u0161tina Ro\u017eaje","article_publisher":"https:\/\/www.facebook.com\/OpstinaRozajeOfficial\/","article_modified_time":"2026-02-05T02:19:05+00:00","twitter_card":"summary_large_image","twitter_misc":{"Estimated reading time":"1 minute"},"schema":{"@context":"https:\/\/schema.org","@graph":[{"@type":"WebPage","@id":"https:\/\/www.rozaje.me\/finansiranje-medija-2\/","url":"https:\/\/www.rozaje.me\/finansiranje-medija-2\/","name":"Finansiranje medija 2025 - Op\u0161tina Ro\u017eaje","isPartOf":{"@id":"https:\/\/www.rozaje.me\/#website"},"datePublished":"2026-02-05T02:18:06+00:00","dateModified":"2026-02-05T02:19:05+00:00","breadcrumb":{"@id":"https:\/\/www.rozaje.me\/finansiranje-medija-2\/#breadcrumb"},"inLanguage":"en-GB","potentialAction":[{"@type":"ReadAction","target":["https:\/\/www.rozaje.me\/finansiranje-medija-2\/"]}]},{"@type":"BreadcrumbList","@id":"https:\/\/www.rozaje.me\/finansiranje-medija-2\/#breadcrumb","itemListElement":[{"@type":"ListItem","position":1,"name":"Home","item":"https:\/\/www.rozaje.me\/"},{"@type":"ListItem","position":2,"name":"Finansiranje medija 2025"}]},{"@type":"WebSite","@id":"https:\/\/www.rozaje.me\/#website","url":"https:\/\/www.rozaje.me\/","name":"Municipality of Ro\u017eaje","description":"The official website of the Municipality of Ro\u017eaje","publisher":{"@id":"https:\/\/www.rozaje.me\/#organization"},"alternateName":"Opstina Rozaje","potentialAction":[{"@type":"SearchAction","target":{"@type":"EntryPoint","urlTemplate":"https:\/\/www.rozaje.me\/?s={search_term_string}"},"query-input":{"@type":"PropertyValueSpecification","valueRequired":true,"valueName":"search_term_string"}}],"inLanguage":"en-GB"},{"@type":"Organization","@id":"https:\/\/www.rozaje.me\/#organization","name":"Opstina Rozaje","url":"https:\/\/www.rozaje.me\/","logo":{"@type":"ImageObject","inLanguage":"en-GB","@id":"https:\/\/www.rozaje.me\/#\/schema\/logo\/image\/","url":"https:\/\/www.rozaje.me\/wp-content\/uploads\/2022\/08\/logo-textless.svg","contentUrl":"https:\/\/www.rozaje.me\/wp-content\/uploads\/2022\/08\/logo-textless.svg","width":108.00360000000000582076609134674072265625,"height":131.15059999999999718056642450392246246337890625,"caption":"Opstina Rozaje"},"image":{"@id":"https:\/\/www.rozaje.me\/#\/schema\/logo\/image\/"},"sameAs":["https:\/\/www.facebook.com\/OpstinaRozajeOfficial\/","https:\/\/www.youtube.com\/channel\/UCepcislHIwc6KRZTLa6FIlg"]}]}},"_links":{"self":[{"href":"https:\/\/www.rozaje.me\/en\/wp-json\/wp\/v2\/pages\/33803","targetHints":{"allow":["GET"]}}],"collection":[{"href":"https:\/\/www.rozaje.me\/en\/wp-json\/wp\/v2\/pages"}],"about":[{"href":"https:\/\/www.rozaje.me\/en\/wp-json\/wp\/v2\/types\/page"}],"author":[{"embeddable":true,"href":"https:\/\/www.rozaje.me\/en\/wp-json\/wp\/v2\/users\/15"}],"replies":[{"embeddable":true,"href":"https:\/\/www.rozaje.me\/en\/wp-json\/wp\/v2\/comments?post=33803"}],"version-history":[{"count":2,"href":"https:\/\/www.rozaje.me\/en\/wp-json\/wp\/v2\/pages\/33803\/revisions"}],"predecessor-version":[{"id":33817,"href":"https:\/\/www.rozaje.me\/en\/wp-json\/wp\/v2\/pages\/33803\/revisions\/33817"}],"wp:attachment":[{"href":"https:\/\/www.rozaje.me\/en\/wp-json\/wp\/v2\/media?parent=33803"}],"curies":[{"name":"wp","href":"https:\/\/api.w.org\/{rel}","templated":true}]}}