{"id":33622,"date":"2025-12-25T09:45:32","date_gmt":"2025-12-25T08:45:32","guid":{"rendered":"https:\/\/www.rozaje.me\/?page_id=33622"},"modified":"2025-12-29T14:19:55","modified_gmt":"2025-12-29T13:19:55","slug":"javna-knjiga-2025","status":"publish","type":"page","link":"https:\/\/www.rozaje.me\/en\/javna-knjiga-2025\/","title":{"rendered":"Javna knjiga 2025."},"content":{"rendered":"<figure class=\"wp-block-table\"><table class=\"has-fixed-layout\"><tbody><tr><td><strong>RB<\/strong><\/td><td><strong>OBRADJIVA\u010c<\/strong><\/td><td><strong>PREDMET<\/strong><\/td><td><strong>FAZA<\/strong><\/td><\/tr><tr><td>1<\/td><td>Enisa Muri\u0107<\/td><td>NDTS 10\/0.4 kV , 1&#215;630 kVA \u201eBAZA 1\u201c, &nbsp;&nbsp;zamjena postoje\u0107e BTS \u201cBAZA 1\u201c 10\/0.4 kV, 1&#215;250 kVA, na katastarskim parc.1178,&nbsp; 1181,1180&nbsp; i&nbsp; 1179&nbsp; KO&nbsp; Ibarac I- op\u0161tina Ro\u017eaje. Investitor DOO\u201cCEDIS\u201c<strong> ,<\/strong>Podgorica.<\/td><td><a href=\"https:\/\/www.rozaje.me\/en\/rjesenje-i-2025\/\">Rje\u0161enje \u2013Nije potrebna izrada elaborata procjene uticaja na \u017eivotnu sredinu<\/a><\/td><\/tr><tr><td>2<\/td><td>Enisa Muri\u0107<\/td><td>Magistralni vodovodni cjevovod Vukoser -Dedei\u0107i, na&nbsp; katastarskim parc. br. 1536, 1362, 1364\/1, 1354\/11, 1115\/1, 1351, 135 i 1353&nbsp; KO&nbsp; Ibarac I, kat.prc. br.1168\/1 KO Koljeno I i kat. parc.br.783\/1 KO Seo\u0161nica I- op\u0161tina Ro\u017eaje.Investitor<strong>&nbsp; <\/strong>Op\u0161tina Ro\u017eaje- doo\u201cVodovod i kanallizacija\u201c Ro\u017eaje.<\/td><td><a href=\"https:\/\/www.rozaje.me\/en\/rjesenje-ii-2025\/\">Rje\u0161enje \u2013Nije potrebna izrada elaborata procjene uticaja na \u017eivotnu sredinu<\/a><\/td><\/tr><tr><td>3<\/td><td>Hajrija Kala\u010d<\/td><td>Poslovni objekat- pogon za preradu drveta, na&nbsp; katastarskim parcelama br. 1407\/1 i 1407\/2 KO&nbsp; Ibarac I- op\u0161tina Ro\u017eaje.Investitordoo\u201cDendro group\u201c Ro\u017eaje.<\/td><td><a href=\"https:\/\/www.rozaje.me\/en\/rjesenje-iii-2025\/\">Rje\u0161enje \u2013Nije potrebna izrada elaborata procjene uticaja na \u017eivotnu sredinu<\/a><\/td><\/tr><tr><td>4<\/td><td>Hajrija Kala\u010d<\/td><td>Stambeno-poslovni objekat i podzemna gara\u017ea, na&nbsp; katastarskim parc. br. 38\/2 i 39\/1&nbsp; KO&nbsp; Ibarac I- op\u0161tina Ro\u017eaje.Investitor doo\u201cAK INVEST\u201cRo\u017eaje.<\/td><td><a href=\"https:\/\/www.rozaje.me\/en\/rjesenje-iv-2025\/\">Rje\u0161enje \u2013Nije potrebna izrada elaborata procjene uticaja na \u017eivotnu sredinu<\/a><\/td><\/tr><tr><td>5<\/td><td>Hajrija Kala\u010d<\/td><td>Poslovni objekat, na&nbsp; katastarskim parc. br. 1192\/1, 1192\/3, 1195\/13 i 1195\/14&nbsp; KO&nbsp; Ibarac I- op\u0161tina Ro\u017eaje.Investitor. Agovi\u0107 Rejhan, Ro\u017eaje.<\/td><td><a href=\"https:\/\/www.rozaje.me\/en\/rjesenje-v-2024-2\/\">Rje\u0161enje \u2013Nije potrebna izrada elaborata procjene uticaja na \u017eivotnu sredinu<\/a><\/td><\/tr><tr><td>6<\/td><td>Enisa Muri\u0107<\/td><td>NDTS 10\/0.4 kV , 1&#215;630 kVA \u201eHurije\u201c&nbsp; sa priklju\u010dnim KV 10 kV i uklapanjem u VN mre\u017eu, na&nbsp; katastarskim parc. 554\/2, 554\/1, 558, 552, 549, 559, 525 i 527&nbsp; KO&nbsp; Ro\u017eaje- op\u0161tina Ro\u017eaje. Investitor <strong>&nbsp;<\/strong>DOO\u201cCEDIS\u201c, Podgorica.<\/td><td><a href=\"https:\/\/www.rozaje.me\/en\/rjesenje-vi-2025\/\">Rje\u0161enje \u2013Nije potrebna izrada elaborata procjene uticaja na \u017eivotnu sredinu<\/a><\/td><\/tr><tr><td>7<\/td><td>Enisa Muri\u0107<\/td><td>Radio bazna stanica \u201eBA38-Ibarac\u201c, na&nbsp; dijelu katastarske parcele br. 878\/1&nbsp; KO&nbsp; Ibarac I- op\u0161tina Ro\u017eaje.InvestitorDru\u0161tvo za telekomunikacije\u201cMTEL\u201cdoo, Podgorica.<\/td><td><a href=\"https:\/\/www.rozaje.me\/en\/rjesenje-vii-2025\/\">Rje\u0161enje o davanju saglasnosti na elaborat procjene uticaja na \u017eivotnu sredinu<\/a><\/td><\/tr><tr><td>8<\/td><td>Enisa Muri\u0107<\/td><td>Poslovno-turisti\u010dki apartmanski blok na kat.parcelama 932\/13, 932\/44,932\/46 KO Ro\u017eaje. Investitor \u201cPoint M\u201cdoo, Ro\u017eaje.<\/td><td><a href=\"https:\/\/www.rozaje.me\/en\/rjesenje-viii-2025\/\">Rje\u0161enje \u2013Nije potrebna izrada elaborata procjene uticaja na \u017eivotnu sredinu<\/a><\/td><\/tr><tr><td>9<\/td><td>Enisa Muri\u0107<\/td><td>Radio bazna stanica \u201eBA44-Lovnica\u201c, &nbsp;&nbsp;na&nbsp; dijelu katastarske parcele br. 331&nbsp; KO&nbsp; Donja Lovnica- op\u0161tina Ro\u017eaje.&nbsp; &nbsp;Investitor Dru\u0161tvo za telekomunikacije\u201cMTEL\u201cdoo, Podgorica.<\/td><td><a href=\"https:\/\/www.rozaje.me\/en\/rjesenje-ix-2025\/\">Rje\u0161enje \u2013Potrebna izrada elaborata procjene uticaja na \u017eivotnu sredinu<\/a><\/td><\/tr><tr><td>10<\/td><td>Hajrija Kala\u010d<\/td><td>Poslovni objekat- pilana.Investitor Mehmed Kurpejovi\u0107, Ro\u017eaje.<\/td><td><a href=\"https:\/\/www.rozaje.me\/en\/rjesenje-x-2025\/\">Rje\u0161enje \u2013postupak obustavljen zbog odustanka stranke od zahtjeva<\/a><\/td><\/tr><tr><td>11<\/td><td>Hajrija Kala\u010d<\/td><td>Trafostanica TS 10\/0,4kV , \u201eBr. 2 Nova\u201c 1x1000kVA, sa uklapanjem u VN mre\u017eu&nbsp; na&nbsp; katastarskoj&nbsp; parceli br. 39\/1&nbsp; KO&nbsp; Ibarac I- op\u0161tina Ro\u017eaje.InvestorDOO \u201eAK Invest\u201c Rozaje.<\/td><td><a href=\"https:\/\/www.rozaje.me\/en\/rjesenje-xi-2025\/\">Rje\u0161enje \u2013saglasnost na elaborat<\/a><\/td><\/tr><tr><td>12<\/td><td>Enisa Muri\u0107<\/td><td>Poslovni objekat-samouslu\u017ena autoperiona sa pomo\u0107nim objektom\u201c koja se planira na katastarskoj parceli br. 2445\/1 KO Ro\u017eaje- op\u0161tina Ro\u017eaje. Investitor&nbsp;&nbsp; doo \u201cTRICO5\u201c Ro\u017eaje.&nbsp;<\/td><td><a href=\"https:\/\/www.rozaje.me\/en\/rjesenje-xii-2025\/\">Rje\u0161enje \u2013Nije potrebna izrada elaborata procjene uticaja na \u017eivotnu sredinu<\/a><\/td><\/tr><tr><td>13<\/td><td>Hajrija Kala\u010d<\/td><td>Izmije\u0161tanje dijela trase nadzemnog voda DV 10kV \u201eBa\u0161\u010da\u201c, Ro\u017eaje&nbsp; koji prolazi katastarskim parcelama br. 175\/1, 175\/2, 174\/4 i 179 i br. 48 KO Grahovo I, op\u0161tina Ro\u017eaje.Investitor DOO\u201cKVATRO RH\u201c Ro\u017eaje.<\/td><td><a href=\"https:\/\/www.rozaje.me\/en\/rjesenje-xiii-2025\/\">Rje\u0161enje \u2013Nije potrebna izrada elaborata procjene uticaja na \u017eivotnu sredinu<\/a><\/td><\/tr><\/tbody><\/table><\/figure>","protected":false},"excerpt":{"rendered":"<p>R.B. OBRADJIVA\u010c PREDMET FAZA 1 Enisa Muri\u0107 NDTS 10\/0.4 kV , 1&#215;630 kVA \u201eBAZA 1\u201c, &nbsp;&nbsp;zamjena postoje\u0107e BTS \u201cBAZA 1\u201c 10\/0.4 kV, 1&#215;250 kVA, na&#46;&#46;&#46;<\/p>","protected":false},"author":15,"featured_media":0,"parent":0,"menu_order":0,"comment_status":"closed","ping_status":"closed","template":"","meta":{"_monsterinsights_skip_tracking":false,"_monsterinsights_sitenote_active":false,"_monsterinsights_sitenote_note":"","_monsterinsights_sitenote_category":0,"footnotes":""},"class_list":["post-33622","page","type-page","status-publish","hentry"],"yoast_head":"<!-- This site is optimized with the Yoast SEO plugin v27.2 - https:\/\/yoast.com\/product\/yoast-seo-wordpress\/ -->\n<title>Javna knjiga 2025. - Op\u0161tina Ro\u017eaje<\/title>\n<meta name=\"robots\" content=\"index, follow, max-snippet:-1, max-image-preview:large, max-video-preview:-1\" \/>\n<link rel=\"canonical\" href=\"https:\/\/www.rozaje.me\/en\/javna-knjiga-2025\/\" \/>\n<meta property=\"og:locale\" content=\"en_GB\" \/>\n<meta property=\"og:type\" content=\"article\" \/>\n<meta property=\"og:title\" content=\"Javna knjiga 2025. - Op\u0161tina Ro\u017eaje\" \/>\n<meta property=\"og:description\" content=\"R.B. OBRADJIVA\u010c PREDMET FAZA 1 Enisa Muri\u0107 NDTS 10\/0.4 kV , 1&#215;630 kVA \u201eBAZA 1\u201c, &nbsp;&nbsp;zamjena postoje\u0107e BTS \u201cBAZA 1\u201c 10\/0.4 kV, 1&#215;250 kVA, na&#046;&#046;&#046;\" \/>\n<meta property=\"og:url\" content=\"https:\/\/www.rozaje.me\/en\/javna-knjiga-2025\/\" \/>\n<meta property=\"og:site_name\" content=\"Op\u0161tina Ro\u017eaje\" \/>\n<meta property=\"article:publisher\" content=\"https:\/\/www.facebook.com\/OpstinaRozajeOfficial\/\" \/>\n<meta property=\"article:modified_time\" content=\"2025-12-29T13:19:55+00:00\" \/>\n<meta name=\"twitter:card\" content=\"summary_large_image\" \/>\n<meta name=\"twitter:label1\" content=\"Estimated reading time\" \/>\n\t<meta name=\"twitter:data1\" content=\"3 minutes\" \/>\n<script type=\"application\/ld+json\" class=\"yoast-schema-graph\">{\"@context\":\"https:\/\/schema.org\",\"@graph\":[{\"@type\":\"WebPage\",\"@id\":\"https:\/\/www.rozaje.me\/javna-knjiga-2025\/\",\"url\":\"https:\/\/www.rozaje.me\/javna-knjiga-2025\/\",\"name\":\"Javna knjiga 2025. - Op\u0161tina Ro\u017eaje\",\"isPartOf\":{\"@id\":\"https:\/\/www.rozaje.me\/#website\"},\"datePublished\":\"2025-12-25T08:45:32+00:00\",\"dateModified\":\"2025-12-29T13:19:55+00:00\",\"breadcrumb\":{\"@id\":\"https:\/\/www.rozaje.me\/javna-knjiga-2025\/#breadcrumb\"},\"inLanguage\":\"en-GB\",\"potentialAction\":[{\"@type\":\"ReadAction\",\"target\":[\"https:\/\/www.rozaje.me\/javna-knjiga-2025\/\"]}]},{\"@type\":\"BreadcrumbList\",\"@id\":\"https:\/\/www.rozaje.me\/javna-knjiga-2025\/#breadcrumb\",\"itemListElement\":[{\"@type\":\"ListItem\",\"position\":1,\"name\":\"Home\",\"item\":\"https:\/\/www.rozaje.me\/\"},{\"@type\":\"ListItem\",\"position\":2,\"name\":\"Javna knjiga 2025.\"}]},{\"@type\":\"WebSite\",\"@id\":\"https:\/\/www.rozaje.me\/#website\",\"url\":\"https:\/\/www.rozaje.me\/\",\"name\":\"Op\u0161tina Ro\u017eaje\",\"description\":\"Zvani\u010dna veb stranica Op\u0161tine Ro\u017eaje\",\"publisher\":{\"@id\":\"https:\/\/www.rozaje.me\/#organization\"},\"alternateName\":\"Opstina Rozaje\",\"potentialAction\":[{\"@type\":\"SearchAction\",\"target\":{\"@type\":\"EntryPoint\",\"urlTemplate\":\"https:\/\/www.rozaje.me\/?s={search_term_string}\"},\"query-input\":{\"@type\":\"PropertyValueSpecification\",\"valueRequired\":true,\"valueName\":\"search_term_string\"}}],\"inLanguage\":\"en-GB\"},{\"@type\":\"Organization\",\"@id\":\"https:\/\/www.rozaje.me\/#organization\",\"name\":\"Opstina Rozaje\",\"url\":\"https:\/\/www.rozaje.me\/\",\"logo\":{\"@type\":\"ImageObject\",\"inLanguage\":\"en-GB\",\"@id\":\"https:\/\/www.rozaje.me\/#\/schema\/logo\/image\/\",\"url\":\"https:\/\/www.rozaje.me\/wp-content\/uploads\/2022\/08\/logo-textless.svg\",\"contentUrl\":\"https:\/\/www.rozaje.me\/wp-content\/uploads\/2022\/08\/logo-textless.svg\",\"width\":108.00360000000000582076609134674072265625,\"height\":131.15059999999999718056642450392246246337890625,\"caption\":\"Opstina Rozaje\"},\"image\":{\"@id\":\"https:\/\/www.rozaje.me\/#\/schema\/logo\/image\/\"},\"sameAs\":[\"https:\/\/www.facebook.com\/OpstinaRozajeOfficial\/\",\"https:\/\/www.youtube.com\/channel\/UCepcislHIwc6KRZTLa6FIlg\"]}]}<\/script>\n<!-- \/ Yoast SEO plugin. -->","yoast_head_json":{"title":"Javna knjiga 2025. - Op\u0161tina Ro\u017eaje","robots":{"index":"index","follow":"follow","max-snippet":"max-snippet:-1","max-image-preview":"max-image-preview:large","max-video-preview":"max-video-preview:-1"},"canonical":"https:\/\/www.rozaje.me\/en\/javna-knjiga-2025\/","og_locale":"en_GB","og_type":"article","og_title":"Javna knjiga 2025. - Op\u0161tina Ro\u017eaje","og_description":"R.B. OBRADJIVA\u010c PREDMET FAZA 1 Enisa Muri\u0107 NDTS 10\/0.4 kV , 1&#215;630 kVA \u201eBAZA 1\u201c, &nbsp;&nbsp;zamjena postoje\u0107e BTS \u201cBAZA 1\u201c 10\/0.4 kV, 1&#215;250 kVA, na&#46;&#46;&#46;","og_url":"https:\/\/www.rozaje.me\/en\/javna-knjiga-2025\/","og_site_name":"Op\u0161tina Ro\u017eaje","article_publisher":"https:\/\/www.facebook.com\/OpstinaRozajeOfficial\/","article_modified_time":"2025-12-29T13:19:55+00:00","twitter_card":"summary_large_image","twitter_misc":{"Estimated reading time":"3 minutes"},"schema":{"@context":"https:\/\/schema.org","@graph":[{"@type":"WebPage","@id":"https:\/\/www.rozaje.me\/javna-knjiga-2025\/","url":"https:\/\/www.rozaje.me\/javna-knjiga-2025\/","name":"Javna knjiga 2025. - Op\u0161tina Ro\u017eaje","isPartOf":{"@id":"https:\/\/www.rozaje.me\/#website"},"datePublished":"2025-12-25T08:45:32+00:00","dateModified":"2025-12-29T13:19:55+00:00","breadcrumb":{"@id":"https:\/\/www.rozaje.me\/javna-knjiga-2025\/#breadcrumb"},"inLanguage":"en-GB","potentialAction":[{"@type":"ReadAction","target":["https:\/\/www.rozaje.me\/javna-knjiga-2025\/"]}]},{"@type":"BreadcrumbList","@id":"https:\/\/www.rozaje.me\/javna-knjiga-2025\/#breadcrumb","itemListElement":[{"@type":"ListItem","position":1,"name":"Home","item":"https:\/\/www.rozaje.me\/"},{"@type":"ListItem","position":2,"name":"Javna knjiga 2025."}]},{"@type":"WebSite","@id":"https:\/\/www.rozaje.me\/#website","url":"https:\/\/www.rozaje.me\/","name":"Municipality of Ro\u017eaje","description":"The official website of the Municipality of Ro\u017eaje","publisher":{"@id":"https:\/\/www.rozaje.me\/#organization"},"alternateName":"Opstina Rozaje","potentialAction":[{"@type":"SearchAction","target":{"@type":"EntryPoint","urlTemplate":"https:\/\/www.rozaje.me\/?s={search_term_string}"},"query-input":{"@type":"PropertyValueSpecification","valueRequired":true,"valueName":"search_term_string"}}],"inLanguage":"en-GB"},{"@type":"Organization","@id":"https:\/\/www.rozaje.me\/#organization","name":"Opstina Rozaje","url":"https:\/\/www.rozaje.me\/","logo":{"@type":"ImageObject","inLanguage":"en-GB","@id":"https:\/\/www.rozaje.me\/#\/schema\/logo\/image\/","url":"https:\/\/www.rozaje.me\/wp-content\/uploads\/2022\/08\/logo-textless.svg","contentUrl":"https:\/\/www.rozaje.me\/wp-content\/uploads\/2022\/08\/logo-textless.svg","width":108.00360000000000582076609134674072265625,"height":131.15059999999999718056642450392246246337890625,"caption":"Opstina Rozaje"},"image":{"@id":"https:\/\/www.rozaje.me\/#\/schema\/logo\/image\/"},"sameAs":["https:\/\/www.facebook.com\/OpstinaRozajeOfficial\/","https:\/\/www.youtube.com\/channel\/UCepcislHIwc6KRZTLa6FIlg"]}]}},"_links":{"self":[{"href":"https:\/\/www.rozaje.me\/en\/wp-json\/wp\/v2\/pages\/33622","targetHints":{"allow":["GET"]}}],"collection":[{"href":"https:\/\/www.rozaje.me\/en\/wp-json\/wp\/v2\/pages"}],"about":[{"href":"https:\/\/www.rozaje.me\/en\/wp-json\/wp\/v2\/types\/page"}],"author":[{"embeddable":true,"href":"https:\/\/www.rozaje.me\/en\/wp-json\/wp\/v2\/users\/15"}],"replies":[{"embeddable":true,"href":"https:\/\/www.rozaje.me\/en\/wp-json\/wp\/v2\/comments?post=33622"}],"version-history":[{"count":13,"href":"https:\/\/www.rozaje.me\/en\/wp-json\/wp\/v2\/pages\/33622\/revisions"}],"predecessor-version":[{"id":33676,"href":"https:\/\/www.rozaje.me\/en\/wp-json\/wp\/v2\/pages\/33622\/revisions\/33676"}],"wp:attachment":[{"href":"https:\/\/www.rozaje.me\/en\/wp-json\/wp\/v2\/media?parent=33622"}],"curies":[{"name":"wp","href":"https:\/\/api.w.org\/{rel}","templated":true}]}}