{"id":32335,"date":"2025-04-14T11:33:59","date_gmt":"2025-04-14T10:33:59","guid":{"rendered":"https:\/\/www.rozaje.me\/?page_id=32335"},"modified":"2026-01-20T23:44:44","modified_gmt":"2026-01-20T22:44:44","slug":"rjesenja-2","status":"publish","type":"page","link":"https:\/\/www.rozaje.me\/en\/rjesenja-2\/","title":{"rendered":"Solutions"},"content":{"rendered":"<div class=\"wp-block-file\"><a id=\"wp-block-file--media-071434ad-5852-42a3-8112-393b9cba8523\" href=\"https:\/\/www.rozaje.me\/wp-content\/uploads\/2025\/05\/Mersudin-Zejnelagic.pdf\">Mersudin Zejnelagi\u0107<\/a><\/div>\n\n\n\n<div class=\"wp-block-file\"><a id=\"wp-block-file--media-86d67aa3-4576-4f0c-8448-4d631a451f44\" href=\"https:\/\/www.rozaje.me\/wp-content\/uploads\/2025\/05\/Kalac-Nail.pdf\">Kala\u010d Naila<\/a><\/div>\n\n\n\n<div class=\"wp-block-file\"><a id=\"wp-block-file--media-25dcfc62-800c-476b-82e2-6c9a35512081\" href=\"https:\/\/www.rozaje.me\/wp-content\/uploads\/2025\/06\/OS-Mustafa-Pecanin.pdf\">OS \u201cMustafa Pecanin\u201d<\/a><\/div>\n\n\n\n<div class=\"wp-block-file\"><a id=\"wp-block-file--media-424254d5-27fa-4ad9-ab9e-996594f8eb7a\" href=\"https:\/\/www.rozaje.me\/wp-content\/uploads\/2025\/06\/AK-Invest.pdf\">AK Invest<\/a><\/div>\n\n\n\n<div class=\"wp-block-file\"><a id=\"wp-block-file--media-9ee81c61-c99e-4520-b281-8cd8b4199362\" href=\"https:\/\/www.rozaje.me\/wp-content\/uploads\/2025\/06\/Kalac-Seko-1.pdf\">Kalac Seko<\/a><\/div>\n\n\n\n<div class=\"wp-block-file\"><a id=\"wp-block-file--media-32da9102-66ec-4846-a29d-6608bf0dedb4\" href=\"https:\/\/www.rozaje.me\/wp-content\/uploads\/2025\/06\/Mujevic-Ljutvija-1.pdf\">Mujevic Ljutvija<\/a><\/div>\n\n\n\n<div class=\"wp-block-file\"><a id=\"wp-block-file--media-f4185faa-07b0-43be-ae03-900f4c7cc0ce\" href=\"https:\/\/www.rozaje.me\/wp-content\/uploads\/2025\/07\/ACE-Scanner_2025_07_02.pdf\">DOO &#8220;IMPEX MONTENEGRO&#8221;<\/a><\/div>\n\n\n\n<div class=\"wp-block-file\"><a id=\"wp-block-file--media-f830aafa-e0a7-492f-beaf-a767c6e13c3c\" href=\"https:\/\/www.rozaje.me\/wp-content\/uploads\/2025\/07\/Sutkovic-Juso.pdf\">\u0160utkovi\u0107 Juso<\/a><\/div>\n\n\n\n<div class=\"wp-block-file\"><a id=\"wp-block-file--media-9b9a7ba7-61e8-4f8e-afc6-151e34ad7499\" href=\"https:\/\/www.rozaje.me\/wp-content\/uploads\/2025\/07\/Hot-Fadil.pdf\">Hot Fadil<\/a><\/div>\n\n\n\n<div class=\"wp-block-file\"><a id=\"wp-block-file--media-192834f1-6f47-45ba-812c-e13021be2cf0\" href=\"https:\/\/www.rozaje.me\/wp-content\/uploads\/2025\/07\/Camic-Smajo.pdf\">Camic Smajo<\/a><\/div>\n\n\n\n<div class=\"wp-block-file\"><a id=\"wp-block-file--media-8f7a04b7-1ab9-465e-b22d-7f95904a055a\" href=\"https:\/\/www.rozaje.me\/wp-content\/uploads\/2025\/07\/Sutkovic-Mersad.pdf\">Sutkovic Mersad<\/a><\/div>\n\n\n\n<div class=\"wp-block-file\"><a id=\"wp-block-file--media-003e5c15-5d23-4a91-9d0b-f274c5079a73\" href=\"https:\/\/www.rozaje.me\/wp-content\/uploads\/2025\/07\/Direkcija-za-investicije-i-razvojne-projekte.pdf\">Direkcija za investicije i razvojne projekte<\/a><\/div>\n\n\n\n<div class=\"wp-block-file\"><a id=\"wp-block-file--media-6e564a7e-a944-43c2-b0a3-ec56c8a228f7\" href=\"https:\/\/www.rozaje.me\/wp-content\/uploads\/2025\/07\/Huremovic-Zejnel.pdf\">Huremovic Zejnel<\/a><\/div>\n\n\n\n<div class=\"wp-block-file\"><a id=\"wp-block-file--media-b7191723-e704-449d-9357-4f12cb632653\" href=\"https:\/\/www.rozaje.me\/wp-content\/uploads\/2025\/07\/Kalac-Fuad.pdf\">Kalac Fuad<\/a><\/div>\n\n\n\n<div class=\"wp-block-file\"><a id=\"wp-block-file--media-af795617-62c5-41af-b122-606aa4f67841\" href=\"https:\/\/www.rozaje.me\/wp-content\/uploads\/2025\/07\/Agovic-Sabaheta.pdf\">Agovic Sabaheta<\/a><\/div>\n\n\n\n<div class=\"wp-block-file\"><a id=\"wp-block-file--media-b9031833-c65b-4913-9197-39b327046b0c\" href=\"https:\/\/www.rozaje.me\/wp-content\/uploads\/2025\/07\/Zekic-Ervin.pdf\">Zekic Ervin<\/a><\/div>\n\n\n\n<div class=\"wp-block-file\"><a id=\"wp-block-file--media-3eceaca2-9aaf-4fd8-b9f1-37ddfb6c72c5\" href=\"https:\/\/www.rozaje.me\/wp-content\/uploads\/2025\/07\/Kalac-Elzeta.pdf\">Kalac Elzeta<\/a><\/div>\n\n\n\n<div class=\"wp-block-file\"><a id=\"wp-block-file--media-bd09f75c-4131-46ba-b1fa-e86169ac401b\" href=\"https:\/\/www.rozaje.me\/wp-content\/uploads\/2025\/07\/DOO-POINT-M-ROZAJE.pdf\">DOO &#8220;POINT M&#8221; ROZAJE<\/a><\/div>\n\n\n\n<div class=\"wp-block-file\"><a id=\"wp-block-file--media-c951d5f8-d303-4108-9c77-ca76c9840525\" href=\"https:\/\/www.rozaje.me\/wp-content\/uploads\/2025\/07\/Agovic-Rejhan.pdf\">Agovic Rejhan<\/a><\/div>\n\n\n\n<div class=\"wp-block-file\"><a id=\"wp-block-file--media-7214ff1b-c737-4f91-ab85-0f6dcb1857ae\" href=\"https:\/\/www.rozaje.me\/wp-content\/uploads\/2025\/09\/DOO-Dendro-group.pdf\">DOO Dendro group<\/a><\/div>\n\n\n\n<div class=\"wp-block-file\"><a id=\"wp-block-file--media-b590576a-a121-417f-b350-80e503e71dca\" href=\"https:\/\/www.rozaje.me\/wp-content\/uploads\/2025\/09\/Muric-Irfan.pdf\">Muric Irfan<\/a><\/div>\n\n\n\n<div class=\"wp-block-file\"><a id=\"wp-block-file--media-dc49e3af-ffde-443a-b72d-2903482459c9\" href=\"https:\/\/www.rozaje.me\/wp-content\/uploads\/2025\/09\/Kalic-Orhan.pdf\">Kali\u0107 Orhan<\/a><\/div>\n\n\n\n<div class=\"wp-block-file\"><a id=\"wp-block-file--media-6787edca-a8f6-471a-9d8f-4d3a17ac47a2\" href=\"https:\/\/www.rozaje.me\/wp-content\/uploads\/2025\/09\/Hadzic-Mevludin.pdf\">Had\u017ei\u0107 Mevludin<\/a><\/div>\n\n\n\n<div class=\"wp-block-file\"><a id=\"wp-block-file--media-52fc3436-f10d-4d9f-9f44-03f63aebee03\" href=\"https:\/\/www.rozaje.me\/wp-content\/uploads\/2025\/09\/Opstina-Rozaje.pdf\">Municipality of Ro\u017eaje<\/a><\/div>\n\n\n\n<div class=\"wp-block-file\"><a id=\"wp-block-file--media-630f2f48-3eaf-4eba-ad51-efef51dc88af\" href=\"https:\/\/www.rozaje.me\/wp-content\/uploads\/2025\/10\/Dedeic-Amin.pdf\">Dedeic Amin<\/a><\/div>\n\n\n\n<div class=\"wp-block-file\"><a id=\"wp-block-file--media-640b7211-953b-45b1-b481-4054b59a7fe0\" href=\"https:\/\/www.rozaje.me\/wp-content\/uploads\/2025\/10\/DOO-AK-INVEST.pdf\">DOO AK INVEST<\/a><\/div>\n\n\n\n<div class=\"wp-block-file\"><a id=\"wp-block-file--media-250fa54f-30a4-4d50-9d35-0b728813a294\" href=\"https:\/\/www.rozaje.me\/wp-content\/uploads\/2025\/10\/Dedeic-Armin.pdf\">Dedeic Armin<\/a><\/div>\n\n\n\n<div class=\"wp-block-file\"><a id=\"wp-block-file--media-7d8cccc8-f165-412d-9a3d-623b85b3516a\" href=\"https:\/\/www.rozaje.me\/wp-content\/uploads\/2025\/10\/Crnogorsko-elektrodistributivni-sistem.pdf\">Crnogorsko elektrodistributivni sistem<\/a><\/div>\n\n\n\n<div class=\"wp-block-file\"><a id=\"wp-block-file--media-84389bf3-3686-4f02-ab96-75ae3ed385c6\" href=\"https:\/\/www.rozaje.me\/wp-content\/uploads\/2025\/10\/Opstina-Rozaje-2.pdf\">Municipality of Ro\u017eaje<\/a><\/div>\n\n\n\n<div class=\"wp-block-file\"><a id=\"wp-block-file--media-e08e7e42-5b2a-4d7f-9be4-190d05e66786\" href=\"https:\/\/www.rozaje.me\/wp-content\/uploads\/2025\/10\/Kalac-Sabahudin-1.pdf\">Kala\u010d Sabahudin<\/a><\/div>\n\n\n\n<div class=\"wp-block-file\"><a id=\"wp-block-file--media-13ea9545-6422-4153-a720-4f4f344650a0\" href=\"https:\/\/www.rozaje.me\/wp-content\/uploads\/2025\/10\/Luboder-Sabo.pdf\">Luboder \u0160abo<\/a><\/div>\n\n\n\n<div class=\"wp-block-file\"><a id=\"wp-block-file--media-450fccd6-46ec-4d86-b5c7-c778c40a7055\" href=\"https:\/\/www.rozaje.me\/wp-content\/uploads\/2025\/11\/DOO-Kvatro-RH.pdf\">DOO Kvatro RH<\/a><\/div>\n\n\n\n<div class=\"wp-block-file\"><a id=\"wp-block-file--media-89c23346-6da6-4010-9899-dd522137dacb\" href=\"https:\/\/www.rozaje.me\/wp-content\/uploads\/2025\/11\/Kurpejovic-Mehmed.pdf\">Kurpejovi\u0107 Mehmed<\/a><\/div>\n\n\n\n<div class=\"wp-block-file\"><a id=\"wp-block-file--media-a7835ded-dbab-4587-bc28-156dc8e43437\" href=\"https:\/\/www.rozaje.me\/wp-content\/uploads\/2025\/11\/Kurbardovic-Semir.pdf\">Semir Kurbardovi\u0107<\/a><\/div>\n\n\n\n<div class=\"wp-block-file\"><a id=\"wp-block-file--media-b8c5563d-a4c0-4728-aeb8-bc4830dae395\" href=\"https:\/\/www.rozaje.me\/wp-content\/uploads\/2025\/12\/Honsic-Mejrema.pdf\">Honsic Mejrema<\/a><\/div>\n\n\n\n<div class=\"wp-block-file\"><a id=\"wp-block-file--media-b7061149-a4b6-4494-b24e-5c90d6c1b0cd\" href=\"https:\/\/www.rozaje.me\/wp-content\/uploads\/2025\/12\/Isad-Dacic.pdf\">Isad Daci\u0107<\/a><\/div>\n\n\n\n<div class=\"wp-block-file\"><a id=\"wp-block-file--media-50e7468d-b6fe-4545-9931-ccdf730ad651\" href=\"https:\/\/www.rozaje.me\/wp-content\/uploads\/2025\/12\/Ernes-Muric-1.pdf\">Ernes Muri\u0107<\/a><\/div>\n\n\n\n<div class=\"wp-block-file\"><a id=\"wp-block-file--media-4cb0c23e-cd24-40a6-9336-630bd038ae0d\" href=\"https:\/\/www.rozaje.me\/wp-content\/uploads\/2026\/01\/Admir-Kardovic.pdf\">Admir Kardovic<\/a><\/div>\n\n\n\n<div class=\"wp-block-file\"><a id=\"wp-block-file--media-e0b92228-db86-4f1d-90e4-913b61f79a98\" href=\"https:\/\/www.rozaje.me\/wp-content\/uploads\/2026\/01\/DOO-TriCo5.pdf\">DOO TriCo5<\/a><\/div>","protected":false},"excerpt":{"rendered":"","protected":false},"author":11,"featured_media":0,"parent":0,"menu_order":0,"comment_status":"closed","ping_status":"closed","template":"","meta":{"_monsterinsights_skip_tracking":false,"_monsterinsights_sitenote_active":false,"_monsterinsights_sitenote_note":"","_monsterinsights_sitenote_category":0,"footnotes":""},"class_list":["post-32335","page","type-page","status-publish","hentry"],"yoast_head":"<!-- This site is optimized with the Yoast SEO plugin v27.2 - https:\/\/yoast.com\/product\/yoast-seo-wordpress\/ -->\n<title>Rje\u0161enja - Op\u0161tina Ro\u017eaje<\/title>\n<meta name=\"robots\" content=\"index, follow, max-snippet:-1, max-image-preview:large, max-video-preview:-1\" \/>\n<link rel=\"canonical\" href=\"https:\/\/www.rozaje.me\/en\/rjesenja-2\/\" \/>\n<meta property=\"og:locale\" content=\"en_GB\" \/>\n<meta property=\"og:type\" content=\"article\" \/>\n<meta property=\"og:title\" content=\"Rje\u0161enja - Op\u0161tina Ro\u017eaje\" \/>\n<meta property=\"og:url\" content=\"https:\/\/www.rozaje.me\/en\/rjesenja-2\/\" \/>\n<meta property=\"og:site_name\" content=\"Op\u0161tina Ro\u017eaje\" \/>\n<meta property=\"article:publisher\" content=\"https:\/\/www.facebook.com\/OpstinaRozajeOfficial\/\" \/>\n<meta property=\"article:modified_time\" content=\"2026-01-20T22:44:44+00:00\" \/>\n<meta name=\"twitter:card\" content=\"summary_large_image\" \/>\n<meta name=\"twitter:label1\" content=\"Estimated reading time\" \/>\n\t<meta name=\"twitter:data1\" content=\"1 minute\" \/>\n<script type=\"application\/ld+json\" class=\"yoast-schema-graph\">{\"@context\":\"https:\/\/schema.org\",\"@graph\":[{\"@type\":\"WebPage\",\"@id\":\"https:\/\/www.rozaje.me\/rjesenja-2\/\",\"url\":\"https:\/\/www.rozaje.me\/rjesenja-2\/\",\"name\":\"Rje\u0161enja - Op\u0161tina Ro\u017eaje\",\"isPartOf\":{\"@id\":\"https:\/\/www.rozaje.me\/#website\"},\"datePublished\":\"2025-04-14T10:33:59+00:00\",\"dateModified\":\"2026-01-20T22:44:44+00:00\",\"breadcrumb\":{\"@id\":\"https:\/\/www.rozaje.me\/rjesenja-2\/#breadcrumb\"},\"inLanguage\":\"en-GB\",\"potentialAction\":[{\"@type\":\"ReadAction\",\"target\":[\"https:\/\/www.rozaje.me\/rjesenja-2\/\"]}]},{\"@type\":\"BreadcrumbList\",\"@id\":\"https:\/\/www.rozaje.me\/rjesenja-2\/#breadcrumb\",\"itemListElement\":[{\"@type\":\"ListItem\",\"position\":1,\"name\":\"Home\",\"item\":\"https:\/\/www.rozaje.me\/\"},{\"@type\":\"ListItem\",\"position\":2,\"name\":\"Rje\u0161enja\"}]},{\"@type\":\"WebSite\",\"@id\":\"https:\/\/www.rozaje.me\/#website\",\"url\":\"https:\/\/www.rozaje.me\/\",\"name\":\"Op\u0161tina Ro\u017eaje\",\"description\":\"Zvani\u010dna veb stranica Op\u0161tine Ro\u017eaje\",\"publisher\":{\"@id\":\"https:\/\/www.rozaje.me\/#organization\"},\"alternateName\":\"Opstina Rozaje\",\"potentialAction\":[{\"@type\":\"SearchAction\",\"target\":{\"@type\":\"EntryPoint\",\"urlTemplate\":\"https:\/\/www.rozaje.me\/?s={search_term_string}\"},\"query-input\":{\"@type\":\"PropertyValueSpecification\",\"valueRequired\":true,\"valueName\":\"search_term_string\"}}],\"inLanguage\":\"en-GB\"},{\"@type\":\"Organization\",\"@id\":\"https:\/\/www.rozaje.me\/#organization\",\"name\":\"Opstina Rozaje\",\"url\":\"https:\/\/www.rozaje.me\/\",\"logo\":{\"@type\":\"ImageObject\",\"inLanguage\":\"en-GB\",\"@id\":\"https:\/\/www.rozaje.me\/#\/schema\/logo\/image\/\",\"url\":\"https:\/\/www.rozaje.me\/wp-content\/uploads\/2022\/08\/logo-textless.svg\",\"contentUrl\":\"https:\/\/www.rozaje.me\/wp-content\/uploads\/2022\/08\/logo-textless.svg\",\"width\":108.00360000000000582076609134674072265625,\"height\":131.15059999999999718056642450392246246337890625,\"caption\":\"Opstina Rozaje\"},\"image\":{\"@id\":\"https:\/\/www.rozaje.me\/#\/schema\/logo\/image\/\"},\"sameAs\":[\"https:\/\/www.facebook.com\/OpstinaRozajeOfficial\/\",\"https:\/\/www.youtube.com\/channel\/UCepcislHIwc6KRZTLa6FIlg\"]}]}<\/script>\n<!-- \/ Yoast SEO plugin. -->","yoast_head_json":{"title":"Rje\u0161enja - Op\u0161tina Ro\u017eaje","robots":{"index":"index","follow":"follow","max-snippet":"max-snippet:-1","max-image-preview":"max-image-preview:large","max-video-preview":"max-video-preview:-1"},"canonical":"https:\/\/www.rozaje.me\/en\/rjesenja-2\/","og_locale":"en_GB","og_type":"article","og_title":"Rje\u0161enja - Op\u0161tina Ro\u017eaje","og_url":"https:\/\/www.rozaje.me\/en\/rjesenja-2\/","og_site_name":"Op\u0161tina Ro\u017eaje","article_publisher":"https:\/\/www.facebook.com\/OpstinaRozajeOfficial\/","article_modified_time":"2026-01-20T22:44:44+00:00","twitter_card":"summary_large_image","twitter_misc":{"Estimated reading time":"1 minute"},"schema":{"@context":"https:\/\/schema.org","@graph":[{"@type":"WebPage","@id":"https:\/\/www.rozaje.me\/rjesenja-2\/","url":"https:\/\/www.rozaje.me\/rjesenja-2\/","name":"Rje\u0161enja - Op\u0161tina Ro\u017eaje","isPartOf":{"@id":"https:\/\/www.rozaje.me\/#website"},"datePublished":"2025-04-14T10:33:59+00:00","dateModified":"2026-01-20T22:44:44+00:00","breadcrumb":{"@id":"https:\/\/www.rozaje.me\/rjesenja-2\/#breadcrumb"},"inLanguage":"en-GB","potentialAction":[{"@type":"ReadAction","target":["https:\/\/www.rozaje.me\/rjesenja-2\/"]}]},{"@type":"BreadcrumbList","@id":"https:\/\/www.rozaje.me\/rjesenja-2\/#breadcrumb","itemListElement":[{"@type":"ListItem","position":1,"name":"Home","item":"https:\/\/www.rozaje.me\/"},{"@type":"ListItem","position":2,"name":"Rje\u0161enja"}]},{"@type":"WebSite","@id":"https:\/\/www.rozaje.me\/#website","url":"https:\/\/www.rozaje.me\/","name":"Municipality of Ro\u017eaje","description":"The official website of the Municipality of Ro\u017eaje","publisher":{"@id":"https:\/\/www.rozaje.me\/#organization"},"alternateName":"Opstina Rozaje","potentialAction":[{"@type":"SearchAction","target":{"@type":"EntryPoint","urlTemplate":"https:\/\/www.rozaje.me\/?s={search_term_string}"},"query-input":{"@type":"PropertyValueSpecification","valueRequired":true,"valueName":"search_term_string"}}],"inLanguage":"en-GB"},{"@type":"Organization","@id":"https:\/\/www.rozaje.me\/#organization","name":"Opstina Rozaje","url":"https:\/\/www.rozaje.me\/","logo":{"@type":"ImageObject","inLanguage":"en-GB","@id":"https:\/\/www.rozaje.me\/#\/schema\/logo\/image\/","url":"https:\/\/www.rozaje.me\/wp-content\/uploads\/2022\/08\/logo-textless.svg","contentUrl":"https:\/\/www.rozaje.me\/wp-content\/uploads\/2022\/08\/logo-textless.svg","width":108.00360000000000582076609134674072265625,"height":131.15059999999999718056642450392246246337890625,"caption":"Opstina Rozaje"},"image":{"@id":"https:\/\/www.rozaje.me\/#\/schema\/logo\/image\/"},"sameAs":["https:\/\/www.facebook.com\/OpstinaRozajeOfficial\/","https:\/\/www.youtube.com\/channel\/UCepcislHIwc6KRZTLa6FIlg"]}]}},"_links":{"self":[{"href":"https:\/\/www.rozaje.me\/en\/wp-json\/wp\/v2\/pages\/32335","targetHints":{"allow":["GET"]}}],"collection":[{"href":"https:\/\/www.rozaje.me\/en\/wp-json\/wp\/v2\/pages"}],"about":[{"href":"https:\/\/www.rozaje.me\/en\/wp-json\/wp\/v2\/types\/page"}],"author":[{"embeddable":true,"href":"https:\/\/www.rozaje.me\/en\/wp-json\/wp\/v2\/users\/11"}],"replies":[{"embeddable":true,"href":"https:\/\/www.rozaje.me\/en\/wp-json\/wp\/v2\/comments?post=32335"}],"version-history":[{"count":15,"href":"https:\/\/www.rozaje.me\/en\/wp-json\/wp\/v2\/pages\/32335\/revisions"}],"predecessor-version":[{"id":33724,"href":"https:\/\/www.rozaje.me\/en\/wp-json\/wp\/v2\/pages\/32335\/revisions\/33724"}],"wp:attachment":[{"href":"https:\/\/www.rozaje.me\/en\/wp-json\/wp\/v2\/media?parent=32335"}],"curies":[{"name":"wp","href":"https:\/\/api.w.org\/{rel}","templated":true}]}}