{"id":32334,"date":"2025-04-14T11:33:59","date_gmt":"2025-04-14T10:33:59","guid":{"rendered":"https:\/\/www.rozaje.me\/?page_id=32334"},"modified":"2025-11-04T00:21:49","modified_gmt":"2025-11-03T23:21:49","slug":"zahtjevi-2025-2","status":"publish","type":"page","link":"https:\/\/www.rozaje.me\/en\/zahtjevi-2025-2\/","title":{"rendered":"Zahtjevi 2025"},"content":{"rendered":"<div class=\"wp-block-file\"><a id=\"wp-block-file--media-66d0b735-be74-425f-bcf5-7ef50543f0a2\" href=\"https:\/\/www.rozaje.me\/wp-content\/uploads\/2025\/10\/IROTAS-DOO-Rozaje-1.pdf\">IROTAS-DOO-Rozaje<\/a><\/div>\n\n\n\n<div class=\"wp-block-file\"><a id=\"wp-block-file--media-6a8cdbb1-e724-4553-b23a-86151d69ab1d\" href=\"https:\/\/www.rozaje.me\/wp-content\/uploads\/2025\/10\/Honsic-Mejrema-1.pdf\">Honsic-Mejrema<\/a><\/div>\n\n\n\n<div class=\"wp-block-file\"><a id=\"wp-block-file--media-81082a22-3eed-4638-b9cd-65ba3853aec4\" href=\"https:\/\/www.rozaje.me\/wp-content\/uploads\/2025\/10\/Opstina-Rozaje-1-1.pdf\">Opstina-Rozaje-1<\/a><\/div>\n\n\n\n<div class=\"wp-block-file\"><a id=\"wp-block-file--media-dea254f5-31af-4d5f-88f7-693ad1a30d32\" href=\"https:\/\/www.rozaje.me\/wp-content\/uploads\/2025\/10\/Admir-Kardovic-1.pdf\">Admir-Kardovic<\/a><\/div>\n\n\n\n<div class=\"wp-block-file\"><a id=\"wp-block-file--media-1fbad3c3-b045-47c2-b5b7-4c6b3e234a1c\" href=\"https:\/\/www.rozaje.me\/wp-content\/uploads\/2025\/10\/DOO-TriCo5-1.pdf\">DOO-TriCo5<\/a><\/div>\n\n\n\n<div class=\"wp-block-file\"><a id=\"wp-block-file--media-9d50c193-bd6a-4b09-9c0b-2b8236eb1e9e\" href=\"https:\/\/www.rozaje.me\/wp-content\/uploads\/2025\/10\/Dzemil-Huremovic-1.pdf\">Dzemil-Huremovic<\/a><\/div>\n\n\n\n<div class=\"wp-block-file\"><a id=\"wp-block-file--media-94a1d60c-8ef2-4d26-bf4c-b8bd60f13e44\" href=\"https:\/\/www.rozaje.me\/wp-content\/uploads\/2025\/10\/Dedeic-Amin-1.pdf\">Dedeic-Amin<\/a><\/div>\n\n\n\n<div class=\"wp-block-file\"><a id=\"wp-block-file--media-e8628232-e9dc-47a0-b747-4a9f9424d149\" href=\"https:\/\/www.rozaje.me\/wp-content\/uploads\/2025\/10\/Dedeic-Armin-1.pdf\">Dedeic-Armin<\/a><\/div>\n\n\n\n<div class=\"wp-block-file\"><a id=\"wp-block-file--media-624e59c0-f632-43ed-a421-e7b651ece6e3\" href=\"https:\/\/www.rozaje.me\/wp-content\/uploads\/2025\/10\/Sabo-Luboder.pdf\">Sabo-Luboder<\/a><\/div>\n\n\n\n<div class=\"wp-block-file\"><a id=\"wp-block-file--media-a3530f99-c98b-445d-b619-7b88124c8c86\" href=\"https:\/\/www.rozaje.me\/wp-content\/uploads\/2025\/10\/Semir-Kurbardovic.pdf\">Semir-Kurbardovic<\/a><\/div>\n\n\n\n<div class=\"wp-block-file\"><a id=\"wp-block-file--media-81350235-3a41-4b83-8c93-c69e0b6fd5a5\" href=\"https:\/\/www.rozaje.me\/wp-content\/uploads\/2025\/10\/Opstina-Rozaje1.pdf\">Opstina-Rozaje(1)<\/a><\/div>\n\n\n\n<div class=\"wp-block-file\"><a id=\"wp-block-file--media-43a843c1-62c3-461d-9f3f-4b7e0e842a3d\" href=\"https:\/\/www.rozaje.me\/wp-content\/uploads\/2025\/10\/Opstina-Rozaje2.pdf\">Opstina-Rozaje(2)<\/a><\/div>\n\n\n\n<div class=\"wp-block-file\"><a id=\"wp-block-file--media-a170f865-8aaf-4755-a137-e76e4f31ff1c\" href=\"https:\/\/www.rozaje.me\/wp-content\/uploads\/2025\/10\/Kalac-Sabahudin.pdf\">Kalac-Sabahudin<\/a><\/div>\n\n\n\n<div class=\"wp-block-file\"><a id=\"wp-block-file--media-726c7267-c00a-4e61-ae5b-fcfb3f1e5682\" href=\"https:\/\/www.rozaje.me\/wp-content\/uploads\/2025\/10\/Hadzic-Mevludin.pdf\">Hadzic-Mevludin<\/a><\/div>\n\n\n\n<div class=\"wp-block-file\"><a id=\"wp-block-file--media-5f7308ef-6528-46ef-9628-cb2d7cf73919\" href=\"https:\/\/www.rozaje.me\/wp-content\/uploads\/2025\/10\/Kalic-Orhan.pdf\">Kalic-Orhan<\/a><\/div>\n\n\n\n<div class=\"wp-block-file\"><a id=\"wp-block-file--media-891dff0f-8a26-4b78-a459-db0c49ce6cee\" href=\"https:\/\/www.rozaje.me\/wp-content\/uploads\/2025\/10\/Muric-Irfan.pdf\">Muric-Irfan<\/a><\/div>\n\n\n\n<div class=\"wp-block-file\"><a id=\"wp-block-file--media-89f2185b-251b-4ae5-88dd-33eac6325b90\" href=\"https:\/\/www.rozaje.me\/wp-content\/uploads\/2025\/10\/Kurpejovic-Mehmed.pdf\">Kurpejovic-Mehmed<\/a><\/div>\n\n\n\n<div class=\"wp-block-file\"><a id=\"wp-block-file--media-88a5eb0f-0773-4185-8330-f4857a1d22fc\" href=\"https:\/\/www.rozaje.me\/wp-content\/uploads\/2025\/10\/DOO-Dendro-Group.pdf\">DOO-Dendro-Group<\/a><\/div>\n\n\n\n<div class=\"wp-block-file\"><a id=\"wp-block-file--media-469ab4e0-24c6-47a2-8e35-0140e4e2ac59\" href=\"https:\/\/www.rozaje.me\/wp-content\/uploads\/2025\/10\/Isad-Dacic.pdf\">Isad-Dacic<\/a><\/div>\n\n\n\n<div class=\"wp-block-file\"><a id=\"wp-block-file--media-284455d4-ae35-4e2c-bcef-6e16bdf19b89\" href=\"https:\/\/www.rozaje.me\/wp-content\/uploads\/2025\/10\/CamScanner-18.06.2025.-09.33.pdf\">DOO &#8220;Crnogorski elektrodistributivni sistem&#8221; Podgorica<\/a><\/div>\n\n\n\n<div class=\"wp-block-file\"><a id=\"wp-block-file--media-331a9b11-40eb-4abb-9cdf-4eb4b4bf9e39\" href=\"https:\/\/www.rozaje.me\/wp-content\/uploads\/2025\/10\/Kalac-Elzeta.pdf\">Kalac-Elzeta<\/a><\/div>\n\n\n\n<div class=\"wp-block-file\"><a id=\"wp-block-file--media-9103f20c-36a8-44b9-aaa8-8ff46e55d027\" href=\"https:\/\/www.rozaje.me\/wp-content\/uploads\/2025\/10\/Sabaheta-Agovic.pdf\">Sabaheta-Agovic<\/a><\/div>\n\n\n\n<div class=\"wp-block-file\"><a id=\"wp-block-file--media-3863485f-7a90-492c-a03a-fe58ae8977ec\" href=\"https:\/\/www.rozaje.me\/wp-content\/uploads\/2025\/10\/Opstina-Rozaje3.pdf\">Opstina-Rozaje(3)<\/a><\/div>\n\n\n\n<div class=\"wp-block-file\"><a id=\"wp-block-file--media-8c239436-9430-42c0-8a7e-57a367591121\" href=\"https:\/\/www.rozaje.me\/wp-content\/uploads\/2025\/10\/PointM.pdf\">PointM<\/a><\/div>\n\n\n\n<div class=\"wp-block-file\"><a id=\"wp-block-file--media-33b420f7-622d-436a-a72e-73f7d429b464\" href=\"https:\/\/www.rozaje.me\/wp-content\/uploads\/2025\/10\/Impex-Montenegro.pdf\">Impex-Montenegro<\/a><\/div>\n\n\n\n<div class=\"wp-block-file\"><a id=\"wp-block-file--media-ce316cf7-3670-4293-88b6-b70ae8197779\" href=\"https:\/\/www.rozaje.me\/wp-content\/uploads\/2025\/10\/ACE-Scanner_2025_05_273.pdf\">Hot Fadil<\/a><\/div>\n\n\n\n<div class=\"wp-block-file\"><a id=\"wp-block-file--media-b8eecfdb-5a4f-472a-a50d-3efb88365e58\" href=\"https:\/\/www.rozaje.me\/wp-content\/uploads\/2025\/10\/Zejnel-Huremovic.pdf\">Zejnel-Huremovic<\/a><\/div>\n\n\n\n<div class=\"wp-block-file\"><a id=\"wp-block-file--media-3d19ff70-b781-4f56-8b2a-da017ff6ff0b\" href=\"https:\/\/www.rozaje.me\/wp-content\/uploads\/2025\/10\/Sekretarijat-za-planiranje-uredjenje-prostora-.pdf\">Sekretarijat-za-planiranje-uredjenje-prostora-<\/a><\/div>\n\n\n\n<div class=\"wp-block-file\"><a id=\"wp-block-file--media-2770cc21-0795-4e46-96af-86a5dd210ed3\" href=\"https:\/\/www.rozaje.me\/wp-content\/uploads\/2025\/10\/ilovepdf_merged.pdf\">Sekretarijat za planiranje i uredjenje prostora<\/a><\/div>\n\n\n\n<div class=\"wp-block-file\"><a id=\"wp-block-file--media-b5f5ae0e-33fc-4c10-8b67-e1a86661bd7a\" href=\"https:\/\/www.rozaje.me\/wp-content\/uploads\/2025\/10\/ilovepdf_merged1.pdf\">Sekretarijat za planiranje i uredjenje prostora<\/a><\/div>\n\n\n\n<div class=\"wp-block-file\"><a id=\"wp-block-file--media-e00b7196-6dab-4964-b4e9-fd04eee61b05\" href=\"https:\/\/www.rozaje.me\/wp-content\/uploads\/2025\/10\/ACE-Scanner_2025_05_131.pdf\">\u0160utkovi\u0107 Juso<\/a><\/div>\n\n\n\n<div class=\"wp-block-file\"><a id=\"wp-block-file--media-37625cd8-5f36-42a1-ac93-e7ba31f8c930\" href=\"https:\/\/www.rozaje.me\/wp-content\/uploads\/2025\/10\/Ervin-Zekic.pdf\">Ervin-Zekic<\/a><\/div>\n\n\n\n<div class=\"wp-block-file\"><a id=\"wp-block-file--media-c1104661-d113-47cc-9fa4-b7662a8de838\" href=\"https:\/\/www.rozaje.me\/wp-content\/uploads\/2025\/10\/ACE-Scanner_2025_04_221.pdf\">Kala\u010d \u0160eko<\/a><\/div>\n\n\n\n<div class=\"wp-block-file\"><a id=\"wp-block-file--media-b1655452-f12c-41ba-80ca-04e42c1a67d6\" href=\"https:\/\/www.rozaje.me\/wp-content\/uploads\/2025\/10\/ACE-Scanner_2025_04_22.pdf\">AK Invest DOO<\/a><\/div>\n\n\n\n<div class=\"wp-block-file\"><a id=\"wp-block-file--media-c1bd1b8c-6226-418f-9cf8-5a8209c5ead7\" href=\"https:\/\/www.rozaje.me\/wp-content\/uploads\/2025\/10\/Kalac-Nail.pdf\">Kalac-Naila<\/a><\/div>\n\n\n\n<div class=\"wp-block-file\"><a id=\"wp-block-file--media-3554b310-0756-4e57-b5f6-a3f2a4573f4a\" href=\"https:\/\/www.rozaje.me\/wp-content\/uploads\/2025\/10\/Sutkovic-Mersad.pdf\">Sutkovic-Mersad<\/a><\/div>\n\n\n\n<div class=\"wp-block-file\"><a id=\"wp-block-file--media-45f5b6c7-ff81-40fa-b9c4-52e1983328c5\" href=\"https:\/\/www.rozaje.me\/wp-content\/uploads\/2025\/10\/Camic-Smajo.pdf\">Camic-Smajo<\/a><\/div>\n\n\n\n<div class=\"wp-block-file\"><a id=\"wp-block-file--media-f9d7a975-698b-435a-8fb4-96ef0d1302e2\" href=\"https:\/\/www.rozaje.me\/wp-content\/uploads\/2025\/10\/ACE-Scanner_2025_04_141.pdf\">Mersudin Zejnelagi\u0107<\/a><\/div>\n\n\n\n<div class=\"wp-block-file\"><a id=\"wp-block-file--media-b9049934-0521-4c51-991e-02144a62928d\" href=\"https:\/\/www.rozaje.me\/wp-content\/uploads\/2025\/11\/Muric-Ernes.pdf\">Muri\u0107 Ernes<\/a><\/div>\n\n\n\n<div class=\"wp-block-file\"><a id=\"wp-block-file--media-10598190-1836-4595-ad30-9358335b0860\" href=\"https:\/\/www.rozaje.me\/wp-content\/uploads\/2025\/11\/AK-Invest.pdf\">AK Invest<\/a><\/div>","protected":false},"excerpt":{"rendered":"","protected":false},"author":11,"featured_media":0,"parent":0,"menu_order":0,"comment_status":"closed","ping_status":"closed","template":"","meta":{"_monsterinsights_skip_tracking":false,"_monsterinsights_sitenote_active":false,"_monsterinsights_sitenote_note":"","_monsterinsights_sitenote_category":0,"footnotes":""},"class_list":["post-32334","page","type-page","status-publish","hentry"],"yoast_head":"<!-- This site is optimized with the Yoast SEO plugin v27.2 - https:\/\/yoast.com\/product\/yoast-seo-wordpress\/ -->\n<title>Zahtjevi 2025 - Op\u0161tina Ro\u017eaje<\/title>\n<meta name=\"robots\" content=\"index, follow, max-snippet:-1, max-image-preview:large, max-video-preview:-1\" \/>\n<link rel=\"canonical\" href=\"https:\/\/www.rozaje.me\/en\/zahtjevi-2025-2\/\" \/>\n<meta property=\"og:locale\" content=\"en_GB\" \/>\n<meta property=\"og:type\" content=\"article\" \/>\n<meta property=\"og:title\" content=\"Zahtjevi 2025 - Op\u0161tina Ro\u017eaje\" \/>\n<meta property=\"og:url\" content=\"https:\/\/www.rozaje.me\/en\/zahtjevi-2025-2\/\" \/>\n<meta property=\"og:site_name\" content=\"Op\u0161tina Ro\u017eaje\" \/>\n<meta property=\"article:publisher\" content=\"https:\/\/www.facebook.com\/OpstinaRozajeOfficial\/\" \/>\n<meta property=\"article:modified_time\" content=\"2025-11-03T23:21:49+00:00\" \/>\n<meta name=\"twitter:card\" content=\"summary_large_image\" \/>\n<meta name=\"twitter:label1\" content=\"Estimated reading time\" \/>\n\t<meta name=\"twitter:data1\" content=\"1 minute\" \/>\n<script type=\"application\/ld+json\" class=\"yoast-schema-graph\">{\"@context\":\"https:\/\/schema.org\",\"@graph\":[{\"@type\":\"WebPage\",\"@id\":\"https:\/\/www.rozaje.me\/zahtjevi-2025-2\/\",\"url\":\"https:\/\/www.rozaje.me\/zahtjevi-2025-2\/\",\"name\":\"Zahtjevi 2025 - Op\u0161tina Ro\u017eaje\",\"isPartOf\":{\"@id\":\"https:\/\/www.rozaje.me\/#website\"},\"datePublished\":\"2025-04-14T10:33:59+00:00\",\"dateModified\":\"2025-11-03T23:21:49+00:00\",\"breadcrumb\":{\"@id\":\"https:\/\/www.rozaje.me\/zahtjevi-2025-2\/#breadcrumb\"},\"inLanguage\":\"en-GB\",\"potentialAction\":[{\"@type\":\"ReadAction\",\"target\":[\"https:\/\/www.rozaje.me\/zahtjevi-2025-2\/\"]}]},{\"@type\":\"BreadcrumbList\",\"@id\":\"https:\/\/www.rozaje.me\/zahtjevi-2025-2\/#breadcrumb\",\"itemListElement\":[{\"@type\":\"ListItem\",\"position\":1,\"name\":\"Home\",\"item\":\"https:\/\/www.rozaje.me\/\"},{\"@type\":\"ListItem\",\"position\":2,\"name\":\"Zahtjevi 2025\"}]},{\"@type\":\"WebSite\",\"@id\":\"https:\/\/www.rozaje.me\/#website\",\"url\":\"https:\/\/www.rozaje.me\/\",\"name\":\"Op\u0161tina Ro\u017eaje\",\"description\":\"Zvani\u010dna veb stranica Op\u0161tine Ro\u017eaje\",\"publisher\":{\"@id\":\"https:\/\/www.rozaje.me\/#organization\"},\"alternateName\":\"Opstina Rozaje\",\"potentialAction\":[{\"@type\":\"SearchAction\",\"target\":{\"@type\":\"EntryPoint\",\"urlTemplate\":\"https:\/\/www.rozaje.me\/?s={search_term_string}\"},\"query-input\":{\"@type\":\"PropertyValueSpecification\",\"valueRequired\":true,\"valueName\":\"search_term_string\"}}],\"inLanguage\":\"en-GB\"},{\"@type\":\"Organization\",\"@id\":\"https:\/\/www.rozaje.me\/#organization\",\"name\":\"Opstina Rozaje\",\"url\":\"https:\/\/www.rozaje.me\/\",\"logo\":{\"@type\":\"ImageObject\",\"inLanguage\":\"en-GB\",\"@id\":\"https:\/\/www.rozaje.me\/#\/schema\/logo\/image\/\",\"url\":\"https:\/\/www.rozaje.me\/wp-content\/uploads\/2022\/08\/logo-textless.svg\",\"contentUrl\":\"https:\/\/www.rozaje.me\/wp-content\/uploads\/2022\/08\/logo-textless.svg\",\"width\":108.00360000000000582076609134674072265625,\"height\":131.15059999999999718056642450392246246337890625,\"caption\":\"Opstina Rozaje\"},\"image\":{\"@id\":\"https:\/\/www.rozaje.me\/#\/schema\/logo\/image\/\"},\"sameAs\":[\"https:\/\/www.facebook.com\/OpstinaRozajeOfficial\/\",\"https:\/\/www.youtube.com\/channel\/UCepcislHIwc6KRZTLa6FIlg\"]}]}<\/script>\n<!-- \/ Yoast SEO plugin. -->","yoast_head_json":{"title":"Zahtjevi 2025 - Op\u0161tina Ro\u017eaje","robots":{"index":"index","follow":"follow","max-snippet":"max-snippet:-1","max-image-preview":"max-image-preview:large","max-video-preview":"max-video-preview:-1"},"canonical":"https:\/\/www.rozaje.me\/en\/zahtjevi-2025-2\/","og_locale":"en_GB","og_type":"article","og_title":"Zahtjevi 2025 - Op\u0161tina Ro\u017eaje","og_url":"https:\/\/www.rozaje.me\/en\/zahtjevi-2025-2\/","og_site_name":"Op\u0161tina Ro\u017eaje","article_publisher":"https:\/\/www.facebook.com\/OpstinaRozajeOfficial\/","article_modified_time":"2025-11-03T23:21:49+00:00","twitter_card":"summary_large_image","twitter_misc":{"Estimated reading time":"1 minute"},"schema":{"@context":"https:\/\/schema.org","@graph":[{"@type":"WebPage","@id":"https:\/\/www.rozaje.me\/zahtjevi-2025-2\/","url":"https:\/\/www.rozaje.me\/zahtjevi-2025-2\/","name":"Zahtjevi 2025 - Op\u0161tina Ro\u017eaje","isPartOf":{"@id":"https:\/\/www.rozaje.me\/#website"},"datePublished":"2025-04-14T10:33:59+00:00","dateModified":"2025-11-03T23:21:49+00:00","breadcrumb":{"@id":"https:\/\/www.rozaje.me\/zahtjevi-2025-2\/#breadcrumb"},"inLanguage":"en-GB","potentialAction":[{"@type":"ReadAction","target":["https:\/\/www.rozaje.me\/zahtjevi-2025-2\/"]}]},{"@type":"BreadcrumbList","@id":"https:\/\/www.rozaje.me\/zahtjevi-2025-2\/#breadcrumb","itemListElement":[{"@type":"ListItem","position":1,"name":"Home","item":"https:\/\/www.rozaje.me\/"},{"@type":"ListItem","position":2,"name":"Zahtjevi 2025"}]},{"@type":"WebSite","@id":"https:\/\/www.rozaje.me\/#website","url":"https:\/\/www.rozaje.me\/","name":"Municipality of Ro\u017eaje","description":"The official website of the Municipality of Ro\u017eaje","publisher":{"@id":"https:\/\/www.rozaje.me\/#organization"},"alternateName":"Opstina Rozaje","potentialAction":[{"@type":"SearchAction","target":{"@type":"EntryPoint","urlTemplate":"https:\/\/www.rozaje.me\/?s={search_term_string}"},"query-input":{"@type":"PropertyValueSpecification","valueRequired":true,"valueName":"search_term_string"}}],"inLanguage":"en-GB"},{"@type":"Organization","@id":"https:\/\/www.rozaje.me\/#organization","name":"Opstina Rozaje","url":"https:\/\/www.rozaje.me\/","logo":{"@type":"ImageObject","inLanguage":"en-GB","@id":"https:\/\/www.rozaje.me\/#\/schema\/logo\/image\/","url":"https:\/\/www.rozaje.me\/wp-content\/uploads\/2022\/08\/logo-textless.svg","contentUrl":"https:\/\/www.rozaje.me\/wp-content\/uploads\/2022\/08\/logo-textless.svg","width":108.00360000000000582076609134674072265625,"height":131.15059999999999718056642450392246246337890625,"caption":"Opstina Rozaje"},"image":{"@id":"https:\/\/www.rozaje.me\/#\/schema\/logo\/image\/"},"sameAs":["https:\/\/www.facebook.com\/OpstinaRozajeOfficial\/","https:\/\/www.youtube.com\/channel\/UCepcislHIwc6KRZTLa6FIlg"]}]}},"_links":{"self":[{"href":"https:\/\/www.rozaje.me\/en\/wp-json\/wp\/v2\/pages\/32334","targetHints":{"allow":["GET"]}}],"collection":[{"href":"https:\/\/www.rozaje.me\/en\/wp-json\/wp\/v2\/pages"}],"about":[{"href":"https:\/\/www.rozaje.me\/en\/wp-json\/wp\/v2\/types\/page"}],"author":[{"embeddable":true,"href":"https:\/\/www.rozaje.me\/en\/wp-json\/wp\/v2\/users\/11"}],"replies":[{"embeddable":true,"href":"https:\/\/www.rozaje.me\/en\/wp-json\/wp\/v2\/comments?post=32334"}],"version-history":[{"count":17,"href":"https:\/\/www.rozaje.me\/en\/wp-json\/wp\/v2\/pages\/32334\/revisions"}],"predecessor-version":[{"id":33437,"href":"https:\/\/www.rozaje.me\/en\/wp-json\/wp\/v2\/pages\/32334\/revisions\/33437"}],"wp:attachment":[{"href":"https:\/\/www.rozaje.me\/en\/wp-json\/wp\/v2\/media?parent=32334"}],"curies":[{"name":"wp","href":"https:\/\/api.w.org\/{rel}","templated":true}]}}