{"id":32083,"date":"2025-02-13T15:33:13","date_gmt":"2025-02-13T14:33:13","guid":{"rendered":"https:\/\/www.rozaje.me\/?page_id=32083"},"modified":"2026-01-27T00:26:19","modified_gmt":"2026-01-26T23:26:19","slug":"rjesenja-2025","status":"publish","type":"page","link":"https:\/\/www.rozaje.me\/en\/rjesenja-2025\/","title":{"rendered":"Rje\u0161enja 2025"},"content":{"rendered":"<div class=\"wp-block-file\"><a id=\"wp-block-file--media-49c6e152-1ef3-4fbf-8c3b-b689a1661d31\" href=\"https:\/\/www.rozaje.me\/wp-content\/uploads\/2025\/02\/11-25-Redzic-Osman.pdf\">11-25 Redzi\u0107 Osman<\/a><\/div>\n\n\n\n<div class=\"wp-block-file\"><a id=\"wp-block-file--media-ee96e76e-541c-4546-80ce-fcfc4f50c336\" href=\"https:\/\/www.rozaje.me\/wp-content\/uploads\/2025\/02\/2-24-DOO-Organic-DA.pdf\">2-24 DOO Organic D&amp;A<\/a><\/div>\n\n\n\n<div class=\"wp-block-file\"><a id=\"wp-block-file--media-14657c00-924d-41a7-b31f-b7aa696f395f\" href=\"https:\/\/www.rozaje.me\/wp-content\/uploads\/2025\/02\/3-25-Lucevic-Amir.pdf\">3-25 Lucevi\u0107 Amir<\/a><\/div>\n\n\n\n<div class=\"wp-block-file\"><a id=\"wp-block-file--media-a69cfe1b-42f8-425c-86a0-2129ebdd146d\" href=\"https:\/\/www.rozaje.me\/wp-content\/uploads\/2025\/02\/16-25-Hadzovic-Adem.pdf\">16-25 Had\u017eovi\u0107 Adem<\/a><\/div>\n\n\n\n<div class=\"wp-block-file\"><a id=\"wp-block-file--media-252519e1-6a90-4416-a5c5-99074b262032\" href=\"https:\/\/www.rozaje.me\/wp-content\/uploads\/2025\/02\/51-25-Redzepagic-Fehim-1.pdf\">51-25 Redzepagi\u0107 Fehim<\/a><\/div>\n\n\n\n<div class=\"wp-block-file\"><a id=\"wp-block-file--media-04f94164-3416-417d-8868-0b9a27137526\" href=\"https:\/\/www.rozaje.me\/wp-content\/uploads\/2025\/03\/52-25-Elzeta-Kalac.pdf\">52-25 Elzeta Kala\u010d<\/a><\/div>\n\n\n\n<div class=\"wp-block-file\"><a id=\"wp-block-file--media-8ba166cc-0915-439b-a995-18c4c408f08e\" href=\"https:\/\/www.rozaje.me\/wp-content\/uploads\/2025\/03\/55-25-Knezevic-Vukasin.pdf\">55-25 Kne\u017eevi\u0107 Vuka\u0161in<\/a><\/div>\n\n\n\n<div class=\"wp-block-file\"><a id=\"wp-block-file--media-4e1c5578-597b-45fe-bf92-df9ee63df76d\" href=\"https:\/\/www.rozaje.me\/wp-content\/uploads\/2025\/03\/69-15-Dervisevic-Elvis.pdf\">69-15 Dervi\u0161evi\u0107 Elvis<\/a><\/div>\n\n\n\n<div class=\"wp-block-file\"><a id=\"wp-block-file--media-c1ba0f7f-fbc3-4d67-ba62-3a1f82ec7215\" href=\"https:\/\/www.rozaje.me\/wp-content\/uploads\/2025\/03\/70-25-Hadzic-Mevludin.pdf\">70-25 Had\u017ei\u0107 Mevludin<\/a><\/div>\n\n\n\n<div class=\"wp-block-file\"><a id=\"wp-block-file--media-03f7f5db-e5cf-4678-b2c2-8eac2512e3a5\" href=\"https:\/\/www.rozaje.me\/wp-content\/uploads\/2025\/03\/77-25-Koljenovic-Safet-1.pdf\">77-25 Koljenovi\u0107 Safet<\/a><\/div>\n\n\n\n<div class=\"wp-block-file\"><a id=\"wp-block-file--media-35b6c2d5-bbd9-4cfc-bb97-9ed9085bfab4\" href=\"https:\/\/www.rozaje.me\/wp-content\/uploads\/2025\/04\/1-25-Gutic-Hatema.pdf\">1-25 Guti\u0107 Hatema<\/a><\/div>\n\n\n\n<div class=\"wp-block-file\"><a id=\"wp-block-file--media-3d350600-7d89-4063-9e0d-ea5f6fd9a522\" href=\"https:\/\/www.rozaje.me\/wp-content\/uploads\/2025\/04\/47-25-Basic-Zama-Sokolov.pdf\">47-25 Ba\u0161i\u0107 Zama Sokolov<\/a><\/div>\n\n\n\n<div class=\"wp-block-file\"><a id=\"wp-block-file--media-415fd894-f481-468f-90ed-76059fd054ad\" href=\"https:\/\/www.rozaje.me\/wp-content\/uploads\/2025\/04\/50-25-Kacamakovic-Anes.pdf\">50-25 Ka\u010damakovi\u0107 Anes<\/a><\/div>\n\n\n\n<div class=\"wp-block-file\"><a id=\"wp-block-file--media-527491e5-5455-4228-8975-17bc9ae876b0\" href=\"https:\/\/www.rozaje.me\/wp-content\/uploads\/2025\/04\/80-25-Radoncic-Jasmin.pdf\">80-25 Radon\u010di\u0107 Jasmin<\/a><\/div>\n\n\n\n<div class=\"wp-block-file\"><a id=\"wp-block-file--media-fe16e920-6cd0-4c38-a8cd-c34ffd16f154\" href=\"https:\/\/www.rozaje.me\/wp-content\/uploads\/2025\/04\/81-25-D.O.O.-POINT-M-Rozaje.pdf\">81-25 D.O.O. ,,POINT M,, Ro\u017eaje<\/a><\/div>\n\n\n\n<div class=\"wp-block-file\"><a id=\"wp-block-file--media-ee289a13-f5af-4aa6-a661-f8c4e2ca6978\" href=\"https:\/\/www.rozaje.me\/wp-content\/uploads\/2025\/04\/84-25-Preljvukaj-Haljilj-Ujka.pdf\">84-25 Preljvukaj Haljilj Ujka<\/a><\/div>\n\n\n\n<div class=\"wp-block-file\"><a id=\"wp-block-file--media-298a4598-af55-4d3a-a4b2-094151e06f89\" href=\"https:\/\/www.rozaje.me\/wp-content\/uploads\/2025\/04\/87-25-Dresevoc-Galip-Senad.pdf\">87-25 Dre\u0161evo\u0107 Galip Senad<\/a><\/div>\n\n\n\n<div class=\"wp-block-file\"><a id=\"wp-block-file--media-7aecfcf4-e8cf-44b1-bad0-718b6c405142\" href=\"https:\/\/www.rozaje.me\/wp-content\/uploads\/2025\/04\/90-25-Ibrahim-Amir-Cirikovic.pdf\">90-25 Ibrahim Amir \u0106irikovi\u0107<\/a><\/div>\n\n\n\n<div class=\"wp-block-file\"><a id=\"wp-block-file--media-2edfca02-ea28-4a4a-b9ac-bbc8cc344f71\" href=\"https:\/\/www.rozaje.me\/wp-content\/uploads\/2025\/04\/94-25-Zekic-Amir-Ervin.pdf\">94-25 Zeki\u0107 Amir Ervin<\/a><\/div>\n\n\n\n<div class=\"wp-block-file\"><a id=\"wp-block-file--media-b4f60946-04e8-47fe-98ad-e93218924a2b\" href=\"https:\/\/www.rozaje.me\/wp-content\/uploads\/2025\/04\/85-25-Basic-Sacir-Emir.pdf\">85-25 Ba\u0161i\u0107 \u0160a\u0107ir Emir<\/a><\/div>\n\n\n\n<div class=\"wp-block-file\"><a id=\"wp-block-file--media-998e8ae8-eea1-4a01-89f5-29bee456f175\" href=\"https:\/\/www.rozaje.me\/wp-content\/uploads\/2025\/04\/98-25-Vukaj-Zeqir-1.pdf\">98-25 Vukaj Zeqir<\/a><\/div>\n\n\n\n<div class=\"wp-block-file\"><a id=\"wp-block-file--media-47b8599c-1085-4e65-9561-1415e5c5b6e1\" href=\"https:\/\/www.rozaje.me\/wp-content\/uploads\/2025\/04\/99-25-Fadil-Hot-1.pdf\">99-25 Fadil Hot<\/a><\/div>\n\n\n\n<div class=\"wp-block-file\"><a id=\"wp-block-file--media-698f0383-11da-41e8-b2ed-0fc6a3acabaa\" href=\"https:\/\/www.rozaje.me\/wp-content\/uploads\/2025\/04\/130-25-Impex-Montenegro-Rozaje.pdf\">130-25 Impex Montenegro Ro\u017eaje<\/a><\/div>\n\n\n\n<div class=\"wp-block-file\"><a id=\"wp-block-file--media-fb8278e3-8e31-489d-bcac-25bfef4e807c\" href=\"https:\/\/www.rozaje.me\/wp-content\/uploads\/2025\/04\/137-25-Vucetovic-Saban-Afredita-1.pdf\">137-25 Vu\u010detovi\u0107 \u0160aban Afredita<\/a><\/div>\n\n\n\n<div class=\"wp-block-file\"><a id=\"wp-block-file--media-43937538-828c-4f45-8bd1-318c2ebabf81\" href=\"https:\/\/www.rozaje.me\/wp-content\/uploads\/2025\/04\/138-24-Juso-Sutkovic.pdf\">138-24 Juso \u0160utkovi\u0107<\/a><\/div>\n\n\n\n<div class=\"wp-block-file\"><a id=\"wp-block-file--media-b0ef9879-c2c5-4d19-9f5d-03b8e88342cb\" href=\"https:\/\/www.rozaje.me\/wp-content\/uploads\/2025\/04\/169-25-Becir-Avdi-Sadik-i-Fazlija-Cosaj.pdf\">169-25 Be\u0107ir, Avdi, Sadik i Fazlija \u0106osaj<\/a><\/div>\n\n\n\n<div class=\"wp-block-file\"><a id=\"wp-block-file--media-7768c242-8a64-4a9b-8a4c-86d8d9b8d608\" href=\"https:\/\/www.rozaje.me\/wp-content\/uploads\/2025\/04\/139-25-Kurbardovic-Semir.pdf\">139-25 Kurbardovi\u0107 Semir<\/a><\/div>\n\n\n\n<div class=\"wp-block-file\"><a id=\"wp-block-file--media-9280a4c5-c8e4-4325-867f-3302cd4b5938\" href=\"https:\/\/www.rozaje.me\/wp-content\/uploads\/2025\/04\/101-25-Cirikovic-Ruzdija-1.pdf\">101-25 Cirikovi\u0107 Ru\u017edija<\/a><\/div>\n\n\n\n<div class=\"wp-block-file\"><a id=\"wp-block-file--media-cc19d75a-c68e-4843-94bc-936e58a78d09\" href=\"https:\/\/www.rozaje.me\/wp-content\/uploads\/2025\/04\/140-25-Curanovic-Viktor.pdf\">140-25 Curanovi\u0107 Viktor<\/a><\/div>\n\n\n\n<div class=\"wp-block-file\"><a id=\"wp-block-file--media-d466bf0a-22e3-4f95-83aa-b07f69e47441\" href=\"https:\/\/www.rozaje.me\/wp-content\/uploads\/2025\/05\/151-25-Cekic-Cazo-Almir.pdf\">151-25 \u010ceki\u0107 \u0106azo Almir<\/a><\/div>\n\n\n\n<div class=\"wp-block-file\"><a id=\"wp-block-file--media-b078f444-6065-4a78-a99e-244d9961e790\" href=\"https:\/\/www.rozaje.me\/wp-content\/uploads\/2025\/05\/171-25-Hadzovic-Mirsada.pdf\">171-25 Had\u017eovi\u0107 Mirsada<\/a><\/div>\n\n\n\n<div class=\"wp-block-file\"><a id=\"wp-block-file--media-ddc7d15c-f480-4839-9707-cb3ca00c879e\" href=\"https:\/\/www.rozaje.me\/wp-content\/uploads\/2025\/05\/149-25-Neljkovic-Dzavid.pdf\">149-25 Neljkovi\u0107 D\u017eavid<\/a><\/div>\n\n\n\n<div class=\"wp-block-file\"><a id=\"wp-block-file--media-f814ac4e-601d-4b4d-bc07-0eb7434a0bf2\" href=\"https:\/\/www.rozaje.me\/wp-content\/uploads\/2025\/05\/174-25-Refik-Pirovic.pdf\">174-25 Refik Pirovi\u0107<\/a><\/div>\n\n\n\n<div class=\"wp-block-file\"><a id=\"wp-block-file--media-3c3a68c5-1cef-41cf-89fb-3640d77aacd2\" href=\"https:\/\/www.rozaje.me\/wp-content\/uploads\/2025\/05\/176-25-Pervetica-Mejra.pdf\">176-25 Pervetica Mejra<\/a><\/div>\n\n\n\n<div class=\"wp-block-file\"><a id=\"wp-block-file--media-02a34cf7-ef2e-4553-8aca-eef1c5601b82\" href=\"https:\/\/www.rozaje.me\/wp-content\/uploads\/2025\/05\/195-25-Ervin-Canovic-1.pdf\">195-25 Ervin Canovi\u0107<\/a><\/div>\n\n\n\n<div class=\"wp-block-file\"><a id=\"wp-block-file--media-68fb09ea-eaf2-4546-b4b8-02f55eea63ea\" href=\"https:\/\/www.rozaje.me\/wp-content\/uploads\/2025\/05\/139-25-Semir-Kurbardovic-rjesenje-o-ispravci-greske.pdf\">139-25 Semir Kurbardovi\u0107 -rjesenje o ispravci gre\u0161ke<\/a><\/div>\n\n\n\n<div class=\"wp-block-file\"><a id=\"wp-block-file--media-073576da-2b05-4f10-85cc-fb0259dfff4c\" href=\"https:\/\/www.rozaje.me\/wp-content\/uploads\/2025\/05\/188-25-Pirovic-Adil-1.pdf\">188-25 Pirovi\u0107 Adil<\/a><\/div>\n\n\n\n<div class=\"wp-block-file\"><a id=\"wp-block-file--media-73d9019c-d6b3-4db2-bb89-00160044ac36\" href=\"https:\/\/www.rozaje.me\/wp-content\/uploads\/2025\/07\/197-25-Kalac-Sabahudin.pdf\">197-25 Kala\u010d Sabahudin<\/a><\/div>\n\n\n\n<div class=\"wp-block-file\"><a id=\"wp-block-file--media-dc136031-9391-46d8-868f-1c2063fa8ca7\" href=\"https:\/\/www.rozaje.me\/wp-content\/uploads\/2025\/07\/221-25-Music-Omer-Zijo.pdf\">221-25 Musi\u0107 Omer Zijo<\/a><\/div>\n\n\n\n<div class=\"wp-block-file\"><a id=\"wp-block-file--media-763d302e-d0d7-4d95-a083-e3167b06e988\" href=\"https:\/\/www.rozaje.me\/wp-content\/uploads\/2025\/07\/222-25-Ministrstvo-prosvjete-nauke-i-inovacija-Crne-Gore.pdf\">222-25 Ministrstvo prosvjete, nauke i inovacija Crne Gore<\/a><\/div>\n\n\n\n<div class=\"wp-block-file\"><a id=\"wp-block-file--media-92919852-423d-48a0-bc89-635d79e9f7ec\" href=\"https:\/\/www.rozaje.me\/wp-content\/uploads\/2025\/07\/226-25-Muric-Irfan.pdf\">226-25 Muri\u0107 Irfan<\/a><\/div>\n\n\n\n<div class=\"wp-block-file\"><a id=\"wp-block-file--media-dde36bb7-5b8f-41f9-97bc-d7809cb51325\" href=\"https:\/\/www.rozaje.me\/wp-content\/uploads\/2025\/07\/187-25-Feratovic-Sadrija-Rasim.pdf\">187-25 Feratovi\u0107 Sadrija Rasim<\/a><\/div>\n\n\n\n<div class=\"wp-block-file\"><a id=\"wp-block-file--media-bf2db568-a769-4577-91c0-60c9834c3c0c\" href=\"https:\/\/www.rozaje.me\/wp-content\/uploads\/2025\/07\/227-25-Sabovic-Cazim-Hafis.pdf\">227-25 \u0160abovi\u0107 \u0106azim Hafis<\/a><\/div>\n\n\n\n<div class=\"wp-block-file\"><a id=\"wp-block-file--media-045ed8a1-2c6b-4786-8324-0c225cf5e2c0\" href=\"https:\/\/www.rozaje.me\/wp-content\/uploads\/2025\/07\/224-25-Kalic-Orhan.pdf\">224-25 Kali\u0107 Orhan<\/a><\/div>\n\n\n\n<div class=\"wp-block-file\"><a id=\"wp-block-file--media-edc745b6-a2e2-4f0c-9820-94cfd36df101\" href=\"https:\/\/www.rozaje.me\/wp-content\/uploads\/2025\/08\/231-25-Jarovic-Bahtija-Sefket-Iso-i-Jazo-1.pdf\">231-25 Jarovi\u0107 Bahtija, \u0160efket, Iso i Jazo<\/a><\/div>\n\n\n\n<div class=\"wp-block-file\"><a id=\"wp-block-file--media-5fcc418b-9225-4687-a350-e6b2d6780fce\" href=\"https:\/\/www.rozaje.me\/wp-content\/uploads\/2025\/08\/240-25-Emini-Murat-Ervin.pdf\">240-25 Emini Murat Ervin<\/a><\/div>\n\n\n\n<div class=\"wp-block-file\"><a id=\"wp-block-file--media-0d7c9ebe-0085-459e-a709-aa1d45a9e0f7\" href=\"https:\/\/www.rozaje.me\/wp-content\/uploads\/2025\/08\/241-25-Huseinovic-Mithad-Elvedina.pdf\">241-25 Huseinovi\u0107 Mithad Elvedina<\/a><\/div>\n\n\n\n<div class=\"wp-block-file\"><a id=\"wp-block-file--media-aab3dac1-7262-48b0-9eab-403f8371af05\" href=\"https:\/\/www.rozaje.me\/wp-content\/uploads\/2025\/08\/242-25-Djombalaj-Halil-Zecir.pdf\">242-25 Djombalaj Halil Ze\u0107ir<\/a><\/div>\n\n\n\n<div class=\"wp-block-file\"><a id=\"wp-block-file--media-6a6a187a-b2e9-4de3-9a47-f5bc66f9a24a\" href=\"https:\/\/www.rozaje.me\/wp-content\/uploads\/2025\/08\/245-25-Kardovic-Adnan-Admir.pdf\">245-25 Kardovi\u0107 Adnan Admir<\/a><\/div>\n\n\n\n<div class=\"wp-block-file\"><a id=\"wp-block-file--media-6acdec4a-48af-4d86-a677-5257055553d9\" href=\"https:\/\/www.rozaje.me\/wp-content\/uploads\/2025\/08\/243-25-Vukelj-Armen_2.pdf\">243-25 Vukelj Armen_2<\/a><\/div>\n\n\n\n<div class=\"wp-block-file\"><a id=\"wp-block-file--media-11aed3b2-b14b-4465-9269-8cc79daf1a7c\" href=\"https:\/\/www.rozaje.me\/wp-content\/uploads\/2025\/08\/248-25-Luboder-Sabo-1.pdf\">248-25 Luboder \u0160abo<\/a><\/div>\n\n\n\n<div class=\"wp-block-file\"><a id=\"wp-block-file--media-6e41cb5c-b801-44de-9f2c-f0dff5aac4e1\" href=\"https:\/\/www.rozaje.me\/wp-content\/uploads\/2025\/08\/255-25-Pacarada-DOO.pdf\">255-25 Pacarada DOO<\/a><\/div>\n\n\n\n<div class=\"wp-block-file\"><a id=\"wp-block-file--media-0d94e400-7edd-45f9-94e8-367c397eb97b\" href=\"https:\/\/www.rozaje.me\/wp-content\/uploads\/2025\/09\/141-25-Novalic-Semso-Bekim-rjesenje-o-ispravci-greske.pdf\">141-25 Novali\u0107 \u0160emso Bekim rjesenje o ispravci greske<\/a><\/div>\n\n\n\n<div class=\"wp-block-file\"><a id=\"wp-block-file--media-d4542835-b6dc-48b5-af11-79687cca2645\" href=\"https:\/\/www.rozaje.me\/wp-content\/uploads\/2025\/09\/238-25-Dedeic-Armin.pdf\">238-25 Dedei\u0107 Armin<\/a><\/div>\n\n\n\n<div class=\"wp-block-file\"><a id=\"wp-block-file--media-2438bdd6-29ec-47b8-af78-bd5fda502656\" href=\"https:\/\/www.rozaje.me\/wp-content\/uploads\/2025\/09\/239-25-DJesevic-Omer-Semso-1.pdf\">239-25 \u0110e\u0161evi\u0107 Omer \u0160emso<\/a><\/div>\n\n\n\n<div class=\"wp-block-file\"><a id=\"wp-block-file--media-716f8c87-917a-4cc6-b9a1-b234e5e55d8c\" href=\"https:\/\/www.rozaje.me\/wp-content\/uploads\/2025\/09\/257-25-Bektesevic-Mujo-Nafija-1.pdf\">257-25 Bekte\u0161evi\u0107 Mujo Nafija<\/a><\/div>\n\n\n\n<div class=\"wp-block-file\"><a id=\"wp-block-file--media-a7f5a01f-d212-4983-ba51-f3ecdde7aa71\" href=\"https:\/\/www.rozaje.me\/wp-content\/uploads\/2025\/09\/260-25-TRICO5-DOO.pdf\">260-25 TRICO5 DOO<\/a><\/div>\n\n\n\n<div class=\"wp-block-file\"><a id=\"wp-block-file--media-8e1fb5d9-76bd-4d81-9bfd-52dcab59b1a0\" href=\"https:\/\/www.rozaje.me\/wp-content\/uploads\/2025\/09\/263-25-Dedeic-Semsudin-Amin.pdf\">263-25 Dedei\u0107 \u0160emsudin Amin<\/a><\/div>\n\n\n\n<div class=\"wp-block-file\"><a id=\"wp-block-file--media-607fdd11-2c1d-46a2-93ef-2b233a0359a8\" href=\"https:\/\/www.rozaje.me\/wp-content\/uploads\/2025\/09\/296-25-Honsic-Mejrema.pdf\">296-25 Honsi\u0107 Mejrema<\/a><\/div>\n\n\n\n<div class=\"wp-block-file\"><a id=\"wp-block-file--media-1b3448cd-2802-456b-b871-6ed786ea3631\" href=\"https:\/\/www.rozaje.me\/wp-content\/uploads\/2025\/09\/305-25-Huremovic-Ernes-Dzemil.pdf\">305-25 Huremovi\u0107 Ernes D\u017eemil<\/a><\/div>\n\n\n\n<div class=\"wp-block-file\"><a id=\"wp-block-file--media-f401d160-cc9c-44a1-b725-616c3456bc99\" href=\"https:\/\/www.rozaje.me\/wp-content\/uploads\/2025\/09\/326-25-Cekic-Sabahudin-Sadeta.pdf\">326-25 \u010ceki\u0107 Sabahudin Sadeta<\/a><\/div>\n\n\n\n<div class=\"wp-block-file\"><a id=\"wp-block-file--media-0ffa387b-94fb-416f-98ed-7f1ca9138543\" href=\"https:\/\/www.rozaje.me\/wp-content\/uploads\/2025\/09\/306-25-Cekic-Azem-Rusto.pdf\">306-25 \u010ceki\u0107 Azem Rusto<\/a><\/div>\n\n\n\n<div class=\"wp-block-file\"><a id=\"wp-block-file--media-98f4814a-16d7-4030-9e69-e314b6231f74\" href=\"https:\/\/www.rozaje.me\/wp-content\/uploads\/2025\/09\/320-25-Curanovic-Viktor.pdf\">320-25 Curanovi\u0107 Viktor<\/a><\/div>\n\n\n\n<div class=\"wp-block-file\"><a id=\"wp-block-file--media-b09d7fd1-0557-43fd-b136-f6cdba565ccb\" href=\"https:\/\/www.rozaje.me\/wp-content\/uploads\/2025\/12\/352-25-Zekic-Amir-Ervin.pdf\">352-25 Zeki\u0107 Amir Ervin<\/a><\/div>\n\n\n\n<div class=\"wp-block-file\"><a id=\"wp-block-file--media-247b80b9-1f25-4ca6-9d3e-ee0827f73888\" href=\"https:\/\/www.rozaje.me\/wp-content\/uploads\/2025\/12\/354-25-Gacevic-Ragip.pdf\">354-25 Ga\u010devi\u0107 Ragip<\/a><\/div>\n\n\n\n<div class=\"wp-block-file\"><a id=\"wp-block-file--media-69d7db09-a473-4b77-8554-4ac79215aa26\" href=\"https:\/\/www.rozaje.me\/wp-content\/uploads\/2025\/12\/362-25-Srdanovic-Suad.pdf\">362-25 Srdanovi\u0107 Suad<\/a><\/div>\n\n\n\n<div class=\"wp-block-file\"><a id=\"wp-block-file--media-19d999e4-14c5-4f8e-bbec-f1a26bbe4341\" href=\"https:\/\/www.rozaje.me\/wp-content\/uploads\/2025\/12\/365-25-Deljanin-Sulejman-Sadmir.pdf\">365-25 Deljanin Sulejman Sadmir<\/a><\/div>\n\n\n\n<div class=\"wp-block-file\"><a id=\"wp-block-file--media-b7559de9-232b-40e3-81be-be8cbe95d748\" href=\"https:\/\/www.rozaje.me\/wp-content\/uploads\/2025\/12\/383-25-Selimovic-Dzevat.pdf\">383-25 Selimovi\u0107 D\u017eevat<\/a><\/div>\n\n\n\n<div class=\"wp-block-file\"><a id=\"wp-block-file--media-ef3f2ba5-0bdd-4bd3-977e-fded9fb90b14\" href=\"https:\/\/www.rozaje.me\/wp-content\/uploads\/2025\/12\/384-25-Savic-Borislav-Goran.pdf\">384-25 Savi\u0107 Borislav Goran<\/a><\/div>\n\n\n\n<div class=\"wp-block-file\"><a id=\"wp-block-file--media-49e23291-c612-4892-8333-2147387b168f\" href=\"https:\/\/www.rozaje.me\/wp-content\/uploads\/2025\/12\/393-25-Omeragic-Ervin.pdf\">393 -25 Omeragi\u0107 Ervin<\/a><\/div>\n\n\n\n<div class=\"wp-block-file\"><a id=\"wp-block-file--media-c19665b4-0f88-4555-8324-1c8af1f625ea\" href=\"https:\/\/www.rozaje.me\/wp-content\/uploads\/2025\/12\/338-25-Kujevic-Dzevat-ispravla-greske.pdf\">338-25 Kujevi\u0107 D\u017eevat-ispravla greske<\/a><\/div>\n\n\n\n<div class=\"wp-block-file\"><a id=\"wp-block-file--media-2fd8d1c8-f6c1-47c5-a356-1c6dc8f98e0f\" href=\"https:\/\/www.rozaje.me\/wp-content\/uploads\/2025\/12\/390-25-Bosnjak-Avdulj-Mehmed.pdf\">390-25 Bo\u0161njak Avdulj Mehmed<\/a><\/div>\n\n\n\n<div class=\"wp-block-file\"><a id=\"wp-block-file--media-8bdc0eab-8626-4c68-b37d-93c4456c7fb4\" href=\"https:\/\/www.rozaje.me\/wp-content\/uploads\/2026\/01\/401-25-Irfan-Klica.pdf\">401-25 Irfan Klica<\/a><\/div>\n\n\n\n<div class=\"wp-block-file\"><a id=\"wp-block-file--media-cf7b57ca-ec23-43df-a936-1675034039de\" href=\"https:\/\/www.rozaje.me\/wp-content\/uploads\/2026\/01\/361-25-Deljanin-Sadmir.pdf\">361-25 Deljanin Sadmir<\/a><\/div>\n\n\n\n<div class=\"wp-block-file\"><a id=\"wp-block-file--media-53b2b721-80bd-4906-94f2-07386faeb6f3\" href=\"https:\/\/www.rozaje.me\/wp-content\/uploads\/2026\/01\/348-25-Mehmed-Spahic.pdf\">348-25 Mehmed Spahi\u0107<\/a><\/div>\n\n\n\n<div class=\"wp-block-file\"><a id=\"wp-block-file--media-5d83f591-a73d-4a2f-825c-679d07edea3f\" href=\"https:\/\/www.rozaje.me\/wp-content\/uploads\/2026\/01\/256-25-Catovic-Husnija-Ibrahim.pdf\">256-25 \u0106atovi\u0107 Husnija Ibrahim<\/a><\/div>\n\n\n\n<div class=\"wp-block-file\"><a id=\"wp-block-file--media-fe80f803-dbdf-4aa9-8182-f3902caf2ee9\" href=\"https:\/\/www.rozaje.me\/wp-content\/uploads\/2026\/01\/400-25-Emir-Matovic.pdf\">400-25 Emir Matovi\u0107<\/a><\/div>\n\n\n\n<div class=\"wp-block-file\"><a id=\"wp-block-file--media-4f1dc8f4-e9c5-4c04-89ae-c572400ddd10\" href=\"https:\/\/www.rozaje.me\/wp-content\/uploads\/2026\/01\/397-25-Siljkovic-Saban.pdf\">397-25 \u0160iljkovi\u0107 \u0160aban<\/a><\/div>\n\n\n\n<div class=\"wp-block-file\"><a id=\"wp-block-file--media-f3e30989-3545-4b83-9c76-aedca7058732\" href=\"https:\/\/www.rozaje.me\/wp-content\/uploads\/2026\/01\/394-25-Metjahic-Izet.pdf\">394 25 Metjahi\u0107 Izet<\/a><\/div>\n\n\n\n<div class=\"wp-block-file\"><a id=\"wp-block-file--media-13084519-628f-4db0-a706-e9fb71d667e3\" href=\"https:\/\/www.rozaje.me\/wp-content\/uploads\/2026\/01\/366-25-Purisic-Selim-Fikret.pdf\">366-25 Puri\u0161i\u0107 Selim Fikret<\/a><\/div>","protected":false},"excerpt":{"rendered":"","protected":false},"author":11,"featured_media":0,"parent":0,"menu_order":0,"comment_status":"closed","ping_status":"closed","template":"","meta":{"_monsterinsights_skip_tracking":false,"_monsterinsights_sitenote_active":false,"_monsterinsights_sitenote_note":"","_monsterinsights_sitenote_category":0,"footnotes":""},"class_list":["post-32083","page","type-page","status-publish","hentry"],"yoast_head":"<!-- This site is optimized with the Yoast SEO plugin v27.2 - https:\/\/yoast.com\/product\/yoast-seo-wordpress\/ -->\n<title>Rje\u0161enja 2025 - Op\u0161tina Ro\u017eaje<\/title>\n<meta name=\"robots\" content=\"index, follow, max-snippet:-1, max-image-preview:large, max-video-preview:-1\" \/>\n<link rel=\"canonical\" href=\"https:\/\/www.rozaje.me\/en\/rjesenja-2025\/\" \/>\n<meta property=\"og:locale\" content=\"en_GB\" \/>\n<meta property=\"og:type\" content=\"article\" \/>\n<meta property=\"og:title\" content=\"Rje\u0161enja 2025 - Op\u0161tina Ro\u017eaje\" \/>\n<meta property=\"og:url\" content=\"https:\/\/www.rozaje.me\/en\/rjesenja-2025\/\" \/>\n<meta property=\"og:site_name\" content=\"Op\u0161tina Ro\u017eaje\" \/>\n<meta property=\"article:publisher\" content=\"https:\/\/www.facebook.com\/OpstinaRozajeOfficial\/\" \/>\n<meta property=\"article:modified_time\" content=\"2026-01-26T23:26:19+00:00\" \/>\n<meta name=\"twitter:card\" content=\"summary_large_image\" \/>\n<meta name=\"twitter:label1\" content=\"Estimated reading time\" \/>\n\t<meta name=\"twitter:data1\" content=\"2 minutes\" \/>\n<script type=\"application\/ld+json\" class=\"yoast-schema-graph\">{\"@context\":\"https:\/\/schema.org\",\"@graph\":[{\"@type\":\"WebPage\",\"@id\":\"https:\/\/www.rozaje.me\/rjesenja-2025\/\",\"url\":\"https:\/\/www.rozaje.me\/rjesenja-2025\/\",\"name\":\"Rje\u0161enja 2025 - Op\u0161tina Ro\u017eaje\",\"isPartOf\":{\"@id\":\"https:\/\/www.rozaje.me\/#website\"},\"datePublished\":\"2025-02-13T14:33:13+00:00\",\"dateModified\":\"2026-01-26T23:26:19+00:00\",\"breadcrumb\":{\"@id\":\"https:\/\/www.rozaje.me\/rjesenja-2025\/#breadcrumb\"},\"inLanguage\":\"en-GB\",\"potentialAction\":[{\"@type\":\"ReadAction\",\"target\":[\"https:\/\/www.rozaje.me\/rjesenja-2025\/\"]}]},{\"@type\":\"BreadcrumbList\",\"@id\":\"https:\/\/www.rozaje.me\/rjesenja-2025\/#breadcrumb\",\"itemListElement\":[{\"@type\":\"ListItem\",\"position\":1,\"name\":\"Home\",\"item\":\"https:\/\/www.rozaje.me\/\"},{\"@type\":\"ListItem\",\"position\":2,\"name\":\"Rje\u0161enja 2025\"}]},{\"@type\":\"WebSite\",\"@id\":\"https:\/\/www.rozaje.me\/#website\",\"url\":\"https:\/\/www.rozaje.me\/\",\"name\":\"Op\u0161tina Ro\u017eaje\",\"description\":\"Zvani\u010dna veb stranica Op\u0161tine Ro\u017eaje\",\"publisher\":{\"@id\":\"https:\/\/www.rozaje.me\/#organization\"},\"alternateName\":\"Opstina Rozaje\",\"potentialAction\":[{\"@type\":\"SearchAction\",\"target\":{\"@type\":\"EntryPoint\",\"urlTemplate\":\"https:\/\/www.rozaje.me\/?s={search_term_string}\"},\"query-input\":{\"@type\":\"PropertyValueSpecification\",\"valueRequired\":true,\"valueName\":\"search_term_string\"}}],\"inLanguage\":\"en-GB\"},{\"@type\":\"Organization\",\"@id\":\"https:\/\/www.rozaje.me\/#organization\",\"name\":\"Opstina Rozaje\",\"url\":\"https:\/\/www.rozaje.me\/\",\"logo\":{\"@type\":\"ImageObject\",\"inLanguage\":\"en-GB\",\"@id\":\"https:\/\/www.rozaje.me\/#\/schema\/logo\/image\/\",\"url\":\"https:\/\/www.rozaje.me\/wp-content\/uploads\/2022\/08\/logo-textless.svg\",\"contentUrl\":\"https:\/\/www.rozaje.me\/wp-content\/uploads\/2022\/08\/logo-textless.svg\",\"width\":108.00360000000000582076609134674072265625,\"height\":131.15059999999999718056642450392246246337890625,\"caption\":\"Opstina Rozaje\"},\"image\":{\"@id\":\"https:\/\/www.rozaje.me\/#\/schema\/logo\/image\/\"},\"sameAs\":[\"https:\/\/www.facebook.com\/OpstinaRozajeOfficial\/\",\"https:\/\/www.youtube.com\/channel\/UCepcislHIwc6KRZTLa6FIlg\"]}]}<\/script>\n<!-- \/ Yoast SEO plugin. -->","yoast_head_json":{"title":"Rje\u0161enja 2025 - Op\u0161tina Ro\u017eaje","robots":{"index":"index","follow":"follow","max-snippet":"max-snippet:-1","max-image-preview":"max-image-preview:large","max-video-preview":"max-video-preview:-1"},"canonical":"https:\/\/www.rozaje.me\/en\/rjesenja-2025\/","og_locale":"en_GB","og_type":"article","og_title":"Rje\u0161enja 2025 - Op\u0161tina Ro\u017eaje","og_url":"https:\/\/www.rozaje.me\/en\/rjesenja-2025\/","og_site_name":"Op\u0161tina Ro\u017eaje","article_publisher":"https:\/\/www.facebook.com\/OpstinaRozajeOfficial\/","article_modified_time":"2026-01-26T23:26:19+00:00","twitter_card":"summary_large_image","twitter_misc":{"Estimated reading time":"2 minutes"},"schema":{"@context":"https:\/\/schema.org","@graph":[{"@type":"WebPage","@id":"https:\/\/www.rozaje.me\/rjesenja-2025\/","url":"https:\/\/www.rozaje.me\/rjesenja-2025\/","name":"Rje\u0161enja 2025 - Op\u0161tina Ro\u017eaje","isPartOf":{"@id":"https:\/\/www.rozaje.me\/#website"},"datePublished":"2025-02-13T14:33:13+00:00","dateModified":"2026-01-26T23:26:19+00:00","breadcrumb":{"@id":"https:\/\/www.rozaje.me\/rjesenja-2025\/#breadcrumb"},"inLanguage":"en-GB","potentialAction":[{"@type":"ReadAction","target":["https:\/\/www.rozaje.me\/rjesenja-2025\/"]}]},{"@type":"BreadcrumbList","@id":"https:\/\/www.rozaje.me\/rjesenja-2025\/#breadcrumb","itemListElement":[{"@type":"ListItem","position":1,"name":"Home","item":"https:\/\/www.rozaje.me\/"},{"@type":"ListItem","position":2,"name":"Rje\u0161enja 2025"}]},{"@type":"WebSite","@id":"https:\/\/www.rozaje.me\/#website","url":"https:\/\/www.rozaje.me\/","name":"Municipality of Ro\u017eaje","description":"The official website of the Municipality of Ro\u017eaje","publisher":{"@id":"https:\/\/www.rozaje.me\/#organization"},"alternateName":"Opstina Rozaje","potentialAction":[{"@type":"SearchAction","target":{"@type":"EntryPoint","urlTemplate":"https:\/\/www.rozaje.me\/?s={search_term_string}"},"query-input":{"@type":"PropertyValueSpecification","valueRequired":true,"valueName":"search_term_string"}}],"inLanguage":"en-GB"},{"@type":"Organization","@id":"https:\/\/www.rozaje.me\/#organization","name":"Opstina Rozaje","url":"https:\/\/www.rozaje.me\/","logo":{"@type":"ImageObject","inLanguage":"en-GB","@id":"https:\/\/www.rozaje.me\/#\/schema\/logo\/image\/","url":"https:\/\/www.rozaje.me\/wp-content\/uploads\/2022\/08\/logo-textless.svg","contentUrl":"https:\/\/www.rozaje.me\/wp-content\/uploads\/2022\/08\/logo-textless.svg","width":108.00360000000000582076609134674072265625,"height":131.15059999999999718056642450392246246337890625,"caption":"Opstina Rozaje"},"image":{"@id":"https:\/\/www.rozaje.me\/#\/schema\/logo\/image\/"},"sameAs":["https:\/\/www.facebook.com\/OpstinaRozajeOfficial\/","https:\/\/www.youtube.com\/channel\/UCepcislHIwc6KRZTLa6FIlg"]}]}},"_links":{"self":[{"href":"https:\/\/www.rozaje.me\/en\/wp-json\/wp\/v2\/pages\/32083","targetHints":{"allow":["GET"]}}],"collection":[{"href":"https:\/\/www.rozaje.me\/en\/wp-json\/wp\/v2\/pages"}],"about":[{"href":"https:\/\/www.rozaje.me\/en\/wp-json\/wp\/v2\/types\/page"}],"author":[{"embeddable":true,"href":"https:\/\/www.rozaje.me\/en\/wp-json\/wp\/v2\/users\/11"}],"replies":[{"embeddable":true,"href":"https:\/\/www.rozaje.me\/en\/wp-json\/wp\/v2\/comments?post=32083"}],"version-history":[{"count":5,"href":"https:\/\/www.rozaje.me\/en\/wp-json\/wp\/v2\/pages\/32083\/revisions"}],"predecessor-version":[{"id":33775,"href":"https:\/\/www.rozaje.me\/en\/wp-json\/wp\/v2\/pages\/32083\/revisions\/33775"}],"wp:attachment":[{"href":"https:\/\/www.rozaje.me\/en\/wp-json\/wp\/v2\/media?parent=32083"}],"curies":[{"name":"wp","href":"https:\/\/api.w.org\/{rel}","templated":true}]}}