{"id":31929,"date":"2025-01-21T13:06:24","date_gmt":"2025-01-21T12:06:24","guid":{"rendered":"https:\/\/www.rozaje.me\/?page_id=31929"},"modified":"2025-01-21T13:06:24","modified_gmt":"2025-01-21T12:06:24","slug":"rjesenje-xiv-2024","status":"publish","type":"page","link":"https:\/\/www.rozaje.me\/en\/rjesenje-xiv-2024\/","title":{"rendered":"Rje\u0161enje XIV &#8211; 2024."},"content":{"rendered":"<figure class=\"wp-block-table\"><table class=\"has-fixed-layout\"><tbody><tr><td><strong>1.&nbsp; Zahtjev nosioca projekta za odlu\u010divanje o potrebi procjene uticaja<\/strong><\/td><td>Fotonaponska elektrana na krovu objekta \u201eInterfood 35\u201c i instalacija novog rashladnog sistema u objektu, na katastarskoj parceli br. 1373 &nbsp;KO Ro\u017eaje &#8211; op\u0161tina Ro\u017eaje<\/td><\/tr><tr><td><strong>&nbsp;2. Evidencioni broj zahtjeva<\/strong><\/td><td>UPI 06-322\/24-451 od&nbsp; 05.09.2024.godine<\/td><\/tr><tr><td><strong>3.&nbsp; Broj dosijea<\/strong><\/td><td>24-14<\/td><\/tr><tr><td><strong>4.&nbsp; Podaci o podnosiocu zahtjeva:<\/strong>&nbsp; a.&nbsp;&nbsp; ime\/naziv preduze\u0107a,<br \/>b.&nbsp;&nbsp; adresa,<br \/>c.&nbsp;&nbsp; podaci o registraciji,<br \/>d.&nbsp; \u0161ifra djelatnosti,<br \/>e.&nbsp;&nbsp; JMBG,<br \/>f.&nbsp;&nbsp;&nbsp; kontakt osoba, &nbsp;&nbsp;&nbsp;&nbsp;&nbsp;<br \/>g.&nbsp;&nbsp; broj telefona i fax-a i e-mail adresa.<\/td><td>a.doo\u201cInterfood 35\u201c<br \/>b. Industrijska zona Zeleni, Ro\u017eaje e.PIB:02310104 f.Boris Bulatovi\u0107<br \/>g. 067\/112-121 email:borisbulatovi\u010d36@gmaill.com<\/td><\/tr><tr><td><strong>5.&nbsp; Podaci o prilozima uz zahtjev nosioca projekta:<\/strong><br \/>a.&nbsp;&nbsp; upitnik \u2013 Prilog 1 i 2&nbsp; Pravilnika o sadr\u017eaju dokumentacije koja se podnosi uz zahtjev za odlu\u010divanje o potrebi procjene uticaja,<br \/>b.&nbsp;&nbsp; mi\u0161ljenja i uslovi nadle\u017enih organa i organizacija,<br \/>c.&nbsp;&nbsp; druga dokumentacija.<\/td><td>a. Dostavljeno<br \/><br \/><\/td><\/tr><tr><td><strong>6.&nbsp; Odluka o potrebi procjene uticaja:<\/strong><br \/>a.&nbsp;&nbsp; naziv nadle\u017enog organa,<br \/>b.&nbsp;&nbsp; datum i broj.<\/td><td>a.Sekretarijat za planiranje i ure\u0111enje prostora Op\u0161tine Ro\u017eaje<br \/>b. Rje\u0161enje da &nbsp;nije potrebna izrada elaborata procjena uticaja na \u017eivotnu sredinu br. UPI 06-322\/24-451\/4&nbsp; od&nbsp; 16.09.2024.godine.<\/td><\/tr><tr><td><strong>7.&nbsp; Podaci o obavje\u0161tavanju javnosti o:<\/strong><br \/>a.&nbsp; dostavljanju odluke,<br \/>b.&nbsp; mjestu i vremenu dostupnosti informacija o projektu,<br \/>c.&nbsp;&nbsp; javnoj raspravi,<br \/>d.&nbsp; podacima i dokumentaciji o u\u010de\u0161\u0107u javnosti.<\/td><td>a. Obavje\u0161tenje br. UPI 06-322\/24- 451\/5&nbsp; od 17.09.2024.godine, o donijetom Rje\u0161enju&nbsp; kojim se utvr\u0111uje da nije potrebna izrada Elaborata procjene uticaja na \u017eivotnu sredinu, objavljeno u&nbsp;&nbsp;&nbsp;&nbsp;&nbsp;&nbsp;&nbsp;&nbsp;&nbsp;&nbsp;&nbsp; &nbsp;dnevnom&nbsp; listu \u201ePobjeda\u201c<strong>&nbsp;<\/strong>, radio televiziji Ro\u017eaje i &nbsp;na&nbsp; &nbsp;&nbsp;&nbsp;sajtu &nbsp;Op\u0161tine &nbsp;&nbsp;<a href=\"http:\/\/www.ro\u017eaje.me\">www.ro\u017eaje.me<\/a>&nbsp;, dana 18.09.2024. godine. &nbsp;&nbsp;&nbsp;&nbsp;&nbsp;&nbsp;&nbsp;&nbsp;&nbsp;&nbsp;&nbsp;&nbsp;&nbsp;&nbsp;&nbsp;&nbsp;&nbsp;&nbsp;&nbsp;&nbsp;&nbsp;&nbsp;&nbsp;&nbsp;&nbsp;&nbsp;&nbsp;&nbsp;&nbsp;&nbsp;&nbsp;Obavje\u0161tena MZ ,,Desna obala Ibra\u201c o donijetoj odluci, obavje\u0161tenjem &nbsp;&nbsp;&nbsp;&nbsp;&nbsp;&nbsp;&nbsp;&nbsp;&nbsp;&nbsp;&nbsp;&nbsp;&nbsp;&nbsp;&nbsp;&nbsp;&nbsp;&nbsp;&nbsp;&nbsp;&nbsp;&nbsp;&nbsp;&nbsp;&nbsp;&nbsp;&nbsp;&nbsp;&nbsp;&nbsp;&nbsp;&nbsp;&nbsp;&nbsp;&nbsp;&nbsp;&nbsp;&nbsp;&nbsp;&nbsp;&nbsp;&nbsp;&nbsp;&nbsp;&nbsp;br. UPI 06-322\/24-4517 od 17.09.2024. godine.<br \/><br \/>b. Obavje\u0161tenje br. UPI 06-322\/24-451\/1 od&nbsp; 06.09.2024. godine, &nbsp;o mjestu i vremenu&nbsp; uvida u dokumentaciju&nbsp; i dostavljanju &nbsp;primjedbi i mi\u0161ljenja,objavljeno u dnevnom&nbsp; listu \u201ePobjeda\u201c, radio televiziji Ro\u017eaje &nbsp;i na sajtu op\u0161tine <a href=\"http:\/\/www.rozaje.me\/en\/\">www.rozaje.me<\/a>, dana 07.09.2024. godine.&nbsp;<br \/>\u2013Obavje\u0161tena MZ \u201cDesna obala Ibra\u201c,obavje\u0161tenjem br. &nbsp;&nbsp;&nbsp;&nbsp;&nbsp;&nbsp;&nbsp;&nbsp;&nbsp;&nbsp;&nbsp;&nbsp;&nbsp;&nbsp;&nbsp;&nbsp;&nbsp;&nbsp;&nbsp;&nbsp;&nbsp;&nbsp;&nbsp;&nbsp;&nbsp;&nbsp;&nbsp;&nbsp;&nbsp;UPI 06-322\/24-451\/3&nbsp; od 06.09.2024.godine. Rok za uvid i dostavljanje primjedbi i mi\u0161ljenja od 07.09.2024. godine do 14.09.2024.godine. Uvid&nbsp; u dokumentaciju dostavljenu uz zahtjev- na sajtu Op\u0161tine Ro\u017eaje <a href=\"http:\/\/www.ro\u017eaje.me\">www.ro\u017eaje.me<\/a>&nbsp; i &nbsp;kancelarija br.11 zgrade Op\u0161tine Ro\u017eaje- ul\u201cM.Tita\u201cbr.1 Ro\u017eaje.<\/td><\/tr><tr><td><strong>8.&nbsp; Zahtjev(i) za preispitivanje odluke&nbsp;<\/strong><\/td><td>&nbsp;<\/td><\/tr><tr><td><strong>9.&nbsp; Odluka po zahtjevu(ima) za preispitivanje<\/strong><\/td><td>&nbsp;<\/td><\/tr><tr><td><strong>10. &nbsp; Podaci o dostavljanju odluke po zahtjevu(ima) za preispitivanje<\/strong><\/td><td>&nbsp;<\/td><\/tr><tr><td><strong>11. &nbsp; Zahtjev za odre\u0111ivanje obima i sadr\u017eaja elaborata procjene uticaja<\/strong><\/td><td>&nbsp;<\/td><\/tr><tr><td><strong>12.Podaci o prilozima uz zahtjev za odre\u0111ivanje obima i sadr\u017eaja elaborata procjene uticaja na \u017eivotnu sredinu&nbsp;<\/strong>(u daljem tekstu: elaborat procjene uticaja):<br \/>upitnik \u2013 Prilog 1 i 2 Pravilnika o sadr\u017eaju dokumentacije koja se podnosi uz zahtjev za odre\u0111ivanje obima i sadr\u017eaja elaborata o procjeni uticaja na \u017eivotnu sredinu,mi\u0161ljenja drugih nadle\u017enih organa i organizacija,druga dokumentacija.<\/td><td>&nbsp;<\/td><\/tr><tr><td><strong>13. Podaci o izvr\u0161enim konsultacijama i pribavljenim mi\u0161ljenjima<\/strong><\/td><td>&nbsp;<\/td><\/tr><tr><td><strong>14. Izvje\u0161taj Komisije za utvr\u0111ivanje obima i sadr\u017eaja elaborata procjene uticaja i ocjenu elaborata procjene uticaja&nbsp;<\/strong>(u daljem tekstu: Komisija za procjenu uticaja)<\/td><td>&nbsp;<\/td><\/tr><tr><td><strong>15. Podaci o obavje\u0161tavanju o odluci o obimu i sadr\u017eaju elaborata o procjeni uticaja<\/strong><\/td><td>&nbsp;<\/td><\/tr><tr><td><strong>16. Podaci o pribavljenim mi\u0161ljenjima na odluku o obimu&nbsp; i sadr\u017eaju elaborata o procjeni uticaja<\/strong><\/td><td>&nbsp;<\/td><\/tr><tr><td><strong>17. Kona\u010dna odluka o obimu&nbsp; i sadr\u017eaju elaborata o procjeni uticaja<\/strong><\/td><td>&nbsp;<\/td><\/tr><tr><td><strong>18. &nbsp;&nbsp;&nbsp;&nbsp;&nbsp; Podaci o obavje\u0161tavanju o kona\u010dnoj odluci o obimu i sadr\u017eaju elaborata o procjeni uticaja<\/strong><\/td><td>&nbsp;<\/td><\/tr><tr><td><strong>19. Zahtjev nosioca projekta za davanje saglasnosti na elaborat o procjeni uticaja<\/strong><\/td><td>&nbsp;<\/td><\/tr><tr><td><strong>20. Podaci o:<\/strong><br \/>a.&nbsp;&nbsp; elaboratu&nbsp; procjene uticaja,<br \/>b.&nbsp;&nbsp; prilozima uz zahtjev nosioca projekta za davanje saglasnosti na elaborat procjene uticaja<\/td><td><\/td><\/tr><tr><td><strong>21. Podaci o pravnom licu i ekspertima koji su izradili elaborat o procjeni uticaja<\/strong><\/td><td><\/td><\/tr><tr><td><strong>22. Podaci o obavje\u0161tavanju o prijemu elaborata procjene uticaja, o na\u010dinu, mjestu i vremenu vr\u0161enja javnog uvida, dostavljanja primjedbi i odr\u017eavanja javne rasprave<\/strong><\/td><td>&nbsp;<\/td><\/tr><tr><td><strong>23. Podaci o primjedbama i mi\u0161ljenjima i dostavljanju elaborata procjene uticaja Komisiji za procjenu uticaja<\/strong><\/td><td>&nbsp;<\/td><\/tr><tr><td><strong>24. Podaci o dostavljanju nosiocu projekta primjedbi, predloga i mi\u0161ljenja na elaborat o procjeni uticaja od strane Komisije za procjenu uticaja<\/strong><\/td><td>&nbsp;<\/td><\/tr><tr><td><strong>25. Podaci o prijemu korigovanog teksta elaborata o procjeni uticaja<\/strong><\/td><td>&nbsp;<\/td><\/tr><tr><td><strong>26. Izve\u0161taj Komisije za procjenu uticaja sa predlogom odluke<\/strong><\/td><td><\/td><\/tr><tr><td><strong>27. Odluka o davanju\/odbijanju saglasnosti na elaborat o procjeni uticaja<\/strong><\/td><td>.<\/td><\/tr><tr><td><strong>28. Podaci o dostavljanju\/objavljivanju odluke o davanju\/odbijanju saglasnosti na elaborat&nbsp; o procjeni uticaja<\/strong><\/td><td><\/td><\/tr><tr><td><strong>29. Zahtjev(i) za preispitivanje odluke<\/strong><\/td><td>&nbsp;<\/td><\/tr><tr><td><strong>30. Odluka po zahtjevu(ima) za preispitivanje<\/strong><\/td><td>&nbsp;<\/td><\/tr><tr><td><strong>31. Podaci o dostavljanju odluke po zahtjevu(ima) za preispitivanje<\/strong><\/td><td>&nbsp;<\/td><\/tr><tr><td><strong>32. &nbsp;&nbsp;&nbsp;&nbsp;&nbsp; Podaci o realizaciji mjera iz elaborata koju vr\u0161i nadle\u017eni organ<\/strong><br \/>a.&nbsp;&nbsp; datum i vrijeme kontrole,<br \/>b.&nbsp;&nbsp; u\u010desnici u vr\u0161enju kontrole,<br \/>c.&nbsp;&nbsp; na\u010din vr\u0161enja kontrole,<br \/>d.&nbsp; zapisnik\/izvje\u0161taj o nalazu.<\/td><td>&nbsp;<\/td><\/tr><tr><td><strong>33. Podaci o inspekcijskoj kontroli primjene mjera iz elaborata<\/strong><br \/>a.&nbsp;&nbsp; datum i vrijeme kontrole,<br \/>b.&nbsp;&nbsp; imena lica prisutnih tokom vr\u0161enja inspekcijske kontrole,<br \/>c.&nbsp;&nbsp; na\u010din vr\u0161enja inspekcijske kontrole,<br \/>d.&nbsp; zapisnik o izvr\u0161enoj inspekcijskoj kontroli, e.&nbsp;&nbsp; nalo\u017eene mjere,<br \/>f.&nbsp;&nbsp; izre\u010dene sankcije.<\/td><td>&nbsp;<\/td><\/tr><tr><td><strong>34. Podaci o odgovornom licu i njegov potpis<\/strong><\/td><td>&nbsp;Enisa Muri\u0107,dipl.pravnica-Samostalna savjetnica I za pravna pitanja za za\u0161titu \u017eivotne sredine<\/td><\/tr><\/tbody><\/table><\/figure>","protected":false},"excerpt":{"rendered":"<p>1.&nbsp; Zahtjev nosioca projekta za odlu\u010divanje o potrebi procjene uticaja Fotonaponska elektrana na krovu objekta \u201eInterfood 35\u201c i instalacija novog rashladnog sistema u objektu, na&#46;&#46;&#46;<\/p>","protected":false},"author":11,"featured_media":0,"parent":0,"menu_order":0,"comment_status":"closed","ping_status":"closed","template":"","meta":{"_monsterinsights_skip_tracking":false,"_monsterinsights_sitenote_active":false,"_monsterinsights_sitenote_note":"","_monsterinsights_sitenote_category":0,"footnotes":""},"class_list":["post-31929","page","type-page","status-publish","hentry"],"yoast_head":"<!-- This site is optimized with the Yoast SEO plugin v27.2 - https:\/\/yoast.com\/product\/yoast-seo-wordpress\/ -->\n<title>Rje\u0161enje XIV - 2024. - Op\u0161tina Ro\u017eaje<\/title>\n<meta name=\"robots\" content=\"index, follow, max-snippet:-1, max-image-preview:large, max-video-preview:-1\" \/>\n<link rel=\"canonical\" href=\"https:\/\/www.rozaje.me\/en\/rjesenje-xiv-2024\/\" \/>\n<meta property=\"og:locale\" content=\"en_GB\" \/>\n<meta property=\"og:type\" content=\"article\" \/>\n<meta property=\"og:title\" content=\"Rje\u0161enje XIV - 2024. - Op\u0161tina Ro\u017eaje\" \/>\n<meta property=\"og:description\" content=\"1.&nbsp; Zahtjev nosioca projekta za odlu\u010divanje o potrebi procjene uticaja Fotonaponska elektrana na krovu objekta \u201eInterfood 35\u201c i instalacija novog rashladnog sistema u objektu, na&#046;&#046;&#046;\" \/>\n<meta property=\"og:url\" content=\"https:\/\/www.rozaje.me\/en\/rjesenje-xiv-2024\/\" \/>\n<meta property=\"og:site_name\" content=\"Op\u0161tina Ro\u017eaje\" \/>\n<meta property=\"article:publisher\" content=\"https:\/\/www.facebook.com\/OpstinaRozajeOfficial\/\" \/>\n<meta name=\"twitter:card\" content=\"summary_large_image\" \/>\n<meta name=\"twitter:label1\" content=\"Estimated reading time\" \/>\n\t<meta name=\"twitter:data1\" content=\"5 minutes\" \/>\n<script type=\"application\/ld+json\" class=\"yoast-schema-graph\">{\"@context\":\"https:\/\/schema.org\",\"@graph\":[{\"@type\":\"WebPage\",\"@id\":\"https:\/\/www.rozaje.me\/rjesenje-xiv-2024\/\",\"url\":\"https:\/\/www.rozaje.me\/rjesenje-xiv-2024\/\",\"name\":\"Rje\u0161enje XIV - 2024. - Op\u0161tina Ro\u017eaje\",\"isPartOf\":{\"@id\":\"https:\/\/www.rozaje.me\/#website\"},\"datePublished\":\"2025-01-21T12:06:24+00:00\",\"breadcrumb\":{\"@id\":\"https:\/\/www.rozaje.me\/rjesenje-xiv-2024\/#breadcrumb\"},\"inLanguage\":\"en-GB\",\"potentialAction\":[{\"@type\":\"ReadAction\",\"target\":[\"https:\/\/www.rozaje.me\/rjesenje-xiv-2024\/\"]}]},{\"@type\":\"BreadcrumbList\",\"@id\":\"https:\/\/www.rozaje.me\/rjesenje-xiv-2024\/#breadcrumb\",\"itemListElement\":[{\"@type\":\"ListItem\",\"position\":1,\"name\":\"Home\",\"item\":\"https:\/\/www.rozaje.me\/\"},{\"@type\":\"ListItem\",\"position\":2,\"name\":\"Rje\u0161enje XIV &#8211; 2024.\"}]},{\"@type\":\"WebSite\",\"@id\":\"https:\/\/www.rozaje.me\/#website\",\"url\":\"https:\/\/www.rozaje.me\/\",\"name\":\"Op\u0161tina Ro\u017eaje\",\"description\":\"Zvani\u010dna veb stranica Op\u0161tine Ro\u017eaje\",\"publisher\":{\"@id\":\"https:\/\/www.rozaje.me\/#organization\"},\"alternateName\":\"Opstina Rozaje\",\"potentialAction\":[{\"@type\":\"SearchAction\",\"target\":{\"@type\":\"EntryPoint\",\"urlTemplate\":\"https:\/\/www.rozaje.me\/?s={search_term_string}\"},\"query-input\":{\"@type\":\"PropertyValueSpecification\",\"valueRequired\":true,\"valueName\":\"search_term_string\"}}],\"inLanguage\":\"en-GB\"},{\"@type\":\"Organization\",\"@id\":\"https:\/\/www.rozaje.me\/#organization\",\"name\":\"Opstina Rozaje\",\"url\":\"https:\/\/www.rozaje.me\/\",\"logo\":{\"@type\":\"ImageObject\",\"inLanguage\":\"en-GB\",\"@id\":\"https:\/\/www.rozaje.me\/#\/schema\/logo\/image\/\",\"url\":\"https:\/\/www.rozaje.me\/wp-content\/uploads\/2022\/08\/logo-textless.svg\",\"contentUrl\":\"https:\/\/www.rozaje.me\/wp-content\/uploads\/2022\/08\/logo-textless.svg\",\"width\":108.00360000000000582076609134674072265625,\"height\":131.15059999999999718056642450392246246337890625,\"caption\":\"Opstina Rozaje\"},\"image\":{\"@id\":\"https:\/\/www.rozaje.me\/#\/schema\/logo\/image\/\"},\"sameAs\":[\"https:\/\/www.facebook.com\/OpstinaRozajeOfficial\/\",\"https:\/\/www.youtube.com\/channel\/UCepcislHIwc6KRZTLa6FIlg\"]}]}<\/script>\n<!-- \/ Yoast SEO plugin. -->","yoast_head_json":{"title":"Rje\u0161enje XIV - 2024. - Op\u0161tina Ro\u017eaje","robots":{"index":"index","follow":"follow","max-snippet":"max-snippet:-1","max-image-preview":"max-image-preview:large","max-video-preview":"max-video-preview:-1"},"canonical":"https:\/\/www.rozaje.me\/en\/rjesenje-xiv-2024\/","og_locale":"en_GB","og_type":"article","og_title":"Rje\u0161enje XIV - 2024. - Op\u0161tina Ro\u017eaje","og_description":"1.&nbsp; Zahtjev nosioca projekta za odlu\u010divanje o potrebi procjene uticaja Fotonaponska elektrana na krovu objekta \u201eInterfood 35\u201c i instalacija novog rashladnog sistema u objektu, na&#46;&#46;&#46;","og_url":"https:\/\/www.rozaje.me\/en\/rjesenje-xiv-2024\/","og_site_name":"Op\u0161tina Ro\u017eaje","article_publisher":"https:\/\/www.facebook.com\/OpstinaRozajeOfficial\/","twitter_card":"summary_large_image","twitter_misc":{"Estimated reading time":"5 minutes"},"schema":{"@context":"https:\/\/schema.org","@graph":[{"@type":"WebPage","@id":"https:\/\/www.rozaje.me\/rjesenje-xiv-2024\/","url":"https:\/\/www.rozaje.me\/rjesenje-xiv-2024\/","name":"Rje\u0161enje XIV - 2024. - Op\u0161tina Ro\u017eaje","isPartOf":{"@id":"https:\/\/www.rozaje.me\/#website"},"datePublished":"2025-01-21T12:06:24+00:00","breadcrumb":{"@id":"https:\/\/www.rozaje.me\/rjesenje-xiv-2024\/#breadcrumb"},"inLanguage":"en-GB","potentialAction":[{"@type":"ReadAction","target":["https:\/\/www.rozaje.me\/rjesenje-xiv-2024\/"]}]},{"@type":"BreadcrumbList","@id":"https:\/\/www.rozaje.me\/rjesenje-xiv-2024\/#breadcrumb","itemListElement":[{"@type":"ListItem","position":1,"name":"Home","item":"https:\/\/www.rozaje.me\/"},{"@type":"ListItem","position":2,"name":"Rje\u0161enje XIV &#8211; 2024."}]},{"@type":"WebSite","@id":"https:\/\/www.rozaje.me\/#website","url":"https:\/\/www.rozaje.me\/","name":"Municipality of Ro\u017eaje","description":"The official website of the Municipality of Ro\u017eaje","publisher":{"@id":"https:\/\/www.rozaje.me\/#organization"},"alternateName":"Opstina Rozaje","potentialAction":[{"@type":"SearchAction","target":{"@type":"EntryPoint","urlTemplate":"https:\/\/www.rozaje.me\/?s={search_term_string}"},"query-input":{"@type":"PropertyValueSpecification","valueRequired":true,"valueName":"search_term_string"}}],"inLanguage":"en-GB"},{"@type":"Organization","@id":"https:\/\/www.rozaje.me\/#organization","name":"Opstina Rozaje","url":"https:\/\/www.rozaje.me\/","logo":{"@type":"ImageObject","inLanguage":"en-GB","@id":"https:\/\/www.rozaje.me\/#\/schema\/logo\/image\/","url":"https:\/\/www.rozaje.me\/wp-content\/uploads\/2022\/08\/logo-textless.svg","contentUrl":"https:\/\/www.rozaje.me\/wp-content\/uploads\/2022\/08\/logo-textless.svg","width":108.00360000000000582076609134674072265625,"height":131.15059999999999718056642450392246246337890625,"caption":"Opstina Rozaje"},"image":{"@id":"https:\/\/www.rozaje.me\/#\/schema\/logo\/image\/"},"sameAs":["https:\/\/www.facebook.com\/OpstinaRozajeOfficial\/","https:\/\/www.youtube.com\/channel\/UCepcislHIwc6KRZTLa6FIlg"]}]}},"_links":{"self":[{"href":"https:\/\/www.rozaje.me\/en\/wp-json\/wp\/v2\/pages\/31929","targetHints":{"allow":["GET"]}}],"collection":[{"href":"https:\/\/www.rozaje.me\/en\/wp-json\/wp\/v2\/pages"}],"about":[{"href":"https:\/\/www.rozaje.me\/en\/wp-json\/wp\/v2\/types\/page"}],"author":[{"embeddable":true,"href":"https:\/\/www.rozaje.me\/en\/wp-json\/wp\/v2\/users\/11"}],"replies":[{"embeddable":true,"href":"https:\/\/www.rozaje.me\/en\/wp-json\/wp\/v2\/comments?post=31929"}],"version-history":[{"count":0,"href":"https:\/\/www.rozaje.me\/en\/wp-json\/wp\/v2\/pages\/31929\/revisions"}],"wp:attachment":[{"href":"https:\/\/www.rozaje.me\/en\/wp-json\/wp\/v2\/media?parent=31929"}],"curies":[{"name":"wp","href":"https:\/\/api.w.org\/{rel}","templated":true}]}}