{"id":31908,"date":"2025-01-21T12:52:46","date_gmt":"2025-01-21T11:52:46","guid":{"rendered":"https:\/\/www.rozaje.me\/?page_id=31908"},"modified":"2025-01-21T12:52:46","modified_gmt":"2025-01-21T11:52:46","slug":"rjesenje-v-2024","status":"publish","type":"page","link":"https:\/\/www.rozaje.me\/en\/rjesenje-v-2024\/","title":{"rendered":"Rje\u0161enje V &#8211; 2024."},"content":{"rendered":"<figure class=\"wp-block-table\"><table class=\"has-fixed-layout\"><tbody><tr><td><strong>1.&nbsp; Zahtjev nosioca projekta za odlu\u010divanje o potrebi procjene uticaja<\/strong><\/td><td>Solarna elektrana \u201eKoljeno\u201c instalisane snage 5 MW (AC) sa trafostanicom&nbsp; TS 5MW 35\/0.8kV sa uklapanjem u 35kV distributivnu mre\u017eu, na dijelovima katastarskih parcela br. 391, 392, 393, 374, 377, 379, 380, 376, 281, 284, 285, 388, 389, 390, 282, 356, 394, 283, 371&nbsp; KO Koljeno&nbsp; I- op\u0161tina Ro\u017eaje.<\/td><\/tr><tr><td><strong>&nbsp;2. Evidencioni broj zahtjeva<\/strong><\/td><td>UPI 06-322\/24-165&nbsp; od&nbsp; 20.03.2024.godine<\/td><\/tr><tr><td><strong>3.&nbsp; Broj dosijea<\/strong><\/td><td>24 &#8211; 5<\/td><\/tr><tr><td><strong>4.&nbsp; Podaci o podnosiocu zahtjeva:<\/strong>&nbsp; a.&nbsp;&nbsp; ime\/naziv preduze\u0107a,<br \/>b.&nbsp;&nbsp; adresa,<br \/>c.&nbsp;&nbsp; podaci o registraciji,<br \/>d.&nbsp; \u0161ifra djelatnosti,<br \/>e.&nbsp;&nbsp; JMBG,<br \/>f.&nbsp;&nbsp;&nbsp; kontakt osoba, &nbsp;&nbsp;&nbsp;&nbsp;&nbsp;<br \/>g.&nbsp;&nbsp; broj telefona i fax-a i e-mail adresa.<\/td><td>a. DOO\u201cMK ENERGY\u201c<br \/>b. ulica \u201eSlobode\u201c br. 78\/2, 81 000 Podgorica<br \/>c. d.<br \/>e.<br \/>f. Mirza Krni\u0107<br \/>g. 069\/484-660, mail:mkenergy.cg@gmail.com.<\/td><\/tr><tr><td><strong>5.&nbsp; Podaci o prilozima uz zahtjev nosioca projekta:<\/strong><br \/>a.&nbsp;&nbsp; upitnik \u2013 Prilog 1 i 2&nbsp; Pravilnika o sadr\u017eaju dokumentacije koja se podnosi uz zahtjev za odlu\u010divanje o potrebi procjene uticaja,<br \/>b.&nbsp;&nbsp; mi\u0161ljenja i uslovi nadle\u017enih organa i organizacija,<br \/>c.&nbsp;&nbsp; druga dokumentacija.<\/td><td>a. Dostavljeno<br \/><br \/><\/td><\/tr><tr><td><strong>6.&nbsp; Odluka o potrebi procjene uticaja:<\/strong><br \/>a.&nbsp;&nbsp; naziv nadle\u017enog organa,<br \/>b.&nbsp;&nbsp; datum i broj.<\/td><td>a.Sekretarijat za ure\u0111enje prostora i za\u0161titu \u017eivotne sredine Op\u0161tine Ro\u017eaje<br \/>b. Rje\u0161enje da &nbsp;je potrebna izrada elaborata procjena uticaja na \u017eivotnu sredinu br. UPI 06-322\/24-165\/5&nbsp; od&nbsp; 01.04.2024.godine.<\/td><\/tr><tr><td><strong>7.&nbsp; Podaci o obavje\u0161tavanju javnosti o:<\/strong><br \/>a.&nbsp; dostavljanju odluke,<br \/>b.&nbsp; mjestu i vremenu dostupnosti informacija o projektu,<br \/>c.&nbsp;&nbsp; javnoj raspravi,<br \/>d.&nbsp; podacima i dokumentaciji o u\u010de\u0161\u0107u javnosti.<\/td><td>a. Obavje\u0161tenje br. UPI 06-322\/24-165\/6&nbsp; od 02.04.2024.godine o&nbsp; &nbsp;donijetom Rje\u0161enju&nbsp; kojim se utvr\u0111uje da je potrebna izrada Elaborata procjene uticaja na \u017eivotnu sredinu, objavljeno u dnevnom&nbsp; listu &nbsp;\u201ePobjeda\u201c<strong>&nbsp;<\/strong>, radio televiziji Ro\u017eaje i na &nbsp;sajtu op\u0161tine &nbsp;&nbsp;<a href=\"http:\/\/www.ro\u017eaje.me\">www.ro\u017eaje.me<\/a>&nbsp;, dana 02.04.2024. godine. &nbsp;&nbsp;&nbsp;&nbsp;&nbsp;&nbsp;&nbsp;&nbsp;&nbsp;&nbsp;&nbsp;&nbsp;&nbsp;&nbsp;&nbsp;&nbsp;&nbsp;&nbsp;&nbsp;&nbsp;&nbsp;&nbsp;&nbsp;&nbsp;&nbsp;&nbsp;&nbsp; &nbsp;&nbsp; -Obavje\u0161tena&nbsp; MZ ,,Koljeno\u201c o donijetoj odluci, obavje\u0161tenjem &nbsp;&nbsp;&nbsp;&nbsp;&nbsp;&nbsp;&nbsp;&nbsp;&nbsp;&nbsp;&nbsp;&nbsp;&nbsp;&nbsp;&nbsp;&nbsp;&nbsp;&nbsp;&nbsp;&nbsp;&nbsp;&nbsp;&nbsp;&nbsp;&nbsp;&nbsp;&nbsp;&nbsp;&nbsp;&nbsp;&nbsp;&nbsp;&nbsp;&nbsp;&nbsp;&nbsp;&nbsp;&nbsp;br. UPI 06-322\/24-165\/8&nbsp; od 02.04.2024. godine<br \/>&#8211; Obavije\u0161tena MZ ,,Seo\u0161nica\u201c o donijetoj odluci, obavje\u0161tenjem&nbsp;&nbsp;&nbsp;&nbsp;&nbsp;&nbsp;&nbsp;&nbsp;&nbsp;&nbsp;&nbsp;&nbsp;&nbsp;&nbsp;&nbsp;&nbsp;&nbsp;&nbsp;&nbsp;&nbsp;&nbsp;&nbsp;&nbsp;&nbsp;&nbsp;&nbsp;&nbsp;&nbsp;&nbsp;&nbsp;&nbsp;&nbsp;&nbsp;&nbsp;&nbsp;&nbsp;&nbsp;&nbsp; br. UPI 06-322\/24-165\/9&nbsp; od 02.04.2024. godine.<br \/><br \/>b. &nbsp;Obavje\u0161tenje br. UPI 06-322\/24-165\/1&nbsp; od 21.03.2024.godine, &nbsp;o mjestu i vremenu&nbsp; uvida u dokumentaciju&nbsp; i dostavljanju &nbsp;primjedbi i mi\u0161ljenja, objavljeno u &nbsp;&nbsp;&nbsp;&nbsp;&nbsp;&nbsp;&nbsp;&nbsp;&nbsp;&nbsp;&nbsp;&nbsp;&nbsp;&nbsp;&nbsp;&nbsp;&nbsp;&nbsp;&nbsp;&nbsp;&nbsp;&nbsp;&nbsp;&nbsp;&nbsp;&nbsp;&nbsp;&nbsp;&nbsp;&nbsp;&nbsp;&nbsp;&nbsp;&nbsp;&nbsp;&nbsp;&nbsp;&nbsp;&nbsp;&nbsp;&nbsp;&nbsp;&nbsp;&nbsp;dnevnom&nbsp; listu \u201ePobjeda\u201c, radio televiziji Ro\u017eaje &nbsp;i &nbsp;&nbsp;&nbsp;&nbsp;&nbsp;&nbsp;&nbsp;&nbsp;&nbsp;&nbsp;&nbsp;&nbsp;&nbsp;&nbsp;&nbsp;&nbsp;&nbsp;&nbsp;&nbsp;&nbsp;&nbsp;&nbsp;&nbsp;&nbsp;&nbsp;&nbsp;&nbsp;&nbsp;&nbsp;&nbsp;&nbsp;&nbsp;&nbsp;&nbsp;&nbsp;&nbsp;&nbsp;&nbsp;&nbsp;&nbsp;&nbsp;&nbsp;&nbsp;&nbsp;&nbsp;&nbsp;&nbsp;&nbsp;&nbsp;&nbsp;&nbsp;&nbsp;&nbsp;&nbsp;&nbsp;&nbsp;&nbsp;&nbsp;&nbsp;&nbsp;&nbsp;&nbsp;&nbsp;&nbsp;na sajtu op\u0161tine <a href=\"http:\/\/www.rozaje.me\/en\/\">www.rozaje.me<\/a>, &nbsp;dana 22. 03. 2024. godine.&nbsp;<br \/>\u2013 Obavje\u0161tena MZ \u201cKoljeno\u201c, obavje\u0161tenjem &nbsp;&nbsp;&nbsp;&nbsp;&nbsp;&nbsp;&nbsp;&nbsp;&nbsp;&nbsp;&nbsp;&nbsp;&nbsp;&nbsp;&nbsp;&nbsp;&nbsp;&nbsp;&nbsp;&nbsp;&nbsp;&nbsp;&nbsp;&nbsp;&nbsp;&nbsp;&nbsp;&nbsp;&nbsp;&nbsp;&nbsp;&nbsp;&nbsp;&nbsp;&nbsp;&nbsp;&nbsp;&nbsp;&nbsp;&nbsp;&nbsp;&nbsp;&nbsp;&nbsp;br. &nbsp;&nbsp;UPI 06-322\/24-165\/3&nbsp; od 21.03.2024.godine. &#8211;&nbsp;&nbsp; Obavije\u0161tena MZ ,,Seo\u0161nica\u201c o podnijetom zahtjevu, obavje\u0161tenjem&nbsp;&nbsp; br. UPI 06-322\/24-165\/4&nbsp; od 21.03.2024. godine. Rok za uvid i dostavljanje primjedbi i mi\u0161ljenja od 22.03.2024. godine do 29.03.2024.godine. Uvid&nbsp; u dokumentaciju dostavljenu uz zahtjev- na sajtu Op\u0161tine Ro\u017eaje <a href=\"http:\/\/www.ro\u017eaje.me\">www.ro\u017eaje.me<\/a>&nbsp; i &nbsp;kancelarija br.11 zgrade Op\u0161tine Ro\u017eaje- ul\u201cM.Tita\u201cbr.1 Ro\u017eaje.<\/td><\/tr><tr><td><strong>8.&nbsp; Zahtjev(i) za preispitivanje odluke&nbsp;<\/strong><\/td><td>&nbsp;<\/td><\/tr><tr><td><strong>9.&nbsp; Odluka po zahtjevu(ima) za preispitivanje<\/strong><\/td><td>&nbsp;<\/td><\/tr><tr><td><strong>10. &nbsp; Podaci o dostavljanju odluke po zahtjevu(ima) za preispitivanje<\/strong><\/td><td>&nbsp;<\/td><\/tr><tr><td><strong>11. &nbsp; Zahtjev za odre\u0111ivanje obima i sadr\u017eaja elaborata procjene uticaja<\/strong><\/td><td>&nbsp;<\/td><\/tr><tr><td><strong>12.Podaci o prilozima uz zahtjev za odre\u0111ivanje obima i sadr\u017eaja elaborata procjene uticaja na \u017eivotnu sredinu&nbsp;<\/strong>(u daljem tekstu: elaborat procjene uticaja):<br \/>upitnik \u2013 Prilog 1 i 2 Pravilnika o sadr\u017eaju dokumentacije koja se podnosi uz zahtjev za odre\u0111ivanje obima i sadr\u017eaja elaborata o procjeni uticaja na \u017eivotnu sredinu,mi\u0161ljenja drugih nadle\u017enih organa i organizacija,druga dokumentacija.<\/td><td>&nbsp;<\/td><\/tr><tr><td><strong>13. Podaci o izvr\u0161enim konsultacijama i pribavljenim mi\u0161ljenjima<\/strong><\/td><td>&nbsp;<\/td><\/tr><tr><td><strong>14. Izvje\u0161taj Komisije za utvr\u0111ivanje obima i sadr\u017eaja elaborata procjene uticaja i ocjenu elaborata procjene uticaja&nbsp;<\/strong>(u daljem tekstu: Komisija za procjenu uticaja)<\/td><td>&nbsp;<\/td><\/tr><tr><td><strong>15. Podaci o obavje\u0161tavanju o odluci o obimu i sadr\u017eaju elaborata o procjeni uticaja<\/strong><\/td><td>&nbsp;<\/td><\/tr><tr><td><strong>16. Podaci o pribavljenim mi\u0161ljenjima na odluku o obimu&nbsp; i sadr\u017eaju elaborata o procjeni uticaja<\/strong><\/td><td>&nbsp;<\/td><\/tr><tr><td><strong>17. Kona\u010dna odluka o obimu&nbsp; i sadr\u017eaju elaborata o procjeni uticaja<\/strong><\/td><td>&nbsp;<\/td><\/tr><tr><td><strong>18. &nbsp;&nbsp;&nbsp;&nbsp;&nbsp; Podaci o obavje\u0161tavanju o kona\u010dnoj odluci o obimu i sadr\u017eaju elaborata o procjeni uticaja<\/strong><\/td><td>&nbsp;<\/td><\/tr><tr><td><strong>19. Zahtjev nosioca projekta za davanje saglasnosti na elaborat o procjeni uticaja<\/strong><\/td><td>br. UPI 06-322\/24-190&nbsp; od&nbsp;&nbsp; 02.04.2024. godine.<\/td><\/tr><tr><td><strong>20. Podaci o:<\/strong><strong><br \/>a.&nbsp;&nbsp; elaboratu&nbsp; procjene uticaja,<br \/>b.&nbsp;&nbsp; prilozima uz zahtjev nosioca projekta za davanje saglasnosti na elaborat procjene uticaja<\/strong><\/td><td>Elaborat procjene uticaja na \u017eivotnu sredinu za projekat Izgradnja Solarne elektrane \u201eKoljeno\u201c instalisane snage 5 MW (AC) sa trafostanicom&nbsp; TS 5MW 35\/0.8 kV sa uklapanjem u 35 kV dalekovodnu mre\u017eu, na katastarskim parcelama&nbsp; br. 391, 392, 393, 374, 377, 379, 380, 376, 281, 284, 285, 388, 389, 390, 282, 356, 394, 283, 371 KO Koljeno I- op\u0161tina Ro\u017eaje. Uklapanje u 35kV distributivnu mre\u017eu-kablovskim vodom katastarskih parcela br. 942\/2, 942\/1, 2514\/4, 919, 838, 716, 705, 2521&nbsp; KO Ro\u017eaje- op\u0161tina Ro\u017eaje i kat.parcela br. 827, 822, 830\/1 i 830\/2 KO Seo\u0161nica- op\u0161tina Ro\u017eaje.<\/td><\/tr><tr><td><strong>21. Podaci o pravnom licu i ekspertima koji su izradili elaborat o procjeni uticaja<\/strong><\/td><td>DOO\u201cPermonte\u201cPodgorica Elaborat je uradio multidisciplinarni tim u sastavu:<br \/>1.&nbsp; Natalija Radonji\u0107, spc.sci.el.<br \/>2.&nbsp; Bojan Bo\u0161kovi\u0107, spc.sci.gra\u0111.<br \/>3.&nbsp; Nemanja Malovrazi\u0107, dipl.biolog<\/td><\/tr><tr><td><strong>22. Podaci o obavje\u0161tavanju o prijemu elaborata procjene uticaja, o na\u010dinu, mjestu i vremenu vr\u0161enja javnog uvida, dostavljanja primjedbi i odr\u017eavanja javne rasprave<\/strong><\/td><td>&#8211; Obavje\u0161tenje br.UPI 06-322\/24-190\/1 od 03.04.2024.godine o mjestu &nbsp;i vremenu&nbsp; uvida u elaborat i dostavljanju &nbsp;primjedbi i mi\u0161ljenja i odr\u017eavanju javne rasprave, objavljeno&nbsp; u dnevnom&nbsp; listu \u201ePobjeda\u201c&nbsp; , radio televiziji Ro\u017eaje i&nbsp; na sajtu&nbsp; Op\u0161tine <a href=\"http:\/\/www.ro\u017eaje\">www.ro\u017eaje<\/a>.me dana 04.04.2024.godine. &nbsp;&#8211; Obavje\u0161tenje o podnijetom zahtjevu za davanje saglasnosti na elaborat, br. UPI 06-322\/24-190\/3 od 03.04.2024.godine, MZ\u201cKoljeno\u201c. &#8211; Obavje\u0161tenje o podnijetom zahtjevu za davanje saglasnosti na elaborat, br. UPI 06-322\/24-190\/4 od 03.04.2024.godine, MZ\u201cSeo\u0161nica\u201c. &#8211; Javna rasprava od 04.04.2024.godine do 06.05.2024.godine.Uvid u Elaborat na sajtu Op\u0161tine Ro\u017eaje <a href=\"http:\/\/www.ro\u017eaje\">www.ro\u017eaje<\/a> i prostorijama Sekretarijata za ure\u0111enje prostora i za\u0161titu \u017eivotne sredine, zgrada Op\u0161tine Ro\u017eaje-ul\u201cM.Tita\u201c br.1.kancelarija br.11. &#8211; Javna tribina dana 19.04.2024.godine u sali JU \u201eNarodna biblioteka\u201c Ro\u017eaje.<\/td><\/tr><tr><td><strong>23. Podaci o primjedbama i mi\u0161ljenjima i dostavljanju elaborata procjene uticaja Komisiji za procjenu uticaja<\/strong><\/td><td>\u2013 Rje\u0161enje o formiranju&nbsp; Komisije br. UPI 06-322\/24-190\/5 od&nbsp;&nbsp;&nbsp;&nbsp;&nbsp;&nbsp;&nbsp;&nbsp;&nbsp;&nbsp;&nbsp;&nbsp;&nbsp;&nbsp;&nbsp;&nbsp;&nbsp;&nbsp;&nbsp;&nbsp;&nbsp;&nbsp;&nbsp;&nbsp;&nbsp;&nbsp;&nbsp;&nbsp;&nbsp;&nbsp;&nbsp;&nbsp; 05.04.2024.godine, &#8211; Elaborat dostavljen Komisiji dana 05.04.2024.godine,korugovani Elaborat&nbsp; dostavljen dana 24.05.2024.godine, \u2013 Izvje\u0161taj sa javne rasprave broj UPI 06-322\/24-190\/7 od 07.05.2024.godine&nbsp;&nbsp;&nbsp;&nbsp;&nbsp;&nbsp;&nbsp;&nbsp;&nbsp;&nbsp;&nbsp;&nbsp;&nbsp;&nbsp;&nbsp;&nbsp;&nbsp;&nbsp;&nbsp;&nbsp;&nbsp;&nbsp;&nbsp;&nbsp;&nbsp;&nbsp;&nbsp;&nbsp;&nbsp;&nbsp;&nbsp;&nbsp;&nbsp;&nbsp;&nbsp;&nbsp;&nbsp;&nbsp;&nbsp;&nbsp;&nbsp;&nbsp;&nbsp;&nbsp;&nbsp;&nbsp;&nbsp;<\/td><\/tr><tr><td><strong>24. Podaci o dostavljanju nosiocu projekta primjedbi, predloga i mi\u0161ljenja na elaborat o procjeni uticaja od strane Komisije za procjenu uticaja<\/strong><\/td><td>&nbsp;<\/td><\/tr><tr><td><strong>25. Podaci o prijemu korigovanog teksta elaborata o procjeni uticaja<\/strong><\/td><td>&nbsp;Korigovani Elaborat dostavljen dana 23.05.2024.godine.<\/td><\/tr><tr><td><strong>26. Izve\u0161taj Komisije za procjenu uticaja sa predlogom odluke<\/strong><\/td><td>Izvje\u0161taj Komisije sa predlogom&nbsp; da se donese odluka o davanju saglasnosti na Elaborat br. UPI&nbsp; 06-322\/24-190\/10 od 30.05.2024.godine<\/td><\/tr><tr><td><strong>27. Odluka o davanju\/odbijanju saglasnosti na elaborat o procjeni uticaja<\/strong><\/td><td>Rje\u0161enje o davanju&nbsp; saglasnosti na Elaborat br. UPI 06-322\/24-190\/11 od &nbsp;03.06.2024.godine.<\/td><\/tr><tr><td><strong>28. Podaci o dostavljanju\/objavljivanju odluke o davanju\/odbijanju saglasnosti na elaborat&nbsp; o procjeni uticaja<\/strong><\/td><td>&#8211; Obavje\u0161tenje, br. UPI 06-322\/24-190\/12 od&nbsp; 04.06.2024.godine, o davanju saglasnosti objavljeno 04.06.2024.godine u dnevnom&nbsp; listu \u201ePobjeda\u201c , radio televiziji Ro\u017eaje i &nbsp;na sajtu Op\u0161tine Ro\u017eaje <a href=\"http:\/\/www.rozaje.me\/en\/\">www.rozaje.me<\/a>&nbsp;. &#8211; Obavje\u0161tenje MZ\u201cKoljeno\u201c, br. UPI 06-322\/24-190\/14 od&nbsp; 04.06.2024.godine, o davanju saglasnosti na elaborat. &#8211; Obavje\u0161tenje MZ\u201cSeo\u0161nica\u201c, br. UPI 06-322\/24-190\/15 od&nbsp; 04.06.2024.godine, o davanju saglasnosti na elaborat.<\/td><\/tr><tr><td><strong>29. Zahtjev(i) za preispitivanje odluke<\/strong><\/td><td>&nbsp;<\/td><\/tr><tr><td><strong>30. Odluka po zahtjevu(ima) za preispitivanje<\/strong><\/td><td>&nbsp;<\/td><\/tr><tr><td><strong>31. Podaci o dostavljanju odluke po zahtjevu(ima) za preispitivanje<\/strong><\/td><td>&nbsp;<\/td><\/tr><tr><td><strong>32. &nbsp;&nbsp;&nbsp;&nbsp;&nbsp; Podaci o realizaciji mjera iz elaborata koju vr\u0161i nadle\u017eni organ<\/strong><br \/>a.&nbsp;&nbsp; datum i vrijeme kontrole,<br \/>b.&nbsp;&nbsp; u\u010desnici u vr\u0161enju kontrole,<br \/>c.&nbsp;&nbsp; na\u010din vr\u0161enja kontrole,<br \/>d.&nbsp; zapisnik\/izvje\u0161taj o nalazu.<\/td><td>&nbsp;<\/td><\/tr><tr><td><strong>33. Podaci o inspekcijskoj kontroli primjene mjera iz elaborata<\/strong><br \/>a.&nbsp;&nbsp; datum i vrijeme kontrole,<br \/>b.&nbsp;&nbsp; imena lica prisutnih tokom vr\u0161enja inspekcijske kontrole,<br \/>c.&nbsp;&nbsp; na\u010din vr\u0161enja inspekcijske kontrole,<br \/>d.&nbsp; zapisnik o izvr\u0161enoj inspekcijskoj kontroli, e.&nbsp;&nbsp; nalo\u017eene mjere,<br \/>f.&nbsp;&nbsp; izre\u010dene sankcije.<\/td><td>&nbsp;<\/td><\/tr><tr><td><strong>34. Podaci o odgovornom licu i njegov potpis<\/strong><\/td><td>&nbsp;Muhamed Daci\u0107,dipl.arh.-Samostalni savjetnik&nbsp; I za za\u0161titu \u017eivotne sredine i Enisa Muri\u0107,dipl.pravnica-Samostalna savjetnica&nbsp; I za pravna pitanja za za\u0161titu \u017eivotne sredine<\/td><\/tr><\/tbody><\/table><\/figure>","protected":false},"excerpt":{"rendered":"<p>1.&nbsp; Zahtjev nosioca projekta za odlu\u010divanje o potrebi procjene uticaja Solarna elektrana \u201eKoljeno\u201c instalisane snage 5 MW (AC) sa trafostanicom&nbsp; TS 5MW 35\/0.8kV sa uklapanjem&#46;&#46;&#46;<\/p>","protected":false},"author":11,"featured_media":0,"parent":0,"menu_order":0,"comment_status":"closed","ping_status":"closed","template":"","meta":{"_monsterinsights_skip_tracking":false,"_monsterinsights_sitenote_active":false,"_monsterinsights_sitenote_note":"","_monsterinsights_sitenote_category":0,"footnotes":""},"class_list":["post-31908","page","type-page","status-publish","hentry"],"yoast_head":"<!-- This site is optimized with the Yoast SEO plugin v27.2 - https:\/\/yoast.com\/product\/yoast-seo-wordpress\/ -->\n<title>Rje\u0161enje V - 2024. - Op\u0161tina Ro\u017eaje<\/title>\n<meta name=\"robots\" content=\"index, follow, max-snippet:-1, max-image-preview:large, max-video-preview:-1\" \/>\n<link rel=\"canonical\" href=\"https:\/\/www.rozaje.me\/en\/rjesenje-v-2024\/\" \/>\n<meta property=\"og:locale\" content=\"en_GB\" \/>\n<meta property=\"og:type\" content=\"article\" \/>\n<meta property=\"og:title\" content=\"Rje\u0161enje V - 2024. - Op\u0161tina Ro\u017eaje\" \/>\n<meta property=\"og:description\" content=\"1.&nbsp; Zahtjev nosioca projekta za odlu\u010divanje o potrebi procjene uticaja Solarna elektrana \u201eKoljeno\u201c instalisane snage 5 MW (AC) sa trafostanicom&nbsp; TS 5MW 35\/0.8kV sa uklapanjem&#046;&#046;&#046;\" \/>\n<meta property=\"og:url\" content=\"https:\/\/www.rozaje.me\/en\/rjesenje-v-2024\/\" \/>\n<meta property=\"og:site_name\" content=\"Op\u0161tina Ro\u017eaje\" \/>\n<meta property=\"article:publisher\" content=\"https:\/\/www.facebook.com\/OpstinaRozajeOfficial\/\" \/>\n<meta name=\"twitter:card\" content=\"summary_large_image\" \/>\n<meta name=\"twitter:label1\" content=\"Estimated reading time\" \/>\n\t<meta name=\"twitter:data1\" content=\"7 minutes\" \/>\n<script type=\"application\/ld+json\" class=\"yoast-schema-graph\">{\"@context\":\"https:\/\/schema.org\",\"@graph\":[{\"@type\":\"WebPage\",\"@id\":\"https:\/\/www.rozaje.me\/rjesenje-v-2024\/\",\"url\":\"https:\/\/www.rozaje.me\/rjesenje-v-2024\/\",\"name\":\"Rje\u0161enje V - 2024. - Op\u0161tina Ro\u017eaje\",\"isPartOf\":{\"@id\":\"https:\/\/www.rozaje.me\/#website\"},\"datePublished\":\"2025-01-21T11:52:46+00:00\",\"breadcrumb\":{\"@id\":\"https:\/\/www.rozaje.me\/rjesenje-v-2024\/#breadcrumb\"},\"inLanguage\":\"en-GB\",\"potentialAction\":[{\"@type\":\"ReadAction\",\"target\":[\"https:\/\/www.rozaje.me\/rjesenje-v-2024\/\"]}]},{\"@type\":\"BreadcrumbList\",\"@id\":\"https:\/\/www.rozaje.me\/rjesenje-v-2024\/#breadcrumb\",\"itemListElement\":[{\"@type\":\"ListItem\",\"position\":1,\"name\":\"Home\",\"item\":\"https:\/\/www.rozaje.me\/\"},{\"@type\":\"ListItem\",\"position\":2,\"name\":\"Rje\u0161enje V &#8211; 2024.\"}]},{\"@type\":\"WebSite\",\"@id\":\"https:\/\/www.rozaje.me\/#website\",\"url\":\"https:\/\/www.rozaje.me\/\",\"name\":\"Op\u0161tina Ro\u017eaje\",\"description\":\"Zvani\u010dna veb stranica Op\u0161tine Ro\u017eaje\",\"publisher\":{\"@id\":\"https:\/\/www.rozaje.me\/#organization\"},\"alternateName\":\"Opstina Rozaje\",\"potentialAction\":[{\"@type\":\"SearchAction\",\"target\":{\"@type\":\"EntryPoint\",\"urlTemplate\":\"https:\/\/www.rozaje.me\/?s={search_term_string}\"},\"query-input\":{\"@type\":\"PropertyValueSpecification\",\"valueRequired\":true,\"valueName\":\"search_term_string\"}}],\"inLanguage\":\"en-GB\"},{\"@type\":\"Organization\",\"@id\":\"https:\/\/www.rozaje.me\/#organization\",\"name\":\"Opstina Rozaje\",\"url\":\"https:\/\/www.rozaje.me\/\",\"logo\":{\"@type\":\"ImageObject\",\"inLanguage\":\"en-GB\",\"@id\":\"https:\/\/www.rozaje.me\/#\/schema\/logo\/image\/\",\"url\":\"https:\/\/www.rozaje.me\/wp-content\/uploads\/2022\/08\/logo-textless.svg\",\"contentUrl\":\"https:\/\/www.rozaje.me\/wp-content\/uploads\/2022\/08\/logo-textless.svg\",\"width\":108.00360000000000582076609134674072265625,\"height\":131.15059999999999718056642450392246246337890625,\"caption\":\"Opstina Rozaje\"},\"image\":{\"@id\":\"https:\/\/www.rozaje.me\/#\/schema\/logo\/image\/\"},\"sameAs\":[\"https:\/\/www.facebook.com\/OpstinaRozajeOfficial\/\",\"https:\/\/www.youtube.com\/channel\/UCepcislHIwc6KRZTLa6FIlg\"]}]}<\/script>\n<!-- \/ Yoast SEO plugin. -->","yoast_head_json":{"title":"Rje\u0161enje V - 2024. - Op\u0161tina Ro\u017eaje","robots":{"index":"index","follow":"follow","max-snippet":"max-snippet:-1","max-image-preview":"max-image-preview:large","max-video-preview":"max-video-preview:-1"},"canonical":"https:\/\/www.rozaje.me\/en\/rjesenje-v-2024\/","og_locale":"en_GB","og_type":"article","og_title":"Rje\u0161enje V - 2024. - Op\u0161tina Ro\u017eaje","og_description":"1.&nbsp; Zahtjev nosioca projekta za odlu\u010divanje o potrebi procjene uticaja Solarna elektrana \u201eKoljeno\u201c instalisane snage 5 MW (AC) sa trafostanicom&nbsp; TS 5MW 35\/0.8kV sa uklapanjem&#46;&#46;&#46;","og_url":"https:\/\/www.rozaje.me\/en\/rjesenje-v-2024\/","og_site_name":"Op\u0161tina Ro\u017eaje","article_publisher":"https:\/\/www.facebook.com\/OpstinaRozajeOfficial\/","twitter_card":"summary_large_image","twitter_misc":{"Estimated reading time":"7 minutes"},"schema":{"@context":"https:\/\/schema.org","@graph":[{"@type":"WebPage","@id":"https:\/\/www.rozaje.me\/rjesenje-v-2024\/","url":"https:\/\/www.rozaje.me\/rjesenje-v-2024\/","name":"Rje\u0161enje V - 2024. - Op\u0161tina Ro\u017eaje","isPartOf":{"@id":"https:\/\/www.rozaje.me\/#website"},"datePublished":"2025-01-21T11:52:46+00:00","breadcrumb":{"@id":"https:\/\/www.rozaje.me\/rjesenje-v-2024\/#breadcrumb"},"inLanguage":"en-GB","potentialAction":[{"@type":"ReadAction","target":["https:\/\/www.rozaje.me\/rjesenje-v-2024\/"]}]},{"@type":"BreadcrumbList","@id":"https:\/\/www.rozaje.me\/rjesenje-v-2024\/#breadcrumb","itemListElement":[{"@type":"ListItem","position":1,"name":"Home","item":"https:\/\/www.rozaje.me\/"},{"@type":"ListItem","position":2,"name":"Rje\u0161enje V &#8211; 2024."}]},{"@type":"WebSite","@id":"https:\/\/www.rozaje.me\/#website","url":"https:\/\/www.rozaje.me\/","name":"Municipality of Ro\u017eaje","description":"The official website of the Municipality of Ro\u017eaje","publisher":{"@id":"https:\/\/www.rozaje.me\/#organization"},"alternateName":"Opstina Rozaje","potentialAction":[{"@type":"SearchAction","target":{"@type":"EntryPoint","urlTemplate":"https:\/\/www.rozaje.me\/?s={search_term_string}"},"query-input":{"@type":"PropertyValueSpecification","valueRequired":true,"valueName":"search_term_string"}}],"inLanguage":"en-GB"},{"@type":"Organization","@id":"https:\/\/www.rozaje.me\/#organization","name":"Opstina Rozaje","url":"https:\/\/www.rozaje.me\/","logo":{"@type":"ImageObject","inLanguage":"en-GB","@id":"https:\/\/www.rozaje.me\/#\/schema\/logo\/image\/","url":"https:\/\/www.rozaje.me\/wp-content\/uploads\/2022\/08\/logo-textless.svg","contentUrl":"https:\/\/www.rozaje.me\/wp-content\/uploads\/2022\/08\/logo-textless.svg","width":108.00360000000000582076609134674072265625,"height":131.15059999999999718056642450392246246337890625,"caption":"Opstina Rozaje"},"image":{"@id":"https:\/\/www.rozaje.me\/#\/schema\/logo\/image\/"},"sameAs":["https:\/\/www.facebook.com\/OpstinaRozajeOfficial\/","https:\/\/www.youtube.com\/channel\/UCepcislHIwc6KRZTLa6FIlg"]}]}},"_links":{"self":[{"href":"https:\/\/www.rozaje.me\/en\/wp-json\/wp\/v2\/pages\/31908","targetHints":{"allow":["GET"]}}],"collection":[{"href":"https:\/\/www.rozaje.me\/en\/wp-json\/wp\/v2\/pages"}],"about":[{"href":"https:\/\/www.rozaje.me\/en\/wp-json\/wp\/v2\/types\/page"}],"author":[{"embeddable":true,"href":"https:\/\/www.rozaje.me\/en\/wp-json\/wp\/v2\/users\/11"}],"replies":[{"embeddable":true,"href":"https:\/\/www.rozaje.me\/en\/wp-json\/wp\/v2\/comments?post=31908"}],"version-history":[{"count":0,"href":"https:\/\/www.rozaje.me\/en\/wp-json\/wp\/v2\/pages\/31908\/revisions"}],"wp:attachment":[{"href":"https:\/\/www.rozaje.me\/en\/wp-json\/wp\/v2\/media?parent=31908"}],"curies":[{"name":"wp","href":"https:\/\/api.w.org\/{rel}","templated":true}]}}