{"id":31887,"date":"2025-01-20T12:54:05","date_gmt":"2025-01-20T11:54:05","guid":{"rendered":"https:\/\/www.rozaje.me\/?page_id=31887"},"modified":"2025-01-21T13:10:39","modified_gmt":"2025-01-21T12:10:39","slug":"javna-knjiga-2024","status":"publish","type":"page","link":"https:\/\/www.rozaje.me\/en\/javna-knjiga-2024\/","title":{"rendered":"Javna knjiga 2024."},"content":{"rendered":"<figure class=\"wp-block-table\"><table class=\"has-fixed-layout\"><tbody><tr><td><strong>RB<\/strong><\/td><td><strong>OBRADJIVA\u010c<\/strong><\/td><td><strong>PREDMET<\/strong><\/td><td><strong>FAZA<\/strong><\/td><\/tr><tr><td>1<\/td><td>Muhamed &nbsp;Daci\u0107<\/td><td>TS 10\/0.4kV Nova 4, snage 1x1000kVa i podzemni 10kV vod , od TS 35\/10kV Crnja do TS 10\/0.4kV Nova 4. Investitor Ministarstvo turizma, ekologije , odr\u017eivog razvoja i razvoja sjevera.<\/td><td><a href=\"https:\/\/www.rozaje.me\/en\/rjesenje-i-2024\/\">Rje\u0161enje \u2013Nije potrebna izrada elaborata procjene uticaja na \u017eivotnu sredinu<\/a><\/td><\/tr><tr><td>2<\/td><td>Muhamed Daci\u0107<\/td><td>TS 10\/0.4kV Nova 8, snage 1x1000kVa I podzemni&nbsp; 10kV vod &nbsp;od TS 10\/0.4kV Nova 6 do TS 10\/0.4kV Nova 8 i podzemni vod&nbsp; 10kV&nbsp; od TS 10\/0,4kV &nbsp;Nova 7&nbsp; do TS 10\/0,4kV Nova 8&nbsp; . Investitor&nbsp; Ministarstvo turizma, ekologije , odr\u017eivog razvoja i razvoja sjevera.<\/td><td><a href=\"https:\/\/www.rozaje.me\/en\/rjesenje-ii-2024\/\">Rje\u0161enje \u2013Nije potrebna izrada elaborata procjene uticaja na \u017eivotnu sredinu<\/a><\/td><\/tr><tr><td>3<\/td><td>Muhamed &nbsp;Daci\u0107<\/td><td>Podzemni vod 35 kV od TS 35\/10kV Zeleni,&nbsp; do TS 35\/10kV Crnja . Investitor-&nbsp; Ministarstvo turizma, ekologije , odr\u017eivog razvoja i razvoja sjevera.<\/td><td><a href=\"https:\/\/www.rozaje.me\/en\/rjesenje-iii-2024\/\">Rje\u0161enje \u2013Nije potrebna izrada elaborata procjene uticaja na \u017eivotnu sredinu<\/a><\/td><\/tr><tr><td>4<\/td><td>Muhamed &nbsp;Daci\u0107<\/td><td>Pogon za primarnu i finalnu preradu drveta. Investitor DOO \u201cJela komerc \u201cRo\u017eaje.<\/td><td><a href=\"https:\/\/www.rozaje.me\/en\/rjesenje-iv-2024\/\">Rje\u0161enje \u2013Nije potrebna izrada elaborata procjene uticaja na \u017eivotnu sredinu<\/a><\/td><\/tr><tr><td>5<\/td><td>Enisa Muri\u0107<\/td><td>Solarna elektrana Koljeno . Investitor DOO \u201cMK Energy\u201d<\/td><td><a href=\"https:\/\/www.rozaje.me\/en\/rjesenje-v-2024\/\">Rje\u0161enje \u2013Potrebna izrada elaborata procjene uticaja na \u017eivotnu sredinu<\/a><\/td><\/tr><tr><td>6<\/td><td>Enisa Muri\u0107<\/td><td>Poslovni objekat-pogon za primarnu i finalnu preradu drveta.Investitor DOO \u201cBrali\u0107 company\u201dRo\u017eaje.<\/td><td><a href=\"https:\/\/www.rozaje.me\/en\/rjesenje-vi-2024\/\">Rje\u0161enje \u2013Nije potrebna izrada elaborata procjene uticaja na \u017eivotnu sredinu<\/a><\/td><\/tr><tr><td>7<\/td><td>Muhamed Daci\u0107<\/td><td>Poslovni objekat-pogon za primarnu I finalnu preradu drveta.Investitor DOO\u201cEL-PROM I\u201dRo\u017eaje.<\/td><td><a href=\"https:\/\/www.rozaje.me\/en\/rjesenje-vii-2024\/\">Rje\u0161enje \u2013Nije potrebna izrada elaborata procjene uticaja na \u017eivotnu sredinu<\/a><\/td><\/tr><tr><td>8<\/td><td>Muhamed&nbsp; Daci\u0107<\/td><td>Turisti\u010dki objekat-objekat za ruralni turizam.Investitor Smajo Cami\u0107.<\/td><td><a href=\"https:\/\/www.rozaje.me\/en\/rjesenje-viii-2024\/\">Rje\u0161enje \u2013Nije potrebna izrada elaborata procjene uticaja na \u017eivotnu sredinu<\/a><\/td><\/tr><tr><td>9<\/td><td>Muhamed Daci\u0107<\/td><td>Turisti\u010dki objekat-objekat za ruralni turizam .Investitor Mersad \u0160utkovi\u0107.<\/td><td><a href=\"https:\/\/www.rozaje.me\/en\/rjesenje-ix-2024\/\">Rje\u0161enje \u2013Nije potrebna izrada elaborata procjene uticaja na \u017eivotnu sredinu<\/a><\/td><\/tr><tr><td>10<\/td><td>Muhamed Daci\u0107<\/td><td>Izgradnja pogona za primarnu i finalnu obradu drveta.Investitor DOO\u201cELVIS COMERC\u201dRo\u017eaje.<\/td><td><a href=\"https:\/\/www.rozaje.me\/en\/rjesenje-x-2024\/\">Rje\u0161enje \u2013Nije potrebna izrada elaborata procjene uticaja na \u017eivotnu sredinu<\/a><\/td><\/tr><tr><td>11<\/td><td>Enisa Muri\u0107<\/td><td>Infrastuktura za mobilnu telefoniju(antenski stub i elektroenergetsko napajanje). Investitor DOO\u201cSKY TOWERS INFRASTUCTURE\u201dPodgorica.<\/td><td><a href=\"https:\/\/www.rozaje.me\/en\/rjesenje-xi-2024\/\">Rje\u0161enje \u2013Nije potrebna izrada elaborata procjene uticaja na \u017eivotnu sredinu<\/a><\/td><\/tr><tr><td>12<\/td><td>Muhamed Daci\u0107<\/td><td>Auto perionica &#8211; Investitor SZR\u201cPID\u017dA\u201c Ro\u017eaje.<\/td><td><a href=\"https:\/\/www.rozaje.me\/en\/rjesenje-xii-2024\/\">Rje\u0161enje \u2013Nije potrebna izrada elaborata procjene uticaja na \u017eivotnu sredinu<\/a><\/td><\/tr><tr><td>13<\/td><td>Muhamed Daci\u0107<\/td><td>Samouslu\u017ena auto perionica\u201cGrand Kala\u010d\u201c. Investitor doo \u201cGrand Kala\u010d\u201cRo\u017eaje.<\/td><td><a href=\"https:\/\/www.rozaje.me\/en\/rjesenje-xiii-2024\/\">Rje\u0161enje \u2013Nije potrebna izrada elaborata procjene uticaja na \u017eivotnu sredinu<\/a><\/td><\/tr><tr><td>14<\/td><td>Enisa Muri\u0107<\/td><td>Fotonaponska elektrana na krovu objekta \u201eInterfood 35\u201c i instalacija novog rashladnog sistema u objektu.Investitor doo\u201dInterfood 35\u201dRo\u017eaje.<\/td><td><a href=\"https:\/\/www.rozaje.me\/en\/rjesenje-xiv-2024\/\">Rje\u0161enje \u2013Nije potrebna izrada elaborata procjene uticaja na \u017eivotnu sredinu<\/a><\/td><\/tr><tr><td>15<\/td><td>Hajrija Kala\u010d<\/td><td>Monta\u017eni objekat, nadstre\u0161nica \u2013 autoperionica i pranje tepiha . Investitor szr\u201cBato H\u201dRo\u017eaje<\/td><td><a href=\"https:\/\/www.rozaje.me\/en\/rjesenje-xv-2024\/\">Rje\u0161enje \u2013Nije potrebna izrada elaborata procjene uticaja na \u017eivotnu sredinu<\/a><\/td><\/tr><tr><td>16<\/td><td>Hajrija&nbsp; Kala\u010d<\/td><td>Monta\u017eni objekat, nadstre\u0161nica \u2013 autoperionica.Investitor doo\u201cPoint M\u201dRo\u017eaje.<\/td><td><a href=\"https:\/\/www.rozaje.me\/en\/rjesenje-xvi-2024\/\">Rje\u0161enje \u2013Nije potrebna izrada elaborata procjene uticaja na \u017eivotnu sredinu<\/a><\/td><\/tr><tr><td>17<\/td><td>Hajrija Kala\u010d<\/td><td>Izgradnja kanalizacione mre\u017ee koja je integralni segment projekta Izgradnje postrojenja za pre\u010di\u0161\u0107avanje otpadnih voda u op\u0161tini Ro\u017eaje. Investitor Direkcija za investicije i razvojne projekte- Slu\u017eba za izradu razvojnih projekata Op\u0161tine Ro\u017eaje.<\/td><td><a href=\"https:\/\/www.rozaje.me\/en\/rjesenje-xvii-2024\/\">Rje\u0161enje \u2013 Potrebna izrada elaborata procjene uticaja na \u017eivotn usredinu<\/a><\/td><\/tr><tr><td>18<\/td><td>Hajrija Kala\u010d<\/td><td>Izgradnja Postrojenja za pre\u010di\u0161\u0107avanje otpadnih voda u op\u0161tini Ro\u017eaje. Investitor Direkcija za investicije i razvojne projekte- Slu\u017eba za izradu razvojnih projekata Op\u0161tine Ro\u017eaje.<\/td><td><a href=\"https:\/\/www.rozaje.me\/en\/rjesenje-xviii-2024\/\">Rje\u0161enje \u2013 Potrebna izrada elaborata procjene uticaja na \u017eivotnu sredinu<\/a><\/td><\/tr><\/tbody><\/table><\/figure>","protected":false},"excerpt":{"rendered":"<p>R.B. OBRADJIVA\u010c PREDMET FAZA 1 Muhamed &nbsp;Daci\u0107 TS 10\/0.4kV Nova 4, snage 1x1000kVa i podzemni 10kV vod , od TS 35\/10kV Crnja do TS 10\/0.4kV&#46;&#46;&#46;<\/p>","protected":false},"author":11,"featured_media":0,"parent":0,"menu_order":0,"comment_status":"closed","ping_status":"closed","template":"","meta":{"_monsterinsights_skip_tracking":false,"_monsterinsights_sitenote_active":false,"_monsterinsights_sitenote_note":"","_monsterinsights_sitenote_category":0,"footnotes":""},"class_list":["post-31887","page","type-page","status-publish","hentry"],"yoast_head":"<!-- This site is optimized with the Yoast SEO plugin v27.2 - https:\/\/yoast.com\/product\/yoast-seo-wordpress\/ -->\n<title>Javna knjiga 2024. - Op\u0161tina Ro\u017eaje<\/title>\n<meta name=\"robots\" content=\"index, follow, max-snippet:-1, max-image-preview:large, max-video-preview:-1\" \/>\n<link rel=\"canonical\" href=\"https:\/\/www.rozaje.me\/en\/javna-knjiga-2024\/\" \/>\n<meta property=\"og:locale\" content=\"en_GB\" \/>\n<meta property=\"og:type\" content=\"article\" \/>\n<meta property=\"og:title\" content=\"Javna knjiga 2024. - Op\u0161tina Ro\u017eaje\" \/>\n<meta property=\"og:description\" content=\"R.B. OBRADJIVA\u010c PREDMET FAZA 1 Muhamed &nbsp;Daci\u0107 TS 10\/0.4kV Nova 4, snage 1x1000kVa i podzemni 10kV vod , od TS 35\/10kV Crnja do TS 10\/0.4kV&#046;&#046;&#046;\" \/>\n<meta property=\"og:url\" content=\"https:\/\/www.rozaje.me\/en\/javna-knjiga-2024\/\" \/>\n<meta property=\"og:site_name\" content=\"Op\u0161tina Ro\u017eaje\" \/>\n<meta property=\"article:publisher\" content=\"https:\/\/www.facebook.com\/OpstinaRozajeOfficial\/\" \/>\n<meta property=\"article:modified_time\" content=\"2025-01-21T12:10:39+00:00\" \/>\n<meta name=\"twitter:card\" content=\"summary_large_image\" \/>\n<meta name=\"twitter:label1\" content=\"Estimated reading time\" \/>\n\t<meta name=\"twitter:data1\" content=\"3 minutes\" \/>\n<script type=\"application\/ld+json\" class=\"yoast-schema-graph\">{\"@context\":\"https:\/\/schema.org\",\"@graph\":[{\"@type\":\"WebPage\",\"@id\":\"https:\/\/www.rozaje.me\/javna-knjiga-2024\/\",\"url\":\"https:\/\/www.rozaje.me\/javna-knjiga-2024\/\",\"name\":\"Javna knjiga 2024. - Op\u0161tina Ro\u017eaje\",\"isPartOf\":{\"@id\":\"https:\/\/www.rozaje.me\/#website\"},\"datePublished\":\"2025-01-20T11:54:05+00:00\",\"dateModified\":\"2025-01-21T12:10:39+00:00\",\"breadcrumb\":{\"@id\":\"https:\/\/www.rozaje.me\/javna-knjiga-2024\/#breadcrumb\"},\"inLanguage\":\"en-GB\",\"potentialAction\":[{\"@type\":\"ReadAction\",\"target\":[\"https:\/\/www.rozaje.me\/javna-knjiga-2024\/\"]}]},{\"@type\":\"BreadcrumbList\",\"@id\":\"https:\/\/www.rozaje.me\/javna-knjiga-2024\/#breadcrumb\",\"itemListElement\":[{\"@type\":\"ListItem\",\"position\":1,\"name\":\"Home\",\"item\":\"https:\/\/www.rozaje.me\/\"},{\"@type\":\"ListItem\",\"position\":2,\"name\":\"Javna knjiga 2024.\"}]},{\"@type\":\"WebSite\",\"@id\":\"https:\/\/www.rozaje.me\/#website\",\"url\":\"https:\/\/www.rozaje.me\/\",\"name\":\"Op\u0161tina Ro\u017eaje\",\"description\":\"Zvani\u010dna veb stranica Op\u0161tine Ro\u017eaje\",\"publisher\":{\"@id\":\"https:\/\/www.rozaje.me\/#organization\"},\"alternateName\":\"Opstina Rozaje\",\"potentialAction\":[{\"@type\":\"SearchAction\",\"target\":{\"@type\":\"EntryPoint\",\"urlTemplate\":\"https:\/\/www.rozaje.me\/?s={search_term_string}\"},\"query-input\":{\"@type\":\"PropertyValueSpecification\",\"valueRequired\":true,\"valueName\":\"search_term_string\"}}],\"inLanguage\":\"en-GB\"},{\"@type\":\"Organization\",\"@id\":\"https:\/\/www.rozaje.me\/#organization\",\"name\":\"Opstina Rozaje\",\"url\":\"https:\/\/www.rozaje.me\/\",\"logo\":{\"@type\":\"ImageObject\",\"inLanguage\":\"en-GB\",\"@id\":\"https:\/\/www.rozaje.me\/#\/schema\/logo\/image\/\",\"url\":\"https:\/\/www.rozaje.me\/wp-content\/uploads\/2022\/08\/logo-textless.svg\",\"contentUrl\":\"https:\/\/www.rozaje.me\/wp-content\/uploads\/2022\/08\/logo-textless.svg\",\"width\":108.00360000000000582076609134674072265625,\"height\":131.15059999999999718056642450392246246337890625,\"caption\":\"Opstina Rozaje\"},\"image\":{\"@id\":\"https:\/\/www.rozaje.me\/#\/schema\/logo\/image\/\"},\"sameAs\":[\"https:\/\/www.facebook.com\/OpstinaRozajeOfficial\/\",\"https:\/\/www.youtube.com\/channel\/UCepcislHIwc6KRZTLa6FIlg\"]}]}<\/script>\n<!-- \/ Yoast SEO plugin. -->","yoast_head_json":{"title":"Javna knjiga 2024. - Op\u0161tina Ro\u017eaje","robots":{"index":"index","follow":"follow","max-snippet":"max-snippet:-1","max-image-preview":"max-image-preview:large","max-video-preview":"max-video-preview:-1"},"canonical":"https:\/\/www.rozaje.me\/en\/javna-knjiga-2024\/","og_locale":"en_GB","og_type":"article","og_title":"Javna knjiga 2024. - Op\u0161tina Ro\u017eaje","og_description":"R.B. OBRADJIVA\u010c PREDMET FAZA 1 Muhamed &nbsp;Daci\u0107 TS 10\/0.4kV Nova 4, snage 1x1000kVa i podzemni 10kV vod , od TS 35\/10kV Crnja do TS 10\/0.4kV&#46;&#46;&#46;","og_url":"https:\/\/www.rozaje.me\/en\/javna-knjiga-2024\/","og_site_name":"Op\u0161tina Ro\u017eaje","article_publisher":"https:\/\/www.facebook.com\/OpstinaRozajeOfficial\/","article_modified_time":"2025-01-21T12:10:39+00:00","twitter_card":"summary_large_image","twitter_misc":{"Estimated reading time":"3 minutes"},"schema":{"@context":"https:\/\/schema.org","@graph":[{"@type":"WebPage","@id":"https:\/\/www.rozaje.me\/javna-knjiga-2024\/","url":"https:\/\/www.rozaje.me\/javna-knjiga-2024\/","name":"Javna knjiga 2024. - Op\u0161tina Ro\u017eaje","isPartOf":{"@id":"https:\/\/www.rozaje.me\/#website"},"datePublished":"2025-01-20T11:54:05+00:00","dateModified":"2025-01-21T12:10:39+00:00","breadcrumb":{"@id":"https:\/\/www.rozaje.me\/javna-knjiga-2024\/#breadcrumb"},"inLanguage":"en-GB","potentialAction":[{"@type":"ReadAction","target":["https:\/\/www.rozaje.me\/javna-knjiga-2024\/"]}]},{"@type":"BreadcrumbList","@id":"https:\/\/www.rozaje.me\/javna-knjiga-2024\/#breadcrumb","itemListElement":[{"@type":"ListItem","position":1,"name":"Home","item":"https:\/\/www.rozaje.me\/"},{"@type":"ListItem","position":2,"name":"Javna knjiga 2024."}]},{"@type":"WebSite","@id":"https:\/\/www.rozaje.me\/#website","url":"https:\/\/www.rozaje.me\/","name":"Municipality of Ro\u017eaje","description":"The official website of the Municipality of Ro\u017eaje","publisher":{"@id":"https:\/\/www.rozaje.me\/#organization"},"alternateName":"Opstina Rozaje","potentialAction":[{"@type":"SearchAction","target":{"@type":"EntryPoint","urlTemplate":"https:\/\/www.rozaje.me\/?s={search_term_string}"},"query-input":{"@type":"PropertyValueSpecification","valueRequired":true,"valueName":"search_term_string"}}],"inLanguage":"en-GB"},{"@type":"Organization","@id":"https:\/\/www.rozaje.me\/#organization","name":"Opstina Rozaje","url":"https:\/\/www.rozaje.me\/","logo":{"@type":"ImageObject","inLanguage":"en-GB","@id":"https:\/\/www.rozaje.me\/#\/schema\/logo\/image\/","url":"https:\/\/www.rozaje.me\/wp-content\/uploads\/2022\/08\/logo-textless.svg","contentUrl":"https:\/\/www.rozaje.me\/wp-content\/uploads\/2022\/08\/logo-textless.svg","width":108.00360000000000582076609134674072265625,"height":131.15059999999999718056642450392246246337890625,"caption":"Opstina Rozaje"},"image":{"@id":"https:\/\/www.rozaje.me\/#\/schema\/logo\/image\/"},"sameAs":["https:\/\/www.facebook.com\/OpstinaRozajeOfficial\/","https:\/\/www.youtube.com\/channel\/UCepcislHIwc6KRZTLa6FIlg"]}]}},"_links":{"self":[{"href":"https:\/\/www.rozaje.me\/en\/wp-json\/wp\/v2\/pages\/31887","targetHints":{"allow":["GET"]}}],"collection":[{"href":"https:\/\/www.rozaje.me\/en\/wp-json\/wp\/v2\/pages"}],"about":[{"href":"https:\/\/www.rozaje.me\/en\/wp-json\/wp\/v2\/types\/page"}],"author":[{"embeddable":true,"href":"https:\/\/www.rozaje.me\/en\/wp-json\/wp\/v2\/users\/11"}],"replies":[{"embeddable":true,"href":"https:\/\/www.rozaje.me\/en\/wp-json\/wp\/v2\/comments?post=31887"}],"version-history":[{"count":0,"href":"https:\/\/www.rozaje.me\/en\/wp-json\/wp\/v2\/pages\/31887\/revisions"}],"wp:attachment":[{"href":"https:\/\/www.rozaje.me\/en\/wp-json\/wp\/v2\/media?parent=31887"}],"curies":[{"name":"wp","href":"https:\/\/api.w.org\/{rel}","templated":true}]}}