{"id":31822,"date":"2024-12-25T12:11:51","date_gmt":"2024-12-25T11:11:51","guid":{"rendered":"https:\/\/www.rozaje.me\/?page_id=31822"},"modified":"2026-03-11T13:50:11","modified_gmt":"2026-03-11T12:50:11","slug":"budzet-2025","status":"publish","type":"page","link":"https:\/\/www.rozaje.me\/en\/budzet-2025\/","title":{"rendered":"Bud\u017eet &#8211; 2025"},"content":{"rendered":"<div class=\"wp-block-file\"><a id=\"wp-block-file--media-e98b1b87-ca8f-4663-8da6-7af05cfca808\" href=\"https:\/\/www.rozaje.me\/wp-content\/uploads\/2024\/12\/Odluka-o-budzetu-Opstine-Rozaje-za-2025.godinu-ovjerena.pdf\">Odluka o bud\u017eetu Op\u0161tine Ro\u017eaje za 2025.godinu<\/a><\/div>\n\n\n\n<div class=\"wp-block-file\"><a id=\"wp-block-file--media-ca453d45-93ba-471f-961e-aecd36a6f966\" href=\"https:\/\/www.rozaje.me\/wp-content\/uploads\/2025\/01\/Odluka-o-visini-budzetskih-sredstava-namijenjenih-za-finansiranje-redovnog-rada-politickih-subjekata-za-2025.godinu.pdf\">Odluka o visini bud\u017eetskih sredstava namijenjenih za finansiranje redovnog rada politi\u010dkih subjekata za 2025.godinu<\/a><\/div>\n\n\n\n<div class=\"wp-block-file\"><a id=\"wp-block-file--media-1b91061c-8918-408e-8f70-4f25592642bf\" href=\"https:\/\/www.rozaje.me\/wp-content\/uploads\/2025\/01\/Odluka-o-visini-budzetskih-sredstava-namijenjenih-za-redovno-finansiranje-zenskih-organizacija-u-politickim-subjektima-za-2025.godinu.pdf\">Odluka o visini bud\u017eetskih sredstava namijenjenih za redovno finansiranje \u017eenskih organizacija u politi\u010dkim subjektima za 2025.godinu<\/a><\/div>\n\n\n\n<div class=\"wp-block-file\"><a id=\"wp-block-file--media-d3a59d1c-caa8-4b6e-b062-b13265e44a25\" href=\"https:\/\/www.rozaje.me\/wp-content\/uploads\/2025\/03\/Politicki-subjektii-zenske-organizacije-u-politickim-subjektima-januar2025.godina.xlsx\">Politicki subjektii zenske organizacije u politickim subjektima-januar,2025.godina<\/a><\/div>\n\n\n\n<div class=\"wp-block-file\"><a id=\"wp-block-file--media-96815a30-4df0-4648-be27-2c0460577512\" href=\"https:\/\/www.rozaje.me\/wp-content\/uploads\/2025\/03\/2-Politicki-subjekti-i-zenske-organizacije-u-politickim-subjektima-februar2025.godina.xlsx\">Politicki subjekti i zenske organizacije u politickim subjektima-februar,2025.godina<\/a><\/div>\n\n\n\n<div class=\"wp-block-file\"><a id=\"wp-block-file--media-2500fbcc-40c9-411c-943d-cc80fab22f88\" href=\"https:\/\/www.rozaje.me\/wp-content\/uploads\/2025\/04\/3-Politicki-subjekti-i-Zenske-organizacije-u-politickim-subjektima-mart-2025.godina.xlsx\">Politicki subjekti zenske organizacije u politickim subjektima-mart, 2025.godina<\/a><\/div>\n\n\n\n<div class=\"wp-block-file\"><a id=\"wp-block-file--media-17ef378e-d5c5-429f-92ca-7781c3f91e43\" href=\"https:\/\/www.rozaje.me\/wp-content\/uploads\/2025\/04\/Izvjestaji-za-I-kvartal-2025.godinu.xlsx\">Izvje\u0161taji za I kvartal 2025.godinu<\/a><\/div>\n\n\n\n<div class=\"wp-block-file\"><a id=\"wp-block-file--media-c59cffc2-4d6b-4f0c-87cd-4c1c481f8711\" href=\"https:\/\/www.rozaje.me\/wp-content\/uploads\/2025\/05\/4-Politicki-subjekti-i-Zenske-organizacije-u-politickim-subjektima-april-2025.godina.xlsx\">Politi\u010dki subjekti i \u017eenske organizacije u politi\u010dkim subjektima -April, 2025.godina<\/a><\/div>\n\n\n\n<div class=\"wp-block-file\"><a id=\"wp-block-file--media-f45d62b8-97be-4550-8fc9-5b2555cbe08c\" href=\"https:\/\/www.rozaje.me\/wp-content\/uploads\/2025\/06\/5-Politicki-subjekti-i-Zenske-organizacije-u-politickim-subjektima-maj-2025.godina.xlsx\">Politi\u010dki subjekti i \u017eenske organizacije u politi\u010dkim subjektima &#8211; maj 2025.godine<\/a><\/div>\n\n\n\n<div class=\"wp-block-file\"><a id=\"wp-block-file--media-dabd34fc-2c3a-4941-aa46-4cb5c65f7439\" href=\"https:\/\/www.rozaje.me\/wp-content\/uploads\/2025\/06\/Odluka-o-Zavrsnom-racunu-budzeta-Opstine-Rozaje-za-2024.godinu.pdf\">Odluka o Zavr\u0161nom racunu bud\u017eeta Op\u0161tine Ro\u017eaje za 2024.godinu<\/a><\/div>\n\n\n\n<div class=\"wp-block-file\"><a id=\"wp-block-file--media-b864ce96-263c-4480-ae50-e8c773a0f26a\" href=\"https:\/\/www.rozaje.me\/wp-content\/uploads\/2025\/07\/6-Politicki-subjekti-i-Zenske-organizacije-u-politickim-subjektima-maj-2025.godina.xlsx\">Politi\u010dki subjekti i \u017eenske organizacije u politi\u010dkim subjektima &#8211; Jun 2025.godina<\/a><\/div>\n\n\n\n<div class=\"wp-block-file\"><a id=\"wp-block-file--media-ff3182ca-e790-403c-9aaf-ca2dfb221c43\" href=\"https:\/\/www.rozaje.me\/wp-content\/uploads\/2025\/07\/1.Izvjestaji-za-II-kvartal-2025.god_.xlsx\">1.Izvje\u0161taji za II kvartal 2025.god.<\/a><\/div>\n\n\n\n<div class=\"wp-block-file\"><a id=\"wp-block-file--media-663a56f1-ace7-4a4d-b0d8-2410ec3403c2\" href=\"https:\/\/www.rozaje.me\/wp-content\/uploads\/2025\/08\/7-Politicki-subjekti-i-Zenske-organizacije-u-politickim-subjektima-jul-2025.godina.xlsx\">Politi\u010dki subjekti i \u017eenske organizacije u politi\u010dkim subjektima &#8211; jul 2025.godina<\/a><\/div>\n\n\n\n<div class=\"wp-block-file\"><a id=\"wp-block-file--media-3410ee30-1f30-4c7a-8fe2-8135ff6e3a2a\" href=\"https:\/\/www.rozaje.me\/wp-content\/uploads\/2025\/09\/Odluka-o-visini-budzetskih-sredstava-opredijeljenim-od-strane-opstine-Rozaje.pdf\">Odluka o visini bud\u017eetskih sredstava opredijeljenim od strane op\u0161tine Ro\u017eaje<\/a><\/div>\n\n\n\n<div class=\"wp-block-file\"><a id=\"wp-block-file--media-56986dfa-1fa9-43c2-b6dd-629fcdc74d56\" href=\"https:\/\/www.rozaje.me\/wp-content\/uploads\/2025\/09\/8-Politicki-subjekti-i-Zenske-organizacije-u-politickim-subjektima-AVGUST-2025.godina.xlsx\">Politicki-subjekti-i-Zenske-organizacije-u-politickim-subjektima-AVGUST 2025.godina<\/a><\/div>\n\n\n\n<div class=\"wp-block-file\"><a id=\"wp-block-file--media-638a7b69-7321-4777-b880-68d89b694c1a\" href=\"https:\/\/www.rozaje.me\/wp-content\/uploads\/2025\/10\/9-Politicki-subjekti-i-Zenske-organizacije-u-politickim-subjektima-SEPTEMBAR-2025.godina.xlsx\">9-Politicki-subjekti-i-Zenske-organizacije-u-politickim-subjektima-SEPTEMBAR 2025.godina<\/a><\/div>\n\n\n\n<div class=\"wp-block-file\"><a id=\"wp-block-file--media-f480229f-2e7e-4013-8013-b39efdc03a67\" href=\"https:\/\/www.rozaje.me\/wp-content\/uploads\/2025\/11\/Izvjestaji-za-III-kvartal-2025.god_.xlsx\">Izvje\u0161taji za III kvartal 2025.god.<\/a><\/div>\n\n\n\n<div class=\"wp-block-file\"><a id=\"wp-block-file--media-5b3a4f8f-2f30-404e-b89c-a29856c97d9c\" href=\"https:\/\/www.rozaje.me\/wp-content\/uploads\/2025\/11\/Politicki-subjekti-i-Zenske-organizacije-u-politickim-subjektima-OKTOBAR-2025.godina.xlsx\">Politicki subjekti i Zenske organizacije u politickim subjektima OKTOBAR 2025.godina<\/a><\/div>\n\n\n\n<div class=\"wp-block-file\"><a id=\"wp-block-file--media-1c5edea4-ebc5-4ece-91a4-daf67707a5a8\" href=\"https:\/\/www.rozaje.me\/wp-content\/uploads\/2025\/11\/Nacrt-Odluke-o-Budzetu-Opstine-Rozaje-za-2026.godinu.xlsx\">Nacrt Odluke o Bud\u017eetu Op\u0161tine Ro\u017eaje za 2026.godinu<\/a><\/div>\n\n\n\n<div class=\"wp-block-file\"><a id=\"wp-block-file--media-8d6543d7-7e20-4317-8398-672bb3a7f5aa\" href=\"https:\/\/www.rozaje.me\/wp-content\/uploads\/2025\/12\/11-Politicki-subjekti-i-Zenske-organizacije-u-politickim-subjektima-NOVEMBAR-2025.godina.xlsx\">Politicki subjekti i Zenske organizacije u politickim subjektima -NOVEMBAR 2025.godina<\/a><\/div>\n\n\n\n<div class=\"wp-block-file\"><a id=\"wp-block-file--media-5ace5498-b437-4d3f-b00b-801365cba73c\" href=\"https:\/\/www.rozaje.me\/wp-content\/uploads\/2026\/01\/12-Politicki-subjekti-i-Zenske-organizacije-u-politickim-subjektima-DECEMBAR-2025.godina.xlsx\">Politicki subjekti i Zenske organizacije u politickim subjektima DECEMBAR 2025.godina<\/a><\/div>\n\n\n\n<div class=\"wp-block-file\"><a id=\"wp-block-file--media-5e4b8687-5029-4f34-a378-18924af0f2d8\" href=\"https:\/\/www.rozaje.me\/wp-content\/uploads\/2026\/03\/1.Izvjestaji-za-IV-kvartal-2025.god_.-godisnji.xlsx\">1.Izvje\u0161taji za IV kvartal 2025.god.-godi\u0161nji<\/a><\/div>\n\n\n\n<p><strong><a href=\"https:\/\/www.rozaje.me\/en\/finansiranje-medija-2\/\" type=\"link\" id=\"https:\/\/www.rozaje.me\/finansiranje-medija-2\/\">Finansiranje medija<\/a><\/strong><\/p>","protected":false},"excerpt":{"rendered":"<p>Finansiranje medija<\/p>","protected":false},"author":11,"featured_media":0,"parent":0,"menu_order":0,"comment_status":"closed","ping_status":"closed","template":"","meta":{"_monsterinsights_skip_tracking":false,"_monsterinsights_sitenote_active":false,"_monsterinsights_sitenote_note":"","_monsterinsights_sitenote_category":0,"footnotes":""},"class_list":["post-31822","page","type-page","status-publish","hentry"],"yoast_head":"<!-- This site is optimized with the Yoast SEO plugin v27.2 - https:\/\/yoast.com\/product\/yoast-seo-wordpress\/ -->\n<title>Bud\u017eet - 2025 - Op\u0161tina Ro\u017eaje<\/title>\n<meta name=\"robots\" content=\"index, follow, max-snippet:-1, max-image-preview:large, max-video-preview:-1\" \/>\n<link rel=\"canonical\" href=\"https:\/\/www.rozaje.me\/en\/budzet-2025\/\" \/>\n<meta property=\"og:locale\" content=\"en_GB\" \/>\n<meta property=\"og:type\" content=\"article\" \/>\n<meta property=\"og:title\" content=\"Bud\u017eet - 2025 - Op\u0161tina Ro\u017eaje\" \/>\n<meta property=\"og:description\" content=\"Finansiranje medija\" \/>\n<meta property=\"og:url\" content=\"https:\/\/www.rozaje.me\/en\/budzet-2025\/\" \/>\n<meta property=\"og:site_name\" content=\"Op\u0161tina Ro\u017eaje\" \/>\n<meta property=\"article:publisher\" content=\"https:\/\/www.facebook.com\/OpstinaRozajeOfficial\/\" \/>\n<meta property=\"article:modified_time\" content=\"2026-03-11T12:50:11+00:00\" \/>\n<meta name=\"twitter:card\" content=\"summary_large_image\" \/>\n<meta name=\"twitter:label1\" content=\"Estimated reading time\" \/>\n\t<meta name=\"twitter:data1\" content=\"1 minute\" \/>\n<script type=\"application\/ld+json\" class=\"yoast-schema-graph\">{\"@context\":\"https:\/\/schema.org\",\"@graph\":[{\"@type\":\"WebPage\",\"@id\":\"https:\/\/www.rozaje.me\/budzet-2025\/\",\"url\":\"https:\/\/www.rozaje.me\/budzet-2025\/\",\"name\":\"Bud\u017eet - 2025 - Op\u0161tina Ro\u017eaje\",\"isPartOf\":{\"@id\":\"https:\/\/www.rozaje.me\/#website\"},\"datePublished\":\"2024-12-25T11:11:51+00:00\",\"dateModified\":\"2026-03-11T12:50:11+00:00\",\"breadcrumb\":{\"@id\":\"https:\/\/www.rozaje.me\/budzet-2025\/#breadcrumb\"},\"inLanguage\":\"en-GB\",\"potentialAction\":[{\"@type\":\"ReadAction\",\"target\":[\"https:\/\/www.rozaje.me\/budzet-2025\/\"]}]},{\"@type\":\"BreadcrumbList\",\"@id\":\"https:\/\/www.rozaje.me\/budzet-2025\/#breadcrumb\",\"itemListElement\":[{\"@type\":\"ListItem\",\"position\":1,\"name\":\"Home\",\"item\":\"https:\/\/www.rozaje.me\/\"},{\"@type\":\"ListItem\",\"position\":2,\"name\":\"Bud\u017eet &#8211; 2025\"}]},{\"@type\":\"WebSite\",\"@id\":\"https:\/\/www.rozaje.me\/#website\",\"url\":\"https:\/\/www.rozaje.me\/\",\"name\":\"Op\u0161tina Ro\u017eaje\",\"description\":\"Zvani\u010dna veb stranica Op\u0161tine Ro\u017eaje\",\"publisher\":{\"@id\":\"https:\/\/www.rozaje.me\/#organization\"},\"alternateName\":\"Opstina Rozaje\",\"potentialAction\":[{\"@type\":\"SearchAction\",\"target\":{\"@type\":\"EntryPoint\",\"urlTemplate\":\"https:\/\/www.rozaje.me\/?s={search_term_string}\"},\"query-input\":{\"@type\":\"PropertyValueSpecification\",\"valueRequired\":true,\"valueName\":\"search_term_string\"}}],\"inLanguage\":\"en-GB\"},{\"@type\":\"Organization\",\"@id\":\"https:\/\/www.rozaje.me\/#organization\",\"name\":\"Opstina Rozaje\",\"url\":\"https:\/\/www.rozaje.me\/\",\"logo\":{\"@type\":\"ImageObject\",\"inLanguage\":\"en-GB\",\"@id\":\"https:\/\/www.rozaje.me\/#\/schema\/logo\/image\/\",\"url\":\"https:\/\/www.rozaje.me\/wp-content\/uploads\/2022\/08\/logo-textless.svg\",\"contentUrl\":\"https:\/\/www.rozaje.me\/wp-content\/uploads\/2022\/08\/logo-textless.svg\",\"width\":108.00360000000000582076609134674072265625,\"height\":131.15059999999999718056642450392246246337890625,\"caption\":\"Opstina Rozaje\"},\"image\":{\"@id\":\"https:\/\/www.rozaje.me\/#\/schema\/logo\/image\/\"},\"sameAs\":[\"https:\/\/www.facebook.com\/OpstinaRozajeOfficial\/\",\"https:\/\/www.youtube.com\/channel\/UCepcislHIwc6KRZTLa6FIlg\"]}]}<\/script>\n<!-- \/ Yoast SEO plugin. -->","yoast_head_json":{"title":"Bud\u017eet - 2025 - Op\u0161tina Ro\u017eaje","robots":{"index":"index","follow":"follow","max-snippet":"max-snippet:-1","max-image-preview":"max-image-preview:large","max-video-preview":"max-video-preview:-1"},"canonical":"https:\/\/www.rozaje.me\/en\/budzet-2025\/","og_locale":"en_GB","og_type":"article","og_title":"Bud\u017eet - 2025 - Op\u0161tina Ro\u017eaje","og_description":"Finansiranje medija","og_url":"https:\/\/www.rozaje.me\/en\/budzet-2025\/","og_site_name":"Op\u0161tina Ro\u017eaje","article_publisher":"https:\/\/www.facebook.com\/OpstinaRozajeOfficial\/","article_modified_time":"2026-03-11T12:50:11+00:00","twitter_card":"summary_large_image","twitter_misc":{"Estimated reading time":"1 minute"},"schema":{"@context":"https:\/\/schema.org","@graph":[{"@type":"WebPage","@id":"https:\/\/www.rozaje.me\/budzet-2025\/","url":"https:\/\/www.rozaje.me\/budzet-2025\/","name":"Bud\u017eet - 2025 - Op\u0161tina Ro\u017eaje","isPartOf":{"@id":"https:\/\/www.rozaje.me\/#website"},"datePublished":"2024-12-25T11:11:51+00:00","dateModified":"2026-03-11T12:50:11+00:00","breadcrumb":{"@id":"https:\/\/www.rozaje.me\/budzet-2025\/#breadcrumb"},"inLanguage":"en-GB","potentialAction":[{"@type":"ReadAction","target":["https:\/\/www.rozaje.me\/budzet-2025\/"]}]},{"@type":"BreadcrumbList","@id":"https:\/\/www.rozaje.me\/budzet-2025\/#breadcrumb","itemListElement":[{"@type":"ListItem","position":1,"name":"Home","item":"https:\/\/www.rozaje.me\/"},{"@type":"ListItem","position":2,"name":"Bud\u017eet &#8211; 2025"}]},{"@type":"WebSite","@id":"https:\/\/www.rozaje.me\/#website","url":"https:\/\/www.rozaje.me\/","name":"Municipality of Ro\u017eaje","description":"The official website of the Municipality of Ro\u017eaje","publisher":{"@id":"https:\/\/www.rozaje.me\/#organization"},"alternateName":"Opstina Rozaje","potentialAction":[{"@type":"SearchAction","target":{"@type":"EntryPoint","urlTemplate":"https:\/\/www.rozaje.me\/?s={search_term_string}"},"query-input":{"@type":"PropertyValueSpecification","valueRequired":true,"valueName":"search_term_string"}}],"inLanguage":"en-GB"},{"@type":"Organization","@id":"https:\/\/www.rozaje.me\/#organization","name":"Opstina Rozaje","url":"https:\/\/www.rozaje.me\/","logo":{"@type":"ImageObject","inLanguage":"en-GB","@id":"https:\/\/www.rozaje.me\/#\/schema\/logo\/image\/","url":"https:\/\/www.rozaje.me\/wp-content\/uploads\/2022\/08\/logo-textless.svg","contentUrl":"https:\/\/www.rozaje.me\/wp-content\/uploads\/2022\/08\/logo-textless.svg","width":108.00360000000000582076609134674072265625,"height":131.15059999999999718056642450392246246337890625,"caption":"Opstina Rozaje"},"image":{"@id":"https:\/\/www.rozaje.me\/#\/schema\/logo\/image\/"},"sameAs":["https:\/\/www.facebook.com\/OpstinaRozajeOfficial\/","https:\/\/www.youtube.com\/channel\/UCepcislHIwc6KRZTLa6FIlg"]}]}},"_links":{"self":[{"href":"https:\/\/www.rozaje.me\/en\/wp-json\/wp\/v2\/pages\/31822","targetHints":{"allow":["GET"]}}],"collection":[{"href":"https:\/\/www.rozaje.me\/en\/wp-json\/wp\/v2\/pages"}],"about":[{"href":"https:\/\/www.rozaje.me\/en\/wp-json\/wp\/v2\/types\/page"}],"author":[{"embeddable":true,"href":"https:\/\/www.rozaje.me\/en\/wp-json\/wp\/v2\/users\/11"}],"replies":[{"embeddable":true,"href":"https:\/\/www.rozaje.me\/en\/wp-json\/wp\/v2\/comments?post=31822"}],"version-history":[{"count":11,"href":"https:\/\/www.rozaje.me\/en\/wp-json\/wp\/v2\/pages\/31822\/revisions"}],"predecessor-version":[{"id":33872,"href":"https:\/\/www.rozaje.me\/en\/wp-json\/wp\/v2\/pages\/31822\/revisions\/33872"}],"wp:attachment":[{"href":"https:\/\/www.rozaje.me\/en\/wp-json\/wp\/v2\/media?parent=31822"}],"curies":[{"name":"wp","href":"https:\/\/api.w.org\/{rel}","templated":true}]}}