{"id":31571,"date":"2024-11-05T09:10:25","date_gmt":"2024-11-05T08:10:25","guid":{"rendered":"https:\/\/www.rozaje.me\/?page_id=31571"},"modified":"2024-11-05T09:45:11","modified_gmt":"2024-11-05T08:45:11","slug":"mjesne-zajednice","status":"publish","type":"page","link":"https:\/\/www.rozaje.me\/en\/mjesne-zajednice\/","title":{"rendered":"Mjesne zajednice"},"content":{"rendered":"<p class=\"has-pale-cyan-blue-color has-text-color has-link-color wp-elements-586aedbe90e5b209bdb991aa4688599a\"><strong>SPISAK MJESNIH ZAJEDNICA 2023<\/strong><\/p>\n\n\n\n<figure class=\"wp-block-table\"><table class=\"has-fixed-layout\"><tbody><tr><td><strong>Ordinal number<\/strong><\/td><td><strong>Local community<\/strong><\/td><td><strong>President of the Ministry of Health<\/strong><\/td><td><strong>Broj telefona<\/strong><\/td><\/tr><tr><td>1.<\/td><td>Desna obala Ibra<\/td><td>Sead Kurtagi\u0107 <\/td><td>067\/497-587<\/td><\/tr><tr><td>2.<\/td><td>The right bank of the Ibar I <\/td><td>Hadro Muri\u0107 <\/td><td>068\/382-068<\/td><\/tr><tr><td>3.<\/td><td>The left bank of the Ibar <\/td><td>Husnija Fetahovi\u0107 <\/td><td>068\/764-704<\/td><\/tr><tr><td>4.<\/td><td>Ibarac  <\/td><td>Amer \u0160krijelj<\/td><td>069\/945-500<\/td><\/tr><tr><td>5.<\/td><td>Kalace <\/td><td>Mithat Kalac <\/td><td>069\/034-252<\/td><\/tr><tr><td>6.<\/td><td>Ba\u0107<\/td><td>Harun Kurbardovi\u0107 <\/td><td>067\/305-202<\/td><\/tr><tr><td>7.<\/td><td>Bi\u0161evo  <\/td><td>Remzo Mehovi\u0107<\/td><td>067\/824-843<\/td><\/tr><tr><td>8.<\/td><td>Ba\u0161ca <\/td><td>Ljilja Milojkovi\u0107 <\/td><td>068\/675-123<\/td><\/tr><tr><td>9.<\/td><td>The knee  <\/td><td>Safedin Mujevi\u0107<\/td><td>068\/744-305<\/td><\/tr><tr><td>10.<\/td><td>Bukovica  <\/td><td>Meho Hot<\/td><td>068\/131-035<\/td><\/tr><tr><td>11.<\/td><td>The gorge  <\/td><td>D\u017eevad Muri\u0107<\/td><td>068\/838-511<\/td><\/tr><tr><td>12.<\/td><td>The middle ones <\/td><td>Amer Kurpejovi\u0107 <\/td><td>068\/433-414<\/td><\/tr><tr><td>13.<\/td><td>Seoshnica <\/td><td>Rahman Nurkovi\u0107 <\/td><td>067\/508-705<\/td><\/tr><tr><td>14.<\/td><td>Radetin <\/td><td>Hajrudin Ledini\u0107 <\/td><td>069\/516-521<\/td><\/tr><tr><td>15.<\/td><td>They will give <\/td><td>Adem Daci\u0107 <\/td><td>068\/176-309<\/td><\/tr><tr><td>16.<\/td><td>Cobweb <\/td><td>Jusuf Husovic <\/td><td>068\/040-252<\/td><\/tr><tr><td>17.<\/td><td>Ballots <\/td><td>Ra\u0161id Dautovi\u0107 <\/td><td>067\/652-004<\/td><\/tr><tr><td>18.<\/td><td>Rabid <\/td><td>Elmir Daci\u0107 <\/td><td>068\/560-356<\/td><\/tr><tr><td>19.<\/td><td>Donja Lovnica  <\/td><td>D\u017eafer Muri\u0107<\/td><td>069\/215-091<\/td><\/tr><tr><td>20.<\/td><td>Gri\u017eica  <\/td><td>Darko Djurovi\u0107<\/td><td>068\/383-565<\/td><\/tr><tr><td>21.<\/td><td>Gornja Lovnica  <\/td><td>Admir Muri\u0107<\/td><td>069\/395-365<\/td><\/tr><tr><td>22.<\/td><td>Breasts <\/td><td>Skender Daci\u0107 <\/td><td>069\/717-035<\/td><\/tr><tr><td>23.<\/td><td>\u0106osovica <\/td><td> Alen Ku\u010d<\/td><td>069\/802-681<\/td><\/tr><tr><td>24.<\/td><td>Ports  <\/td><td>Anes Ku\u010d<\/td><td>069\/836-789<\/td><\/tr><tr><td>25.<\/td><td>Peas <\/td><td>Senad Muri\u0107 <\/td><td>069\/331-541<\/td><\/tr><tr><td>26.<\/td><td>White Church <\/td><td>Branko Bulatovi\u0107 <\/td><td>067\/552-782<\/td><\/tr><tr><td>27.<\/td><td>Bogaje <\/td><td>\u017deljko Magdelini\u0107 <\/td><td>069\/475-265<\/td><\/tr><tr><td>28.<\/td><td>Jablanica<\/td><td>Refik Muri\u0107<\/td><td>069\/551-936<\/td><\/tr><\/tbody><\/table><\/figure>","protected":false},"excerpt":{"rendered":"<p>SPISAK MJESNIH ZAJEDNICA 2023 Redni broj Mjesna zajednica Predsjednik MZ Broj telefona 1. Desna obala Ibra Sead Kurtagi\u0107 067\/497-587 2. Desna obala Ibra I Hadro&#46;&#46;&#46;<\/p>","protected":false},"author":11,"featured_media":0,"parent":0,"menu_order":0,"comment_status":"closed","ping_status":"closed","template":"","meta":{"_monsterinsights_skip_tracking":false,"_monsterinsights_sitenote_active":false,"_monsterinsights_sitenote_note":"","_monsterinsights_sitenote_category":0,"footnotes":""},"class_list":["post-31571","page","type-page","status-publish","hentry"],"yoast_head":"<!-- This site is optimized with the Yoast SEO plugin v27.2 - https:\/\/yoast.com\/product\/yoast-seo-wordpress\/ -->\n<title>Mjesne zajednice - Op\u0161tina Ro\u017eaje<\/title>\n<meta name=\"robots\" content=\"index, follow, max-snippet:-1, max-image-preview:large, max-video-preview:-1\" \/>\n<link rel=\"canonical\" href=\"https:\/\/www.rozaje.me\/en\/mjesne-zajednice\/\" \/>\n<meta property=\"og:locale\" content=\"en_GB\" \/>\n<meta property=\"og:type\" content=\"article\" \/>\n<meta property=\"og:title\" content=\"Mjesne zajednice - Op\u0161tina Ro\u017eaje\" \/>\n<meta property=\"og:description\" content=\"SPISAK MJESNIH ZAJEDNICA 2023 Redni broj Mjesna zajednica Predsjednik MZ Broj telefona 1. Desna obala Ibra Sead Kurtagi\u0107 067\/497-587 2. Desna obala Ibra I Hadro&#046;&#046;&#046;\" \/>\n<meta property=\"og:url\" content=\"https:\/\/www.rozaje.me\/en\/mjesne-zajednice\/\" \/>\n<meta property=\"og:site_name\" content=\"Op\u0161tina Ro\u017eaje\" \/>\n<meta property=\"article:publisher\" content=\"https:\/\/www.facebook.com\/OpstinaRozajeOfficial\/\" \/>\n<meta property=\"article:modified_time\" content=\"2024-11-05T08:45:11+00:00\" \/>\n<meta name=\"twitter:card\" content=\"summary_large_image\" \/>\n<meta name=\"twitter:label1\" content=\"Estimated reading time\" \/>\n\t<meta name=\"twitter:data1\" content=\"1 minute\" \/>\n<script type=\"application\/ld+json\" class=\"yoast-schema-graph\">{\"@context\":\"https:\/\/schema.org\",\"@graph\":[{\"@type\":\"WebPage\",\"@id\":\"https:\/\/www.rozaje.me\/mjesne-zajednice\/\",\"url\":\"https:\/\/www.rozaje.me\/mjesne-zajednice\/\",\"name\":\"Mjesne zajednice - Op\u0161tina Ro\u017eaje\",\"isPartOf\":{\"@id\":\"https:\/\/www.rozaje.me\/#website\"},\"datePublished\":\"2024-11-05T08:10:25+00:00\",\"dateModified\":\"2024-11-05T08:45:11+00:00\",\"breadcrumb\":{\"@id\":\"https:\/\/www.rozaje.me\/mjesne-zajednice\/#breadcrumb\"},\"inLanguage\":\"en-GB\",\"potentialAction\":[{\"@type\":\"ReadAction\",\"target\":[\"https:\/\/www.rozaje.me\/mjesne-zajednice\/\"]}]},{\"@type\":\"BreadcrumbList\",\"@id\":\"https:\/\/www.rozaje.me\/mjesne-zajednice\/#breadcrumb\",\"itemListElement\":[{\"@type\":\"ListItem\",\"position\":1,\"name\":\"Home\",\"item\":\"https:\/\/www.rozaje.me\/\"},{\"@type\":\"ListItem\",\"position\":2,\"name\":\"Mjesne zajednice\"}]},{\"@type\":\"WebSite\",\"@id\":\"https:\/\/www.rozaje.me\/#website\",\"url\":\"https:\/\/www.rozaje.me\/\",\"name\":\"Op\u0161tina Ro\u017eaje\",\"description\":\"Zvani\u010dna veb stranica Op\u0161tine Ro\u017eaje\",\"publisher\":{\"@id\":\"https:\/\/www.rozaje.me\/#organization\"},\"alternateName\":\"Opstina Rozaje\",\"potentialAction\":[{\"@type\":\"SearchAction\",\"target\":{\"@type\":\"EntryPoint\",\"urlTemplate\":\"https:\/\/www.rozaje.me\/?s={search_term_string}\"},\"query-input\":{\"@type\":\"PropertyValueSpecification\",\"valueRequired\":true,\"valueName\":\"search_term_string\"}}],\"inLanguage\":\"en-GB\"},{\"@type\":\"Organization\",\"@id\":\"https:\/\/www.rozaje.me\/#organization\",\"name\":\"Opstina Rozaje\",\"url\":\"https:\/\/www.rozaje.me\/\",\"logo\":{\"@type\":\"ImageObject\",\"inLanguage\":\"en-GB\",\"@id\":\"https:\/\/www.rozaje.me\/#\/schema\/logo\/image\/\",\"url\":\"https:\/\/www.rozaje.me\/wp-content\/uploads\/2022\/08\/logo-textless.svg\",\"contentUrl\":\"https:\/\/www.rozaje.me\/wp-content\/uploads\/2022\/08\/logo-textless.svg\",\"width\":108.00360000000000582076609134674072265625,\"height\":131.15059999999999718056642450392246246337890625,\"caption\":\"Opstina Rozaje\"},\"image\":{\"@id\":\"https:\/\/www.rozaje.me\/#\/schema\/logo\/image\/\"},\"sameAs\":[\"https:\/\/www.facebook.com\/OpstinaRozajeOfficial\/\",\"https:\/\/www.youtube.com\/channel\/UCepcislHIwc6KRZTLa6FIlg\"]}]}<\/script>\n<!-- \/ Yoast SEO plugin. -->","yoast_head_json":{"title":"Mjesne zajednice - Op\u0161tina Ro\u017eaje","robots":{"index":"index","follow":"follow","max-snippet":"max-snippet:-1","max-image-preview":"max-image-preview:large","max-video-preview":"max-video-preview:-1"},"canonical":"https:\/\/www.rozaje.me\/en\/mjesne-zajednice\/","og_locale":"en_GB","og_type":"article","og_title":"Mjesne zajednice - Op\u0161tina Ro\u017eaje","og_description":"SPISAK MJESNIH ZAJEDNICA 2023 Redni broj Mjesna zajednica Predsjednik MZ Broj telefona 1. Desna obala Ibra Sead Kurtagi\u0107 067\/497-587 2. Desna obala Ibra I Hadro&#46;&#46;&#46;","og_url":"https:\/\/www.rozaje.me\/en\/mjesne-zajednice\/","og_site_name":"Op\u0161tina Ro\u017eaje","article_publisher":"https:\/\/www.facebook.com\/OpstinaRozajeOfficial\/","article_modified_time":"2024-11-05T08:45:11+00:00","twitter_card":"summary_large_image","twitter_misc":{"Estimated reading time":"1 minute"},"schema":{"@context":"https:\/\/schema.org","@graph":[{"@type":"WebPage","@id":"https:\/\/www.rozaje.me\/mjesne-zajednice\/","url":"https:\/\/www.rozaje.me\/mjesne-zajednice\/","name":"Mjesne zajednice - Op\u0161tina Ro\u017eaje","isPartOf":{"@id":"https:\/\/www.rozaje.me\/#website"},"datePublished":"2024-11-05T08:10:25+00:00","dateModified":"2024-11-05T08:45:11+00:00","breadcrumb":{"@id":"https:\/\/www.rozaje.me\/mjesne-zajednice\/#breadcrumb"},"inLanguage":"en-GB","potentialAction":[{"@type":"ReadAction","target":["https:\/\/www.rozaje.me\/mjesne-zajednice\/"]}]},{"@type":"BreadcrumbList","@id":"https:\/\/www.rozaje.me\/mjesne-zajednice\/#breadcrumb","itemListElement":[{"@type":"ListItem","position":1,"name":"Home","item":"https:\/\/www.rozaje.me\/"},{"@type":"ListItem","position":2,"name":"Mjesne zajednice"}]},{"@type":"WebSite","@id":"https:\/\/www.rozaje.me\/#website","url":"https:\/\/www.rozaje.me\/","name":"Municipality of Ro\u017eaje","description":"The official website of the Municipality of Ro\u017eaje","publisher":{"@id":"https:\/\/www.rozaje.me\/#organization"},"alternateName":"Opstina Rozaje","potentialAction":[{"@type":"SearchAction","target":{"@type":"EntryPoint","urlTemplate":"https:\/\/www.rozaje.me\/?s={search_term_string}"},"query-input":{"@type":"PropertyValueSpecification","valueRequired":true,"valueName":"search_term_string"}}],"inLanguage":"en-GB"},{"@type":"Organization","@id":"https:\/\/www.rozaje.me\/#organization","name":"Opstina Rozaje","url":"https:\/\/www.rozaje.me\/","logo":{"@type":"ImageObject","inLanguage":"en-GB","@id":"https:\/\/www.rozaje.me\/#\/schema\/logo\/image\/","url":"https:\/\/www.rozaje.me\/wp-content\/uploads\/2022\/08\/logo-textless.svg","contentUrl":"https:\/\/www.rozaje.me\/wp-content\/uploads\/2022\/08\/logo-textless.svg","width":108.00360000000000582076609134674072265625,"height":131.15059999999999718056642450392246246337890625,"caption":"Opstina Rozaje"},"image":{"@id":"https:\/\/www.rozaje.me\/#\/schema\/logo\/image\/"},"sameAs":["https:\/\/www.facebook.com\/OpstinaRozajeOfficial\/","https:\/\/www.youtube.com\/channel\/UCepcislHIwc6KRZTLa6FIlg"]}]}},"_links":{"self":[{"href":"https:\/\/www.rozaje.me\/en\/wp-json\/wp\/v2\/pages\/31571","targetHints":{"allow":["GET"]}}],"collection":[{"href":"https:\/\/www.rozaje.me\/en\/wp-json\/wp\/v2\/pages"}],"about":[{"href":"https:\/\/www.rozaje.me\/en\/wp-json\/wp\/v2\/types\/page"}],"author":[{"embeddable":true,"href":"https:\/\/www.rozaje.me\/en\/wp-json\/wp\/v2\/users\/11"}],"replies":[{"embeddable":true,"href":"https:\/\/www.rozaje.me\/en\/wp-json\/wp\/v2\/comments?post=31571"}],"version-history":[{"count":0,"href":"https:\/\/www.rozaje.me\/en\/wp-json\/wp\/v2\/pages\/31571\/revisions"}],"wp:attachment":[{"href":"https:\/\/www.rozaje.me\/en\/wp-json\/wp\/v2\/media?parent=31571"}],"curies":[{"name":"wp","href":"https:\/\/api.w.org\/{rel}","templated":true}]}}