{"id":31565,"date":"2024-11-04T13:50:26","date_gmt":"2024-11-04T12:50:26","guid":{"rendered":"https:\/\/www.rozaje.me\/?page_id=31565"},"modified":"2024-11-04T14:02:27","modified_gmt":"2024-11-04T13:02:27","slug":"spisak-sluzbenika","status":"publish","type":"page","link":"https:\/\/www.rozaje.me\/en\/spisak-sluzbenika\/","title":{"rendered":"Spisak slu\u017ebenika Sekretarijata za planiranje i ure\u0111enje prostora"},"content":{"rendered":"<figure class=\"wp-block-table\"><table class=\"has-fixed-layout\"><tbody><tr><td class=\"has-text-align-center\" data-align=\"center\">Ordinal number<\/td><td class=\"has-text-align-center\" data-align=\"center\">Ime i prezime slu\u017ebenika<\/td><td class=\"has-text-align-center\" data-align=\"center\">Stru\u010dna sprema<\/td><td class=\"has-text-align-center\" data-align=\"center\">Radno mjesto<\/td><\/tr><tr><td class=\"has-text-align-center\" data-align=\"center\">1<\/td><td class=\"has-text-align-center\" data-align=\"center\">Nezerija Kurtagi\u0107<\/td><td class=\"has-text-align-center\" data-align=\"center\">Dipl. ing. gra\u0111evine<\/td><td class=\"has-text-align-center\" data-align=\"center\">Samostalna Savjetnica I za ure\u0111enje prostora<\/td><\/tr><tr><td class=\"has-text-align-center\" data-align=\"center\">2<\/td><td class=\"has-text-align-center\" data-align=\"center\">Elvira \u0160krijelj <\/td><td class=\"has-text-align-center\" data-align=\"center\">Dipl. pravnica<\/td><td class=\"has-text-align-center\" data-align=\"center\">Samostalna Savjetnica za prvne poslove<\/td><\/tr><tr><td class=\"has-text-align-center\" data-align=\"center\">3<\/td><td class=\"has-text-align-center\" data-align=\"center\">Alisa E\u0107o <\/td><td class=\"has-text-align-center\" data-align=\"center\">Dipl. ing. gra\u0111evine<\/td><td class=\"has-text-align-center\" data-align=\"center\">Samostalna Savjetnica I za gra\u0111evinstvo<\/td><\/tr><tr><td class=\"has-text-align-center\" data-align=\"center\">4<\/td><td class=\"has-text-align-center\" data-align=\"center\">Enisa Muri\u0107<\/td><td class=\"has-text-align-center\" data-align=\"center\">Dipl. pravnica<\/td><td class=\"has-text-align-center\" data-align=\"center\">Samostalna savjetnica I za pravna pitanja za za\u0161titu \u017eivotne sredine<\/td><\/tr><tr><td class=\"has-text-align-center\" data-align=\"center\">5<\/td><td class=\"has-text-align-center\" data-align=\"center\">Hajrija Kala\u010d<\/td><td class=\"has-text-align-center\" data-align=\"center\">Dipl. ing. gra\u0111evine<\/td><td class=\"has-text-align-center\" data-align=\"center\">Samostalna Savjetnica I za za\u0161titu \u017eivotne sredine<\/td><\/tr><tr><td class=\"has-text-align-center\" data-align=\"center\">6<\/td><td class=\"has-text-align-center\" data-align=\"center\">Muhamed Daci\u0107<\/td><td class=\"has-text-align-center\" data-align=\"center\">Dipl.ing. arhitekture<\/td><td class=\"has-text-align-center\" data-align=\"center\">Samostalni Savjetnik I za ure\u0111enje prostorta<\/td><\/tr><tr><td class=\"has-text-align-center\" data-align=\"center\">7<\/td><td class=\"has-text-align-center\" data-align=\"center\">Asmin Kala\u010d <\/td><td class=\"has-text-align-center\" data-align=\"center\">Dipl. ing. arhitekture<\/td><td class=\"has-text-align-center\" data-align=\"center\">Samostalni Savjetnik I za ure\u0111enje prostora<\/td><\/tr><tr><td class=\"has-text-align-center\" data-align=\"center\">8<\/td><td class=\"has-text-align-center\" data-align=\"center\">Nusret Muri\u0107<\/td><td class=\"has-text-align-center\" data-align=\"center\">Dipl. ekonomista<\/td><td class=\"has-text-align-center\" data-align=\"center\">Samostalni savjetnik III za ekonomska pitanja<\/td><\/tr><tr><td class=\"has-text-align-center\" data-align=\"center\">9<\/td><td class=\"has-text-align-center\" data-align=\"center\">Aida Hasi\u0107<\/td><td class=\"has-text-align-center\" data-align=\"center\">Ekonomista-menad\u017ement<\/td><td class=\"has-text-align-center\" data-align=\"center\">Savjetnica II za ekonomska pitanja<\/td><\/tr><\/tbody><\/table><\/figure>\n\n\n\n<p><\/p>","protected":false},"excerpt":{"rendered":"<p>Redni broj Ime i prezime slu\u017ebenika Stru\u010dna sprema Radno mjesto 1 Nezerija Kurtagi\u0107 Dipl. ing. gra\u0111evine Samostalna Savjetnica I za ure\u0111enje prostora 2 Elvira \u0160krijelj&#46;&#46;&#46;<\/p>","protected":false},"author":11,"featured_media":0,"parent":0,"menu_order":0,"comment_status":"closed","ping_status":"closed","template":"","meta":{"_monsterinsights_skip_tracking":false,"_monsterinsights_sitenote_active":false,"_monsterinsights_sitenote_note":"","_monsterinsights_sitenote_category":0,"footnotes":""},"class_list":["post-31565","page","type-page","status-publish","hentry"],"yoast_head":"<!-- This site is optimized with the Yoast SEO plugin v27.2 - https:\/\/yoast.com\/product\/yoast-seo-wordpress\/ -->\n<title>Spisak slu\u017ebenika Sekretarijata za planiranje i ure\u0111enje prostora - Op\u0161tina Ro\u017eaje<\/title>\n<meta name=\"robots\" content=\"index, follow, max-snippet:-1, max-image-preview:large, max-video-preview:-1\" \/>\n<link rel=\"canonical\" href=\"https:\/\/www.rozaje.me\/en\/spisak-sluzbenika\/\" \/>\n<meta property=\"og:locale\" content=\"en_GB\" \/>\n<meta property=\"og:type\" content=\"article\" \/>\n<meta property=\"og:title\" content=\"Spisak slu\u017ebenika Sekretarijata za planiranje i ure\u0111enje prostora - Op\u0161tina Ro\u017eaje\" \/>\n<meta property=\"og:description\" content=\"Redni broj Ime i prezime slu\u017ebenika Stru\u010dna sprema Radno mjesto 1 Nezerija Kurtagi\u0107 Dipl. ing. gra\u0111evine Samostalna Savjetnica I za ure\u0111enje prostora 2 Elvira \u0160krijelj&#046;&#046;&#046;\" \/>\n<meta property=\"og:url\" content=\"https:\/\/www.rozaje.me\/en\/spisak-sluzbenika\/\" \/>\n<meta property=\"og:site_name\" content=\"Op\u0161tina Ro\u017eaje\" \/>\n<meta property=\"article:publisher\" content=\"https:\/\/www.facebook.com\/OpstinaRozajeOfficial\/\" \/>\n<meta property=\"article:modified_time\" content=\"2024-11-04T13:02:27+00:00\" \/>\n<meta name=\"twitter:card\" content=\"summary_large_image\" \/>\n<meta name=\"twitter:label1\" content=\"Estimated reading time\" \/>\n\t<meta name=\"twitter:data1\" content=\"1 minute\" \/>\n<script type=\"application\/ld+json\" class=\"yoast-schema-graph\">{\"@context\":\"https:\/\/schema.org\",\"@graph\":[{\"@type\":\"WebPage\",\"@id\":\"https:\/\/www.rozaje.me\/spisak-sluzbenika\/\",\"url\":\"https:\/\/www.rozaje.me\/spisak-sluzbenika\/\",\"name\":\"Spisak slu\u017ebenika Sekretarijata za planiranje i ure\u0111enje prostora - Op\u0161tina Ro\u017eaje\",\"isPartOf\":{\"@id\":\"https:\/\/www.rozaje.me\/#website\"},\"datePublished\":\"2024-11-04T12:50:26+00:00\",\"dateModified\":\"2024-11-04T13:02:27+00:00\",\"breadcrumb\":{\"@id\":\"https:\/\/www.rozaje.me\/spisak-sluzbenika\/#breadcrumb\"},\"inLanguage\":\"en-GB\",\"potentialAction\":[{\"@type\":\"ReadAction\",\"target\":[\"https:\/\/www.rozaje.me\/spisak-sluzbenika\/\"]}]},{\"@type\":\"BreadcrumbList\",\"@id\":\"https:\/\/www.rozaje.me\/spisak-sluzbenika\/#breadcrumb\",\"itemListElement\":[{\"@type\":\"ListItem\",\"position\":1,\"name\":\"Home\",\"item\":\"https:\/\/www.rozaje.me\/\"},{\"@type\":\"ListItem\",\"position\":2,\"name\":\"Spisak slu\u017ebenika Sekretarijata za planiranje i ure\u0111enje prostora\"}]},{\"@type\":\"WebSite\",\"@id\":\"https:\/\/www.rozaje.me\/#website\",\"url\":\"https:\/\/www.rozaje.me\/\",\"name\":\"Op\u0161tina Ro\u017eaje\",\"description\":\"Zvani\u010dna veb stranica Op\u0161tine Ro\u017eaje\",\"publisher\":{\"@id\":\"https:\/\/www.rozaje.me\/#organization\"},\"alternateName\":\"Opstina Rozaje\",\"potentialAction\":[{\"@type\":\"SearchAction\",\"target\":{\"@type\":\"EntryPoint\",\"urlTemplate\":\"https:\/\/www.rozaje.me\/?s={search_term_string}\"},\"query-input\":{\"@type\":\"PropertyValueSpecification\",\"valueRequired\":true,\"valueName\":\"search_term_string\"}}],\"inLanguage\":\"en-GB\"},{\"@type\":\"Organization\",\"@id\":\"https:\/\/www.rozaje.me\/#organization\",\"name\":\"Opstina Rozaje\",\"url\":\"https:\/\/www.rozaje.me\/\",\"logo\":{\"@type\":\"ImageObject\",\"inLanguage\":\"en-GB\",\"@id\":\"https:\/\/www.rozaje.me\/#\/schema\/logo\/image\/\",\"url\":\"https:\/\/www.rozaje.me\/wp-content\/uploads\/2022\/08\/logo-textless.svg\",\"contentUrl\":\"https:\/\/www.rozaje.me\/wp-content\/uploads\/2022\/08\/logo-textless.svg\",\"width\":108.00360000000000582076609134674072265625,\"height\":131.15059999999999718056642450392246246337890625,\"caption\":\"Opstina Rozaje\"},\"image\":{\"@id\":\"https:\/\/www.rozaje.me\/#\/schema\/logo\/image\/\"},\"sameAs\":[\"https:\/\/www.facebook.com\/OpstinaRozajeOfficial\/\",\"https:\/\/www.youtube.com\/channel\/UCepcislHIwc6KRZTLa6FIlg\"]}]}<\/script>\n<!-- \/ Yoast SEO plugin. -->","yoast_head_json":{"title":"Spisak slu\u017ebenika Sekretarijata za planiranje i ure\u0111enje prostora - Op\u0161tina Ro\u017eaje","robots":{"index":"index","follow":"follow","max-snippet":"max-snippet:-1","max-image-preview":"max-image-preview:large","max-video-preview":"max-video-preview:-1"},"canonical":"https:\/\/www.rozaje.me\/en\/spisak-sluzbenika\/","og_locale":"en_GB","og_type":"article","og_title":"Spisak slu\u017ebenika Sekretarijata za planiranje i ure\u0111enje prostora - Op\u0161tina Ro\u017eaje","og_description":"Redni broj Ime i prezime slu\u017ebenika Stru\u010dna sprema Radno mjesto 1 Nezerija Kurtagi\u0107 Dipl. ing. gra\u0111evine Samostalna Savjetnica I za ure\u0111enje prostora 2 Elvira \u0160krijelj&#46;&#46;&#46;","og_url":"https:\/\/www.rozaje.me\/en\/spisak-sluzbenika\/","og_site_name":"Op\u0161tina Ro\u017eaje","article_publisher":"https:\/\/www.facebook.com\/OpstinaRozajeOfficial\/","article_modified_time":"2024-11-04T13:02:27+00:00","twitter_card":"summary_large_image","twitter_misc":{"Estimated reading time":"1 minute"},"schema":{"@context":"https:\/\/schema.org","@graph":[{"@type":"WebPage","@id":"https:\/\/www.rozaje.me\/spisak-sluzbenika\/","url":"https:\/\/www.rozaje.me\/spisak-sluzbenika\/","name":"Spisak slu\u017ebenika Sekretarijata za planiranje i ure\u0111enje prostora - Op\u0161tina Ro\u017eaje","isPartOf":{"@id":"https:\/\/www.rozaje.me\/#website"},"datePublished":"2024-11-04T12:50:26+00:00","dateModified":"2024-11-04T13:02:27+00:00","breadcrumb":{"@id":"https:\/\/www.rozaje.me\/spisak-sluzbenika\/#breadcrumb"},"inLanguage":"en-GB","potentialAction":[{"@type":"ReadAction","target":["https:\/\/www.rozaje.me\/spisak-sluzbenika\/"]}]},{"@type":"BreadcrumbList","@id":"https:\/\/www.rozaje.me\/spisak-sluzbenika\/#breadcrumb","itemListElement":[{"@type":"ListItem","position":1,"name":"Home","item":"https:\/\/www.rozaje.me\/"},{"@type":"ListItem","position":2,"name":"Spisak slu\u017ebenika Sekretarijata za planiranje i ure\u0111enje prostora"}]},{"@type":"WebSite","@id":"https:\/\/www.rozaje.me\/#website","url":"https:\/\/www.rozaje.me\/","name":"Municipality of Ro\u017eaje","description":"The official website of the Municipality of Ro\u017eaje","publisher":{"@id":"https:\/\/www.rozaje.me\/#organization"},"alternateName":"Opstina Rozaje","potentialAction":[{"@type":"SearchAction","target":{"@type":"EntryPoint","urlTemplate":"https:\/\/www.rozaje.me\/?s={search_term_string}"},"query-input":{"@type":"PropertyValueSpecification","valueRequired":true,"valueName":"search_term_string"}}],"inLanguage":"en-GB"},{"@type":"Organization","@id":"https:\/\/www.rozaje.me\/#organization","name":"Opstina Rozaje","url":"https:\/\/www.rozaje.me\/","logo":{"@type":"ImageObject","inLanguage":"en-GB","@id":"https:\/\/www.rozaje.me\/#\/schema\/logo\/image\/","url":"https:\/\/www.rozaje.me\/wp-content\/uploads\/2022\/08\/logo-textless.svg","contentUrl":"https:\/\/www.rozaje.me\/wp-content\/uploads\/2022\/08\/logo-textless.svg","width":108.00360000000000582076609134674072265625,"height":131.15059999999999718056642450392246246337890625,"caption":"Opstina Rozaje"},"image":{"@id":"https:\/\/www.rozaje.me\/#\/schema\/logo\/image\/"},"sameAs":["https:\/\/www.facebook.com\/OpstinaRozajeOfficial\/","https:\/\/www.youtube.com\/channel\/UCepcislHIwc6KRZTLa6FIlg"]}]}},"_links":{"self":[{"href":"https:\/\/www.rozaje.me\/en\/wp-json\/wp\/v2\/pages\/31565","targetHints":{"allow":["GET"]}}],"collection":[{"href":"https:\/\/www.rozaje.me\/en\/wp-json\/wp\/v2\/pages"}],"about":[{"href":"https:\/\/www.rozaje.me\/en\/wp-json\/wp\/v2\/types\/page"}],"author":[{"embeddable":true,"href":"https:\/\/www.rozaje.me\/en\/wp-json\/wp\/v2\/users\/11"}],"replies":[{"embeddable":true,"href":"https:\/\/www.rozaje.me\/en\/wp-json\/wp\/v2\/comments?post=31565"}],"version-history":[{"count":0,"href":"https:\/\/www.rozaje.me\/en\/wp-json\/wp\/v2\/pages\/31565\/revisions"}],"wp:attachment":[{"href":"https:\/\/www.rozaje.me\/en\/wp-json\/wp\/v2\/media?parent=31565"}],"curies":[{"name":"wp","href":"https:\/\/api.w.org\/{rel}","templated":true}]}}