{"id":3152,"date":"2013-02-11T00:45:48","date_gmt":"2013-02-11T00:45:48","guid":{"rendered":"http:\/\/www.rozaje.me\/?page_id=3152"},"modified":"2019-03-05T00:23:21","modified_gmt":"2019-03-05T00:23:21","slug":"prostorno-urbanisticki-plan-opstine-rozaje-do-2020-godine","status":"publish","type":"page","link":"https:\/\/www.rozaje.me\/en\/prostorno-urbanisticki-plan-opstine-rozaje-do-2020-godine\/","title":{"rendered":"Prostorno-urbanisti\u010dki plan op\u0161tine Ro\u017eaje do 2020. godine"},"content":{"rendered":"<p><a href=\"https:\/\/www.rozaje.me\/en\/prostorno-urbanisticki-plan-opstine-rozaje-do-2020-godine\/prostorno-urbanisticki-plan\/\" rel=\"attachment wp-att-5085\"><img loading=\"lazy\" decoding=\"async\" class=\"size-full wp-image-5085 aligncenter\" title=\"Prostorno urbanisti\u010dki plan\" src=\"http:\/\/www.rozaje.me\/wp-content\/uploads\/2013\/02\/Prostorno-urbanisti\u010dki-plan.jpg\" alt=\"\" width=\"458\" height=\"464\" srcset=\"https:\/\/www.rozaje.me\/wp-content\/uploads\/2013\/02\/Prostorno-urbanisti\u010dki-plan.jpg 458w, https:\/\/www.rozaje.me\/wp-content\/uploads\/2013\/02\/Prostorno-urbanisti\u010dki-plan-296x300.jpg 296w\" sizes=\"auto, (max-width: 458px) 100vw, 458px\" \/><\/a><\/p>\n<h2 style=\"text-align: center;\"><a href=\"https:\/\/www.rozaje.me\/wp-content\/uploads\/2019\/03\/0-NASLOVNA.pdf\">Naslovna stranica<\/a><\/h2>\n<h2 style=\"text-align: center;\"><a href=\"https:\/\/www.rozaje.me\/wp-content\/uploads\/2019\/03\/3-sadrzaj-pup.pdf\">Sadrzaj PUP<\/a><\/h2>\n<h2 style=\"text-align: center;\"><a href=\"https:\/\/www.rozaje.me\/wp-content\/uploads\/2019\/03\/2-strucni-tim-i-saradnici.pdf\">Strucni tim i saradnici<\/a><\/h2>\n<h2 style=\"text-align: center;\"><a href=\"https:\/\/www.rozaje.me\/wp-content\/uploads\/2019\/03\/4-tekstualni-dio.pdf\">Prostorno Urbanisti\u010dki Plan<\/a><\/h2>\n<h2 style=\"text-align: center;\"><a href=\"https:\/\/www.rozaje.me\/wp-content\/uploads\/2019\/03\/1-teritirijalna-podjela.pdf\">Grafi\u010dki prikaz &#8211; Teritorijalna podjela<\/a><\/h2>\n<h2 style=\"text-align: center;\"><a href=\"https:\/\/www.rozaje.me\/wp-content\/uploads\/2019\/03\/2-mreza-naselja.pdf\">Grafi\u010dki prikaz &#8211;\u00a0Mreza naselja<\/a><\/h2>\n<h2 style=\"text-align: center;\"><a href=\"https:\/\/www.rozaje.me\/wp-content\/uploads\/2019\/03\/5-OPSTA-NAMJENA-POVRSINA-Model-B.pdf\">Grafi\u010dki prikaz &#8211; Op\u0161ta namjena povr\u0161ina &#8211; Model B<\/a><\/h2>","protected":false},"excerpt":{"rendered":"<p>Naslovna stranica Sadrzaj PUP Strucni tim i saradnici Prostorno Urbanisti\u010dki Plan Grafi\u010dki prikaz &#8211; Teritorijalna podjela Grafi\u010dki prikaz &#8211;\u00a0Mreza naselja Grafi\u010dki prikaz &#8211; Op\u0161ta namjena&#46;&#46;&#46;<\/p>","protected":false},"author":11,"featured_media":0,"parent":0,"menu_order":0,"comment_status":"open","ping_status":"open","template":"","meta":{"_monsterinsights_skip_tracking":false,"_monsterinsights_sitenote_active":false,"_monsterinsights_sitenote_note":"","_monsterinsights_sitenote_category":0,"footnotes":""},"class_list":["post-3152","page","type-page","status-publish","hentry"],"yoast_head":"<!-- This site is optimized with the Yoast SEO plugin v27.2 - https:\/\/yoast.com\/product\/yoast-seo-wordpress\/ -->\n<title>Prostorno-urbanisti\u010dki plan op\u0161tine Ro\u017eaje do 2020. godine - Op\u0161tina Ro\u017eaje<\/title>\n<meta name=\"robots\" content=\"index, follow, max-snippet:-1, max-image-preview:large, max-video-preview:-1\" \/>\n<link rel=\"canonical\" href=\"https:\/\/www.rozaje.me\/en\/prostorno-urbanisticki-plan-opstine-rozaje-do-2020-godine\/\" \/>\n<meta property=\"og:locale\" content=\"en_GB\" \/>\n<meta property=\"og:type\" content=\"article\" \/>\n<meta property=\"og:title\" content=\"Prostorno-urbanisti\u010dki plan op\u0161tine Ro\u017eaje do 2020. godine - Op\u0161tina Ro\u017eaje\" \/>\n<meta property=\"og:description\" content=\"Naslovna stranica Sadrzaj PUP Strucni tim i saradnici Prostorno Urbanisti\u010dki Plan Grafi\u010dki prikaz &#8211; Teritorijalna podjela Grafi\u010dki prikaz &#8211;\u00a0Mreza naselja Grafi\u010dki prikaz &#8211; Op\u0161ta namjena&#046;&#046;&#046;\" \/>\n<meta property=\"og:url\" content=\"https:\/\/www.rozaje.me\/en\/prostorno-urbanisticki-plan-opstine-rozaje-do-2020-godine\/\" \/>\n<meta property=\"og:site_name\" content=\"Op\u0161tina Ro\u017eaje\" \/>\n<meta property=\"article:publisher\" content=\"https:\/\/www.facebook.com\/OpstinaRozajeOfficial\/\" \/>\n<meta property=\"article:modified_time\" content=\"2019-03-05T00:23:21+00:00\" \/>\n<meta property=\"og:image\" content=\"http:\/\/www.rozaje.me\/wp-content\/uploads\/2013\/02\/Prostorno-urbanisti\u010dki-plan.jpg\" \/>\n<meta name=\"twitter:card\" content=\"summary_large_image\" \/>\n<script type=\"application\/ld+json\" class=\"yoast-schema-graph\">{\"@context\":\"https:\/\/schema.org\",\"@graph\":[{\"@type\":\"WebPage\",\"@id\":\"https:\/\/www.rozaje.me\/prostorno-urbanisticki-plan-opstine-rozaje-do-2020-godine\/\",\"url\":\"https:\/\/www.rozaje.me\/prostorno-urbanisticki-plan-opstine-rozaje-do-2020-godine\/\",\"name\":\"Prostorno-urbanisti\u010dki plan op\u0161tine Ro\u017eaje do 2020. godine - Op\u0161tina Ro\u017eaje\",\"isPartOf\":{\"@id\":\"https:\/\/www.rozaje.me\/#website\"},\"datePublished\":\"2013-02-11T00:45:48+00:00\",\"dateModified\":\"2019-03-05T00:23:21+00:00\",\"breadcrumb\":{\"@id\":\"https:\/\/www.rozaje.me\/prostorno-urbanisticki-plan-opstine-rozaje-do-2020-godine\/#breadcrumb\"},\"inLanguage\":\"en-GB\",\"potentialAction\":[{\"@type\":\"ReadAction\",\"target\":[\"https:\/\/www.rozaje.me\/prostorno-urbanisticki-plan-opstine-rozaje-do-2020-godine\/\"]}]},{\"@type\":\"BreadcrumbList\",\"@id\":\"https:\/\/www.rozaje.me\/prostorno-urbanisticki-plan-opstine-rozaje-do-2020-godine\/#breadcrumb\",\"itemListElement\":[{\"@type\":\"ListItem\",\"position\":1,\"name\":\"Home\",\"item\":\"https:\/\/www.rozaje.me\/\"},{\"@type\":\"ListItem\",\"position\":2,\"name\":\"Prostorno-urbanisti\u010dki plan op\u0161tine Ro\u017eaje do 2020. godine\"}]},{\"@type\":\"WebSite\",\"@id\":\"https:\/\/www.rozaje.me\/#website\",\"url\":\"https:\/\/www.rozaje.me\/\",\"name\":\"Op\u0161tina Ro\u017eaje\",\"description\":\"Zvani\u010dna veb stranica Op\u0161tine Ro\u017eaje\",\"publisher\":{\"@id\":\"https:\/\/www.rozaje.me\/#organization\"},\"alternateName\":\"Opstina Rozaje\",\"potentialAction\":[{\"@type\":\"SearchAction\",\"target\":{\"@type\":\"EntryPoint\",\"urlTemplate\":\"https:\/\/www.rozaje.me\/?s={search_term_string}\"},\"query-input\":{\"@type\":\"PropertyValueSpecification\",\"valueRequired\":true,\"valueName\":\"search_term_string\"}}],\"inLanguage\":\"en-GB\"},{\"@type\":\"Organization\",\"@id\":\"https:\/\/www.rozaje.me\/#organization\",\"name\":\"Opstina Rozaje\",\"url\":\"https:\/\/www.rozaje.me\/\",\"logo\":{\"@type\":\"ImageObject\",\"inLanguage\":\"en-GB\",\"@id\":\"https:\/\/www.rozaje.me\/#\/schema\/logo\/image\/\",\"url\":\"https:\/\/www.rozaje.me\/wp-content\/uploads\/2022\/08\/logo-textless.svg\",\"contentUrl\":\"https:\/\/www.rozaje.me\/wp-content\/uploads\/2022\/08\/logo-textless.svg\",\"width\":108.00360000000000582076609134674072265625,\"height\":131.15059999999999718056642450392246246337890625,\"caption\":\"Opstina Rozaje\"},\"image\":{\"@id\":\"https:\/\/www.rozaje.me\/#\/schema\/logo\/image\/\"},\"sameAs\":[\"https:\/\/www.facebook.com\/OpstinaRozajeOfficial\/\",\"https:\/\/www.youtube.com\/channel\/UCepcislHIwc6KRZTLa6FIlg\"]}]}<\/script>\n<!-- \/ Yoast SEO plugin. -->","yoast_head_json":{"title":"Prostorno-urbanisti\u010dki plan op\u0161tine Ro\u017eaje do 2020. godine - Op\u0161tina Ro\u017eaje","robots":{"index":"index","follow":"follow","max-snippet":"max-snippet:-1","max-image-preview":"max-image-preview:large","max-video-preview":"max-video-preview:-1"},"canonical":"https:\/\/www.rozaje.me\/en\/prostorno-urbanisticki-plan-opstine-rozaje-do-2020-godine\/","og_locale":"en_GB","og_type":"article","og_title":"Prostorno-urbanisti\u010dki plan op\u0161tine Ro\u017eaje do 2020. godine - Op\u0161tina Ro\u017eaje","og_description":"Naslovna stranica Sadrzaj PUP Strucni tim i saradnici Prostorno Urbanisti\u010dki Plan Grafi\u010dki prikaz &#8211; Teritorijalna podjela Grafi\u010dki prikaz &#8211;\u00a0Mreza naselja Grafi\u010dki prikaz &#8211; Op\u0161ta namjena&#46;&#46;&#46;","og_url":"https:\/\/www.rozaje.me\/en\/prostorno-urbanisticki-plan-opstine-rozaje-do-2020-godine\/","og_site_name":"Op\u0161tina Ro\u017eaje","article_publisher":"https:\/\/www.facebook.com\/OpstinaRozajeOfficial\/","article_modified_time":"2019-03-05T00:23:21+00:00","og_image":[{"url":"http:\/\/www.rozaje.me\/wp-content\/uploads\/2013\/02\/Prostorno-urbanisti\u010dki-plan.jpg","type":"","width":"","height":""}],"twitter_card":"summary_large_image","schema":{"@context":"https:\/\/schema.org","@graph":[{"@type":"WebPage","@id":"https:\/\/www.rozaje.me\/prostorno-urbanisticki-plan-opstine-rozaje-do-2020-godine\/","url":"https:\/\/www.rozaje.me\/prostorno-urbanisticki-plan-opstine-rozaje-do-2020-godine\/","name":"Prostorno-urbanisti\u010dki plan op\u0161tine Ro\u017eaje do 2020. godine - Op\u0161tina Ro\u017eaje","isPartOf":{"@id":"https:\/\/www.rozaje.me\/#website"},"datePublished":"2013-02-11T00:45:48+00:00","dateModified":"2019-03-05T00:23:21+00:00","breadcrumb":{"@id":"https:\/\/www.rozaje.me\/prostorno-urbanisticki-plan-opstine-rozaje-do-2020-godine\/#breadcrumb"},"inLanguage":"en-GB","potentialAction":[{"@type":"ReadAction","target":["https:\/\/www.rozaje.me\/prostorno-urbanisticki-plan-opstine-rozaje-do-2020-godine\/"]}]},{"@type":"BreadcrumbList","@id":"https:\/\/www.rozaje.me\/prostorno-urbanisticki-plan-opstine-rozaje-do-2020-godine\/#breadcrumb","itemListElement":[{"@type":"ListItem","position":1,"name":"Home","item":"https:\/\/www.rozaje.me\/"},{"@type":"ListItem","position":2,"name":"Prostorno-urbanisti\u010dki plan op\u0161tine Ro\u017eaje do 2020. godine"}]},{"@type":"WebSite","@id":"https:\/\/www.rozaje.me\/#website","url":"https:\/\/www.rozaje.me\/","name":"Municipality of Ro\u017eaje","description":"The official website of the Municipality of Ro\u017eaje","publisher":{"@id":"https:\/\/www.rozaje.me\/#organization"},"alternateName":"Opstina Rozaje","potentialAction":[{"@type":"SearchAction","target":{"@type":"EntryPoint","urlTemplate":"https:\/\/www.rozaje.me\/?s={search_term_string}"},"query-input":{"@type":"PropertyValueSpecification","valueRequired":true,"valueName":"search_term_string"}}],"inLanguage":"en-GB"},{"@type":"Organization","@id":"https:\/\/www.rozaje.me\/#organization","name":"Opstina Rozaje","url":"https:\/\/www.rozaje.me\/","logo":{"@type":"ImageObject","inLanguage":"en-GB","@id":"https:\/\/www.rozaje.me\/#\/schema\/logo\/image\/","url":"https:\/\/www.rozaje.me\/wp-content\/uploads\/2022\/08\/logo-textless.svg","contentUrl":"https:\/\/www.rozaje.me\/wp-content\/uploads\/2022\/08\/logo-textless.svg","width":108.00360000000000582076609134674072265625,"height":131.15059999999999718056642450392246246337890625,"caption":"Opstina Rozaje"},"image":{"@id":"https:\/\/www.rozaje.me\/#\/schema\/logo\/image\/"},"sameAs":["https:\/\/www.facebook.com\/OpstinaRozajeOfficial\/","https:\/\/www.youtube.com\/channel\/UCepcislHIwc6KRZTLa6FIlg"]}]}},"_links":{"self":[{"href":"https:\/\/www.rozaje.me\/en\/wp-json\/wp\/v2\/pages\/3152","targetHints":{"allow":["GET"]}}],"collection":[{"href":"https:\/\/www.rozaje.me\/en\/wp-json\/wp\/v2\/pages"}],"about":[{"href":"https:\/\/www.rozaje.me\/en\/wp-json\/wp\/v2\/types\/page"}],"author":[{"embeddable":true,"href":"https:\/\/www.rozaje.me\/en\/wp-json\/wp\/v2\/users\/11"}],"replies":[{"embeddable":true,"href":"https:\/\/www.rozaje.me\/en\/wp-json\/wp\/v2\/comments?post=3152"}],"version-history":[{"count":0,"href":"https:\/\/www.rozaje.me\/en\/wp-json\/wp\/v2\/pages\/3152\/revisions"}],"wp:attachment":[{"href":"https:\/\/www.rozaje.me\/en\/wp-json\/wp\/v2\/media?parent=3152"}],"curies":[{"name":"wp","href":"https:\/\/api.w.org\/{rel}","templated":true}]}}