{"id":31242,"date":"2024-09-03T10:36:03","date_gmt":"2024-09-03T09:36:03","guid":{"rendered":"https:\/\/www.rozaje.me\/?page_id=31242"},"modified":"2024-09-03T11:51:16","modified_gmt":"2024-09-03T10:51:16","slug":"sekretarijatu-za-sport-kulturu-i-mlade","status":"publish","type":"page","link":"https:\/\/www.rozaje.me\/en\/sekretarijatu-za-sport-kulturu-i-mlade\/","title":{"rendered":"Sekretarijat za sport, kulturu i mlade"},"content":{"rendered":"<p class=\"has-vivid-cyan-blue-color has-text-color has-link-color wp-elements-4cceb061f3ea7b4e5e36c28e4c1157d6\">I OSNOVNI PODACI<br \/>Naziv organa: Sekretarijat za sport,kulturu i mlade<br \/>Sjedi\u0161te i adresa: Op\u0161tina Ro\u017eaje, ul.M.Tita bb,84310 Ro\u017eaje;<br \/>Starje\u0161ina organa: Hamdo \u0160utkovi\u0107,dipl.pravnik<br \/>Kontakt telefon: +38251\/275-550; +38267\/545-002<br \/>E-mail: hamdo.sutkovic@hotmail.com<\/p>\n\n\n\n<p>II POSLOVI KOJI SE OBAVLJAJU U SEKRETARIJATU ZA SPORT, KULTURU I MLADE<\/p>\n\n\n\n<p>Sekretarijat za sport,kulturu i mlade vr\u0161i poslove uprave koji se odnose na:<\/p>\n\n\n\n<ul class=\"wp-block-list\">\n<li>Pra\u0107enje razvoja i unaprije\u0111enje sporta i fizi\u010dke kulture<\/li>\n\n\n\n<li>Organizovanje rada ustanova u oblasti sporta i fizi\u010dke kulture<\/li>\n\n\n\n<li>Organizovanje sportskih manifestacija, razvoj i unaprije\u0111enje dje\u010djeg i omladinskog sporta<\/li>\n\n\n\n<li>Dodjelu nagrada i priznanja u oblasti sporta i fizi\u010dke kulture, izradu programa finansiranja aktivnosti u sportu<\/li>\n\n\n\n<li>Vo\u0111enje postupka i obavljanje stru\u010dnih i administrativnih poslova za potrebe op\u0161tinske komisije za sport<\/li>\n\n\n\n<li>Stvaranje uslova za razvoj i unaprije\u0111enje sporta djece,omladine i gra\u0111ana, podsticanje sportskih aktivnosti lica sa invaliditetom I podsticanje vaspitno-obrazovnog i stru\u010dnog rada u sportu.<\/li>\n\n\n\n<li>Obezbje\u0111ivanje uslova za razvoj i unaprije\u0111enje kulture i stvarala\u0161tva, kulturno<\/li>\n\n\n\n<li>umjetni\u010dkog amaterizma.<\/li>\n\n\n\n<li>Ostvarivanje svih vidova saradnje u oblasti kulture.<\/li>\n\n\n\n<li>Dono\u0161enje propisa, programa i drugih akata za razvoj culture u op\u0161tini u pozori\u0161noj, bibliote\u010dkoj, muzejskoj, kinematografskoj, arheolo\u0161koj i drugim oblastima razvoja kulture i umjetni\u010dkog stvarala\u0161tva i organizovanje kulturnih manifestacija, pra\u0107enje rada i podsticanje razvoja nevladinih organizacija u ovoj oblasti.<\/li>\n\n\n\n<li>Pra\u0107enje stanja u oblasti javnog informisanja i obrazovanja.<\/li>\n\n\n\n<li>Staranje o dostavljanju podataka o djeci dorasloj za upis u osnovnu \u0161kolu iz naselja koji pripada podru\u010dju \u0161kole.<\/li>\n\n\n\n<li>Podne\u0161enje zahtjeva za usmjeravanje i vr\u0161enje usmjeravanja djece sa posebnim potrebama i u vezi sa tim imenovanje komisije za usmjeravanje djece sa posebnim potrebama.<\/li>\n\n\n\n<li>Iniciranje i podr\u0161ka mjeram u oblasti socijalne i zdravstvene za\u0161tite , pra\u0107enje i u\u010destvovanje u obezbje\u0111ivanju uslova za unaprije\u0111enje primarne zdravstvene za\u0161tite koji su od neposrednog interesa za lokalno stanovni\u0161tvo, posebno staranje o za\u0161titi zdravlja omladine podsticanjem rada NVO iz te oblasti, kao i drugih oblika prevencije narkomanije i bolesti i zavisnosti.<\/li>\n\n\n\n<li>Pra\u0107enje rada i podsticanje razvoja nevladinih organizacija u ovoj oblasti.<\/li>\n\n\n\n<li>Iniciranje i priprema projekata za mlade s ciljem unaprije\u0111enja polo\u017eaja mladih , podsti\u010de saradnju izme\u0111u op\u0161tine i omladinskih organizacija kao i druge poslove od zna\u010daja za aktivno u\u010de\u0161\u0107e mladih u \u017eivotu lokalne zajednice.<\/li>\n\n\n\n<li>Sprovo\u0111enje omladinske politike.<\/li>\n\n\n\n<li>Staranje o unaprije\u0111enju polo\u017eaja mladih, u\u010destvovanje u izradi lokalnih akcionih planova i op\u0161tinskih propisa za mlade koji se odnose na: obrazovanje, zapo\u0161ljavanje, u\u010de\u0161\u0107e mladih u \u017eivotu dru\u0161tva, zdravlje, informisanost i mobilnost, slobodno vrijeme, kulturu i porodicu.<\/li>\n\n\n\n<li>Vr\u0161enje upravnog nadzora i poslova u vezi sa ostvarivanjem prava osniva\u010da prema javnim ustanovama iz oblasti culture, sporta i informisanja.<\/li>\n\n\n\n<li>Davanje saglasnosti vaspitno-obrazovnim ustanovama na vrijeme organizovanja rada u istim.<\/li>\n\n\n\n<li>Ure\u0111ivanje odnosa i obezbje\u0111ivanje primjene propisa i drugih akata radi ostvarivanja prava iz oblasti socijalne i dje\u010dje za\u0161tite , ku\u0107ne njege i pomo\u0107i starim i invalidnim licima.<\/li>\n\n\n\n<li>Ostvarivanje rodne ravnopravnosti i za\u0161tita ljudskih i manjinskih prava.<\/li>\n\n\n\n<li>Obavljanje odre\u0111enih poslova u obimu utvr\u0111enom Zakonom o za\u0161titi spomenika kulture i spomen obilje\u017eja, vo\u0111enje registra i izradu programa podizanja spomen obilje\u017eja.<\/li>\n\n\n\n<li>Davanje mi\u0161ljenja i saglasnosti na program rada i izvje\u0161taj o radu ustanova i dru\u0161tava (javnih slu\u017ebi) koje obavljaju djelatnosti iz djelokruga rada ovog Sekretarijata.<\/li>\n\n\n\n<li>Podsticanje obrazovnog rada i razvoja mladih talenata , predlaganje kriterijuma i vo\u0111enje postupka za ostvarivanje prava na stipendiranje talentovanih studenata .<\/li>\n\n\n\n<li>Koordiniranje rada na za\u0161titi djece svih institucija koje rade sa djecom i za djecu, i staranje o odr\u017eivosti Lokalnog plana akcije za djecu.<\/li>\n\n\n\n<li>Izrada nacrta i prijedloga akata u vezi sa utvr\u0111ivanjem kriterijuma za raspodjelu sredstava namijenjenih finasiranju nevladinih organizacija, sa\u010dinjavanje konkursa, vo\u0111enje postupka po konkursu, i obavljanje stru\u010dno-administartivno tehni\u010dkih poslova vezanih za rad i odluke nadle\u017ene komisije i izrada ugovora o me\u0111usobnim odnosima op\u0161tine i NVO u realizaciji prihva\u0107enih projekata i pra\u0107enje njihove realizacije.<\/li>\n\n\n\n<li>Vr\u0161enje stru\u010dnih i drugih poslova , koji su shodno propisima povjereni op\u0161tini u dijelu zbrinjavanja izbjeglih i raseljenih lica.<\/li>\n\n\n\n<li>Vo\u0111enje upravnog postupka za Slobodan pristup informacijama iz svog djelokruga.<\/li>\n\n\n\n<li>Pripremu izvje\u0161taja o stanju u oblasti kao i pripremu informativnih i drugih stru\u010dnih materijala za Skup\u0161tinu, predsjednika op\u0161tine i organe uprave iz svog djelokruga.<\/li>\n<\/ul>\n\n\n\n<ul class=\"wp-block-list\">\n<li>Pripremu i sprovo\u0111enje lokalnih propisa u oblastima za koje je organ obrazovan; pripremu osniva\u010dkih akata javnih slu\u017ebi nad kojima vr\u0161i nadzor; izja\u0161njavanje o inicijativama za ocjenu zakonitosti propisa op\u0161tine iz djelokruga organa;<\/li>\n\n\n\n<li>Pripremu sastanaka sekretara Sekretarijata i stara se o realizaciji zaklju\u010daka sa tih sastanaka.<\/li>\n\n\n\n<li>U\u010de\u0161\u0107e u izradi strate\u0161kog plana razvoja op\u0161tine, plana integriteta, i kadrovskog plana;<\/li>\n\n\n\n<li>Pra\u0107enje i sprovo\u0111enje dr\u017eavnih planskih akata u okviru nadle\u017enosti organa;<\/li>\n\n\n\n<li>Saradnju sa menad\u017eerom u pripremi prijedloga projekata iz nadle\u017enosti organa koji se pra\u0107enje njihove realizacije;<\/li>\n\n\n\n<li>Staranje o obezbje\u0111ivanju (prostornih i drugih) uslova za osnivanje kancelarije za mlade, omladinskih klubova, omladinskih centara, neformalnih grupa, info centara i sl, rad saveza u koje se udru\u017euju lokalne omladinske organizacije; <\/li>\n\n\n\n<li>Istra\u017eivanje i redovno pra\u0107enje potreba i polo\u017eaja mladih u op\u0161tini Ro\u017eaje, obezbje\u0111ivanje potpunih i pravovremenih informacija mladima o sprovo\u0111enju omladinske politike i njihovo objavljivanje;<\/li>\n\n\n\n<li>Rje\u0161avanje po inicijativama gra\u0111ana iz djelokruga organa;<\/li>\n\n\n\n<li>Vo\u0111enje propisanih evidencija i registara u oblastima za koje je organ obrazovan u skladu sa zakonom i odlukama op\u0161tine;<\/li>\n\n\n\n<li>Pripremu godi\u0161njeg i drugih izvje\u0161taja iz svoje nadle\u017enosti, realizaciji plana integriteta i drugih izvje\u0161taja;<\/li>\n\n\n\n<li>Pripremu registra rizika, plana integriteta i vodi\u010da o pristupu informacija<\/li>\n\n\n\n<li>Izradu uputstava i procedura za poslovne procese iz nadle\u017enosti Sekretarijata;<\/li>\n\n\n\n<li>Izradu rje\u0161enja koja se odnose na odobrenje finansijske pomo\u0107i za Javne ustanove, KUD, NVO fizi\u010dkih lica prema njihovim zahtjevima i po nalogu predsjednika op\u0161tine Ro\u017eaje u cilju podsticanja i pomo\u0107i u sprovo\u0111enju njihovih aktivnosti u lokalnoj zajednici.<\/li>\n\n\n\n<li>Izradu rje\u0161enja koja se odnose na izmirivanje mjese\u010dnih mjese\u010dnih naknada prema Radio difuznom centru-Podgorica za zakup infrastrukture na objektima Gospo\u0111in vrh, zakup infrastrukture Band\u017eovo Brdo, po obra\u010dunskim periodima u skladu sa zaklju\u010denim ugovorima i dostavljenim fakturama.<\/li>\n\n\n\n<li>Vr\u0161i i druge poslove iz svog djelokruga i skladu sa zakonom i drugim propisima po nalogu predsjednika op\u0161tine i Glavnog administratora.<\/li>\n<\/ul>","protected":false},"excerpt":{"rendered":"<p>I OSNOVNI PODACINaziv organa: Sekretarijat za sport,kulturu i mladeSjedi\u0161te i adresa: Op\u0161tina Ro\u017eaje, ul.M.Tita bb,84310 Ro\u017eaje;Starje\u0161ina organa: Hamdo \u0160utkovi\u0107,dipl.pravnikKontakt telefon: +38251\/275-550; +38267\/545-002E-mail: hamdo.sutkovic@hotmail.com II POSLOVI&#46;&#46;&#46;<\/p>","protected":false},"author":11,"featured_media":0,"parent":0,"menu_order":0,"comment_status":"closed","ping_status":"closed","template":"","meta":{"_monsterinsights_skip_tracking":false,"_monsterinsights_sitenote_active":false,"_monsterinsights_sitenote_note":"","_monsterinsights_sitenote_category":0,"footnotes":""},"class_list":["post-31242","page","type-page","status-publish","hentry"],"yoast_head":"<!-- This site is optimized with the Yoast SEO plugin v27.2 - https:\/\/yoast.com\/product\/yoast-seo-wordpress\/ -->\n<title>Sekretarijat za sport, kulturu i mlade - Op\u0161tina Ro\u017eaje<\/title>\n<meta name=\"robots\" content=\"index, follow, max-snippet:-1, max-image-preview:large, max-video-preview:-1\" \/>\n<link rel=\"canonical\" href=\"https:\/\/www.rozaje.me\/en\/sekretarijatu-za-sport-kulturu-i-mlade\/\" \/>\n<meta property=\"og:locale\" content=\"en_GB\" \/>\n<meta property=\"og:type\" content=\"article\" \/>\n<meta property=\"og:title\" content=\"Sekretarijat za sport, kulturu i mlade - Op\u0161tina Ro\u017eaje\" \/>\n<meta property=\"og:description\" content=\"I OSNOVNI PODACINaziv organa: Sekretarijat za sport,kulturu i mladeSjedi\u0161te i adresa: Op\u0161tina Ro\u017eaje, ul.M.Tita bb,84310 Ro\u017eaje;Starje\u0161ina organa: Hamdo \u0160utkovi\u0107,dipl.pravnikKontakt telefon: +38251\/275-550; +38267\/545-002E-mail: hamdo.sutkovic@hotmail.com II POSLOVI&#046;&#046;&#046;\" \/>\n<meta property=\"og:url\" content=\"https:\/\/www.rozaje.me\/en\/sekretarijatu-za-sport-kulturu-i-mlade\/\" \/>\n<meta property=\"og:site_name\" content=\"Op\u0161tina Ro\u017eaje\" \/>\n<meta property=\"article:publisher\" content=\"https:\/\/www.facebook.com\/OpstinaRozajeOfficial\/\" \/>\n<meta property=\"article:modified_time\" content=\"2024-09-03T10:51:16+00:00\" \/>\n<meta name=\"twitter:card\" content=\"summary_large_image\" \/>\n<meta name=\"twitter:label1\" content=\"Estimated reading time\" \/>\n\t<meta name=\"twitter:data1\" content=\"6 minutes\" \/>\n<script type=\"application\/ld+json\" class=\"yoast-schema-graph\">{\"@context\":\"https:\/\/schema.org\",\"@graph\":[{\"@type\":\"WebPage\",\"@id\":\"https:\/\/www.rozaje.me\/sekretarijatu-za-sport-kulturu-i-mlade\/\",\"url\":\"https:\/\/www.rozaje.me\/sekretarijatu-za-sport-kulturu-i-mlade\/\",\"name\":\"Sekretarijat za sport, kulturu i mlade - Op\u0161tina Ro\u017eaje\",\"isPartOf\":{\"@id\":\"https:\/\/www.rozaje.me\/#website\"},\"datePublished\":\"2024-09-03T09:36:03+00:00\",\"dateModified\":\"2024-09-03T10:51:16+00:00\",\"breadcrumb\":{\"@id\":\"https:\/\/www.rozaje.me\/sekretarijatu-za-sport-kulturu-i-mlade\/#breadcrumb\"},\"inLanguage\":\"en-GB\",\"potentialAction\":[{\"@type\":\"ReadAction\",\"target\":[\"https:\/\/www.rozaje.me\/sekretarijatu-za-sport-kulturu-i-mlade\/\"]}]},{\"@type\":\"BreadcrumbList\",\"@id\":\"https:\/\/www.rozaje.me\/sekretarijatu-za-sport-kulturu-i-mlade\/#breadcrumb\",\"itemListElement\":[{\"@type\":\"ListItem\",\"position\":1,\"name\":\"Home\",\"item\":\"https:\/\/www.rozaje.me\/\"},{\"@type\":\"ListItem\",\"position\":2,\"name\":\"Sekretarijat za sport, kulturu i mlade\"}]},{\"@type\":\"WebSite\",\"@id\":\"https:\/\/www.rozaje.me\/#website\",\"url\":\"https:\/\/www.rozaje.me\/\",\"name\":\"Op\u0161tina Ro\u017eaje\",\"description\":\"Zvani\u010dna veb stranica Op\u0161tine Ro\u017eaje\",\"publisher\":{\"@id\":\"https:\/\/www.rozaje.me\/#organization\"},\"alternateName\":\"Opstina Rozaje\",\"potentialAction\":[{\"@type\":\"SearchAction\",\"target\":{\"@type\":\"EntryPoint\",\"urlTemplate\":\"https:\/\/www.rozaje.me\/?s={search_term_string}\"},\"query-input\":{\"@type\":\"PropertyValueSpecification\",\"valueRequired\":true,\"valueName\":\"search_term_string\"}}],\"inLanguage\":\"en-GB\"},{\"@type\":\"Organization\",\"@id\":\"https:\/\/www.rozaje.me\/#organization\",\"name\":\"Opstina Rozaje\",\"url\":\"https:\/\/www.rozaje.me\/\",\"logo\":{\"@type\":\"ImageObject\",\"inLanguage\":\"en-GB\",\"@id\":\"https:\/\/www.rozaje.me\/#\/schema\/logo\/image\/\",\"url\":\"https:\/\/www.rozaje.me\/wp-content\/uploads\/2022\/08\/logo-textless.svg\",\"contentUrl\":\"https:\/\/www.rozaje.me\/wp-content\/uploads\/2022\/08\/logo-textless.svg\",\"width\":108.00360000000000582076609134674072265625,\"height\":131.15059999999999718056642450392246246337890625,\"caption\":\"Opstina Rozaje\"},\"image\":{\"@id\":\"https:\/\/www.rozaje.me\/#\/schema\/logo\/image\/\"},\"sameAs\":[\"https:\/\/www.facebook.com\/OpstinaRozajeOfficial\/\",\"https:\/\/www.youtube.com\/channel\/UCepcislHIwc6KRZTLa6FIlg\"]}]}<\/script>\n<!-- \/ Yoast SEO plugin. -->","yoast_head_json":{"title":"Sekretarijat za sport, kulturu i mlade - Op\u0161tina Ro\u017eaje","robots":{"index":"index","follow":"follow","max-snippet":"max-snippet:-1","max-image-preview":"max-image-preview:large","max-video-preview":"max-video-preview:-1"},"canonical":"https:\/\/www.rozaje.me\/en\/sekretarijatu-za-sport-kulturu-i-mlade\/","og_locale":"en_GB","og_type":"article","og_title":"Sekretarijat za sport, kulturu i mlade - Op\u0161tina Ro\u017eaje","og_description":"I OSNOVNI PODACINaziv organa: Sekretarijat za sport,kulturu i mladeSjedi\u0161te i adresa: Op\u0161tina Ro\u017eaje, ul.M.Tita bb,84310 Ro\u017eaje;Starje\u0161ina organa: Hamdo \u0160utkovi\u0107,dipl.pravnikKontakt telefon: +38251\/275-550; +38267\/545-002E-mail: hamdo.sutkovic@hotmail.com II POSLOVI&#46;&#46;&#46;","og_url":"https:\/\/www.rozaje.me\/en\/sekretarijatu-za-sport-kulturu-i-mlade\/","og_site_name":"Op\u0161tina Ro\u017eaje","article_publisher":"https:\/\/www.facebook.com\/OpstinaRozajeOfficial\/","article_modified_time":"2024-09-03T10:51:16+00:00","twitter_card":"summary_large_image","twitter_misc":{"Estimated reading time":"6 minutes"},"schema":{"@context":"https:\/\/schema.org","@graph":[{"@type":"WebPage","@id":"https:\/\/www.rozaje.me\/sekretarijatu-za-sport-kulturu-i-mlade\/","url":"https:\/\/www.rozaje.me\/sekretarijatu-za-sport-kulturu-i-mlade\/","name":"Sekretarijat za sport, kulturu i mlade - Op\u0161tina Ro\u017eaje","isPartOf":{"@id":"https:\/\/www.rozaje.me\/#website"},"datePublished":"2024-09-03T09:36:03+00:00","dateModified":"2024-09-03T10:51:16+00:00","breadcrumb":{"@id":"https:\/\/www.rozaje.me\/sekretarijatu-za-sport-kulturu-i-mlade\/#breadcrumb"},"inLanguage":"en-GB","potentialAction":[{"@type":"ReadAction","target":["https:\/\/www.rozaje.me\/sekretarijatu-za-sport-kulturu-i-mlade\/"]}]},{"@type":"BreadcrumbList","@id":"https:\/\/www.rozaje.me\/sekretarijatu-za-sport-kulturu-i-mlade\/#breadcrumb","itemListElement":[{"@type":"ListItem","position":1,"name":"Home","item":"https:\/\/www.rozaje.me\/"},{"@type":"ListItem","position":2,"name":"Sekretarijat za sport, kulturu i mlade"}]},{"@type":"WebSite","@id":"https:\/\/www.rozaje.me\/#website","url":"https:\/\/www.rozaje.me\/","name":"Municipality of Ro\u017eaje","description":"The official website of the Municipality of Ro\u017eaje","publisher":{"@id":"https:\/\/www.rozaje.me\/#organization"},"alternateName":"Opstina Rozaje","potentialAction":[{"@type":"SearchAction","target":{"@type":"EntryPoint","urlTemplate":"https:\/\/www.rozaje.me\/?s={search_term_string}"},"query-input":{"@type":"PropertyValueSpecification","valueRequired":true,"valueName":"search_term_string"}}],"inLanguage":"en-GB"},{"@type":"Organization","@id":"https:\/\/www.rozaje.me\/#organization","name":"Opstina Rozaje","url":"https:\/\/www.rozaje.me\/","logo":{"@type":"ImageObject","inLanguage":"en-GB","@id":"https:\/\/www.rozaje.me\/#\/schema\/logo\/image\/","url":"https:\/\/www.rozaje.me\/wp-content\/uploads\/2022\/08\/logo-textless.svg","contentUrl":"https:\/\/www.rozaje.me\/wp-content\/uploads\/2022\/08\/logo-textless.svg","width":108.00360000000000582076609134674072265625,"height":131.15059999999999718056642450392246246337890625,"caption":"Opstina Rozaje"},"image":{"@id":"https:\/\/www.rozaje.me\/#\/schema\/logo\/image\/"},"sameAs":["https:\/\/www.facebook.com\/OpstinaRozajeOfficial\/","https:\/\/www.youtube.com\/channel\/UCepcislHIwc6KRZTLa6FIlg"]}]}},"_links":{"self":[{"href":"https:\/\/www.rozaje.me\/en\/wp-json\/wp\/v2\/pages\/31242","targetHints":{"allow":["GET"]}}],"collection":[{"href":"https:\/\/www.rozaje.me\/en\/wp-json\/wp\/v2\/pages"}],"about":[{"href":"https:\/\/www.rozaje.me\/en\/wp-json\/wp\/v2\/types\/page"}],"author":[{"embeddable":true,"href":"https:\/\/www.rozaje.me\/en\/wp-json\/wp\/v2\/users\/11"}],"replies":[{"embeddable":true,"href":"https:\/\/www.rozaje.me\/en\/wp-json\/wp\/v2\/comments?post=31242"}],"version-history":[{"count":0,"href":"https:\/\/www.rozaje.me\/en\/wp-json\/wp\/v2\/pages\/31242\/revisions"}],"wp:attachment":[{"href":"https:\/\/www.rozaje.me\/en\/wp-json\/wp\/v2\/media?parent=31242"}],"curies":[{"name":"wp","href":"https:\/\/api.w.org\/{rel}","templated":true}]}}