{"id":29961,"date":"2023-11-01T19:50:11","date_gmt":"2023-11-01T18:50:11","guid":{"rendered":"https:\/\/www.rozaje.me\/?page_id=29961"},"modified":"2025-04-18T11:03:49","modified_gmt":"2025-04-18T10:03:49","slug":"budzet-2024","status":"publish","type":"page","link":"https:\/\/www.rozaje.me\/en\/budzet-2024\/","title":{"rendered":"Bud\u017eet 2024"},"content":{"rendered":"<p><strong><a href=\"https:\/\/www.rozaje.me\/en\/finansiranje-medija\/\">Finansiranje medija<\/a><\/strong><\/p>\n\n\n\n<div class=\"wp-block-file\"><a id=\"wp-block-file--media-985b1241-f69d-47ae-a394-02f2d5b3d235\" href=\"https:\/\/www.rozaje.me\/wp-content\/uploads\/2023\/11\/1-Nacrt-Odluke-o-budzetu-za-2024.godinu.xlsx\">Nacrt Odluke o bud\u017eetu za 2024.godinu<\/a><\/div>\n\n\n\n<div class=\"wp-block-file\"><a id=\"wp-block-file--media-285a8bc0-60bc-4df6-8d43-49eac115e32b\" href=\"https:\/\/www.rozaje.me\/wp-content\/uploads\/2024\/01\/odluke-za-redovan-rad-politickih-partija-za-2024.godinu.pdf\">Odluke za redovan rad politi\u010dkih partija za 2024.godinu<\/a><\/div>\n\n\n\n<div class=\"wp-block-file\"><a id=\"wp-block-file--media-f6a19cf8-a3bc-4007-8fca-17a1eb5f7e2e\" href=\"https:\/\/www.rozaje.me\/wp-content\/uploads\/2024\/01\/odluke-za-redovno-finansiranje-zenskih-organizacija-u-politickim-subjektima-za-2024.godinu.pdf\">Odluke za redovno finansiranje \u017eenskih organizacija u politi\u010dkim subjektima za 2024.godinu<\/a><\/div>\n\n\n\n<div class=\"wp-block-file\"><a id=\"wp-block-file--media-e6c331dc-ce29-426b-8856-58624e075efd\" href=\"https:\/\/www.rozaje.me\/wp-content\/uploads\/2024\/01\/ilovepdf_merged3.pdf\">Osluka o bud\u017eetu Op\u0161tine Ro\u017eaje za 2024.<\/a><\/div>\n\n\n\n<div class=\"wp-block-file\"><a id=\"wp-block-file--media-7790cd85-c7ed-4e84-8d2b-54f6385ca42f\" href=\"https:\/\/www.rozaje.me\/wp-content\/uploads\/2024\/02\/Politicki-subjekti-i-Zenske-organizacije-u-politickim-subjektima-JANUAR-2024.godina.xlsx\">Politicki subjekti i \u017eenske organizacije u politickim subjektima-JANUAR 2024.godina<\/a><\/div>\n\n\n\n<div class=\"wp-block-file\"><a id=\"wp-block-file--media-64590570-c063-42bb-a458-e1962e3bf835\" href=\"https:\/\/www.rozaje.me\/wp-content\/uploads\/2024\/03\/2-Politicki-subjekti-i-Zenske-organizacije-u-politickim-subjektima-FEBRUAR-2024.godina.xlsx\">Politi\u010dki subjekti i \u017eenske organizacije u politi\u010dkim subjektima &#8211; Februar 2024.godina<\/a><\/div>\n\n\n\n<div class=\"wp-block-file\"><a id=\"wp-block-file--media-53ddeacb-f7bc-464e-8c7b-4a9f7179e1a0\" href=\"https:\/\/www.rozaje.me\/wp-content\/uploads\/2024\/04\/Politicki-subjekti-i-zenske-organizacije-u-politickim-subjektima-Mart-2024.godina.xlsx\">Politi\u010dki subjekti i \u017eenske organizacije u politi\u010dkim subjektima &#8211; Mart 2024.godina<\/a><\/div>\n\n\n\n<div class=\"wp-block-file\"><a id=\"wp-block-file--media-9bdc6034-b98b-4ce0-8ddb-64cac69db294\" href=\"https:\/\/www.rozaje.me\/wp-content\/uploads\/2024\/04\/3.mart-2024.godina.xls\">POP, PIR, NEO i BUZ &#8211; I kvartal 2024.godina <\/a><\/div>\n\n\n\n<div class=\"wp-block-file\"><a id=\"wp-block-file--media-23f6f8d5-2ad4-4359-b075-7e058425d9f4\" href=\"https:\/\/www.rozaje.me\/wp-content\/uploads\/2024\/05\/4-Politicki-subjekti-i-Zenske-organizacije-u-politickim-subjektima-APRIL-2024.godina.xlsx\">Politi\u010dki subjekti i \u017eenske organizacije u politi\u010dkim subjektima &#8211; April, 2024.godina<\/a><\/div>\n\n\n\n<div class=\"wp-block-file\"><a id=\"wp-block-file--media-823e02eb-1bdc-468e-8441-5c93ebc201b4\" href=\"https:\/\/www.rozaje.me\/wp-content\/uploads\/2024\/06\/5-Politicki-subjekti-i-Zenske-organizacije-u-politickim-subjektima-MAJ-2024.godina.xlsx\">Politi\u010dki subjekti i \u017eenske organizacije u politi\u010dkim subjektima &#8211; Maj, 2024.godine<\/a><\/div>\n\n\n\n<div class=\"wp-block-file\"><a id=\"wp-block-file--media-725bde19-d65b-442b-8deb-5b0bea3c24c7\" href=\"https:\/\/www.rozaje.me\/wp-content\/uploads\/2024\/06\/Odluka-o-Zavrsnom-racunu-Budzeta-Opstine-Rozaje-za-2023.godinu.pdf\">Odluka o \u017eavr\u0161nom ra\u010dunu Bud\u017eeta Op\u0161tine Ro\u017eaje za 2023.godinu<\/a><\/div>\n\n\n\n<div class=\"wp-block-file\"><a id=\"wp-block-file--media-e3d0258e-919b-4844-a5ad-bd6c01ce7294\" href=\"https:\/\/www.rozaje.me\/wp-content\/uploads\/2024\/07\/6-Politicki-subjekti-i-Zenske-organizacije-u-politickim-subjektima-JUN-2024.godina.xlsx\">Politi\u010dki subjekti i \u017eenske organizacije u politi\u010dkim subjektima &#8211; Jun, 2024.godina<\/a><\/div>\n\n\n\n<div class=\"wp-block-file\"><a id=\"wp-block-file--media-61447df9-7e0a-4712-8454-776723e872f4\" href=\"https:\/\/www.rozaje.me\/wp-content\/uploads\/2024\/07\/6.-jun-2024.godina.xls\">POP, PIR, NEO i BUZ &#8211; II kvartal 2024.godine<\/a><\/div>\n\n\n\n<div class=\"wp-block-file\"><a id=\"wp-block-file--media-1b18d012-6429-461b-8e04-1aa0203f6a0c\" href=\"https:\/\/www.rozaje.me\/wp-content\/uploads\/2024\/08\/7-Politicki-subjekti-i-Zenske-organizacije-u-politickim-subjektima-JUL-2024.godina.xlsx\">Politi\u010dke subjekete i \u017eenske organizacije u politi\u010dkim subjektima &#8211; JUL 2024.godina<\/a><\/div>\n\n\n\n<div class=\"wp-block-file\"><a id=\"wp-block-file--media-27dae8b3-42ca-4396-9263-917f6033ed00\" href=\"https:\/\/www.rozaje.me\/wp-content\/uploads\/2024\/09\/8-Politicki-subjekti-i-Zenske-organizacije-u-politickim-subjektima-AVGUST-2024.godina.xlsx\">Politi\u010dki subjekti i \u017eenske organizacije u politi\u010dkim subjektima-AVGUST -2024. godina<\/a><\/div>\n\n\n\n<div class=\"wp-block-file\"><a id=\"wp-block-file--media-c84b18da-8aab-45db-8763-c5ace8baa6fe\" href=\"https:\/\/www.rozaje.me\/wp-content\/uploads\/2024\/09\/Politicki-subjekti-i-zenske-organizacije-u-politickim-subjektima-JUL-2024.godina.xlsx\">Politi\u010dki subjekti i \u017eenske organizacije u politi\u010dkim subjektima &#8211; JUL 2024.godina<\/a><\/div>\n\n\n\n<div class=\"wp-block-file\"><a id=\"wp-block-file--media-b637ee46-ef50-4ed5-9254-2e2d7248f6d0\" href=\"https:\/\/www.rozaje.me\/wp-content\/uploads\/2024\/10\/9-Politicki-subjekti-i-Zenske-organizacije-u-politickim-subjektima-septembar-2024.godina.xlsx\">Politi\u010dki subjekti i \u017eenske organizacije u politi\u010dkim subjektima &#8211; Septembar, 2024.godine<\/a><\/div>\n\n\n\n<div class=\"wp-block-file\"><a id=\"wp-block-file--media-331bfcc5-1479-4704-860d-401cf117558a\" href=\"https:\/\/www.rozaje.me\/wp-content\/uploads\/2024\/10\/Nacrt-Odluke-o-izmjenama-i-dopunama-Odluke-o-budzetu-Opstine-Rozaje-za-2024.godinu.xlsx\">Nacrt Odluke o izmjenama i dopunama Odluke o bud\u017eetu Op\u0161tine Ro\u017eaje za 2024.godinu<\/a><\/div>\n\n\n\n<div class=\"wp-block-file\"><a id=\"wp-block-file--media-b307746b-e9f5-4729-803e-4edf8932cae9\" href=\"https:\/\/www.rozaje.me\/wp-content\/uploads\/2024\/10\/9.septembar-2024.godina.xls\">Izvjestaje za III kvartal 2024.godine<\/a><\/div>\n\n\n\n<div class=\"wp-block-file\"><a id=\"wp-block-file--media-dddb674a-d12c-4ce6-9dc6-6c3ec2e4027e\" href=\"https:\/\/www.rozaje.me\/wp-content\/uploads\/2024\/11\/10-Politicki-subjekti-i-Zenske-organizacije-u-politickim-subjektima-oktobar-2024.godina.xlsx\">Politi\u010dki subjekti i \u017eenske organizacije u politi\u010dkim subjektima &#8211; oktobar 2024.godine<\/a><\/div>\n\n\n\n<div class=\"wp-block-file\"><a id=\"wp-block-file--media-9226b911-7ff6-4098-a000-835f89a2e58f\" href=\"https:\/\/www.rozaje.me\/wp-content\/uploads\/2024\/11\/Odluka-o-izmjenama-i-dopunama-Odluke-o-budzetu-Opstine-Rozaje-za-2024.godinu.pdf\">Odluka o izmjenama i dopunama Odluke o bud\u017eetu Op\u0161tine Ro\u017eaje za 2024.godine<\/a><\/div>\n\n\n\n<div class=\"wp-block-file\"><a id=\"wp-block-file--media-cb8dad73-5d11-4114-92ce-e1d4942d9bd8\" href=\"https:\/\/www.rozaje.me\/wp-content\/uploads\/2024\/12\/11-Politicki-subjekti-i-Zenske-organizacije-u-politickim-subjektima-novembar-2024.godina.xlsx\">Politi\u010dki subjekti i \u017eenske organizacije u politi\u010dkim subjektima &#8211; Novembar, 2024.godine<\/a><\/div>\n\n\n\n<div class=\"wp-block-file\"><a id=\"wp-block-file--media-c5902296-eb11-40a3-8943-b3f05ed11cdc\" href=\"https:\/\/www.rozaje.me\/wp-content\/uploads\/2025\/01\/Politicki-subjekti-i-zenske-organizacije-u-politickim-subjektima-decembar-2024.godina.xlsx\">Politi\u010dki subjekti i \u017eenske organizacije u politi\u010dkim subjektima &#8211; decembar 2024.godina<\/a><\/div>\n\n\n\n<div class=\"wp-block-file\"><a id=\"wp-block-file--media-01ca0657-a821-4c4d-a74c-85ef837056db\" href=\"https:\/\/www.rozaje.me\/wp-content\/uploads\/2025\/04\/12.decembar-2024.godina-godisnji.xls\">Zavr\u0161ni ra\u010dun bud\u017eeta Op\u0161tine Ro\u017eaje za 2024.godinu<\/a><\/div>","protected":false},"excerpt":{"rendered":"<p>Finansiranje medija<\/p>","protected":false},"author":11,"featured_media":29964,"parent":0,"menu_order":0,"comment_status":"closed","ping_status":"closed","template":"","meta":{"_monsterinsights_skip_tracking":false,"_monsterinsights_sitenote_active":false,"_monsterinsights_sitenote_note":"","_monsterinsights_sitenote_category":0,"footnotes":""},"class_list":["post-29961","page","type-page","status-publish","has-post-thumbnail","hentry"],"yoast_head":"<!-- This site is optimized with the Yoast SEO plugin v27.2 - https:\/\/yoast.com\/product\/yoast-seo-wordpress\/ -->\n<title>Bud\u017eet 2024 - Op\u0161tina Ro\u017eaje<\/title>\n<meta name=\"robots\" content=\"index, follow, max-snippet:-1, max-image-preview:large, max-video-preview:-1\" \/>\n<link rel=\"canonical\" href=\"https:\/\/www.rozaje.me\/en\/budzet-2024\/\" \/>\n<meta property=\"og:locale\" content=\"en_GB\" \/>\n<meta property=\"og:type\" content=\"article\" \/>\n<meta property=\"og:title\" content=\"Bud\u017eet 2024 - Op\u0161tina Ro\u017eaje\" \/>\n<meta property=\"og:description\" content=\"Finansiranje medija\" \/>\n<meta property=\"og:url\" content=\"https:\/\/www.rozaje.me\/en\/budzet-2024\/\" \/>\n<meta property=\"og:site_name\" content=\"Op\u0161tina Ro\u017eaje\" \/>\n<meta property=\"article:publisher\" content=\"https:\/\/www.facebook.com\/OpstinaRozajeOfficial\/\" \/>\n<meta property=\"article:modified_time\" content=\"2025-04-18T10:03:49+00:00\" \/>\n<meta property=\"og:image\" content=\"https:\/\/www.rozaje.me\/wp-content\/uploads\/2023\/11\/Accountant-holding-arcives.jpg\" \/>\n\t<meta property=\"og:image:width\" content=\"1099\" \/>\n\t<meta property=\"og:image:height\" content=\"628\" \/>\n\t<meta property=\"og:image:type\" content=\"image\/jpeg\" \/>\n<meta name=\"twitter:card\" content=\"summary_large_image\" \/>\n<meta name=\"twitter:label1\" content=\"Estimated reading time\" \/>\n\t<meta name=\"twitter:data1\" content=\"2 minutes\" \/>\n<script type=\"application\/ld+json\" class=\"yoast-schema-graph\">{\"@context\":\"https:\/\/schema.org\",\"@graph\":[{\"@type\":\"WebPage\",\"@id\":\"https:\/\/www.rozaje.me\/budzet-2024\/\",\"url\":\"https:\/\/www.rozaje.me\/budzet-2024\/\",\"name\":\"Bud\u017eet 2024 - Op\u0161tina Ro\u017eaje\",\"isPartOf\":{\"@id\":\"https:\/\/www.rozaje.me\/#website\"},\"primaryImageOfPage\":{\"@id\":\"https:\/\/www.rozaje.me\/budzet-2024\/#primaryimage\"},\"image\":{\"@id\":\"https:\/\/www.rozaje.me\/budzet-2024\/#primaryimage\"},\"thumbnailUrl\":\"https:\/\/www.rozaje.me\/wp-content\/uploads\/2023\/11\/Accountant-holding-arcives.jpg\",\"datePublished\":\"2023-11-01T18:50:11+00:00\",\"dateModified\":\"2025-04-18T10:03:49+00:00\",\"breadcrumb\":{\"@id\":\"https:\/\/www.rozaje.me\/budzet-2024\/#breadcrumb\"},\"inLanguage\":\"en-GB\",\"potentialAction\":[{\"@type\":\"ReadAction\",\"target\":[\"https:\/\/www.rozaje.me\/budzet-2024\/\"]}]},{\"@type\":\"ImageObject\",\"inLanguage\":\"en-GB\",\"@id\":\"https:\/\/www.rozaje.me\/budzet-2024\/#primaryimage\",\"url\":\"https:\/\/www.rozaje.me\/wp-content\/uploads\/2023\/11\/Accountant-holding-arcives.jpg\",\"contentUrl\":\"https:\/\/www.rozaje.me\/wp-content\/uploads\/2023\/11\/Accountant-holding-arcives.jpg\",\"width\":1099,\"height\":628},{\"@type\":\"BreadcrumbList\",\"@id\":\"https:\/\/www.rozaje.me\/budzet-2024\/#breadcrumb\",\"itemListElement\":[{\"@type\":\"ListItem\",\"position\":1,\"name\":\"Home\",\"item\":\"https:\/\/www.rozaje.me\/\"},{\"@type\":\"ListItem\",\"position\":2,\"name\":\"Bud\u017eet 2024\"}]},{\"@type\":\"WebSite\",\"@id\":\"https:\/\/www.rozaje.me\/#website\",\"url\":\"https:\/\/www.rozaje.me\/\",\"name\":\"Op\u0161tina Ro\u017eaje\",\"description\":\"Zvani\u010dna veb stranica Op\u0161tine Ro\u017eaje\",\"publisher\":{\"@id\":\"https:\/\/www.rozaje.me\/#organization\"},\"alternateName\":\"Opstina Rozaje\",\"potentialAction\":[{\"@type\":\"SearchAction\",\"target\":{\"@type\":\"EntryPoint\",\"urlTemplate\":\"https:\/\/www.rozaje.me\/?s={search_term_string}\"},\"query-input\":{\"@type\":\"PropertyValueSpecification\",\"valueRequired\":true,\"valueName\":\"search_term_string\"}}],\"inLanguage\":\"en-GB\"},{\"@type\":\"Organization\",\"@id\":\"https:\/\/www.rozaje.me\/#organization\",\"name\":\"Opstina Rozaje\",\"url\":\"https:\/\/www.rozaje.me\/\",\"logo\":{\"@type\":\"ImageObject\",\"inLanguage\":\"en-GB\",\"@id\":\"https:\/\/www.rozaje.me\/#\/schema\/logo\/image\/\",\"url\":\"https:\/\/www.rozaje.me\/wp-content\/uploads\/2022\/08\/logo-textless.svg\",\"contentUrl\":\"https:\/\/www.rozaje.me\/wp-content\/uploads\/2022\/08\/logo-textless.svg\",\"width\":108.00360000000000582076609134674072265625,\"height\":131.15059999999999718056642450392246246337890625,\"caption\":\"Opstina Rozaje\"},\"image\":{\"@id\":\"https:\/\/www.rozaje.me\/#\/schema\/logo\/image\/\"},\"sameAs\":[\"https:\/\/www.facebook.com\/OpstinaRozajeOfficial\/\",\"https:\/\/www.youtube.com\/channel\/UCepcislHIwc6KRZTLa6FIlg\"]}]}<\/script>\n<!-- \/ Yoast SEO plugin. -->","yoast_head_json":{"title":"Bud\u017eet 2024 - Op\u0161tina Ro\u017eaje","robots":{"index":"index","follow":"follow","max-snippet":"max-snippet:-1","max-image-preview":"max-image-preview:large","max-video-preview":"max-video-preview:-1"},"canonical":"https:\/\/www.rozaje.me\/en\/budzet-2024\/","og_locale":"en_GB","og_type":"article","og_title":"Bud\u017eet 2024 - Op\u0161tina Ro\u017eaje","og_description":"Finansiranje medija","og_url":"https:\/\/www.rozaje.me\/en\/budzet-2024\/","og_site_name":"Op\u0161tina Ro\u017eaje","article_publisher":"https:\/\/www.facebook.com\/OpstinaRozajeOfficial\/","article_modified_time":"2025-04-18T10:03:49+00:00","og_image":[{"width":1099,"height":628,"url":"https:\/\/www.rozaje.me\/wp-content\/uploads\/2023\/11\/Accountant-holding-arcives.jpg","type":"image\/jpeg"}],"twitter_card":"summary_large_image","twitter_misc":{"Estimated reading time":"2 minutes"},"schema":{"@context":"https:\/\/schema.org","@graph":[{"@type":"WebPage","@id":"https:\/\/www.rozaje.me\/budzet-2024\/","url":"https:\/\/www.rozaje.me\/budzet-2024\/","name":"Bud\u017eet 2024 - Op\u0161tina Ro\u017eaje","isPartOf":{"@id":"https:\/\/www.rozaje.me\/#website"},"primaryImageOfPage":{"@id":"https:\/\/www.rozaje.me\/budzet-2024\/#primaryimage"},"image":{"@id":"https:\/\/www.rozaje.me\/budzet-2024\/#primaryimage"},"thumbnailUrl":"https:\/\/www.rozaje.me\/wp-content\/uploads\/2023\/11\/Accountant-holding-arcives.jpg","datePublished":"2023-11-01T18:50:11+00:00","dateModified":"2025-04-18T10:03:49+00:00","breadcrumb":{"@id":"https:\/\/www.rozaje.me\/budzet-2024\/#breadcrumb"},"inLanguage":"en-GB","potentialAction":[{"@type":"ReadAction","target":["https:\/\/www.rozaje.me\/budzet-2024\/"]}]},{"@type":"ImageObject","inLanguage":"en-GB","@id":"https:\/\/www.rozaje.me\/budzet-2024\/#primaryimage","url":"https:\/\/www.rozaje.me\/wp-content\/uploads\/2023\/11\/Accountant-holding-arcives.jpg","contentUrl":"https:\/\/www.rozaje.me\/wp-content\/uploads\/2023\/11\/Accountant-holding-arcives.jpg","width":1099,"height":628},{"@type":"BreadcrumbList","@id":"https:\/\/www.rozaje.me\/budzet-2024\/#breadcrumb","itemListElement":[{"@type":"ListItem","position":1,"name":"Home","item":"https:\/\/www.rozaje.me\/"},{"@type":"ListItem","position":2,"name":"Bud\u017eet 2024"}]},{"@type":"WebSite","@id":"https:\/\/www.rozaje.me\/#website","url":"https:\/\/www.rozaje.me\/","name":"Municipality of Ro\u017eaje","description":"The official website of the Municipality of Ro\u017eaje","publisher":{"@id":"https:\/\/www.rozaje.me\/#organization"},"alternateName":"Opstina Rozaje","potentialAction":[{"@type":"SearchAction","target":{"@type":"EntryPoint","urlTemplate":"https:\/\/www.rozaje.me\/?s={search_term_string}"},"query-input":{"@type":"PropertyValueSpecification","valueRequired":true,"valueName":"search_term_string"}}],"inLanguage":"en-GB"},{"@type":"Organization","@id":"https:\/\/www.rozaje.me\/#organization","name":"Opstina Rozaje","url":"https:\/\/www.rozaje.me\/","logo":{"@type":"ImageObject","inLanguage":"en-GB","@id":"https:\/\/www.rozaje.me\/#\/schema\/logo\/image\/","url":"https:\/\/www.rozaje.me\/wp-content\/uploads\/2022\/08\/logo-textless.svg","contentUrl":"https:\/\/www.rozaje.me\/wp-content\/uploads\/2022\/08\/logo-textless.svg","width":108.00360000000000582076609134674072265625,"height":131.15059999999999718056642450392246246337890625,"caption":"Opstina Rozaje"},"image":{"@id":"https:\/\/www.rozaje.me\/#\/schema\/logo\/image\/"},"sameAs":["https:\/\/www.facebook.com\/OpstinaRozajeOfficial\/","https:\/\/www.youtube.com\/channel\/UCepcislHIwc6KRZTLa6FIlg"]}]}},"_links":{"self":[{"href":"https:\/\/www.rozaje.me\/en\/wp-json\/wp\/v2\/pages\/29961","targetHints":{"allow":["GET"]}}],"collection":[{"href":"https:\/\/www.rozaje.me\/en\/wp-json\/wp\/v2\/pages"}],"about":[{"href":"https:\/\/www.rozaje.me\/en\/wp-json\/wp\/v2\/types\/page"}],"author":[{"embeddable":true,"href":"https:\/\/www.rozaje.me\/en\/wp-json\/wp\/v2\/users\/11"}],"replies":[{"embeddable":true,"href":"https:\/\/www.rozaje.me\/en\/wp-json\/wp\/v2\/comments?post=29961"}],"version-history":[{"count":0,"href":"https:\/\/www.rozaje.me\/en\/wp-json\/wp\/v2\/pages\/29961\/revisions"}],"wp:featuredmedia":[{"embeddable":true,"href":"https:\/\/www.rozaje.me\/en\/wp-json\/wp\/v2\/media\/29964"}],"wp:attachment":[{"href":"https:\/\/www.rozaje.me\/en\/wp-json\/wp\/v2\/media?parent=29961"}],"curies":[{"name":"wp","href":"https:\/\/api.w.org\/{rel}","templated":true}]}}