{"id":27774,"date":"2022-12-19T13:53:52","date_gmt":"2022-12-19T12:53:52","guid":{"rendered":"https:\/\/www.rozaje.me\/?page_id=27774"},"modified":"2026-01-23T13:21:31","modified_gmt":"2026-01-23T12:21:31","slug":"zapisnici-sa-sjednica-2022-2026","status":"publish","type":"page","link":"https:\/\/www.rozaje.me\/en\/zapisnici-sa-sjednica-2022-2026\/","title":{"rendered":"Minutes from the sessions 2022\/2026"},"content":{"rendered":"<div class=\"wp-block-file\"><a id=\"wp-block-file--media-3f4c0ceb-0f51-45fb-84c9-afe7e1670b9a\" href=\"https:\/\/www.rozaje.me\/wp-content\/uploads\/2022\/12\/Zapisnik-sa-I-vanredne-sjednice-SO-e-Rozaje.docx\">Minutes from the 1st extraordinary session<\/a><\/div>\n\n\n\n<div class=\"wp-block-file\"><a id=\"wp-block-file--media-a2b99a98-35ef-404d-8ba7-acc4e7430ff7\" href=\"https:\/\/www.rozaje.me\/wp-content\/uploads\/2023\/10\/Zapisnik-sa-I-redovne-sjednice-SO-e.docx\">Zapisniksa 1. redovne sjednice<\/a><\/div>\n\n\n\n<div class=\"wp-block-file\"><a id=\"wp-block-file--media-1870e1b5-2ad0-43f2-9799-077ccfcfb70a\" href=\"https:\/\/www.rozaje.me\/wp-content\/uploads\/2023\/04\/Zapisnik-sa-druge-redovne-sjednice.docx\">Minutes from the 2nd regular session<\/a><\/div>\n\n\n\n<div class=\"wp-block-file\"><a id=\"wp-block-file--media-edefb2b2-bb61-4ba8-a13f-6cd4f8c6b1c9\" href=\"https:\/\/www.rozaje.me\/wp-content\/uploads\/2023\/04\/Zapisnik-sa-III-redovne-sjednice-SO-e.docx\">Minutes from the 3rd regular session<\/a><\/div>\n\n\n\n<div class=\"wp-block-file\"><a id=\"wp-block-file--media-b23c1127-3048-483c-aa13-6a38feab0af8\" href=\"https:\/\/www.rozaje.me\/wp-content\/uploads\/2023\/04\/Zapisnik-sa-4.redovne-sjednice-SO-e.docx\">Minutes from the 4th regular session<\/a><\/div>\n\n\n\n<div class=\"wp-block-file\"><a id=\"wp-block-file--media-5f3733a1-fff8-4cfa-b846-47a8de62cf4c\" href=\"https:\/\/www.rozaje.me\/wp-content\/uploads\/2023\/04\/Zapisnik-sa-V-redovne-sjednice-SO-e.docx\">Minutes from the 5th regular session<\/a><\/div>\n\n\n\n<div class=\"wp-block-file\"><a id=\"wp-block-file--media-24e97bf6-4842-4637-8587-5124bf6ad565\" href=\"https:\/\/www.rozaje.me\/wp-content\/uploads\/2023\/09\/Zapisnik-sa-VI-redovne-sjednice-SO-e.docx\">Zapisnik sa 6. redovne sjednice<\/a><\/div>\n\n\n\n<div class=\"wp-block-file\"><a id=\"wp-block-file--media-d834aa68-91f3-4cb3-a3a9-f637f1d038f4\" href=\"https:\/\/www.rozaje.me\/wp-content\/uploads\/2023\/09\/Zapisnik-sa-VII-redovne-sjednice-SO-e.docx\">Zapisnik sa 7. redovne sjednice<\/a><\/div>\n\n\n\n<div class=\"wp-block-file\"><a id=\"wp-block-file--media-9cf1e094-4924-45d2-a49d-693f7c1881f7\" href=\"https:\/\/www.rozaje.me\/wp-content\/uploads\/2023\/10\/Zapisnik-sa-VIII-redovne-sjednice-SO-e.docx\">Zapisnik sa 8. redovne sjednice <\/a><\/div>\n\n\n\n<div class=\"wp-block-file\"><a id=\"wp-block-file--media-55d6ed7a-5e84-414f-af2f-be178e180f02\" href=\"https:\/\/www.rozaje.me\/wp-content\/uploads\/2023\/12\/Zapisnik-sa-IX-redovne-sjednice-SO-e.docx\">Zapisnik sa 9. redovne sjednice<\/a><\/div>\n\n\n\n<div class=\"wp-block-file\"><a id=\"wp-block-file--media-62f4838f-e989-4c71-b0cf-2447ec730152\" href=\"https:\/\/www.rozaje.me\/wp-content\/uploads\/2024\/03\/Zapisnik-sa-10.-redovne-sjednice-SO-e-decembar-2023.docx\">Zapisnik sa 10. redovne sjednice<\/a><\/div>\n\n\n\n<div class=\"wp-block-file\"><a id=\"wp-block-file--media-7cb42f3c-1e8c-48dd-a3f8-ae1b77856232\" href=\"https:\/\/www.rozaje.me\/wp-content\/uploads\/2024\/03\/Zapisnik-sa-XI-redovne-sjednice-SO-e.docx\">Zapisnik sa 11. redovne sjednice<\/a><\/div>\n\n\n\n<div class=\"wp-block-file\"><a id=\"wp-block-file--media-5f6eb438-dfc0-4db8-9304-e1a4f4d29eda\" href=\"https:\/\/www.rozaje.me\/wp-content\/uploads\/2024\/05\/Zapisnik-sa-XII-redovne-sjednice-SO-e.docx\">Zapisnik sa 12. redovne sjednice<\/a><\/div>\n\n\n\n<div class=\"wp-block-file\"><a id=\"wp-block-file--media-855ece26-9380-4437-8da6-77b12dc8f4ff\" href=\"https:\/\/www.rozaje.me\/wp-content\/uploads\/2024\/05\/Zapisnik-sa-XIII-redovne-sjednice-SO-e.docx\">Zapisnik sa 13. redovne sjednice<\/a><\/div>\n\n\n\n<div class=\"wp-block-file\"><a id=\"wp-block-file--media-0e73a932-5ae4-4a1d-8ce0-afdfdfdcc559\" href=\"https:\/\/www.rozaje.me\/wp-content\/uploads\/2024\/08\/Zapisnik-sa-XIV-redovne-sjednice-SO-e.docx\">Zapisnik sa 14. redovne sjednice<\/a><\/div>\n\n\n\n<div class=\"wp-block-file\"><a id=\"wp-block-file--media-6350398c-b5c4-4869-958a-d7ad10edb7d4\" href=\"https:\/\/www.rozaje.me\/wp-content\/uploads\/2024\/10\/Zapisnik-sa-XV-redovne-sjednice-SO-e.docx\">Zapisnik sa 15 .redovne sjednice<\/a><\/div>\n\n\n\n<div class=\"wp-block-file\"><a id=\"wp-block-file--media-3b4ab5f2-a5eb-49ee-8e76-d2420375c70c\" href=\"https:\/\/www.rozaje.me\/wp-content\/uploads\/2024\/11\/Zapisnik-sa-XVI-redovne-sjednice-SO-e.docx\">Zapisnik sa 16. redovne sjednice <\/a><\/div>\n\n\n\n<div class=\"wp-block-file\"><a id=\"wp-block-file--media-ad501c52-3bc1-4418-85eb-8d424af89242\" href=\"https:\/\/www.rozaje.me\/wp-content\/uploads\/2024\/12\/Zapisnik-sa-XVII-redovne-sjednice-SO-e.docx\">Zapisnik sa 17. redovne sjednice<\/a><\/div>\n\n\n\n<div class=\"wp-block-file\"><a id=\"wp-block-file--media-9c6c7f26-e843-46e9-8bc8-d30b48558057\" href=\"https:\/\/www.rozaje.me\/wp-content\/uploads\/2024\/12\/Zapisnik-sa-XVIII-redovne-sjednice-SO-e-1.docx\">Zapisnik sa 18. redovne sjednice <\/a><\/div>\n\n\n\n<div class=\"wp-block-file\"><a id=\"wp-block-file--media-61c1129f-28ab-45e0-b6fa-3cce668800e2\" href=\"https:\/\/www.rozaje.me\/wp-content\/uploads\/2025\/05\/Zapisnik-sa-XIX-redovne-sjednice-SO-e.docx\">Zapisnik sa 19. redovne sjednice <\/a><\/div>\n\n\n\n<div class=\"wp-block-file\"><a id=\"wp-block-file--media-79428ff4-3c9d-4542-988f-d01201da9de0\" href=\"https:\/\/www.rozaje.me\/wp-content\/uploads\/2025\/05\/Zapisnik-sa-XX-redovne-sjednice-SO-e.docx\">Zapisnik sa 20. redovne sjednice <\/a><\/div>\n\n\n\n<div class=\"wp-block-file\"><a id=\"wp-block-file--media-a4b6b8be-6ad8-4bfc-8a42-f5a287a48b4e\" href=\"https:\/\/www.rozaje.me\/wp-content\/uploads\/2025\/06\/Zapisnik-sa-XXI-redovne-sjednice-SO-e-tacno.docx\">Zapisnik sa 21. redovne sjednice<\/a><\/div>\n\n\n\n<div class=\"wp-block-file\"><a id=\"wp-block-file--media-a5e74a7a-4868-468c-95fe-f9375fdacf9e\" href=\"https:\/\/www.rozaje.me\/wp-content\/uploads\/2025\/06\/Zapisnik-sa-XXII-redovne-sjednice-SO-e.docx\">Zapisnik sa 22. redovne sjednice<\/a><\/div>\n\n\n\n<div class=\"wp-block-file\"><a id=\"wp-block-file--media-5a4ecc34-02df-4e11-81df-adfc439e8b42\" href=\"https:\/\/www.rozaje.me\/wp-content\/uploads\/2025\/09\/Zapisnik-sa-XXIII-redovne-sjednice-SO-e.docx\">Zapisnik sa 23. redovne sjednice<\/a><\/div>\n\n\n\n<div class=\"wp-block-file\"><a id=\"wp-block-file--media-570d8566-af77-4840-8106-8c2827eff1c1\" href=\"https:\/\/www.rozaje.me\/wp-content\/uploads\/2026\/01\/Zapisnik-sa-XXIV-redovne-sjednice-SO-e-1.docx\">Zapisnik sa 24. redovne sjednice<\/a><\/div>\n\n\n\n<div class=\"wp-block-file\"><a id=\"wp-block-file--media-8b933bee-7e57-496f-be2a-32caa086c676\" href=\"https:\/\/www.rozaje.me\/wp-content\/uploads\/2026\/01\/Zapisnik-sa-XXV-redovne-sjednice-SO-e.docx\">Zapisnik sa 25. redovne sjednice<\/a><\/div>","protected":false},"excerpt":{"rendered":"","protected":false},"author":11,"featured_media":0,"parent":0,"menu_order":0,"comment_status":"closed","ping_status":"closed","template":"","meta":{"_monsterinsights_skip_tracking":false,"_monsterinsights_sitenote_active":false,"_monsterinsights_sitenote_note":"","_monsterinsights_sitenote_category":0,"footnotes":""},"class_list":["post-27774","page","type-page","status-publish","hentry"],"yoast_head":"<!-- This site is optimized with the Yoast SEO plugin v27.2 - https:\/\/yoast.com\/product\/yoast-seo-wordpress\/ -->\n<title>Zapisnici sa sjednica 2022\/2026 - Op\u0161tina Ro\u017eaje<\/title>\n<meta name=\"robots\" content=\"index, follow, max-snippet:-1, max-image-preview:large, max-video-preview:-1\" \/>\n<link rel=\"canonical\" href=\"https:\/\/www.rozaje.me\/en\/zapisnici-sa-sjednica-2022-2026\/\" \/>\n<meta property=\"og:locale\" content=\"en_GB\" \/>\n<meta property=\"og:type\" content=\"article\" \/>\n<meta property=\"og:title\" content=\"Zapisnici sa sjednica 2022\/2026 - Op\u0161tina Ro\u017eaje\" \/>\n<meta property=\"og:url\" content=\"https:\/\/www.rozaje.me\/en\/zapisnici-sa-sjednica-2022-2026\/\" \/>\n<meta property=\"og:site_name\" content=\"Op\u0161tina Ro\u017eaje\" \/>\n<meta property=\"article:publisher\" content=\"https:\/\/www.facebook.com\/OpstinaRozajeOfficial\/\" \/>\n<meta property=\"article:modified_time\" content=\"2026-01-23T12:21:31+00:00\" \/>\n<meta name=\"twitter:card\" content=\"summary_large_image\" \/>\n<meta name=\"twitter:label1\" content=\"Estimated reading time\" \/>\n\t<meta name=\"twitter:data1\" content=\"1 minute\" \/>\n<script type=\"application\/ld+json\" class=\"yoast-schema-graph\">{\"@context\":\"https:\/\/schema.org\",\"@graph\":[{\"@type\":\"WebPage\",\"@id\":\"https:\/\/www.rozaje.me\/zapisnici-sa-sjednica-2022-2026\/\",\"url\":\"https:\/\/www.rozaje.me\/zapisnici-sa-sjednica-2022-2026\/\",\"name\":\"Zapisnici sa sjednica 2022\/2026 - Op\u0161tina Ro\u017eaje\",\"isPartOf\":{\"@id\":\"https:\/\/www.rozaje.me\/#website\"},\"datePublished\":\"2022-12-19T12:53:52+00:00\",\"dateModified\":\"2026-01-23T12:21:31+00:00\",\"breadcrumb\":{\"@id\":\"https:\/\/www.rozaje.me\/zapisnici-sa-sjednica-2022-2026\/#breadcrumb\"},\"inLanguage\":\"en-GB\",\"potentialAction\":[{\"@type\":\"ReadAction\",\"target\":[\"https:\/\/www.rozaje.me\/zapisnici-sa-sjednica-2022-2026\/\"]}]},{\"@type\":\"BreadcrumbList\",\"@id\":\"https:\/\/www.rozaje.me\/zapisnici-sa-sjednica-2022-2026\/#breadcrumb\",\"itemListElement\":[{\"@type\":\"ListItem\",\"position\":1,\"name\":\"Home\",\"item\":\"https:\/\/www.rozaje.me\/\"},{\"@type\":\"ListItem\",\"position\":2,\"name\":\"Zapisnici sa sjednica 2022\/2026\"}]},{\"@type\":\"WebSite\",\"@id\":\"https:\/\/www.rozaje.me\/#website\",\"url\":\"https:\/\/www.rozaje.me\/\",\"name\":\"Op\u0161tina Ro\u017eaje\",\"description\":\"Zvani\u010dna veb stranica Op\u0161tine Ro\u017eaje\",\"publisher\":{\"@id\":\"https:\/\/www.rozaje.me\/#organization\"},\"alternateName\":\"Opstina Rozaje\",\"potentialAction\":[{\"@type\":\"SearchAction\",\"target\":{\"@type\":\"EntryPoint\",\"urlTemplate\":\"https:\/\/www.rozaje.me\/?s={search_term_string}\"},\"query-input\":{\"@type\":\"PropertyValueSpecification\",\"valueRequired\":true,\"valueName\":\"search_term_string\"}}],\"inLanguage\":\"en-GB\"},{\"@type\":\"Organization\",\"@id\":\"https:\/\/www.rozaje.me\/#organization\",\"name\":\"Opstina Rozaje\",\"url\":\"https:\/\/www.rozaje.me\/\",\"logo\":{\"@type\":\"ImageObject\",\"inLanguage\":\"en-GB\",\"@id\":\"https:\/\/www.rozaje.me\/#\/schema\/logo\/image\/\",\"url\":\"https:\/\/www.rozaje.me\/wp-content\/uploads\/2022\/08\/logo-textless.svg\",\"contentUrl\":\"https:\/\/www.rozaje.me\/wp-content\/uploads\/2022\/08\/logo-textless.svg\",\"width\":108.00360000000000582076609134674072265625,\"height\":131.15059999999999718056642450392246246337890625,\"caption\":\"Opstina Rozaje\"},\"image\":{\"@id\":\"https:\/\/www.rozaje.me\/#\/schema\/logo\/image\/\"},\"sameAs\":[\"https:\/\/www.facebook.com\/OpstinaRozajeOfficial\/\",\"https:\/\/www.youtube.com\/channel\/UCepcislHIwc6KRZTLa6FIlg\"]}]}<\/script>\n<!-- \/ Yoast SEO plugin. -->","yoast_head_json":{"title":"Zapisnici sa sjednica 2022\/2026 - Op\u0161tina Ro\u017eaje","robots":{"index":"index","follow":"follow","max-snippet":"max-snippet:-1","max-image-preview":"max-image-preview:large","max-video-preview":"max-video-preview:-1"},"canonical":"https:\/\/www.rozaje.me\/en\/zapisnici-sa-sjednica-2022-2026\/","og_locale":"en_GB","og_type":"article","og_title":"Zapisnici sa sjednica 2022\/2026 - Op\u0161tina Ro\u017eaje","og_url":"https:\/\/www.rozaje.me\/en\/zapisnici-sa-sjednica-2022-2026\/","og_site_name":"Op\u0161tina Ro\u017eaje","article_publisher":"https:\/\/www.facebook.com\/OpstinaRozajeOfficial\/","article_modified_time":"2026-01-23T12:21:31+00:00","twitter_card":"summary_large_image","twitter_misc":{"Estimated reading time":"1 minute"},"schema":{"@context":"https:\/\/schema.org","@graph":[{"@type":"WebPage","@id":"https:\/\/www.rozaje.me\/zapisnici-sa-sjednica-2022-2026\/","url":"https:\/\/www.rozaje.me\/zapisnici-sa-sjednica-2022-2026\/","name":"Zapisnici sa sjednica 2022\/2026 - Op\u0161tina Ro\u017eaje","isPartOf":{"@id":"https:\/\/www.rozaje.me\/#website"},"datePublished":"2022-12-19T12:53:52+00:00","dateModified":"2026-01-23T12:21:31+00:00","breadcrumb":{"@id":"https:\/\/www.rozaje.me\/zapisnici-sa-sjednica-2022-2026\/#breadcrumb"},"inLanguage":"en-GB","potentialAction":[{"@type":"ReadAction","target":["https:\/\/www.rozaje.me\/zapisnici-sa-sjednica-2022-2026\/"]}]},{"@type":"BreadcrumbList","@id":"https:\/\/www.rozaje.me\/zapisnici-sa-sjednica-2022-2026\/#breadcrumb","itemListElement":[{"@type":"ListItem","position":1,"name":"Home","item":"https:\/\/www.rozaje.me\/"},{"@type":"ListItem","position":2,"name":"Zapisnici sa sjednica 2022\/2026"}]},{"@type":"WebSite","@id":"https:\/\/www.rozaje.me\/#website","url":"https:\/\/www.rozaje.me\/","name":"Municipality of Ro\u017eaje","description":"The official website of the Municipality of Ro\u017eaje","publisher":{"@id":"https:\/\/www.rozaje.me\/#organization"},"alternateName":"Opstina Rozaje","potentialAction":[{"@type":"SearchAction","target":{"@type":"EntryPoint","urlTemplate":"https:\/\/www.rozaje.me\/?s={search_term_string}"},"query-input":{"@type":"PropertyValueSpecification","valueRequired":true,"valueName":"search_term_string"}}],"inLanguage":"en-GB"},{"@type":"Organization","@id":"https:\/\/www.rozaje.me\/#organization","name":"Opstina Rozaje","url":"https:\/\/www.rozaje.me\/","logo":{"@type":"ImageObject","inLanguage":"en-GB","@id":"https:\/\/www.rozaje.me\/#\/schema\/logo\/image\/","url":"https:\/\/www.rozaje.me\/wp-content\/uploads\/2022\/08\/logo-textless.svg","contentUrl":"https:\/\/www.rozaje.me\/wp-content\/uploads\/2022\/08\/logo-textless.svg","width":108.00360000000000582076609134674072265625,"height":131.15059999999999718056642450392246246337890625,"caption":"Opstina Rozaje"},"image":{"@id":"https:\/\/www.rozaje.me\/#\/schema\/logo\/image\/"},"sameAs":["https:\/\/www.facebook.com\/OpstinaRozajeOfficial\/","https:\/\/www.youtube.com\/channel\/UCepcislHIwc6KRZTLa6FIlg"]}]}},"_links":{"self":[{"href":"https:\/\/www.rozaje.me\/en\/wp-json\/wp\/v2\/pages\/27774","targetHints":{"allow":["GET"]}}],"collection":[{"href":"https:\/\/www.rozaje.me\/en\/wp-json\/wp\/v2\/pages"}],"about":[{"href":"https:\/\/www.rozaje.me\/en\/wp-json\/wp\/v2\/types\/page"}],"author":[{"embeddable":true,"href":"https:\/\/www.rozaje.me\/en\/wp-json\/wp\/v2\/users\/11"}],"replies":[{"embeddable":true,"href":"https:\/\/www.rozaje.me\/en\/wp-json\/wp\/v2\/comments?post=27774"}],"version-history":[{"count":4,"href":"https:\/\/www.rozaje.me\/en\/wp-json\/wp\/v2\/pages\/27774\/revisions"}],"predecessor-version":[{"id":33726,"href":"https:\/\/www.rozaje.me\/en\/wp-json\/wp\/v2\/pages\/27774\/revisions\/33726"}],"wp:attachment":[{"href":"https:\/\/www.rozaje.me\/en\/wp-json\/wp\/v2\/media?parent=27774"}],"curies":[{"name":"wp","href":"https:\/\/api.w.org\/{rel}","templated":true}]}}