{"id":27771,"date":"2022-12-19T13:52:41","date_gmt":"2022-12-19T12:52:41","guid":{"rendered":"https:\/\/www.rozaje.me\/?page_id=27771"},"modified":"2026-03-06T14:19:35","modified_gmt":"2026-03-06T13:19:35","slug":"usvojena-akta-sa-sjednica-so-e-2022-2026","status":"publish","type":"page","link":"https:\/\/www.rozaje.me\/en\/usvojena-akta-sa-sjednica-so-e-2022-2026\/","title":{"rendered":"Adopted acts from the 2022\/2026 So-e sessions"},"content":{"rendered":"<div class=\"wp-block-file\"><a id=\"wp-block-file--media-2591b833-697c-4e43-8079-d5ba9f125c1c\" href=\"https:\/\/www.rozaje.me\/wp-content\/uploads\/2022\/12\/odlukasaprvevanrednesjednice.zip\">The first regular session of the Assembly of the Municipality<\/a><\/div>\n\n\n\n<div class=\"wp-block-file\"><a id=\"wp-block-file--media-e976c491-0d07-4fec-909b-7d7eeffe8a96\" href=\"https:\/\/www.rozaje.me\/wp-content\/uploads\/2023\/10\/Prva-vanredsna-sjednica.zip\">Prva vanredsna sjednica Skup\u0161tine Op\u0161tine<\/a><\/div>\n\n\n\n<div class=\"wp-block-file\"><a id=\"wp-block-file--media-0e104dd8-5057-49e3-987f-9446c35f29bc\" href=\"https:\/\/www.rozaje.me\/wp-content\/uploads\/2022\/12\/odlukezaobjavljivanje.zip\">The second regular session of the Assembly of the Municipality<\/a><\/div>\n\n\n\n<div class=\"wp-block-file\"><a id=\"wp-block-file--media-3e77ae77-771e-4bde-8193-b79715f73d06\" href=\"https:\/\/www.rozaje.me\/wp-content\/uploads\/2022\/12\/odlukesatreeredovnesjedniceodranedana27_12_2022_god.zip\">The third regular session of the Municipal Assembly<\/a><\/div>\n\n\n\n<div class=\"wp-block-file\"><a id=\"wp-block-file--media-965a91ec-3deb-43f3-85f3-82eeda2c73fa\" href=\"https:\/\/www.rozaje.me\/wp-content\/uploads\/2023\/03\/usvojeneodlukesa4_redovnesjednicesoeroaje.zip\">Fourth regular session of the Municipal Assembly<\/a><\/div>\n\n\n\n<div class=\"wp-block-file\"><a id=\"wp-block-file--media-647dc8ca-375b-4767-b082-e255ae64a8e1\" href=\"https:\/\/www.rozaje.me\/wp-content\/uploads\/2023\/03\/fwdodlukezaobjavljivanje.zip\">Fifth regular session of the Municipal Assembly<\/a><\/div>\n\n\n\n<div class=\"wp-block-file\"><a id=\"wp-block-file--media-06652080-8203-4e65-a63f-b5611517dc0f\" href=\"https:\/\/www.rozaje.me\/wp-content\/uploads\/2026\/03\/odlukesa6_redovnesjednice.zip\">\u0160esta redovna sjednica Skup\u0161tine Op\u0161tine<\/a><\/div>\n\n\n\n<div class=\"wp-block-file\"><a id=\"wp-block-file--media-c7a73bfa-0a99-4594-aced-50b2dfffca47\" href=\"https:\/\/www.rozaje.me\/wp-content\/uploads\/2023\/09\/odlukesa7_redovnesjednice.zip\">Sedma redovna sjednica Skup\u0161tina Op\u0161tina<\/a><\/div>\n\n\n\n<div class=\"wp-block-file\"><a id=\"wp-block-file--media-2b149304-c976-4b9a-bfd0-64d81e571511\" href=\"https:\/\/www.rozaje.me\/wp-content\/uploads\/2023\/09\/odlukezaobjavunasajt.zip\">Osma redovna sjednica Skp\u0161tine Op\u0161tine<\/a><\/div>\n\n\n\n<div class=\"wp-block-file\"><a id=\"wp-block-file--media-d0bb6f70-82cd-4f3d-bd5e-92eb99ca3b55\" href=\"https:\/\/www.rozaje.me\/wp-content\/uploads\/2023\/11\/9_redovnasjednicaskuptineoptineroaje.zip\">Deveta redova sjednica Skup\u0161tine Op\u0161tine<\/a><\/div>\n\n\n\n<div class=\"wp-block-file\"><a id=\"wp-block-file--media-359b99cd-712f-41e0-b978-e8e1ccc5f686\" href=\"https:\/\/www.rozaje.me\/wp-content\/uploads\/2023\/12\/aktisa10_redovnesjednice.zip\">Deseta redovna sjednica Skup\u0161tine Op\u0161tine<\/a><\/div>\n\n\n\n<div class=\"wp-block-file\"><a id=\"wp-block-file--media-a4c46f14-52b1-4ede-b801-c121628b3949\" href=\"https:\/\/www.rozaje.me\/wp-content\/uploads\/2024\/03\/Jedanaesta-redovna-sjednica.zip\">Jedanaesta redovna sjednica<\/a><\/div>\n\n\n\n<div class=\"wp-block-file\"><a id=\"wp-block-file--media-bb7f2425-4cd3-486e-99bd-178a0a72634b\" href=\"https:\/\/www.rozaje.me\/wp-content\/uploads\/2024\/03\/usvojeneodlukesa12_redovnesjednice.zip\">Dvanaesta redovna sjednica Skup\u0161tine Op\u0161tine<\/a><\/div>\n\n\n\n<div class=\"wp-block-file\"><a id=\"wp-block-file--media-9f0f61da-601f-461f-8375-87395fc5c4f3\" href=\"https:\/\/www.rozaje.me\/wp-content\/uploads\/2024\/06\/usvojeniaktisa13_redovnesjednice.zip\">Trinaesta redovna sjednica<\/a><\/div>\n\n\n\n<div class=\"wp-block-file\"><a id=\"wp-block-file--media-a3bdf1ae-bf85-4e40-a51b-9c7826c27960\" href=\"https:\/\/www.rozaje.me\/wp-content\/uploads\/2024\/06\/usvojeniaktisa14_redovnesjednice.zip\">\u010cetrnaesta redovna sjednica<\/a><\/div>\n\n\n\n<div class=\"wp-block-file\"><a id=\"wp-block-file--media-67dde2f8-d281-4576-be61-25b7534ee49f\" href=\"https:\/\/www.rozaje.me\/wp-content\/uploads\/2024\/10\/aktisa15_redovnesjednice.zip\">Petnaesta redovna sjednica<\/a><\/div>\n\n\n\n<div class=\"wp-block-file\"><a id=\"wp-block-file--media-a458dc77-ab80-4692-aaa1-91aca8d2462e\" href=\"https:\/\/www.rozaje.me\/wp-content\/uploads\/2024\/10\/zaobjavinasajt16_redovnasjednica.zip\">\u0160esnaesta redovna sjednica<\/a><\/div>\n\n\n\n<div class=\"wp-block-file\"><a id=\"wp-block-file--media-758941f3-309d-48ba-b480-c83932e5cd5f\" href=\"https:\/\/www.rozaje.me\/wp-content\/uploads\/2024\/11\/Saziv-za-17.-redovnu-sjednicu-Skupstine-opstine-Rozaje.zip\">Sedamnaesta redovna sjednica<\/a><\/div>\n\n\n\n<div class=\"wp-block-file\"><a id=\"wp-block-file--media-b2507f8e-aeca-402b-894d-e3f55f353329\" href=\"https:\/\/www.rozaje.me\/wp-content\/uploads\/2024\/12\/odlukeusvojenena18_redovnojsjednici.zip\">Osamnaesta redvona sjednica<\/a><\/div>\n\n\n\n<div class=\"wp-block-file\"><a id=\"wp-block-file--media-358a2e92-6015-4894-a5fd-712ce2d95aae\" href=\"https:\/\/www.rozaje.me\/wp-content\/uploads\/2024\/12\/odlukeusvojenena19_redovnojsjednicisoe.zip\">Devetnaesta redovna sjednica<\/a><\/div>\n\n\n\n<div class=\"wp-block-file\"><a id=\"wp-block-file--media-d6483049-3349-4e0b-9906-15145ae577e5\" href=\"https:\/\/www.rozaje.me\/wp-content\/uploads\/2025\/03\/aktisa20_redovnesjednice.zip\">Dvadeseta redovna sjednica<\/a><\/div>\n\n\n\n<div class=\"wp-block-file\"><a id=\"wp-block-file--media-1c186260-9cff-4f6c-9877-76623554f7e4\" href=\"https:\/\/www.rozaje.me\/wp-content\/uploads\/2025\/05\/zaobjavunasajtsa21_redovnesjednice.zip\">Dvadesetprva redovna sjednica<\/a><\/div>\n\n\n\n<div class=\"wp-block-file\"><a id=\"wp-block-file--media-e322e345-c557-4e6e-bcc0-26d75abcc752\" href=\"https:\/\/www.rozaje.me\/wp-content\/uploads\/2025\/05\/zaobjavunasajtsa22_redovnesjednice.zip\">Dvadesetdruga redovna sjednica<\/a><\/div>\n\n\n\n<div class=\"wp-block-file\"><a id=\"wp-block-file--media-9f315b9a-6f35-4c76-afb6-f0c90364e172\" href=\"https:\/\/www.rozaje.me\/wp-content\/uploads\/2025\/06\/odluke23sjednica.zip\">Dvadesettreca redovna sjednica<\/a><\/div>\n\n\n\n<div class=\"wp-block-file\"><a id=\"wp-block-file--media-36d8f77f-be59-4751-9f56-67cc76be5176\" href=\"https:\/\/www.rozaje.me\/wp-content\/uploads\/2025\/09\/dvadesetcetvrtasjednica.zip\">Dvadesetcetvrta redovna sjednica<\/a><\/div>\n\n\n\n<div class=\"wp-block-file\"><a id=\"wp-block-file--media-ef70be64-5151-457d-8903-02f5b9dec618\" href=\"https:\/\/www.rozaje.me\/wp-content\/uploads\/2025\/11\/Dvadesetpeta-redovna-sjednica.zip\">Dvadesetpeta redovna sjednica<\/a><\/div>\n\n\n\n<div class=\"wp-block-file\"><a id=\"wp-block-file--media-c636ba17-b922-47d1-b5f1-2d117a0357bb\" href=\"https:\/\/www.rozaje.me\/wp-content\/uploads\/2026\/01\/Dvadesetsesta-redovna-sjednica.zip\">Dvadesetsesta redovna sjednica<\/a><\/div>","protected":false},"excerpt":{"rendered":"","protected":false},"author":11,"featured_media":0,"parent":0,"menu_order":0,"comment_status":"closed","ping_status":"closed","template":"","meta":{"_monsterinsights_skip_tracking":false,"_monsterinsights_sitenote_active":false,"_monsterinsights_sitenote_note":"","_monsterinsights_sitenote_category":0,"footnotes":""},"class_list":["post-27771","page","type-page","status-publish","hentry"],"yoast_head":"<!-- This site is optimized with the Yoast SEO plugin v27.2 - https:\/\/yoast.com\/product\/yoast-seo-wordpress\/ -->\n<title>Usvojena akta sa sjednica So-e 2022\/2026 - Op\u0161tina Ro\u017eaje<\/title>\n<meta name=\"robots\" content=\"index, follow, max-snippet:-1, max-image-preview:large, max-video-preview:-1\" \/>\n<link rel=\"canonical\" href=\"https:\/\/www.rozaje.me\/en\/usvojena-akta-sa-sjednica-so-e-2022-2026\/\" \/>\n<meta property=\"og:locale\" content=\"en_GB\" \/>\n<meta property=\"og:type\" content=\"article\" \/>\n<meta property=\"og:title\" content=\"Usvojena akta sa sjednica So-e 2022\/2026 - Op\u0161tina Ro\u017eaje\" \/>\n<meta property=\"og:url\" content=\"https:\/\/www.rozaje.me\/en\/usvojena-akta-sa-sjednica-so-e-2022-2026\/\" \/>\n<meta property=\"og:site_name\" content=\"Op\u0161tina Ro\u017eaje\" \/>\n<meta property=\"article:publisher\" content=\"https:\/\/www.facebook.com\/OpstinaRozajeOfficial\/\" \/>\n<meta property=\"article:modified_time\" content=\"2026-03-06T13:19:35+00:00\" \/>\n<meta name=\"twitter:card\" content=\"summary_large_image\" \/>\n<meta name=\"twitter:label1\" content=\"Estimated reading time\" \/>\n\t<meta name=\"twitter:data1\" content=\"1 minute\" \/>\n<script type=\"application\/ld+json\" class=\"yoast-schema-graph\">{\"@context\":\"https:\/\/schema.org\",\"@graph\":[{\"@type\":\"WebPage\",\"@id\":\"https:\/\/www.rozaje.me\/usvojena-akta-sa-sjednica-so-e-2022-2026\/\",\"url\":\"https:\/\/www.rozaje.me\/usvojena-akta-sa-sjednica-so-e-2022-2026\/\",\"name\":\"Usvojena akta sa sjednica So-e 2022\/2026 - Op\u0161tina Ro\u017eaje\",\"isPartOf\":{\"@id\":\"https:\/\/www.rozaje.me\/#website\"},\"datePublished\":\"2022-12-19T12:52:41+00:00\",\"dateModified\":\"2026-03-06T13:19:35+00:00\",\"breadcrumb\":{\"@id\":\"https:\/\/www.rozaje.me\/usvojena-akta-sa-sjednica-so-e-2022-2026\/#breadcrumb\"},\"inLanguage\":\"en-GB\",\"potentialAction\":[{\"@type\":\"ReadAction\",\"target\":[\"https:\/\/www.rozaje.me\/usvojena-akta-sa-sjednica-so-e-2022-2026\/\"]}]},{\"@type\":\"BreadcrumbList\",\"@id\":\"https:\/\/www.rozaje.me\/usvojena-akta-sa-sjednica-so-e-2022-2026\/#breadcrumb\",\"itemListElement\":[{\"@type\":\"ListItem\",\"position\":1,\"name\":\"Home\",\"item\":\"https:\/\/www.rozaje.me\/\"},{\"@type\":\"ListItem\",\"position\":2,\"name\":\"Usvojena akta sa sjednica So-e 2022\/2026\"}]},{\"@type\":\"WebSite\",\"@id\":\"https:\/\/www.rozaje.me\/#website\",\"url\":\"https:\/\/www.rozaje.me\/\",\"name\":\"Op\u0161tina Ro\u017eaje\",\"description\":\"Zvani\u010dna veb stranica Op\u0161tine Ro\u017eaje\",\"publisher\":{\"@id\":\"https:\/\/www.rozaje.me\/#organization\"},\"alternateName\":\"Opstina Rozaje\",\"potentialAction\":[{\"@type\":\"SearchAction\",\"target\":{\"@type\":\"EntryPoint\",\"urlTemplate\":\"https:\/\/www.rozaje.me\/?s={search_term_string}\"},\"query-input\":{\"@type\":\"PropertyValueSpecification\",\"valueRequired\":true,\"valueName\":\"search_term_string\"}}],\"inLanguage\":\"en-GB\"},{\"@type\":\"Organization\",\"@id\":\"https:\/\/www.rozaje.me\/#organization\",\"name\":\"Opstina Rozaje\",\"url\":\"https:\/\/www.rozaje.me\/\",\"logo\":{\"@type\":\"ImageObject\",\"inLanguage\":\"en-GB\",\"@id\":\"https:\/\/www.rozaje.me\/#\/schema\/logo\/image\/\",\"url\":\"https:\/\/www.rozaje.me\/wp-content\/uploads\/2022\/08\/logo-textless.svg\",\"contentUrl\":\"https:\/\/www.rozaje.me\/wp-content\/uploads\/2022\/08\/logo-textless.svg\",\"width\":108.00360000000000582076609134674072265625,\"height\":131.15059999999999718056642450392246246337890625,\"caption\":\"Opstina Rozaje\"},\"image\":{\"@id\":\"https:\/\/www.rozaje.me\/#\/schema\/logo\/image\/\"},\"sameAs\":[\"https:\/\/www.facebook.com\/OpstinaRozajeOfficial\/\",\"https:\/\/www.youtube.com\/channel\/UCepcislHIwc6KRZTLa6FIlg\"]}]}<\/script>\n<!-- \/ Yoast SEO plugin. -->","yoast_head_json":{"title":"Usvojena akta sa sjednica So-e 2022\/2026 - Op\u0161tina Ro\u017eaje","robots":{"index":"index","follow":"follow","max-snippet":"max-snippet:-1","max-image-preview":"max-image-preview:large","max-video-preview":"max-video-preview:-1"},"canonical":"https:\/\/www.rozaje.me\/en\/usvojena-akta-sa-sjednica-so-e-2022-2026\/","og_locale":"en_GB","og_type":"article","og_title":"Usvojena akta sa sjednica So-e 2022\/2026 - Op\u0161tina Ro\u017eaje","og_url":"https:\/\/www.rozaje.me\/en\/usvojena-akta-sa-sjednica-so-e-2022-2026\/","og_site_name":"Op\u0161tina Ro\u017eaje","article_publisher":"https:\/\/www.facebook.com\/OpstinaRozajeOfficial\/","article_modified_time":"2026-03-06T13:19:35+00:00","twitter_card":"summary_large_image","twitter_misc":{"Estimated reading time":"1 minute"},"schema":{"@context":"https:\/\/schema.org","@graph":[{"@type":"WebPage","@id":"https:\/\/www.rozaje.me\/usvojena-akta-sa-sjednica-so-e-2022-2026\/","url":"https:\/\/www.rozaje.me\/usvojena-akta-sa-sjednica-so-e-2022-2026\/","name":"Usvojena akta sa sjednica So-e 2022\/2026 - Op\u0161tina Ro\u017eaje","isPartOf":{"@id":"https:\/\/www.rozaje.me\/#website"},"datePublished":"2022-12-19T12:52:41+00:00","dateModified":"2026-03-06T13:19:35+00:00","breadcrumb":{"@id":"https:\/\/www.rozaje.me\/usvojena-akta-sa-sjednica-so-e-2022-2026\/#breadcrumb"},"inLanguage":"en-GB","potentialAction":[{"@type":"ReadAction","target":["https:\/\/www.rozaje.me\/usvojena-akta-sa-sjednica-so-e-2022-2026\/"]}]},{"@type":"BreadcrumbList","@id":"https:\/\/www.rozaje.me\/usvojena-akta-sa-sjednica-so-e-2022-2026\/#breadcrumb","itemListElement":[{"@type":"ListItem","position":1,"name":"Home","item":"https:\/\/www.rozaje.me\/"},{"@type":"ListItem","position":2,"name":"Usvojena akta sa sjednica So-e 2022\/2026"}]},{"@type":"WebSite","@id":"https:\/\/www.rozaje.me\/#website","url":"https:\/\/www.rozaje.me\/","name":"Municipality of Ro\u017eaje","description":"The official website of the Municipality of Ro\u017eaje","publisher":{"@id":"https:\/\/www.rozaje.me\/#organization"},"alternateName":"Opstina Rozaje","potentialAction":[{"@type":"SearchAction","target":{"@type":"EntryPoint","urlTemplate":"https:\/\/www.rozaje.me\/?s={search_term_string}"},"query-input":{"@type":"PropertyValueSpecification","valueRequired":true,"valueName":"search_term_string"}}],"inLanguage":"en-GB"},{"@type":"Organization","@id":"https:\/\/www.rozaje.me\/#organization","name":"Opstina Rozaje","url":"https:\/\/www.rozaje.me\/","logo":{"@type":"ImageObject","inLanguage":"en-GB","@id":"https:\/\/www.rozaje.me\/#\/schema\/logo\/image\/","url":"https:\/\/www.rozaje.me\/wp-content\/uploads\/2022\/08\/logo-textless.svg","contentUrl":"https:\/\/www.rozaje.me\/wp-content\/uploads\/2022\/08\/logo-textless.svg","width":108.00360000000000582076609134674072265625,"height":131.15059999999999718056642450392246246337890625,"caption":"Opstina Rozaje"},"image":{"@id":"https:\/\/www.rozaje.me\/#\/schema\/logo\/image\/"},"sameAs":["https:\/\/www.facebook.com\/OpstinaRozajeOfficial\/","https:\/\/www.youtube.com\/channel\/UCepcislHIwc6KRZTLa6FIlg"]}]}},"_links":{"self":[{"href":"https:\/\/www.rozaje.me\/en\/wp-json\/wp\/v2\/pages\/27771","targetHints":{"allow":["GET"]}}],"collection":[{"href":"https:\/\/www.rozaje.me\/en\/wp-json\/wp\/v2\/pages"}],"about":[{"href":"https:\/\/www.rozaje.me\/en\/wp-json\/wp\/v2\/types\/page"}],"author":[{"embeddable":true,"href":"https:\/\/www.rozaje.me\/en\/wp-json\/wp\/v2\/users\/11"}],"replies":[{"embeddable":true,"href":"https:\/\/www.rozaje.me\/en\/wp-json\/wp\/v2\/comments?post=27771"}],"version-history":[{"count":5,"href":"https:\/\/www.rozaje.me\/en\/wp-json\/wp\/v2\/pages\/27771\/revisions"}],"predecessor-version":[{"id":33857,"href":"https:\/\/www.rozaje.me\/en\/wp-json\/wp\/v2\/pages\/27771\/revisions\/33857"}],"wp:attachment":[{"href":"https:\/\/www.rozaje.me\/en\/wp-json\/wp\/v2\/media?parent=27771"}],"curies":[{"name":"wp","href":"https:\/\/api.w.org\/{rel}","templated":true}]}}