{"id":27700,"date":"2022-12-19T12:44:35","date_gmt":"2022-12-19T11:44:35","guid":{"rendered":"https:\/\/www.rozaje.me\/?page_id=27700"},"modified":"2024-04-15T10:55:12","modified_gmt":"2024-04-15T09:55:12","slug":"skupstina-odbornici-u-so-e-2022-2026","status":"publish","type":"page","link":"https:\/\/www.rozaje.me\/en\/skupstina-odbornici-u-so-e-2022-2026\/","title":{"rendered":"Assembly - Councilors in SO-e 2022\/2026"},"content":{"rendered":"<p class=\"has-black-color has-text-color\"><strong>&quot;BOSNIA PARTY - RIGHT FOR ROZAJE&quot;<\/strong><\/p>\n\n\n\n<ol class=\"wp-block-list\">\n<li>Mirsad Nurkovi\u0107<\/li>\n\n\n\n<li>Almir Avdic<\/li>\n\n\n\n<li>Hajrija Kala\u010d<\/li>\n\n\n\n<li>Haris Zejnelagic<\/li>\n\n\n\n<li>Dr. Rasim Halilovi\u0107<\/li>\n\n\n\n<li>Edita \u0160ahman<\/li>\n\n\n\n<li>Senad Husovic<\/li>\n\n\n\n<li>Emina Hodzic<\/li>\n\n\n\n<li>Salko Tahirovi\u0107<\/li>\n\n\n\n<li>Mersudin Kuch<\/li>\n\n\n\n<li>Irma Daci\u0107<\/li>\n\n\n\n<li>Nadil Azemovi\u0107<\/li>\n\n\n\n<li>Admir Muri\u0107<\/li>\n\n\n\n<li>Edib \u0160alji\u0107<\/li>\n\n\n\n<li>Zineta D\u017eud\u017eevi\u0107<\/li>\n\n\n\n<li>Sabro Ibrahimovi\u0107<\/li>\n\n\n\n<li>Asmir Kardovic<\/li>\n\n\n\n<li>Omer Nurkovic<\/li>\n\n\n\n<li>Amina Dautovi\u0107<\/li>\n\n\n\n<li>Faruk Daci<\/li>\n\n\n\n<li>Vehbija Dedei\u0107<\/li>\n\n\n\n<li>Albina Fetahovi\u0107<br \/><br \/><strong>THE REAL THING, THE COALITION FOR A BETTER LIFE IN ROJA<\/strong><br \/><\/li>\n\n\n\n<li>Alen Kalac<\/li>\n\n\n\n<li>Seniha Tahirovi\u0107<\/li>\n\n\n\n<li>Site Kalac<\/li>\n\n\n\n<li>Elzana Kurtagi\u0107<\/li>\n\n\n\n<li>Esad Plunac<\/li>\n\n\n\n<li>Rejhan Agovic<\/li>\n\n\n\n<li>Enis Kala\u010d<\/li>\n\n\n\n<li>Fahrudin Nurkovi\u0107<br \/><br \/><strong>Dr. Dritan Abazovi\u0107 - Mo\u017ee Ro\u017eaje! Montenegro can do it! \u2013 Civic movement HURRY!\u201d<\/strong><br \/><\/li>\n\n\n\n<li>Asmir Bibi\u0107<\/li>\n\n\n\n<li>Zenajda Ljai\u0107<br \/><br \/><strong>&quot;Party of Justice and Reconciliation - For future generations - Mr. Seid Had\u017ei\u0107&quot;<\/strong><br \/><\/li>\n\n\n\n<li>Seid Hadzic<\/li>\n\n\n\n<li>Hazbija Kalac<\/li>\n<\/ol>","protected":false},"excerpt":{"rendered":"<p>&quot;BOSNIA PARTY - RIGHT FOR ROZAJE&quot;<\/p>","protected":false},"author":11,"featured_media":0,"parent":0,"menu_order":0,"comment_status":"closed","ping_status":"closed","template":"","meta":{"_monsterinsights_skip_tracking":false,"_monsterinsights_sitenote_active":false,"_monsterinsights_sitenote_note":"","_monsterinsights_sitenote_category":0,"footnotes":""},"class_list":["post-27700","page","type-page","status-publish","hentry"],"yoast_head":"<!-- This site is optimized with the Yoast SEO plugin v27.2 - https:\/\/yoast.com\/product\/yoast-seo-wordpress\/ -->\n<title>Skup\u0161tina - Odbornici u SO-e 2022\/2026 - Op\u0161tina Ro\u017eaje<\/title>\n<meta name=\"robots\" content=\"index, follow, max-snippet:-1, max-image-preview:large, max-video-preview:-1\" \/>\n<link rel=\"canonical\" href=\"https:\/\/www.rozaje.me\/en\/skupstina-odbornici-u-so-e-2022-2026\/\" \/>\n<meta property=\"og:locale\" content=\"en_GB\" \/>\n<meta property=\"og:type\" content=\"article\" \/>\n<meta property=\"og:title\" content=\"Skup\u0161tina - Odbornici u SO-e 2022\/2026 - Op\u0161tina Ro\u017eaje\" \/>\n<meta property=\"og:description\" content=\",,BO\u0160NJA\u010cKA STRANKA \u2013ISPRAVNO ZA RO\u017dAJE\u201c\" \/>\n<meta property=\"og:url\" content=\"https:\/\/www.rozaje.me\/en\/skupstina-odbornici-u-so-e-2022-2026\/\" \/>\n<meta property=\"og:site_name\" content=\"Op\u0161tina Ro\u017eaje\" \/>\n<meta property=\"article:publisher\" content=\"https:\/\/www.facebook.com\/OpstinaRozajeOfficial\/\" \/>\n<meta property=\"article:modified_time\" content=\"2024-04-15T09:55:12+00:00\" \/>\n<meta name=\"twitter:card\" content=\"summary_large_image\" \/>\n<meta name=\"twitter:label1\" content=\"Estimated reading time\" \/>\n\t<meta name=\"twitter:data1\" content=\"1 minute\" \/>\n<script type=\"application\/ld+json\" class=\"yoast-schema-graph\">{\"@context\":\"https:\/\/schema.org\",\"@graph\":[{\"@type\":\"WebPage\",\"@id\":\"https:\/\/www.rozaje.me\/skupstina-odbornici-u-so-e-2022-2026\/\",\"url\":\"https:\/\/www.rozaje.me\/skupstina-odbornici-u-so-e-2022-2026\/\",\"name\":\"Skup\u0161tina - Odbornici u SO-e 2022\/2026 - Op\u0161tina Ro\u017eaje\",\"isPartOf\":{\"@id\":\"https:\/\/www.rozaje.me\/#website\"},\"datePublished\":\"2022-12-19T11:44:35+00:00\",\"dateModified\":\"2024-04-15T09:55:12+00:00\",\"breadcrumb\":{\"@id\":\"https:\/\/www.rozaje.me\/skupstina-odbornici-u-so-e-2022-2026\/#breadcrumb\"},\"inLanguage\":\"en-GB\",\"potentialAction\":[{\"@type\":\"ReadAction\",\"target\":[\"https:\/\/www.rozaje.me\/skupstina-odbornici-u-so-e-2022-2026\/\"]}]},{\"@type\":\"BreadcrumbList\",\"@id\":\"https:\/\/www.rozaje.me\/skupstina-odbornici-u-so-e-2022-2026\/#breadcrumb\",\"itemListElement\":[{\"@type\":\"ListItem\",\"position\":1,\"name\":\"Home\",\"item\":\"https:\/\/www.rozaje.me\/\"},{\"@type\":\"ListItem\",\"position\":2,\"name\":\"Skup\u0161tina &#8211; Odbornici u SO-e 2022\/2026\"}]},{\"@type\":\"WebSite\",\"@id\":\"https:\/\/www.rozaje.me\/#website\",\"url\":\"https:\/\/www.rozaje.me\/\",\"name\":\"Op\u0161tina Ro\u017eaje\",\"description\":\"Zvani\u010dna veb stranica Op\u0161tine Ro\u017eaje\",\"publisher\":{\"@id\":\"https:\/\/www.rozaje.me\/#organization\"},\"alternateName\":\"Opstina Rozaje\",\"potentialAction\":[{\"@type\":\"SearchAction\",\"target\":{\"@type\":\"EntryPoint\",\"urlTemplate\":\"https:\/\/www.rozaje.me\/?s={search_term_string}\"},\"query-input\":{\"@type\":\"PropertyValueSpecification\",\"valueRequired\":true,\"valueName\":\"search_term_string\"}}],\"inLanguage\":\"en-GB\"},{\"@type\":\"Organization\",\"@id\":\"https:\/\/www.rozaje.me\/#organization\",\"name\":\"Opstina Rozaje\",\"url\":\"https:\/\/www.rozaje.me\/\",\"logo\":{\"@type\":\"ImageObject\",\"inLanguage\":\"en-GB\",\"@id\":\"https:\/\/www.rozaje.me\/#\/schema\/logo\/image\/\",\"url\":\"https:\/\/www.rozaje.me\/wp-content\/uploads\/2022\/08\/logo-textless.svg\",\"contentUrl\":\"https:\/\/www.rozaje.me\/wp-content\/uploads\/2022\/08\/logo-textless.svg\",\"width\":108.00360000000000582076609134674072265625,\"height\":131.15059999999999718056642450392246246337890625,\"caption\":\"Opstina Rozaje\"},\"image\":{\"@id\":\"https:\/\/www.rozaje.me\/#\/schema\/logo\/image\/\"},\"sameAs\":[\"https:\/\/www.facebook.com\/OpstinaRozajeOfficial\/\",\"https:\/\/www.youtube.com\/channel\/UCepcislHIwc6KRZTLa6FIlg\"]}]}<\/script>\n<!-- \/ Yoast SEO plugin. -->","yoast_head_json":{"title":"Skup\u0161tina - Odbornici u SO-e 2022\/2026 - Op\u0161tina Ro\u017eaje","robots":{"index":"index","follow":"follow","max-snippet":"max-snippet:-1","max-image-preview":"max-image-preview:large","max-video-preview":"max-video-preview:-1"},"canonical":"https:\/\/www.rozaje.me\/en\/skupstina-odbornici-u-so-e-2022-2026\/","og_locale":"en_GB","og_type":"article","og_title":"Skup\u0161tina - Odbornici u SO-e 2022\/2026 - Op\u0161tina Ro\u017eaje","og_description":",,BO\u0160NJA\u010cKA STRANKA \u2013ISPRAVNO ZA RO\u017dAJE\u201c","og_url":"https:\/\/www.rozaje.me\/en\/skupstina-odbornici-u-so-e-2022-2026\/","og_site_name":"Op\u0161tina Ro\u017eaje","article_publisher":"https:\/\/www.facebook.com\/OpstinaRozajeOfficial\/","article_modified_time":"2024-04-15T09:55:12+00:00","twitter_card":"summary_large_image","twitter_misc":{"Estimated reading time":"1 minute"},"schema":{"@context":"https:\/\/schema.org","@graph":[{"@type":"WebPage","@id":"https:\/\/www.rozaje.me\/skupstina-odbornici-u-so-e-2022-2026\/","url":"https:\/\/www.rozaje.me\/skupstina-odbornici-u-so-e-2022-2026\/","name":"Skup\u0161tina - Odbornici u SO-e 2022\/2026 - Op\u0161tina Ro\u017eaje","isPartOf":{"@id":"https:\/\/www.rozaje.me\/#website"},"datePublished":"2022-12-19T11:44:35+00:00","dateModified":"2024-04-15T09:55:12+00:00","breadcrumb":{"@id":"https:\/\/www.rozaje.me\/skupstina-odbornici-u-so-e-2022-2026\/#breadcrumb"},"inLanguage":"en-GB","potentialAction":[{"@type":"ReadAction","target":["https:\/\/www.rozaje.me\/skupstina-odbornici-u-so-e-2022-2026\/"]}]},{"@type":"BreadcrumbList","@id":"https:\/\/www.rozaje.me\/skupstina-odbornici-u-so-e-2022-2026\/#breadcrumb","itemListElement":[{"@type":"ListItem","position":1,"name":"Home","item":"https:\/\/www.rozaje.me\/"},{"@type":"ListItem","position":2,"name":"Skup\u0161tina &#8211; Odbornici u SO-e 2022\/2026"}]},{"@type":"WebSite","@id":"https:\/\/www.rozaje.me\/#website","url":"https:\/\/www.rozaje.me\/","name":"Municipality of Ro\u017eaje","description":"The official website of the Municipality of Ro\u017eaje","publisher":{"@id":"https:\/\/www.rozaje.me\/#organization"},"alternateName":"Opstina Rozaje","potentialAction":[{"@type":"SearchAction","target":{"@type":"EntryPoint","urlTemplate":"https:\/\/www.rozaje.me\/?s={search_term_string}"},"query-input":{"@type":"PropertyValueSpecification","valueRequired":true,"valueName":"search_term_string"}}],"inLanguage":"en-GB"},{"@type":"Organization","@id":"https:\/\/www.rozaje.me\/#organization","name":"Opstina Rozaje","url":"https:\/\/www.rozaje.me\/","logo":{"@type":"ImageObject","inLanguage":"en-GB","@id":"https:\/\/www.rozaje.me\/#\/schema\/logo\/image\/","url":"https:\/\/www.rozaje.me\/wp-content\/uploads\/2022\/08\/logo-textless.svg","contentUrl":"https:\/\/www.rozaje.me\/wp-content\/uploads\/2022\/08\/logo-textless.svg","width":108.00360000000000582076609134674072265625,"height":131.15059999999999718056642450392246246337890625,"caption":"Opstina Rozaje"},"image":{"@id":"https:\/\/www.rozaje.me\/#\/schema\/logo\/image\/"},"sameAs":["https:\/\/www.facebook.com\/OpstinaRozajeOfficial\/","https:\/\/www.youtube.com\/channel\/UCepcislHIwc6KRZTLa6FIlg"]}]}},"_links":{"self":[{"href":"https:\/\/www.rozaje.me\/en\/wp-json\/wp\/v2\/pages\/27700","targetHints":{"allow":["GET"]}}],"collection":[{"href":"https:\/\/www.rozaje.me\/en\/wp-json\/wp\/v2\/pages"}],"about":[{"href":"https:\/\/www.rozaje.me\/en\/wp-json\/wp\/v2\/types\/page"}],"author":[{"embeddable":true,"href":"https:\/\/www.rozaje.me\/en\/wp-json\/wp\/v2\/users\/11"}],"replies":[{"embeddable":true,"href":"https:\/\/www.rozaje.me\/en\/wp-json\/wp\/v2\/comments?post=27700"}],"version-history":[{"count":0,"href":"https:\/\/www.rozaje.me\/en\/wp-json\/wp\/v2\/pages\/27700\/revisions"}],"wp:attachment":[{"href":"https:\/\/www.rozaje.me\/en\/wp-json\/wp\/v2\/media?parent=27700"}],"curies":[{"name":"wp","href":"https:\/\/api.w.org\/{rel}","templated":true}]}}