{"id":27457,"date":"2022-11-10T14:05:54","date_gmt":"2022-11-10T13:05:54","guid":{"rendered":"https:\/\/www.rozaje.me\/?page_id=27457"},"modified":"2024-02-23T13:23:12","modified_gmt":"2024-02-23T12:23:12","slug":"budzet-2023","status":"publish","type":"page","link":"https:\/\/www.rozaje.me\/en\/budzet-2023\/","title":{"rendered":"Budget \u2013 2023"},"content":{"rendered":"<div class=\"wp-block-file\"><a id=\"wp-block-file--media-9a551be7-c655-413d-bd27-426241f09cc8\" href=\"https:\/\/www.rozaje.me\/wp-content\/uploads\/2022\/11\/1-Nacrt-Odluke-o-Budzetu-Opstine-Rozaje-za-2023.god_.-1.xlsx\"><span style=\"text-decoration: underline;\">Draft Decision on the Budget of the Municipality of Ro\u017eaje for 2023.<\/span><\/a><\/div>\n\n\n\n<div class=\"wp-block-file\"><a id=\"wp-block-file--media-cde057c7-1aaa-4bbe-b72c-570f7e051ca5\" href=\"https:\/\/www.rozaje.me\/wp-content\/uploads\/2023\/01\/Budzet-2023.godina.pdf\"><span style=\"text-decoration: underline;\">Budget 2023.<\/span><\/a><\/div>\n\n\n\n<div class=\"wp-block-file\"><a id=\"wp-block-file--media-b886dc02-4d5a-45f1-84b3-debde7526015\" href=\"https:\/\/www.rozaje.me\/wp-content\/uploads\/2023\/01\/Odluka-politicke-partije-2023.godine.pdf\"><span style=\"text-decoration: underline;\">Political party decision 2023.<\/span><\/a><\/div>\n\n\n\n<div class=\"wp-block-file\"><a id=\"wp-block-file--media-e9da8a7c-d296-4fff-826c-81c1309635be\" href=\"https:\/\/www.rozaje.me\/wp-content\/uploads\/2023\/01\/Odluka-zenske-organizacije2023.godina.pdf\"><span style=\"text-decoration: underline;\">Women&#039;s Organization Decision 2023.<\/span><\/a><\/div>\n\n\n\n<div class=\"wp-block-file\"><a id=\"wp-block-file--media-9d9e5b30-31d1-4362-b5a4-34b9c2ff9014\" href=\"https:\/\/www.rozaje.me\/wp-content\/uploads\/2023\/02\/1-Politicki-subjekti-i-Zenske-organizacije-u-politickim-subjektima-JANUAR-2023.godina1.xlsx\"><span style=\"text-decoration: underline;\">Political entities and women&#039;s organizations in political entities - JANUARY, 2023.<\/span><\/a><\/div>\n\n\n\n<div class=\"wp-block-file\"><a id=\"wp-block-file--media-04369277-99dd-4b5d-b6a2-75daf98dfb69\" href=\"https:\/\/www.rozaje.me\/wp-content\/uploads\/2023\/04\/3-Politicki-subjekti-i-Zenske-organizacije-u-politickim-subjektima-FEBRUAR-2023.godina.xlsx\"><span style=\"text-decoration: underline;\">Political entities and women&#039;s organizations in political entities-FEBRUARY-2023.<\/span><\/a><\/div>\n\n\n\n<div class=\"wp-block-file\"><a id=\"wp-block-file--media-20c6014b-e78b-4f5b-9311-093113761592\" href=\"https:\/\/www.rozaje.me\/wp-content\/uploads\/2023\/05\/4-Politicki-subjekti-i-Zenske-organizacije-u-politickim-subjektima-APRIL-2023.godina.xlsx\"><span style=\"text-decoration: underline;\">Political entities and women&#039;s organizations in political entities-APRIL-2023.<\/span><\/a><\/div>\n\n\n\n<div class=\"wp-block-file\"><a id=\"wp-block-file--media-b8f93e54-daf5-472c-8ebc-1b6245b87013\" href=\"https:\/\/www.rozaje.me\/wp-content\/uploads\/2023\/06\/5-Politicki-subjekti-i-Zenske-organizacije-u-politickim-subjektima-MAJ-2023.godina.xlsx\"><span style=\"text-decoration: underline;\">Politicki subjekti \u017eenske organizacije u politi\u010dkim subjektima-MAJ-2023.godina<\/span><\/a><\/div>\n\n\n\n<div class=\"wp-block-file\"><a id=\"wp-block-file--media-a5d92312-e373-4763-9f32-74da2a8e1c72\" href=\"https:\/\/www.rozaje.me\/wp-content\/uploads\/2023\/07\/6-Politicki-subjekti-i-Zenske-organizacije-u-politickim-subjektima-JUN-2023.godina.xlsx\"><span style=\"text-decoration: underline;\">Politi\u010dki subjekti i \u017eenske organizacije u politi\u010dkim subjektima-JUN-2023.<\/span><\/a><\/div>\n\n\n\n<div class=\"wp-block-file\"><a id=\"wp-block-file--media-ad494b63-48c6-4eae-bfc6-41188f5f69e9\" href=\"https:\/\/www.rozaje.me\/wp-content\/uploads\/2023\/07\/Odluka-o-zavrsnom-racunu-za-2022.godinu.pdf\"><span style=\"text-decoration: underline;\">Odluka o zavr\u0161nom ra\u010dunu za 2022.godinu<\/span><\/a><\/div>\n\n\n\n<div class=\"wp-block-file\"><a id=\"wp-block-file--media-e52aee77-a89b-4a22-a7c6-a5b5566db9cb\" href=\"https:\/\/www.rozaje.me\/wp-content\/uploads\/2023\/08\/7-Politicki-subjekti-i-Zenske-organizacije-u-politickim-subjektima-JUN-2023.godina.xlsx\">Politi\u010dki subjekti i \u017eenske organizacije u politi\u010dkim subjektima, JUN &#8211; 2023.<\/a><\/div>\n\n\n\n<div class=\"wp-block-file\"><a id=\"wp-block-file--media-3658075d-8f36-4278-82ef-9eabe6835456\" href=\"https:\/\/www.rozaje.me\/wp-content\/uploads\/2023\/09\/8-Politicki-subjekti-i-Zenske-organizacije-u-politickim-subjektima-Avgust-2023.godina.xlsx\">Politi\u010dki subjekti i \u017eenske organizacije u politi\u010dkim subjektima-AVGUSTE-2023.<\/a><\/div>\n\n\n\n<div class=\"wp-block-file\"><a id=\"wp-block-file--media-d96fab91-4d62-47a7-8f5c-cc3561cd9149\" href=\"https:\/\/www.rozaje.me\/wp-content\/uploads\/2023\/10\/9-Politicki-subjekti-i-Zenske-organizacije-u-politickim-subjektima-Septembar-2023.godina.xlsx\">Politi\u010dki subjekti i \u017eenske organizacije u politickim subjektima-Septembar -2023.<\/a><\/div>\n\n\n\n<div class=\"wp-block-file\"><a id=\"wp-block-file--media-8bcc35c8-fc13-4d57-9f06-019b751290cd\" href=\"https:\/\/www.rozaje.me\/wp-content\/uploads\/2023\/10\/3-MART-2023.godina-I-KVARTAL.xls\">3-MART-2023.godina-I-KVARTAL<\/a><\/div>\n\n\n\n<div class=\"wp-block-file\"><a id=\"wp-block-file--media-97cfa66d-47e5-4b53-ae44-bcb8fb3028a2\" href=\"https:\/\/www.rozaje.me\/wp-content\/uploads\/2023\/10\/6-jun-2023.godina-II-KVARTAL.xls\">6-jun-2023.godina-II-KVARTAL<\/a><\/div>\n\n\n\n<div class=\"wp-block-file\"><a id=\"wp-block-file--media-dccd8d07-43a5-4b92-8358-801871137e65\" href=\"https:\/\/www.rozaje.me\/wp-content\/uploads\/2023\/10\/9-SEPTEMBAR-2023.godina-III-KVARTAL-1.xls\" target=\"_blank\" rel=\"noreferrer noopener\">9 SEPTEMBAR 2023.godina-III KVARTAL <\/a><\/div>\n\n\n\n<div class=\"wp-block-file\"><a id=\"wp-block-file--media-c4c74f1a-ab79-4510-b9ca-d79144f8dfdb\" href=\"https:\/\/www.rozaje.me\/wp-content\/uploads\/2023\/10\/2-REBALANS-ZA-2023.godinu.xlsx\">2 Rrebalan za 2023.godinu<\/a><\/div>\n\n\n\n<div class=\"wp-block-file\"><a id=\"wp-block-file--media-8f008e40-e28a-484a-b4ea-54b62e55880e\" href=\"https:\/\/www.rozaje.me\/wp-content\/uploads\/2023\/11\/10-Politicki-subjekti-i-Zenske-organizacije-u-politickim-subjektima-Oktobar-2023.godina.xlsx\">10 Politicki subjekti i \u017eenske organizacije u politi\u010dkim subjektima-Oktobar-2023.godina<\/a><\/div>\n\n\n\n<div class=\"wp-block-file\"><a id=\"wp-block-file--media-48a1f7a1-9369-4312-9c70-4d46fc13fe34\" href=\"https:\/\/www.rozaje.me\/wp-content\/uploads\/2023\/12\/sl.list-Odluka-o-izmjenama-i-dopunama-Odluke-o-Budzetu-opstine-Rozaje-za-2023-godinu-prilog.pdf\"> Odluka o izmjenama i dopunama Odluke o Bud\u017eetu op\u0161tine Ro\u017eaje za 2023-godinu<\/a><\/div>\n\n\n\n<div class=\"wp-block-file\"><a id=\"wp-block-file--media-8157c98e-ee70-4139-a431-b373f595cca0\" href=\"https:\/\/www.rozaje.me\/wp-content\/uploads\/2023\/12\/10-Politicki-subjekti-i-Zenske-organizacije-u-politickim-subjektima-Novembar-2023.godina.xlsx\">Politi\u010dki subjektii \u017eenske organizacije u politi\u010dkim subjektima-Novembar, 2023.godina<\/a><\/div>\n\n\n\n<div class=\"wp-block-file\"><a id=\"wp-block-file--media-9621a138-bf3a-4049-8356-7b4377fc363f\" href=\"https:\/\/www.rozaje.me\/wp-content\/uploads\/2023\/12\/REBALANS-godisnje-dodjele-redovni-rad-politickih-subjekata-2023.pdf\">Odluka o izmjenama i dopunama odluke za finansiranje redovnog rada politi\u010dkih subjekata za 2023.godinu-godi\u0161nje<\/a><\/div>\n\n\n\n<div class=\"wp-block-file\"><a id=\"wp-block-file--media-befea832-cd5b-4a1c-bf0f-2cd1e3157604\" href=\"https:\/\/www.rozaje.me\/wp-content\/uploads\/2023\/12\/REBALANS-godisnje-dodjele-zenskim-organizacijama-2023.pdf\">Odluka o izmjenama i dopunama odluke za finansiranje redovnog rada \u017eenskih organizacija za 2023.godinu-godi\u0161nje<\/a><\/div>\n\n\n\n<div class=\"wp-block-file\"><a id=\"wp-block-file--media-383733ec-1c22-4144-9f1d-92736c1b3eda\" href=\"https:\/\/www.rozaje.me\/wp-content\/uploads\/2023\/12\/REBALANS-mjesecne-dodjele-redovni-rad-politickih-subjekata-2023.pdf\">Odluka o izmjenama i dopunama odluke za finansiranje redovnog rada politi\u010dkih subjekata za 2023.godinu-mjese\u010dno<\/a><\/div>\n\n\n\n<div class=\"wp-block-file\"><a id=\"wp-block-file--media-57045c8c-c027-47b3-a318-09e0bb7b23e2\" href=\"https:\/\/www.rozaje.me\/wp-content\/uploads\/2023\/12\/REBALANS-mjesecne-dodjele-zenske-organizacije-2023.pdf\">Odluka o izmjenama i dopunama odluke za finansiranje redovnog rada \u017eenskih organizacija za 2023.godinu-mjese\u010dno<\/a><\/div>\n\n\n\n<div class=\"wp-block-file\"><a id=\"wp-block-file--media-da264540-f46e-43db-a405-679e1b169977\" href=\"https:\/\/www.rozaje.me\/wp-content\/uploads\/2024\/01\/12-Politicki-subjekti-i-Zenske-organizacije-u-politickim-subjektima-Decembar-2023.godina1.xlsx\">12.Politi\u010dki subjekti i \u017eenske organizacije u politi\u010dkim subjektima-Decembar-2023.godina<\/a><\/div>\n\n\n\n<div class=\"wp-block-file\"><a id=\"wp-block-file--media-e4bb7773-2ffc-49ba-9a0a-4dcd106c5dd0\" href=\"https:\/\/www.rozaje.me\/wp-content\/uploads\/2024\/02\/godisnji-izvjestaji-za-2023.godinu.xls\">Zavr\u0161ni ra\u010dun bud\u017eeta Op\u0161tine Ro\u017eaje za 2023. godinu<\/a><\/div>","protected":false},"excerpt":{"rendered":"","protected":false},"author":11,"featured_media":0,"parent":0,"menu_order":0,"comment_status":"closed","ping_status":"closed","template":"","meta":{"_monsterinsights_skip_tracking":false,"_monsterinsights_sitenote_active":false,"_monsterinsights_sitenote_note":"","_monsterinsights_sitenote_category":0,"footnotes":""},"class_list":["post-27457","page","type-page","status-publish","hentry"],"yoast_head":"<!-- This site is optimized with the Yoast SEO plugin v27.2 - https:\/\/yoast.com\/product\/yoast-seo-wordpress\/ -->\n<title>Bud\u017eet - 2023 - Op\u0161tina Ro\u017eaje<\/title>\n<meta name=\"robots\" content=\"index, follow, max-snippet:-1, max-image-preview:large, max-video-preview:-1\" \/>\n<link rel=\"canonical\" href=\"https:\/\/www.rozaje.me\/en\/budzet-2023\/\" \/>\n<meta property=\"og:locale\" content=\"en_GB\" \/>\n<meta property=\"og:type\" content=\"article\" \/>\n<meta property=\"og:title\" content=\"Bud\u017eet - 2023 - Op\u0161tina Ro\u017eaje\" \/>\n<meta property=\"og:url\" content=\"https:\/\/www.rozaje.me\/en\/budzet-2023\/\" \/>\n<meta property=\"og:site_name\" content=\"Op\u0161tina Ro\u017eaje\" \/>\n<meta property=\"article:publisher\" content=\"https:\/\/www.facebook.com\/OpstinaRozajeOfficial\/\" \/>\n<meta property=\"article:modified_time\" content=\"2024-02-23T12:23:12+00:00\" \/>\n<meta name=\"twitter:card\" content=\"summary_large_image\" \/>\n<meta name=\"twitter:label1\" content=\"Estimated reading time\" \/>\n\t<meta name=\"twitter:data1\" content=\"2 minutes\" \/>\n<script type=\"application\/ld+json\" class=\"yoast-schema-graph\">{\"@context\":\"https:\/\/schema.org\",\"@graph\":[{\"@type\":\"WebPage\",\"@id\":\"https:\/\/www.rozaje.me\/budzet-2023\/\",\"url\":\"https:\/\/www.rozaje.me\/budzet-2023\/\",\"name\":\"Bud\u017eet - 2023 - Op\u0161tina Ro\u017eaje\",\"isPartOf\":{\"@id\":\"https:\/\/www.rozaje.me\/#website\"},\"datePublished\":\"2022-11-10T13:05:54+00:00\",\"dateModified\":\"2024-02-23T12:23:12+00:00\",\"breadcrumb\":{\"@id\":\"https:\/\/www.rozaje.me\/budzet-2023\/#breadcrumb\"},\"inLanguage\":\"en-GB\",\"potentialAction\":[{\"@type\":\"ReadAction\",\"target\":[\"https:\/\/www.rozaje.me\/budzet-2023\/\"]}]},{\"@type\":\"BreadcrumbList\",\"@id\":\"https:\/\/www.rozaje.me\/budzet-2023\/#breadcrumb\",\"itemListElement\":[{\"@type\":\"ListItem\",\"position\":1,\"name\":\"Home\",\"item\":\"https:\/\/www.rozaje.me\/\"},{\"@type\":\"ListItem\",\"position\":2,\"name\":\"Bud\u017eet &#8211; 2023\"}]},{\"@type\":\"WebSite\",\"@id\":\"https:\/\/www.rozaje.me\/#website\",\"url\":\"https:\/\/www.rozaje.me\/\",\"name\":\"Op\u0161tina Ro\u017eaje\",\"description\":\"Zvani\u010dna veb stranica Op\u0161tine Ro\u017eaje\",\"publisher\":{\"@id\":\"https:\/\/www.rozaje.me\/#organization\"},\"alternateName\":\"Opstina Rozaje\",\"potentialAction\":[{\"@type\":\"SearchAction\",\"target\":{\"@type\":\"EntryPoint\",\"urlTemplate\":\"https:\/\/www.rozaje.me\/?s={search_term_string}\"},\"query-input\":{\"@type\":\"PropertyValueSpecification\",\"valueRequired\":true,\"valueName\":\"search_term_string\"}}],\"inLanguage\":\"en-GB\"},{\"@type\":\"Organization\",\"@id\":\"https:\/\/www.rozaje.me\/#organization\",\"name\":\"Opstina Rozaje\",\"url\":\"https:\/\/www.rozaje.me\/\",\"logo\":{\"@type\":\"ImageObject\",\"inLanguage\":\"en-GB\",\"@id\":\"https:\/\/www.rozaje.me\/#\/schema\/logo\/image\/\",\"url\":\"https:\/\/www.rozaje.me\/wp-content\/uploads\/2022\/08\/logo-textless.svg\",\"contentUrl\":\"https:\/\/www.rozaje.me\/wp-content\/uploads\/2022\/08\/logo-textless.svg\",\"width\":108.00360000000000582076609134674072265625,\"height\":131.15059999999999718056642450392246246337890625,\"caption\":\"Opstina Rozaje\"},\"image\":{\"@id\":\"https:\/\/www.rozaje.me\/#\/schema\/logo\/image\/\"},\"sameAs\":[\"https:\/\/www.facebook.com\/OpstinaRozajeOfficial\/\",\"https:\/\/www.youtube.com\/channel\/UCepcislHIwc6KRZTLa6FIlg\"]}]}<\/script>\n<!-- \/ Yoast SEO plugin. -->","yoast_head_json":{"title":"Bud\u017eet - 2023 - Op\u0161tina Ro\u017eaje","robots":{"index":"index","follow":"follow","max-snippet":"max-snippet:-1","max-image-preview":"max-image-preview:large","max-video-preview":"max-video-preview:-1"},"canonical":"https:\/\/www.rozaje.me\/en\/budzet-2023\/","og_locale":"en_GB","og_type":"article","og_title":"Bud\u017eet - 2023 - Op\u0161tina Ro\u017eaje","og_url":"https:\/\/www.rozaje.me\/en\/budzet-2023\/","og_site_name":"Op\u0161tina Ro\u017eaje","article_publisher":"https:\/\/www.facebook.com\/OpstinaRozajeOfficial\/","article_modified_time":"2024-02-23T12:23:12+00:00","twitter_card":"summary_large_image","twitter_misc":{"Estimated reading time":"2 minutes"},"schema":{"@context":"https:\/\/schema.org","@graph":[{"@type":"WebPage","@id":"https:\/\/www.rozaje.me\/budzet-2023\/","url":"https:\/\/www.rozaje.me\/budzet-2023\/","name":"Bud\u017eet - 2023 - Op\u0161tina Ro\u017eaje","isPartOf":{"@id":"https:\/\/www.rozaje.me\/#website"},"datePublished":"2022-11-10T13:05:54+00:00","dateModified":"2024-02-23T12:23:12+00:00","breadcrumb":{"@id":"https:\/\/www.rozaje.me\/budzet-2023\/#breadcrumb"},"inLanguage":"en-GB","potentialAction":[{"@type":"ReadAction","target":["https:\/\/www.rozaje.me\/budzet-2023\/"]}]},{"@type":"BreadcrumbList","@id":"https:\/\/www.rozaje.me\/budzet-2023\/#breadcrumb","itemListElement":[{"@type":"ListItem","position":1,"name":"Home","item":"https:\/\/www.rozaje.me\/"},{"@type":"ListItem","position":2,"name":"Bud\u017eet &#8211; 2023"}]},{"@type":"WebSite","@id":"https:\/\/www.rozaje.me\/#website","url":"https:\/\/www.rozaje.me\/","name":"Municipality of Ro\u017eaje","description":"The official website of the Municipality of Ro\u017eaje","publisher":{"@id":"https:\/\/www.rozaje.me\/#organization"},"alternateName":"Opstina Rozaje","potentialAction":[{"@type":"SearchAction","target":{"@type":"EntryPoint","urlTemplate":"https:\/\/www.rozaje.me\/?s={search_term_string}"},"query-input":{"@type":"PropertyValueSpecification","valueRequired":true,"valueName":"search_term_string"}}],"inLanguage":"en-GB"},{"@type":"Organization","@id":"https:\/\/www.rozaje.me\/#organization","name":"Opstina Rozaje","url":"https:\/\/www.rozaje.me\/","logo":{"@type":"ImageObject","inLanguage":"en-GB","@id":"https:\/\/www.rozaje.me\/#\/schema\/logo\/image\/","url":"https:\/\/www.rozaje.me\/wp-content\/uploads\/2022\/08\/logo-textless.svg","contentUrl":"https:\/\/www.rozaje.me\/wp-content\/uploads\/2022\/08\/logo-textless.svg","width":108.00360000000000582076609134674072265625,"height":131.15059999999999718056642450392246246337890625,"caption":"Opstina Rozaje"},"image":{"@id":"https:\/\/www.rozaje.me\/#\/schema\/logo\/image\/"},"sameAs":["https:\/\/www.facebook.com\/OpstinaRozajeOfficial\/","https:\/\/www.youtube.com\/channel\/UCepcislHIwc6KRZTLa6FIlg"]}]}},"_links":{"self":[{"href":"https:\/\/www.rozaje.me\/en\/wp-json\/wp\/v2\/pages\/27457","targetHints":{"allow":["GET"]}}],"collection":[{"href":"https:\/\/www.rozaje.me\/en\/wp-json\/wp\/v2\/pages"}],"about":[{"href":"https:\/\/www.rozaje.me\/en\/wp-json\/wp\/v2\/types\/page"}],"author":[{"embeddable":true,"href":"https:\/\/www.rozaje.me\/en\/wp-json\/wp\/v2\/users\/11"}],"replies":[{"embeddable":true,"href":"https:\/\/www.rozaje.me\/en\/wp-json\/wp\/v2\/comments?post=27457"}],"version-history":[{"count":0,"href":"https:\/\/www.rozaje.me\/en\/wp-json\/wp\/v2\/pages\/27457\/revisions"}],"wp:attachment":[{"href":"https:\/\/www.rozaje.me\/en\/wp-json\/wp\/v2\/media?parent=27457"}],"curies":[{"name":"wp","href":"https:\/\/api.w.org\/{rel}","templated":true}]}}