{"id":25540,"date":"2022-02-09T11:56:01","date_gmt":"2022-02-09T10:56:01","guid":{"rendered":"https:\/\/www.rozaje.me\/?page_id=25540"},"modified":"2024-08-13T14:20:22","modified_gmt":"2024-08-13T13:20:22","slug":"pravilnik-o-nacinu-uspostavljanja-sistema-za-otkrivanje-i-postupanje-po-obavjestenjima-o-sumnjama-na-prevare-u-javnom-sektoru","status":"publish","type":"page","link":"https:\/\/www.rozaje.me\/en\/pravilnik-o-nacinu-uspostavljanja-sistema-za-otkrivanje-i-postupanje-po-obavjestenjima-o-sumnjama-na-prevare-u-javnom-sektoru\/","title":{"rendered":"Sistem za otkrivanje i postupanje po obavje\u0161tenjima o sumnjama na prevare u javnom sektoru"},"content":{"rendered":"<div class=\"wp-block-cover alignleft is-light\" style=\"min-height:137px;aspect-ratio:unset;\"><span aria-hidden=\"true\" class=\"wp-block-cover__background has-white-background-color has-background-dim-100 has-background-dim\"><\/span><div class=\"wp-block-cover__inner-container is-layout-flow wp-block-cover-is-layout-flow\">\n<p class=\"has-text-align-left\" style=\"font-size:18px\"><strong>Rabela Muri\u0107<\/strong>, <em>dipl, pravnik<\/em><br \/>Kontakt telefon: <em>+382\/69-  470 196<\/em><br \/>Email:<em> rabelamuric@gmail.com<\/em><\/p>\n<\/div><\/div>\n\n\n\n<p><\/p>\n\n\n\n<p><\/p>\n\n\n\n<p><\/p>\n\n\n\n<p><\/p>\n\n\n\n<p><\/p>\n\n\n\n<div class=\"wp-block-columns is-layout-flex wp-container-core-columns-is-layout-9d6595d7 wp-block-columns-is-layout-flex\">\n<div class=\"wp-block-column is-layout-flow wp-block-column-is-layout-flow\" style=\"flex-basis:100%\">\n<div class=\"wp-block-file\"><a id=\"wp-block-file--media-0a6f4bf0-9617-4573-af21-96d6fdceaea0\" href=\"https:\/\/www.rozaje.me\/wp-content\/uploads\/2022\/02\/Pravilnik-i-izvjestaj-za-prevare-i-nepr.docx\">Pravilnik<\/a><a href=\"https:\/\/www.rozaje.me\/wp-content\/uploads\/2022\/02\/Pravilnik-i-izvjestaj-za-prevare-i-nepr.docx\" class=\"wp-block-file__button wp-element-button\" download aria-describedby=\"wp-block-file--media-0a6f4bf0-9617-4573-af21-96d6fdceaea0\">Download<\/a><\/div>\n<\/div>\n<\/div>\n\n\n\n<div class=\"wp-block-file\"><a id=\"wp-block-file--media-c50c4337-dba0-453c-ac41-076c46f7c9b9\" href=\"https:\/\/www.rozaje.me\/wp-content\/uploads\/2022\/02\/OBRAZAC-1.docx\">Form<\/a><a href=\"https:\/\/www.rozaje.me\/wp-content\/uploads\/2022\/02\/OBRAZAC-1.docx\" class=\"wp-block-file__button wp-element-button\" download aria-describedby=\"wp-block-file--media-c50c4337-dba0-453c-ac41-076c46f7c9b9\">Download<\/a><\/div>\n\n\n\n<div class=\"wp-block-file\"><a id=\"wp-block-file--media-418b40c7-1884-4f64-8062-330f50e9aa96\" href=\"https:\/\/www.rozaje.me\/wp-content\/uploads\/2023\/02\/Rjesenje-Rabela-Muric-scaled.jpeg\">Solution<\/a><a href=\"https:\/\/www.rozaje.me\/wp-content\/uploads\/2023\/02\/Rjesenje-Rabela-Muric-scaled.jpeg\" class=\"wp-block-file__button wp-element-button\" download aria-describedby=\"wp-block-file--media-418b40c7-1884-4f64-8062-330f50e9aa96\">Download<\/a><\/div>\n\n\n\n<div class=\"wp-block-buttons is-layout-flex wp-block-buttons-is-layout-flex\"><\/div>\n\n\n\n<p class=\"has-small-font-size\"><a href=\"https:\/\/www.rozaje.me\/en\/mehanizam-otkrivanja-i-prijave-po-prijavama-zvizdaca\/\">Mehanizam otkrivanja i prijave po prijavama zvi\u017eda\u010da<\/a><\/p>","protected":false},"excerpt":{"rendered":"<p>Mehanizam otkrivanja i prijave po prijavama zvi\u017eda\u010da<\/p>","protected":false},"author":11,"featured_media":0,"parent":0,"menu_order":0,"comment_status":"closed","ping_status":"closed","template":"","meta":{"_monsterinsights_skip_tracking":false,"_monsterinsights_sitenote_active":false,"_monsterinsights_sitenote_note":"","_monsterinsights_sitenote_category":0,"footnotes":""},"class_list":["post-25540","page","type-page","status-publish","hentry"],"yoast_head":"<!-- This site is optimized with the Yoast SEO plugin v27.2 - https:\/\/yoast.com\/product\/yoast-seo-wordpress\/ -->\n<title>Sistem za otkrivanje i postupanje po obavje\u0161tenjima o sumnjama na prevare u javnom sektoru - Op\u0161tina Ro\u017eaje<\/title>\n<meta name=\"robots\" content=\"index, follow, max-snippet:-1, max-image-preview:large, max-video-preview:-1\" \/>\n<link rel=\"canonical\" href=\"https:\/\/www.rozaje.me\/en\/pravilnik-o-nacinu-uspostavljanja-sistema-za-otkrivanje-i-postupanje-po-obavjestenjima-o-sumnjama-na-prevare-u-javnom-sektoru\/\" \/>\n<meta property=\"og:locale\" content=\"en_GB\" \/>\n<meta property=\"og:type\" content=\"article\" \/>\n<meta property=\"og:title\" content=\"Sistem za otkrivanje i postupanje po obavje\u0161tenjima o sumnjama na prevare u javnom sektoru - Op\u0161tina Ro\u017eaje\" \/>\n<meta property=\"og:description\" content=\"Mehanizam otkrivanja i prijave po prijavama zvi\u017eda\u010da\" \/>\n<meta property=\"og:url\" content=\"https:\/\/www.rozaje.me\/en\/pravilnik-o-nacinu-uspostavljanja-sistema-za-otkrivanje-i-postupanje-po-obavjestenjima-o-sumnjama-na-prevare-u-javnom-sektoru\/\" \/>\n<meta property=\"og:site_name\" content=\"Op\u0161tina Ro\u017eaje\" \/>\n<meta property=\"article:publisher\" content=\"https:\/\/www.facebook.com\/OpstinaRozajeOfficial\/\" \/>\n<meta property=\"article:modified_time\" content=\"2024-08-13T13:20:22+00:00\" \/>\n<meta name=\"twitter:card\" content=\"summary_large_image\" \/>\n<meta name=\"twitter:label1\" content=\"Estimated reading time\" \/>\n\t<meta name=\"twitter:data1\" content=\"1 minute\" \/>\n<script type=\"application\/ld+json\" class=\"yoast-schema-graph\">{\"@context\":\"https:\/\/schema.org\",\"@graph\":[{\"@type\":\"WebPage\",\"@id\":\"https:\/\/www.rozaje.me\/pravilnik-o-nacinu-uspostavljanja-sistema-za-otkrivanje-i-postupanje-po-obavjestenjima-o-sumnjama-na-prevare-u-javnom-sektoru\/\",\"url\":\"https:\/\/www.rozaje.me\/pravilnik-o-nacinu-uspostavljanja-sistema-za-otkrivanje-i-postupanje-po-obavjestenjima-o-sumnjama-na-prevare-u-javnom-sektoru\/\",\"name\":\"Sistem za otkrivanje i postupanje po obavje\u0161tenjima o sumnjama na prevare u javnom sektoru - Op\u0161tina Ro\u017eaje\",\"isPartOf\":{\"@id\":\"https:\/\/www.rozaje.me\/#website\"},\"datePublished\":\"2022-02-09T10:56:01+00:00\",\"dateModified\":\"2024-08-13T13:20:22+00:00\",\"breadcrumb\":{\"@id\":\"https:\/\/www.rozaje.me\/pravilnik-o-nacinu-uspostavljanja-sistema-za-otkrivanje-i-postupanje-po-obavjestenjima-o-sumnjama-na-prevare-u-javnom-sektoru\/#breadcrumb\"},\"inLanguage\":\"en-GB\",\"potentialAction\":[{\"@type\":\"ReadAction\",\"target\":[\"https:\/\/www.rozaje.me\/pravilnik-o-nacinu-uspostavljanja-sistema-za-otkrivanje-i-postupanje-po-obavjestenjima-o-sumnjama-na-prevare-u-javnom-sektoru\/\"]}]},{\"@type\":\"BreadcrumbList\",\"@id\":\"https:\/\/www.rozaje.me\/pravilnik-o-nacinu-uspostavljanja-sistema-za-otkrivanje-i-postupanje-po-obavjestenjima-o-sumnjama-na-prevare-u-javnom-sektoru\/#breadcrumb\",\"itemListElement\":[{\"@type\":\"ListItem\",\"position\":1,\"name\":\"Home\",\"item\":\"https:\/\/www.rozaje.me\/\"},{\"@type\":\"ListItem\",\"position\":2,\"name\":\"Sistem za otkrivanje i postupanje po obavje\u0161tenjima o sumnjama na prevare u javnom sektoru\"}]},{\"@type\":\"WebSite\",\"@id\":\"https:\/\/www.rozaje.me\/#website\",\"url\":\"https:\/\/www.rozaje.me\/\",\"name\":\"Op\u0161tina Ro\u017eaje\",\"description\":\"Zvani\u010dna veb stranica Op\u0161tine Ro\u017eaje\",\"publisher\":{\"@id\":\"https:\/\/www.rozaje.me\/#organization\"},\"alternateName\":\"Opstina Rozaje\",\"potentialAction\":[{\"@type\":\"SearchAction\",\"target\":{\"@type\":\"EntryPoint\",\"urlTemplate\":\"https:\/\/www.rozaje.me\/?s={search_term_string}\"},\"query-input\":{\"@type\":\"PropertyValueSpecification\",\"valueRequired\":true,\"valueName\":\"search_term_string\"}}],\"inLanguage\":\"en-GB\"},{\"@type\":\"Organization\",\"@id\":\"https:\/\/www.rozaje.me\/#organization\",\"name\":\"Opstina Rozaje\",\"url\":\"https:\/\/www.rozaje.me\/\",\"logo\":{\"@type\":\"ImageObject\",\"inLanguage\":\"en-GB\",\"@id\":\"https:\/\/www.rozaje.me\/#\/schema\/logo\/image\/\",\"url\":\"https:\/\/www.rozaje.me\/wp-content\/uploads\/2022\/08\/logo-textless.svg\",\"contentUrl\":\"https:\/\/www.rozaje.me\/wp-content\/uploads\/2022\/08\/logo-textless.svg\",\"width\":108.00360000000000582076609134674072265625,\"height\":131.15059999999999718056642450392246246337890625,\"caption\":\"Opstina Rozaje\"},\"image\":{\"@id\":\"https:\/\/www.rozaje.me\/#\/schema\/logo\/image\/\"},\"sameAs\":[\"https:\/\/www.facebook.com\/OpstinaRozajeOfficial\/\",\"https:\/\/www.youtube.com\/channel\/UCepcislHIwc6KRZTLa6FIlg\"]}]}<\/script>\n<!-- \/ Yoast SEO plugin. -->","yoast_head_json":{"title":"Sistem za otkrivanje i postupanje po obavje\u0161tenjima o sumnjama na prevare u javnom sektoru - Op\u0161tina Ro\u017eaje","robots":{"index":"index","follow":"follow","max-snippet":"max-snippet:-1","max-image-preview":"max-image-preview:large","max-video-preview":"max-video-preview:-1"},"canonical":"https:\/\/www.rozaje.me\/en\/pravilnik-o-nacinu-uspostavljanja-sistema-za-otkrivanje-i-postupanje-po-obavjestenjima-o-sumnjama-na-prevare-u-javnom-sektoru\/","og_locale":"en_GB","og_type":"article","og_title":"Sistem za otkrivanje i postupanje po obavje\u0161tenjima o sumnjama na prevare u javnom sektoru - Op\u0161tina Ro\u017eaje","og_description":"Mehanizam otkrivanja i prijave po prijavama zvi\u017eda\u010da","og_url":"https:\/\/www.rozaje.me\/en\/pravilnik-o-nacinu-uspostavljanja-sistema-za-otkrivanje-i-postupanje-po-obavjestenjima-o-sumnjama-na-prevare-u-javnom-sektoru\/","og_site_name":"Op\u0161tina Ro\u017eaje","article_publisher":"https:\/\/www.facebook.com\/OpstinaRozajeOfficial\/","article_modified_time":"2024-08-13T13:20:22+00:00","twitter_card":"summary_large_image","twitter_misc":{"Estimated reading time":"1 minute"},"schema":{"@context":"https:\/\/schema.org","@graph":[{"@type":"WebPage","@id":"https:\/\/www.rozaje.me\/pravilnik-o-nacinu-uspostavljanja-sistema-za-otkrivanje-i-postupanje-po-obavjestenjima-o-sumnjama-na-prevare-u-javnom-sektoru\/","url":"https:\/\/www.rozaje.me\/pravilnik-o-nacinu-uspostavljanja-sistema-za-otkrivanje-i-postupanje-po-obavjestenjima-o-sumnjama-na-prevare-u-javnom-sektoru\/","name":"Sistem za otkrivanje i postupanje po obavje\u0161tenjima o sumnjama na prevare u javnom sektoru - Op\u0161tina Ro\u017eaje","isPartOf":{"@id":"https:\/\/www.rozaje.me\/#website"},"datePublished":"2022-02-09T10:56:01+00:00","dateModified":"2024-08-13T13:20:22+00:00","breadcrumb":{"@id":"https:\/\/www.rozaje.me\/pravilnik-o-nacinu-uspostavljanja-sistema-za-otkrivanje-i-postupanje-po-obavjestenjima-o-sumnjama-na-prevare-u-javnom-sektoru\/#breadcrumb"},"inLanguage":"en-GB","potentialAction":[{"@type":"ReadAction","target":["https:\/\/www.rozaje.me\/pravilnik-o-nacinu-uspostavljanja-sistema-za-otkrivanje-i-postupanje-po-obavjestenjima-o-sumnjama-na-prevare-u-javnom-sektoru\/"]}]},{"@type":"BreadcrumbList","@id":"https:\/\/www.rozaje.me\/pravilnik-o-nacinu-uspostavljanja-sistema-za-otkrivanje-i-postupanje-po-obavjestenjima-o-sumnjama-na-prevare-u-javnom-sektoru\/#breadcrumb","itemListElement":[{"@type":"ListItem","position":1,"name":"Home","item":"https:\/\/www.rozaje.me\/"},{"@type":"ListItem","position":2,"name":"Sistem za otkrivanje i postupanje po obavje\u0161tenjima o sumnjama na prevare u javnom sektoru"}]},{"@type":"WebSite","@id":"https:\/\/www.rozaje.me\/#website","url":"https:\/\/www.rozaje.me\/","name":"Municipality of Ro\u017eaje","description":"The official website of the Municipality of Ro\u017eaje","publisher":{"@id":"https:\/\/www.rozaje.me\/#organization"},"alternateName":"Opstina Rozaje","potentialAction":[{"@type":"SearchAction","target":{"@type":"EntryPoint","urlTemplate":"https:\/\/www.rozaje.me\/?s={search_term_string}"},"query-input":{"@type":"PropertyValueSpecification","valueRequired":true,"valueName":"search_term_string"}}],"inLanguage":"en-GB"},{"@type":"Organization","@id":"https:\/\/www.rozaje.me\/#organization","name":"Opstina Rozaje","url":"https:\/\/www.rozaje.me\/","logo":{"@type":"ImageObject","inLanguage":"en-GB","@id":"https:\/\/www.rozaje.me\/#\/schema\/logo\/image\/","url":"https:\/\/www.rozaje.me\/wp-content\/uploads\/2022\/08\/logo-textless.svg","contentUrl":"https:\/\/www.rozaje.me\/wp-content\/uploads\/2022\/08\/logo-textless.svg","width":108.00360000000000582076609134674072265625,"height":131.15059999999999718056642450392246246337890625,"caption":"Opstina Rozaje"},"image":{"@id":"https:\/\/www.rozaje.me\/#\/schema\/logo\/image\/"},"sameAs":["https:\/\/www.facebook.com\/OpstinaRozajeOfficial\/","https:\/\/www.youtube.com\/channel\/UCepcislHIwc6KRZTLa6FIlg"]}]}},"_links":{"self":[{"href":"https:\/\/www.rozaje.me\/en\/wp-json\/wp\/v2\/pages\/25540","targetHints":{"allow":["GET"]}}],"collection":[{"href":"https:\/\/www.rozaje.me\/en\/wp-json\/wp\/v2\/pages"}],"about":[{"href":"https:\/\/www.rozaje.me\/en\/wp-json\/wp\/v2\/types\/page"}],"author":[{"embeddable":true,"href":"https:\/\/www.rozaje.me\/en\/wp-json\/wp\/v2\/users\/11"}],"replies":[{"embeddable":true,"href":"https:\/\/www.rozaje.me\/en\/wp-json\/wp\/v2\/comments?post=25540"}],"version-history":[{"count":0,"href":"https:\/\/www.rozaje.me\/en\/wp-json\/wp\/v2\/pages\/25540\/revisions"}],"wp:attachment":[{"href":"https:\/\/www.rozaje.me\/en\/wp-json\/wp\/v2\/media?parent=25540"}],"curies":[{"name":"wp","href":"https:\/\/api.w.org\/{rel}","templated":true}]}}