{"id":25435,"date":"2022-01-17T12:35:35","date_gmt":"2022-01-17T11:35:35","guid":{"rendered":"https:\/\/www.rozaje.me\/?page_id=25435"},"modified":"2023-10-31T08:54:38","modified_gmt":"2023-10-31T07:54:38","slug":"budzet-2022","status":"publish","type":"page","link":"https:\/\/www.rozaje.me\/en\/budzet-2022\/","title":{"rendered":"Budget \u2013 2022"},"content":{"rendered":"<blockquote class=\"wp-block-quote is-style-default has-white-background-color has-background has-medium-font-size is-layout-flow wp-block-quote-is-layout-flow\">\n<p><a href=\"https:\/\/www.rozaje.me\/wp-content\/uploads\/2022\/01\/ODLUKA-O-BUDZETU-ZA-2022.GODINU.pdf\">Decision on the budget for 2022<\/a><\/p>\n\n\n\n<p><a href=\"https:\/\/www.rozaje.me\/wp-content\/uploads\/2022\/01\/odluka-za-redovan-rad-politickih-subjekata-u-2022.godini.pdf\">Decision for regular work of political subjects in 2022<\/a><\/p>\n<cite><a href=\"https:\/\/www.rozaje.me\/wp-content\/uploads\/2022\/01\/odluka-za-redovan-rad-zenskih-organizacija-2022.god_..pdf\">Decision for the regular work of women&#039;s organizations in political subjects in 2022<\/a><br \/><br \/><a href=\"https:\/\/www.rozaje.me\/wp-content\/uploads\/2022\/02\/1-Politicki-subjekti-i-Zenske-organizacije-u-politickim-subjektima-Januar-2022.godina.xlsx\">Political entities and women&#039;s organizations in political entities - January, 2022<\/a><br \/><br \/><a href=\"https:\/\/www.rozaje.me\/wp-content\/uploads\/2022\/03\/2-Politicki-subjekti-i-Zenske-organizacije-u-politickim-subjektima-Februar-2022.godina.xlsx\">Political subjects and women&#039;s organizations in political subjects - February, 2022<\/a><br \/><br \/><a href=\"https:\/\/www.rozaje.me\/wp-content\/uploads\/2022\/04\/3-Politicki-subjekti-i-Zenske-organizacije-u-politickim-subjektima-Mart-2022.godina.xlsx\">Political entities and women&#039;s organizations in political entities - March, 2022<\/a><br \/><br \/><a href=\"https:\/\/www.rozaje.me\/wp-content\/uploads\/2022\/04\/3-MART-2022.godina.xls\">Reports for the first quarter of 2022<\/a><br \/><br \/><a href=\"https:\/\/www.rozaje.me\/wp-content\/uploads\/2022\/04\/4-Politicki-subjekti-i-Zenske-organizacije-u-politickim-subjektima-April-2022.godina.xlsx\">Political entities and women&#039;s organizations in political entities - April, 2022<\/a><br \/><br \/><a href=\"https:\/\/www.rozaje.me\/wp-content\/uploads\/2022\/06\/5-Politicki-subjekti-i-Zenske-organizacije-u-politickim-subjektima-Maj-2022.godina.xlsx\">Political entities and women&#039;s organizations in political entities - May, 2022<\/a><br \/><br \/><a href=\"https:\/\/www.rozaje.me\/wp-content\/uploads\/2022\/09\/7-Politicki-subjekti-i-Zenske-organizacije-u-politickim-subjektima-Jul-2022.godina.xlsx\">Political subjects and women&#039;s-organizations-in-political-subjects-July 2022<\/a><br \/><br \/><a href=\"https:\/\/www.rozaje.me\/wp-content\/uploads\/2022\/09\/6-Politicki-subjekti-i-Zenske-organizacije-u-politickim-subjektima-Jun-2022.godina.xlsx\">Political entities and women&#039;s organizations in political entities-June 2022.<\/a><br \/><br \/><a href=\"https:\/\/www.rozaje.me\/wp-content\/uploads\/2022\/09\/8-Politicki-subjekti-i-Zenske-organizacije-u-politickim-subjektima-Avgust-2022.godina.xlsx\">Political entities and women&#039;s organizations in political entities - August 2022.<\/a><br \/><br \/><a href=\"https:\/\/www.rozaje.me\/wp-content\/uploads\/2022\/11\/9-Politicki-subjekti-i-Zenske-organizacije-u-politickim-subjektima-septembar-2022.godina-Copy-Copy-Copy.xlsx\">Political entities and women&#039;s organizations in political entities - September 2022.<\/a><br \/><br \/><a href=\"https:\/\/www.rozaje.me\/wp-content\/uploads\/2022\/11\/10-Politicki-subjekti-i-Zenske-organizacije-u-politickim-subjektima-oktobar-2022.godina-Copy-Copy.xlsx\">Political subjects and women&#039;s organizations in political subjects - October-2022.<\/a><br \/><br \/><a href=\"https:\/\/www.rozaje.me\/wp-content\/uploads\/2022\/12\/11-Politicki-subjekti-i-Zenske-organizacije-u-politickim-subjektima-oktobar-2022.godina-Copy-Copy.xlsx\">Political entities and women&#039;s organizations in political entities - November, 2022.<\/a><br \/><br \/><a href=\"https:\/\/www.rozaje.me\/wp-content\/uploads\/2022\/12\/12-Politicki-subjekti-i-Zenske-organizacije-u-politickim-subjektima-oktobar-2022.godina-Copy-Copy.xlsx\">Political subjects and women&#039;s organizations in political subjects - December, 2022.<\/a><br \/><br \/><a href=\"https:\/\/www.rozaje.me\/wp-content\/uploads\/2023\/01\/Odluka-Izborna-kampanja.pdf\">Decision on election campaign of political entities in local elections<\/a><\/cite><\/blockquote>\n\n\n\n<div class=\"wp-block-file\"><a id=\"wp-block-file--media-41e41163-30ae-49d6-80e8-4b1e24df8cb9\" href=\"https:\/\/www.rozaje.me\/wp-content\/uploads\/2023\/10\/6-JUN-2022.godina-1.xls\">JUN-2022.godina<\/a><a href=\"https:\/\/www.rozaje.me\/wp-content\/uploads\/2023\/10\/6-JUN-2022.godina-1.xls\" class=\"wp-block-file__button wp-element-button\" download aria-describedby=\"wp-block-file--media-41e41163-30ae-49d6-80e8-4b1e24df8cb9\">Download<\/a><\/div>\n\n\n\n<div class=\"wp-block-file\"><a id=\"wp-block-file--media-e2e944e0-53fc-41b8-9622-ac1f9a327ce2\" href=\"https:\/\/www.rozaje.me\/wp-content\/uploads\/2023\/10\/9-SEPTEMBAR-2022.godina.xls\">SEPTEMBAR-2022.godina<\/a><a href=\"https:\/\/www.rozaje.me\/wp-content\/uploads\/2023\/10\/9-SEPTEMBAR-2022.godina.xls\" class=\"wp-block-file__button wp-element-button\" download aria-describedby=\"wp-block-file--media-e2e944e0-53fc-41b8-9622-ac1f9a327ce2\">Download<\/a><\/div>\n\n\n\n<div class=\"wp-block-file\"><a id=\"wp-block-file--media-06e9da7c-cc52-405f-9282-d2051be66772\" href=\"https:\/\/www.rozaje.me\/wp-content\/uploads\/2023\/10\/12-DECEMBAR-2022.godina-5.xls\">12-DECEMBAR-2022.godina-5<\/a><a href=\"https:\/\/www.rozaje.me\/wp-content\/uploads\/2023\/10\/12-DECEMBAR-2022.godina-5.xls\" class=\"wp-block-file__button wp-element-button\" download aria-describedby=\"wp-block-file--media-06e9da7c-cc52-405f-9282-d2051be66772\">Download<\/a><\/div>\n\n\n\n<div class=\"wp-block-file\"><a id=\"wp-block-file--media-434d8d89-3536-42cf-aefe-35cccfd7cd00\" href=\"https:\/\/www.rozaje.me\/wp-content\/uploads\/2023\/10\/BUZ-31.12.2022.-finalno.xlsx\">BUZ-31.12.2022.-finalno<\/a><a href=\"https:\/\/www.rozaje.me\/wp-content\/uploads\/2023\/10\/BUZ-31.12.2022.-finalno.xlsx\" class=\"wp-block-file__button wp-element-button\" download aria-describedby=\"wp-block-file--media-434d8d89-3536-42cf-aefe-35cccfd7cd00\">Download<\/a><\/div>\n\n\n\n<div class=\"wp-block-file\"><a id=\"wp-block-file--media-4da3ecee-fe0e-4204-a854-035eaa962ee9\" href=\"https:\/\/www.rozaje.me\/wp-content\/uploads\/2023\/10\/NEO-31.12.2022.godine-finalno.xls\">NEO-31.12.2022.godine-finalno<\/a><a href=\"https:\/\/www.rozaje.me\/wp-content\/uploads\/2023\/10\/NEO-31.12.2022.godine-finalno.xls\" class=\"wp-block-file__button wp-element-button\" download aria-describedby=\"wp-block-file--media-4da3ecee-fe0e-4204-a854-035eaa962ee9\">Download<\/a><\/div>","protected":false},"excerpt":{"rendered":"<p>Odluka o bud\u017eetu za 2022.godinu Odluka za redovan rad politi\u010dkih subjekata u 2022. godini Odluka za redovan rad \u017eenskih organizacija u politi\u010dkim subjektima u 2022.&#46;&#46;&#46;<\/p>","protected":false},"author":11,"featured_media":0,"parent":0,"menu_order":0,"comment_status":"closed","ping_status":"closed","template":"","meta":{"_monsterinsights_skip_tracking":false,"_monsterinsights_sitenote_active":false,"_monsterinsights_sitenote_note":"","_monsterinsights_sitenote_category":0,"footnotes":""},"class_list":["post-25435","page","type-page","status-publish","hentry"],"yoast_head":"<!-- This site is optimized with the Yoast SEO plugin v27.2 - https:\/\/yoast.com\/product\/yoast-seo-wordpress\/ -->\n<title>Bud\u017eet - 2022. - Op\u0161tina Ro\u017eaje<\/title>\n<meta name=\"robots\" content=\"index, follow, max-snippet:-1, max-image-preview:large, max-video-preview:-1\" \/>\n<link rel=\"canonical\" href=\"https:\/\/www.rozaje.me\/en\/budzet-2022\/\" \/>\n<meta property=\"og:locale\" content=\"en_GB\" \/>\n<meta property=\"og:type\" content=\"article\" \/>\n<meta property=\"og:title\" content=\"Bud\u017eet - 2022. - Op\u0161tina Ro\u017eaje\" \/>\n<meta property=\"og:description\" content=\"Odluka o bud\u017eetu za 2022.godinu Odluka za redovan rad politi\u010dkih subjekata u 2022. godini Odluka za redovan rad \u017eenskih organizacija u politi\u010dkim subjektima u 2022.&#046;&#046;&#046;\" \/>\n<meta property=\"og:url\" content=\"https:\/\/www.rozaje.me\/en\/budzet-2022\/\" \/>\n<meta property=\"og:site_name\" content=\"Op\u0161tina Ro\u017eaje\" \/>\n<meta property=\"article:publisher\" content=\"https:\/\/www.facebook.com\/OpstinaRozajeOfficial\/\" \/>\n<meta property=\"article:modified_time\" content=\"2023-10-31T07:54:38+00:00\" \/>\n<meta name=\"twitter:card\" content=\"summary_large_image\" \/>\n<meta name=\"twitter:label1\" content=\"Estimated reading time\" \/>\n\t<meta name=\"twitter:data1\" content=\"1 minute\" \/>\n<script type=\"application\/ld+json\" class=\"yoast-schema-graph\">{\"@context\":\"https:\/\/schema.org\",\"@graph\":[{\"@type\":\"WebPage\",\"@id\":\"https:\/\/www.rozaje.me\/budzet-2022\/\",\"url\":\"https:\/\/www.rozaje.me\/budzet-2022\/\",\"name\":\"Bud\u017eet - 2022. - Op\u0161tina Ro\u017eaje\",\"isPartOf\":{\"@id\":\"https:\/\/www.rozaje.me\/#website\"},\"datePublished\":\"2022-01-17T11:35:35+00:00\",\"dateModified\":\"2023-10-31T07:54:38+00:00\",\"breadcrumb\":{\"@id\":\"https:\/\/www.rozaje.me\/budzet-2022\/#breadcrumb\"},\"inLanguage\":\"en-GB\",\"potentialAction\":[{\"@type\":\"ReadAction\",\"target\":[\"https:\/\/www.rozaje.me\/budzet-2022\/\"]}]},{\"@type\":\"BreadcrumbList\",\"@id\":\"https:\/\/www.rozaje.me\/budzet-2022\/#breadcrumb\",\"itemListElement\":[{\"@type\":\"ListItem\",\"position\":1,\"name\":\"Home\",\"item\":\"https:\/\/www.rozaje.me\/\"},{\"@type\":\"ListItem\",\"position\":2,\"name\":\"Bud\u017eet &#8211; 2022.\"}]},{\"@type\":\"WebSite\",\"@id\":\"https:\/\/www.rozaje.me\/#website\",\"url\":\"https:\/\/www.rozaje.me\/\",\"name\":\"Op\u0161tina Ro\u017eaje\",\"description\":\"Zvani\u010dna veb stranica Op\u0161tine Ro\u017eaje\",\"publisher\":{\"@id\":\"https:\/\/www.rozaje.me\/#organization\"},\"alternateName\":\"Opstina Rozaje\",\"potentialAction\":[{\"@type\":\"SearchAction\",\"target\":{\"@type\":\"EntryPoint\",\"urlTemplate\":\"https:\/\/www.rozaje.me\/?s={search_term_string}\"},\"query-input\":{\"@type\":\"PropertyValueSpecification\",\"valueRequired\":true,\"valueName\":\"search_term_string\"}}],\"inLanguage\":\"en-GB\"},{\"@type\":\"Organization\",\"@id\":\"https:\/\/www.rozaje.me\/#organization\",\"name\":\"Opstina Rozaje\",\"url\":\"https:\/\/www.rozaje.me\/\",\"logo\":{\"@type\":\"ImageObject\",\"inLanguage\":\"en-GB\",\"@id\":\"https:\/\/www.rozaje.me\/#\/schema\/logo\/image\/\",\"url\":\"https:\/\/www.rozaje.me\/wp-content\/uploads\/2022\/08\/logo-textless.svg\",\"contentUrl\":\"https:\/\/www.rozaje.me\/wp-content\/uploads\/2022\/08\/logo-textless.svg\",\"width\":108.00360000000000582076609134674072265625,\"height\":131.15059999999999718056642450392246246337890625,\"caption\":\"Opstina Rozaje\"},\"image\":{\"@id\":\"https:\/\/www.rozaje.me\/#\/schema\/logo\/image\/\"},\"sameAs\":[\"https:\/\/www.facebook.com\/OpstinaRozajeOfficial\/\",\"https:\/\/www.youtube.com\/channel\/UCepcislHIwc6KRZTLa6FIlg\"]}]}<\/script>\n<!-- \/ Yoast SEO plugin. -->","yoast_head_json":{"title":"Bud\u017eet - 2022. - Op\u0161tina Ro\u017eaje","robots":{"index":"index","follow":"follow","max-snippet":"max-snippet:-1","max-image-preview":"max-image-preview:large","max-video-preview":"max-video-preview:-1"},"canonical":"https:\/\/www.rozaje.me\/en\/budzet-2022\/","og_locale":"en_GB","og_type":"article","og_title":"Bud\u017eet - 2022. - Op\u0161tina Ro\u017eaje","og_description":"Odluka o bud\u017eetu za 2022.godinu Odluka za redovan rad politi\u010dkih subjekata u 2022. godini Odluka za redovan rad \u017eenskih organizacija u politi\u010dkim subjektima u 2022.&#46;&#46;&#46;","og_url":"https:\/\/www.rozaje.me\/en\/budzet-2022\/","og_site_name":"Op\u0161tina Ro\u017eaje","article_publisher":"https:\/\/www.facebook.com\/OpstinaRozajeOfficial\/","article_modified_time":"2023-10-31T07:54:38+00:00","twitter_card":"summary_large_image","twitter_misc":{"Estimated reading time":"1 minute"},"schema":{"@context":"https:\/\/schema.org","@graph":[{"@type":"WebPage","@id":"https:\/\/www.rozaje.me\/budzet-2022\/","url":"https:\/\/www.rozaje.me\/budzet-2022\/","name":"Bud\u017eet - 2022. - Op\u0161tina Ro\u017eaje","isPartOf":{"@id":"https:\/\/www.rozaje.me\/#website"},"datePublished":"2022-01-17T11:35:35+00:00","dateModified":"2023-10-31T07:54:38+00:00","breadcrumb":{"@id":"https:\/\/www.rozaje.me\/budzet-2022\/#breadcrumb"},"inLanguage":"en-GB","potentialAction":[{"@type":"ReadAction","target":["https:\/\/www.rozaje.me\/budzet-2022\/"]}]},{"@type":"BreadcrumbList","@id":"https:\/\/www.rozaje.me\/budzet-2022\/#breadcrumb","itemListElement":[{"@type":"ListItem","position":1,"name":"Home","item":"https:\/\/www.rozaje.me\/"},{"@type":"ListItem","position":2,"name":"Bud\u017eet &#8211; 2022."}]},{"@type":"WebSite","@id":"https:\/\/www.rozaje.me\/#website","url":"https:\/\/www.rozaje.me\/","name":"Municipality of Ro\u017eaje","description":"The official website of the Municipality of Ro\u017eaje","publisher":{"@id":"https:\/\/www.rozaje.me\/#organization"},"alternateName":"Opstina Rozaje","potentialAction":[{"@type":"SearchAction","target":{"@type":"EntryPoint","urlTemplate":"https:\/\/www.rozaje.me\/?s={search_term_string}"},"query-input":{"@type":"PropertyValueSpecification","valueRequired":true,"valueName":"search_term_string"}}],"inLanguage":"en-GB"},{"@type":"Organization","@id":"https:\/\/www.rozaje.me\/#organization","name":"Opstina Rozaje","url":"https:\/\/www.rozaje.me\/","logo":{"@type":"ImageObject","inLanguage":"en-GB","@id":"https:\/\/www.rozaje.me\/#\/schema\/logo\/image\/","url":"https:\/\/www.rozaje.me\/wp-content\/uploads\/2022\/08\/logo-textless.svg","contentUrl":"https:\/\/www.rozaje.me\/wp-content\/uploads\/2022\/08\/logo-textless.svg","width":108.00360000000000582076609134674072265625,"height":131.15059999999999718056642450392246246337890625,"caption":"Opstina Rozaje"},"image":{"@id":"https:\/\/www.rozaje.me\/#\/schema\/logo\/image\/"},"sameAs":["https:\/\/www.facebook.com\/OpstinaRozajeOfficial\/","https:\/\/www.youtube.com\/channel\/UCepcislHIwc6KRZTLa6FIlg"]}]}},"_links":{"self":[{"href":"https:\/\/www.rozaje.me\/en\/wp-json\/wp\/v2\/pages\/25435","targetHints":{"allow":["GET"]}}],"collection":[{"href":"https:\/\/www.rozaje.me\/en\/wp-json\/wp\/v2\/pages"}],"about":[{"href":"https:\/\/www.rozaje.me\/en\/wp-json\/wp\/v2\/types\/page"}],"author":[{"embeddable":true,"href":"https:\/\/www.rozaje.me\/en\/wp-json\/wp\/v2\/users\/11"}],"replies":[{"embeddable":true,"href":"https:\/\/www.rozaje.me\/en\/wp-json\/wp\/v2\/comments?post=25435"}],"version-history":[{"count":0,"href":"https:\/\/www.rozaje.me\/en\/wp-json\/wp\/v2\/pages\/25435\/revisions"}],"wp:attachment":[{"href":"https:\/\/www.rozaje.me\/en\/wp-json\/wp\/v2\/media?parent=25435"}],"curies":[{"name":"wp","href":"https:\/\/api.w.org\/{rel}","templated":true}]}}