{"id":25126,"date":"2021-11-08T13:59:33","date_gmt":"2021-11-08T12:59:33","guid":{"rendered":"https:\/\/www.rozaje.me\/?page_id=25126"},"modified":"2021-11-08T14:11:37","modified_gmt":"2021-11-08T13:11:37","slug":"dnevni-centar-za-djecu-i-omladinu-sa-smetnjama-i-teskocama-u-razvoju-opstine-rozaje","status":"publish","type":"page","link":"https:\/\/www.rozaje.me\/en\/dnevni-centar-za-djecu-i-omladinu-sa-smetnjama-i-teskocama-u-razvoju-opstine-rozaje\/","title":{"rendered":"Day center for children and youth with developmental disabilities"},"content":{"rendered":"<p><strong>Day center for children and youth with disabilities and difficulties in the development of the municipality of Ro\u017eaje<\/strong><\/p>\n\n\n\n<hr class=\"wp-block-separator\"\/>\n\n\n\n<p><a><strong>Director: D\u017eenisa Kurtagi\u0107<\/strong><br \/>Address: Carine No. 2, 84 310 Ro\u017eaje<br \/>Phone: +38268 014 480<br \/>e-mail: dvnicentarrozaje@hotmail.com;<br \/><\/a><a href=\"https:\/\/dnevnicentarrozaje.me\/\">dvnicentarrozaje.me<\/a><a>;<\/a><\/p>\n\n\n\n<hr class=\"wp-block-separator\"\/>\n\n\n\n<p class=\"rt\">Public Institution Day Center for Children and Youth with Disabilities and Developmental Difficulties in the Municipality of Ro\u017eaje was founded on May 13, 2016, and actively began providing services on April 3, 2017. a wide range of services (socialization, care, social and medical rehabilitation, training for independence in activities of daily life, leisure activities, support for parents) and educational work in which skills necessary for everyday life are acquired.<\/p>","protected":false},"excerpt":{"rendered":"<p>Dnevni centar za djecu i omladinu sa smetnjama i te\u0161ko\u0107ama u razvoju op\u0161tine Ro\u017eaje Direktorica: D\u017eenisa Kurtagi\u0107Adresa: Carine br 2, 84 310 Ro\u017eajeTel: +38268 014&#46;&#46;&#46;<\/p>","protected":false},"author":11,"featured_media":0,"parent":0,"menu_order":0,"comment_status":"closed","ping_status":"closed","template":"","meta":{"_monsterinsights_skip_tracking":false,"_monsterinsights_sitenote_active":false,"_monsterinsights_sitenote_note":"","_monsterinsights_sitenote_category":0,"footnotes":""},"class_list":["post-25126","page","type-page","status-publish","hentry"],"yoast_head":"<!-- This site is optimized with the Yoast SEO plugin v27.2 - https:\/\/yoast.com\/product\/yoast-seo-wordpress\/ -->\n<title>Dnevni centar za djecu i omladinu sa smetnjama i te\u0161ko\u0107ama u razvoju - Op\u0161tina Ro\u017eaje<\/title>\n<meta name=\"robots\" content=\"index, follow, max-snippet:-1, max-image-preview:large, max-video-preview:-1\" \/>\n<link rel=\"canonical\" href=\"https:\/\/www.rozaje.me\/en\/dnevni-centar-za-djecu-i-omladinu-sa-smetnjama-i-teskocama-u-razvoju-opstine-rozaje\/\" \/>\n<meta property=\"og:locale\" content=\"en_GB\" \/>\n<meta property=\"og:type\" content=\"article\" \/>\n<meta property=\"og:title\" content=\"Dnevni centar za djecu i omladinu sa smetnjama i te\u0161ko\u0107ama u razvoju - Op\u0161tina Ro\u017eaje\" \/>\n<meta property=\"og:description\" content=\"Dnevni centar za djecu i omladinu sa smetnjama i te\u0161ko\u0107ama u razvoju op\u0161tine Ro\u017eaje Direktorica: D\u017eenisa Kurtagi\u0107Adresa: Carine br 2, 84 310 Ro\u017eajeTel: +38268 014&#046;&#046;&#046;\" \/>\n<meta property=\"og:url\" content=\"https:\/\/www.rozaje.me\/en\/dnevni-centar-za-djecu-i-omladinu-sa-smetnjama-i-teskocama-u-razvoju-opstine-rozaje\/\" \/>\n<meta property=\"og:site_name\" content=\"Op\u0161tina Ro\u017eaje\" \/>\n<meta property=\"article:publisher\" content=\"https:\/\/www.facebook.com\/OpstinaRozajeOfficial\/\" \/>\n<meta property=\"article:modified_time\" content=\"2021-11-08T13:11:37+00:00\" \/>\n<meta name=\"twitter:card\" content=\"summary_large_image\" \/>\n<meta name=\"twitter:label1\" content=\"Estimated reading time\" \/>\n\t<meta name=\"twitter:data1\" content=\"1 minute\" \/>\n<script type=\"application\/ld+json\" class=\"yoast-schema-graph\">{\"@context\":\"https:\/\/schema.org\",\"@graph\":[{\"@type\":\"WebPage\",\"@id\":\"https:\/\/www.rozaje.me\/dnevni-centar-za-djecu-i-omladinu-sa-smetnjama-i-teskocama-u-razvoju-opstine-rozaje\/\",\"url\":\"https:\/\/www.rozaje.me\/dnevni-centar-za-djecu-i-omladinu-sa-smetnjama-i-teskocama-u-razvoju-opstine-rozaje\/\",\"name\":\"Dnevni centar za djecu i omladinu sa smetnjama i te\u0161ko\u0107ama u razvoju - Op\u0161tina Ro\u017eaje\",\"isPartOf\":{\"@id\":\"https:\/\/www.rozaje.me\/#website\"},\"datePublished\":\"2021-11-08T12:59:33+00:00\",\"dateModified\":\"2021-11-08T13:11:37+00:00\",\"breadcrumb\":{\"@id\":\"https:\/\/www.rozaje.me\/dnevni-centar-za-djecu-i-omladinu-sa-smetnjama-i-teskocama-u-razvoju-opstine-rozaje\/#breadcrumb\"},\"inLanguage\":\"en-GB\",\"potentialAction\":[{\"@type\":\"ReadAction\",\"target\":[\"https:\/\/www.rozaje.me\/dnevni-centar-za-djecu-i-omladinu-sa-smetnjama-i-teskocama-u-razvoju-opstine-rozaje\/\"]}]},{\"@type\":\"BreadcrumbList\",\"@id\":\"https:\/\/www.rozaje.me\/dnevni-centar-za-djecu-i-omladinu-sa-smetnjama-i-teskocama-u-razvoju-opstine-rozaje\/#breadcrumb\",\"itemListElement\":[{\"@type\":\"ListItem\",\"position\":1,\"name\":\"Home\",\"item\":\"https:\/\/www.rozaje.me\/\"},{\"@type\":\"ListItem\",\"position\":2,\"name\":\"Dnevni centar za djecu i omladinu sa smetnjama i te\u0161ko\u0107ama u razvoju\"}]},{\"@type\":\"WebSite\",\"@id\":\"https:\/\/www.rozaje.me\/#website\",\"url\":\"https:\/\/www.rozaje.me\/\",\"name\":\"Op\u0161tina Ro\u017eaje\",\"description\":\"Zvani\u010dna veb stranica Op\u0161tine Ro\u017eaje\",\"publisher\":{\"@id\":\"https:\/\/www.rozaje.me\/#organization\"},\"alternateName\":\"Opstina Rozaje\",\"potentialAction\":[{\"@type\":\"SearchAction\",\"target\":{\"@type\":\"EntryPoint\",\"urlTemplate\":\"https:\/\/www.rozaje.me\/?s={search_term_string}\"},\"query-input\":{\"@type\":\"PropertyValueSpecification\",\"valueRequired\":true,\"valueName\":\"search_term_string\"}}],\"inLanguage\":\"en-GB\"},{\"@type\":\"Organization\",\"@id\":\"https:\/\/www.rozaje.me\/#organization\",\"name\":\"Opstina Rozaje\",\"url\":\"https:\/\/www.rozaje.me\/\",\"logo\":{\"@type\":\"ImageObject\",\"inLanguage\":\"en-GB\",\"@id\":\"https:\/\/www.rozaje.me\/#\/schema\/logo\/image\/\",\"url\":\"https:\/\/www.rozaje.me\/wp-content\/uploads\/2022\/08\/logo-textless.svg\",\"contentUrl\":\"https:\/\/www.rozaje.me\/wp-content\/uploads\/2022\/08\/logo-textless.svg\",\"width\":108.00360000000000582076609134674072265625,\"height\":131.15059999999999718056642450392246246337890625,\"caption\":\"Opstina Rozaje\"},\"image\":{\"@id\":\"https:\/\/www.rozaje.me\/#\/schema\/logo\/image\/\"},\"sameAs\":[\"https:\/\/www.facebook.com\/OpstinaRozajeOfficial\/\",\"https:\/\/www.youtube.com\/channel\/UCepcislHIwc6KRZTLa6FIlg\"]}]}<\/script>\n<!-- \/ Yoast SEO plugin. -->","yoast_head_json":{"title":"Dnevni centar za djecu i omladinu sa smetnjama i te\u0161ko\u0107ama u razvoju - Op\u0161tina Ro\u017eaje","robots":{"index":"index","follow":"follow","max-snippet":"max-snippet:-1","max-image-preview":"max-image-preview:large","max-video-preview":"max-video-preview:-1"},"canonical":"https:\/\/www.rozaje.me\/en\/dnevni-centar-za-djecu-i-omladinu-sa-smetnjama-i-teskocama-u-razvoju-opstine-rozaje\/","og_locale":"en_GB","og_type":"article","og_title":"Dnevni centar za djecu i omladinu sa smetnjama i te\u0161ko\u0107ama u razvoju - Op\u0161tina Ro\u017eaje","og_description":"Dnevni centar za djecu i omladinu sa smetnjama i te\u0161ko\u0107ama u razvoju op\u0161tine Ro\u017eaje Direktorica: D\u017eenisa Kurtagi\u0107Adresa: Carine br 2, 84 310 Ro\u017eajeTel: +38268 014&#46;&#46;&#46;","og_url":"https:\/\/www.rozaje.me\/en\/dnevni-centar-za-djecu-i-omladinu-sa-smetnjama-i-teskocama-u-razvoju-opstine-rozaje\/","og_site_name":"Op\u0161tina Ro\u017eaje","article_publisher":"https:\/\/www.facebook.com\/OpstinaRozajeOfficial\/","article_modified_time":"2021-11-08T13:11:37+00:00","twitter_card":"summary_large_image","twitter_misc":{"Estimated reading time":"1 minute"},"schema":{"@context":"https:\/\/schema.org","@graph":[{"@type":"WebPage","@id":"https:\/\/www.rozaje.me\/dnevni-centar-za-djecu-i-omladinu-sa-smetnjama-i-teskocama-u-razvoju-opstine-rozaje\/","url":"https:\/\/www.rozaje.me\/dnevni-centar-za-djecu-i-omladinu-sa-smetnjama-i-teskocama-u-razvoju-opstine-rozaje\/","name":"Dnevni centar za djecu i omladinu sa smetnjama i te\u0161ko\u0107ama u razvoju - Op\u0161tina Ro\u017eaje","isPartOf":{"@id":"https:\/\/www.rozaje.me\/#website"},"datePublished":"2021-11-08T12:59:33+00:00","dateModified":"2021-11-08T13:11:37+00:00","breadcrumb":{"@id":"https:\/\/www.rozaje.me\/dnevni-centar-za-djecu-i-omladinu-sa-smetnjama-i-teskocama-u-razvoju-opstine-rozaje\/#breadcrumb"},"inLanguage":"en-GB","potentialAction":[{"@type":"ReadAction","target":["https:\/\/www.rozaje.me\/dnevni-centar-za-djecu-i-omladinu-sa-smetnjama-i-teskocama-u-razvoju-opstine-rozaje\/"]}]},{"@type":"BreadcrumbList","@id":"https:\/\/www.rozaje.me\/dnevni-centar-za-djecu-i-omladinu-sa-smetnjama-i-teskocama-u-razvoju-opstine-rozaje\/#breadcrumb","itemListElement":[{"@type":"ListItem","position":1,"name":"Home","item":"https:\/\/www.rozaje.me\/"},{"@type":"ListItem","position":2,"name":"Dnevni centar za djecu i omladinu sa smetnjama i te\u0161ko\u0107ama u razvoju"}]},{"@type":"WebSite","@id":"https:\/\/www.rozaje.me\/#website","url":"https:\/\/www.rozaje.me\/","name":"Municipality of Ro\u017eaje","description":"The official website of the Municipality of Ro\u017eaje","publisher":{"@id":"https:\/\/www.rozaje.me\/#organization"},"alternateName":"Opstina Rozaje","potentialAction":[{"@type":"SearchAction","target":{"@type":"EntryPoint","urlTemplate":"https:\/\/www.rozaje.me\/?s={search_term_string}"},"query-input":{"@type":"PropertyValueSpecification","valueRequired":true,"valueName":"search_term_string"}}],"inLanguage":"en-GB"},{"@type":"Organization","@id":"https:\/\/www.rozaje.me\/#organization","name":"Opstina Rozaje","url":"https:\/\/www.rozaje.me\/","logo":{"@type":"ImageObject","inLanguage":"en-GB","@id":"https:\/\/www.rozaje.me\/#\/schema\/logo\/image\/","url":"https:\/\/www.rozaje.me\/wp-content\/uploads\/2022\/08\/logo-textless.svg","contentUrl":"https:\/\/www.rozaje.me\/wp-content\/uploads\/2022\/08\/logo-textless.svg","width":108.00360000000000582076609134674072265625,"height":131.15059999999999718056642450392246246337890625,"caption":"Opstina Rozaje"},"image":{"@id":"https:\/\/www.rozaje.me\/#\/schema\/logo\/image\/"},"sameAs":["https:\/\/www.facebook.com\/OpstinaRozajeOfficial\/","https:\/\/www.youtube.com\/channel\/UCepcislHIwc6KRZTLa6FIlg"]}]}},"_links":{"self":[{"href":"https:\/\/www.rozaje.me\/en\/wp-json\/wp\/v2\/pages\/25126","targetHints":{"allow":["GET"]}}],"collection":[{"href":"https:\/\/www.rozaje.me\/en\/wp-json\/wp\/v2\/pages"}],"about":[{"href":"https:\/\/www.rozaje.me\/en\/wp-json\/wp\/v2\/types\/page"}],"author":[{"embeddable":true,"href":"https:\/\/www.rozaje.me\/en\/wp-json\/wp\/v2\/users\/11"}],"replies":[{"embeddable":true,"href":"https:\/\/www.rozaje.me\/en\/wp-json\/wp\/v2\/comments?post=25126"}],"version-history":[{"count":0,"href":"https:\/\/www.rozaje.me\/en\/wp-json\/wp\/v2\/pages\/25126\/revisions"}],"wp:attachment":[{"href":"https:\/\/www.rozaje.me\/en\/wp-json\/wp\/v2\/media?parent=25126"}],"curies":[{"name":"wp","href":"https:\/\/api.w.org\/{rel}","templated":true}]}}