{"id":24024,"date":"2021-06-23T12:59:22","date_gmt":"2021-06-23T11:59:22","guid":{"rendered":"https:\/\/www.rozaje.me\/?page_id=24024"},"modified":"2022-12-19T13:53:34","modified_gmt":"2022-12-19T12:53:34","slug":"zapisnici-sa-sjednica-2018-2022","status":"publish","type":"page","link":"https:\/\/www.rozaje.me\/en\/zapisnici-sa-sjednica-2018-2022\/","title":{"rendered":"Minutes from the sessions 2018\/2022"},"content":{"rendered":"<div class=\"wp-block-file\"><a id=\"wp-block-file--media-90ae90b0-c9c6-495c-8285-164f4b9a1777\" href=\"https:\/\/www.rozaje.me\/wp-content\/uploads\/2021\/06\/Zapisnik-sa-konstitutivne-sjednice-SO-e-Rozaje.docx\">Minutes from the constitutive session of the Ro\u017eaje SO<\/a><a href=\"https:\/\/www.rozaje.me\/wp-content\/uploads\/2021\/06\/Zapisnik-sa-konstitutivne-sjednice-SO-e-Rozaje.docx\" class=\"wp-block-file__button\" download aria-describedby=\"wp-block-file--media-90ae90b0-c9c6-495c-8285-164f4b9a1777\">Download<\/a><\/div>\n\n\n\n<div class=\"wp-block-file\"><a id=\"wp-block-file--media-30bcb4ad-a846-4f63-83da-63c692f633f7\" href=\"https:\/\/www.rozaje.me\/wp-content\/uploads\/2021\/06\/Zapisnik-sa-nastavljenje-konstitutivne-sjednice-SO-e-Rozaje.docx\">Minutes from the continuation of the constitutive session of the SO Ro\u017eaje<\/a><a href=\"https:\/\/www.rozaje.me\/wp-content\/uploads\/2021\/06\/Zapisnik-sa-nastavljenje-konstitutivne-sjednice-SO-e-Rozaje.docx\" class=\"wp-block-file__button\" download aria-describedby=\"wp-block-file--media-30bcb4ad-a846-4f63-83da-63c692f633f7\">Download<\/a><\/div>\n\n\n\n<div class=\"wp-block-file\"><a id=\"wp-block-file--media-6d8f8fea-c297-49ad-8ceb-a432be7c260a\" href=\"https:\/\/www.rozaje.me\/wp-content\/uploads\/2021\/06\/Zapisnik-sa-I-redovne-sjednice-SO-e-Rozaje.docx\">Minutes from the 1st regular session of the Ro\u017eaje SO<\/a><a href=\"https:\/\/www.rozaje.me\/wp-content\/uploads\/2021\/06\/Zapisnik-sa-I-redovne-sjednice-SO-e-Rozaje.docx\" class=\"wp-block-file__button\" download aria-describedby=\"wp-block-file--media-6d8f8fea-c297-49ad-8ceb-a432be7c260a\">Download<\/a><\/div>\n\n\n\n<div class=\"wp-block-file\"><a id=\"wp-block-file--media-993cbfcc-c2b1-418d-8e95-697a52bf5138\" href=\"https:\/\/www.rozaje.me\/wp-content\/uploads\/2021\/06\/Zapisnik-sa-II-redovne-sjednice-SO-e-Rozaje.docx\">Minutes from the II regular session of the Ro\u017eaje SO<\/a><a href=\"https:\/\/www.rozaje.me\/wp-content\/uploads\/2021\/06\/Zapisnik-sa-II-redovne-sjednice-SO-e-Rozaje.docx\" class=\"wp-block-file__button\" download aria-describedby=\"wp-block-file--media-993cbfcc-c2b1-418d-8e95-697a52bf5138\">Download<\/a><\/div>\n\n\n\n<div class=\"wp-block-file\"><a id=\"wp-block-file--media-6dcd7adf-c06c-45d8-a63e-8b50892a7ff7\" href=\"https:\/\/www.rozaje.me\/wp-content\/uploads\/2021\/06\/Zapisnik-sa-III-redovne-sjednice-SO-e-Rozaje.docx\">Minutes from the III regular session of the Ro\u017eaje SO<\/a><a href=\"https:\/\/www.rozaje.me\/wp-content\/uploads\/2021\/06\/Zapisnik-sa-III-redovne-sjednice-SO-e-Rozaje.docx\" class=\"wp-block-file__button\" download aria-describedby=\"wp-block-file--media-6dcd7adf-c06c-45d8-a63e-8b50892a7ff7\">Download<\/a><\/div>\n\n\n\n<div class=\"wp-block-file\"><a id=\"wp-block-file--media-a073ec01-741b-4b0b-877a-ebdcce6dd212\" href=\"https:\/\/www.rozaje.me\/wp-content\/uploads\/2021\/06\/Zapisnik-sa-IV-redovne-sjednice-SO-e-Rozaje.docx\">Minutes from the IV regular session of the Ro\u017eaje SO<\/a><a href=\"https:\/\/www.rozaje.me\/wp-content\/uploads\/2021\/06\/Zapisnik-sa-IV-redovne-sjednice-SO-e-Rozaje.docx\" class=\"wp-block-file__button\" download aria-describedby=\"wp-block-file--media-a073ec01-741b-4b0b-877a-ebdcce6dd212\">Download<\/a><\/div>\n\n\n\n<div class=\"wp-block-file\"><a id=\"wp-block-file--media-72e5dc37-538b-46e8-aff3-b7fb6e6c055a\" href=\"https:\/\/www.rozaje.me\/wp-content\/uploads\/2021\/06\/Zapisnik-sa-V-redovne-sjednice-SO-e-Rozaje-1.docx\">Minutes from the 5th regular session of the SO Rozaja<\/a><a href=\"https:\/\/www.rozaje.me\/wp-content\/uploads\/2021\/06\/Zapisnik-sa-V-redovne-sjednice-SO-e-Rozaje-1.docx\" class=\"wp-block-file__button\" download aria-describedby=\"wp-block-file--media-72e5dc37-538b-46e8-aff3-b7fb6e6c055a\">Download<\/a><\/div>\n\n\n\n<div class=\"wp-block-file\"><a id=\"wp-block-file--media-de5700c7-19bc-473b-965e-d5f893ce308f\" href=\"https:\/\/www.rozaje.me\/wp-content\/uploads\/2021\/06\/Zapisnik-sa-VI-redovne-sjednice-SO-e-Rozaje.docx\">Minutes from the 6th regular session of the Ro\u017eaje SO<\/a><a href=\"https:\/\/www.rozaje.me\/wp-content\/uploads\/2021\/06\/Zapisnik-sa-VI-redovne-sjednice-SO-e-Rozaje.docx\" class=\"wp-block-file__button\" download aria-describedby=\"wp-block-file--media-de5700c7-19bc-473b-965e-d5f893ce308f\">Download<\/a><\/div>\n\n\n\n<div class=\"wp-block-file\"><a id=\"wp-block-file--media-5a6a3acb-1d05-4fa4-8fa5-db1331589b23\" href=\"https:\/\/www.rozaje.me\/wp-content\/uploads\/2021\/06\/Zapisnik-sa-VII-redovne-sjednice-SO-e-Rozaje-1.docx\">Minutes from the VII regular session of SO-e-Ro\u017eaja<\/a><a href=\"https:\/\/www.rozaje.me\/wp-content\/uploads\/2021\/06\/Zapisnik-sa-VII-redovne-sjednice-SO-e-Rozaje-1.docx\" class=\"wp-block-file__button\" download aria-describedby=\"wp-block-file--media-5a6a3acb-1d05-4fa4-8fa5-db1331589b23\">Download<\/a><\/div>\n\n\n\n<div class=\"wp-block-file\"><a id=\"wp-block-file--media-1f3196f4-a134-4e5a-835d-35fb6f34b972\" href=\"https:\/\/www.rozaje.me\/wp-content\/uploads\/2021\/06\/Zapisnik-sa-VIII-redovne-sjednice-SO-e-Rozaje-1.docx\">Minutes from the VIII regular session of the SO Rozaja<\/a><a href=\"https:\/\/www.rozaje.me\/wp-content\/uploads\/2021\/06\/Zapisnik-sa-VIII-redovne-sjednice-SO-e-Rozaje-1.docx\" class=\"wp-block-file__button\" download aria-describedby=\"wp-block-file--media-1f3196f4-a134-4e5a-835d-35fb6f34b972\">Download<\/a><\/div>\n\n\n\n<div class=\"wp-block-file\"><a id=\"wp-block-file--media-dd6bc44b-7884-4378-856b-f3f16c9b6c2e\" href=\"https:\/\/www.rozaje.me\/wp-content\/uploads\/2021\/06\/Zapisnik-sa-IX-redovne-sjednice-SO-e-Rozaje.docx\">Minutes from the 9th regular session of the Ro\u017eaje SO<\/a><a href=\"https:\/\/www.rozaje.me\/wp-content\/uploads\/2021\/06\/Zapisnik-sa-IX-redovne-sjednice-SO-e-Rozaje.docx\" class=\"wp-block-file__button\" download aria-describedby=\"wp-block-file--media-dd6bc44b-7884-4378-856b-f3f16c9b6c2e\">Download<\/a><\/div>\n\n\n\n<div class=\"wp-block-file\"><a id=\"wp-block-file--media-77e203d0-816b-4fed-96fd-62caf27bd333\" href=\"https:\/\/www.rozaje.me\/wp-content\/uploads\/2021\/06\/Zapisnik-sa-X-redovne-sjednice-SO-e-Rozaje.docx\">Minutes from the 10th regular session of the SO Rozaja<\/a><a href=\"https:\/\/www.rozaje.me\/wp-content\/uploads\/2021\/06\/Zapisnik-sa-X-redovne-sjednice-SO-e-Rozaje.docx\" class=\"wp-block-file__button\" download aria-describedby=\"wp-block-file--media-77e203d0-816b-4fed-96fd-62caf27bd333\">Download<\/a><\/div>\n\n\n\n<div class=\"wp-block-file\"><a id=\"wp-block-file--media-d24cc183-51a5-483e-a57f-4066aa94e99b\" href=\"https:\/\/www.rozaje.me\/wp-content\/uploads\/2021\/06\/Zapisnik-sa-XI-redovne-sjednice-SO-e-Rozaje.docx\">Minutes from the XI regular session of the Ro\u017eaje SO<\/a><a href=\"https:\/\/www.rozaje.me\/wp-content\/uploads\/2021\/06\/Zapisnik-sa-XI-redovne-sjednice-SO-e-Rozaje.docx\" class=\"wp-block-file__button\" download aria-describedby=\"wp-block-file--media-d24cc183-51a5-483e-a57f-4066aa94e99b\">Download<\/a><\/div>\n\n\n\n<div class=\"wp-block-file\"><a id=\"wp-block-file--media-b2649a8b-f0a7-4794-b535-4b1889e2c8b4\" href=\"https:\/\/www.rozaje.me\/wp-content\/uploads\/2021\/06\/Zapisnik-sa-XII-redovne-sjednice-SO-e-Rozaje.docx\">Minutes from the XII regular session of the Ro\u017eaje SO<\/a><a href=\"https:\/\/www.rozaje.me\/wp-content\/uploads\/2021\/06\/Zapisnik-sa-XII-redovne-sjednice-SO-e-Rozaje.docx\" class=\"wp-block-file__button\" download aria-describedby=\"wp-block-file--media-b2649a8b-f0a7-4794-b535-4b1889e2c8b4\">Download<\/a><\/div>\n\n\n\n<div class=\"wp-block-file\"><a id=\"wp-block-file--media-7631ef22-db5f-43e7-b5cb-ebc40e007730\" href=\"https:\/\/www.rozaje.me\/wp-content\/uploads\/2021\/06\/Zapisnik-sa-XIII-redovne-sjednice-SO-e-Rozaje.docx\">Minutes from the XIII regular session of the Ro\u017eaje SO<\/a><a href=\"https:\/\/www.rozaje.me\/wp-content\/uploads\/2021\/06\/Zapisnik-sa-XIII-redovne-sjednice-SO-e-Rozaje.docx\" class=\"wp-block-file__button\" download aria-describedby=\"wp-block-file--media-7631ef22-db5f-43e7-b5cb-ebc40e007730\">Download<\/a><\/div>\n\n\n\n<div class=\"wp-block-file\"><a id=\"wp-block-file--media-c0b113d5-93e6-4a0c-b30a-8b40f03733ae\" href=\"https:\/\/www.rozaje.me\/wp-content\/uploads\/2021\/06\/Zapisnik-sa-XIV-redovne-sjednice-SO-e-Rozaje.docx\">Minutes from the XIV regular session of the SO Ro\u017eaje<\/a><a href=\"https:\/\/www.rozaje.me\/wp-content\/uploads\/2021\/06\/Zapisnik-sa-XIV-redovne-sjednice-SO-e-Rozaje.docx\" class=\"wp-block-file__button\" download aria-describedby=\"wp-block-file--media-c0b113d5-93e6-4a0c-b30a-8b40f03733ae\">Download<\/a><\/div>\n\n\n\n<div class=\"wp-block-file\"><a id=\"wp-block-file--media-f24c0479-63a1-4887-87ef-1d546265eb8d\" href=\"https:\/\/www.rozaje.me\/wp-content\/uploads\/2021\/06\/Zapisnik-sa-XV-redovne-sjednice-SO-e-Rozaje.docx\">Minutes from the 15th regular session of the Ro\u017eaje SO<\/a><a href=\"https:\/\/www.rozaje.me\/wp-content\/uploads\/2021\/06\/Zapisnik-sa-XV-redovne-sjednice-SO-e-Rozaje.docx\" class=\"wp-block-file__button\" download aria-describedby=\"wp-block-file--media-f24c0479-63a1-4887-87ef-1d546265eb8d\">Download<\/a><\/div>\n\n\n\n<div class=\"wp-block-file\"><a id=\"wp-block-file--media-ba522312-8343-4791-a15b-d9330f9a7700\" href=\"https:\/\/www.rozaje.me\/wp-content\/uploads\/2021\/06\/Zapisnik-sa-XVI-redovne-sjednice-SO-e-Rozaje.docx\">Minutes from the XVI regular session of the SO Ro\u017eaje<\/a><a href=\"https:\/\/www.rozaje.me\/wp-content\/uploads\/2021\/06\/Zapisnik-sa-XVI-redovne-sjednice-SO-e-Rozaje.docx\" class=\"wp-block-file__button\" download aria-describedby=\"wp-block-file--media-ba522312-8343-4791-a15b-d9330f9a7700\">Download<\/a><\/div>\n\n\n\n<div class=\"wp-block-file\"><a id=\"wp-block-file--media-16c1df2a-fbec-41e0-9ddb-de5e9453648a\" href=\"https:\/\/www.rozaje.me\/wp-content\/uploads\/2021\/06\/Zapisnik-sa-XVII-redove-sjednice-SO-e-Rozaje.docx\">Minutes from the XVII session of the SO Ro\u017eaje<\/a><a href=\"https:\/\/www.rozaje.me\/wp-content\/uploads\/2021\/06\/Zapisnik-sa-XVII-redove-sjednice-SO-e-Rozaje.docx\" class=\"wp-block-file__button\" download aria-describedby=\"wp-block-file--media-16c1df2a-fbec-41e0-9ddb-de5e9453648a\">Download<\/a><\/div>\n\n\n\n<div class=\"wp-block-file\"><a id=\"wp-block-file--media-60d32f77-8200-48e8-ba57-4736fa48f6f1\" href=\"https:\/\/www.rozaje.me\/wp-content\/uploads\/2021\/06\/Zapisnik-sa-XVIII-redovne-sjednice-SO-e-Rozaje.docx\">Minutes from the XVIII regular session of the SO Ro\u017eaje<\/a><a href=\"https:\/\/www.rozaje.me\/wp-content\/uploads\/2021\/06\/Zapisnik-sa-XVIII-redovne-sjednice-SO-e-Rozaje.docx\" class=\"wp-block-file__button\" download aria-describedby=\"wp-block-file--media-60d32f77-8200-48e8-ba57-4736fa48f6f1\">Download<\/a><\/div>\n\n\n\n<div class=\"wp-block-file\"><a id=\"wp-block-file--media-4ee50be3-679e-4c76-aad9-cfde5906cfd4\" href=\"https:\/\/www.rozaje.me\/wp-content\/uploads\/2021\/06\/Zapisnik-sa-XIX-redovne-sjednice-SO-e-Rozaje.docx\">Minutes from the 19th regular session of the Ro\u017eaje SO<\/a><a href=\"https:\/\/www.rozaje.me\/wp-content\/uploads\/2021\/06\/Zapisnik-sa-XIX-redovne-sjednice-SO-e-Rozaje.docx\" class=\"wp-block-file__button\" download aria-describedby=\"wp-block-file--media-4ee50be3-679e-4c76-aad9-cfde5906cfd4\">Download<\/a><\/div>\n\n\n\n<div class=\"wp-block-file\"><a id=\"wp-block-file--media-c7111a52-f8a4-488d-88aa-e6913e90dd57\" href=\"https:\/\/www.rozaje.me\/wp-content\/uploads\/2021\/06\/Zapisnik-sa-XX-redovne-sjednice-SO-e-Rozaje-1.docx\">Minutes from the XX regular session of the Ro\u017eaje SO<\/a><a href=\"https:\/\/www.rozaje.me\/wp-content\/uploads\/2021\/06\/Zapisnik-sa-XX-redovne-sjednice-SO-e-Rozaje-1.docx\" class=\"wp-block-file__button\" download aria-describedby=\"wp-block-file--media-c7111a52-f8a4-488d-88aa-e6913e90dd57\">Download<\/a><\/div>\n\n\n\n<div class=\"wp-block-file\"><a id=\"wp-block-file--media-2783c0e2-8994-4a9d-8d73-fd38b7cb1b34\" href=\"https:\/\/www.rozaje.me\/wp-content\/uploads\/2021\/06\/Zapisnik-sa-XXI-redovne-sjednice-SO-e-Rozaje.docx\">Minutes from the XXI regular session of the SO Ro\u017eaje<\/a><a href=\"https:\/\/www.rozaje.me\/wp-content\/uploads\/2021\/06\/Zapisnik-sa-XXI-redovne-sjednice-SO-e-Rozaje.docx\" class=\"wp-block-file__button\" download aria-describedby=\"wp-block-file--media-2783c0e2-8994-4a9d-8d73-fd38b7cb1b34\">Download<\/a><\/div>\n\n\n\n<div class=\"wp-block-file\"><a id=\"wp-block-file--media-05428d74-b6f3-42e3-bdba-722d9127a734\" href=\"https:\/\/www.rozaje.me\/wp-content\/uploads\/2022\/01\/Zapisnik-sa-22.-redovne-sjednice-SO-e.docx\">Minutes from the XXII regular session of the SO Ro\u017eaje<\/a><a href=\"https:\/\/www.rozaje.me\/wp-content\/uploads\/2022\/01\/Zapisnik-sa-22.-redovne-sjednice-SO-e.docx\" class=\"wp-block-file__button\" download aria-describedby=\"wp-block-file--media-05428d74-b6f3-42e3-bdba-722d9127a734\">Download<\/a><\/div>\n\n\n\n<div class=\"wp-block-file\"><a id=\"wp-block-file--media-fad8af5b-6b1c-4eb3-a37f-09b5edbc9844\" href=\"https:\/\/www.rozaje.me\/wp-content\/uploads\/2022\/05\/Zapisnik-sa-23.-redovne-sjednice-SO-e.docx\">Minutes from the XXIII regular session of the SO Ro\u017eaje<\/a><a href=\"https:\/\/www.rozaje.me\/wp-content\/uploads\/2022\/05\/Zapisnik-sa-23.-redovne-sjednice-SO-e.docx\" class=\"wp-block-file__button\" download aria-describedby=\"wp-block-file--media-fad8af5b-6b1c-4eb3-a37f-09b5edbc9844\">Download<\/a><\/div>\n\n\n\n<div class=\"wp-block-file\"><a id=\"wp-block-file--media-e9bb25dd-d7da-4c56-86c7-bd25f84abaa2\" href=\"https:\/\/www.rozaje.me\/wp-content\/uploads\/2022\/05\/Zapisnik-sa-24.-redovne-sjednice-SO-e.docx\">Minutes from the XXIV regular session of the SO Ro\u017eaje<\/a><a href=\"https:\/\/www.rozaje.me\/wp-content\/uploads\/2022\/05\/Zapisnik-sa-24.-redovne-sjednice-SO-e.docx\" class=\"wp-block-file__button\" download aria-describedby=\"wp-block-file--media-e9bb25dd-d7da-4c56-86c7-bd25f84abaa2\">Download<\/a><\/div>\n\n\n\n<div class=\"wp-block-file\"><a id=\"wp-block-file--media-513bb6cb-76a8-4880-8e87-26f21eb1e293\" href=\"https:\/\/www.rozaje.me\/wp-content\/uploads\/2022\/05\/Zapisnik-sa-25.-redovne-sjednice-SO-e.docx\">Minutes from the 25th regular session of the Ro\u017eaje SO<\/a><a href=\"https:\/\/www.rozaje.me\/wp-content\/uploads\/2022\/05\/Zapisnik-sa-25.-redovne-sjednice-SO-e.docx\" class=\"wp-block-file__button\" download aria-describedby=\"wp-block-file--media-513bb6cb-76a8-4880-8e87-26f21eb1e293\">Download<\/a><\/div>\n\n\n\n<div class=\"wp-block-file\"><a id=\"wp-block-file--media-5b92682d-31df-44d4-88a5-dcf7977b8c69\" href=\"https:\/\/www.rozaje.me\/wp-content\/uploads\/2022\/10\/Zapisnik-sa-26.-redovne-sjednice-SO-e2.docx\">Minutes from the XXVI regular session of the SO Ro\u017eaje<\/a><a href=\"https:\/\/www.rozaje.me\/wp-content\/uploads\/2022\/10\/Zapisnik-sa-26.-redovne-sjednice-SO-e2.docx\" class=\"wp-block-file__button\" download aria-describedby=\"wp-block-file--media-5b92682d-31df-44d4-88a5-dcf7977b8c69\">Download<\/a><\/div>\n\n\n\n<div class=\"wp-block-file\"><a id=\"wp-block-file--media-309452fc-8992-4c7a-a045-2d01f15b79a3\" href=\"https:\/\/www.rozaje.me\/wp-content\/uploads\/2022\/11\/Zapisnik-sa-27.-redovne-sjednice-SO-e.docx\">Minutes from the regular XXVII-session of the SO<\/a><a href=\"https:\/\/www.rozaje.me\/wp-content\/uploads\/2022\/11\/Zapisnik-sa-27.-redovne-sjednice-SO-e.docx\" class=\"wp-block-file__button\" download aria-describedby=\"wp-block-file--media-309452fc-8992-4c7a-a045-2d01f15b79a3\">Download<\/a><\/div>","protected":false},"excerpt":{"rendered":"","protected":false},"author":11,"featured_media":0,"parent":0,"menu_order":0,"comment_status":"closed","ping_status":"closed","template":"","meta":{"_monsterinsights_skip_tracking":false,"_monsterinsights_sitenote_active":false,"_monsterinsights_sitenote_note":"","_monsterinsights_sitenote_category":0,"footnotes":""},"class_list":["post-24024","page","type-page","status-publish","hentry"],"yoast_head":"<!-- This site is optimized with the Yoast SEO plugin v27.2 - https:\/\/yoast.com\/product\/yoast-seo-wordpress\/ -->\n<title>Zapisnici sa sjednica 2018\/2022 - Op\u0161tina Ro\u017eaje<\/title>\n<meta name=\"robots\" content=\"index, follow, max-snippet:-1, max-image-preview:large, max-video-preview:-1\" \/>\n<link rel=\"canonical\" href=\"https:\/\/www.rozaje.me\/en\/zapisnici-sa-sjednica-2018-2022\/\" \/>\n<meta property=\"og:locale\" content=\"en_GB\" \/>\n<meta property=\"og:type\" content=\"article\" \/>\n<meta property=\"og:title\" content=\"Zapisnici sa sjednica 2018\/2022 - Op\u0161tina Ro\u017eaje\" \/>\n<meta property=\"og:url\" content=\"https:\/\/www.rozaje.me\/en\/zapisnici-sa-sjednica-2018-2022\/\" \/>\n<meta property=\"og:site_name\" content=\"Op\u0161tina Ro\u017eaje\" \/>\n<meta property=\"article:publisher\" content=\"https:\/\/www.facebook.com\/OpstinaRozajeOfficial\/\" \/>\n<meta property=\"article:modified_time\" content=\"2022-12-19T12:53:34+00:00\" \/>\n<meta name=\"twitter:card\" content=\"summary_large_image\" \/>\n<meta name=\"twitter:label1\" content=\"Estimated reading time\" \/>\n\t<meta name=\"twitter:data1\" content=\"2 minutes\" \/>\n<script type=\"application\/ld+json\" class=\"yoast-schema-graph\">{\"@context\":\"https:\/\/schema.org\",\"@graph\":[{\"@type\":\"WebPage\",\"@id\":\"https:\/\/www.rozaje.me\/zapisnici-sa-sjednica-2018-2022\/\",\"url\":\"https:\/\/www.rozaje.me\/zapisnici-sa-sjednica-2018-2022\/\",\"name\":\"Zapisnici sa sjednica 2018\/2022 - Op\u0161tina Ro\u017eaje\",\"isPartOf\":{\"@id\":\"https:\/\/www.rozaje.me\/#website\"},\"datePublished\":\"2021-06-23T11:59:22+00:00\",\"dateModified\":\"2022-12-19T12:53:34+00:00\",\"breadcrumb\":{\"@id\":\"https:\/\/www.rozaje.me\/zapisnici-sa-sjednica-2018-2022\/#breadcrumb\"},\"inLanguage\":\"en-GB\",\"potentialAction\":[{\"@type\":\"ReadAction\",\"target\":[\"https:\/\/www.rozaje.me\/zapisnici-sa-sjednica-2018-2022\/\"]}]},{\"@type\":\"BreadcrumbList\",\"@id\":\"https:\/\/www.rozaje.me\/zapisnici-sa-sjednica-2018-2022\/#breadcrumb\",\"itemListElement\":[{\"@type\":\"ListItem\",\"position\":1,\"name\":\"Home\",\"item\":\"https:\/\/www.rozaje.me\/\"},{\"@type\":\"ListItem\",\"position\":2,\"name\":\"Zapisnici sa sjednica 2018\/2022\"}]},{\"@type\":\"WebSite\",\"@id\":\"https:\/\/www.rozaje.me\/#website\",\"url\":\"https:\/\/www.rozaje.me\/\",\"name\":\"Op\u0161tina Ro\u017eaje\",\"description\":\"Zvani\u010dna veb stranica Op\u0161tine Ro\u017eaje\",\"publisher\":{\"@id\":\"https:\/\/www.rozaje.me\/#organization\"},\"alternateName\":\"Opstina Rozaje\",\"potentialAction\":[{\"@type\":\"SearchAction\",\"target\":{\"@type\":\"EntryPoint\",\"urlTemplate\":\"https:\/\/www.rozaje.me\/?s={search_term_string}\"},\"query-input\":{\"@type\":\"PropertyValueSpecification\",\"valueRequired\":true,\"valueName\":\"search_term_string\"}}],\"inLanguage\":\"en-GB\"},{\"@type\":\"Organization\",\"@id\":\"https:\/\/www.rozaje.me\/#organization\",\"name\":\"Opstina Rozaje\",\"url\":\"https:\/\/www.rozaje.me\/\",\"logo\":{\"@type\":\"ImageObject\",\"inLanguage\":\"en-GB\",\"@id\":\"https:\/\/www.rozaje.me\/#\/schema\/logo\/image\/\",\"url\":\"https:\/\/www.rozaje.me\/wp-content\/uploads\/2022\/08\/logo-textless.svg\",\"contentUrl\":\"https:\/\/www.rozaje.me\/wp-content\/uploads\/2022\/08\/logo-textless.svg\",\"width\":108.00360000000000582076609134674072265625,\"height\":131.15059999999999718056642450392246246337890625,\"caption\":\"Opstina Rozaje\"},\"image\":{\"@id\":\"https:\/\/www.rozaje.me\/#\/schema\/logo\/image\/\"},\"sameAs\":[\"https:\/\/www.facebook.com\/OpstinaRozajeOfficial\/\",\"https:\/\/www.youtube.com\/channel\/UCepcislHIwc6KRZTLa6FIlg\"]}]}<\/script>\n<!-- \/ Yoast SEO plugin. -->","yoast_head_json":{"title":"Zapisnici sa sjednica 2018\/2022 - Op\u0161tina Ro\u017eaje","robots":{"index":"index","follow":"follow","max-snippet":"max-snippet:-1","max-image-preview":"max-image-preview:large","max-video-preview":"max-video-preview:-1"},"canonical":"https:\/\/www.rozaje.me\/en\/zapisnici-sa-sjednica-2018-2022\/","og_locale":"en_GB","og_type":"article","og_title":"Zapisnici sa sjednica 2018\/2022 - Op\u0161tina Ro\u017eaje","og_url":"https:\/\/www.rozaje.me\/en\/zapisnici-sa-sjednica-2018-2022\/","og_site_name":"Op\u0161tina Ro\u017eaje","article_publisher":"https:\/\/www.facebook.com\/OpstinaRozajeOfficial\/","article_modified_time":"2022-12-19T12:53:34+00:00","twitter_card":"summary_large_image","twitter_misc":{"Estimated reading time":"2 minutes"},"schema":{"@context":"https:\/\/schema.org","@graph":[{"@type":"WebPage","@id":"https:\/\/www.rozaje.me\/zapisnici-sa-sjednica-2018-2022\/","url":"https:\/\/www.rozaje.me\/zapisnici-sa-sjednica-2018-2022\/","name":"Zapisnici sa sjednica 2018\/2022 - Op\u0161tina Ro\u017eaje","isPartOf":{"@id":"https:\/\/www.rozaje.me\/#website"},"datePublished":"2021-06-23T11:59:22+00:00","dateModified":"2022-12-19T12:53:34+00:00","breadcrumb":{"@id":"https:\/\/www.rozaje.me\/zapisnici-sa-sjednica-2018-2022\/#breadcrumb"},"inLanguage":"en-GB","potentialAction":[{"@type":"ReadAction","target":["https:\/\/www.rozaje.me\/zapisnici-sa-sjednica-2018-2022\/"]}]},{"@type":"BreadcrumbList","@id":"https:\/\/www.rozaje.me\/zapisnici-sa-sjednica-2018-2022\/#breadcrumb","itemListElement":[{"@type":"ListItem","position":1,"name":"Home","item":"https:\/\/www.rozaje.me\/"},{"@type":"ListItem","position":2,"name":"Zapisnici sa sjednica 2018\/2022"}]},{"@type":"WebSite","@id":"https:\/\/www.rozaje.me\/#website","url":"https:\/\/www.rozaje.me\/","name":"Municipality of Ro\u017eaje","description":"The official website of the Municipality of Ro\u017eaje","publisher":{"@id":"https:\/\/www.rozaje.me\/#organization"},"alternateName":"Opstina Rozaje","potentialAction":[{"@type":"SearchAction","target":{"@type":"EntryPoint","urlTemplate":"https:\/\/www.rozaje.me\/?s={search_term_string}"},"query-input":{"@type":"PropertyValueSpecification","valueRequired":true,"valueName":"search_term_string"}}],"inLanguage":"en-GB"},{"@type":"Organization","@id":"https:\/\/www.rozaje.me\/#organization","name":"Opstina Rozaje","url":"https:\/\/www.rozaje.me\/","logo":{"@type":"ImageObject","inLanguage":"en-GB","@id":"https:\/\/www.rozaje.me\/#\/schema\/logo\/image\/","url":"https:\/\/www.rozaje.me\/wp-content\/uploads\/2022\/08\/logo-textless.svg","contentUrl":"https:\/\/www.rozaje.me\/wp-content\/uploads\/2022\/08\/logo-textless.svg","width":108.00360000000000582076609134674072265625,"height":131.15059999999999718056642450392246246337890625,"caption":"Opstina Rozaje"},"image":{"@id":"https:\/\/www.rozaje.me\/#\/schema\/logo\/image\/"},"sameAs":["https:\/\/www.facebook.com\/OpstinaRozajeOfficial\/","https:\/\/www.youtube.com\/channel\/UCepcislHIwc6KRZTLa6FIlg"]}]}},"_links":{"self":[{"href":"https:\/\/www.rozaje.me\/en\/wp-json\/wp\/v2\/pages\/24024","targetHints":{"allow":["GET"]}}],"collection":[{"href":"https:\/\/www.rozaje.me\/en\/wp-json\/wp\/v2\/pages"}],"about":[{"href":"https:\/\/www.rozaje.me\/en\/wp-json\/wp\/v2\/types\/page"}],"author":[{"embeddable":true,"href":"https:\/\/www.rozaje.me\/en\/wp-json\/wp\/v2\/users\/11"}],"replies":[{"embeddable":true,"href":"https:\/\/www.rozaje.me\/en\/wp-json\/wp\/v2\/comments?post=24024"}],"version-history":[{"count":0,"href":"https:\/\/www.rozaje.me\/en\/wp-json\/wp\/v2\/pages\/24024\/revisions"}],"wp:attachment":[{"href":"https:\/\/www.rozaje.me\/en\/wp-json\/wp\/v2\/media?parent=24024"}],"curies":[{"name":"wp","href":"https:\/\/api.w.org\/{rel}","templated":true}]}}