{"id":23972,"date":"2021-06-16T11:35:57","date_gmt":"2021-06-16T10:35:57","guid":{"rendered":"https:\/\/www.rozaje.me\/?page_id=23972"},"modified":"2022-01-27T11:19:25","modified_gmt":"2022-01-27T10:19:25","slug":"budzet-2021","status":"publish","type":"page","link":"https:\/\/www.rozaje.me\/en\/dokumenta\/budzet\/budzet-2021\/","title":{"rendered":"Budget \u2013 2021"},"content":{"rendered":"<p><a href=\"https:\/\/www.rozaje.me\/wp-content\/uploads\/2021\/01\/Odluka-o-Budzetu-za-2021.godinu.pdf\">Decision on the Budget for 2021<\/a><\/p>\n\n\n\n<p><a href=\"https:\/\/www.rozaje.me\/wp-content\/uploads\/2021\/02\/Odluka-za-redovan-rad-zenskih-organizacija-u-politickim-subjektima-u-2021.godini1.pdf\">Decision for the regular work of women&#039;s organizations in political entities in 2021<\/a><\/p>\n\n\n\n<p><a href=\"https:\/\/www.rozaje.me\/wp-content\/uploads\/2021\/02\/Odluka-za-redovan-rad-politickih-subjekata-u-2021.godini2.pdf\">Decision on regular work for political subjects in 2021<\/a><\/p>\n\n\n\n<p><a href=\"https:\/\/www.rozaje.me\/wp-content\/uploads\/2021\/02\/Politicki-subjekti-i-Zenske-organizacije-u-politickim-subjektima-januar-2021.godina.xlsx\">Political subjects and women&#039;s organization in political subjects - January, 2021.<\/a><\/p>\n\n\n\n<p><a href=\"https:\/\/www.rozaje.me\/wp-content\/uploads\/2021\/03\/Politicki-subjekti-i-Zenske-organizacije-u-politickim-subjektima-Februar-2021.godina2.xlsx\">Political subjects and women&#039;s organizations in political subjects - February, 2021<\/a><\/p>\n\n\n\n<p><a href=\"https:\/\/www.rozaje.me\/wp-content\/uploads\/2021\/04\/3-Politicki-subjekti-i-Zenske-organizacije-u-politickim-subjektima-Mart-2021.godina.xlsx\">Political entities and women&#039;s organizations in political entities - March, 2021<\/a><\/p>\n\n\n\n<p><a href=\"https:\/\/www.rozaje.me\/wp-content\/uploads\/2021\/04\/3.mart-2021.godina.xls\">POP, PIR, NEO and BUZ for the first quarter of 2021<\/a><\/p>\n\n\n\n<p><a href=\"https:\/\/www.rozaje.me\/wp-content\/uploads\/2021\/05\/4-Politicki-subjekti-i-Zenske-organizacije-u-politickim-subjektima-Mart-2021.godina.xlsx\">Political entities and women&#039;s organizations in political entities - April, 2021<\/a><\/p>\n\n\n\n<p><a href=\"https:\/\/www.rozaje.me\/wp-content\/uploads\/2021\/06\/5-Politicki-subjekti-i-Zenske-organizacije-u-politickim-subjektima-Maj-2021.godina.xlsx\">Political entities and women&#039;s organizations in political entities - May, 2021<\/a><\/p>\n\n\n\n<p><a href=\"https:\/\/www.rozaje.me\/wp-content\/uploads\/2021\/07\/6-Politicki-subjekti-i-Zenske-organizacije-u-politickim-subjektima-Jun-2021.godina.xlsx\">Political entities and women&#039;s organizations in political entities - June, 2021<\/a><\/p>\n\n\n\n<p><a href=\"https:\/\/www.rozaje.me\/wp-content\/uploads\/2021\/07\/6.jun-2021.godina.xls\">POP, PIR, NEO and BUZ for the second quarter of 2021<\/a><\/p>\n\n\n\n<div class=\"wp-block-file\"><a href=\"https:\/\/www.rozaje.me\/wp-content\/uploads\/2021\/08\/7-Politicki-subjekti-i-Zenske-organizacije-u-politickim-subjektima-Jul-2021.godina.xlsx\">Political entities and women&#039;s organizations in political entities - July, 2021<\/a><a href=\"https:\/\/www.rozaje.me\/wp-content\/uploads\/2021\/08\/7-Politicki-subjekti-i-Zenske-organizacije-u-politickim-subjektima-Jul-2021.godina.xlsx\" class=\"wp-block-file__button\" download>Download<\/a><\/div>\n\n\n\n<div class=\"wp-block-file\"><a href=\"https:\/\/www.rozaje.me\/wp-content\/uploads\/2021\/09\/7-Politicki-subjekti-i-Zenske-organizacije-u-politickim-subjektima-Jul-2021.godina-1.xlsx\">Political entities and women&#039;s organizations in political entities - August, 2021<\/a><a href=\"https:\/\/www.rozaje.me\/wp-content\/uploads\/2021\/09\/7-Politicki-subjekti-i-Zenske-organizacije-u-politickim-subjektima-Jul-2021.godina-1.xlsx\" class=\"wp-block-file__button\" download>Download<\/a><\/div>\n\n\n\n<div class=\"wp-block-file\"><a href=\"https:\/\/www.rozaje.me\/wp-content\/uploads\/2021\/10\/8-Politicki-subjekti-i-Zenske-organizacije-u-politickim-subjektima-Avgust-2021.godina.xlsx\">Political entities and women&#039;s organizations in political entities - September, 2021<\/a><a href=\"https:\/\/www.rozaje.me\/wp-content\/uploads\/2021\/10\/8-Politicki-subjekti-i-Zenske-organizacije-u-politickim-subjektima-Avgust-2021.godina.xlsx\" class=\"wp-block-file__button\" download>Download<\/a><\/div>\n\n\n\n<div class=\"wp-block-file\"><a href=\"https:\/\/www.rozaje.me\/wp-content\/uploads\/2021\/10\/9.septembar-2021.godina.xls\">Report for the third quarter of 2021<\/a><a href=\"https:\/\/www.rozaje.me\/wp-content\/uploads\/2021\/10\/9.septembar-2021.godina.xls\" class=\"wp-block-file__button\" download>Download<\/a><\/div>\n\n\n\n<div class=\"wp-block-file\"><a href=\"https:\/\/www.rozaje.me\/wp-content\/uploads\/2021\/11\/9-Politicki-subjekti-i-Zenske-organizacije-u-politickim-subjektima-Septembar-2021.godina.xlsx\">Political entities and women&#039;s organizations in political entities - October, 2021<\/a><a href=\"https:\/\/www.rozaje.me\/wp-content\/uploads\/2021\/11\/9-Politicki-subjekti-i-Zenske-organizacije-u-politickim-subjektima-Septembar-2021.godina.xlsx\" class=\"wp-block-file__button\" download>Download<\/a><\/div>\n\n\n\n<div class=\"wp-block-file\"><a href=\"https:\/\/www.rozaje.me\/wp-content\/uploads\/2021\/12\/11-Politicki-subjekti-i-Zenske-organizacije-u-politickim-subjektima-Novembar-2021.godina.xlsx\">Political entities and women&#039;s organizations in political entities - November, 2021<\/a><a href=\"https:\/\/www.rozaje.me\/wp-content\/uploads\/2021\/12\/11-Politicki-subjekti-i-Zenske-organizacije-u-politickim-subjektima-Novembar-2021.godina.xlsx\" class=\"wp-block-file__button\" download>Download<\/a><\/div>\n\n\n\n<p> <a href=\"https:\/\/www.rozaje.me\/wp-content\/uploads\/2022\/01\/12-Politicki-subjekti-i-Zenske-organizacije-u-politickim-subjektima-Decembar-2021.godina.xlsx\">Political entities and women&#039;s organizations in political entities - December, 2021<\/a> <\/p>","protected":false},"excerpt":{"rendered":"<p>Odluka o Bud\u017eetu za 2021.godinu Odluka za redovan rad \u017eenskih organizacija u politi\u010dkim subjektima u 2021.godini Odluku za redovan rad politi\u010dkim subjektima u 2021. godini&#46;&#46;&#46;<\/p>","protected":false},"author":11,"featured_media":0,"parent":979,"menu_order":0,"comment_status":"closed","ping_status":"closed","template":"","meta":{"_monsterinsights_skip_tracking":false,"_monsterinsights_sitenote_active":false,"_monsterinsights_sitenote_note":"","_monsterinsights_sitenote_category":0,"footnotes":""},"class_list":["post-23972","page","type-page","status-publish","hentry"],"yoast_head":"<!-- This site is optimized with the Yoast SEO plugin v27.2 - https:\/\/yoast.com\/product\/yoast-seo-wordpress\/ -->\n<title>Bud\u017eet - 2021. - Op\u0161tina Ro\u017eaje<\/title>\n<meta name=\"robots\" content=\"index, follow, max-snippet:-1, max-image-preview:large, max-video-preview:-1\" \/>\n<link rel=\"canonical\" href=\"https:\/\/www.rozaje.me\/en\/dokumenta\/budzet\/budzet-2021\/\" \/>\n<meta property=\"og:locale\" content=\"en_GB\" \/>\n<meta property=\"og:type\" content=\"article\" \/>\n<meta property=\"og:title\" content=\"Bud\u017eet - 2021. - Op\u0161tina Ro\u017eaje\" \/>\n<meta property=\"og:description\" content=\"Odluka o Bud\u017eetu za 2021.godinu Odluka za redovan rad \u017eenskih organizacija u politi\u010dkim subjektima u 2021.godini Odluku za redovan rad politi\u010dkim subjektima u 2021. godini&#046;&#046;&#046;\" \/>\n<meta property=\"og:url\" content=\"https:\/\/www.rozaje.me\/en\/dokumenta\/budzet\/budzet-2021\/\" \/>\n<meta property=\"og:site_name\" content=\"Op\u0161tina Ro\u017eaje\" \/>\n<meta property=\"article:publisher\" content=\"https:\/\/www.facebook.com\/OpstinaRozajeOfficial\/\" \/>\n<meta property=\"article:modified_time\" content=\"2022-01-27T10:19:25+00:00\" \/>\n<meta name=\"twitter:card\" content=\"summary_large_image\" \/>\n<meta name=\"twitter:label1\" content=\"Estimated reading time\" \/>\n\t<meta name=\"twitter:data1\" content=\"1 minute\" \/>\n<script type=\"application\/ld+json\" class=\"yoast-schema-graph\">{\"@context\":\"https:\/\/schema.org\",\"@graph\":[{\"@type\":\"WebPage\",\"@id\":\"https:\/\/www.rozaje.me\/dokumenta\/budzet\/budzet-2021\/\",\"url\":\"https:\/\/www.rozaje.me\/dokumenta\/budzet\/budzet-2021\/\",\"name\":\"Bud\u017eet - 2021. - Op\u0161tina Ro\u017eaje\",\"isPartOf\":{\"@id\":\"https:\/\/www.rozaje.me\/#website\"},\"datePublished\":\"2021-06-16T10:35:57+00:00\",\"dateModified\":\"2022-01-27T10:19:25+00:00\",\"breadcrumb\":{\"@id\":\"https:\/\/www.rozaje.me\/dokumenta\/budzet\/budzet-2021\/#breadcrumb\"},\"inLanguage\":\"en-GB\",\"potentialAction\":[{\"@type\":\"ReadAction\",\"target\":[\"https:\/\/www.rozaje.me\/dokumenta\/budzet\/budzet-2021\/\"]}]},{\"@type\":\"BreadcrumbList\",\"@id\":\"https:\/\/www.rozaje.me\/dokumenta\/budzet\/budzet-2021\/#breadcrumb\",\"itemListElement\":[{\"@type\":\"ListItem\",\"position\":1,\"name\":\"Home\",\"item\":\"https:\/\/www.rozaje.me\/\"},{\"@type\":\"ListItem\",\"position\":2,\"name\":\"Dokumenta\",\"item\":\"https:\/\/www.rozaje.me\/dokumenta\/\"},{\"@type\":\"ListItem\",\"position\":3,\"name\":\"Bud\u017eet\",\"item\":\"https:\/\/www.rozaje.me\/dokumenta\/budzet\/\"},{\"@type\":\"ListItem\",\"position\":4,\"name\":\"Bud\u017eet &#8211; 2021.\"}]},{\"@type\":\"WebSite\",\"@id\":\"https:\/\/www.rozaje.me\/#website\",\"url\":\"https:\/\/www.rozaje.me\/\",\"name\":\"Op\u0161tina Ro\u017eaje\",\"description\":\"Zvani\u010dna veb stranica Op\u0161tine Ro\u017eaje\",\"publisher\":{\"@id\":\"https:\/\/www.rozaje.me\/#organization\"},\"alternateName\":\"Opstina Rozaje\",\"potentialAction\":[{\"@type\":\"SearchAction\",\"target\":{\"@type\":\"EntryPoint\",\"urlTemplate\":\"https:\/\/www.rozaje.me\/?s={search_term_string}\"},\"query-input\":{\"@type\":\"PropertyValueSpecification\",\"valueRequired\":true,\"valueName\":\"search_term_string\"}}],\"inLanguage\":\"en-GB\"},{\"@type\":\"Organization\",\"@id\":\"https:\/\/www.rozaje.me\/#organization\",\"name\":\"Opstina Rozaje\",\"url\":\"https:\/\/www.rozaje.me\/\",\"logo\":{\"@type\":\"ImageObject\",\"inLanguage\":\"en-GB\",\"@id\":\"https:\/\/www.rozaje.me\/#\/schema\/logo\/image\/\",\"url\":\"https:\/\/www.rozaje.me\/wp-content\/uploads\/2022\/08\/logo-textless.svg\",\"contentUrl\":\"https:\/\/www.rozaje.me\/wp-content\/uploads\/2022\/08\/logo-textless.svg\",\"width\":108.00360000000000582076609134674072265625,\"height\":131.15059999999999718056642450392246246337890625,\"caption\":\"Opstina Rozaje\"},\"image\":{\"@id\":\"https:\/\/www.rozaje.me\/#\/schema\/logo\/image\/\"},\"sameAs\":[\"https:\/\/www.facebook.com\/OpstinaRozajeOfficial\/\",\"https:\/\/www.youtube.com\/channel\/UCepcislHIwc6KRZTLa6FIlg\"]}]}<\/script>\n<!-- \/ Yoast SEO plugin. -->","yoast_head_json":{"title":"Bud\u017eet - 2021. - Op\u0161tina Ro\u017eaje","robots":{"index":"index","follow":"follow","max-snippet":"max-snippet:-1","max-image-preview":"max-image-preview:large","max-video-preview":"max-video-preview:-1"},"canonical":"https:\/\/www.rozaje.me\/en\/dokumenta\/budzet\/budzet-2021\/","og_locale":"en_GB","og_type":"article","og_title":"Bud\u017eet - 2021. - Op\u0161tina Ro\u017eaje","og_description":"Odluka o Bud\u017eetu za 2021.godinu Odluka za redovan rad \u017eenskih organizacija u politi\u010dkim subjektima u 2021.godini Odluku za redovan rad politi\u010dkim subjektima u 2021. godini&#46;&#46;&#46;","og_url":"https:\/\/www.rozaje.me\/en\/dokumenta\/budzet\/budzet-2021\/","og_site_name":"Op\u0161tina Ro\u017eaje","article_publisher":"https:\/\/www.facebook.com\/OpstinaRozajeOfficial\/","article_modified_time":"2022-01-27T10:19:25+00:00","twitter_card":"summary_large_image","twitter_misc":{"Estimated reading time":"1 minute"},"schema":{"@context":"https:\/\/schema.org","@graph":[{"@type":"WebPage","@id":"https:\/\/www.rozaje.me\/dokumenta\/budzet\/budzet-2021\/","url":"https:\/\/www.rozaje.me\/dokumenta\/budzet\/budzet-2021\/","name":"Bud\u017eet - 2021. - Op\u0161tina Ro\u017eaje","isPartOf":{"@id":"https:\/\/www.rozaje.me\/#website"},"datePublished":"2021-06-16T10:35:57+00:00","dateModified":"2022-01-27T10:19:25+00:00","breadcrumb":{"@id":"https:\/\/www.rozaje.me\/dokumenta\/budzet\/budzet-2021\/#breadcrumb"},"inLanguage":"en-GB","potentialAction":[{"@type":"ReadAction","target":["https:\/\/www.rozaje.me\/dokumenta\/budzet\/budzet-2021\/"]}]},{"@type":"BreadcrumbList","@id":"https:\/\/www.rozaje.me\/dokumenta\/budzet\/budzet-2021\/#breadcrumb","itemListElement":[{"@type":"ListItem","position":1,"name":"Home","item":"https:\/\/www.rozaje.me\/"},{"@type":"ListItem","position":2,"name":"Dokumenta","item":"https:\/\/www.rozaje.me\/dokumenta\/"},{"@type":"ListItem","position":3,"name":"Bud\u017eet","item":"https:\/\/www.rozaje.me\/dokumenta\/budzet\/"},{"@type":"ListItem","position":4,"name":"Bud\u017eet &#8211; 2021."}]},{"@type":"WebSite","@id":"https:\/\/www.rozaje.me\/#website","url":"https:\/\/www.rozaje.me\/","name":"Municipality of Ro\u017eaje","description":"The official website of the Municipality of Ro\u017eaje","publisher":{"@id":"https:\/\/www.rozaje.me\/#organization"},"alternateName":"Opstina Rozaje","potentialAction":[{"@type":"SearchAction","target":{"@type":"EntryPoint","urlTemplate":"https:\/\/www.rozaje.me\/?s={search_term_string}"},"query-input":{"@type":"PropertyValueSpecification","valueRequired":true,"valueName":"search_term_string"}}],"inLanguage":"en-GB"},{"@type":"Organization","@id":"https:\/\/www.rozaje.me\/#organization","name":"Opstina Rozaje","url":"https:\/\/www.rozaje.me\/","logo":{"@type":"ImageObject","inLanguage":"en-GB","@id":"https:\/\/www.rozaje.me\/#\/schema\/logo\/image\/","url":"https:\/\/www.rozaje.me\/wp-content\/uploads\/2022\/08\/logo-textless.svg","contentUrl":"https:\/\/www.rozaje.me\/wp-content\/uploads\/2022\/08\/logo-textless.svg","width":108.00360000000000582076609134674072265625,"height":131.15059999999999718056642450392246246337890625,"caption":"Opstina Rozaje"},"image":{"@id":"https:\/\/www.rozaje.me\/#\/schema\/logo\/image\/"},"sameAs":["https:\/\/www.facebook.com\/OpstinaRozajeOfficial\/","https:\/\/www.youtube.com\/channel\/UCepcislHIwc6KRZTLa6FIlg"]}]}},"_links":{"self":[{"href":"https:\/\/www.rozaje.me\/en\/wp-json\/wp\/v2\/pages\/23972","targetHints":{"allow":["GET"]}}],"collection":[{"href":"https:\/\/www.rozaje.me\/en\/wp-json\/wp\/v2\/pages"}],"about":[{"href":"https:\/\/www.rozaje.me\/en\/wp-json\/wp\/v2\/types\/page"}],"author":[{"embeddable":true,"href":"https:\/\/www.rozaje.me\/en\/wp-json\/wp\/v2\/users\/11"}],"replies":[{"embeddable":true,"href":"https:\/\/www.rozaje.me\/en\/wp-json\/wp\/v2\/comments?post=23972"}],"version-history":[{"count":0,"href":"https:\/\/www.rozaje.me\/en\/wp-json\/wp\/v2\/pages\/23972\/revisions"}],"up":[{"embeddable":true,"href":"https:\/\/www.rozaje.me\/en\/wp-json\/wp\/v2\/pages\/979"}],"wp:attachment":[{"href":"https:\/\/www.rozaje.me\/en\/wp-json\/wp\/v2\/media?parent=23972"}],"curies":[{"name":"wp","href":"https:\/\/api.w.org\/{rel}","templated":true}]}}