{"id":21396,"date":"2019-12-31T14:59:35","date_gmt":"2019-12-31T13:59:35","guid":{"rendered":"https:\/\/www.rozaje.me\/?page_id=21396"},"modified":"2022-12-19T13:52:19","modified_gmt":"2022-12-19T12:52:19","slug":"usvojena-akta-sa-sjednica-so-e-2018-2022","status":"publish","type":"page","link":"https:\/\/www.rozaje.me\/en\/usvojena-akta-sa-sjednica-so-e-2018-2022\/","title":{"rendered":"Adopted acts from the 2018\/2022 So-e sessions"},"content":{"rendered":"<div class=\"wp-block-file\"><a id=\"wp-block-file--media-37eac262-bd1f-4db0-b0fe-a912ae63f613\" href=\"https:\/\/www.rozaje.me\/wp-content\/uploads\/2020\/02\/odlukezaobjavljivanjesakonstitutivnesjednice.zip\">Constitutive session of the SO Ro\u017eaje<\/a><a href=\"https:\/\/www.rozaje.me\/wp-content\/uploads\/2020\/02\/odlukezaobjavljivanjesakonstitutivnesjednice.zip\" class=\"wp-block-file__button\" download aria-describedby=\"wp-block-file--media-37eac262-bd1f-4db0-b0fe-a912ae63f613\">Download<\/a><\/div>\n\n\n\n<div class=\"wp-block-file\"><a id=\"wp-block-file--media-3ac84148-1037-4127-befc-fecedbaa2b9f\" href=\"https:\/\/www.rozaje.me\/wp-content\/uploads\/2020\/02\/odlukesaprveredovnesjednicesoeroaje.zip\">The first regular session of the SO Ro\u017eaje<\/a><a href=\"https:\/\/www.rozaje.me\/wp-content\/uploads\/2020\/02\/odlukesaprveredovnesjednicesoeroaje.zip\" class=\"wp-block-file__button\" download aria-describedby=\"wp-block-file--media-3ac84148-1037-4127-befc-fecedbaa2b9f\">Download<\/a><\/div>\n\n\n\n<div class=\"wp-block-file\"><a id=\"wp-block-file--media-c76135dd-cb79-4d93-b6fc-68c0e4cda41d\" href=\"https:\/\/www.rozaje.me\/wp-content\/uploads\/2020\/02\/odlukeirjeenjasadrugeredovnesjednicesoeroaje.zip\">The second regular session of the SO Ro\u017eaje<\/a><a href=\"https:\/\/www.rozaje.me\/wp-content\/uploads\/2020\/02\/odlukeirjeenjasadrugeredovnesjednicesoeroaje.zip\" class=\"wp-block-file__button\" download aria-describedby=\"wp-block-file--media-c76135dd-cb79-4d93-b6fc-68c0e4cda41d\">Download<\/a><\/div>\n\n\n\n<div class=\"wp-block-file\"><a id=\"wp-block-file--media-12fc9646-90e0-4414-99c4-292b990bab8b\" href=\"https:\/\/www.rozaje.me\/wp-content\/uploads\/2020\/02\/odlukezaobjavljivanjesatreeredovnesjednicesoeroaj.zip\">The third regular session of the SO Ro\u017eaje<\/a><a href=\"https:\/\/www.rozaje.me\/wp-content\/uploads\/2020\/02\/odlukezaobjavljivanjesatreeredovnesjednicesoeroaj.zip\" class=\"wp-block-file__button\" download aria-describedby=\"wp-block-file--media-12fc9646-90e0-4414-99c4-292b990bab8b\">Download<\/a><\/div>\n\n\n\n<div class=\"wp-block-file\"><a id=\"wp-block-file--media-bdc0bfb8-47fb-4eca-8a91-c3ab52218a29\" href=\"https:\/\/www.rozaje.me\/wp-content\/uploads\/2020\/02\/fwdodlukezaobjavljivanje.zip\">The fourth regular session of the SO Ro\u017eaje<\/a><a href=\"https:\/\/www.rozaje.me\/wp-content\/uploads\/2020\/02\/fwdodlukezaobjavljivanje.zip\" class=\"wp-block-file__button\" download aria-describedby=\"wp-block-file--media-bdc0bfb8-47fb-4eca-8a91-c3ab52218a29\">Download<\/a><\/div>\n\n\n\n<div class=\"wp-block-file\"><a id=\"wp-block-file--media-c196faf8-aedc-4b42-a09b-fc65dd68b258\" href=\"https:\/\/www.rozaje.me\/wp-content\/uploads\/2020\/02\/odlukeusvojenesa5_redovnesjednice.zip\">The fifth regular session of the SO Ro\u017eaje<\/a><a href=\"https:\/\/www.rozaje.me\/wp-content\/uploads\/2020\/02\/odlukeusvojenesa5_redovnesjednice.zip\" class=\"wp-block-file__button\" download aria-describedby=\"wp-block-file--media-c196faf8-aedc-4b42-a09b-fc65dd68b258\">Download<\/a><\/div>\n\n\n\n<div class=\"wp-block-file\"><a id=\"wp-block-file--media-0fa3ad81-1ba5-41fa-b754-2c40a11642cf\" href=\"https:\/\/www.rozaje.me\/wp-content\/uploads\/2020\/02\/Downloads.zip\">Sixth regular session of SO Ro\u017eaje<\/a><a href=\"https:\/\/www.rozaje.me\/wp-content\/uploads\/2020\/02\/Downloads.zip\" class=\"wp-block-file__button\" download aria-describedby=\"wp-block-file--media-0fa3ad81-1ba5-41fa-b754-2c40a11642cf\">Download<\/a><\/div>\n\n\n\n<div class=\"wp-block-file\"><a id=\"wp-block-file--media-556c7b65-1676-4092-9d82-a1625973a0c6\" href=\"https:\/\/www.rozaje.me\/wp-content\/uploads\/2020\/02\/odlukesasedmeredovnesjedniceizapisniksaviredovnesj.zip\">The seventh regular session of the SO Ro\u017eaje<\/a><a href=\"https:\/\/www.rozaje.me\/wp-content\/uploads\/2020\/02\/odlukesasedmeredovnesjedniceizapisniksaviredovnesj.zip\" class=\"wp-block-file__button\" download aria-describedby=\"wp-block-file--media-556c7b65-1676-4092-9d82-a1625973a0c6\">Download<\/a><\/div>\n\n\n\n<div class=\"wp-block-file\"><a id=\"wp-block-file--media-af41e2c2-86bc-4bf0-8ba9-a184504ec877\" href=\"https:\/\/www.rozaje.me\/wp-content\/uploads\/2020\/02\/Zapisnik-sa-8.-redovne-sjednice-SO-e-1.zip\">The eighth regular session of the SO Ro\u017eaje<\/a><a href=\"https:\/\/www.rozaje.me\/wp-content\/uploads\/2020\/02\/Zapisnik-sa-8.-redovne-sjednice-SO-e-1.zip\" class=\"wp-block-file__button\" download aria-describedby=\"wp-block-file--media-af41e2c2-86bc-4bf0-8ba9-a184504ec877\">Download<\/a><\/div>\n\n\n\n<div class=\"wp-block-file\"><a id=\"wp-block-file--media-51c1e6ed-01ee-4667-a8c0-e375a30982ba\" href=\"https:\/\/www.rozaje.me\/wp-content\/uploads\/2020\/02\/fwd9_redovnasjednicasoeroaje.zip\">Ninth regular session of SO Ro\u017eaje<\/a><a href=\"https:\/\/www.rozaje.me\/wp-content\/uploads\/2020\/02\/fwd9_redovnasjednicasoeroaje.zip\" class=\"wp-block-file__button\" download aria-describedby=\"wp-block-file--media-51c1e6ed-01ee-4667-a8c0-e375a30982ba\">Download<\/a><\/div>\n\n\n\n<div class=\"wp-block-file\"><a id=\"wp-block-file--media-5fd986c3-d7bc-46b8-bbd7-4df8e9206077\" href=\"https:\/\/www.rozaje.me\/wp-content\/uploads\/2020\/02\/X.zip\">The tenth regular session of the SO Ro\u017eaje<\/a><a href=\"https:\/\/www.rozaje.me\/wp-content\/uploads\/2020\/02\/X.zip\" class=\"wp-block-file__button\" download aria-describedby=\"wp-block-file--media-5fd986c3-d7bc-46b8-bbd7-4df8e9206077\">Download<\/a><\/div>\n\n\n\n<div class=\"wp-block-file\"><a id=\"wp-block-file--media-a23de435-4961-4aae-8e0e-bb3dfa127043\" href=\"https:\/\/www.rozaje.me\/wp-content\/uploads\/2020\/02\/odlukeizakljuaksa11_redovnesjednice.zip\">The eleventh regular session of the SO Ro\u017eaje<\/a><a href=\"https:\/\/www.rozaje.me\/wp-content\/uploads\/2020\/02\/odlukeizakljuaksa11_redovnesjednice.zip\" class=\"wp-block-file__button\" download aria-describedby=\"wp-block-file--media-a23de435-4961-4aae-8e0e-bb3dfa127043\">Download<\/a><\/div>\n\n\n\n<div class=\"wp-block-file\"><a id=\"wp-block-file--media-42fd0642-b71d-457c-ad49-b96d8797369e\" href=\"https:\/\/www.rozaje.me\/wp-content\/uploads\/2020\/02\/odlukezaobjavljivanje.zip\">The twelfth regular session of the SO Ro\u017eaje<\/a><a href=\"https:\/\/www.rozaje.me\/wp-content\/uploads\/2020\/02\/odlukezaobjavljivanje.zip\" class=\"wp-block-file__button\" download aria-describedby=\"wp-block-file--media-42fd0642-b71d-457c-ad49-b96d8797369e\">Download<\/a><\/div>\n\n\n\n<div class=\"wp-block-file\"><a id=\"wp-block-file--media-71a0fe91-41fa-465b-9c76-718ab8f2b5ef\" href=\"https:\/\/www.rozaje.me\/wp-content\/uploads\/2020\/02\/usvojeneodlukeiprogramsa13_redovnesjednicezapisnici.zip\">Thirteenth regular session of the SO Ro\u017eaje<\/a><a href=\"https:\/\/www.rozaje.me\/wp-content\/uploads\/2020\/02\/usvojeneodlukeiprogramsa13_redovnesjednicezapisnici.zip\" class=\"wp-block-file__button\" download aria-describedby=\"wp-block-file--media-71a0fe91-41fa-465b-9c76-718ab8f2b5ef\">Download<\/a><\/div>\n\n\n\n<div class=\"wp-block-file\"><a id=\"wp-block-file--media-eddf1a5c-97ba-4d85-aa79-852a5d343238\" href=\"https:\/\/www.rozaje.me\/wp-content\/uploads\/2020\/06\/SO14.zip\">The fourteenth regular session of the SO Ro\u017eaje<\/a><a href=\"https:\/\/www.rozaje.me\/wp-content\/uploads\/2020\/06\/SO14.zip\" class=\"wp-block-file__button\" download aria-describedby=\"wp-block-file--media-eddf1a5c-97ba-4d85-aa79-852a5d343238\">Download<\/a><\/div>\n\n\n\n<div class=\"wp-block-file\"><a id=\"wp-block-file--media-85f250fa-2895-4945-94ea-5bd03182d8fc\" href=\"https:\/\/www.rozaje.me\/wp-content\/uploads\/2020\/09\/15_redovnasjednicaskuptineoptineroaje.zip\">Fifteenth regular session of the SO Ro\u017eaje<\/a><a href=\"https:\/\/www.rozaje.me\/wp-content\/uploads\/2020\/09\/15_redovnasjednicaskuptineoptineroaje.zip\" class=\"wp-block-file__button\" download aria-describedby=\"wp-block-file--media-85f250fa-2895-4945-94ea-5bd03182d8fc\">Download<\/a><\/div>\n\n\n\n<div class=\"wp-block-file\"><a id=\"wp-block-file--media-46ab8644-e1b2-421f-a667-fbc31e1009c1\" href=\"https:\/\/www.rozaje.me\/wp-content\/uploads\/2020\/09\/16so.zip\">The sixteenth regular session of the SO Ro\u017eaje<\/a><a href=\"https:\/\/www.rozaje.me\/wp-content\/uploads\/2020\/09\/16so.zip\" class=\"wp-block-file__button\" download aria-describedby=\"wp-block-file--media-46ab8644-e1b2-421f-a667-fbc31e1009c1\">Download<\/a><\/div>\n\n\n\n<div class=\"wp-block-file\"><a id=\"wp-block-file--media-31faf807-abcb-4dce-aa43-38a097c9c9a8\" href=\"https:\/\/www.rozaje.me\/wp-content\/uploads\/2020\/12\/Sedamnaesta-redovna-sjednica-SO.zip\">Seventeenth regular session of SO Ro\u017eaje<\/a><a href=\"https:\/\/www.rozaje.me\/wp-content\/uploads\/2020\/12\/Sedamnaesta-redovna-sjednica-SO.zip\" class=\"wp-block-file__button\" download aria-describedby=\"wp-block-file--media-31faf807-abcb-4dce-aa43-38a097c9c9a8\">Download<\/a><\/div>\n\n\n\n<div class=\"wp-block-file\"><a id=\"wp-block-file--media-a7c89769-5354-4ff5-bb9f-8c2ee1dacfe7\" href=\"https:\/\/www.rozaje.me\/wp-content\/uploads\/2021\/01\/usvojeneodlukena18_sjedniciskuptineoptineroaje.zip\">Eighteenth regular session of SO Ro\u017eaje<\/a><a href=\"https:\/\/www.rozaje.me\/wp-content\/uploads\/2021\/01\/usvojeneodlukena18_sjedniciskuptineoptineroaje.zip\" class=\"wp-block-file__button\" download aria-describedby=\"wp-block-file--media-a7c89769-5354-4ff5-bb9f-8c2ee1dacfe7\">Download<\/a><\/div>\n\n\n\n<div class=\"wp-block-file\"><a id=\"wp-block-file--media-2de2b41c-4404-45d0-aefd-0b74630e5c5d\" href=\"https:\/\/www.rozaje.me\/wp-content\/uploads\/2021\/03\/odlukeusvojenena19_sjednicisoe.zip\">Nineteenth regular session of the SO Ro\u017eaje<\/a><a href=\"https:\/\/www.rozaje.me\/wp-content\/uploads\/2021\/03\/odlukeusvojenena19_sjednicisoe.zip\" class=\"wp-block-file__button\" download aria-describedby=\"wp-block-file--media-2de2b41c-4404-45d0-aefd-0b74630e5c5d\">Download<\/a><\/div>\n\n\n\n<div class=\"wp-block-file\"><a id=\"wp-block-file--media-ad28ff51-0029-4d2b-bb5e-81756f989497\" href=\"https:\/\/www.rozaje.me\/wp-content\/uploads\/2021\/06\/aktiusvojenina20_redovnojsjedniciodranojdana24_05_20.zip\">Twentieth regular session of SO Ro\u017eaje<\/a><a href=\"https:\/\/www.rozaje.me\/wp-content\/uploads\/2021\/06\/aktiusvojenina20_redovnojsjedniciodranojdana24_05_20.zip\" class=\"wp-block-file__button\" download aria-describedby=\"wp-block-file--media-ad28ff51-0029-4d2b-bb5e-81756f989497\">Download<\/a><\/div>\n\n\n\n<div class=\"wp-block-file\"><a id=\"wp-block-file--media-e48c1b97-3618-4ceb-85b7-d14736e096a8\" href=\"https:\/\/www.rozaje.me\/wp-content\/uploads\/2021\/06\/aktiusvojenina21_redovnojsjednicisoeroajeodranoj.zip\">The twenty-first regular session of the SO Ro\u017eaje<\/a><a href=\"https:\/\/www.rozaje.me\/wp-content\/uploads\/2021\/06\/aktiusvojenina21_redovnojsjednicisoeroajeodranoj.zip\" class=\"wp-block-file__button\" download aria-describedby=\"wp-block-file--media-e48c1b97-3618-4ceb-85b7-d14736e096a8\">Download<\/a><\/div>\n\n\n\n<div class=\"wp-block-file\"><a id=\"wp-block-file--media-1343b687-bbd7-4501-88b6-e2332d1202f0\" href=\"https:\/\/www.rozaje.me\/wp-content\/uploads\/2021\/08\/DvadesetDrugaSjednica.zip\">The twenty-second regular session of the SO Ro\u017eaje<\/a><a href=\"https:\/\/www.rozaje.me\/wp-content\/uploads\/2021\/08\/DvadesetDrugaSjednica.zip\" class=\"wp-block-file__button\" download aria-describedby=\"wp-block-file--media-1343b687-bbd7-4501-88b6-e2332d1202f0\">Download<\/a><\/div>\n\n\n\n<div class=\"wp-block-file\"><a id=\"wp-block-file--media-0c6c5ed5-3f6a-4c99-adc8-dac4325a1336\" href=\"https:\/\/www.rozaje.me\/wp-content\/uploads\/2021\/09\/odlukeusvojenena23_redovnojsjedniciodranoj21_09_2021_.zip\">Twenty-third regular session of SO Ro\u017eaje<\/a><a href=\"https:\/\/www.rozaje.me\/wp-content\/uploads\/2021\/09\/odlukeusvojenena23_redovnojsjedniciodranoj21_09_2021_.zip\" class=\"wp-block-file__button\" download aria-describedby=\"wp-block-file--media-0c6c5ed5-3f6a-4c99-adc8-dac4325a1336\">Download<\/a><\/div>\n\n\n\n<div class=\"wp-block-file\"><a id=\"wp-block-file--media-81ee675a-e668-4443-9bf8-68726c9e9020\" href=\"https:\/\/www.rozaje.me\/wp-content\/uploads\/2022\/01\/odlukesa24_redovnesjedniceodrane23_12_2021_godine.zip\">Twenty-fourth regular session of SO Ro\u017eaje<\/a><a href=\"https:\/\/www.rozaje.me\/wp-content\/uploads\/2022\/01\/odlukesa24_redovnesjedniceodrane23_12_2021_godine.zip\" class=\"wp-block-file__button\" download aria-describedby=\"wp-block-file--media-81ee675a-e668-4443-9bf8-68726c9e9020\">Download<\/a><\/div>\n\n\n\n<div class=\"wp-block-file\"><a id=\"wp-block-file--media-2f603d66-facd-45e8-8132-1a3f95ee5341\" href=\"https:\/\/www.rozaje.me\/wp-content\/uploads\/2022\/04\/odlukeprogramizakljuakusvojenina25_redovnojsjednici.zip\">The twenty-fifth regular session of the SO Ro\u017eaje<\/a><a href=\"https:\/\/www.rozaje.me\/wp-content\/uploads\/2022\/04\/odlukeprogramizakljuakusvojenina25_redovnojsjednici.zip\" class=\"wp-block-file__button\" download aria-describedby=\"wp-block-file--media-2f603d66-facd-45e8-8132-1a3f95ee5341\">Download<\/a><\/div>\n\n\n\n<div class=\"wp-block-file\"><a id=\"wp-block-file--media-25c6d0e8-ae27-4575-bd61-fdaf47d78c7a\" href=\"https:\/\/www.rozaje.me\/wp-content\/uploads\/2022\/07\/odlukeizakljuciusvojenina26_redovnojsjednici.zip\">Twenty-sixth regular session of SO Ro\u017eaje<\/a><a href=\"https:\/\/www.rozaje.me\/wp-content\/uploads\/2022\/07\/odlukeizakljuciusvojenina26_redovnojsjednici.zip\" class=\"wp-block-file__button\" download aria-describedby=\"wp-block-file--media-25c6d0e8-ae27-4575-bd61-fdaf47d78c7a\">Download<\/a><\/div>\n\n\n\n<div class=\"wp-block-file\"><a id=\"wp-block-file--media-489d6d68-f345-431a-a4d8-5c668df4fce9\" href=\"https:\/\/www.rozaje.me\/wp-content\/uploads\/2022\/10\/odlukeusvojenena27_redovnojsjednici.zip\">Twenty-seventh regular session of SO Ro\u017eaje<\/a><a href=\"https:\/\/www.rozaje.me\/wp-content\/uploads\/2022\/10\/odlukeusvojenena27_redovnojsjednici.zip\" class=\"wp-block-file__button\" download aria-describedby=\"wp-block-file--media-489d6d68-f345-431a-a4d8-5c668df4fce9\">Download<\/a><\/div>","protected":false},"excerpt":{"rendered":"","protected":false},"author":11,"featured_media":0,"parent":0,"menu_order":0,"comment_status":"closed","ping_status":"closed","template":"","meta":{"_monsterinsights_skip_tracking":false,"_monsterinsights_sitenote_active":false,"_monsterinsights_sitenote_note":"","_monsterinsights_sitenote_category":0,"footnotes":""},"class_list":["post-21396","page","type-page","status-publish","hentry"],"yoast_head":"<!-- This site is optimized with the Yoast SEO plugin v27.2 - https:\/\/yoast.com\/product\/yoast-seo-wordpress\/ -->\n<title>Usvojena akta sa sjednica So-e 2018\/2022 - Op\u0161tina Ro\u017eaje<\/title>\n<meta name=\"robots\" content=\"index, follow, max-snippet:-1, max-image-preview:large, max-video-preview:-1\" \/>\n<link rel=\"canonical\" href=\"https:\/\/www.rozaje.me\/en\/usvojena-akta-sa-sjednica-so-e-2018-2022\/\" \/>\n<meta property=\"og:locale\" content=\"en_GB\" \/>\n<meta property=\"og:type\" content=\"article\" \/>\n<meta property=\"og:title\" content=\"Usvojena akta sa sjednica So-e 2018\/2022 - Op\u0161tina Ro\u017eaje\" \/>\n<meta property=\"og:url\" content=\"https:\/\/www.rozaje.me\/en\/usvojena-akta-sa-sjednica-so-e-2018-2022\/\" \/>\n<meta property=\"og:site_name\" content=\"Op\u0161tina Ro\u017eaje\" \/>\n<meta property=\"article:publisher\" content=\"https:\/\/www.facebook.com\/OpstinaRozajeOfficial\/\" \/>\n<meta property=\"article:modified_time\" content=\"2022-12-19T12:52:19+00:00\" \/>\n<meta name=\"twitter:card\" content=\"summary_large_image\" \/>\n<meta name=\"twitter:label1\" content=\"Estimated reading time\" \/>\n\t<meta name=\"twitter:data1\" content=\"1 minute\" \/>\n<script type=\"application\/ld+json\" class=\"yoast-schema-graph\">{\"@context\":\"https:\/\/schema.org\",\"@graph\":[{\"@type\":\"WebPage\",\"@id\":\"https:\/\/www.rozaje.me\/usvojena-akta-sa-sjednica-so-e-2018-2022\/\",\"url\":\"https:\/\/www.rozaje.me\/usvojena-akta-sa-sjednica-so-e-2018-2022\/\",\"name\":\"Usvojena akta sa sjednica So-e 2018\/2022 - Op\u0161tina Ro\u017eaje\",\"isPartOf\":{\"@id\":\"https:\/\/www.rozaje.me\/#website\"},\"datePublished\":\"2019-12-31T13:59:35+00:00\",\"dateModified\":\"2022-12-19T12:52:19+00:00\",\"breadcrumb\":{\"@id\":\"https:\/\/www.rozaje.me\/usvojena-akta-sa-sjednica-so-e-2018-2022\/#breadcrumb\"},\"inLanguage\":\"en-GB\",\"potentialAction\":[{\"@type\":\"ReadAction\",\"target\":[\"https:\/\/www.rozaje.me\/usvojena-akta-sa-sjednica-so-e-2018-2022\/\"]}]},{\"@type\":\"BreadcrumbList\",\"@id\":\"https:\/\/www.rozaje.me\/usvojena-akta-sa-sjednica-so-e-2018-2022\/#breadcrumb\",\"itemListElement\":[{\"@type\":\"ListItem\",\"position\":1,\"name\":\"Home\",\"item\":\"https:\/\/www.rozaje.me\/\"},{\"@type\":\"ListItem\",\"position\":2,\"name\":\"Usvojena akta sa sjednica So-e 2018\/2022\"}]},{\"@type\":\"WebSite\",\"@id\":\"https:\/\/www.rozaje.me\/#website\",\"url\":\"https:\/\/www.rozaje.me\/\",\"name\":\"Op\u0161tina Ro\u017eaje\",\"description\":\"Zvani\u010dna veb stranica Op\u0161tine Ro\u017eaje\",\"publisher\":{\"@id\":\"https:\/\/www.rozaje.me\/#organization\"},\"alternateName\":\"Opstina Rozaje\",\"potentialAction\":[{\"@type\":\"SearchAction\",\"target\":{\"@type\":\"EntryPoint\",\"urlTemplate\":\"https:\/\/www.rozaje.me\/?s={search_term_string}\"},\"query-input\":{\"@type\":\"PropertyValueSpecification\",\"valueRequired\":true,\"valueName\":\"search_term_string\"}}],\"inLanguage\":\"en-GB\"},{\"@type\":\"Organization\",\"@id\":\"https:\/\/www.rozaje.me\/#organization\",\"name\":\"Opstina Rozaje\",\"url\":\"https:\/\/www.rozaje.me\/\",\"logo\":{\"@type\":\"ImageObject\",\"inLanguage\":\"en-GB\",\"@id\":\"https:\/\/www.rozaje.me\/#\/schema\/logo\/image\/\",\"url\":\"https:\/\/www.rozaje.me\/wp-content\/uploads\/2022\/08\/logo-textless.svg\",\"contentUrl\":\"https:\/\/www.rozaje.me\/wp-content\/uploads\/2022\/08\/logo-textless.svg\",\"width\":108.00360000000000582076609134674072265625,\"height\":131.15059999999999718056642450392246246337890625,\"caption\":\"Opstina Rozaje\"},\"image\":{\"@id\":\"https:\/\/www.rozaje.me\/#\/schema\/logo\/image\/\"},\"sameAs\":[\"https:\/\/www.facebook.com\/OpstinaRozajeOfficial\/\",\"https:\/\/www.youtube.com\/channel\/UCepcislHIwc6KRZTLa6FIlg\"]}]}<\/script>\n<!-- \/ Yoast SEO plugin. -->","yoast_head_json":{"title":"Usvojena akta sa sjednica So-e 2018\/2022 - Op\u0161tina Ro\u017eaje","robots":{"index":"index","follow":"follow","max-snippet":"max-snippet:-1","max-image-preview":"max-image-preview:large","max-video-preview":"max-video-preview:-1"},"canonical":"https:\/\/www.rozaje.me\/en\/usvojena-akta-sa-sjednica-so-e-2018-2022\/","og_locale":"en_GB","og_type":"article","og_title":"Usvojena akta sa sjednica So-e 2018\/2022 - Op\u0161tina Ro\u017eaje","og_url":"https:\/\/www.rozaje.me\/en\/usvojena-akta-sa-sjednica-so-e-2018-2022\/","og_site_name":"Op\u0161tina Ro\u017eaje","article_publisher":"https:\/\/www.facebook.com\/OpstinaRozajeOfficial\/","article_modified_time":"2022-12-19T12:52:19+00:00","twitter_card":"summary_large_image","twitter_misc":{"Estimated reading time":"1 minute"},"schema":{"@context":"https:\/\/schema.org","@graph":[{"@type":"WebPage","@id":"https:\/\/www.rozaje.me\/usvojena-akta-sa-sjednica-so-e-2018-2022\/","url":"https:\/\/www.rozaje.me\/usvojena-akta-sa-sjednica-so-e-2018-2022\/","name":"Usvojena akta sa sjednica So-e 2018\/2022 - Op\u0161tina Ro\u017eaje","isPartOf":{"@id":"https:\/\/www.rozaje.me\/#website"},"datePublished":"2019-12-31T13:59:35+00:00","dateModified":"2022-12-19T12:52:19+00:00","breadcrumb":{"@id":"https:\/\/www.rozaje.me\/usvojena-akta-sa-sjednica-so-e-2018-2022\/#breadcrumb"},"inLanguage":"en-GB","potentialAction":[{"@type":"ReadAction","target":["https:\/\/www.rozaje.me\/usvojena-akta-sa-sjednica-so-e-2018-2022\/"]}]},{"@type":"BreadcrumbList","@id":"https:\/\/www.rozaje.me\/usvojena-akta-sa-sjednica-so-e-2018-2022\/#breadcrumb","itemListElement":[{"@type":"ListItem","position":1,"name":"Home","item":"https:\/\/www.rozaje.me\/"},{"@type":"ListItem","position":2,"name":"Usvojena akta sa sjednica So-e 2018\/2022"}]},{"@type":"WebSite","@id":"https:\/\/www.rozaje.me\/#website","url":"https:\/\/www.rozaje.me\/","name":"Municipality of Ro\u017eaje","description":"The official website of the Municipality of Ro\u017eaje","publisher":{"@id":"https:\/\/www.rozaje.me\/#organization"},"alternateName":"Opstina Rozaje","potentialAction":[{"@type":"SearchAction","target":{"@type":"EntryPoint","urlTemplate":"https:\/\/www.rozaje.me\/?s={search_term_string}"},"query-input":{"@type":"PropertyValueSpecification","valueRequired":true,"valueName":"search_term_string"}}],"inLanguage":"en-GB"},{"@type":"Organization","@id":"https:\/\/www.rozaje.me\/#organization","name":"Opstina Rozaje","url":"https:\/\/www.rozaje.me\/","logo":{"@type":"ImageObject","inLanguage":"en-GB","@id":"https:\/\/www.rozaje.me\/#\/schema\/logo\/image\/","url":"https:\/\/www.rozaje.me\/wp-content\/uploads\/2022\/08\/logo-textless.svg","contentUrl":"https:\/\/www.rozaje.me\/wp-content\/uploads\/2022\/08\/logo-textless.svg","width":108.00360000000000582076609134674072265625,"height":131.15059999999999718056642450392246246337890625,"caption":"Opstina Rozaje"},"image":{"@id":"https:\/\/www.rozaje.me\/#\/schema\/logo\/image\/"},"sameAs":["https:\/\/www.facebook.com\/OpstinaRozajeOfficial\/","https:\/\/www.youtube.com\/channel\/UCepcislHIwc6KRZTLa6FIlg"]}]}},"_links":{"self":[{"href":"https:\/\/www.rozaje.me\/en\/wp-json\/wp\/v2\/pages\/21396","targetHints":{"allow":["GET"]}}],"collection":[{"href":"https:\/\/www.rozaje.me\/en\/wp-json\/wp\/v2\/pages"}],"about":[{"href":"https:\/\/www.rozaje.me\/en\/wp-json\/wp\/v2\/types\/page"}],"author":[{"embeddable":true,"href":"https:\/\/www.rozaje.me\/en\/wp-json\/wp\/v2\/users\/11"}],"replies":[{"embeddable":true,"href":"https:\/\/www.rozaje.me\/en\/wp-json\/wp\/v2\/comments?post=21396"}],"version-history":[{"count":0,"href":"https:\/\/www.rozaje.me\/en\/wp-json\/wp\/v2\/pages\/21396\/revisions"}],"wp:attachment":[{"href":"https:\/\/www.rozaje.me\/en\/wp-json\/wp\/v2\/media?parent=21396"}],"curies":[{"name":"wp","href":"https:\/\/api.w.org\/{rel}","templated":true}]}}