{"id":20203,"date":"2019-04-04T12:56:33","date_gmt":"2019-04-04T11:56:33","guid":{"rendered":"https:\/\/www.rozaje.me\/?page_id=20203"},"modified":"2025-01-20T12:06:04","modified_gmt":"2025-01-20T11:06:04","slug":"rjesenja","status":"publish","type":"page","link":"https:\/\/www.rozaje.me\/en\/rjesenja\/","title":{"rendered":"Solutions"},"content":{"rendered":"<div class=\"wp-block-file\"><a id=\"wp-block-file--media-8380129b-00ef-408f-bfd5-f4e318b84439\" href=\"https:\/\/www.rozaje.me\/wp-content\/uploads\/2021\/06\/ilovepdf_merged2.pdf\">Solution \u2013 Edin Honsi\u0107<\/a><a href=\"https:\/\/www.rozaje.me\/wp-content\/uploads\/2021\/06\/ilovepdf_merged2.pdf\" class=\"wp-block-file__button wp-element-button\" download aria-describedby=\"wp-block-file--media-8380129b-00ef-408f-bfd5-f4e318b84439\">Download<\/a><\/div>\n\n\n\n<div class=\"wp-block-file\"><a id=\"wp-block-file--media-2353fdf5-4740-4b86-ae5c-5acde5102a97\" href=\"https:\/\/www.rozaje.me\/wp-content\/uploads\/2021\/02\/01.pdf\">Solution \u2013 Bajram Red\u017eepovi\u0107<\/a><a href=\"https:\/\/www.rozaje.me\/wp-content\/uploads\/2021\/02\/01.pdf\" class=\"wp-block-file__button wp-element-button\" download aria-describedby=\"wp-block-file--media-2353fdf5-4740-4b86-ae5c-5acde5102a97\">Download<\/a><\/div>\n\n\n\n<div class=\"wp-block-file\"><a id=\"wp-block-file--media-f85969b4-8445-4f26-908f-7a24d394821c\" href=\"https:\/\/www.rozaje.me\/wp-content\/uploads\/2020\/12\/rjesenje-2.jpg\">Solution - Asmir Nurkovi\u0107<\/a><a href=\"https:\/\/www.rozaje.me\/wp-content\/uploads\/2020\/12\/rjesenje-2.jpg\" class=\"wp-block-file__button wp-element-button\" download aria-describedby=\"wp-block-file--media-f85969b4-8445-4f26-908f-7a24d394821c\">Download<\/a><\/div>\n\n\n\n<div class=\"wp-block-file\"><a id=\"wp-block-file--media-1de15b36-f1aa-4757-9ad7-1729ae29bba8\" href=\"https:\/\/www.rozaje.me\/wp-content\/uploads\/2020\/12\/jpg2pdf.pdf\">Solution \u2013 doo &quot;UNIS-MP&quot;<\/a><a href=\"https:\/\/www.rozaje.me\/wp-content\/uploads\/2020\/12\/jpg2pdf.pdf\" class=\"wp-block-file__button wp-element-button\" download aria-describedby=\"wp-block-file--media-1de15b36-f1aa-4757-9ad7-1729ae29bba8\">Download<\/a><\/div>\n\n\n\n<div class=\"wp-block-file\"><a id=\"wp-block-file--media-b2075f27-72df-4f9b-99c1-f24d34a9442e\" href=\"https:\/\/www.rozaje.me\/wp-content\/uploads\/2020\/11\/jpg2pdf4.pdf\">Solution - DOO &quot;Drvo Trend&quot;<\/a><a href=\"https:\/\/www.rozaje.me\/wp-content\/uploads\/2020\/11\/jpg2pdf4.pdf\" class=\"wp-block-file__button wp-element-button\" download aria-describedby=\"wp-block-file--media-b2075f27-72df-4f9b-99c1-f24d34a9442e\">Download<\/a><\/div>\n\n\n\n<div class=\"wp-block-file\"><a id=\"wp-block-file--media-32ad0ba5-ed64-4ad2-bc31-d154ee6c5ce5\" href=\"https:\/\/www.rozaje.me\/wp-content\/uploads\/2020\/11\/jpg2pdf3-1.pdf\">Solution - Avdulah Muri\u0107<\/a><a href=\"https:\/\/www.rozaje.me\/wp-content\/uploads\/2020\/11\/jpg2pdf3-1.pdf\" class=\"wp-block-file__button wp-element-button\" download aria-describedby=\"wp-block-file--media-32ad0ba5-ed64-4ad2-bc31-d154ee6c5ce5\">Download<\/a><\/div>\n\n\n\n<div class=\"wp-block-file\"><a id=\"wp-block-file--media-9e54c228-deaf-4245-924b-b90282f1f775\" href=\"https:\/\/www.rozaje.me\/wp-content\/uploads\/2020\/11\/ilovepdf_merged1.pdf\">The solution \u2013 Lux pellets<\/a><a href=\"https:\/\/www.rozaje.me\/wp-content\/uploads\/2020\/11\/ilovepdf_merged1.pdf\" class=\"wp-block-file__button wp-element-button\" download aria-describedby=\"wp-block-file--media-9e54c228-deaf-4245-924b-b90282f1f775\">Download<\/a><\/div>\n\n\n\n<div class=\"wp-block-file\"><a id=\"wp-block-file--media-ec2c39ae-0de3-4cc0-87be-6d993d2ec4cb\" href=\"https:\/\/www.rozaje.me\/wp-content\/uploads\/2020\/11\/Rjesenje-d.o.o.-Chicken.pdf\">Solution \u2013 doo Chicken<\/a><a href=\"https:\/\/www.rozaje.me\/wp-content\/uploads\/2020\/11\/Rjesenje-d.o.o.-Chicken.pdf\" class=\"wp-block-file__button wp-element-button\" download aria-describedby=\"wp-block-file--media-ec2c39ae-0de3-4cc0-87be-6d993d2ec4cb\">Download<\/a><\/div>\n\n\n\n<div class=\"wp-block-file\"><a id=\"wp-block-file--media-5fceb096-83c3-401f-9d88-8fd2a8bc884f\" href=\"https:\/\/www.rozaje.me\/wp-content\/uploads\/2020\/11\/Rjesenje-Bajram-Redzepovic.pdf\">Solution \u2013 Bajram Redzepovi\u0107<\/a><a href=\"https:\/\/www.rozaje.me\/wp-content\/uploads\/2020\/11\/Rjesenje-Bajram-Redzepovic.pdf\" class=\"wp-block-file__button wp-element-button\" download aria-describedby=\"wp-block-file--media-5fceb096-83c3-401f-9d88-8fd2a8bc884f\">Download<\/a><\/div>\n\n\n\n<div class=\"wp-block-file\"><a id=\"wp-block-file--media-9c5ffe77-8701-4664-9834-50efe1f13f3e\" href=\"https:\/\/www.rozaje.me\/wp-content\/uploads\/2020\/07\/1.pdf\">The solution \u2013 You hide Bido<\/a><a href=\"https:\/\/www.rozaje.me\/wp-content\/uploads\/2020\/07\/1.pdf\" class=\"wp-block-file__button wp-element-button\" download aria-describedby=\"wp-block-file--media-9c5ffe77-8701-4664-9834-50efe1f13f3e\">Download<\/a><\/div>\n\n\n\n<div class=\"wp-block-file\"><a id=\"wp-block-file--media-4eb99954-8245-4ef3-8cc5-ae29acb048d7\" href=\"https:\/\/www.rozaje.me\/wp-content\/uploads\/2020\/07\/2.pdf\">Solution \u2013 Bulatovi\u0107 Bo\u017eo, \u0160krijelj Bido, Kala\u010d Alija, Kala\u010d Nuro, \u0160utkovi\u0107 Mehmed, Had\u017eibegovi\u0107 Emina-Amel, Zejnelagi\u0107 Reuf-Baka and Balota Avdo.<\/a><a href=\"https:\/\/www.rozaje.me\/wp-content\/uploads\/2020\/07\/2.pdf\" class=\"wp-block-file__button wp-element-button\" download aria-describedby=\"wp-block-file--media-4eb99954-8245-4ef3-8cc5-ae29acb048d7\">Download<\/a><\/div>\n\n\n\n<div class=\"wp-block-file\"><a id=\"wp-block-file--media-3616d837-6376-4b8e-af2e-8c6c6a1062f6\" href=\"https:\/\/www.rozaje.me\/wp-content\/uploads\/2020\/07\/3.pdf\">Solution \u2013 Bulatovi\u0107 Bo\u017eo, \u0160krijelj Bido, Kala\u010d Alija, Kala\u010d Nuro, \u0160utkovi\u0107 Mehmed, Had\u017eibegovi\u0107 Emina-Amel, Zejnelagi\u0107 Reuf \u2013 Baka and Balota Avdo.<\/a><a href=\"https:\/\/www.rozaje.me\/wp-content\/uploads\/2020\/07\/3.pdf\" class=\"wp-block-file__button wp-element-button\" download aria-describedby=\"wp-block-file--media-3616d837-6376-4b8e-af2e-8c6c6a1062f6\">Download<\/a><\/div>\n\n\n\n<div class=\"wp-block-file\"><a id=\"wp-block-file--media-c56961e6-332a-4a2b-afe0-0c86df457d86\" href=\"https:\/\/www.rozaje.me\/wp-content\/uploads\/2020\/07\/4.pdf\">Decision \u2013 08.07.2019.<\/a><a href=\"https:\/\/www.rozaje.me\/wp-content\/uploads\/2020\/07\/4.pdf\" class=\"wp-block-file__button wp-element-button\" download aria-describedby=\"wp-block-file--media-c56961e6-332a-4a2b-afe0-0c86df457d86\">Download<\/a><\/div>\n\n\n\n<div class=\"wp-block-file\"><a id=\"wp-block-file--media-d9269600-235c-4d22-acfe-4e191bd323ad\" href=\"blob:https:\/\/www.rozaje.me\/89662c79-1470-4e40-b8f7-aa5572891bf9\">Decision \u2013 18.07.2019.<\/a><a href=\"blob:https:\/\/www.rozaje.me\/89662c79-1470-4e40-b8f7-aa5572891bf9\" class=\"wp-block-file__button wp-element-button\" download aria-describedby=\"wp-block-file--media-d9269600-235c-4d22-acfe-4e191bd323ad\">Download<\/a><\/div>\n\n\n\n<div class=\"wp-block-file\"><a id=\"wp-block-file--media-d923802a-6736-4194-ae97-83759379f9b7\" href=\"https:\/\/www.rozaje.me\/wp-content\/uploads\/2020\/07\/6.pdf\">Decision \u2013 21.06.2019.<\/a><a href=\"https:\/\/www.rozaje.me\/wp-content\/uploads\/2020\/07\/6.pdf\" class=\"wp-block-file__button wp-element-button\" download aria-describedby=\"wp-block-file--media-d923802a-6736-4194-ae97-83759379f9b7\">Download<\/a><\/div>\n\n\n\n<div class=\"wp-block-file\"><a id=\"wp-block-file--media-d27e7483-e84e-4ca7-abf2-b2d70d746d39\" href=\"blob:https:\/\/www.rozaje.me\/8437866b-8006-457f-b272-c56d67b20ae6\">Decision \u2013 17.07.2019.<\/a><a href=\"blob:https:\/\/www.rozaje.me\/8437866b-8006-457f-b272-c56d67b20ae6\" class=\"wp-block-file__button wp-element-button\" download aria-describedby=\"wp-block-file--media-d27e7483-e84e-4ca7-abf2-b2d70d746d39\">Download<\/a><\/div>\n\n\n\n<div class=\"wp-block-file\"><a id=\"wp-block-file--media-903bc02b-8b57-42d2-a2ae-7227cc0c3a2f\" href=\"blob:https:\/\/www.rozaje.me\/a9406d23-0b4b-4b1d-82cb-b0587c2ecbcc\">Solution \u2013 Edis Noki\u0107<\/a><a href=\"blob:https:\/\/www.rozaje.me\/a9406d23-0b4b-4b1d-82cb-b0587c2ecbcc\" class=\"wp-block-file__button wp-element-button\" download aria-describedby=\"wp-block-file--media-903bc02b-8b57-42d2-a2ae-7227cc0c3a2f\">Download<\/a><\/div>\n\n\n\n<div class=\"wp-block-file\"><a id=\"wp-block-file--media-2f32541a-52be-426f-ad98-1e221553a4ea\" href=\"https:\/\/www.rozaje.me\/wp-content\/uploads\/2020\/07\/Hurije-1.pdf\">Solution \u2013 Hurrije<\/a><a href=\"https:\/\/www.rozaje.me\/wp-content\/uploads\/2020\/07\/Hurije-1.pdf\" class=\"wp-block-file__button wp-element-button\" download aria-describedby=\"wp-block-file--media-2f32541a-52be-426f-ad98-1e221553a4ea\">Download<\/a><\/div>\n\n\n\n<div class=\"wp-block-file\"><a id=\"wp-block-file--media-c27c9eec-292c-41b8-9d7e-718209eca32a\" href=\"https:\/\/www.rozaje.me\/wp-content\/uploads\/2020\/07\/Interfood1.pdf\">The solution \u2013 Interfood<\/a><a href=\"https:\/\/www.rozaje.me\/wp-content\/uploads\/2020\/07\/Interfood1.pdf\" class=\"wp-block-file__button wp-element-button\" download aria-describedby=\"wp-block-file--media-c27c9eec-292c-41b8-9d7e-718209eca32a\">Download<\/a><\/div>\n\n\n\n<div class=\"wp-block-file\"><a id=\"wp-block-file--media-4814244a-b5d6-4c71-aef6-236e38488159\" href=\"blob:https:\/\/www.rozaje.me\/63711262-17eb-4138-9d30-2a2527ab1e15\">Solution - Matovi\u0107<\/a><a href=\"blob:https:\/\/www.rozaje.me\/63711262-17eb-4138-9d30-2a2527ab1e15\" class=\"wp-block-file__button wp-element-button\" download aria-describedby=\"wp-block-file--media-4814244a-b5d6-4c71-aef6-236e38488159\">Download<\/a><\/div>\n\n\n\n<div class=\"wp-block-file\"><a id=\"wp-block-file--media-ba13226c-90a6-4588-b5c0-21665ad2ea83\" href=\"https:\/\/www.rozaje.me\/wp-content\/uploads\/2020\/07\/Selman-Demic-1.pdf\">Solution \u2013 Selman Demi\u0107<\/a><a href=\"https:\/\/www.rozaje.me\/wp-content\/uploads\/2020\/07\/Selman-Demic-1.pdf\" class=\"wp-block-file__button wp-element-button\" download aria-describedby=\"wp-block-file--media-ba13226c-90a6-4588-b5c0-21665ad2ea83\">Download<\/a><\/div>\n\n\n\n<div class=\"wp-block-file\"><a id=\"wp-block-file--media-168febab-c846-4e3a-bd7e-a808476802ea\" href=\"https:\/\/www.rozaje.me\/wp-content\/uploads\/2020\/07\/zijo-1.pdf\">Solution - DOO &quot;Zijo&quot;<\/a><a href=\"https:\/\/www.rozaje.me\/wp-content\/uploads\/2020\/07\/zijo-1.pdf\" class=\"wp-block-file__button wp-element-button\" download aria-describedby=\"wp-block-file--media-168febab-c846-4e3a-bd7e-a808476802ea\">Download<\/a><\/div>\n\n\n\n<div class=\"wp-block-file\"><a id=\"wp-block-file--media-f36efa58-2623-4498-8dfe-f5de4616c4ab\" href=\"https:\/\/www.rozaje.me\/wp-content\/uploads\/2020\/07\/zicara-1.pdf\">Solution \u2013 Cable car<\/a><a href=\"https:\/\/www.rozaje.me\/wp-content\/uploads\/2020\/07\/zicara-1.pdf\" class=\"wp-block-file__button wp-element-button\" download aria-describedby=\"wp-block-file--media-f36efa58-2623-4498-8dfe-f5de4616c4ab\">Download<\/a><\/div>\n\n\n\n<div class=\"wp-block-file\"><a id=\"wp-block-file--media-62af2391-d91d-4afd-8fc5-7cf6f972d384\" href=\"blob:https:\/\/www.rozaje.me\/16855336-a27a-42c7-92c8-319b291b48e8\">Solution - Correction<\/a><a href=\"blob:https:\/\/www.rozaje.me\/16855336-a27a-42c7-92c8-319b291b48e8\" class=\"wp-block-file__button wp-element-button\" download aria-describedby=\"wp-block-file--media-62af2391-d91d-4afd-8fc5-7cf6f972d384\">Download<\/a><\/div>\n\n\n\n<p><a href=\"https:\/\/www.rozaje.me\/wp-content\/uploads\/2021\/08\/MTEL-1.pdf\">MTEL solution<\/a><\/p>\n\n\n\n<p><a href=\"https:\/\/www.rozaje.me\/wp-content\/uploads\/2021\/11\/tofi-1.pdf\">Solution - &quot;TOFI&quot;<\/a><\/p>\n\n\n\n<p><a href=\"https:\/\/www.rozaje.me\/wp-content\/uploads\/2022\/01\/tofi-111.pdf\">The TOFI solution<\/a><\/p>\n\n\n\n<p><a href=\"https:\/\/www.rozaje.me\/wp-content\/uploads\/2022\/04\/011.pdf\">The solution \u2013 Quatro RH<\/a><\/p>\n\n\n\n<div class=\"wp-block-file\"><a id=\"wp-block-file--media-0096fc56-d982-4f18-8a84-9feafd870813\" href=\"https:\/\/www.rozaje.me\/wp-content\/uploads\/2022\/05\/IMG-1287.pdf\">Solution - &quot;Hodesa&quot;<\/a><a href=\"https:\/\/www.rozaje.me\/wp-content\/uploads\/2022\/05\/IMG-1287.pdf\" class=\"wp-block-file__button wp-element-button\" download aria-describedby=\"wp-block-file--media-0096fc56-d982-4f18-8a84-9feafd870813\">Download<\/a><\/div>\n\n\n\n<div class=\"wp-block-file\"><a id=\"wp-block-file--media-7e994a75-329f-40c8-9995-1d90b82b8f12\" href=\"https:\/\/www.rozaje.me\/wp-content\/uploads\/2022\/06\/viber_image_2022-06-30_09-50-09-223.pdf\">Solution - Regulation of the Ibar river bed<\/a><a href=\"https:\/\/www.rozaje.me\/wp-content\/uploads\/2022\/06\/viber_image_2022-06-30_09-50-09-223.pdf\" class=\"wp-block-file__button wp-element-button\" download aria-describedby=\"wp-block-file--media-7e994a75-329f-40c8-9995-1d90b82b8f12\">Download<\/a><\/div>\n\n\n\n<div class=\"wp-block-file\"><a id=\"wp-block-file--media-2651b133-4fda-4224-9960-655b692efadb\" href=\"https:\/\/www.rozaje.me\/wp-content\/uploads\/2022\/08\/viber_image_2022-08-17_11-03-20-794.pdf\">Solution \u2013 Waste water<\/a><a href=\"https:\/\/www.rozaje.me\/wp-content\/uploads\/2022\/08\/viber_image_2022-08-17_11-03-20-794.pdf\" class=\"wp-block-file__button wp-element-button\" download aria-describedby=\"wp-block-file--media-2651b133-4fda-4224-9960-655b692efadb\">Download<\/a><\/div>\n\n\n\n<div class=\"wp-block-file\"><a id=\"wp-block-file--media-bac4ab9e-bf92-4e49-9da5-54fb6770fc5d\" href=\"https:\/\/www.rozaje.me\/wp-content\/uploads\/2023\/03\/peletara-dobitak-01.pdf\">Solution of DOO &quot;Dobitak&quot; (pellets)<\/a><\/div>\n\n\n\n<div class=\"wp-block-file\"><a id=\"wp-block-file--media-18e10ff9-95e8-42bd-bfad-e1ba08e70701\" href=\"https:\/\/www.rozaje.me\/wp-content\/uploads\/2023\/03\/dobitak-sts-01.pdf\">Solution DOO &quot;Dobitak&quot; (STS)<\/a><\/div>\n\n\n\n<div class=\"wp-block-file\"><a id=\"wp-block-file--media-8438edc1-e984-49ef-b3e9-9a6644afb3b4\" href=\"https:\/\/www.rozaje.me\/wp-content\/uploads\/2023\/04\/Rjesenje01-1.pdf\">Solution - the riverbed of the Ibra (Suho Polje)<\/a><a href=\"https:\/\/www.rozaje.me\/wp-content\/uploads\/2023\/04\/Rjesenje01-1.pdf\" class=\"wp-block-file__button wp-element-button\" download aria-describedby=\"wp-block-file--media-8438edc1-e984-49ef-b3e9-9a6644afb3b4\">Download<\/a><\/div>\n\n\n\n<div class=\"wp-block-file\"><a id=\"wp-block-file--media-7fa7504e-d880-47f2-801a-a512b4eed5e2\" href=\"https:\/\/www.rozaje.me\/wp-content\/uploads\/2023\/05\/Rjesenje-Pepic-Sehrija.pdf\">Solution \u2013 Pepic \u0160ehrija<\/a><a href=\"https:\/\/www.rozaje.me\/wp-content\/uploads\/2023\/05\/Rjesenje-Pepic-Sehrija.pdf\" class=\"wp-block-file__button wp-element-button\" download aria-describedby=\"wp-block-file--media-7fa7504e-d880-47f2-801a-a512b4eed5e2\">Download<\/a><\/div>\n\n\n\n<div class=\"wp-block-file\"><a id=\"wp-block-file--media-869da653-b677-4f6f-b1da-354f2fa68bee\" href=\"https:\/\/www.rozaje.me\/wp-content\/uploads\/2023\/06\/2023-06-09-10.43.421-1.pdf\">Rjesenje &#8211; Nurkovi\u0107 Sead<\/a><a href=\"https:\/\/www.rozaje.me\/wp-content\/uploads\/2023\/06\/2023-06-09-10.43.421-1.pdf\" class=\"wp-block-file__button wp-element-button\" download aria-describedby=\"wp-block-file--media-869da653-b677-4f6f-b1da-354f2fa68bee\">Download<\/a><\/div>\n\n\n\n<div class=\"wp-block-file\"><a id=\"wp-block-file--media-018fb14f-ee59-444c-a7fb-d48f95134dee\" href=\"https:\/\/www.rozaje.me\/wp-content\/uploads\/2023\/08\/ilovepdf_merged1.pdf\" target=\"_blank\" rel=\"noreferrer noopener\">Ski staze na ski centru Hajla na planinama Hajli i \u0160tedimu<\/a><\/div>\n\n\n\n<div class=\"wp-block-file\"><a id=\"wp-block-file--media-d7f97a98-d796-4ab0-9351-f946f2973bda\" href=\"https:\/\/www.rozaje.me\/wp-content\/uploads\/2024\/03\/r1.pdf\">Rje\u0161enj UPI 06-322\/24-116\/4<\/a><a href=\"https:\/\/www.rozaje.me\/wp-content\/uploads\/2024\/03\/r1.pdf\" class=\"wp-block-file__button wp-element-button\" download aria-describedby=\"wp-block-file--media-d7f97a98-d796-4ab0-9351-f946f2973bda\">Download<\/a><\/div>\n\n\n\n<div class=\"wp-block-file\"><a id=\"wp-block-file--media-08d80bfc-c150-42eb-9c8f-22017499cf04\" href=\"https:\/\/www.rozaje.me\/wp-content\/uploads\/2024\/03\/r2.pdf\">Rje\u0161enje UPI 06-322\/24-118\/4<\/a><a href=\"https:\/\/www.rozaje.me\/wp-content\/uploads\/2024\/03\/r2.pdf\" class=\"wp-block-file__button wp-element-button\" download aria-describedby=\"wp-block-file--media-08d80bfc-c150-42eb-9c8f-22017499cf04\">Download<\/a><\/div>\n\n\n\n<div class=\"wp-block-file\"><a id=\"wp-block-file--media-b3cbaf2e-66c0-4273-b718-c4362307f738\" href=\"https:\/\/www.rozaje.me\/wp-content\/uploads\/2024\/03\/r3.pdf\">Rje\u0161enje UPI 06-322\/24-118\/4<\/a><a href=\"https:\/\/www.rozaje.me\/wp-content\/uploads\/2024\/03\/r3.pdf\" class=\"wp-block-file__button wp-element-button\" download aria-describedby=\"wp-block-file--media-b3cbaf2e-66c0-4273-b718-c4362307f738\">Download<\/a><\/div>\n\n\n\n<div class=\"wp-block-file\"><a id=\"wp-block-file--media-f39a80a5-5b5e-4f65-914a-db14926dd415\" href=\"https:\/\/www.rozaje.me\/wp-content\/uploads\/2024\/04\/Rjesenje-Solarna-elektrana-Koljeno.pdf\">Rjesenje Solarna elektrana-Koljeno<\/a><\/div>","protected":false},"excerpt":{"rendered":"<p>Rje\u0161enje MTEL Rje\u0161enje &#8211; &#8220;TOFI&#8221; Rje\u0161enje TOFI Rje\u0161enje &#8211; Kvatro RH<\/p>","protected":false},"author":11,"featured_media":0,"parent":0,"menu_order":0,"comment_status":"closed","ping_status":"closed","template":"","meta":{"_monsterinsights_skip_tracking":false,"_monsterinsights_sitenote_active":false,"_monsterinsights_sitenote_note":"","_monsterinsights_sitenote_category":0,"footnotes":""},"class_list":["post-20203","page","type-page","status-publish","hentry"],"yoast_head":"<!-- This site is optimized with the Yoast SEO plugin v27.2 - https:\/\/yoast.com\/product\/yoast-seo-wordpress\/ -->\n<title>Rje\u0161enja - Op\u0161tina Ro\u017eaje<\/title>\n<meta name=\"robots\" content=\"index, follow, max-snippet:-1, max-image-preview:large, max-video-preview:-1\" \/>\n<link rel=\"canonical\" href=\"https:\/\/www.rozaje.me\/en\/rjesenja\/\" \/>\n<meta property=\"og:locale\" content=\"en_GB\" \/>\n<meta property=\"og:type\" content=\"article\" \/>\n<meta property=\"og:title\" content=\"Rje\u0161enja - Op\u0161tina Ro\u017eaje\" \/>\n<meta property=\"og:description\" content=\"Rje\u0161enje MTEL Rje\u0161enje &#8211; &#8220;TOFI&#8221; Rje\u0161enje TOFI Rje\u0161enje &#8211; Kvatro RH\" \/>\n<meta property=\"og:url\" content=\"https:\/\/www.rozaje.me\/en\/rjesenja\/\" \/>\n<meta property=\"og:site_name\" content=\"Op\u0161tina Ro\u017eaje\" \/>\n<meta property=\"article:publisher\" content=\"https:\/\/www.facebook.com\/OpstinaRozajeOfficial\/\" \/>\n<meta property=\"article:modified_time\" content=\"2025-01-20T11:06:04+00:00\" \/>\n<meta name=\"twitter:card\" content=\"summary_large_image\" \/>\n<meta name=\"twitter:label1\" content=\"Estimated reading time\" \/>\n\t<meta name=\"twitter:data1\" content=\"2 minutes\" \/>\n<script type=\"application\/ld+json\" class=\"yoast-schema-graph\">{\"@context\":\"https:\/\/schema.org\",\"@graph\":[{\"@type\":\"WebPage\",\"@id\":\"https:\/\/www.rozaje.me\/rjesenja\/\",\"url\":\"https:\/\/www.rozaje.me\/rjesenja\/\",\"name\":\"Rje\u0161enja - Op\u0161tina Ro\u017eaje\",\"isPartOf\":{\"@id\":\"https:\/\/www.rozaje.me\/#website\"},\"datePublished\":\"2019-04-04T11:56:33+00:00\",\"dateModified\":\"2025-01-20T11:06:04+00:00\",\"breadcrumb\":{\"@id\":\"https:\/\/www.rozaje.me\/rjesenja\/#breadcrumb\"},\"inLanguage\":\"en-GB\",\"potentialAction\":[{\"@type\":\"ReadAction\",\"target\":[\"https:\/\/www.rozaje.me\/rjesenja\/\"]}]},{\"@type\":\"BreadcrumbList\",\"@id\":\"https:\/\/www.rozaje.me\/rjesenja\/#breadcrumb\",\"itemListElement\":[{\"@type\":\"ListItem\",\"position\":1,\"name\":\"Home\",\"item\":\"https:\/\/www.rozaje.me\/\"},{\"@type\":\"ListItem\",\"position\":2,\"name\":\"Rje\u0161enja\"}]},{\"@type\":\"WebSite\",\"@id\":\"https:\/\/www.rozaje.me\/#website\",\"url\":\"https:\/\/www.rozaje.me\/\",\"name\":\"Op\u0161tina Ro\u017eaje\",\"description\":\"Zvani\u010dna veb stranica Op\u0161tine Ro\u017eaje\",\"publisher\":{\"@id\":\"https:\/\/www.rozaje.me\/#organization\"},\"alternateName\":\"Opstina Rozaje\",\"potentialAction\":[{\"@type\":\"SearchAction\",\"target\":{\"@type\":\"EntryPoint\",\"urlTemplate\":\"https:\/\/www.rozaje.me\/?s={search_term_string}\"},\"query-input\":{\"@type\":\"PropertyValueSpecification\",\"valueRequired\":true,\"valueName\":\"search_term_string\"}}],\"inLanguage\":\"en-GB\"},{\"@type\":\"Organization\",\"@id\":\"https:\/\/www.rozaje.me\/#organization\",\"name\":\"Opstina Rozaje\",\"url\":\"https:\/\/www.rozaje.me\/\",\"logo\":{\"@type\":\"ImageObject\",\"inLanguage\":\"en-GB\",\"@id\":\"https:\/\/www.rozaje.me\/#\/schema\/logo\/image\/\",\"url\":\"https:\/\/www.rozaje.me\/wp-content\/uploads\/2022\/08\/logo-textless.svg\",\"contentUrl\":\"https:\/\/www.rozaje.me\/wp-content\/uploads\/2022\/08\/logo-textless.svg\",\"width\":108.00360000000000582076609134674072265625,\"height\":131.15059999999999718056642450392246246337890625,\"caption\":\"Opstina Rozaje\"},\"image\":{\"@id\":\"https:\/\/www.rozaje.me\/#\/schema\/logo\/image\/\"},\"sameAs\":[\"https:\/\/www.facebook.com\/OpstinaRozajeOfficial\/\",\"https:\/\/www.youtube.com\/channel\/UCepcislHIwc6KRZTLa6FIlg\"]}]}<\/script>\n<!-- \/ Yoast SEO plugin. -->","yoast_head_json":{"title":"Rje\u0161enja - Op\u0161tina Ro\u017eaje","robots":{"index":"index","follow":"follow","max-snippet":"max-snippet:-1","max-image-preview":"max-image-preview:large","max-video-preview":"max-video-preview:-1"},"canonical":"https:\/\/www.rozaje.me\/en\/rjesenja\/","og_locale":"en_GB","og_type":"article","og_title":"Rje\u0161enja - Op\u0161tina Ro\u017eaje","og_description":"Rje\u0161enje MTEL Rje\u0161enje &#8211; &#8220;TOFI&#8221; Rje\u0161enje TOFI Rje\u0161enje &#8211; Kvatro RH","og_url":"https:\/\/www.rozaje.me\/en\/rjesenja\/","og_site_name":"Op\u0161tina Ro\u017eaje","article_publisher":"https:\/\/www.facebook.com\/OpstinaRozajeOfficial\/","article_modified_time":"2025-01-20T11:06:04+00:00","twitter_card":"summary_large_image","twitter_misc":{"Estimated reading time":"2 minutes"},"schema":{"@context":"https:\/\/schema.org","@graph":[{"@type":"WebPage","@id":"https:\/\/www.rozaje.me\/rjesenja\/","url":"https:\/\/www.rozaje.me\/rjesenja\/","name":"Rje\u0161enja - Op\u0161tina Ro\u017eaje","isPartOf":{"@id":"https:\/\/www.rozaje.me\/#website"},"datePublished":"2019-04-04T11:56:33+00:00","dateModified":"2025-01-20T11:06:04+00:00","breadcrumb":{"@id":"https:\/\/www.rozaje.me\/rjesenja\/#breadcrumb"},"inLanguage":"en-GB","potentialAction":[{"@type":"ReadAction","target":["https:\/\/www.rozaje.me\/rjesenja\/"]}]},{"@type":"BreadcrumbList","@id":"https:\/\/www.rozaje.me\/rjesenja\/#breadcrumb","itemListElement":[{"@type":"ListItem","position":1,"name":"Home","item":"https:\/\/www.rozaje.me\/"},{"@type":"ListItem","position":2,"name":"Rje\u0161enja"}]},{"@type":"WebSite","@id":"https:\/\/www.rozaje.me\/#website","url":"https:\/\/www.rozaje.me\/","name":"Municipality of Ro\u017eaje","description":"The official website of the Municipality of Ro\u017eaje","publisher":{"@id":"https:\/\/www.rozaje.me\/#organization"},"alternateName":"Opstina Rozaje","potentialAction":[{"@type":"SearchAction","target":{"@type":"EntryPoint","urlTemplate":"https:\/\/www.rozaje.me\/?s={search_term_string}"},"query-input":{"@type":"PropertyValueSpecification","valueRequired":true,"valueName":"search_term_string"}}],"inLanguage":"en-GB"},{"@type":"Organization","@id":"https:\/\/www.rozaje.me\/#organization","name":"Opstina Rozaje","url":"https:\/\/www.rozaje.me\/","logo":{"@type":"ImageObject","inLanguage":"en-GB","@id":"https:\/\/www.rozaje.me\/#\/schema\/logo\/image\/","url":"https:\/\/www.rozaje.me\/wp-content\/uploads\/2022\/08\/logo-textless.svg","contentUrl":"https:\/\/www.rozaje.me\/wp-content\/uploads\/2022\/08\/logo-textless.svg","width":108.00360000000000582076609134674072265625,"height":131.15059999999999718056642450392246246337890625,"caption":"Opstina Rozaje"},"image":{"@id":"https:\/\/www.rozaje.me\/#\/schema\/logo\/image\/"},"sameAs":["https:\/\/www.facebook.com\/OpstinaRozajeOfficial\/","https:\/\/www.youtube.com\/channel\/UCepcislHIwc6KRZTLa6FIlg"]}]}},"_links":{"self":[{"href":"https:\/\/www.rozaje.me\/en\/wp-json\/wp\/v2\/pages\/20203","targetHints":{"allow":["GET"]}}],"collection":[{"href":"https:\/\/www.rozaje.me\/en\/wp-json\/wp\/v2\/pages"}],"about":[{"href":"https:\/\/www.rozaje.me\/en\/wp-json\/wp\/v2\/types\/page"}],"author":[{"embeddable":true,"href":"https:\/\/www.rozaje.me\/en\/wp-json\/wp\/v2\/users\/11"}],"replies":[{"embeddable":true,"href":"https:\/\/www.rozaje.me\/en\/wp-json\/wp\/v2\/comments?post=20203"}],"version-history":[{"count":0,"href":"https:\/\/www.rozaje.me\/en\/wp-json\/wp\/v2\/pages\/20203\/revisions"}],"wp:attachment":[{"href":"https:\/\/www.rozaje.me\/en\/wp-json\/wp\/v2\/media?parent=20203"}],"curies":[{"name":"wp","href":"https:\/\/api.w.org\/{rel}","templated":true}]}}