{"id":20037,"date":"2019-03-07T11:34:21","date_gmt":"2019-03-07T11:34:21","guid":{"rendered":"https:\/\/www.rozaje.me\/?page_id=20037"},"modified":"2019-03-07T11:35:44","modified_gmt":"2019-03-07T11:35:44","slug":"javna-knjiga-2010","status":"publish","type":"page","link":"https:\/\/www.rozaje.me\/en\/javna-knjiga-2010\/","title":{"rendered":"Public book \u2013 2010."},"content":{"rendered":"<table class=\"wp-block-table\"><tbody><tr><td> Kalach Ervin, farm <\/td><td>Solution - that no impact assessment is required.<\/td><\/tr><tr><td> DOO &quot;Kala\u010d Company&quot; office building in Kala\u010d. <\/td><td>Solution - that no impact assessment is required.<\/td><\/tr><tr><td> \u0160krijelj S. Suvat, cattle fattening farm <\/td><td>Solution - that no impact assessment is required.<\/td><\/tr><tr><td> Mukovi\u0107 cattle fattening farm <\/td><td>Solution - that no impact assessment is required.<\/td><\/tr><\/tbody><\/table>","protected":false},"excerpt":{"rendered":"<p>Kala\u010d Ervin, farma Rje\u0161enje \u2013 da nije potrebna procjena uticaja. D.O.O. &#8220;Kala\u010d Company&#8221; poslovni objekat Kala\u010de. Rje\u0161enje \u2013 da nije potrebna procjena uticaja. \u0160krijelj S.&#46;&#46;&#46;<\/p>","protected":false},"author":11,"featured_media":0,"parent":0,"menu_order":0,"comment_status":"closed","ping_status":"closed","template":"","meta":{"_monsterinsights_skip_tracking":false,"_monsterinsights_sitenote_active":false,"_monsterinsights_sitenote_note":"","_monsterinsights_sitenote_category":0,"footnotes":""},"class_list":["post-20037","page","type-page","status-publish","hentry"],"yoast_head":"<!-- This site is optimized with the Yoast SEO plugin v27.2 - https:\/\/yoast.com\/product\/yoast-seo-wordpress\/ -->\n<title>Javna knjiga - 2010. - Op\u0161tina Ro\u017eaje<\/title>\n<meta name=\"robots\" content=\"index, follow, max-snippet:-1, max-image-preview:large, max-video-preview:-1\" \/>\n<link rel=\"canonical\" href=\"https:\/\/www.rozaje.me\/en\/javna-knjiga-2010\/\" \/>\n<meta property=\"og:locale\" content=\"en_GB\" \/>\n<meta property=\"og:type\" content=\"article\" \/>\n<meta property=\"og:title\" content=\"Javna knjiga - 2010. - Op\u0161tina Ro\u017eaje\" \/>\n<meta property=\"og:description\" content=\"Kala\u010d Ervin, farma Rje\u0161enje \u2013 da nije potrebna procjena uticaja. D.O.O. &#8220;Kala\u010d Company&#8221; poslovni objekat Kala\u010de. Rje\u0161enje \u2013 da nije potrebna procjena uticaja. \u0160krijelj S.&#046;&#046;&#046;\" \/>\n<meta property=\"og:url\" content=\"https:\/\/www.rozaje.me\/en\/javna-knjiga-2010\/\" \/>\n<meta property=\"og:site_name\" content=\"Op\u0161tina Ro\u017eaje\" \/>\n<meta property=\"article:publisher\" content=\"https:\/\/www.facebook.com\/OpstinaRozajeOfficial\/\" \/>\n<meta property=\"article:modified_time\" content=\"2019-03-07T11:35:44+00:00\" \/>\n<meta name=\"twitter:card\" content=\"summary_large_image\" \/>\n<script type=\"application\/ld+json\" class=\"yoast-schema-graph\">{\"@context\":\"https:\/\/schema.org\",\"@graph\":[{\"@type\":\"WebPage\",\"@id\":\"https:\/\/www.rozaje.me\/javna-knjiga-2010\/\",\"url\":\"https:\/\/www.rozaje.me\/javna-knjiga-2010\/\",\"name\":\"Javna knjiga - 2010. - Op\u0161tina Ro\u017eaje\",\"isPartOf\":{\"@id\":\"https:\/\/www.rozaje.me\/#website\"},\"datePublished\":\"2019-03-07T11:34:21+00:00\",\"dateModified\":\"2019-03-07T11:35:44+00:00\",\"breadcrumb\":{\"@id\":\"https:\/\/www.rozaje.me\/javna-knjiga-2010\/#breadcrumb\"},\"inLanguage\":\"en-GB\",\"potentialAction\":[{\"@type\":\"ReadAction\",\"target\":[\"https:\/\/www.rozaje.me\/javna-knjiga-2010\/\"]}]},{\"@type\":\"BreadcrumbList\",\"@id\":\"https:\/\/www.rozaje.me\/javna-knjiga-2010\/#breadcrumb\",\"itemListElement\":[{\"@type\":\"ListItem\",\"position\":1,\"name\":\"Home\",\"item\":\"https:\/\/www.rozaje.me\/\"},{\"@type\":\"ListItem\",\"position\":2,\"name\":\"Javna knjiga &#8211; 2010.\"}]},{\"@type\":\"WebSite\",\"@id\":\"https:\/\/www.rozaje.me\/#website\",\"url\":\"https:\/\/www.rozaje.me\/\",\"name\":\"Op\u0161tina Ro\u017eaje\",\"description\":\"Zvani\u010dna veb stranica Op\u0161tine Ro\u017eaje\",\"publisher\":{\"@id\":\"https:\/\/www.rozaje.me\/#organization\"},\"alternateName\":\"Opstina Rozaje\",\"potentialAction\":[{\"@type\":\"SearchAction\",\"target\":{\"@type\":\"EntryPoint\",\"urlTemplate\":\"https:\/\/www.rozaje.me\/?s={search_term_string}\"},\"query-input\":{\"@type\":\"PropertyValueSpecification\",\"valueRequired\":true,\"valueName\":\"search_term_string\"}}],\"inLanguage\":\"en-GB\"},{\"@type\":\"Organization\",\"@id\":\"https:\/\/www.rozaje.me\/#organization\",\"name\":\"Opstina Rozaje\",\"url\":\"https:\/\/www.rozaje.me\/\",\"logo\":{\"@type\":\"ImageObject\",\"inLanguage\":\"en-GB\",\"@id\":\"https:\/\/www.rozaje.me\/#\/schema\/logo\/image\/\",\"url\":\"https:\/\/www.rozaje.me\/wp-content\/uploads\/2022\/08\/logo-textless.svg\",\"contentUrl\":\"https:\/\/www.rozaje.me\/wp-content\/uploads\/2022\/08\/logo-textless.svg\",\"width\":108.00360000000000582076609134674072265625,\"height\":131.15059999999999718056642450392246246337890625,\"caption\":\"Opstina Rozaje\"},\"image\":{\"@id\":\"https:\/\/www.rozaje.me\/#\/schema\/logo\/image\/\"},\"sameAs\":[\"https:\/\/www.facebook.com\/OpstinaRozajeOfficial\/\",\"https:\/\/www.youtube.com\/channel\/UCepcislHIwc6KRZTLa6FIlg\"]}]}<\/script>\n<!-- \/ Yoast SEO plugin. -->","yoast_head_json":{"title":"Javna knjiga - 2010. - Op\u0161tina Ro\u017eaje","robots":{"index":"index","follow":"follow","max-snippet":"max-snippet:-1","max-image-preview":"max-image-preview:large","max-video-preview":"max-video-preview:-1"},"canonical":"https:\/\/www.rozaje.me\/en\/javna-knjiga-2010\/","og_locale":"en_GB","og_type":"article","og_title":"Javna knjiga - 2010. - Op\u0161tina Ro\u017eaje","og_description":"Kala\u010d Ervin, farma Rje\u0161enje \u2013 da nije potrebna procjena uticaja. D.O.O. &#8220;Kala\u010d Company&#8221; poslovni objekat Kala\u010de. Rje\u0161enje \u2013 da nije potrebna procjena uticaja. \u0160krijelj S.&#46;&#46;&#46;","og_url":"https:\/\/www.rozaje.me\/en\/javna-knjiga-2010\/","og_site_name":"Op\u0161tina Ro\u017eaje","article_publisher":"https:\/\/www.facebook.com\/OpstinaRozajeOfficial\/","article_modified_time":"2019-03-07T11:35:44+00:00","twitter_card":"summary_large_image","schema":{"@context":"https:\/\/schema.org","@graph":[{"@type":"WebPage","@id":"https:\/\/www.rozaje.me\/javna-knjiga-2010\/","url":"https:\/\/www.rozaje.me\/javna-knjiga-2010\/","name":"Javna knjiga - 2010. - Op\u0161tina Ro\u017eaje","isPartOf":{"@id":"https:\/\/www.rozaje.me\/#website"},"datePublished":"2019-03-07T11:34:21+00:00","dateModified":"2019-03-07T11:35:44+00:00","breadcrumb":{"@id":"https:\/\/www.rozaje.me\/javna-knjiga-2010\/#breadcrumb"},"inLanguage":"en-GB","potentialAction":[{"@type":"ReadAction","target":["https:\/\/www.rozaje.me\/javna-knjiga-2010\/"]}]},{"@type":"BreadcrumbList","@id":"https:\/\/www.rozaje.me\/javna-knjiga-2010\/#breadcrumb","itemListElement":[{"@type":"ListItem","position":1,"name":"Home","item":"https:\/\/www.rozaje.me\/"},{"@type":"ListItem","position":2,"name":"Javna knjiga &#8211; 2010."}]},{"@type":"WebSite","@id":"https:\/\/www.rozaje.me\/#website","url":"https:\/\/www.rozaje.me\/","name":"Municipality of Ro\u017eaje","description":"The official website of the Municipality of Ro\u017eaje","publisher":{"@id":"https:\/\/www.rozaje.me\/#organization"},"alternateName":"Opstina Rozaje","potentialAction":[{"@type":"SearchAction","target":{"@type":"EntryPoint","urlTemplate":"https:\/\/www.rozaje.me\/?s={search_term_string}"},"query-input":{"@type":"PropertyValueSpecification","valueRequired":true,"valueName":"search_term_string"}}],"inLanguage":"en-GB"},{"@type":"Organization","@id":"https:\/\/www.rozaje.me\/#organization","name":"Opstina Rozaje","url":"https:\/\/www.rozaje.me\/","logo":{"@type":"ImageObject","inLanguage":"en-GB","@id":"https:\/\/www.rozaje.me\/#\/schema\/logo\/image\/","url":"https:\/\/www.rozaje.me\/wp-content\/uploads\/2022\/08\/logo-textless.svg","contentUrl":"https:\/\/www.rozaje.me\/wp-content\/uploads\/2022\/08\/logo-textless.svg","width":108.00360000000000582076609134674072265625,"height":131.15059999999999718056642450392246246337890625,"caption":"Opstina Rozaje"},"image":{"@id":"https:\/\/www.rozaje.me\/#\/schema\/logo\/image\/"},"sameAs":["https:\/\/www.facebook.com\/OpstinaRozajeOfficial\/","https:\/\/www.youtube.com\/channel\/UCepcislHIwc6KRZTLa6FIlg"]}]}},"_links":{"self":[{"href":"https:\/\/www.rozaje.me\/en\/wp-json\/wp\/v2\/pages\/20037","targetHints":{"allow":["GET"]}}],"collection":[{"href":"https:\/\/www.rozaje.me\/en\/wp-json\/wp\/v2\/pages"}],"about":[{"href":"https:\/\/www.rozaje.me\/en\/wp-json\/wp\/v2\/types\/page"}],"author":[{"embeddable":true,"href":"https:\/\/www.rozaje.me\/en\/wp-json\/wp\/v2\/users\/11"}],"replies":[{"embeddable":true,"href":"https:\/\/www.rozaje.me\/en\/wp-json\/wp\/v2\/comments?post=20037"}],"version-history":[{"count":0,"href":"https:\/\/www.rozaje.me\/en\/wp-json\/wp\/v2\/pages\/20037\/revisions"}],"wp:attachment":[{"href":"https:\/\/www.rozaje.me\/en\/wp-json\/wp\/v2\/media?parent=20037"}],"curies":[{"name":"wp","href":"https:\/\/api.w.org\/{rel}","templated":true}]}}